{"id":14405,"date":"2020-08-18T09:10:34","date_gmt":"2020-08-18T09:10:34","guid":{"rendered":"https:\/\/redfoxlotto.com\/?page_id=14405"},"modified":"2023-05-24T17:53:02","modified_gmt":"2023-05-24T17:53:02","slug":"lotto-america","status":"publish","type":"page","link":"https:\/\/redfoxlotto.com\/sv\/lotteri\/lotto-america\/","title":{"rendered":"Om Lotto America"},"content":{"rendered":"<h2 class=\"wp-block-heading\">K\u00f6p biljetter till Lotto America online<\/h2><p><img loading=\"lazy\" decoding=\"async\" class=\" wp-image alignright\" src=\"https:\/\/content.redfoxlotto.com\/uploads\/sites\/9\/1_ticket_online_buying.jpg\" alt=\"lotto amerika biljett online\" width=\"262\" height=\"177\" \/><\/p><p>N\u00e4r det g\u00e4ller att k\u00f6pa lotter online s\u00e5 vill du se till att du kommer in p\u00e5 de b\u00e4sta spelen. Men har du ens h\u00f6rt talas om alla de olika spelen som finns d\u00e4r ute? Antagligen inte. Speciellt eftersom det finns spel i andra l\u00e4nder som Lotto America som du kan spela online.<\/p><!--more--><h2 class=\"wp-block-heading\">Vad \u00e4r Lotto America?<\/h2><p>Lotto America \u00e4r ett spel med flera stater som spelas i USA. Mer specifikt spelas det i 13 stater \u00f6ver hela landet. Men du beh\u00f6ver inte bo i en av dessa stater f\u00f6r att kunna spela. Du kan faktiskt spela var som helst i v\u00e4rlden.<\/p><p><img loading=\"lazy\" decoding=\"async\" class=\" wp-image alignright\" src=\"https:\/\/content.redfoxlotto.com\/uploads\/sites\/9\/1_usa_lottery_win.jpg\" alt=\"lotto america\" width=\"260\" height=\"172\" \/><\/p><h2 class=\"wp-block-heading\">K\u00f6p dina biljetter<\/h2><p>Om du \u00e4r intresserad av att spela Lotto America beh\u00f6ver du bara veta var du kan f\u00e5 dina biljetter. Vi kan hj\u00e4lpa dig att f\u00e5 dina biljetter till det h\u00e4r spelet eller andra lotterispel du kanske vill spela runt om i v\u00e4rlden. Allt som kr\u00e4vs \u00e4r n\u00e5gra steg f\u00f6r att komma ig\u00e5ng. Den f\u00f6rsta \u00e4r att du ska skapa ett konto med RedFoxLotto. Det \u00e4r l\u00e4tt att g\u00f6ra och det tar bara n\u00e5gra sekunder att bli helt inst\u00e4lld och redo att g\u00e5. D\u00e4rifr\u00e5n kan du b\u00f6rja bl\u00e4ddra igenom alla olika lotterispel som finns tillg\u00e4ngliga. Du kanske vill ha Lotto America eller n\u00e5got annat (eller flera olika spel). N\u00e4r du v\u00e4l har best\u00e4mt dig f\u00f6r spelet \u00e4r det dags att b\u00f6rja v\u00e4lja dina nummer. Det \u00e4r h\u00e4r du kommer att ha m\u00e5nga olika alternativ och det \u00e4r d\u00e4r den roliga delen verkligen kommer att komma ig\u00e5ng.<\/p><h2 class=\"wp-block-heading\">V\u00e4lja dina nummer<\/h2><p>Det finns fem standardnummer och ett bonusnummer med Lotto America. Du f\u00e5r v\u00e4lja vilka du vill s\u00e5 du kan f\u00e5 en kombination som du tycker \u00e4r tur eller som betyder n\u00e5got f\u00f6r dig. Men t\u00e4nk om du inte vet vilka siffror du vill ha? Eller vad h\u00e4nder om du bara har ett par specialnummer du vill spela? Det \u00e4r inget problem f\u00f6r att du kan v\u00e4lja vilka nummer du vill ha och fylla i med slumpm\u00e4ssiga nummer. Eller s\u00e5 kan du anv\u00e4nda nummergeneratorn f\u00f6r att v\u00e4lja alla dina nummer \u00e5t dig.<\/p><h2 class=\"wp-block-heading\">V\u00e4nta p\u00e5 resultaten<\/h2><p>N\u00e4r du har valt ut dina nummer kan du v\u00e4lja hur m\u00e5nga biljetter du vill ha och f\u00f6r vilka spel. Sedan kan du betala f\u00f6r biljetterna och bara v\u00e4nta p\u00e5 n\u00e4sta lotteritrekning. N\u00e4r resultaten f\u00f6r spelet kommer in kan du omedelbart se de vinnande siffrorna och hur m\u00e5nga av dina egna nummer som matchar dragresultatet.<\/p>","protected":false},"excerpt":{"rendered":"<p>K\u00f6p biljetter till Lotto America online N\u00e4r det g\u00e4ller att k\u00f6pa lotter online s\u00e5 vill du se till att du kommer in p\u00e5 de b\u00e4sta spelen. Men har du ens h\u00f6rt talas om alla de olika spelen som finns d\u00e4r ute? Antagligen inte. Speciellt eftersom det finns spel i andra l\u00e4nder som Lotto America som [&hellip;]<\/p>\n","protected":false},"author":1,"featured_media":0,"parent":5094,"menu_order":12,"comment_status":"closed","ping_status":"closed","template":"lotto-america-info.php","meta":{"_et_pb_use_builder":"","_et_pb_old_content":"","_et_gb_content_width":"","exclude_from_search":false,"footnotes":""},"class_list":["post-14405","page","type-page","status-publish","hentry"],"yoast_head":"<!-- This site is optimized with the Yoast SEO plugin v23.8 - https:\/\/yoast.com\/wordpress\/plugins\/seo\/ -->\n<title>K\u00f6p biljetter till Lotto America online<\/title>\n<meta name=\"description\" content=\"Om du vill vinna p\u00e5 Lotto America, k\u00f6p din biljett online nu!\" \/>\n<meta name=\"robots\" content=\"index, follow, max-snippet:-1, max-image-preview:large, max-video-preview:-1\" \/>\n<link rel=\"canonical\" href=\"https:\/\/redfoxlotto.com\/sv\/lotteri\/lotto-america\/\" \/>\n<meta property=\"og:locale\" content=\"sv_SE\" \/>\n<meta property=\"og:type\" content=\"article\" \/>\n<meta property=\"og:title\" content=\"K\u00f6p biljetter till Lotto America online\" \/>\n<meta property=\"og:description\" content=\"Om du vill vinna p\u00e5 Lotto America, k\u00f6p din biljett online nu!\" \/>\n<meta property=\"og:url\" content=\"https:\/\/redfoxlotto.com\/sv\/lotteri\/lotto-america\/\" \/>\n<meta property=\"og:site_name\" content=\"Get Tickets for the World\u2019s largest jackpots\" \/>\n<meta property=\"article:modified_time\" content=\"2023-05-24T17:53:02+00:00\" \/>\n<meta property=\"og:image\" content=\"https:\/\/content.redfoxlotto.com\/uploads\/sites\/9\/1_ticket_online_buying.jpg\" \/>\n<meta name=\"twitter:card\" content=\"summary_large_image\" \/>\n<meta name=\"twitter:label1\" content=\"Ber\u00e4knad l\u00e4stid\" \/>\n\t<meta name=\"twitter:data1\" content=\"3 minuter\" \/>\n<script type=\"application\/ld+json\" class=\"yoast-schema-graph\">{\"@context\":\"https:\/\/schema.org\",\"@graph\":[{\"@type\":\"WebPage\",\"@id\":\"https:\/\/redfoxlotto.com\/sv\/lotteri\/lotto-america\/\",\"url\":\"https:\/\/redfoxlotto.com\/sv\/lotteri\/lotto-america\/\",\"name\":\"K\u00f6p biljetter till Lotto America online\",\"isPartOf\":{\"@id\":\"https:\/\/redfoxlotto.com\/sv\/#website\"},\"primaryImageOfPage\":{\"@id\":\"https:\/\/redfoxlotto.com\/sv\/lotteri\/lotto-america\/#primaryimage\"},\"image\":{\"@id\":\"https:\/\/redfoxlotto.com\/sv\/lotteri\/lotto-america\/#primaryimage\"},\"thumbnailUrl\":\"https:\/\/content.redfoxlotto.com\/uploads\/sites\/9\/1_ticket_online_buying.jpg\",\"datePublished\":\"2020-08-18T09:10:34+00:00\",\"dateModified\":\"2023-05-24T17:53:02+00:00\",\"description\":\"Om du vill vinna p\u00e5 Lotto America, k\u00f6p din biljett online nu!\",\"breadcrumb\":{\"@id\":\"https:\/\/redfoxlotto.com\/sv\/lotteri\/lotto-america\/#breadcrumb\"},\"inLanguage\":\"sv-SE\",\"potentialAction\":[{\"@type\":\"ReadAction\",\"target\":[\"https:\/\/redfoxlotto.com\/sv\/lotteri\/lotto-america\/\"]}]},{\"@type\":\"ImageObject\",\"inLanguage\":\"sv-SE\",\"@id\":\"https:\/\/redfoxlotto.com\/sv\/lotteri\/lotto-america\/#primaryimage\",\"url\":\"https:\/\/content.redfoxlotto.com\/uploads\/sites\/9\/1_ticket_online_buying.jpg\",\"contentUrl\":\"https:\/\/content.redfoxlotto.com\/uploads\/sites\/9\/1_ticket_online_buying.jpg\"},{\"@type\":\"BreadcrumbList\",\"@id\":\"https:\/\/redfoxlotto.com\/sv\/lotteri\/lotto-america\/#breadcrumb\",\"itemListElement\":[{\"@type\":\"ListItem\",\"position\":1,\"name\":\"Home\",\"item\":\"https:\/\/redfoxlotto.com\/sv\/\"},{\"@type\":\"ListItem\",\"position\":2,\"name\":\"Hur man k\u00f6per lotter online &#8211; k\u00f6pprocessen\",\"item\":\"https:\/\/redfoxlotto.com\/sv\/lotteri\/\"},{\"@type\":\"ListItem\",\"position\":3,\"name\":\"Om Lotto America\"}]},{\"@type\":\"WebSite\",\"@id\":\"https:\/\/redfoxlotto.com\/sv\/#website\",\"url\":\"https:\/\/redfoxlotto.com\/sv\/\",\"name\":\"Get Tickets for the World\u2019s largest jackpots\",\"description\":\"Participate in worldwide lottery jackpots from any country\",\"publisher\":{\"@id\":\"https:\/\/redfoxlotto.com\/sv\/#organization\"},\"potentialAction\":[{\"@type\":\"SearchAction\",\"target\":{\"@type\":\"EntryPoint\",\"urlTemplate\":\"https:\/\/redfoxlotto.com\/sv\/?s={search_term_string}\"},\"query-input\":{\"@type\":\"PropertyValueSpecification\",\"valueRequired\":true,\"valueName\":\"search_term_string\"}}],\"inLanguage\":\"sv-SE\"},{\"@type\":\"Organization\",\"@id\":\"https:\/\/redfoxlotto.com\/sv\/#organization\",\"name\":\"Get Tickets for the World\u2019s largest jackpots\",\"url\":\"https:\/\/redfoxlotto.com\/sv\/\",\"logo\":{\"@type\":\"ImageObject\",\"inLanguage\":\"sv-SE\",\"@id\":\"https:\/\/redfoxlotto.com\/sv\/#\/schema\/logo\/image\/\",\"url\":\"https:\/\/redfoxlotto.com\/wp-content\/uploads\/2023\/04\/logo.png\",\"contentUrl\":\"https:\/\/redfoxlotto.com\/wp-content\/uploads\/2023\/04\/logo.png\",\"width\":269,\"height\":53,\"caption\":\"Get Tickets for the World\u2019s largest jackpots\"},\"image\":{\"@id\":\"https:\/\/redfoxlotto.com\/sv\/#\/schema\/logo\/image\/\"}}]}<\/script>\n<!-- \/ Yoast SEO plugin. -->","yoast_head_json":{"title":"K\u00f6p biljetter till Lotto America online","description":"Om du vill vinna p\u00e5 Lotto America, k\u00f6p din biljett online nu!","robots":{"index":"index","follow":"follow","max-snippet":"max-snippet:-1","max-image-preview":"max-image-preview:large","max-video-preview":"max-video-preview:-1"},"canonical":"https:\/\/redfoxlotto.com\/sv\/lotteri\/lotto-america\/","og_locale":"sv_SE","og_type":"article","og_title":"K\u00f6p biljetter till Lotto America online","og_description":"Om du vill vinna p\u00e5 Lotto America, k\u00f6p din biljett online nu!","og_url":"https:\/\/redfoxlotto.com\/sv\/lotteri\/lotto-america\/","og_site_name":"Get Tickets for the World\u2019s largest jackpots","article_modified_time":"2023-05-24T17:53:02+00:00","og_image":[{"url":"https:\/\/content.redfoxlotto.com\/uploads\/sites\/9\/1_ticket_online_buying.jpg"}],"twitter_card":"summary_large_image","twitter_misc":{"Ber\u00e4knad l\u00e4stid":"3 minuter"},"schema":{"@context":"https:\/\/schema.org","@graph":[{"@type":"WebPage","@id":"https:\/\/redfoxlotto.com\/sv\/lotteri\/lotto-america\/","url":"https:\/\/redfoxlotto.com\/sv\/lotteri\/lotto-america\/","name":"K\u00f6p biljetter till Lotto America online","isPartOf":{"@id":"https:\/\/redfoxlotto.com\/sv\/#website"},"primaryImageOfPage":{"@id":"https:\/\/redfoxlotto.com\/sv\/lotteri\/lotto-america\/#primaryimage"},"image":{"@id":"https:\/\/redfoxlotto.com\/sv\/lotteri\/lotto-america\/#primaryimage"},"thumbnailUrl":"https:\/\/content.redfoxlotto.com\/uploads\/sites\/9\/1_ticket_online_buying.jpg","datePublished":"2020-08-18T09:10:34+00:00","dateModified":"2023-05-24T17:53:02+00:00","description":"Om du vill vinna p\u00e5 Lotto America, k\u00f6p din biljett online nu!","breadcrumb":{"@id":"https:\/\/redfoxlotto.com\/sv\/lotteri\/lotto-america\/#breadcrumb"},"inLanguage":"sv-SE","potentialAction":[{"@type":"ReadAction","target":["https:\/\/redfoxlotto.com\/sv\/lotteri\/lotto-america\/"]}]},{"@type":"ImageObject","inLanguage":"sv-SE","@id":"https:\/\/redfoxlotto.com\/sv\/lotteri\/lotto-america\/#primaryimage","url":"https:\/\/content.redfoxlotto.com\/uploads\/sites\/9\/1_ticket_online_buying.jpg","contentUrl":"https:\/\/content.redfoxlotto.com\/uploads\/sites\/9\/1_ticket_online_buying.jpg"},{"@type":"BreadcrumbList","@id":"https:\/\/redfoxlotto.com\/sv\/lotteri\/lotto-america\/#breadcrumb","itemListElement":[{"@type":"ListItem","position":1,"name":"Home","item":"https:\/\/redfoxlotto.com\/sv\/"},{"@type":"ListItem","position":2,"name":"Hur man k\u00f6per lotter online &#8211; k\u00f6pprocessen","item":"https:\/\/redfoxlotto.com\/sv\/lotteri\/"},{"@type":"ListItem","position":3,"name":"Om Lotto America"}]},{"@type":"WebSite","@id":"https:\/\/redfoxlotto.com\/sv\/#website","url":"https:\/\/redfoxlotto.com\/sv\/","name":"Get Tickets for the World\u2019s largest jackpots","description":"Participate in worldwide lottery jackpots from any country","publisher":{"@id":"https:\/\/redfoxlotto.com\/sv\/#organization"},"potentialAction":[{"@type":"SearchAction","target":{"@type":"EntryPoint","urlTemplate":"https:\/\/redfoxlotto.com\/sv\/?s={search_term_string}"},"query-input":{"@type":"PropertyValueSpecification","valueRequired":true,"valueName":"search_term_string"}}],"inLanguage":"sv-SE"},{"@type":"Organization","@id":"https:\/\/redfoxlotto.com\/sv\/#organization","name":"Get Tickets for the World\u2019s largest jackpots","url":"https:\/\/redfoxlotto.com\/sv\/","logo":{"@type":"ImageObject","inLanguage":"sv-SE","@id":"https:\/\/redfoxlotto.com\/sv\/#\/schema\/logo\/image\/","url":"https:\/\/redfoxlotto.com\/wp-content\/uploads\/2023\/04\/logo.png","contentUrl":"https:\/\/redfoxlotto.com\/wp-content\/uploads\/2023\/04\/logo.png","width":269,"height":53,"caption":"Get Tickets for the World\u2019s largest jackpots"},"image":{"@id":"https:\/\/redfoxlotto.com\/sv\/#\/schema\/logo\/image\/"}}]}},"_links":{"self":[{"href":"https:\/\/redfoxlotto.com\/sv\/wp-json\/wp\/v2\/pages\/14405","targetHints":{"allow":["GET"]}}],"collection":[{"href":"https:\/\/redfoxlotto.com\/sv\/wp-json\/wp\/v2\/pages"}],"about":[{"href":"https:\/\/redfoxlotto.com\/sv\/wp-json\/wp\/v2\/types\/page"}],"author":[{"embeddable":true,"href":"https:\/\/redfoxlotto.com\/sv\/wp-json\/wp\/v2\/users\/1"}],"replies":[{"embeddable":true,"href":"https:\/\/redfoxlotto.com\/sv\/wp-json\/wp\/v2\/comments?post=14405"}],"version-history":[{"count":0,"href":"https:\/\/redfoxlotto.com\/sv\/wp-json\/wp\/v2\/pages\/14405\/revisions"}],"up":[{"embeddable":true,"href":"https:\/\/redfoxlotto.com\/sv\/wp-json\/wp\/v2\/pages\/5094"}],"wp:attachment":[{"href":"https:\/\/redfoxlotto.com\/sv\/wp-json\/wp\/v2\/media?parent=14405"}],"curies":[{"name":"wp","href":"https:\/\/api.w.org\/{rel}","templated":true}]}}