{"id":13514,"date":"2020-07-20T08:57:09","date_gmt":"2020-07-20T08:57:09","guid":{"rendered":"https:\/\/redfoxlotto.com\/?page_id=13514"},"modified":"2023-05-24T17:51:54","modified_gmt":"2023-05-24T17:51:54","slug":"mega-sena","status":"publish","type":"page","link":"https:\/\/redfoxlotto.com\/sv\/resultaten\/mega-sena\/","title":{"rendered":"Mega Sena-resultat"},"content":{"rendered":"<h2 class=\"wp-block-heading\">Mega Sena Brazil Winning Numbers<\/h2><p>Om du redan har spelat Mega Sena m\u00e5ste du veta om du har vunnit, eller hur? S\u00e5, hur kontrollerar du Mega Sena Brazil vinnande nummer? Du bes\u00f6ker bara ditt konto p\u00e5 RedFoxLotto.com. Du kommer att kunna hitta de senaste resultaten f\u00f6r spelet och om du har spelat kan du hitta dem \u00e4nnu enklare.<\/p><h2 class=\"wp-block-heading\">Kontrollera dina nummer<\/h2><p>Om du vill veta om du har vunnit p\u00e5 Mega Sena Brazil g\u00e5r du bara in p\u00e5 din biljett-sida p\u00e5 ditt konto. D\u00e4rifr\u00e5n kan du se dina siffror j\u00e4mf\u00f6rt med de vinnande numren. Det g\u00f6r det \u00e4nnu enklare f\u00f6r dig att veta vad du har vunnit och vilka siffror som var bra eller inte.<\/p><p>Men du beh\u00f6ver inte oroa dig f\u00f6r n\u00e5gonting eftersom allt du vinner kommer automatiskt att kr\u00e4vas f\u00f6r dig och sedan s\u00e4ttas in p\u00e5 ditt konto. P\u00e5 s\u00e5 s\u00e4tt kan du bara luta dig tillbaka och koppla av n\u00e4r du har k\u00f6pt din biljett. \u00c5tminstone tills det \u00e4r dags att k\u00f6pa n\u00e4sta.<\/p><h2 class=\"wp-block-heading\">Kontrollerar gamla vinnande nummer<\/h2><p><img loading=\"lazy\" decoding=\"async\" class=\" wp-image alignright\" src=\"https:\/\/content.redfoxlotto.com\/uploads\/sites\/9\/1_you_win_jackpot.jpg\" alt=\"win lotteri jackpot\" width=\"226\" height=\"226\" \/><\/p><p>Om du har en \u00e4ldre biljett som du vill kontrollera kan du g\u00f6ra det genom att titta i arkivet. Att granska gamla Mega Sena Brazil-vinnande nummer \u00e4r ocks\u00e5 bra om du planerar att satsa p\u00e5 n\u00e5gra av dessa nummer. Allt du beh\u00f6ver g\u00f6ra \u00e4r att ta en titt s\u00e5 kan du se vilka siffror som har kommit upp mer (eller mindre) ofta.<\/p>","protected":false},"excerpt":{"rendered":"<p>Mega Sena Brazil Winning Numbers Om du redan har spelat Mega Sena m\u00e5ste du veta om du har vunnit, eller hur? S\u00e5, hur kontrollerar du Mega Sena Brazil vinnande nummer? Du bes\u00f6ker bara ditt konto p\u00e5 RedFoxLotto.com. Du kommer att kunna hitta de senaste resultaten f\u00f6r spelet och om du har spelat kan du hitta [&hellip;]<\/p>\n","protected":false},"author":1,"featured_media":0,"parent":5102,"menu_order":13,"comment_status":"closed","ping_status":"closed","template":"megasena-results.php","meta":{"_et_pb_use_builder":"","_et_pb_old_content":"","_et_gb_content_width":"","exclude_from_search":false,"footnotes":""},"class_list":["post-13514","page","type-page","status-publish","hentry"],"yoast_head":"<!-- This site is optimized with the Yoast SEO plugin v27.3 - https:\/\/yoast.com\/product\/yoast-seo-wordpress\/ -->\n<title>Vinnande nummer Mega Sena | Rita resultat f\u00f6r Brasiliens Mega Sena<\/title>\n<meta name=\"description\" content=\"Kontrollera de senaste och tidigare vinnande siffrorna f\u00f6r Mega Sena\" \/>\n<meta name=\"robots\" content=\"index, follow, max-snippet:-1, max-image-preview:large, max-video-preview:-1\" \/>\n<link rel=\"canonical\" href=\"https:\/\/redfoxlotto.com\/sv\/resultaten\/mega-sena\/\" \/>\n<meta property=\"og:locale\" content=\"sv_SE\" \/>\n<meta property=\"og:type\" content=\"article\" \/>\n<meta property=\"og:title\" content=\"Vinnande nummer Mega Sena | Rita resultat f\u00f6r Brasiliens Mega Sena\" \/>\n<meta property=\"og:description\" content=\"Kontrollera de senaste och tidigare vinnande siffrorna f\u00f6r Mega Sena\" \/>\n<meta property=\"og:url\" content=\"https:\/\/redfoxlotto.com\/sv\/resultaten\/mega-sena\/\" \/>\n<meta property=\"og:site_name\" content=\"Get Tickets for the World\u2019s largest jackpots\" \/>\n<meta property=\"article:modified_time\" content=\"2023-05-24T17:51:54+00:00\" \/>\n<meta property=\"og:image\" content=\"https:\/\/content.redfoxlotto.com\/uploads\/sites\/9\/1_you_win_jackpot.jpg\" \/>\n<meta name=\"twitter:card\" content=\"summary_large_image\" \/>\n<meta name=\"twitter:label1\" content=\"Ber\u00e4knad l\u00e4stid\" \/>\n\t<meta name=\"twitter:data1\" content=\"2 minuter\" \/>\n<script type=\"application\/ld+json\" class=\"yoast-schema-graph\">{\"@context\":\"https:\\\/\\\/schema.org\",\"@graph\":[{\"@type\":\"WebPage\",\"@id\":\"https:\\\/\\\/redfoxlotto.com\\\/sv\\\/resultaten\\\/mega-sena\\\/\",\"url\":\"https:\\\/\\\/redfoxlotto.com\\\/sv\\\/resultaten\\\/mega-sena\\\/\",\"name\":\"Vinnande nummer Mega Sena | Rita resultat f\u00f6r Brasiliens Mega Sena\",\"isPartOf\":{\"@id\":\"https:\\\/\\\/redfoxlotto.com\\\/sv\\\/#website\"},\"primaryImageOfPage\":{\"@id\":\"https:\\\/\\\/redfoxlotto.com\\\/sv\\\/resultaten\\\/mega-sena\\\/#primaryimage\"},\"image\":{\"@id\":\"https:\\\/\\\/redfoxlotto.com\\\/sv\\\/resultaten\\\/mega-sena\\\/#primaryimage\"},\"thumbnailUrl\":\"https:\\\/\\\/content.redfoxlotto.com\\\/uploads\\\/sites\\\/9\\\/1_you_win_jackpot.jpg\",\"datePublished\":\"2020-07-20T08:57:09+00:00\",\"dateModified\":\"2023-05-24T17:51:54+00:00\",\"description\":\"Kontrollera de senaste och tidigare vinnande siffrorna f\u00f6r Mega Sena\",\"breadcrumb\":{\"@id\":\"https:\\\/\\\/redfoxlotto.com\\\/sv\\\/resultaten\\\/mega-sena\\\/#breadcrumb\"},\"inLanguage\":\"sv-SE\",\"potentialAction\":[{\"@type\":\"ReadAction\",\"target\":[\"https:\\\/\\\/redfoxlotto.com\\\/sv\\\/resultaten\\\/mega-sena\\\/\"]}]},{\"@type\":\"ImageObject\",\"inLanguage\":\"sv-SE\",\"@id\":\"https:\\\/\\\/redfoxlotto.com\\\/sv\\\/resultaten\\\/mega-sena\\\/#primaryimage\",\"url\":\"https:\\\/\\\/content.redfoxlotto.com\\\/uploads\\\/sites\\\/9\\\/1_you_win_jackpot.jpg\",\"contentUrl\":\"https:\\\/\\\/content.redfoxlotto.com\\\/uploads\\\/sites\\\/9\\\/1_you_win_jackpot.jpg\"},{\"@type\":\"BreadcrumbList\",\"@id\":\"https:\\\/\\\/redfoxlotto.com\\\/sv\\\/resultaten\\\/mega-sena\\\/#breadcrumb\",\"itemListElement\":[{\"@type\":\"ListItem\",\"position\":1,\"name\":\"Home\",\"item\":\"https:\\\/\\\/redfoxlotto.com\\\/sv\\\/\"},{\"@type\":\"ListItem\",\"position\":2,\"name\":\"Internationellt lotteri Resultat\",\"item\":\"https:\\\/\\\/redfoxlotto.com\\\/sv\\\/resultaten\\\/\"},{\"@type\":\"ListItem\",\"position\":3,\"name\":\"Mega Sena-resultat\"}]},{\"@type\":\"WebSite\",\"@id\":\"https:\\\/\\\/redfoxlotto.com\\\/sv\\\/#website\",\"url\":\"https:\\\/\\\/redfoxlotto.com\\\/sv\\\/\",\"name\":\"Get Tickets for the World\u2019s largest jackpots\",\"description\":\"Participate in worldwide lottery jackpots from any country\",\"publisher\":{\"@id\":\"https:\\\/\\\/redfoxlotto.com\\\/sv\\\/#organization\"},\"potentialAction\":[{\"@type\":\"SearchAction\",\"target\":{\"@type\":\"EntryPoint\",\"urlTemplate\":\"https:\\\/\\\/redfoxlotto.com\\\/sv\\\/?s={search_term_string}\"},\"query-input\":{\"@type\":\"PropertyValueSpecification\",\"valueRequired\":true,\"valueName\":\"search_term_string\"}}],\"inLanguage\":\"sv-SE\"},{\"@type\":\"Organization\",\"@id\":\"https:\\\/\\\/redfoxlotto.com\\\/sv\\\/#organization\",\"name\":\"Get Tickets for the World\u2019s largest jackpots\",\"url\":\"https:\\\/\\\/redfoxlotto.com\\\/sv\\\/\",\"logo\":{\"@type\":\"ImageObject\",\"inLanguage\":\"sv-SE\",\"@id\":\"https:\\\/\\\/redfoxlotto.com\\\/sv\\\/#\\\/schema\\\/logo\\\/image\\\/\",\"url\":\"https:\\\/\\\/redfoxlotto.com\\\/wp-content\\\/uploads\\\/2023\\\/04\\\/logo.png\",\"contentUrl\":\"https:\\\/\\\/redfoxlotto.com\\\/wp-content\\\/uploads\\\/2023\\\/04\\\/logo.png\",\"width\":269,\"height\":53,\"caption\":\"Get Tickets for the World\u2019s largest jackpots\"},\"image\":{\"@id\":\"https:\\\/\\\/redfoxlotto.com\\\/sv\\\/#\\\/schema\\\/logo\\\/image\\\/\"}}]}<\/script>\n<!-- \/ Yoast SEO plugin. -->","yoast_head_json":{"title":"Vinnande nummer Mega Sena | Rita resultat f\u00f6r Brasiliens Mega Sena","description":"Kontrollera de senaste och tidigare vinnande siffrorna f\u00f6r Mega Sena","robots":{"index":"index","follow":"follow","max-snippet":"max-snippet:-1","max-image-preview":"max-image-preview:large","max-video-preview":"max-video-preview:-1"},"canonical":"https:\/\/redfoxlotto.com\/sv\/resultaten\/mega-sena\/","og_locale":"sv_SE","og_type":"article","og_title":"Vinnande nummer Mega Sena | Rita resultat f\u00f6r Brasiliens Mega Sena","og_description":"Kontrollera de senaste och tidigare vinnande siffrorna f\u00f6r Mega Sena","og_url":"https:\/\/redfoxlotto.com\/sv\/resultaten\/mega-sena\/","og_site_name":"Get Tickets for the World\u2019s largest jackpots","article_modified_time":"2023-05-24T17:51:54+00:00","og_image":[{"url":"https:\/\/content.redfoxlotto.com\/uploads\/sites\/9\/1_you_win_jackpot.jpg","type":"","width":"","height":""}],"twitter_card":"summary_large_image","twitter_misc":{"Ber\u00e4knad l\u00e4stid":"2 minuter"},"schema":{"@context":"https:\/\/schema.org","@graph":[{"@type":"WebPage","@id":"https:\/\/redfoxlotto.com\/sv\/resultaten\/mega-sena\/","url":"https:\/\/redfoxlotto.com\/sv\/resultaten\/mega-sena\/","name":"Vinnande nummer Mega Sena | Rita resultat f\u00f6r Brasiliens Mega Sena","isPartOf":{"@id":"https:\/\/redfoxlotto.com\/sv\/#website"},"primaryImageOfPage":{"@id":"https:\/\/redfoxlotto.com\/sv\/resultaten\/mega-sena\/#primaryimage"},"image":{"@id":"https:\/\/redfoxlotto.com\/sv\/resultaten\/mega-sena\/#primaryimage"},"thumbnailUrl":"https:\/\/content.redfoxlotto.com\/uploads\/sites\/9\/1_you_win_jackpot.jpg","datePublished":"2020-07-20T08:57:09+00:00","dateModified":"2023-05-24T17:51:54+00:00","description":"Kontrollera de senaste och tidigare vinnande siffrorna f\u00f6r Mega Sena","breadcrumb":{"@id":"https:\/\/redfoxlotto.com\/sv\/resultaten\/mega-sena\/#breadcrumb"},"inLanguage":"sv-SE","potentialAction":[{"@type":"ReadAction","target":["https:\/\/redfoxlotto.com\/sv\/resultaten\/mega-sena\/"]}]},{"@type":"ImageObject","inLanguage":"sv-SE","@id":"https:\/\/redfoxlotto.com\/sv\/resultaten\/mega-sena\/#primaryimage","url":"https:\/\/content.redfoxlotto.com\/uploads\/sites\/9\/1_you_win_jackpot.jpg","contentUrl":"https:\/\/content.redfoxlotto.com\/uploads\/sites\/9\/1_you_win_jackpot.jpg"},{"@type":"BreadcrumbList","@id":"https:\/\/redfoxlotto.com\/sv\/resultaten\/mega-sena\/#breadcrumb","itemListElement":[{"@type":"ListItem","position":1,"name":"Home","item":"https:\/\/redfoxlotto.com\/sv\/"},{"@type":"ListItem","position":2,"name":"Internationellt lotteri Resultat","item":"https:\/\/redfoxlotto.com\/sv\/resultaten\/"},{"@type":"ListItem","position":3,"name":"Mega Sena-resultat"}]},{"@type":"WebSite","@id":"https:\/\/redfoxlotto.com\/sv\/#website","url":"https:\/\/redfoxlotto.com\/sv\/","name":"Get Tickets for the World\u2019s largest jackpots","description":"Participate in worldwide lottery jackpots from any country","publisher":{"@id":"https:\/\/redfoxlotto.com\/sv\/#organization"},"potentialAction":[{"@type":"SearchAction","target":{"@type":"EntryPoint","urlTemplate":"https:\/\/redfoxlotto.com\/sv\/?s={search_term_string}"},"query-input":{"@type":"PropertyValueSpecification","valueRequired":true,"valueName":"search_term_string"}}],"inLanguage":"sv-SE"},{"@type":"Organization","@id":"https:\/\/redfoxlotto.com\/sv\/#organization","name":"Get Tickets for the World\u2019s largest jackpots","url":"https:\/\/redfoxlotto.com\/sv\/","logo":{"@type":"ImageObject","inLanguage":"sv-SE","@id":"https:\/\/redfoxlotto.com\/sv\/#\/schema\/logo\/image\/","url":"https:\/\/redfoxlotto.com\/wp-content\/uploads\/2023\/04\/logo.png","contentUrl":"https:\/\/redfoxlotto.com\/wp-content\/uploads\/2023\/04\/logo.png","width":269,"height":53,"caption":"Get Tickets for the World\u2019s largest jackpots"},"image":{"@id":"https:\/\/redfoxlotto.com\/sv\/#\/schema\/logo\/image\/"}}]}},"_links":{"self":[{"href":"https:\/\/redfoxlotto.com\/sv\/wp-json\/wp\/v2\/pages\/13514","targetHints":{"allow":["GET"]}}],"collection":[{"href":"https:\/\/redfoxlotto.com\/sv\/wp-json\/wp\/v2\/pages"}],"about":[{"href":"https:\/\/redfoxlotto.com\/sv\/wp-json\/wp\/v2\/types\/page"}],"author":[{"embeddable":true,"href":"https:\/\/redfoxlotto.com\/sv\/wp-json\/wp\/v2\/users\/1"}],"replies":[{"embeddable":true,"href":"https:\/\/redfoxlotto.com\/sv\/wp-json\/wp\/v2\/comments?post=13514"}],"version-history":[{"count":0,"href":"https:\/\/redfoxlotto.com\/sv\/wp-json\/wp\/v2\/pages\/13514\/revisions"}],"up":[{"embeddable":true,"href":"https:\/\/redfoxlotto.com\/sv\/wp-json\/wp\/v2\/pages\/5102"}],"wp:attachment":[{"href":"https:\/\/redfoxlotto.com\/sv\/wp-json\/wp\/v2\/media?parent=13514"}],"curies":[{"name":"wp","href":"https:\/\/api.w.org\/{rel}","templated":true}]}}