{"id":13478,"date":"2020-08-18T09:14:14","date_gmt":"2020-08-18T09:14:14","guid":{"rendered":"https:\/\/redfoxlotto.com\/?page_id=13478"},"modified":"2023-05-24T17:51:49","modified_gmt":"2023-05-24T17:51:49","slug":"lotto-at","status":"publish","type":"page","link":"https:\/\/redfoxlotto.com\/sv\/resultaten\/lotto-at\/","title":{"rendered":"Lotto \u00d6sterrike Resultat"},"content":{"rendered":"<h2 class=\"wp-block-heading\">\u00d6sterrikiska Lotto-vinnande nummer<\/h2><p>Var ska du hitta de \u00f6sterrikiska Lotto-vinnande siffrorna efter att ritningen \u00e4r \u00f6ver? Allt du beh\u00f6ver g\u00f6ra \u00e4r att logga in p\u00e5 v\u00e5r webbplats d\u00e4r du k\u00f6pte dina biljetter och numren finns d\u00e4r f\u00f6r dig.<\/p><h2 class=\"wp-block-heading\">Kontrollera de senaste resultaten<\/h2><p>Med RedFoxLotto.com kan du hitta de senaste resultaten f\u00f6r alla dina favoritspel tillg\u00e4ngliga direkt p\u00e5 v\u00e5r webbplats. Du beh\u00f6ver inte oroa dig f\u00f6r en sak eftersom det kommer att vara r\u00e4tt d\u00e4r. Men om du har k\u00f6pt dina egna biljetter kommer det faktiskt att bli \u00e4nnu l\u00e4ttare att hitta r\u00e4tt resultat<\/p><h2 class=\"wp-block-heading\">Kontrollera dina resultat<\/h2><p>Om dina biljetter har det \u00f6sterrikiska Lotto-vinnande numret vet du det direkt. Det beror p\u00e5 att du bara loggar in p\u00e5 ditt personliga konto, kolla in &#8221;mina biljetter&#8221; och se vilka nummer som matchar de vinnande numren fr\u00e5n de senaste ritningarna.<\/p><p>Alla biljetter som du k\u00f6per f\u00f6r vilket spel som helst kommer att finnas tillg\u00e4ngliga h\u00e4r och du kan se vilka nummer du har gemensamt med den vinnande biljetten och vad du kanske har vunnit. Om det \u00e4r ett belopp upp till 2500,00 \u20ac kommer det till och med att deponeras p\u00e5 ditt konto f\u00f6r dig direkt.<\/p><h2 class=\"wp-block-heading\">\u00d6sterrikiska lotto-resultatarkiv<\/h2><p>N\u00e4r du v\u00e4l k\u00e4nner till de nuvarande \u00f6sterrikiska Lotto-vinnande siffrorna kanske du vill veta n\u00e5gra av de gamla. Allt du beh\u00f6ver g\u00f6ra \u00e4r att kolla in resultatarkivet och du kan se vilka nummer som vunnit tidigare och vilka som brukar vinna oftast.<\/p>","protected":false},"excerpt":{"rendered":"<p>\u00d6sterrikiska Lotto-vinnande nummer Var ska du hitta de \u00f6sterrikiska Lotto-vinnande siffrorna efter att ritningen \u00e4r \u00f6ver? Allt du beh\u00f6ver g\u00f6ra \u00e4r att logga in p\u00e5 v\u00e5r webbplats d\u00e4r du k\u00f6pte dina biljetter och numren finns d\u00e4r f\u00f6r dig. Kontrollera de senaste resultaten Med RedFoxLotto.com kan du hitta de senaste resultaten f\u00f6r alla dina favoritspel tillg\u00e4ngliga [&hellip;]<\/p>\n","protected":false},"author":1,"featured_media":0,"parent":5102,"menu_order":16,"comment_status":"closed","ping_status":"closed","template":"","meta":{"_et_pb_use_builder":"","_et_pb_old_content":"","_et_gb_content_width":"","exclude_from_search":false,"footnotes":""},"class_list":["post-13478","page","type-page","status-publish","hentry"],"yoast_head":"<!-- This site is optimized with the Yoast SEO plugin v23.8 - https:\/\/yoast.com\/wordpress\/plugins\/seo\/ -->\n<title>Vinnande nummer och resultat f\u00f6r det \u00f6sterrikiska lotteriet<\/title>\n<meta name=\"description\" content=\"Veckans nya och tidigare dragresultat f\u00f6r det \u00f6sterrikiska lotteriet\" \/>\n<meta name=\"robots\" content=\"index, follow, max-snippet:-1, max-image-preview:large, max-video-preview:-1\" \/>\n<link rel=\"canonical\" href=\"https:\/\/redfoxlotto.com\/sv\/resultaten\/lotto-at\/\" \/>\n<meta property=\"og:locale\" content=\"sv_SE\" \/>\n<meta property=\"og:type\" content=\"article\" \/>\n<meta property=\"og:title\" content=\"Vinnande nummer och resultat f\u00f6r det \u00f6sterrikiska lotteriet\" \/>\n<meta property=\"og:description\" content=\"Veckans nya och tidigare dragresultat f\u00f6r det \u00f6sterrikiska lotteriet\" \/>\n<meta property=\"og:url\" content=\"https:\/\/redfoxlotto.com\/sv\/resultaten\/lotto-at\/\" \/>\n<meta property=\"og:site_name\" content=\"Get Tickets for the World\u2019s largest jackpots\" \/>\n<meta property=\"article:modified_time\" content=\"2023-05-24T17:51:49+00:00\" \/>\n<meta name=\"twitter:card\" content=\"summary_large_image\" \/>\n<meta name=\"twitter:label1\" content=\"Ber\u00e4knad l\u00e4stid\" \/>\n\t<meta name=\"twitter:data1\" content=\"1 minut\" \/>\n<script type=\"application\/ld+json\" class=\"yoast-schema-graph\">{\"@context\":\"https:\/\/schema.org\",\"@graph\":[{\"@type\":\"WebPage\",\"@id\":\"https:\/\/redfoxlotto.com\/sv\/resultaten\/lotto-at\/\",\"url\":\"https:\/\/redfoxlotto.com\/sv\/resultaten\/lotto-at\/\",\"name\":\"Vinnande nummer och resultat f\u00f6r det \u00f6sterrikiska lotteriet\",\"isPartOf\":{\"@id\":\"https:\/\/redfoxlotto.com\/sv\/#website\"},\"datePublished\":\"2020-08-18T09:14:14+00:00\",\"dateModified\":\"2023-05-24T17:51:49+00:00\",\"description\":\"Veckans nya och tidigare dragresultat f\u00f6r det \u00f6sterrikiska lotteriet\",\"breadcrumb\":{\"@id\":\"https:\/\/redfoxlotto.com\/sv\/resultaten\/lotto-at\/#breadcrumb\"},\"inLanguage\":\"sv-SE\",\"potentialAction\":[{\"@type\":\"ReadAction\",\"target\":[\"https:\/\/redfoxlotto.com\/sv\/resultaten\/lotto-at\/\"]}]},{\"@type\":\"BreadcrumbList\",\"@id\":\"https:\/\/redfoxlotto.com\/sv\/resultaten\/lotto-at\/#breadcrumb\",\"itemListElement\":[{\"@type\":\"ListItem\",\"position\":1,\"name\":\"Home\",\"item\":\"https:\/\/redfoxlotto.com\/sv\/\"},{\"@type\":\"ListItem\",\"position\":2,\"name\":\"Internationellt lotteri Resultat\",\"item\":\"https:\/\/redfoxlotto.com\/sv\/resultaten\/\"},{\"@type\":\"ListItem\",\"position\":3,\"name\":\"Lotto \u00d6sterrike Resultat\"}]},{\"@type\":\"WebSite\",\"@id\":\"https:\/\/redfoxlotto.com\/sv\/#website\",\"url\":\"https:\/\/redfoxlotto.com\/sv\/\",\"name\":\"Get Tickets for the World\u2019s largest jackpots\",\"description\":\"Participate in worldwide lottery jackpots from any country\",\"publisher\":{\"@id\":\"https:\/\/redfoxlotto.com\/sv\/#organization\"},\"potentialAction\":[{\"@type\":\"SearchAction\",\"target\":{\"@type\":\"EntryPoint\",\"urlTemplate\":\"https:\/\/redfoxlotto.com\/sv\/?s={search_term_string}\"},\"query-input\":{\"@type\":\"PropertyValueSpecification\",\"valueRequired\":true,\"valueName\":\"search_term_string\"}}],\"inLanguage\":\"sv-SE\"},{\"@type\":\"Organization\",\"@id\":\"https:\/\/redfoxlotto.com\/sv\/#organization\",\"name\":\"Get Tickets for the World\u2019s largest jackpots\",\"url\":\"https:\/\/redfoxlotto.com\/sv\/\",\"logo\":{\"@type\":\"ImageObject\",\"inLanguage\":\"sv-SE\",\"@id\":\"https:\/\/redfoxlotto.com\/sv\/#\/schema\/logo\/image\/\",\"url\":\"https:\/\/redfoxlotto.com\/wp-content\/uploads\/2023\/04\/logo.png\",\"contentUrl\":\"https:\/\/redfoxlotto.com\/wp-content\/uploads\/2023\/04\/logo.png\",\"width\":269,\"height\":53,\"caption\":\"Get Tickets for the World\u2019s largest jackpots\"},\"image\":{\"@id\":\"https:\/\/redfoxlotto.com\/sv\/#\/schema\/logo\/image\/\"}}]}<\/script>\n<!-- \/ Yoast SEO plugin. -->","yoast_head_json":{"title":"Vinnande nummer och resultat f\u00f6r det \u00f6sterrikiska lotteriet","description":"Veckans nya och tidigare dragresultat f\u00f6r det \u00f6sterrikiska lotteriet","robots":{"index":"index","follow":"follow","max-snippet":"max-snippet:-1","max-image-preview":"max-image-preview:large","max-video-preview":"max-video-preview:-1"},"canonical":"https:\/\/redfoxlotto.com\/sv\/resultaten\/lotto-at\/","og_locale":"sv_SE","og_type":"article","og_title":"Vinnande nummer och resultat f\u00f6r det \u00f6sterrikiska lotteriet","og_description":"Veckans nya och tidigare dragresultat f\u00f6r det \u00f6sterrikiska lotteriet","og_url":"https:\/\/redfoxlotto.com\/sv\/resultaten\/lotto-at\/","og_site_name":"Get Tickets for the World\u2019s largest jackpots","article_modified_time":"2023-05-24T17:51:49+00:00","twitter_card":"summary_large_image","twitter_misc":{"Ber\u00e4knad l\u00e4stid":"1 minut"},"schema":{"@context":"https:\/\/schema.org","@graph":[{"@type":"WebPage","@id":"https:\/\/redfoxlotto.com\/sv\/resultaten\/lotto-at\/","url":"https:\/\/redfoxlotto.com\/sv\/resultaten\/lotto-at\/","name":"Vinnande nummer och resultat f\u00f6r det \u00f6sterrikiska lotteriet","isPartOf":{"@id":"https:\/\/redfoxlotto.com\/sv\/#website"},"datePublished":"2020-08-18T09:14:14+00:00","dateModified":"2023-05-24T17:51:49+00:00","description":"Veckans nya och tidigare dragresultat f\u00f6r det \u00f6sterrikiska lotteriet","breadcrumb":{"@id":"https:\/\/redfoxlotto.com\/sv\/resultaten\/lotto-at\/#breadcrumb"},"inLanguage":"sv-SE","potentialAction":[{"@type":"ReadAction","target":["https:\/\/redfoxlotto.com\/sv\/resultaten\/lotto-at\/"]}]},{"@type":"BreadcrumbList","@id":"https:\/\/redfoxlotto.com\/sv\/resultaten\/lotto-at\/#breadcrumb","itemListElement":[{"@type":"ListItem","position":1,"name":"Home","item":"https:\/\/redfoxlotto.com\/sv\/"},{"@type":"ListItem","position":2,"name":"Internationellt lotteri Resultat","item":"https:\/\/redfoxlotto.com\/sv\/resultaten\/"},{"@type":"ListItem","position":3,"name":"Lotto \u00d6sterrike Resultat"}]},{"@type":"WebSite","@id":"https:\/\/redfoxlotto.com\/sv\/#website","url":"https:\/\/redfoxlotto.com\/sv\/","name":"Get Tickets for the World\u2019s largest jackpots","description":"Participate in worldwide lottery jackpots from any country","publisher":{"@id":"https:\/\/redfoxlotto.com\/sv\/#organization"},"potentialAction":[{"@type":"SearchAction","target":{"@type":"EntryPoint","urlTemplate":"https:\/\/redfoxlotto.com\/sv\/?s={search_term_string}"},"query-input":{"@type":"PropertyValueSpecification","valueRequired":true,"valueName":"search_term_string"}}],"inLanguage":"sv-SE"},{"@type":"Organization","@id":"https:\/\/redfoxlotto.com\/sv\/#organization","name":"Get Tickets for the World\u2019s largest jackpots","url":"https:\/\/redfoxlotto.com\/sv\/","logo":{"@type":"ImageObject","inLanguage":"sv-SE","@id":"https:\/\/redfoxlotto.com\/sv\/#\/schema\/logo\/image\/","url":"https:\/\/redfoxlotto.com\/wp-content\/uploads\/2023\/04\/logo.png","contentUrl":"https:\/\/redfoxlotto.com\/wp-content\/uploads\/2023\/04\/logo.png","width":269,"height":53,"caption":"Get Tickets for the World\u2019s largest jackpots"},"image":{"@id":"https:\/\/redfoxlotto.com\/sv\/#\/schema\/logo\/image\/"}}]}},"_links":{"self":[{"href":"https:\/\/redfoxlotto.com\/sv\/wp-json\/wp\/v2\/pages\/13478","targetHints":{"allow":["GET"]}}],"collection":[{"href":"https:\/\/redfoxlotto.com\/sv\/wp-json\/wp\/v2\/pages"}],"about":[{"href":"https:\/\/redfoxlotto.com\/sv\/wp-json\/wp\/v2\/types\/page"}],"author":[{"embeddable":true,"href":"https:\/\/redfoxlotto.com\/sv\/wp-json\/wp\/v2\/users\/1"}],"replies":[{"embeddable":true,"href":"https:\/\/redfoxlotto.com\/sv\/wp-json\/wp\/v2\/comments?post=13478"}],"version-history":[{"count":0,"href":"https:\/\/redfoxlotto.com\/sv\/wp-json\/wp\/v2\/pages\/13478\/revisions"}],"up":[{"embeddable":true,"href":"https:\/\/redfoxlotto.com\/sv\/wp-json\/wp\/v2\/pages\/5102"}],"wp:attachment":[{"href":"https:\/\/redfoxlotto.com\/sv\/wp-json\/wp\/v2\/media?parent=13478"}],"curies":[{"name":"wp","href":"https:\/\/api.w.org\/{rel}","templated":true}]}}