{"id":13441,"date":"2020-08-18T09:11:18","date_gmt":"2020-08-18T09:11:18","guid":{"rendered":"https:\/\/redfoxlotto.com\/?page_id=13441"},"modified":"2023-05-24T17:51:41","modified_gmt":"2023-05-24T17:51:41","slug":"lotto-america","status":"publish","type":"page","link":"https:\/\/redfoxlotto.com\/sv\/resultaten\/lotto-america\/","title":{"rendered":"Lotto America-resultat"},"content":{"rendered":"<h2 class=\"wp-block-heading\">Kontrollera resultaten och se om du vann Lotto America?<\/h2><p><img loading=\"lazy\" decoding=\"async\" class=\" wp-image alignright\" src=\"https:\/\/content.redfoxlotto.com\/uploads\/sites\/9\/1_draw_results_lotto.jpg\" alt=\"draw results lotto america\" width=\"259\" height=\"183\" \/><\/p><p>N\u00e4r du har valt ut dina nummer och har k\u00f6pt din biljett, hur ska du veta om du verkligen har vunnit? Det \u00e4r ganska enkelt. Allt du beh\u00f6ver g\u00f6ra \u00e4r att kolla in RedFoxLotto. Om du inte k\u00f6pte biljetter kan du fortfarande se vinnande siffror f\u00f6r alla de senaste spelen, vilket inneb\u00e4r att du kan ta reda p\u00e5 var oddsen \u00e4r b\u00e4st f\u00f6r dig.<\/p><p>Om du spelade kan du logga in direkt p\u00e5 ditt konto f\u00f6r att se vinnande nummer och hur dina biljetter j\u00e4mf\u00f6rs. Du kan se alla matchande nummer som du kan ha s\u00e5 att du kan se vilka vinster du har r\u00e4tt till. Inte f\u00f6r att du beh\u00f6ver oroa dig f\u00f6r det eftersom RedFoxLotto tar hand om den delen ocks\u00e5 f\u00f6r dig.<\/p><h2 class=\"wp-block-heading\">Att vinna Lotto America<\/h2><p><img loading=\"lazy\" decoding=\"async\" class=\" wp-image alignright\" src=\"https:\/\/content.redfoxlotto.com\/uploads\/sites\/9\/1_winner_lottery1.jpg\" alt=\"vinnarlotteri amerika\" width=\"222\" height=\"148\" \/><\/p><p>Om du vinner Lotto America eller n\u00e5got annat lotteri online, har det tagits hand om dig. Sm\u00e5 priser betalas ut omedelbart, s\u00e5 snart resultaten kommer in. Du beh\u00f6ver inte g\u00f6ra n\u00e5gonting f\u00f6r att kr\u00e4va dessa priser. Och de l\u00e4ggs direkt p\u00e5 ditt konto s\u00e5 att du kan ta ut pengarna eller s\u00e5 kan du k\u00f6pa en annan biljett.<br><\/p><p>Om du vinner st\u00f6rre priser kommer det att finnas krav beroende p\u00e5 det lotteri du spelar. Om s\u00e5 \u00e4r fallet, f\u00f6renklas allt s\u00e5 mycket som m\u00f6jligt f\u00f6r dig f\u00f6r att se till att du kan f\u00e5 dina vinster med mindre kr\u00e5ngel. Vi tar hand om hela processen. P\u00e5 s\u00e5 s\u00e4tt kan du f\u00e5 dina pengar s\u00e5 snabbt som m\u00f6jligt.<\/p><p>F\u00f6r jackpotpriser m\u00e5ste du fylla i pappersarbete eller skicka in n\u00e5gon form av verifiering. Om s\u00e5 \u00e4r fallet g\u00f6r RedFoxLotto det s\u00e5 enkelt som m\u00f6jligt f\u00f6r dig att veta vad du ska g\u00f6ra. Och det fungerar f\u00f6r alla lotterispel som du kan vinna fr\u00e5n Lotto America till n\u00e5gon av de andra som finns p\u00e5 webbplatsen.<\/p><h2 class=\"wp-block-heading\">Spelar igen<\/h2><p>N\u00e4r du \u00e4r redo kan du ta dina vinster (eller s\u00e4tta in mer pengar) och b\u00f6rja k\u00f6pa biljetter till n\u00e4sta omg\u00e5ng spel du vill spela. Du kanske till och med blir f\u00f6rv\u00e5nad \u00f6ver hur m\u00e5nga olika spel det finns och hur mycket du kan vinna. Men du kommer inte bli f\u00f6rv\u00e5nad \u00f6ver hur kul det \u00e4r f\u00f6r dig att spela alla dessa olika spel f\u00f6r dig sj\u00e4lv.<\/p>","protected":false},"excerpt":{"rendered":"<p>Kontrollera resultaten och se om du vann Lotto America? N\u00e4r du har valt ut dina nummer och har k\u00f6pt din biljett, hur ska du veta om du verkligen har vunnit? Det \u00e4r ganska enkelt. Allt du beh\u00f6ver g\u00f6ra \u00e4r att kolla in RedFoxLotto. Om du inte k\u00f6pte biljetter kan du fortfarande se vinnande siffror f\u00f6r [&hellip;]<\/p>\n","protected":false},"author":1,"featured_media":0,"parent":5102,"menu_order":12,"comment_status":"closed","ping_status":"closed","template":"lotto-america-results.php","meta":{"_et_pb_use_builder":"","_et_pb_old_content":"","_et_gb_content_width":"","exclude_from_search":false,"footnotes":""},"class_list":["post-13441","page","type-page","status-publish","hentry"],"yoast_head":"<!-- This site is optimized with the Yoast SEO plugin v27.3 - https:\/\/yoast.com\/product\/yoast-seo-wordpress\/ -->\n<title>Lotto America drar resultat och vinner siffror<\/title>\n<meta name=\"description\" content=\"Denna veckas vinnande nummer i Lotto America samt ett resultatarkiv\" \/>\n<meta name=\"robots\" content=\"index, follow, max-snippet:-1, max-image-preview:large, max-video-preview:-1\" \/>\n<link rel=\"canonical\" href=\"https:\/\/redfoxlotto.com\/sv\/resultaten\/lotto-america\/\" \/>\n<meta property=\"og:locale\" content=\"sv_SE\" \/>\n<meta property=\"og:type\" content=\"article\" \/>\n<meta property=\"og:title\" content=\"Lotto America drar resultat och vinner siffror\" \/>\n<meta property=\"og:description\" content=\"Denna veckas vinnande nummer i Lotto America samt ett resultatarkiv\" \/>\n<meta property=\"og:url\" content=\"https:\/\/redfoxlotto.com\/sv\/resultaten\/lotto-america\/\" \/>\n<meta property=\"og:site_name\" content=\"Get Tickets for the World\u2019s largest jackpots\" \/>\n<meta property=\"article:modified_time\" content=\"2023-05-24T17:51:41+00:00\" \/>\n<meta property=\"og:image\" content=\"https:\/\/content.redfoxlotto.com\/uploads\/sites\/9\/1_draw_results_lotto.jpg\" \/>\n<meta name=\"twitter:card\" content=\"summary_large_image\" \/>\n<meta name=\"twitter:label1\" content=\"Ber\u00e4knad l\u00e4stid\" \/>\n\t<meta name=\"twitter:data1\" content=\"3 minuter\" \/>\n<script type=\"application\/ld+json\" class=\"yoast-schema-graph\">{\"@context\":\"https:\\\/\\\/schema.org\",\"@graph\":[{\"@type\":\"WebPage\",\"@id\":\"https:\\\/\\\/redfoxlotto.com\\\/sv\\\/resultaten\\\/lotto-america\\\/\",\"url\":\"https:\\\/\\\/redfoxlotto.com\\\/sv\\\/resultaten\\\/lotto-america\\\/\",\"name\":\"Lotto America drar resultat och vinner siffror\",\"isPartOf\":{\"@id\":\"https:\\\/\\\/redfoxlotto.com\\\/sv\\\/#website\"},\"primaryImageOfPage\":{\"@id\":\"https:\\\/\\\/redfoxlotto.com\\\/sv\\\/resultaten\\\/lotto-america\\\/#primaryimage\"},\"image\":{\"@id\":\"https:\\\/\\\/redfoxlotto.com\\\/sv\\\/resultaten\\\/lotto-america\\\/#primaryimage\"},\"thumbnailUrl\":\"https:\\\/\\\/content.redfoxlotto.com\\\/uploads\\\/sites\\\/9\\\/1_draw_results_lotto.jpg\",\"datePublished\":\"2020-08-18T09:11:18+00:00\",\"dateModified\":\"2023-05-24T17:51:41+00:00\",\"description\":\"Denna veckas vinnande nummer i Lotto America samt ett resultatarkiv\",\"breadcrumb\":{\"@id\":\"https:\\\/\\\/redfoxlotto.com\\\/sv\\\/resultaten\\\/lotto-america\\\/#breadcrumb\"},\"inLanguage\":\"sv-SE\",\"potentialAction\":[{\"@type\":\"ReadAction\",\"target\":[\"https:\\\/\\\/redfoxlotto.com\\\/sv\\\/resultaten\\\/lotto-america\\\/\"]}]},{\"@type\":\"ImageObject\",\"inLanguage\":\"sv-SE\",\"@id\":\"https:\\\/\\\/redfoxlotto.com\\\/sv\\\/resultaten\\\/lotto-america\\\/#primaryimage\",\"url\":\"https:\\\/\\\/content.redfoxlotto.com\\\/uploads\\\/sites\\\/9\\\/1_draw_results_lotto.jpg\",\"contentUrl\":\"https:\\\/\\\/content.redfoxlotto.com\\\/uploads\\\/sites\\\/9\\\/1_draw_results_lotto.jpg\"},{\"@type\":\"BreadcrumbList\",\"@id\":\"https:\\\/\\\/redfoxlotto.com\\\/sv\\\/resultaten\\\/lotto-america\\\/#breadcrumb\",\"itemListElement\":[{\"@type\":\"ListItem\",\"position\":1,\"name\":\"Home\",\"item\":\"https:\\\/\\\/redfoxlotto.com\\\/sv\\\/\"},{\"@type\":\"ListItem\",\"position\":2,\"name\":\"Internationellt lotteri Resultat\",\"item\":\"https:\\\/\\\/redfoxlotto.com\\\/sv\\\/resultaten\\\/\"},{\"@type\":\"ListItem\",\"position\":3,\"name\":\"Lotto America-resultat\"}]},{\"@type\":\"WebSite\",\"@id\":\"https:\\\/\\\/redfoxlotto.com\\\/sv\\\/#website\",\"url\":\"https:\\\/\\\/redfoxlotto.com\\\/sv\\\/\",\"name\":\"Get Tickets for the World\u2019s largest jackpots\",\"description\":\"Participate in worldwide lottery jackpots from any country\",\"publisher\":{\"@id\":\"https:\\\/\\\/redfoxlotto.com\\\/sv\\\/#organization\"},\"potentialAction\":[{\"@type\":\"SearchAction\",\"target\":{\"@type\":\"EntryPoint\",\"urlTemplate\":\"https:\\\/\\\/redfoxlotto.com\\\/sv\\\/?s={search_term_string}\"},\"query-input\":{\"@type\":\"PropertyValueSpecification\",\"valueRequired\":true,\"valueName\":\"search_term_string\"}}],\"inLanguage\":\"sv-SE\"},{\"@type\":\"Organization\",\"@id\":\"https:\\\/\\\/redfoxlotto.com\\\/sv\\\/#organization\",\"name\":\"Get Tickets for the World\u2019s largest jackpots\",\"url\":\"https:\\\/\\\/redfoxlotto.com\\\/sv\\\/\",\"logo\":{\"@type\":\"ImageObject\",\"inLanguage\":\"sv-SE\",\"@id\":\"https:\\\/\\\/redfoxlotto.com\\\/sv\\\/#\\\/schema\\\/logo\\\/image\\\/\",\"url\":\"https:\\\/\\\/redfoxlotto.com\\\/wp-content\\\/uploads\\\/2023\\\/04\\\/logo.png\",\"contentUrl\":\"https:\\\/\\\/redfoxlotto.com\\\/wp-content\\\/uploads\\\/2023\\\/04\\\/logo.png\",\"width\":269,\"height\":53,\"caption\":\"Get Tickets for the World\u2019s largest jackpots\"},\"image\":{\"@id\":\"https:\\\/\\\/redfoxlotto.com\\\/sv\\\/#\\\/schema\\\/logo\\\/image\\\/\"}}]}<\/script>\n<!-- \/ Yoast SEO plugin. -->","yoast_head_json":{"title":"Lotto America drar resultat och vinner siffror","description":"Denna veckas vinnande nummer i Lotto America samt ett resultatarkiv","robots":{"index":"index","follow":"follow","max-snippet":"max-snippet:-1","max-image-preview":"max-image-preview:large","max-video-preview":"max-video-preview:-1"},"canonical":"https:\/\/redfoxlotto.com\/sv\/resultaten\/lotto-america\/","og_locale":"sv_SE","og_type":"article","og_title":"Lotto America drar resultat och vinner siffror","og_description":"Denna veckas vinnande nummer i Lotto America samt ett resultatarkiv","og_url":"https:\/\/redfoxlotto.com\/sv\/resultaten\/lotto-america\/","og_site_name":"Get Tickets for the World\u2019s largest jackpots","article_modified_time":"2023-05-24T17:51:41+00:00","og_image":[{"url":"https:\/\/content.redfoxlotto.com\/uploads\/sites\/9\/1_draw_results_lotto.jpg","type":"","width":"","height":""}],"twitter_card":"summary_large_image","twitter_misc":{"Ber\u00e4knad l\u00e4stid":"3 minuter"},"schema":{"@context":"https:\/\/schema.org","@graph":[{"@type":"WebPage","@id":"https:\/\/redfoxlotto.com\/sv\/resultaten\/lotto-america\/","url":"https:\/\/redfoxlotto.com\/sv\/resultaten\/lotto-america\/","name":"Lotto America drar resultat och vinner siffror","isPartOf":{"@id":"https:\/\/redfoxlotto.com\/sv\/#website"},"primaryImageOfPage":{"@id":"https:\/\/redfoxlotto.com\/sv\/resultaten\/lotto-america\/#primaryimage"},"image":{"@id":"https:\/\/redfoxlotto.com\/sv\/resultaten\/lotto-america\/#primaryimage"},"thumbnailUrl":"https:\/\/content.redfoxlotto.com\/uploads\/sites\/9\/1_draw_results_lotto.jpg","datePublished":"2020-08-18T09:11:18+00:00","dateModified":"2023-05-24T17:51:41+00:00","description":"Denna veckas vinnande nummer i Lotto America samt ett resultatarkiv","breadcrumb":{"@id":"https:\/\/redfoxlotto.com\/sv\/resultaten\/lotto-america\/#breadcrumb"},"inLanguage":"sv-SE","potentialAction":[{"@type":"ReadAction","target":["https:\/\/redfoxlotto.com\/sv\/resultaten\/lotto-america\/"]}]},{"@type":"ImageObject","inLanguage":"sv-SE","@id":"https:\/\/redfoxlotto.com\/sv\/resultaten\/lotto-america\/#primaryimage","url":"https:\/\/content.redfoxlotto.com\/uploads\/sites\/9\/1_draw_results_lotto.jpg","contentUrl":"https:\/\/content.redfoxlotto.com\/uploads\/sites\/9\/1_draw_results_lotto.jpg"},{"@type":"BreadcrumbList","@id":"https:\/\/redfoxlotto.com\/sv\/resultaten\/lotto-america\/#breadcrumb","itemListElement":[{"@type":"ListItem","position":1,"name":"Home","item":"https:\/\/redfoxlotto.com\/sv\/"},{"@type":"ListItem","position":2,"name":"Internationellt lotteri Resultat","item":"https:\/\/redfoxlotto.com\/sv\/resultaten\/"},{"@type":"ListItem","position":3,"name":"Lotto America-resultat"}]},{"@type":"WebSite","@id":"https:\/\/redfoxlotto.com\/sv\/#website","url":"https:\/\/redfoxlotto.com\/sv\/","name":"Get Tickets for the World\u2019s largest jackpots","description":"Participate in worldwide lottery jackpots from any country","publisher":{"@id":"https:\/\/redfoxlotto.com\/sv\/#organization"},"potentialAction":[{"@type":"SearchAction","target":{"@type":"EntryPoint","urlTemplate":"https:\/\/redfoxlotto.com\/sv\/?s={search_term_string}"},"query-input":{"@type":"PropertyValueSpecification","valueRequired":true,"valueName":"search_term_string"}}],"inLanguage":"sv-SE"},{"@type":"Organization","@id":"https:\/\/redfoxlotto.com\/sv\/#organization","name":"Get Tickets for the World\u2019s largest jackpots","url":"https:\/\/redfoxlotto.com\/sv\/","logo":{"@type":"ImageObject","inLanguage":"sv-SE","@id":"https:\/\/redfoxlotto.com\/sv\/#\/schema\/logo\/image\/","url":"https:\/\/redfoxlotto.com\/wp-content\/uploads\/2023\/04\/logo.png","contentUrl":"https:\/\/redfoxlotto.com\/wp-content\/uploads\/2023\/04\/logo.png","width":269,"height":53,"caption":"Get Tickets for the World\u2019s largest jackpots"},"image":{"@id":"https:\/\/redfoxlotto.com\/sv\/#\/schema\/logo\/image\/"}}]}},"_links":{"self":[{"href":"https:\/\/redfoxlotto.com\/sv\/wp-json\/wp\/v2\/pages\/13441","targetHints":{"allow":["GET"]}}],"collection":[{"href":"https:\/\/redfoxlotto.com\/sv\/wp-json\/wp\/v2\/pages"}],"about":[{"href":"https:\/\/redfoxlotto.com\/sv\/wp-json\/wp\/v2\/types\/page"}],"author":[{"embeddable":true,"href":"https:\/\/redfoxlotto.com\/sv\/wp-json\/wp\/v2\/users\/1"}],"replies":[{"embeddable":true,"href":"https:\/\/redfoxlotto.com\/sv\/wp-json\/wp\/v2\/comments?post=13441"}],"version-history":[{"count":0,"href":"https:\/\/redfoxlotto.com\/sv\/wp-json\/wp\/v2\/pages\/13441\/revisions"}],"up":[{"embeddable":true,"href":"https:\/\/redfoxlotto.com\/sv\/wp-json\/wp\/v2\/pages\/5102"}],"wp:attachment":[{"href":"https:\/\/redfoxlotto.com\/sv\/wp-json\/wp\/v2\/media?parent=13441"}],"curies":[{"name":"wp","href":"https:\/\/api.w.org\/{rel}","templated":true}]}}