{"id":13373,"date":"2020-08-18T09:23:56","date_gmt":"2020-08-18T09:23:56","guid":{"rendered":"https:\/\/redfoxlotto.com\/?page_id=13373"},"modified":"2023-05-10T17:59:20","modified_gmt":"2023-05-10T17:59:20","slug":"lotto-6aus49","status":"publish","type":"page","link":"https:\/\/redfoxlotto.com\/sv\/resultaten\/lotto-6aus49\/","title":{"rendered":"Tyska Lotto-resultat"},"content":{"rendered":"<h2 class=\"wp-block-heading\">Tyska Lotto 6aus49 vinnande nummer<\/h2><p><img loading=\"lazy\" decoding=\"async\" class=\" wp-image alignright\" src=\"https:\/\/content.redfoxlotto.com\/uploads\/sites\/9\/1_draw_results_lotto2.jpg\" alt=\"lottoresultat Tyskland\" width=\"248\" height=\"118\" \/><\/p><p>Om du har spelat den tyska lotto vill du veta om du har vunnit n\u00e5got och det betyder att du m\u00e5ste k\u00e4nna till vinnande nummer. Eller om du vill spela n\u00e5gra av de siffror som har vunnit nyligen eller oftast m\u00e5ste du veta vad dessa siffror \u00e4r, men hur kontrollerar du tyska Lotto 6aus49 vinnande nummer?<\/p><h2 class=\"wp-block-heading\">Kontrollera de senaste resultaten<\/h2><p><img loading=\"lazy\" decoding=\"async\" class=\" wp-image alignright\" src=\"https:\/\/content.redfoxlotto.com\/uploads\/sites\/9\/1_win_lottery_prizes.jpg\" alt=\"win lotteri\" width=\"252\" height=\"168\" \/><\/p><p>Du kan kontrollera de senaste resultaten f\u00f6r detta lottospel direkt online och du kan ocks\u00e5 g\u00f6ra det fr\u00e5n RedFoxLotto.com. Allt du beh\u00f6ver g\u00f6ra \u00e4r att bes\u00f6ka webbplatsen och du kan se vinnande nummer f\u00f6r alla dina favoritspel.<\/p><p>Om du faktiskt spelade det h\u00e4r spelet (eller andra) kan du logga in p\u00e5 ditt konto f\u00f6r att kontrollera vinnande nummer d\u00e4r, och det \u00e4r s\u00e5 du kommer att ta reda p\u00e5 om du har vunnit n\u00e5got.<\/p><h2 class=\"wp-block-heading\">Vann du?<\/h2><p>Om du spelade n\u00e5got av lottospelen p\u00e5 v\u00e5r webbplats och du vann s\u00e5 vet du omedelbart eftersom du kan logga in p\u00e5 ditt konto och se vinnande siffror j\u00e4mf\u00f6rt med ditt eget. Dina matchande nummer kommer alla att markeras s\u00e5 att du kan se dem. Och dina vinster l\u00e4ggs automatiskt in p\u00e5 ditt konto ocks\u00e5.<\/p><h2 class=\"wp-block-heading\">Kontrollerar gamla nummer<\/h2><p>Om du vill veta n\u00e5gra av de tyska Lotto 6aus49-vinnande numren fr\u00e5n tidigare kan du kolla in resultatarkivet. Du hittar gamla nummer som du kan anv\u00e4nda f\u00f6r vad du vill.<\/p>","protected":false},"excerpt":{"rendered":"<p>Tyska Lotto 6aus49 vinnande nummer Om du har spelat den tyska lotto vill du veta om du har vunnit n\u00e5got och det betyder att du m\u00e5ste k\u00e4nna till vinnande nummer. Eller om du vill spela n\u00e5gra av de siffror som har vunnit nyligen eller oftast m\u00e5ste du veta vad dessa siffror \u00e4r, men hur kontrollerar [&hellip;]<\/p>\n","protected":false},"author":1,"featured_media":0,"parent":5102,"menu_order":15,"comment_status":"closed","ping_status":"closed","template":"lotto-german-results.php","meta":{"_et_pb_use_builder":"","_et_pb_old_content":"","_et_gb_content_width":"","exclude_from_search":false,"footnotes":""},"class_list":["post-13373","page","type-page","status-publish","hentry"],"yoast_head":"<!-- This site is optimized with the Yoast SEO plugin v27.4 - https:\/\/yoast.com\/product\/yoast-seo-wordpress\/ -->\n<title>Tyska lotto dra resultat och vinnande nummerkombinationer, plus arkiv<\/title>\n<meta name=\"description\" content=\"Plockade du vinnande nummer f\u00f6r tyska Lotto? Kontrollera dragresultaten p\u00e5 v\u00e5r webbplats\" \/>\n<meta name=\"robots\" content=\"index, follow, max-snippet:-1, max-image-preview:large, max-video-preview:-1\" \/>\n<link rel=\"canonical\" href=\"https:\/\/redfoxlotto.com\/sv\/resultaten\/lotto-6aus49\/\" \/>\n<meta property=\"og:locale\" content=\"sv_SE\" \/>\n<meta property=\"og:type\" content=\"article\" \/>\n<meta property=\"og:title\" content=\"Tyska lotto dra resultat och vinnande nummerkombinationer, plus arkiv\" \/>\n<meta property=\"og:description\" content=\"Plockade du vinnande nummer f\u00f6r tyska Lotto? Kontrollera dragresultaten p\u00e5 v\u00e5r webbplats\" \/>\n<meta property=\"og:url\" content=\"https:\/\/redfoxlotto.com\/sv\/resultaten\/lotto-6aus49\/\" \/>\n<meta property=\"og:site_name\" content=\"Get Tickets for the World\u2019s largest jackpots\" \/>\n<meta property=\"article:modified_time\" content=\"2023-05-10T17:59:20+00:00\" \/>\n<meta property=\"og:image\" content=\"https:\/\/content.redfoxlotto.com\/uploads\/sites\/9\/1_draw_results_lotto2.jpg\" \/>\n<meta name=\"twitter:card\" content=\"summary_large_image\" \/>\n<meta name=\"twitter:label1\" content=\"Ber\u00e4knad l\u00e4stid\" \/>\n\t<meta name=\"twitter:data1\" content=\"2 minuter\" \/>\n<script type=\"application\/ld+json\" class=\"yoast-schema-graph\">{\"@context\":\"https:\\\/\\\/schema.org\",\"@graph\":[{\"@type\":\"WebPage\",\"@id\":\"https:\\\/\\\/redfoxlotto.com\\\/sv\\\/resultaten\\\/lotto-6aus49\\\/\",\"url\":\"https:\\\/\\\/redfoxlotto.com\\\/sv\\\/resultaten\\\/lotto-6aus49\\\/\",\"name\":\"Tyska lotto dra resultat och vinnande nummerkombinationer, plus arkiv\",\"isPartOf\":{\"@id\":\"https:\\\/\\\/redfoxlotto.com\\\/sv\\\/#website\"},\"primaryImageOfPage\":{\"@id\":\"https:\\\/\\\/redfoxlotto.com\\\/sv\\\/resultaten\\\/lotto-6aus49\\\/#primaryimage\"},\"image\":{\"@id\":\"https:\\\/\\\/redfoxlotto.com\\\/sv\\\/resultaten\\\/lotto-6aus49\\\/#primaryimage\"},\"thumbnailUrl\":\"https:\\\/\\\/content.redfoxlotto.com\\\/uploads\\\/sites\\\/9\\\/1_draw_results_lotto2.jpg\",\"datePublished\":\"2020-08-18T09:23:56+00:00\",\"dateModified\":\"2023-05-10T17:59:20+00:00\",\"description\":\"Plockade du vinnande nummer f\u00f6r tyska Lotto? Kontrollera dragresultaten p\u00e5 v\u00e5r webbplats\",\"breadcrumb\":{\"@id\":\"https:\\\/\\\/redfoxlotto.com\\\/sv\\\/resultaten\\\/lotto-6aus49\\\/#breadcrumb\"},\"inLanguage\":\"sv-SE\",\"potentialAction\":[{\"@type\":\"ReadAction\",\"target\":[\"https:\\\/\\\/redfoxlotto.com\\\/sv\\\/resultaten\\\/lotto-6aus49\\\/\"]}]},{\"@type\":\"ImageObject\",\"inLanguage\":\"sv-SE\",\"@id\":\"https:\\\/\\\/redfoxlotto.com\\\/sv\\\/resultaten\\\/lotto-6aus49\\\/#primaryimage\",\"url\":\"https:\\\/\\\/content.redfoxlotto.com\\\/uploads\\\/sites\\\/9\\\/1_draw_results_lotto2.jpg\",\"contentUrl\":\"https:\\\/\\\/content.redfoxlotto.com\\\/uploads\\\/sites\\\/9\\\/1_draw_results_lotto2.jpg\"},{\"@type\":\"BreadcrumbList\",\"@id\":\"https:\\\/\\\/redfoxlotto.com\\\/sv\\\/resultaten\\\/lotto-6aus49\\\/#breadcrumb\",\"itemListElement\":[{\"@type\":\"ListItem\",\"position\":1,\"name\":\"Home\",\"item\":\"https:\\\/\\\/redfoxlotto.com\\\/sv\\\/\"},{\"@type\":\"ListItem\",\"position\":2,\"name\":\"Internationellt lotteri Resultat\",\"item\":\"https:\\\/\\\/redfoxlotto.com\\\/sv\\\/resultaten\\\/\"},{\"@type\":\"ListItem\",\"position\":3,\"name\":\"Tyska Lotto-resultat\"}]},{\"@type\":\"WebSite\",\"@id\":\"https:\\\/\\\/redfoxlotto.com\\\/sv\\\/#website\",\"url\":\"https:\\\/\\\/redfoxlotto.com\\\/sv\\\/\",\"name\":\"Get Tickets for the World\u2019s largest jackpots\",\"description\":\"Participate in worldwide lottery jackpots from any country\",\"publisher\":{\"@id\":\"https:\\\/\\\/redfoxlotto.com\\\/sv\\\/#organization\"},\"potentialAction\":[{\"@type\":\"SearchAction\",\"target\":{\"@type\":\"EntryPoint\",\"urlTemplate\":\"https:\\\/\\\/redfoxlotto.com\\\/sv\\\/?s={search_term_string}\"},\"query-input\":{\"@type\":\"PropertyValueSpecification\",\"valueRequired\":true,\"valueName\":\"search_term_string\"}}],\"inLanguage\":\"sv-SE\"},{\"@type\":\"Organization\",\"@id\":\"https:\\\/\\\/redfoxlotto.com\\\/sv\\\/#organization\",\"name\":\"Get Tickets for the World\u2019s largest jackpots\",\"url\":\"https:\\\/\\\/redfoxlotto.com\\\/sv\\\/\",\"logo\":{\"@type\":\"ImageObject\",\"inLanguage\":\"sv-SE\",\"@id\":\"https:\\\/\\\/redfoxlotto.com\\\/sv\\\/#\\\/schema\\\/logo\\\/image\\\/\",\"url\":\"https:\\\/\\\/redfoxlotto.com\\\/wp-content\\\/uploads\\\/2023\\\/04\\\/logo.png\",\"contentUrl\":\"https:\\\/\\\/redfoxlotto.com\\\/wp-content\\\/uploads\\\/2023\\\/04\\\/logo.png\",\"width\":269,\"height\":53,\"caption\":\"Get Tickets for the World\u2019s largest jackpots\"},\"image\":{\"@id\":\"https:\\\/\\\/redfoxlotto.com\\\/sv\\\/#\\\/schema\\\/logo\\\/image\\\/\"}}]}<\/script>\n<!-- \/ Yoast SEO plugin. -->","yoast_head_json":{"title":"Tyska lotto dra resultat och vinnande nummerkombinationer, plus arkiv","description":"Plockade du vinnande nummer f\u00f6r tyska Lotto? Kontrollera dragresultaten p\u00e5 v\u00e5r webbplats","robots":{"index":"index","follow":"follow","max-snippet":"max-snippet:-1","max-image-preview":"max-image-preview:large","max-video-preview":"max-video-preview:-1"},"canonical":"https:\/\/redfoxlotto.com\/sv\/resultaten\/lotto-6aus49\/","og_locale":"sv_SE","og_type":"article","og_title":"Tyska lotto dra resultat och vinnande nummerkombinationer, plus arkiv","og_description":"Plockade du vinnande nummer f\u00f6r tyska Lotto? Kontrollera dragresultaten p\u00e5 v\u00e5r webbplats","og_url":"https:\/\/redfoxlotto.com\/sv\/resultaten\/lotto-6aus49\/","og_site_name":"Get Tickets for the World\u2019s largest jackpots","article_modified_time":"2023-05-10T17:59:20+00:00","og_image":[{"url":"https:\/\/content.redfoxlotto.com\/uploads\/sites\/9\/1_draw_results_lotto2.jpg","type":"","width":"","height":""}],"twitter_card":"summary_large_image","twitter_misc":{"Ber\u00e4knad l\u00e4stid":"2 minuter"},"schema":{"@context":"https:\/\/schema.org","@graph":[{"@type":"WebPage","@id":"https:\/\/redfoxlotto.com\/sv\/resultaten\/lotto-6aus49\/","url":"https:\/\/redfoxlotto.com\/sv\/resultaten\/lotto-6aus49\/","name":"Tyska lotto dra resultat och vinnande nummerkombinationer, plus arkiv","isPartOf":{"@id":"https:\/\/redfoxlotto.com\/sv\/#website"},"primaryImageOfPage":{"@id":"https:\/\/redfoxlotto.com\/sv\/resultaten\/lotto-6aus49\/#primaryimage"},"image":{"@id":"https:\/\/redfoxlotto.com\/sv\/resultaten\/lotto-6aus49\/#primaryimage"},"thumbnailUrl":"https:\/\/content.redfoxlotto.com\/uploads\/sites\/9\/1_draw_results_lotto2.jpg","datePublished":"2020-08-18T09:23:56+00:00","dateModified":"2023-05-10T17:59:20+00:00","description":"Plockade du vinnande nummer f\u00f6r tyska Lotto? Kontrollera dragresultaten p\u00e5 v\u00e5r webbplats","breadcrumb":{"@id":"https:\/\/redfoxlotto.com\/sv\/resultaten\/lotto-6aus49\/#breadcrumb"},"inLanguage":"sv-SE","potentialAction":[{"@type":"ReadAction","target":["https:\/\/redfoxlotto.com\/sv\/resultaten\/lotto-6aus49\/"]}]},{"@type":"ImageObject","inLanguage":"sv-SE","@id":"https:\/\/redfoxlotto.com\/sv\/resultaten\/lotto-6aus49\/#primaryimage","url":"https:\/\/content.redfoxlotto.com\/uploads\/sites\/9\/1_draw_results_lotto2.jpg","contentUrl":"https:\/\/content.redfoxlotto.com\/uploads\/sites\/9\/1_draw_results_lotto2.jpg"},{"@type":"BreadcrumbList","@id":"https:\/\/redfoxlotto.com\/sv\/resultaten\/lotto-6aus49\/#breadcrumb","itemListElement":[{"@type":"ListItem","position":1,"name":"Home","item":"https:\/\/redfoxlotto.com\/sv\/"},{"@type":"ListItem","position":2,"name":"Internationellt lotteri Resultat","item":"https:\/\/redfoxlotto.com\/sv\/resultaten\/"},{"@type":"ListItem","position":3,"name":"Tyska Lotto-resultat"}]},{"@type":"WebSite","@id":"https:\/\/redfoxlotto.com\/sv\/#website","url":"https:\/\/redfoxlotto.com\/sv\/","name":"Get Tickets for the World\u2019s largest jackpots","description":"Participate in worldwide lottery jackpots from any country","publisher":{"@id":"https:\/\/redfoxlotto.com\/sv\/#organization"},"potentialAction":[{"@type":"SearchAction","target":{"@type":"EntryPoint","urlTemplate":"https:\/\/redfoxlotto.com\/sv\/?s={search_term_string}"},"query-input":{"@type":"PropertyValueSpecification","valueRequired":true,"valueName":"search_term_string"}}],"inLanguage":"sv-SE"},{"@type":"Organization","@id":"https:\/\/redfoxlotto.com\/sv\/#organization","name":"Get Tickets for the World\u2019s largest jackpots","url":"https:\/\/redfoxlotto.com\/sv\/","logo":{"@type":"ImageObject","inLanguage":"sv-SE","@id":"https:\/\/redfoxlotto.com\/sv\/#\/schema\/logo\/image\/","url":"https:\/\/redfoxlotto.com\/wp-content\/uploads\/2023\/04\/logo.png","contentUrl":"https:\/\/redfoxlotto.com\/wp-content\/uploads\/2023\/04\/logo.png","width":269,"height":53,"caption":"Get Tickets for the World\u2019s largest jackpots"},"image":{"@id":"https:\/\/redfoxlotto.com\/sv\/#\/schema\/logo\/image\/"}}]}},"_links":{"self":[{"href":"https:\/\/redfoxlotto.com\/sv\/wp-json\/wp\/v2\/pages\/13373","targetHints":{"allow":["GET"]}}],"collection":[{"href":"https:\/\/redfoxlotto.com\/sv\/wp-json\/wp\/v2\/pages"}],"about":[{"href":"https:\/\/redfoxlotto.com\/sv\/wp-json\/wp\/v2\/types\/page"}],"author":[{"embeddable":true,"href":"https:\/\/redfoxlotto.com\/sv\/wp-json\/wp\/v2\/users\/1"}],"replies":[{"embeddable":true,"href":"https:\/\/redfoxlotto.com\/sv\/wp-json\/wp\/v2\/comments?post=13373"}],"version-history":[{"count":0,"href":"https:\/\/redfoxlotto.com\/sv\/wp-json\/wp\/v2\/pages\/13373\/revisions"}],"up":[{"embeddable":true,"href":"https:\/\/redfoxlotto.com\/sv\/wp-json\/wp\/v2\/pages\/5102"}],"wp:attachment":[{"href":"https:\/\/redfoxlotto.com\/sv\/wp-json\/wp\/v2\/media?parent=13373"}],"curies":[{"name":"wp","href":"https:\/\/api.w.org\/{rel}","templated":true}]}}