{"id":13277,"date":"2023-04-24T18:07:24","date_gmt":"2023-04-24T18:07:24","guid":{"rendered":"https:\/\/redfoxlotto.com\/?page_id=13277"},"modified":"2025-12-11T09:45:49","modified_gmt":"2025-12-11T09:45:49","slug":"thunderball","status":"publish","type":"page","link":"https:\/\/redfoxlotto.com\/sv\/spela\/thunderball\/","title":{"rendered":"Spela Thunderball Lotto online"},"content":{"rendered":"<script type=\"application\/ld+json\">\r\n{\r\n  \"@context\": \"https:\/\/schema.org\",\r\n  \"@type\": \"Service\",\r\n  \"name\": \"Thunderball Lotto online\",\r\n  \"url\": \"https:\/\/redfoxlotto.com\/sv\/spela\/thunderball\/\",\r\n  \"description\": \"K\u00f6p officiella Thunderball Lotto-biljetter online via RedFoxLotto. V\u00e4lj dina nummer och delta i n\u00e4sta dragning.\",\r\n  \"serviceType\": \"Online lottery ticket purchase\",\r\n\r\n  \"provider\": {\r\n    \"@type\": \"Organization\",\r\n    \"name\": \"RedFoxLotto\",\r\n    \"url\": \"https:\/\/redfoxlotto.com\",\r\n    \"logo\": \"https:\/\/redfoxlotto.com\/wp-content\/uploads\/logo.png\"\r\n  },\r\n\r\n  \"areaServed\": \"Worldwide\",\r\n  \"termsOfService\": \"https:\/\/redfoxlotto.com\/terms-and-conditions\",\r\n\r\n  \"hasOfferCatalog\": {\r\n    \"@type\": \"OfferCatalog\",\r\n    \"name\": \"Thunderball Lotto Offers\",\r\n    \"itemListElement\": [\r\n      {\r\n        \"@type\": \"Offer\",\r\n        \"name\": \"Lotto Thunderball Lotto Ticket\",\r\n        \"url\": \"https:\/\/redfoxlotto.com\/sv\/spela\/thunderball\/\",\r\n        \"description\": \"Ett deltagande i n\u00e4sta Thunderball Lotto-dragning.\",\r\n        \"price\": \"4.00\",\r\n        \"priceCurrency\": \"EUR\",\r\n        \"availability\": \"https:\/\/schema.org\/InStock\",\r\n\r\n        \"itemOffered\": {\r\n          \"@type\": \"Service\",\r\n          \"name\": \"Thunderball Lotto Lottery Entry\",\r\n          \"description\": \"Deltagande i n\u00e4sta Thunderball Lotto-dragning via RedFoxLotto.\"\r\n        }\r\n      }\r\n    ]\r\n  },\r\n\r\n  \"mainEntityOfPage\": {\r\n    \"@type\": \"WebPage\",\r\n    \"@id\": \"https:\/\/redfoxlotto.com\/sv\/spela\/thunderball\/\"\r\n  }\r\n}\r\n<\/script><p>Om du vill b\u00f6rja spela ett helt nytt spel borde du absolut titta n\u00e4rmare p\u00e5 Thunderball. Du kanske till och med blir f\u00f6rv\u00e5nad \u00f6ver hur mycket kul du har med den h\u00e4r och alla alternativ du f\u00e5r v\u00e4lja. Det beror p\u00e5 att n\u00e4r du spelar Thunderball UK Lotto online f\u00e5r du till och med v\u00e4lja dagarna du spelar.<\/p><h2 class=\"wp-block-heading\">Hur spelar jag Thunderball UK Lotto Online<\/h2><p><img loading=\"lazy\" decoding=\"async\" class=\" wp-image alignright\" src=\"https:\/\/content.redfoxlotto.com\/uploads\/sites\/9\/1_play_online_lotto.jpg\" alt=\"spela thunderball online\" width=\"272\" height=\"272\"><\/p><p>Med det h\u00e4r spelet v\u00e4ljer du fem vanliga nummer plus ett bonusnummer. Varje vanligt nummer m\u00e5ste vara mellan 1 och 39. Varje Thunderball-nummer m\u00e5ste vara mellan 1 och 14. Eller s\u00e5 kan du v\u00e4lja en Lucky Dip-biljett som automatiskt genereras \u00e5t dig.<\/p><p>N\u00e4r du har f\u00e5tt dina nummer kan du v\u00e4lja vilka dagar du vill att din biljett ska vara giltig och hur l\u00e4nge. P\u00e5 det s\u00e4ttet f\u00e5r du s\u00e5 m\u00e5nga teckningar som du vill.<\/p><h2 class=\"wp-block-heading\">Kolla in de vinnande siffrorna<\/h2><p>N\u00e4r du v\u00e4l har k\u00f6pt biljetter vill du veta om du har vunnit n\u00e5got, eller hur? Det \u00e4r l\u00e4ttare att ta reda p\u00e5 det \u00e4n du kanske tror. Allt du beh\u00f6ver g\u00f6ra \u00e4r att kolla in vinnande nummer online, p\u00e5 din favoritplats. Som RedFoxLotto.com.<br>Om du redan har spelat spelet och beh\u00f6ver ta reda p\u00e5 om du har vunnit n\u00e5got \u00e4r det h\u00e4r en \u00e4nnu b\u00e4ttre plats att kontrollera eftersom du kan j\u00e4mf\u00f6ra dina egna nummer genom att logga in p\u00e5 ditt konto. Och faktiskt g\u00f6r vi alla j\u00e4mf\u00f6relser f\u00f6r dig s\u00e5 att du kan koppla av.<\/p>","protected":false},"excerpt":{"rendered":"<p>Om du vill b\u00f6rja spela ett helt nytt spel borde du absolut titta n\u00e4rmare p\u00e5 Thunderball. Du kanske till och med blir f\u00f6rv\u00e5nad \u00f6ver hur mycket kul du har med den h\u00e4r och alla alternativ du f\u00e5r v\u00e4lja. Det beror p\u00e5 att n\u00e4r du spelar Thunderball UK Lotto online f\u00e5r du till och med v\u00e4lja [&hellip;]<\/p>\n","protected":false},"author":1,"featured_media":0,"parent":5112,"menu_order":11,"comment_status":"closed","ping_status":"closed","template":"thunderball.php","meta":{"_et_pb_use_builder":"","_et_pb_old_content":"","_et_gb_content_width":"","exclude_from_search":false,"footnotes":""},"class_list":["post-13277","page","type-page","status-publish","hentry"],"yoast_head":"<!-- This site is optimized with the Yoast SEO plugin v23.8 - https:\/\/yoast.com\/wordpress\/plugins\/seo\/ -->\n<title>Delta i Thunderball Lotto online<\/title>\n<meta name=\"description\" content=\"Det brittiska Thunderball-lotteriet kan nu spelas online fr\u00e5n alla l\u00e4nder\" \/>\n<meta name=\"robots\" content=\"index, follow, max-snippet:-1, max-image-preview:large, max-video-preview:-1\" \/>\n<link rel=\"canonical\" href=\"https:\/\/redfoxlotto.com\/sv\/spela\/thunderball\/\" \/>\n<meta property=\"og:locale\" content=\"sv_SE\" \/>\n<meta property=\"og:type\" content=\"article\" \/>\n<meta property=\"og:title\" content=\"Delta i Thunderball Lotto online\" \/>\n<meta property=\"og:description\" content=\"Det brittiska Thunderball-lotteriet kan nu spelas online fr\u00e5n alla l\u00e4nder\" \/>\n<meta property=\"og:url\" content=\"https:\/\/redfoxlotto.com\/sv\/spela\/thunderball\/\" \/>\n<meta property=\"og:site_name\" content=\"Get Tickets for the World\u2019s largest jackpots\" \/>\n<meta property=\"article:modified_time\" content=\"2025-12-11T09:45:49+00:00\" \/>\n<meta property=\"og:image\" content=\"https:\/\/content.redfoxlotto.com\/uploads\/sites\/9\/1_play_online_lotto.jpg\" \/>\n<meta name=\"twitter:card\" content=\"summary_large_image\" \/>\n<meta name=\"twitter:label1\" content=\"Ber\u00e4knad l\u00e4stid\" \/>\n\t<meta name=\"twitter:data1\" content=\"2 minuter\" \/>\n<script type=\"application\/ld+json\" class=\"yoast-schema-graph\">{\"@context\":\"https:\/\/schema.org\",\"@graph\":[{\"@type\":\"WebPage\",\"@id\":\"https:\/\/redfoxlotto.com\/sv\/spela\/thunderball\/\",\"url\":\"https:\/\/redfoxlotto.com\/sv\/spela\/thunderball\/\",\"name\":\"Delta i Thunderball Lotto online\",\"isPartOf\":{\"@id\":\"https:\/\/redfoxlotto.com\/sv\/#website\"},\"primaryImageOfPage\":{\"@id\":\"https:\/\/redfoxlotto.com\/sv\/spela\/thunderball\/#primaryimage\"},\"image\":{\"@id\":\"https:\/\/redfoxlotto.com\/sv\/spela\/thunderball\/#primaryimage\"},\"thumbnailUrl\":\"https:\/\/content.redfoxlotto.com\/uploads\/sites\/9\/1_play_online_lotto.jpg\",\"datePublished\":\"2023-04-24T18:07:24+00:00\",\"dateModified\":\"2025-12-11T09:45:49+00:00\",\"description\":\"Det brittiska Thunderball-lotteriet kan nu spelas online fr\u00e5n alla l\u00e4nder\",\"breadcrumb\":{\"@id\":\"https:\/\/redfoxlotto.com\/sv\/spela\/thunderball\/#breadcrumb\"},\"inLanguage\":\"sv-SE\",\"potentialAction\":[{\"@type\":\"ReadAction\",\"target\":[\"https:\/\/redfoxlotto.com\/sv\/spela\/thunderball\/\"]}]},{\"@type\":\"ImageObject\",\"inLanguage\":\"sv-SE\",\"@id\":\"https:\/\/redfoxlotto.com\/sv\/spela\/thunderball\/#primaryimage\",\"url\":\"https:\/\/content.redfoxlotto.com\/uploads\/sites\/9\/1_play_online_lotto.jpg\",\"contentUrl\":\"https:\/\/content.redfoxlotto.com\/uploads\/sites\/9\/1_play_online_lotto.jpg\"},{\"@type\":\"BreadcrumbList\",\"@id\":\"https:\/\/redfoxlotto.com\/sv\/spela\/thunderball\/#breadcrumb\",\"itemListElement\":[{\"@type\":\"ListItem\",\"position\":1,\"name\":\"Home\",\"item\":\"https:\/\/redfoxlotto.com\/sv\/\"},{\"@type\":\"ListItem\",\"position\":2,\"name\":\"Hur man spelar lotterier i andra l\u00e4nder\",\"item\":\"https:\/\/redfoxlotto.com\/sv\/spela\/\"},{\"@type\":\"ListItem\",\"position\":3,\"name\":\"Spela Thunderball Lotto online\"}]},{\"@type\":\"WebSite\",\"@id\":\"https:\/\/redfoxlotto.com\/sv\/#website\",\"url\":\"https:\/\/redfoxlotto.com\/sv\/\",\"name\":\"Get Tickets for the World\u2019s largest jackpots\",\"description\":\"Participate in worldwide lottery jackpots from any country\",\"publisher\":{\"@id\":\"https:\/\/redfoxlotto.com\/sv\/#organization\"},\"potentialAction\":[{\"@type\":\"SearchAction\",\"target\":{\"@type\":\"EntryPoint\",\"urlTemplate\":\"https:\/\/redfoxlotto.com\/sv\/?s={search_term_string}\"},\"query-input\":{\"@type\":\"PropertyValueSpecification\",\"valueRequired\":true,\"valueName\":\"search_term_string\"}}],\"inLanguage\":\"sv-SE\"},{\"@type\":\"Organization\",\"@id\":\"https:\/\/redfoxlotto.com\/sv\/#organization\",\"name\":\"Get Tickets for the World\u2019s largest jackpots\",\"url\":\"https:\/\/redfoxlotto.com\/sv\/\",\"logo\":{\"@type\":\"ImageObject\",\"inLanguage\":\"sv-SE\",\"@id\":\"https:\/\/redfoxlotto.com\/sv\/#\/schema\/logo\/image\/\",\"url\":\"https:\/\/redfoxlotto.com\/wp-content\/uploads\/2023\/04\/logo.png\",\"contentUrl\":\"https:\/\/redfoxlotto.com\/wp-content\/uploads\/2023\/04\/logo.png\",\"width\":269,\"height\":53,\"caption\":\"Get Tickets for the World\u2019s largest jackpots\"},\"image\":{\"@id\":\"https:\/\/redfoxlotto.com\/sv\/#\/schema\/logo\/image\/\"}}]}<\/script>\n<!-- \/ Yoast SEO plugin. -->","yoast_head_json":{"title":"Delta i Thunderball Lotto online","description":"Det brittiska Thunderball-lotteriet kan nu spelas online fr\u00e5n alla l\u00e4nder","robots":{"index":"index","follow":"follow","max-snippet":"max-snippet:-1","max-image-preview":"max-image-preview:large","max-video-preview":"max-video-preview:-1"},"canonical":"https:\/\/redfoxlotto.com\/sv\/spela\/thunderball\/","og_locale":"sv_SE","og_type":"article","og_title":"Delta i Thunderball Lotto online","og_description":"Det brittiska Thunderball-lotteriet kan nu spelas online fr\u00e5n alla l\u00e4nder","og_url":"https:\/\/redfoxlotto.com\/sv\/spela\/thunderball\/","og_site_name":"Get Tickets for the World\u2019s largest jackpots","article_modified_time":"2025-12-11T09:45:49+00:00","og_image":[{"url":"https:\/\/content.redfoxlotto.com\/uploads\/sites\/9\/1_play_online_lotto.jpg"}],"twitter_card":"summary_large_image","twitter_misc":{"Ber\u00e4knad l\u00e4stid":"2 minuter"},"schema":{"@context":"https:\/\/schema.org","@graph":[{"@type":"WebPage","@id":"https:\/\/redfoxlotto.com\/sv\/spela\/thunderball\/","url":"https:\/\/redfoxlotto.com\/sv\/spela\/thunderball\/","name":"Delta i Thunderball Lotto online","isPartOf":{"@id":"https:\/\/redfoxlotto.com\/sv\/#website"},"primaryImageOfPage":{"@id":"https:\/\/redfoxlotto.com\/sv\/spela\/thunderball\/#primaryimage"},"image":{"@id":"https:\/\/redfoxlotto.com\/sv\/spela\/thunderball\/#primaryimage"},"thumbnailUrl":"https:\/\/content.redfoxlotto.com\/uploads\/sites\/9\/1_play_online_lotto.jpg","datePublished":"2023-04-24T18:07:24+00:00","dateModified":"2025-12-11T09:45:49+00:00","description":"Det brittiska Thunderball-lotteriet kan nu spelas online fr\u00e5n alla l\u00e4nder","breadcrumb":{"@id":"https:\/\/redfoxlotto.com\/sv\/spela\/thunderball\/#breadcrumb"},"inLanguage":"sv-SE","potentialAction":[{"@type":"ReadAction","target":["https:\/\/redfoxlotto.com\/sv\/spela\/thunderball\/"]}]},{"@type":"ImageObject","inLanguage":"sv-SE","@id":"https:\/\/redfoxlotto.com\/sv\/spela\/thunderball\/#primaryimage","url":"https:\/\/content.redfoxlotto.com\/uploads\/sites\/9\/1_play_online_lotto.jpg","contentUrl":"https:\/\/content.redfoxlotto.com\/uploads\/sites\/9\/1_play_online_lotto.jpg"},{"@type":"BreadcrumbList","@id":"https:\/\/redfoxlotto.com\/sv\/spela\/thunderball\/#breadcrumb","itemListElement":[{"@type":"ListItem","position":1,"name":"Home","item":"https:\/\/redfoxlotto.com\/sv\/"},{"@type":"ListItem","position":2,"name":"Hur man spelar lotterier i andra l\u00e4nder","item":"https:\/\/redfoxlotto.com\/sv\/spela\/"},{"@type":"ListItem","position":3,"name":"Spela Thunderball Lotto online"}]},{"@type":"WebSite","@id":"https:\/\/redfoxlotto.com\/sv\/#website","url":"https:\/\/redfoxlotto.com\/sv\/","name":"Get Tickets for the World\u2019s largest jackpots","description":"Participate in worldwide lottery jackpots from any country","publisher":{"@id":"https:\/\/redfoxlotto.com\/sv\/#organization"},"potentialAction":[{"@type":"SearchAction","target":{"@type":"EntryPoint","urlTemplate":"https:\/\/redfoxlotto.com\/sv\/?s={search_term_string}"},"query-input":{"@type":"PropertyValueSpecification","valueRequired":true,"valueName":"search_term_string"}}],"inLanguage":"sv-SE"},{"@type":"Organization","@id":"https:\/\/redfoxlotto.com\/sv\/#organization","name":"Get Tickets for the World\u2019s largest jackpots","url":"https:\/\/redfoxlotto.com\/sv\/","logo":{"@type":"ImageObject","inLanguage":"sv-SE","@id":"https:\/\/redfoxlotto.com\/sv\/#\/schema\/logo\/image\/","url":"https:\/\/redfoxlotto.com\/wp-content\/uploads\/2023\/04\/logo.png","contentUrl":"https:\/\/redfoxlotto.com\/wp-content\/uploads\/2023\/04\/logo.png","width":269,"height":53,"caption":"Get Tickets for the World\u2019s largest jackpots"},"image":{"@id":"https:\/\/redfoxlotto.com\/sv\/#\/schema\/logo\/image\/"}}]}},"_links":{"self":[{"href":"https:\/\/redfoxlotto.com\/sv\/wp-json\/wp\/v2\/pages\/13277","targetHints":{"allow":["GET"]}}],"collection":[{"href":"https:\/\/redfoxlotto.com\/sv\/wp-json\/wp\/v2\/pages"}],"about":[{"href":"https:\/\/redfoxlotto.com\/sv\/wp-json\/wp\/v2\/types\/page"}],"author":[{"embeddable":true,"href":"https:\/\/redfoxlotto.com\/sv\/wp-json\/wp\/v2\/users\/1"}],"replies":[{"embeddable":true,"href":"https:\/\/redfoxlotto.com\/sv\/wp-json\/wp\/v2\/comments?post=13277"}],"version-history":[{"count":0,"href":"https:\/\/redfoxlotto.com\/sv\/wp-json\/wp\/v2\/pages\/13277\/revisions"}],"up":[{"embeddable":true,"href":"https:\/\/redfoxlotto.com\/sv\/wp-json\/wp\/v2\/pages\/5112"}],"wp:attachment":[{"href":"https:\/\/redfoxlotto.com\/sv\/wp-json\/wp\/v2\/media?parent=13277"}],"curies":[{"name":"wp","href":"https:\/\/api.w.org\/{rel}","templated":true}]}}