{"id":12985,"date":"2023-04-24T18:09:15","date_gmt":"2023-04-24T18:09:15","guid":{"rendered":"https:\/\/redfoxlotto.com\/?page_id=12985"},"modified":"2025-12-10T14:04:36","modified_gmt":"2025-12-10T14:04:36","slug":"lotto-america","status":"publish","type":"page","link":"https:\/\/redfoxlotto.com\/sv\/spela\/lotto-america\/","title":{"rendered":"Hur man spelar Lotto America online"},"content":{"rendered":"<script type=\"application\/ld+json\">\r\n{\r\n\"@context\": \"https:\/\/schema.org\",\r\n\"@type\": \"Service\",\r\n\"name\": \" Lotto America online\",\r\n\"url\": \"https:\/\/redfoxlotto.com\/sv\/spela\/lotto-america\/\",\r\n\"description\": \"K\u00f6p officiella Lotto America-biljetter online via RedFoxLotto. V\u00e4lj dina nummer och delta i n\u00e4sta dragning.\",\r\n\"serviceType\": \"Online lottery ticket purchase\",\r\n\r\n\"provider\": {\r\n\"@type\": \"Organization\",\r\n\"name\": \"RedFoxLotto\",\r\n\"url\": \"https:\/\/redfoxlotto.com\",\r\n\"logo\": \"https:\/\/redfoxlotto.com\/wp-content\/uploads\/logo.png\"\r\n},\r\n\r\n\"areaServed\": \"Worldwide\",\r\n\"termsOfService\": \"https:\/\/redfoxlotto.com\/terms-and-conditions\",\r\n\r\n\"hasOfferCatalog\": {\r\n\"@type\": \"OfferCatalog\",\r\n\"name\": \"Lotto America Offers\",\r\n\"itemListElement\": [\r\n{\r\n\"@type\": \"Offer\",\r\n\"name\": \"Lotto America Lottery Ticket\",\r\n\"url\": \"https:\/\/redfoxlotto.com\/sv\/spela\/lotto-america\/\",\r\n\"description\": \"En lott till n\u00e4sta Lotto America-dragning.\",\r\n\"price\": \"2.75\",\r\n\"priceCurrency\": \"EUR\",\r\n\"availability\": \"https:\/\/schema.org\/InStock\",\r\n\r\n\"itemOffered\": {\r\n\"@type\": \"Service\",\r\n\"name\": \"Lotto America Lottery Entry\",\r\n\"description\": \"Anm\u00e4lan till n\u00e4sta Lotto America-dragning via RedFoxLotto.\"\r\n}\r\n}\r\n]\r\n},\r\n\r\n\"mainEntityOfPage\": {\r\n\"@type\": \"WebPage\",\r\n\"@id\": \"https:\/\/redfoxlotto.com\/sv\/spela\/lotto-america\/\"\r\n}\r\n}\r\n<\/script><p>N\u00e4r det g\u00e4ller att spela online-lotto kanske du letar efter n\u00e5got nytt. Det \u00e4r f\u00f6rmodligen d\u00e4rf\u00f6r du bytte till att spela onlinespel i f\u00f6rsta hand. Tja, det kommer att bli mycket roligare f\u00f6r du har inte sett Lotto America \u00e4nnu.<\/p><h2 class=\"wp-block-heading\">Vad \u00e4r Lotto America?<\/h2><p><img decoding=\"async\" class=\"size-full wp-image alignright\" src=\"https:\/\/content.redfoxlotto.com\/uploads\/sites\/9\/1_play_lottery_online5.jpg\" alt=\"spela lotto amerika online\"><\/p><p>Lotto America \u00e4r ett multi-state lotterispel som ger dig en chans till en stor jackpot och ger dig n\u00e5gra bra odds att f\u00f6lja med. Inte bara det utan att biljetterna \u00e4r billiga och det h\u00e4r spelet ger dig m\u00e5nga s\u00e4tt att vinna mindre priser medan du \u00e4r p\u00e5 det. Det betyder att du kommer att ha kul med det \u00e4ven om du inte vinner jackpoten.<\/p><h2 class=\"wp-block-heading\">Vad ska man veta om spelet<\/h2><p>Detta spel ritar tv\u00e5 g\u00e5nger i veckan, p\u00e5 onsdag och l\u00f6rdag. Det drar ocks\u00e5 totalt sex olika bollar. Fem av dessa \u00e4r vanliga, vita bollar, som \u00e4r dina standardnummer. Den ena \u00e4r en r\u00f6d boll, vilket \u00e4r bonusnumret.<\/p><p>N\u00e4r du \u00e4r redo att b\u00f6rja spela Lotto America beh\u00f6ver du bara skapa ett konto online med RedFoxLotto. D\u00e4rifr\u00e5n kan du kolla in alla v\u00e5ra olika spel, som inneh\u00e5ller alternativ fr\u00e5n hela v\u00e4rlden. Lotto America \u00e4r bara ett av de m\u00e5nga spelen du kan v\u00e4lja mellan, men det kommer att bli kul.<\/p><p>N\u00e4r du v\u00e4ljer spelet f\u00e5r du se vad jackpotten \u00e4r och n\u00e4r ritningen h\u00e5lls innan du k\u00f6per en biljett. N\u00e4r du v\u00e4l har best\u00e4mt dig f\u00f6r att k\u00f6pa en biljett v\u00e4ljer du bara de siffror du vill ha. Du kan v\u00e4lja alla siffror sj\u00e4lv om du f\u00f6redrar eller om du bara kan v\u00e4lja ett f\u00e5tal nummer och f\u00e5 resten slumpm\u00e4ssigt genererade. Eller s\u00e5 kan du f\u00e5 alla numren slumpm\u00e4ssigt genererade. Det \u00e4r helt upp till dig.<\/p><h2 class=\"wp-block-heading\">Vann du?<\/h2><p>Allt du beh\u00f6ver g\u00f6ra f\u00f6r att kontrollera dina vinster \u00e4r att titta online. RedFoxLotto erbjuder alla vinnande nummer, och n\u00e4r du g\u00e5r till ditt konto kan du j\u00e4mf\u00f6ra dina biljetter med de vinnande numren<\/p><p>Om du vinner ett litet pris kommer det automatiskt att placeras in p\u00e5 ditt konto. Om du vinner ett stort pris hj\u00e4lper vi dig och g\u00e5r igenom processen att ans\u00f6ka om priset. Men oavsett vad du vinner vet du omedelbart i ditt konto eftersom vi visar dina nummer och de vinnande siffrorna.<\/p><p>S\u00e5 varf\u00f6r inte prova och kolla in Lotto America? Du kanske inte ens inser vad du saknar \u00e4nnu.<\/p>","protected":false},"excerpt":{"rendered":"<p>N\u00e4r det g\u00e4ller att spela online-lotto kanske du letar efter n\u00e5got nytt. Det \u00e4r f\u00f6rmodligen d\u00e4rf\u00f6r du bytte till att spela onlinespel i f\u00f6rsta hand. Tja, det kommer att bli mycket roligare f\u00f6r du har inte sett Lotto America \u00e4nnu. Vad \u00e4r Lotto America? Lotto America \u00e4r ett multi-state lotterispel som ger dig en chans [&hellip;]<\/p>\n","protected":false},"author":1,"featured_media":0,"parent":5112,"menu_order":12,"comment_status":"closed","ping_status":"closed","template":"lotto-america.php","meta":{"_et_pb_use_builder":"","_et_pb_old_content":"","_et_gb_content_width":"","exclude_from_search":false,"footnotes":""},"class_list":["post-12985","page","type-page","status-publish","hentry"],"yoast_head":"<!-- This site is optimized with the Yoast SEO plugin v23.8 - https:\/\/yoast.com\/wordpress\/plugins\/seo\/ -->\n<title>Spela Lotto America online<\/title>\n<meta name=\"description\" content=\"Spelare fr\u00e5n alla l\u00e4nder kan nu g\u00e5 med och spela detta flerstatslotteri fr\u00e5n USA online\" \/>\n<meta name=\"robots\" content=\"index, follow, max-snippet:-1, max-image-preview:large, max-video-preview:-1\" \/>\n<link rel=\"canonical\" href=\"https:\/\/redfoxlotto.com\/sv\/spela\/lotto-america\/\" \/>\n<meta property=\"og:locale\" content=\"sv_SE\" \/>\n<meta property=\"og:type\" content=\"article\" \/>\n<meta property=\"og:title\" content=\"Spela Lotto America online\" \/>\n<meta property=\"og:description\" content=\"Spelare fr\u00e5n alla l\u00e4nder kan nu g\u00e5 med och spela detta flerstatslotteri fr\u00e5n USA online\" \/>\n<meta property=\"og:url\" content=\"https:\/\/redfoxlotto.com\/sv\/spela\/lotto-america\/\" \/>\n<meta property=\"og:site_name\" content=\"Get Tickets for the World\u2019s largest jackpots\" \/>\n<meta property=\"article:modified_time\" content=\"2025-12-10T14:04:36+00:00\" \/>\n<meta property=\"og:image\" content=\"https:\/\/content.redfoxlotto.com\/uploads\/sites\/9\/1_play_lottery_online5.jpg\" \/>\n<meta name=\"twitter:card\" content=\"summary_large_image\" \/>\n<meta name=\"twitter:label1\" content=\"Ber\u00e4knad l\u00e4stid\" \/>\n\t<meta name=\"twitter:data1\" content=\"2 minuter\" \/>\n<script type=\"application\/ld+json\" class=\"yoast-schema-graph\">{\"@context\":\"https:\/\/schema.org\",\"@graph\":[{\"@type\":\"WebPage\",\"@id\":\"https:\/\/redfoxlotto.com\/sv\/spela\/lotto-america\/\",\"url\":\"https:\/\/redfoxlotto.com\/sv\/spela\/lotto-america\/\",\"name\":\"Spela Lotto America online\",\"isPartOf\":{\"@id\":\"https:\/\/redfoxlotto.com\/sv\/#website\"},\"primaryImageOfPage\":{\"@id\":\"https:\/\/redfoxlotto.com\/sv\/spela\/lotto-america\/#primaryimage\"},\"image\":{\"@id\":\"https:\/\/redfoxlotto.com\/sv\/spela\/lotto-america\/#primaryimage\"},\"thumbnailUrl\":\"https:\/\/content.redfoxlotto.com\/uploads\/sites\/9\/1_play_lottery_online5.jpg\",\"datePublished\":\"2023-04-24T18:09:15+00:00\",\"dateModified\":\"2025-12-10T14:04:36+00:00\",\"description\":\"Spelare fr\u00e5n alla l\u00e4nder kan nu g\u00e5 med och spela detta flerstatslotteri fr\u00e5n USA online\",\"breadcrumb\":{\"@id\":\"https:\/\/redfoxlotto.com\/sv\/spela\/lotto-america\/#breadcrumb\"},\"inLanguage\":\"sv-SE\",\"potentialAction\":[{\"@type\":\"ReadAction\",\"target\":[\"https:\/\/redfoxlotto.com\/sv\/spela\/lotto-america\/\"]}]},{\"@type\":\"ImageObject\",\"inLanguage\":\"sv-SE\",\"@id\":\"https:\/\/redfoxlotto.com\/sv\/spela\/lotto-america\/#primaryimage\",\"url\":\"https:\/\/content.redfoxlotto.com\/uploads\/sites\/9\/1_play_lottery_online5.jpg\",\"contentUrl\":\"https:\/\/content.redfoxlotto.com\/uploads\/sites\/9\/1_play_lottery_online5.jpg\"},{\"@type\":\"BreadcrumbList\",\"@id\":\"https:\/\/redfoxlotto.com\/sv\/spela\/lotto-america\/#breadcrumb\",\"itemListElement\":[{\"@type\":\"ListItem\",\"position\":1,\"name\":\"Home\",\"item\":\"https:\/\/redfoxlotto.com\/sv\/\"},{\"@type\":\"ListItem\",\"position\":2,\"name\":\"Hur man spelar lotterier i andra l\u00e4nder\",\"item\":\"https:\/\/redfoxlotto.com\/sv\/spela\/\"},{\"@type\":\"ListItem\",\"position\":3,\"name\":\"Hur man spelar Lotto America online\"}]},{\"@type\":\"WebSite\",\"@id\":\"https:\/\/redfoxlotto.com\/sv\/#website\",\"url\":\"https:\/\/redfoxlotto.com\/sv\/\",\"name\":\"Get Tickets for the World\u2019s largest jackpots\",\"description\":\"Participate in worldwide lottery jackpots from any country\",\"publisher\":{\"@id\":\"https:\/\/redfoxlotto.com\/sv\/#organization\"},\"potentialAction\":[{\"@type\":\"SearchAction\",\"target\":{\"@type\":\"EntryPoint\",\"urlTemplate\":\"https:\/\/redfoxlotto.com\/sv\/?s={search_term_string}\"},\"query-input\":{\"@type\":\"PropertyValueSpecification\",\"valueRequired\":true,\"valueName\":\"search_term_string\"}}],\"inLanguage\":\"sv-SE\"},{\"@type\":\"Organization\",\"@id\":\"https:\/\/redfoxlotto.com\/sv\/#organization\",\"name\":\"Get Tickets for the World\u2019s largest jackpots\",\"url\":\"https:\/\/redfoxlotto.com\/sv\/\",\"logo\":{\"@type\":\"ImageObject\",\"inLanguage\":\"sv-SE\",\"@id\":\"https:\/\/redfoxlotto.com\/sv\/#\/schema\/logo\/image\/\",\"url\":\"https:\/\/redfoxlotto.com\/wp-content\/uploads\/2023\/04\/logo.png\",\"contentUrl\":\"https:\/\/redfoxlotto.com\/wp-content\/uploads\/2023\/04\/logo.png\",\"width\":269,\"height\":53,\"caption\":\"Get Tickets for the World\u2019s largest jackpots\"},\"image\":{\"@id\":\"https:\/\/redfoxlotto.com\/sv\/#\/schema\/logo\/image\/\"}}]}<\/script>\n<!-- \/ Yoast SEO plugin. -->","yoast_head_json":{"title":"Spela Lotto America online","description":"Spelare fr\u00e5n alla l\u00e4nder kan nu g\u00e5 med och spela detta flerstatslotteri fr\u00e5n USA online","robots":{"index":"index","follow":"follow","max-snippet":"max-snippet:-1","max-image-preview":"max-image-preview:large","max-video-preview":"max-video-preview:-1"},"canonical":"https:\/\/redfoxlotto.com\/sv\/spela\/lotto-america\/","og_locale":"sv_SE","og_type":"article","og_title":"Spela Lotto America online","og_description":"Spelare fr\u00e5n alla l\u00e4nder kan nu g\u00e5 med och spela detta flerstatslotteri fr\u00e5n USA online","og_url":"https:\/\/redfoxlotto.com\/sv\/spela\/lotto-america\/","og_site_name":"Get Tickets for the World\u2019s largest jackpots","article_modified_time":"2025-12-10T14:04:36+00:00","og_image":[{"url":"https:\/\/content.redfoxlotto.com\/uploads\/sites\/9\/1_play_lottery_online5.jpg"}],"twitter_card":"summary_large_image","twitter_misc":{"Ber\u00e4knad l\u00e4stid":"2 minuter"},"schema":{"@context":"https:\/\/schema.org","@graph":[{"@type":"WebPage","@id":"https:\/\/redfoxlotto.com\/sv\/spela\/lotto-america\/","url":"https:\/\/redfoxlotto.com\/sv\/spela\/lotto-america\/","name":"Spela Lotto America online","isPartOf":{"@id":"https:\/\/redfoxlotto.com\/sv\/#website"},"primaryImageOfPage":{"@id":"https:\/\/redfoxlotto.com\/sv\/spela\/lotto-america\/#primaryimage"},"image":{"@id":"https:\/\/redfoxlotto.com\/sv\/spela\/lotto-america\/#primaryimage"},"thumbnailUrl":"https:\/\/content.redfoxlotto.com\/uploads\/sites\/9\/1_play_lottery_online5.jpg","datePublished":"2023-04-24T18:09:15+00:00","dateModified":"2025-12-10T14:04:36+00:00","description":"Spelare fr\u00e5n alla l\u00e4nder kan nu g\u00e5 med och spela detta flerstatslotteri fr\u00e5n USA online","breadcrumb":{"@id":"https:\/\/redfoxlotto.com\/sv\/spela\/lotto-america\/#breadcrumb"},"inLanguage":"sv-SE","potentialAction":[{"@type":"ReadAction","target":["https:\/\/redfoxlotto.com\/sv\/spela\/lotto-america\/"]}]},{"@type":"ImageObject","inLanguage":"sv-SE","@id":"https:\/\/redfoxlotto.com\/sv\/spela\/lotto-america\/#primaryimage","url":"https:\/\/content.redfoxlotto.com\/uploads\/sites\/9\/1_play_lottery_online5.jpg","contentUrl":"https:\/\/content.redfoxlotto.com\/uploads\/sites\/9\/1_play_lottery_online5.jpg"},{"@type":"BreadcrumbList","@id":"https:\/\/redfoxlotto.com\/sv\/spela\/lotto-america\/#breadcrumb","itemListElement":[{"@type":"ListItem","position":1,"name":"Home","item":"https:\/\/redfoxlotto.com\/sv\/"},{"@type":"ListItem","position":2,"name":"Hur man spelar lotterier i andra l\u00e4nder","item":"https:\/\/redfoxlotto.com\/sv\/spela\/"},{"@type":"ListItem","position":3,"name":"Hur man spelar Lotto America online"}]},{"@type":"WebSite","@id":"https:\/\/redfoxlotto.com\/sv\/#website","url":"https:\/\/redfoxlotto.com\/sv\/","name":"Get Tickets for the World\u2019s largest jackpots","description":"Participate in worldwide lottery jackpots from any country","publisher":{"@id":"https:\/\/redfoxlotto.com\/sv\/#organization"},"potentialAction":[{"@type":"SearchAction","target":{"@type":"EntryPoint","urlTemplate":"https:\/\/redfoxlotto.com\/sv\/?s={search_term_string}"},"query-input":{"@type":"PropertyValueSpecification","valueRequired":true,"valueName":"search_term_string"}}],"inLanguage":"sv-SE"},{"@type":"Organization","@id":"https:\/\/redfoxlotto.com\/sv\/#organization","name":"Get Tickets for the World\u2019s largest jackpots","url":"https:\/\/redfoxlotto.com\/sv\/","logo":{"@type":"ImageObject","inLanguage":"sv-SE","@id":"https:\/\/redfoxlotto.com\/sv\/#\/schema\/logo\/image\/","url":"https:\/\/redfoxlotto.com\/wp-content\/uploads\/2023\/04\/logo.png","contentUrl":"https:\/\/redfoxlotto.com\/wp-content\/uploads\/2023\/04\/logo.png","width":269,"height":53,"caption":"Get Tickets for the World\u2019s largest jackpots"},"image":{"@id":"https:\/\/redfoxlotto.com\/sv\/#\/schema\/logo\/image\/"}}]}},"_links":{"self":[{"href":"https:\/\/redfoxlotto.com\/sv\/wp-json\/wp\/v2\/pages\/12985","targetHints":{"allow":["GET"]}}],"collection":[{"href":"https:\/\/redfoxlotto.com\/sv\/wp-json\/wp\/v2\/pages"}],"about":[{"href":"https:\/\/redfoxlotto.com\/sv\/wp-json\/wp\/v2\/types\/page"}],"author":[{"embeddable":true,"href":"https:\/\/redfoxlotto.com\/sv\/wp-json\/wp\/v2\/users\/1"}],"replies":[{"embeddable":true,"href":"https:\/\/redfoxlotto.com\/sv\/wp-json\/wp\/v2\/comments?post=12985"}],"version-history":[{"count":0,"href":"https:\/\/redfoxlotto.com\/sv\/wp-json\/wp\/v2\/pages\/12985\/revisions"}],"up":[{"embeddable":true,"href":"https:\/\/redfoxlotto.com\/sv\/wp-json\/wp\/v2\/pages\/5112"}],"wp:attachment":[{"href":"https:\/\/redfoxlotto.com\/sv\/wp-json\/wp\/v2\/media?parent=12985"}],"curies":[{"name":"wp","href":"https:\/\/api.w.org\/{rel}","templated":true}]}}