{"id":102304,"date":"2025-02-12T11:20:21","date_gmt":"2025-02-12T11:20:21","guid":{"rendered":"https:\/\/redfoxlotto.com\/?page_id=102304"},"modified":"2026-01-12T09:42:43","modified_gmt":"2026-01-12T09:42:43","slug":"vinnande-nummer-i-gold-keno","status":"publish","type":"page","link":"https:\/\/redfoxlotto.com\/sv\/keno\/vinnande-nummer-i-gold-keno\/","title":{"rendered":"Vinnande nummer i Gold Keno"},"content":{"rendered":"<h2>Jackpotten p\u00e5 2 miljoner euro v\u00e4ntar p\u00e5 dig i Gold Keno.<\/h2>\n<p><img loading=\"lazy\" decoding=\"async\" class=\"size-medium wp-image-93652 alignright\" src=\"https:\/\/redfoxlotto.com\/wp-content\/uploads\/2025\/09\/gold-keno-win-2-300x300.jpg\" alt=\"gold keno\" width=\"300\" height=\"300\" \/><br \/>\nGold Keno \u00e4r ett online-lotterispel som \u00e4r riktigt underh\u00e5llande att spela. Alla som spelar kan vinna den fantastiska huvudvinsten p\u00e5 2 miljoner euro. Det \u00e4r l\u00e4tt att f\u00f6rst\u00e5 varf\u00f6r Gold Keno \u00e4r s\u00e5 popul\u00e4rt: varje dragning ger dig en verklig chans att vinna mycket pengar som kan f\u00f6r\u00e4ndra ditt liv till det b\u00e4ttre. Det roliga med detta spel kommer fr\u00e5n det faktum att det har snabba dragningar, r\u00e4ttvist spel och chansen att vinna jackpotten p\u00e5 tv\u00e5 miljoner euro. Detta g\u00e4ller oavsett om du spelar f\u00f6r skojs skull eller vill tj\u00e4na mycket pengar.<\/p>\n<h2>En guide till oddsen f\u00f6r att spela Gold Keno<\/h2>\n<p>I Gold Keno v\u00e4ljs 20 nummer slumpm\u00e4ssigt fr\u00e5n en pool p\u00e5 \u00e5ttio. Spelarna v\u00e4ljer sina egna nummer, och vinstbeloppet beror p\u00e5 hur m\u00e5nga g\u00e5nger deras val matchar dragningen. Genom att l\u00e4gga till en multiplikator \u00f6kar den m\u00f6jliga utbetalningen. Detta inneb\u00e4r att biljetter som kostar mer vinner st\u00f6rre priser.<\/p>\n<p>N\u00e4r du har fler alternativ har du st\u00f6rre chans att f\u00e5 en st\u00f6rre utbetalning, men n\u00e4r du har f\u00e4rre alternativ har du st\u00f6rre chans att f\u00e5 en mindre utbetalning. Oddsen f\u00f6r att vinna i keno baseras p\u00e5 denna balans: fler val inneb\u00e4r st\u00f6rre vinster men sv\u00e5rare odds, medan f\u00e4rre val g\u00f6r det enklare att vinna. Om du anv\u00e4nder multiplikatorn kan du vinna huvudvinsten p\u00e5 tv\u00e5 miljoner euro.<\/p>\n<h2>Nyckeln till att vinna mer \u00e4r att anv\u00e4nda multiplikatorer.<\/h2>\n<p>Du kan vinna toppvinsten p\u00e5 2 miljoner euro i Gold Keno tack vare multiplikatorfunktionen. Till exempel:<\/p>\n<p>Om den h\u00f6gsta multiplikatorn \u00e4r inst\u00e4lld p\u00e5 5x, ger en biljett med en multiplikator p\u00e5 1x dig 20 % av den st\u00f6rsta vinsten. Om spelare satsar med den h\u00f6gsta multiplikatorn kan de f\u00e5 full tillg\u00e5ng till vinstpotten, som \u00e4r v\u00e4rd mer \u00e4n 2 miljoner euro.<\/p>\n<p>Denna teknik erbjuder ett annat s\u00e4tt f\u00f6r spelare att \u00e4ndra oddsen f\u00f6r att vinna i keno. Det ger b\u00e5de f\u00f6rsiktiga spelare och risktagare ett r\u00e4ttvist s\u00e4tt att spela.<\/p>\n<h2>Kontanter och ins\u00e4ttningar anv\u00e4nds f\u00f6r transaktioner.<\/h2>\n<p>Du m\u00e5ste s\u00e4tta in pengar p\u00e5 ditt konto och k\u00f6pa biljetter online f\u00f6r att spela Gold Keno. Transaktionerna \u00e4r snabba, s\u00e4kra och enkla att f\u00f6rst\u00e5, s\u00e5 du kan delta i valfri dragning direkt.<\/p>\n<h2>Det p\u00e5g\u00e5r m\u00e5nga Gold Keno-dragningar<\/h2>\n<p>Du beh\u00f6ver inte v\u00e4nta p\u00e5 att spela Gold Keno som du m\u00e5ste g\u00f6ra med andra lotterier. Varje minut h\u00e5lls nya dragningar, vilket g\u00f6r jakten p\u00e5 toppvinsten p\u00e5 2 miljoner euro till ett roligt och o\u00e4ndligt \u00e4ventyr. Eftersom det \u00e4r s\u00e5 m\u00e5nga dragningar testas oddsen f\u00f6r att vinna p\u00e5 keno om och om igen, vilket g\u00f6r spelet underh\u00e5llande.<\/p>\n<h2>En slumptalsgenerator (RNG) f\u00f6r r\u00e4ttvist spel<\/h2>\n<p>F\u00f6r att s\u00e4kerst\u00e4lla att varje Gold Keno-dragning \u00e4r r\u00e4ttvis anv\u00e4nder vi en validerad slumptalsgenerator (RNG). Eftersom varje resultat \u00e4r helt slumpm\u00e4ssigt baseras chansen att vinna priset p\u00e5 2 miljoner euro inte p\u00e5 gissningar utan p\u00e5 slumpen. Detta s\u00e4kerst\u00e4ller att alla har samma chans att vinna p\u00e5 keno.<\/p>\n<h2>Kontrollera dina vinster och ta med dig dem<\/h2>\n<p>Spelare kan se resultaten direkt i avsnittet \u201dMina biljetter\u201d. De mindre vinsterna g\u00e5r direkt in p\u00e5 ditt konto, och de st\u00f6rre, som kan vara upp till 2 500 euro, \u00f6verf\u00f6rs ocks\u00e5 direkt. F\u00f6rs\u00e4kringen garanterar toppvinsten p\u00e5 2 miljoner euro och andra stora vinster, och myndigheterna kontrollerar att de delas ut.<\/p>\n<h2>Alla vinnare har r\u00e4tt att f\u00e5 tillbaka sina pengar<\/h2>\n<p>Till skillnad fr\u00e5n de flesta lotterier betalar Gold Keno ut oavsett hur m\u00e5nga biljetter som s\u00e4ljs. Spelet \u00e4r inte bara s\u00e4kert utan ocks\u00e5 l\u00f6nsamt eftersom alla vinster, inklusive lotterijackpotten p\u00e5 2 miljoner euro, \u00e4r helt s\u00e4kra.<\/p>\n<h2>Det finns inga pappersbiljetter eftersom allt sker online.<\/h2>\n<p>Du beh\u00f6ver inga pappersbiljetter eftersom Gold Keno \u00e4r helt digitalt. Systemet h\u00e5ller reda p\u00e5 alla inl\u00e4mningar s\u00e5 att ingenting kan g\u00e5 f\u00f6rlorat eller stulas.<\/p>\n<h2>Slutkommentarer: Vad skiljer Gold Keno fr\u00e5n andra Keno-spel<\/h2>\n<p>Gold Keno \u00e4r fortfarande ett av de mest sp\u00e4nnande online-lotterispelen eftersom det har dragningar varannan minut, r\u00e4ttvisa slumptalsgeneratorer, garanterade vinster och chansen att vinna jackpotten p\u00e5 2 miljoner euro. F\u00f6r personer som funderar p\u00e5 oddsen f\u00f6r att vinna p\u00e5 keno \u00e4r detta spel b\u00e5de sp\u00e4nnande och betryggande, eftersom varje lott kan f\u00f6r\u00e4ndra spelets g\u00e5ng f\u00f6r spelare med stora m\u00e5l.<\/p>\n","protected":false},"excerpt":{"rendered":"<p>Jackpotten p\u00e5 2 miljoner euro v\u00e4ntar p\u00e5 dig i Gold Keno. Gold Keno \u00e4r ett online-lotterispel som \u00e4r riktigt underh\u00e5llande att spela. Alla som spelar kan vinna den fantastiska huvudvinsten p\u00e5 2 miljoner euro. Det \u00e4r l\u00e4tt att f\u00f6rst\u00e5 varf\u00f6r Gold Keno \u00e4r s\u00e5 popul\u00e4rt: varje dragning ger dig en verklig chans att vinna mycket [&hellip;]<\/p>\n","protected":false},"author":8,"featured_media":0,"parent":84446,"menu_order":42,"comment_status":"closed","ping_status":"closed","template":"","meta":{"_et_pb_use_builder":"","_et_pb_old_content":"","_et_gb_content_width":"","exclude_from_search":false,"footnotes":""},"class_list":["post-102304","page","type-page","status-publish","hentry"],"yoast_head":"<!-- This site is optimized with the Yoast SEO plugin v23.8 - https:\/\/yoast.com\/wordpress\/plugins\/seo\/ -->\n<title>Odds f\u00f6r att vinna p\u00e5 Keno | V\u00e5ra Keno-spel har fantastiska odds och priser<\/title>\n<meta name=\"description\" content=\"N\u00e4r du spelar Keno online, titta p\u00e5 oddsen f\u00f6r de spel du hittar. V\u00e5rt Gold Keno har en h\u00f6gsta vinst p\u00e5 2 miljoner euro, kombinerat med de b\u00e4sta oddsen du kan hitta online.\" \/>\n<meta name=\"robots\" content=\"index, follow, max-snippet:-1, max-image-preview:large, max-video-preview:-1\" \/>\n<link rel=\"canonical\" href=\"https:\/\/redfoxlotto.com\/sv\/keno\/vinnande-nummer-i-gold-keno\/\" \/>\n<meta property=\"og:locale\" content=\"sv_SE\" \/>\n<meta property=\"og:type\" content=\"article\" \/>\n<meta property=\"og:title\" content=\"Odds f\u00f6r att vinna p\u00e5 Keno | V\u00e5ra Keno-spel har fantastiska odds och priser\" \/>\n<meta property=\"og:description\" content=\"N\u00e4r du spelar Keno online, titta p\u00e5 oddsen f\u00f6r de spel du hittar. V\u00e5rt Gold Keno har en h\u00f6gsta vinst p\u00e5 2 miljoner euro, kombinerat med de b\u00e4sta oddsen du kan hitta online.\" \/>\n<meta property=\"og:url\" content=\"https:\/\/redfoxlotto.com\/sv\/keno\/vinnande-nummer-i-gold-keno\/\" \/>\n<meta property=\"og:site_name\" content=\"Get Tickets for the World\u2019s largest jackpots\" \/>\n<meta property=\"article:modified_time\" content=\"2026-01-12T09:42:43+00:00\" \/>\n<meta property=\"og:image\" content=\"https:\/\/redfoxlotto.com\/wp-content\/uploads\/2025\/09\/gold-keno-win-2-300x300.jpg\" \/>\n<meta name=\"twitter:card\" content=\"summary_large_image\" \/>\n<meta name=\"twitter:label1\" content=\"Ber\u00e4knad l\u00e4stid\" \/>\n\t<meta name=\"twitter:data1\" content=\"4 minuter\" \/>\n<script type=\"application\/ld+json\" class=\"yoast-schema-graph\">{\"@context\":\"https:\/\/schema.org\",\"@graph\":[{\"@type\":\"WebPage\",\"@id\":\"https:\/\/redfoxlotto.com\/sv\/keno\/vinnande-nummer-i-gold-keno\/\",\"url\":\"https:\/\/redfoxlotto.com\/sv\/keno\/vinnande-nummer-i-gold-keno\/\",\"name\":\"Odds f\u00f6r att vinna p\u00e5 Keno | V\u00e5ra Keno-spel har fantastiska odds och priser\",\"isPartOf\":{\"@id\":\"https:\/\/redfoxlotto.com\/sv\/#website\"},\"primaryImageOfPage\":{\"@id\":\"https:\/\/redfoxlotto.com\/sv\/keno\/vinnande-nummer-i-gold-keno\/#primaryimage\"},\"image\":{\"@id\":\"https:\/\/redfoxlotto.com\/sv\/keno\/vinnande-nummer-i-gold-keno\/#primaryimage\"},\"thumbnailUrl\":\"https:\/\/redfoxlotto.com\/wp-content\/uploads\/2025\/09\/gold-keno-win-2-300x300.jpg\",\"datePublished\":\"2025-02-12T11:20:21+00:00\",\"dateModified\":\"2026-01-12T09:42:43+00:00\",\"description\":\"N\u00e4r du spelar Keno online, titta p\u00e5 oddsen f\u00f6r de spel du hittar. V\u00e5rt Gold Keno har en h\u00f6gsta vinst p\u00e5 2 miljoner euro, kombinerat med de b\u00e4sta oddsen du kan hitta online.\",\"breadcrumb\":{\"@id\":\"https:\/\/redfoxlotto.com\/sv\/keno\/vinnande-nummer-i-gold-keno\/#breadcrumb\"},\"inLanguage\":\"sv-SE\",\"potentialAction\":[{\"@type\":\"ReadAction\",\"target\":[\"https:\/\/redfoxlotto.com\/sv\/keno\/vinnande-nummer-i-gold-keno\/\"]}]},{\"@type\":\"ImageObject\",\"inLanguage\":\"sv-SE\",\"@id\":\"https:\/\/redfoxlotto.com\/sv\/keno\/vinnande-nummer-i-gold-keno\/#primaryimage\",\"url\":\"https:\/\/redfoxlotto.com\/wp-content\/uploads\/2025\/09\/gold-keno-win-2-300x300.jpg\",\"contentUrl\":\"https:\/\/redfoxlotto.com\/wp-content\/uploads\/2025\/09\/gold-keno-win-2-300x300.jpg\"},{\"@type\":\"BreadcrumbList\",\"@id\":\"https:\/\/redfoxlotto.com\/sv\/keno\/vinnande-nummer-i-gold-keno\/#breadcrumb\",\"itemListElement\":[{\"@type\":\"ListItem\",\"position\":1,\"name\":\"Home\",\"item\":\"https:\/\/redfoxlotto.com\/sv\/\"},{\"@type\":\"ListItem\",\"position\":2,\"name\":\"Keno\",\"item\":\"https:\/\/redfoxlotto.com\/sv\/keno\/\"},{\"@type\":\"ListItem\",\"position\":3,\"name\":\"Vinnande nummer i Gold Keno\"}]},{\"@type\":\"WebSite\",\"@id\":\"https:\/\/redfoxlotto.com\/sv\/#website\",\"url\":\"https:\/\/redfoxlotto.com\/sv\/\",\"name\":\"Get Tickets for the World\u2019s largest jackpots\",\"description\":\"Participate in worldwide lottery jackpots from any country\",\"publisher\":{\"@id\":\"https:\/\/redfoxlotto.com\/sv\/#organization\"},\"potentialAction\":[{\"@type\":\"SearchAction\",\"target\":{\"@type\":\"EntryPoint\",\"urlTemplate\":\"https:\/\/redfoxlotto.com\/sv\/?s={search_term_string}\"},\"query-input\":{\"@type\":\"PropertyValueSpecification\",\"valueRequired\":true,\"valueName\":\"search_term_string\"}}],\"inLanguage\":\"sv-SE\"},{\"@type\":\"Organization\",\"@id\":\"https:\/\/redfoxlotto.com\/sv\/#organization\",\"name\":\"Get Tickets for the World\u2019s largest jackpots\",\"url\":\"https:\/\/redfoxlotto.com\/sv\/\",\"logo\":{\"@type\":\"ImageObject\",\"inLanguage\":\"sv-SE\",\"@id\":\"https:\/\/redfoxlotto.com\/sv\/#\/schema\/logo\/image\/\",\"url\":\"https:\/\/redfoxlotto.com\/wp-content\/uploads\/2023\/04\/logo.png\",\"contentUrl\":\"https:\/\/redfoxlotto.com\/wp-content\/uploads\/2023\/04\/logo.png\",\"width\":269,\"height\":53,\"caption\":\"Get Tickets for the World\u2019s largest jackpots\"},\"image\":{\"@id\":\"https:\/\/redfoxlotto.com\/sv\/#\/schema\/logo\/image\/\"}}]}<\/script>\n<!-- \/ Yoast SEO plugin. -->","yoast_head_json":{"title":"Odds f\u00f6r att vinna p\u00e5 Keno | V\u00e5ra Keno-spel har fantastiska odds och priser","description":"N\u00e4r du spelar Keno online, titta p\u00e5 oddsen f\u00f6r de spel du hittar. V\u00e5rt Gold Keno har en h\u00f6gsta vinst p\u00e5 2 miljoner euro, kombinerat med de b\u00e4sta oddsen du kan hitta online.","robots":{"index":"index","follow":"follow","max-snippet":"max-snippet:-1","max-image-preview":"max-image-preview:large","max-video-preview":"max-video-preview:-1"},"canonical":"https:\/\/redfoxlotto.com\/sv\/keno\/vinnande-nummer-i-gold-keno\/","og_locale":"sv_SE","og_type":"article","og_title":"Odds f\u00f6r att vinna p\u00e5 Keno | V\u00e5ra Keno-spel har fantastiska odds och priser","og_description":"N\u00e4r du spelar Keno online, titta p\u00e5 oddsen f\u00f6r de spel du hittar. V\u00e5rt Gold Keno har en h\u00f6gsta vinst p\u00e5 2 miljoner euro, kombinerat med de b\u00e4sta oddsen du kan hitta online.","og_url":"https:\/\/redfoxlotto.com\/sv\/keno\/vinnande-nummer-i-gold-keno\/","og_site_name":"Get Tickets for the World\u2019s largest jackpots","article_modified_time":"2026-01-12T09:42:43+00:00","og_image":[{"url":"https:\/\/redfoxlotto.com\/wp-content\/uploads\/2025\/09\/gold-keno-win-2-300x300.jpg"}],"twitter_card":"summary_large_image","twitter_misc":{"Ber\u00e4knad l\u00e4stid":"4 minuter"},"schema":{"@context":"https:\/\/schema.org","@graph":[{"@type":"WebPage","@id":"https:\/\/redfoxlotto.com\/sv\/keno\/vinnande-nummer-i-gold-keno\/","url":"https:\/\/redfoxlotto.com\/sv\/keno\/vinnande-nummer-i-gold-keno\/","name":"Odds f\u00f6r att vinna p\u00e5 Keno | V\u00e5ra Keno-spel har fantastiska odds och priser","isPartOf":{"@id":"https:\/\/redfoxlotto.com\/sv\/#website"},"primaryImageOfPage":{"@id":"https:\/\/redfoxlotto.com\/sv\/keno\/vinnande-nummer-i-gold-keno\/#primaryimage"},"image":{"@id":"https:\/\/redfoxlotto.com\/sv\/keno\/vinnande-nummer-i-gold-keno\/#primaryimage"},"thumbnailUrl":"https:\/\/redfoxlotto.com\/wp-content\/uploads\/2025\/09\/gold-keno-win-2-300x300.jpg","datePublished":"2025-02-12T11:20:21+00:00","dateModified":"2026-01-12T09:42:43+00:00","description":"N\u00e4r du spelar Keno online, titta p\u00e5 oddsen f\u00f6r de spel du hittar. V\u00e5rt Gold Keno har en h\u00f6gsta vinst p\u00e5 2 miljoner euro, kombinerat med de b\u00e4sta oddsen du kan hitta online.","breadcrumb":{"@id":"https:\/\/redfoxlotto.com\/sv\/keno\/vinnande-nummer-i-gold-keno\/#breadcrumb"},"inLanguage":"sv-SE","potentialAction":[{"@type":"ReadAction","target":["https:\/\/redfoxlotto.com\/sv\/keno\/vinnande-nummer-i-gold-keno\/"]}]},{"@type":"ImageObject","inLanguage":"sv-SE","@id":"https:\/\/redfoxlotto.com\/sv\/keno\/vinnande-nummer-i-gold-keno\/#primaryimage","url":"https:\/\/redfoxlotto.com\/wp-content\/uploads\/2025\/09\/gold-keno-win-2-300x300.jpg","contentUrl":"https:\/\/redfoxlotto.com\/wp-content\/uploads\/2025\/09\/gold-keno-win-2-300x300.jpg"},{"@type":"BreadcrumbList","@id":"https:\/\/redfoxlotto.com\/sv\/keno\/vinnande-nummer-i-gold-keno\/#breadcrumb","itemListElement":[{"@type":"ListItem","position":1,"name":"Home","item":"https:\/\/redfoxlotto.com\/sv\/"},{"@type":"ListItem","position":2,"name":"Keno","item":"https:\/\/redfoxlotto.com\/sv\/keno\/"},{"@type":"ListItem","position":3,"name":"Vinnande nummer i Gold Keno"}]},{"@type":"WebSite","@id":"https:\/\/redfoxlotto.com\/sv\/#website","url":"https:\/\/redfoxlotto.com\/sv\/","name":"Get Tickets for the World\u2019s largest jackpots","description":"Participate in worldwide lottery jackpots from any country","publisher":{"@id":"https:\/\/redfoxlotto.com\/sv\/#organization"},"potentialAction":[{"@type":"SearchAction","target":{"@type":"EntryPoint","urlTemplate":"https:\/\/redfoxlotto.com\/sv\/?s={search_term_string}"},"query-input":{"@type":"PropertyValueSpecification","valueRequired":true,"valueName":"search_term_string"}}],"inLanguage":"sv-SE"},{"@type":"Organization","@id":"https:\/\/redfoxlotto.com\/sv\/#organization","name":"Get Tickets for the World\u2019s largest jackpots","url":"https:\/\/redfoxlotto.com\/sv\/","logo":{"@type":"ImageObject","inLanguage":"sv-SE","@id":"https:\/\/redfoxlotto.com\/sv\/#\/schema\/logo\/image\/","url":"https:\/\/redfoxlotto.com\/wp-content\/uploads\/2023\/04\/logo.png","contentUrl":"https:\/\/redfoxlotto.com\/wp-content\/uploads\/2023\/04\/logo.png","width":269,"height":53,"caption":"Get Tickets for the World\u2019s largest jackpots"},"image":{"@id":"https:\/\/redfoxlotto.com\/sv\/#\/schema\/logo\/image\/"}}]}},"_links":{"self":[{"href":"https:\/\/redfoxlotto.com\/sv\/wp-json\/wp\/v2\/pages\/102304","targetHints":{"allow":["GET"]}}],"collection":[{"href":"https:\/\/redfoxlotto.com\/sv\/wp-json\/wp\/v2\/pages"}],"about":[{"href":"https:\/\/redfoxlotto.com\/sv\/wp-json\/wp\/v2\/types\/page"}],"author":[{"embeddable":true,"href":"https:\/\/redfoxlotto.com\/sv\/wp-json\/wp\/v2\/users\/8"}],"replies":[{"embeddable":true,"href":"https:\/\/redfoxlotto.com\/sv\/wp-json\/wp\/v2\/comments?post=102304"}],"version-history":[{"count":0,"href":"https:\/\/redfoxlotto.com\/sv\/wp-json\/wp\/v2\/pages\/102304\/revisions"}],"up":[{"embeddable":true,"href":"https:\/\/redfoxlotto.com\/sv\/wp-json\/wp\/v2\/pages\/84446"}],"wp:attachment":[{"href":"https:\/\/redfoxlotto.com\/sv\/wp-json\/wp\/v2\/media?parent=102304"}],"curies":[{"name":"wp","href":"https:\/\/api.w.org\/{rel}","templated":true}]}}