{"id":102091,"date":"2025-05-22T08:53:38","date_gmt":"2025-05-22T08:53:38","guid":{"rendered":"https:\/\/redfoxlotto.com\/?page_id=102091"},"modified":"2026-01-10T07:37:49","modified_gmt":"2026-01-10T07:37:49","slug":"keno-lotteriresultat","status":"publish","type":"page","link":"https:\/\/redfoxlotto.com\/sv\/keno\/keno-lotteriresultat\/","title":{"rendered":"Vinnande nummer i Platinum Keno"},"content":{"rendered":"<h2>Hur oddsen v\u00e4ljs och var du hittar resultaten i Platinum Keno<\/h2>\n<p><img loading=\"lazy\" decoding=\"async\" class=\"size-medium wp-image-83635 alignright\" src=\"https:\/\/redfoxlotto.com\/wp-content\/uploads\/2025\/03\/keno_card-300x300.jpg\" alt=\"platnum keno\" width=\"300\" height=\"300\" srcset=\"https:\/\/redfoxlotto.com\/wp-content\/uploads\/2025\/03\/keno_card-300x300.jpg 300w, https:\/\/redfoxlotto.com\/wp-content\/uploads\/2025\/03\/keno_card-150x150.jpg 150w, https:\/\/redfoxlotto.com\/wp-content\/uploads\/2025\/03\/keno_card-100x100.jpg 100w, https:\/\/redfoxlotto.com\/wp-content\/uploads\/2025\/03\/keno_card.jpg 307w\" sizes=\"auto, (max-width: 300px) 100vw, 300px\" \/><br \/>\nPlatinum Keno \u00e4r p\u00e5 v\u00e4g att bli ett av de mest popul\u00e4ra lotterispelen. Snart kommer spelare att kunna njuta av allt det roliga med traditionell Keno fr\u00e5n bekv\u00e4mligheten av sina egna sk\u00e4rmar, tack vare snabba dragningar, tydliga regler och enkelheten med att spela online. Det finns inga live-resultat \u00e4nnu, men h\u00e4r \u00e4r vad du beh\u00f6ver veta om hur numren v\u00e4ljs, var du hittar dem och hur du ser om du har vunnit n\u00e4r spelet startar.<\/p>\n<h2>Stegen som anv\u00e4nds f\u00f6r att v\u00e4lja Platinum Keno-nummer<\/h2>\n<p>Platinum Keno bygger p\u00e5 id\u00e9n att allt ska vara r\u00e4ttvist. En kontrollerad slumptalsgenerator (RNG) v\u00e4ljer numren. Detta ska g\u00f6ra varje dragning helt slumpm\u00e4ssig. RNG ser till att varje nummer i poolen har samma chans att v\u00e4ljas, precis som n\u00e4r du drar numrerade bollar fr\u00e5n en maskin.<\/p>\n<ul>\n<li>Spelarna v\u00e4ljer fr\u00e5n en pool med nummer fr\u00e5n 1 till 80.<\/li>\n<li>Dragningens storlek: Varje omg\u00e5ng v\u00e4ljs 20 nummer slumpm\u00e4ssigt.<\/li>\n<li>Lika chanser: Det finns inga favoritnummer, allt beror p\u00e5 tur.<\/li>\n<li>Med denna metod \u00e4r varje dragning tydlig, kan kontrolleras och bygger p\u00e5 f\u00f6rtroende.<\/li>\n<\/ul>\n<h2>Hur man spelar spelet.<\/h2>\n<p>Platinum Keno \u00e4r gjort f\u00f6r b\u00e5de vanliga spelare och personer som vill vinna stora jackpottar. V\u00e4lj nummer fr\u00e5n en pool med 80 nummer, varav 20 v\u00e4ljs slumpm\u00e4ssigt. S\u00e5 h\u00e4r spelas spelet. Du vill att s\u00e5 m\u00e5nga av dina val som m\u00f6jligt ska st\u00e4mma.<\/p>\n<h2>V\u00e4lja nummer.<\/h2>\n<p>Du v\u00e4ljer antalet \u201dplatser\u201d (nummer) du vill spela. Olika personer v\u00e4ljer olika antal kort. Antalet platser du v\u00e4ljer p\u00e5verkar direkt dina chanser och hur mycket pengar du kan vinna.<\/p>\n<h2>V\u00e4lja en faktor.<\/h2>\n<p>Platinum Keno har en multiplikator som \u00e4ndrar vinsterna. I det h\u00e4r fallet, om den h\u00f6gsta multiplikatorn \u00e4r 5, kommer du att f\u00e5 20 % av 5x-vinsten om du spelar med en 1x-multiplikator. Om tio \u00e4r det h\u00f6gsta. Om h\u00f6gsta vinsten \u00e4r 10, kommer en 1x-biljett att ge 10 % av 10x-vinsten. En st\u00f6rre multiplikator g\u00f6r b\u00e5de priset p\u00e5 din biljett och chansen att vinna st\u00f6rre.<\/p>\n<h2>Anv\u00e4nda listan \u00f6ver utbetalningar<\/h2>\n<p>Den visar exakt hur mycket du kan vinna baserat p\u00e5 de nummer du v\u00e4ljer och bonusen. T\u00e4nk p\u00e5 den som en priskarta; den visar vad som st\u00e5r p\u00e5 spel innan dragningen ens \u00e4ger rum.<\/p>\n<h2>Hur valen p\u00e5verkar vad som h\u00e4nder<\/h2>\n<p>Om du v\u00e4ljer fler nummer \u00f6kar den st\u00f6rsta vinsten du kan vinna, men dina chanser att f\u00e5 alla stiger. D\u00e4remot \u00f6kar en h\u00f6gre multiplikator utbetalningen om du vinner, men du m\u00e5ste satsa mer pengar i b\u00f6rjan. Platinum Keno \u00e4r b\u00e5de sp\u00e4nnande och riskabelt eftersom du m\u00e5ste balansera risk och vinst.<\/p>\n<h2>De b\u00e4sta st\u00e4llena att hitta Platinum Keno-resultat<\/h2>\n<p>S\u00e5 snart Platinum Keno startar kommer de senaste resultaten att finnas tillg\u00e4ngliga p\u00e5 RedFoxLottos resultatsida. Du beh\u00f6ver inte l\u00e4mna appen f\u00f6r att h\u00e5lla koll p\u00e5 tidigare och nuvarande dragningar p\u00e5 detta s\u00e4tt.<\/p>\n<p>Du kan g\u00f6ra f\u00f6ljande:<\/p>\n<ul>\n<li>Kolla in den fullst\u00e4ndiga listan \u00f6ver nummer som valts f\u00f6r varje spel.<\/li>\n<li>Titta p\u00e5 tidigare dragningar f\u00f6r att se teman och trender.<\/li>\n<li>H\u00e5ll dig uppdaterad om nyheterna utan att beh\u00f6va leta n\u00e5gon annanstans.<\/li>\n<\/ul>\n<h2>Hur du tar reda p\u00e5 om du har vunnit<\/h2>\n<p>Nu beh\u00f6ver du inte l\u00e4ngre anv\u00e4nda papperskuponger \u2013 Platinum Keno \u00e4r ett renodlat dataspel. Dina nummer sparas i ditt RedFoxLotto-konto direkt efter varje spel. Du kan kontrollera resultaten direkt efter varje dragning:<\/p>\n<p>Klicka p\u00e5 \u201dMina kuponger\u201d \u2013 H\u00e4r listas alla kuponger du har k\u00f6pt.<\/p>\n<p>J\u00e4mf\u00f6r dina nummer med resultaten: Om dina nummer \u00e4r desamma som de som drogs i den vinnande dragningen visar systemet omedelbart dessa matchningar f\u00f6r dig.<\/p>\n<p>S\u00e5 snart du har vunnit visas det belopp du kommer att f\u00e5 utbetalt. Vinster av mindre v\u00e4rde s\u00e4tts in direkt p\u00e5 ditt konto, medan vinster av st\u00f6rre v\u00e4rde kan komma att verifieras innan de \u00f6verf\u00f6rs.<\/p>\n<h2>G\u00f6r ins\u00e4ttningar och spela<\/h2>\n<p>Du m\u00e5ste ha pengar p\u00e5 ditt RedFoxLotto-konto f\u00f6r att kunna spela Platinum Keno. Det \u00e4r enkelt och s\u00e4kert att g\u00f6ra en ins\u00e4ttning, och n\u00e4r ditt belopp har tillf\u00f6rts kan du anv\u00e4nda det direkt f\u00f6r att k\u00f6pa lotter.<\/p>\n<h2>Varf\u00f6r du kan lita p\u00e5 resultaten<\/h2>\n<p>Varje vinst i Platinum Keno \u00e4r f\u00f6rs\u00e4krad, s\u00e5 du f\u00e5r tillbaka dina pengar oavsett om du vinner 5 \u20ac eller 500 000 \u20ac. RedFoxLotto ser till att du f\u00e5r betalt, och RNG ser till att allt \u00e4r r\u00e4ttvist.<\/p>\n<h2>Sammanfattning<\/h2>\n<p>Det \u00e4r som en blandning mellan det gammaldags s\u00e4ttet att dra nummer och det enkla s\u00e4ttet att spela dataspel. \u00c4ven om de slutliga resultaten \u00e4nnu inte har kommit ut kan spelarna se fram emot:<\/p>\n<ul>\n<li>R\u00e4ttvisa dragningar verifierade av RNG.<\/li>\n<li>Spelet g\u00e5r snabbt och du f\u00e5r resultat varannan minut.<\/li>\n<li>RedFoxLotto g\u00f6r det enkelt att komma direkt till resultaten.<\/li>\n<li>Ditt konto h\u00e5ller automatiskt reda p\u00e5 vinsterna.<\/li>\n<li>N\u00e4r spelet startar \u00e4r allt du beh\u00f6ver g\u00f6ra att komma tillbaka efter dragningen f\u00f6r att se om du har vunnit.<\/li>\n<\/ul>\n","protected":false},"excerpt":{"rendered":"<p>Hur oddsen v\u00e4ljs och var du hittar resultaten i Platinum Keno Platinum Keno \u00e4r p\u00e5 v\u00e4g att bli ett av de mest popul\u00e4ra lotterispelen. Snart kommer spelare att kunna njuta av allt det roliga med traditionell Keno fr\u00e5n bekv\u00e4mligheten av sina egna sk\u00e4rmar, tack vare snabba dragningar, tydliga regler och enkelheten med att spela online. [&hellip;]<\/p>\n","protected":false},"author":8,"featured_media":0,"parent":84446,"menu_order":41,"comment_status":"closed","ping_status":"closed","template":"","meta":{"_et_pb_use_builder":"","_et_pb_old_content":"","_et_gb_content_width":"","exclude_from_search":false,"footnotes":""},"class_list":["post-102091","page","type-page","status-publish","hentry"],"yoast_head":"<!-- This site is optimized with the Yoast SEO plugin v23.8 - https:\/\/yoast.com\/wordpress\/plugins\/seo\/ -->\n<title>Keno-lotteriresultat f\u00f6r denna dagliga Keno-dragning online med 5 miljoner euro i potten<\/title>\n<meta name=\"description\" content=\"Denna Keno-lotteri drar dagligen med en h\u00f6gsta vinst p\u00e5 5 miljoner euro \u2013 se resultaten f\u00f6r v\u00e5ra Keno-dragningar h\u00e4r. Vi har ett Keno-spel med 5 miljoner euro och ett med 10 miljoner euro i potten.\" \/>\n<meta name=\"robots\" content=\"index, follow, max-snippet:-1, max-image-preview:large, max-video-preview:-1\" \/>\n<link rel=\"canonical\" href=\"https:\/\/redfoxlotto.com\/sv\/keno\/keno-lotteriresultat\/\" \/>\n<meta property=\"og:locale\" content=\"sv_SE\" \/>\n<meta property=\"og:type\" content=\"article\" \/>\n<meta property=\"og:title\" content=\"Keno-lotteriresultat f\u00f6r denna dagliga Keno-dragning online med 5 miljoner euro i potten\" \/>\n<meta property=\"og:description\" content=\"Denna Keno-lotteri drar dagligen med en h\u00f6gsta vinst p\u00e5 5 miljoner euro \u2013 se resultaten f\u00f6r v\u00e5ra Keno-dragningar h\u00e4r. Vi har ett Keno-spel med 5 miljoner euro och ett med 10 miljoner euro i potten.\" \/>\n<meta property=\"og:url\" content=\"https:\/\/redfoxlotto.com\/sv\/keno\/keno-lotteriresultat\/\" \/>\n<meta property=\"og:site_name\" content=\"Get Tickets for the World\u2019s largest jackpots\" \/>\n<meta property=\"article:modified_time\" content=\"2026-01-10T07:37:49+00:00\" \/>\n<meta property=\"og:image\" content=\"https:\/\/redfoxlotto.com\/wp-content\/uploads\/2025\/03\/keno_card-300x300.jpg\" \/>\n<meta name=\"twitter:card\" content=\"summary_large_image\" \/>\n<meta name=\"twitter:label1\" content=\"Ber\u00e4knad l\u00e4stid\" \/>\n\t<meta name=\"twitter:data1\" content=\"4 minuter\" \/>\n<script type=\"application\/ld+json\" class=\"yoast-schema-graph\">{\"@context\":\"https:\/\/schema.org\",\"@graph\":[{\"@type\":\"WebPage\",\"@id\":\"https:\/\/redfoxlotto.com\/sv\/keno\/keno-lotteriresultat\/\",\"url\":\"https:\/\/redfoxlotto.com\/sv\/keno\/keno-lotteriresultat\/\",\"name\":\"Keno-lotteriresultat f\u00f6r denna dagliga Keno-dragning online med 5 miljoner euro i potten\",\"isPartOf\":{\"@id\":\"https:\/\/redfoxlotto.com\/sv\/#website\"},\"primaryImageOfPage\":{\"@id\":\"https:\/\/redfoxlotto.com\/sv\/keno\/keno-lotteriresultat\/#primaryimage\"},\"image\":{\"@id\":\"https:\/\/redfoxlotto.com\/sv\/keno\/keno-lotteriresultat\/#primaryimage\"},\"thumbnailUrl\":\"https:\/\/redfoxlotto.com\/wp-content\/uploads\/2025\/03\/keno_card-300x300.jpg\",\"datePublished\":\"2025-05-22T08:53:38+00:00\",\"dateModified\":\"2026-01-10T07:37:49+00:00\",\"description\":\"Denna Keno-lotteri drar dagligen med en h\u00f6gsta vinst p\u00e5 5 miljoner euro \u2013 se resultaten f\u00f6r v\u00e5ra Keno-dragningar h\u00e4r. Vi har ett Keno-spel med 5 miljoner euro och ett med 10 miljoner euro i potten.\",\"breadcrumb\":{\"@id\":\"https:\/\/redfoxlotto.com\/sv\/keno\/keno-lotteriresultat\/#breadcrumb\"},\"inLanguage\":\"sv-SE\",\"potentialAction\":[{\"@type\":\"ReadAction\",\"target\":[\"https:\/\/redfoxlotto.com\/sv\/keno\/keno-lotteriresultat\/\"]}]},{\"@type\":\"ImageObject\",\"inLanguage\":\"sv-SE\",\"@id\":\"https:\/\/redfoxlotto.com\/sv\/keno\/keno-lotteriresultat\/#primaryimage\",\"url\":\"https:\/\/redfoxlotto.com\/wp-content\/uploads\/2025\/03\/keno_card-300x300.jpg\",\"contentUrl\":\"https:\/\/redfoxlotto.com\/wp-content\/uploads\/2025\/03\/keno_card-300x300.jpg\"},{\"@type\":\"BreadcrumbList\",\"@id\":\"https:\/\/redfoxlotto.com\/sv\/keno\/keno-lotteriresultat\/#breadcrumb\",\"itemListElement\":[{\"@type\":\"ListItem\",\"position\":1,\"name\":\"Home\",\"item\":\"https:\/\/redfoxlotto.com\/sv\/\"},{\"@type\":\"ListItem\",\"position\":2,\"name\":\"Keno\",\"item\":\"https:\/\/redfoxlotto.com\/sv\/keno\/\"},{\"@type\":\"ListItem\",\"position\":3,\"name\":\"Vinnande nummer i Platinum Keno\"}]},{\"@type\":\"WebSite\",\"@id\":\"https:\/\/redfoxlotto.com\/sv\/#website\",\"url\":\"https:\/\/redfoxlotto.com\/sv\/\",\"name\":\"Get Tickets for the World\u2019s largest jackpots\",\"description\":\"Participate in worldwide lottery jackpots from any country\",\"publisher\":{\"@id\":\"https:\/\/redfoxlotto.com\/sv\/#organization\"},\"potentialAction\":[{\"@type\":\"SearchAction\",\"target\":{\"@type\":\"EntryPoint\",\"urlTemplate\":\"https:\/\/redfoxlotto.com\/sv\/?s={search_term_string}\"},\"query-input\":{\"@type\":\"PropertyValueSpecification\",\"valueRequired\":true,\"valueName\":\"search_term_string\"}}],\"inLanguage\":\"sv-SE\"},{\"@type\":\"Organization\",\"@id\":\"https:\/\/redfoxlotto.com\/sv\/#organization\",\"name\":\"Get Tickets for the World\u2019s largest jackpots\",\"url\":\"https:\/\/redfoxlotto.com\/sv\/\",\"logo\":{\"@type\":\"ImageObject\",\"inLanguage\":\"sv-SE\",\"@id\":\"https:\/\/redfoxlotto.com\/sv\/#\/schema\/logo\/image\/\",\"url\":\"https:\/\/redfoxlotto.com\/wp-content\/uploads\/2023\/04\/logo.png\",\"contentUrl\":\"https:\/\/redfoxlotto.com\/wp-content\/uploads\/2023\/04\/logo.png\",\"width\":269,\"height\":53,\"caption\":\"Get Tickets for the World\u2019s largest jackpots\"},\"image\":{\"@id\":\"https:\/\/redfoxlotto.com\/sv\/#\/schema\/logo\/image\/\"}}]}<\/script>\n<!-- \/ Yoast SEO plugin. -->","yoast_head_json":{"title":"Keno-lotteriresultat f\u00f6r denna dagliga Keno-dragning online med 5 miljoner euro i potten","description":"Denna Keno-lotteri drar dagligen med en h\u00f6gsta vinst p\u00e5 5 miljoner euro \u2013 se resultaten f\u00f6r v\u00e5ra Keno-dragningar h\u00e4r. Vi har ett Keno-spel med 5 miljoner euro och ett med 10 miljoner euro i potten.","robots":{"index":"index","follow":"follow","max-snippet":"max-snippet:-1","max-image-preview":"max-image-preview:large","max-video-preview":"max-video-preview:-1"},"canonical":"https:\/\/redfoxlotto.com\/sv\/keno\/keno-lotteriresultat\/","og_locale":"sv_SE","og_type":"article","og_title":"Keno-lotteriresultat f\u00f6r denna dagliga Keno-dragning online med 5 miljoner euro i potten","og_description":"Denna Keno-lotteri drar dagligen med en h\u00f6gsta vinst p\u00e5 5 miljoner euro \u2013 se resultaten f\u00f6r v\u00e5ra Keno-dragningar h\u00e4r. Vi har ett Keno-spel med 5 miljoner euro och ett med 10 miljoner euro i potten.","og_url":"https:\/\/redfoxlotto.com\/sv\/keno\/keno-lotteriresultat\/","og_site_name":"Get Tickets for the World\u2019s largest jackpots","article_modified_time":"2026-01-10T07:37:49+00:00","og_image":[{"url":"https:\/\/redfoxlotto.com\/wp-content\/uploads\/2025\/03\/keno_card-300x300.jpg"}],"twitter_card":"summary_large_image","twitter_misc":{"Ber\u00e4knad l\u00e4stid":"4 minuter"},"schema":{"@context":"https:\/\/schema.org","@graph":[{"@type":"WebPage","@id":"https:\/\/redfoxlotto.com\/sv\/keno\/keno-lotteriresultat\/","url":"https:\/\/redfoxlotto.com\/sv\/keno\/keno-lotteriresultat\/","name":"Keno-lotteriresultat f\u00f6r denna dagliga Keno-dragning online med 5 miljoner euro i potten","isPartOf":{"@id":"https:\/\/redfoxlotto.com\/sv\/#website"},"primaryImageOfPage":{"@id":"https:\/\/redfoxlotto.com\/sv\/keno\/keno-lotteriresultat\/#primaryimage"},"image":{"@id":"https:\/\/redfoxlotto.com\/sv\/keno\/keno-lotteriresultat\/#primaryimage"},"thumbnailUrl":"https:\/\/redfoxlotto.com\/wp-content\/uploads\/2025\/03\/keno_card-300x300.jpg","datePublished":"2025-05-22T08:53:38+00:00","dateModified":"2026-01-10T07:37:49+00:00","description":"Denna Keno-lotteri drar dagligen med en h\u00f6gsta vinst p\u00e5 5 miljoner euro \u2013 se resultaten f\u00f6r v\u00e5ra Keno-dragningar h\u00e4r. Vi har ett Keno-spel med 5 miljoner euro och ett med 10 miljoner euro i potten.","breadcrumb":{"@id":"https:\/\/redfoxlotto.com\/sv\/keno\/keno-lotteriresultat\/#breadcrumb"},"inLanguage":"sv-SE","potentialAction":[{"@type":"ReadAction","target":["https:\/\/redfoxlotto.com\/sv\/keno\/keno-lotteriresultat\/"]}]},{"@type":"ImageObject","inLanguage":"sv-SE","@id":"https:\/\/redfoxlotto.com\/sv\/keno\/keno-lotteriresultat\/#primaryimage","url":"https:\/\/redfoxlotto.com\/wp-content\/uploads\/2025\/03\/keno_card-300x300.jpg","contentUrl":"https:\/\/redfoxlotto.com\/wp-content\/uploads\/2025\/03\/keno_card-300x300.jpg"},{"@type":"BreadcrumbList","@id":"https:\/\/redfoxlotto.com\/sv\/keno\/keno-lotteriresultat\/#breadcrumb","itemListElement":[{"@type":"ListItem","position":1,"name":"Home","item":"https:\/\/redfoxlotto.com\/sv\/"},{"@type":"ListItem","position":2,"name":"Keno","item":"https:\/\/redfoxlotto.com\/sv\/keno\/"},{"@type":"ListItem","position":3,"name":"Vinnande nummer i Platinum Keno"}]},{"@type":"WebSite","@id":"https:\/\/redfoxlotto.com\/sv\/#website","url":"https:\/\/redfoxlotto.com\/sv\/","name":"Get Tickets for the World\u2019s largest jackpots","description":"Participate in worldwide lottery jackpots from any country","publisher":{"@id":"https:\/\/redfoxlotto.com\/sv\/#organization"},"potentialAction":[{"@type":"SearchAction","target":{"@type":"EntryPoint","urlTemplate":"https:\/\/redfoxlotto.com\/sv\/?s={search_term_string}"},"query-input":{"@type":"PropertyValueSpecification","valueRequired":true,"valueName":"search_term_string"}}],"inLanguage":"sv-SE"},{"@type":"Organization","@id":"https:\/\/redfoxlotto.com\/sv\/#organization","name":"Get Tickets for the World\u2019s largest jackpots","url":"https:\/\/redfoxlotto.com\/sv\/","logo":{"@type":"ImageObject","inLanguage":"sv-SE","@id":"https:\/\/redfoxlotto.com\/sv\/#\/schema\/logo\/image\/","url":"https:\/\/redfoxlotto.com\/wp-content\/uploads\/2023\/04\/logo.png","contentUrl":"https:\/\/redfoxlotto.com\/wp-content\/uploads\/2023\/04\/logo.png","width":269,"height":53,"caption":"Get Tickets for the World\u2019s largest jackpots"},"image":{"@id":"https:\/\/redfoxlotto.com\/sv\/#\/schema\/logo\/image\/"}}]}},"_links":{"self":[{"href":"https:\/\/redfoxlotto.com\/sv\/wp-json\/wp\/v2\/pages\/102091","targetHints":{"allow":["GET"]}}],"collection":[{"href":"https:\/\/redfoxlotto.com\/sv\/wp-json\/wp\/v2\/pages"}],"about":[{"href":"https:\/\/redfoxlotto.com\/sv\/wp-json\/wp\/v2\/types\/page"}],"author":[{"embeddable":true,"href":"https:\/\/redfoxlotto.com\/sv\/wp-json\/wp\/v2\/users\/8"}],"replies":[{"embeddable":true,"href":"https:\/\/redfoxlotto.com\/sv\/wp-json\/wp\/v2\/comments?post=102091"}],"version-history":[{"count":0,"href":"https:\/\/redfoxlotto.com\/sv\/wp-json\/wp\/v2\/pages\/102091\/revisions"}],"up":[{"embeddable":true,"href":"https:\/\/redfoxlotto.com\/sv\/wp-json\/wp\/v2\/pages\/84446"}],"wp:attachment":[{"href":"https:\/\/redfoxlotto.com\/sv\/wp-json\/wp\/v2\/media?parent=102091"}],"curies":[{"name":"wp","href":"https:\/\/api.w.org\/{rel}","templated":true}]}}