{"id":87691,"date":"2025-05-19T09:08:38","date_gmt":"2025-05-19T09:08:38","guid":{"rendered":"https:\/\/redfoxlotto.com\/?page_id=87691"},"modified":"2025-05-28T07:08:08","modified_gmt":"2025-05-28T07:08:08","slug":"euromillions-eu","status":"publish","type":"page","link":"https:\/\/redfoxlotto.com\/sr\/lutrija\/euromillions-eu\/","title":{"rendered":"\u041e \u043b\u0443\u0442\u0440\u0438\u0458\u0438 Euromillions EU"},"content":{"rendered":"<p data-start=\"110\" data-end=\"683\">EuroMillions EU je jedna od najve\u0107ih i najpopularnijih lutrija u Evropi, koja svake nedelje privla\u010di milione u\u010desnika zahvaljuju\u0107i mogu\u0107nosti osvajanja d\u017eekpotova koji menjaju \u017eivot. Ova lutrija, zvani\u010dno poznata kao evropska verzija EuroMillions-a, veoma je popularna u vi\u0161e evropskih zemalja: Francuskoj, \u0160paniji, Austriji, Belgiji, Irskoj, Luksemburgu, Portugalu i \u0160vajcarskoj. Prvo izvla\u010denje odr\u017eano je 13. februara 2004. godine, u po\u010detku samo u Francuskoj, \u0160paniji i Ujedinjenom Kraljevstvu, a do oktobra iste godine igra je pro\u0161irena na dodatne evropske zemlje.<\/p>\n<p><img loading=\"lazy\" decoding=\"async\" class=\"size-full wp-image-48546 alignright\" src=\"https:\/\/redfoxlotto.com\/wp-content\/uploads\/2023\/04\/powerball-draw-youtube1-300x300-1.jpg\" alt=\"euromillions\" width=\"300\" height=\"300\" srcset=\"https:\/\/redfoxlotto.com\/wp-content\/uploads\/2023\/04\/powerball-draw-youtube1-300x300-1.jpg 300w, https:\/\/redfoxlotto.com\/wp-content\/uploads\/2023\/04\/powerball-draw-youtube1-300x300-1-100x100.jpg 100w, https:\/\/redfoxlotto.com\/wp-content\/uploads\/2023\/04\/powerball-draw-youtube1-300x300-1-150x150.jpg 150w\" sizes=\"auto, (max-width: 300px) 100vw, 300px\" \/><\/p>\n<p data-start=\"685\" data-end=\"979\">Svaka zemlja u\u010desnica ima sopstveni nacionalni organ za lutriju, odgovoran za prodaju tiketa, isplatu nagrada i korisni\u010dku podr\u0161ku. Iako je sistem decentralizovan, sve zemlje prate jedinstven skup pravila, nivoa nagrada i rasporeda izvla\u010denja, \u0161to obezbe\u0111uje pravi\u010dnost i konzistentnost u igri.<\/p>\n<p data-start=\"981\" data-end=\"1381\">Izvla\u010denja EuroMillions EU se odr\u017eavaju dva puta nedeljno \u2014 utorkom i petkom uve\u010de. Lutrija koristi sistem duple matrice: igra\u010di biraju pet brojeva iz skupa od 1 do 50 i dve \u201eSre\u0107ne zvezde\u201c iz skupa od 1 do 12. Da bi osvojili d\u017eekpot, igra\u010di moraju pogoditi svih sedam brojeva. Postoji i vi\u0161e sekundarnih nivoa nagrada, koji omogu\u0107avaju dobitke i bez glavne nagrade, ali i dalje donose zna\u010dajne sume.<\/p>\n<p data-start=\"1383\" data-end=\"1763\">Klju\u010dna razlika izme\u0111u EU i UK verzije EuroMillions lutrije je dodatna ekskluzivna igra u Velikoj Britaniji pod nazivom <strong data-start=\"1503\" data-end=\"1524\">Millionaire Maker<\/strong>. Ova funkcija garantuje da \u0107e najmanje jedan dobitnik iz UK postati milioner pri svakom izvla\u010denju. Zbog toga su tiketi u Velikoj Britaniji skuplji nego u ostalim evropskim zemljama. Za vi\u0161e informacija o UK verziji, posetite RedFoxLotto.<\/p>\n<p data-start=\"1765\" data-end=\"2144\">Za igra\u010de koji \u017eive van EU ili zemalja u\u010desnica, pristup EuroMillions EU lutriji mo\u017ee izgledati nedosti\u017eno. Me\u0111utim, me\u0111unarodne usluge za posredni\u010dku kupovinu tiketa omogu\u0107ile su jednostavno i legalno u\u010de\u0161\u0107e. Tiketi za strane igra\u010de naj\u010de\u0161\u0107e se kupuju u Austriji, zahvaljuju\u0107i dobro organizovanoj lutrijskoj infrastrukturi koja omogu\u0107ava u\u010destvovanje u izvla\u010denjima \u0161irom sveta.<\/p>\n<p data-start=\"2146\" data-end=\"2479\">Kada je re\u010d o d\u017eekpotovima, EuroMillions EU nudi impresivne minimalne i maksimalne iznose s ciljem odr\u017eavanja uzbu\u0111enja i anga\u017eovanja igra\u010da. <strong data-start=\"2288\" data-end=\"2344\">Minimalni garantovani d\u017eekpot iznosi 17 miliona evra<\/strong>, \u0161to je iznos koji mo\u017ee promeniti ne\u010diji \u017eivot. Maksimalna granica se tokom godina pove\u0107avala i danas iznosi \u010dak <strong data-start=\"2458\" data-end=\"2478\">250 miliona evra<\/strong>.<\/p>\n<p data-start=\"2481\" data-end=\"2756\">Kada d\u017eekpot dostigne <strong data-start=\"2503\" data-end=\"2523\">200 miliona evra<\/strong>, aktiviraju se posebna pravila. Taj iznos mo\u017ee ostati nepromenjen najvi\u0161e \u010detiri uzastopna izvla\u010denja. Ako ni tada ne bude dobitnika, ceo fond se prenosi na slede\u0107i nivo nagrada, omogu\u0107avaju\u0107i vi\u0161e dobitnika da podele izuzetnu sumu.<\/p>\n<p data-start=\"2758\" data-end=\"3006\">Kada se dostigne maksimalni iznos od <strong data-start=\"2795\" data-end=\"2815\">250 miliona evra<\/strong>, ista pravila ponovo va\u017ee. Ako nakon \u010detiri izvla\u010denja nema dobitnika, pri petom izvla\u010denju d\u017eekpot se automatski raspodeljuje na slede\u0107i nivo, \u010desto stvaraju\u0107i vi\u0161e miliona\u0161a u jednoj no\u0107i.<\/p>\n<p data-start=\"3008\" data-end=\"3195\">Ova pravila \u201eprenosa d\u017eekpota\u201c unose dodatnu strategiju i uzbu\u0111enje u igru. Kada se pribli\u017eava maksimumu, prodaja tiketa dramati\u010dno raste, a igra privla\u010di veliku pa\u017enju medija i javnosti.<\/p>\n<p data-start=\"3197\" data-end=\"3394\">EuroMillions je tokom svoje istorije doneo brojne dobitnike \u0161irom Evrope, menjaju\u0107i \u017eivote ljudi preko no\u0107i. Austrija se isti\u010de kao jedna od zemalja sa velikim brojem dobitnika i aktivnih u\u010desnika.<\/p>\n<p data-start=\"3396\" data-end=\"3694\">Kombinacija jednostavne globalne dostupnosti, transparentne strukture igre i velikih potencijalnih nagrada \u010dini EuroMillions EU atraktivnom opcijom za igra\u010de \u0161irom sveta. Prisutnost u klju\u010dnim evropskim zemljama stvara raznolik bazen igra\u010da, dok ogromne nov\u010dane sume privla\u010de pa\u017enju iz celog sveta.<\/p>\n<p data-start=\"3696\" data-end=\"3890\">Igra\u010di izvan Evrope mogu bezbedno u\u010destvovati putem pouzdanih posredni\u010dkih servisa koji kupuju fizi\u010dke tikete u Austriji, skeniraju ih, u\u010ditavaju u naloge korisnika i direktno ispla\u0107uju dobitke.<\/p>\n<p data-start=\"3892\" data-end=\"4252\"><strong data-start=\"3892\" data-end=\"3905\">Zaklju\u010dno<\/strong>, EuroMillions EU \u2014 sa svojom \u010dvrstom strukturom, jasno definisanim pravilima i ogromnim nagradnim fondovima \u2014 predstavlja savr\u0161en izbor za ljubitelje lutrije \u0161irom sveta. Minimalni d\u017eekpot od <strong data-start=\"4098\" data-end=\"4117\">17 miliona evra<\/strong>, maksimalna granica od <strong data-start=\"4141\" data-end=\"4161\">250 miliona evra<\/strong> i dinami\u010dna pravila prenosa osiguravaju napetost, uzbu\u0111enje i dobitke koji menjaju \u017eivote.<\/p>\n","protected":false},"excerpt":{"rendered":"<p>EuroMillions EU je jedna od najve\u0107ih i najpopularnijih lutrija u Evropi, koja svake nedelje privla\u010di milione u\u010desnika zahvaljuju\u0107i mogu\u0107nosti osvajanja d\u017eekpotova koji menjaju \u017eivot. Ova lutrija, zvani\u010dno poznata kao evropska verzija EuroMillions-a, veoma je popularna u vi\u0161e evropskih zemalja: Francuskoj, \u0160paniji, Austriji, Belgiji, Irskoj, Luksemburgu, Portugalu i \u0160vajcarskoj. Prvo izvla\u010denje odr\u017eano je 13. februara 2004. [&hellip;]<\/p>\n","protected":false},"author":8,"featured_media":0,"parent":7302,"menu_order":4,"comment_status":"closed","ping_status":"closed","template":"euromillions-at-info.php","meta":{"_et_pb_use_builder":"","_et_pb_old_content":"","_et_gb_content_width":"","exclude_from_search":false,"footnotes":""},"class_list":["post-87691","page","type-page","status-publish","hentry"],"yoast_head":"<!-- This site is optimized with the Yoast SEO plugin v23.8 - https:\/\/yoast.com\/wordpress\/plugins\/seo\/ -->\n<title>\u041a\u0443\u043f\u0438\u0442\u0435 \u043a\u0430\u0440\u0442\u0435 \u0437\u0430 Euromillions \u043e\u043d\u043b\u0430\u0458\u043d \u0432\u0430\u043d \u0415\u0423<\/title>\n<meta name=\"description\" content=\"\u041a\u0430\u043a\u043e \u043a\u0443\u043f\u0438\u0442\u0438 \u043a\u0430\u0440\u0442\u0435 \u0437\u0430 Euromillions \u043e\u043d\u043b\u0430\u0458\u043d, \u0437\u0430 \u0432\u0435\u0440\u0437\u0438\u0458\u0443 Euromillions-\u0430 \u0443 \u0412\u0435\u043b\u0438\u043a\u043e\u0458 \u0411\u0440\u0438\u0442\u0430\u043d\u0438\u0458\u0438 \u0438 \u0415\u0423. \u041d\u0430\u0431\u0430\u0432\u0438\u0442\u0435 \u043a\u0430\u0440\u0442\u0435 \u0441\u0430 \u0431\u0438\u043b\u043e \u043a\u043e\u0433 \u043c\u0435\u0441\u0442\u0430, \u0447\u0430\u043a \u0438 \u0432\u0430\u043d \u0415\u0423.\" \/>\n<meta name=\"robots\" content=\"index, follow, max-snippet:-1, max-image-preview:large, max-video-preview:-1\" \/>\n<link rel=\"canonical\" href=\"https:\/\/redfoxlotto.com\/sr\/lutrija\/euromillions-eu\/\" \/>\n<meta property=\"og:locale\" content=\"sr_RS\" \/>\n<meta property=\"og:type\" content=\"article\" \/>\n<meta property=\"og:title\" content=\"\u041a\u0443\u043f\u0438\u0442\u0435 \u043a\u0430\u0440\u0442\u0435 \u0437\u0430 Euromillions \u043e\u043d\u043b\u0430\u0458\u043d \u0432\u0430\u043d \u0415\u0423\" \/>\n<meta property=\"og:description\" content=\"\u041a\u0430\u043a\u043e \u043a\u0443\u043f\u0438\u0442\u0438 \u043a\u0430\u0440\u0442\u0435 \u0437\u0430 Euromillions \u043e\u043d\u043b\u0430\u0458\u043d, \u0437\u0430 \u0432\u0435\u0440\u0437\u0438\u0458\u0443 Euromillions-\u0430 \u0443 \u0412\u0435\u043b\u0438\u043a\u043e\u0458 \u0411\u0440\u0438\u0442\u0430\u043d\u0438\u0458\u0438 \u0438 \u0415\u0423. \u041d\u0430\u0431\u0430\u0432\u0438\u0442\u0435 \u043a\u0430\u0440\u0442\u0435 \u0441\u0430 \u0431\u0438\u043b\u043e \u043a\u043e\u0433 \u043c\u0435\u0441\u0442\u0430, \u0447\u0430\u043a \u0438 \u0432\u0430\u043d \u0415\u0423.\" \/>\n<meta property=\"og:url\" content=\"https:\/\/redfoxlotto.com\/sr\/lutrija\/euromillions-eu\/\" \/>\n<meta property=\"og:site_name\" content=\"Get Tickets for the World\u2019s largest jackpots\" \/>\n<meta property=\"article:modified_time\" content=\"2025-05-28T07:08:08+00:00\" \/>\n<meta property=\"og:image\" content=\"https:\/\/redfoxlotto.com\/wp-content\/uploads\/2023\/04\/powerball-draw-youtube1-300x300-1.jpg\" \/>\n<meta name=\"twitter:card\" content=\"summary_large_image\" \/>\n<meta name=\"twitter:label1\" content=\"\u041f\u0440\u043e\u0446\u0435\u045a\u0435\u043d\u043e \u0432\u0440\u0435\u043c\u0435 \u0447\u0438\u0442\u0430\u045a\u0430\" \/>\n\t<meta name=\"twitter:data1\" content=\"3 \u043c\u0438\u043d\u0443\u0442\u0430\" \/>\n<script type=\"application\/ld+json\" class=\"yoast-schema-graph\">{\"@context\":\"https:\/\/schema.org\",\"@graph\":[{\"@type\":\"WebPage\",\"@id\":\"https:\/\/redfoxlotto.com\/sr\/lutrija\/euromillions-eu\/\",\"url\":\"https:\/\/redfoxlotto.com\/sr\/lutrija\/euromillions-eu\/\",\"name\":\"\u041a\u0443\u043f\u0438\u0442\u0435 \u043a\u0430\u0440\u0442\u0435 \u0437\u0430 Euromillions \u043e\u043d\u043b\u0430\u0458\u043d \u0432\u0430\u043d \u0415\u0423\",\"isPartOf\":{\"@id\":\"https:\/\/redfoxlotto.com\/sr\/#website\"},\"primaryImageOfPage\":{\"@id\":\"https:\/\/redfoxlotto.com\/sr\/lutrija\/euromillions-eu\/#primaryimage\"},\"image\":{\"@id\":\"https:\/\/redfoxlotto.com\/sr\/lutrija\/euromillions-eu\/#primaryimage\"},\"thumbnailUrl\":\"https:\/\/redfoxlotto.com\/wp-content\/uploads\/2023\/04\/powerball-draw-youtube1-300x300-1.jpg\",\"datePublished\":\"2025-05-19T09:08:38+00:00\",\"dateModified\":\"2025-05-28T07:08:08+00:00\",\"description\":\"\u041a\u0430\u043a\u043e \u043a\u0443\u043f\u0438\u0442\u0438 \u043a\u0430\u0440\u0442\u0435 \u0437\u0430 Euromillions \u043e\u043d\u043b\u0430\u0458\u043d, \u0437\u0430 \u0432\u0435\u0440\u0437\u0438\u0458\u0443 Euromillions-\u0430 \u0443 \u0412\u0435\u043b\u0438\u043a\u043e\u0458 \u0411\u0440\u0438\u0442\u0430\u043d\u0438\u0458\u0438 \u0438 \u0415\u0423. \u041d\u0430\u0431\u0430\u0432\u0438\u0442\u0435 \u043a\u0430\u0440\u0442\u0435 \u0441\u0430 \u0431\u0438\u043b\u043e \u043a\u043e\u0433 \u043c\u0435\u0441\u0442\u0430, \u0447\u0430\u043a \u0438 \u0432\u0430\u043d \u0415\u0423.\",\"breadcrumb\":{\"@id\":\"https:\/\/redfoxlotto.com\/sr\/lutrija\/euromillions-eu\/#breadcrumb\"},\"inLanguage\":\"sr-RS\",\"potentialAction\":[{\"@type\":\"ReadAction\",\"target\":[\"https:\/\/redfoxlotto.com\/sr\/lutrija\/euromillions-eu\/\"]}]},{\"@type\":\"ImageObject\",\"inLanguage\":\"sr-RS\",\"@id\":\"https:\/\/redfoxlotto.com\/sr\/lutrija\/euromillions-eu\/#primaryimage\",\"url\":\"https:\/\/redfoxlotto.com\/wp-content\/uploads\/2023\/04\/powerball-draw-youtube1-300x300-1.jpg\",\"contentUrl\":\"https:\/\/redfoxlotto.com\/wp-content\/uploads\/2023\/04\/powerball-draw-youtube1-300x300-1.jpg\"},{\"@type\":\"BreadcrumbList\",\"@id\":\"https:\/\/redfoxlotto.com\/sr\/lutrija\/euromillions-eu\/#breadcrumb\",\"itemListElement\":[{\"@type\":\"ListItem\",\"position\":1,\"name\":\"Home\",\"item\":\"https:\/\/redfoxlotto.com\/sr\/\"},{\"@type\":\"ListItem\",\"position\":2,\"name\":\"Kako kupiti loto tikete onlajn \u2013 process kupovine\",\"item\":\"https:\/\/redfoxlotto.com\/sr\/lutrija\/\"},{\"@type\":\"ListItem\",\"position\":3,\"name\":\"\u041e \u043b\u0443\u0442\u0440\u0438\u0458\u0438 Euromillions EU\"}]},{\"@type\":\"WebSite\",\"@id\":\"https:\/\/redfoxlotto.com\/sr\/#website\",\"url\":\"https:\/\/redfoxlotto.com\/sr\/\",\"name\":\"Get Tickets for the World\u2019s largest jackpots\",\"description\":\"Participate in worldwide lottery jackpots from any country\",\"publisher\":{\"@id\":\"https:\/\/redfoxlotto.com\/sr\/#organization\"},\"potentialAction\":[{\"@type\":\"SearchAction\",\"target\":{\"@type\":\"EntryPoint\",\"urlTemplate\":\"https:\/\/redfoxlotto.com\/sr\/?s={search_term_string}\"},\"query-input\":{\"@type\":\"PropertyValueSpecification\",\"valueRequired\":true,\"valueName\":\"search_term_string\"}}],\"inLanguage\":\"sr-RS\"},{\"@type\":\"Organization\",\"@id\":\"https:\/\/redfoxlotto.com\/sr\/#organization\",\"name\":\"Get Tickets for the World\u2019s largest jackpots\",\"url\":\"https:\/\/redfoxlotto.com\/sr\/\",\"logo\":{\"@type\":\"ImageObject\",\"inLanguage\":\"sr-RS\",\"@id\":\"https:\/\/redfoxlotto.com\/sr\/#\/schema\/logo\/image\/\",\"url\":\"https:\/\/redfoxlotto.com\/wp-content\/uploads\/2023\/04\/logo.png\",\"contentUrl\":\"https:\/\/redfoxlotto.com\/wp-content\/uploads\/2023\/04\/logo.png\",\"width\":269,\"height\":53,\"caption\":\"Get Tickets for the World\u2019s largest jackpots\"},\"image\":{\"@id\":\"https:\/\/redfoxlotto.com\/sr\/#\/schema\/logo\/image\/\"}}]}<\/script>\n<!-- \/ Yoast SEO plugin. -->","yoast_head_json":{"title":"\u041a\u0443\u043f\u0438\u0442\u0435 \u043a\u0430\u0440\u0442\u0435 \u0437\u0430 Euromillions \u043e\u043d\u043b\u0430\u0458\u043d \u0432\u0430\u043d \u0415\u0423","description":"\u041a\u0430\u043a\u043e \u043a\u0443\u043f\u0438\u0442\u0438 \u043a\u0430\u0440\u0442\u0435 \u0437\u0430 Euromillions \u043e\u043d\u043b\u0430\u0458\u043d, \u0437\u0430 \u0432\u0435\u0440\u0437\u0438\u0458\u0443 Euromillions-\u0430 \u0443 \u0412\u0435\u043b\u0438\u043a\u043e\u0458 \u0411\u0440\u0438\u0442\u0430\u043d\u0438\u0458\u0438 \u0438 \u0415\u0423. \u041d\u0430\u0431\u0430\u0432\u0438\u0442\u0435 \u043a\u0430\u0440\u0442\u0435 \u0441\u0430 \u0431\u0438\u043b\u043e \u043a\u043e\u0433 \u043c\u0435\u0441\u0442\u0430, \u0447\u0430\u043a \u0438 \u0432\u0430\u043d \u0415\u0423.","robots":{"index":"index","follow":"follow","max-snippet":"max-snippet:-1","max-image-preview":"max-image-preview:large","max-video-preview":"max-video-preview:-1"},"canonical":"https:\/\/redfoxlotto.com\/sr\/lutrija\/euromillions-eu\/","og_locale":"sr_RS","og_type":"article","og_title":"\u041a\u0443\u043f\u0438\u0442\u0435 \u043a\u0430\u0440\u0442\u0435 \u0437\u0430 Euromillions \u043e\u043d\u043b\u0430\u0458\u043d \u0432\u0430\u043d \u0415\u0423","og_description":"\u041a\u0430\u043a\u043e \u043a\u0443\u043f\u0438\u0442\u0438 \u043a\u0430\u0440\u0442\u0435 \u0437\u0430 Euromillions \u043e\u043d\u043b\u0430\u0458\u043d, \u0437\u0430 \u0432\u0435\u0440\u0437\u0438\u0458\u0443 Euromillions-\u0430 \u0443 \u0412\u0435\u043b\u0438\u043a\u043e\u0458 \u0411\u0440\u0438\u0442\u0430\u043d\u0438\u0458\u0438 \u0438 \u0415\u0423. \u041d\u0430\u0431\u0430\u0432\u0438\u0442\u0435 \u043a\u0430\u0440\u0442\u0435 \u0441\u0430 \u0431\u0438\u043b\u043e \u043a\u043e\u0433 \u043c\u0435\u0441\u0442\u0430, \u0447\u0430\u043a \u0438 \u0432\u0430\u043d \u0415\u0423.","og_url":"https:\/\/redfoxlotto.com\/sr\/lutrija\/euromillions-eu\/","og_site_name":"Get Tickets for the World\u2019s largest jackpots","article_modified_time":"2025-05-28T07:08:08+00:00","og_image":[{"url":"https:\/\/redfoxlotto.com\/wp-content\/uploads\/2023\/04\/powerball-draw-youtube1-300x300-1.jpg"}],"twitter_card":"summary_large_image","twitter_misc":{"\u041f\u0440\u043e\u0446\u0435\u045a\u0435\u043d\u043e \u0432\u0440\u0435\u043c\u0435 \u0447\u0438\u0442\u0430\u045a\u0430":"3 \u043c\u0438\u043d\u0443\u0442\u0430"},"schema":{"@context":"https:\/\/schema.org","@graph":[{"@type":"WebPage","@id":"https:\/\/redfoxlotto.com\/sr\/lutrija\/euromillions-eu\/","url":"https:\/\/redfoxlotto.com\/sr\/lutrija\/euromillions-eu\/","name":"\u041a\u0443\u043f\u0438\u0442\u0435 \u043a\u0430\u0440\u0442\u0435 \u0437\u0430 Euromillions \u043e\u043d\u043b\u0430\u0458\u043d \u0432\u0430\u043d \u0415\u0423","isPartOf":{"@id":"https:\/\/redfoxlotto.com\/sr\/#website"},"primaryImageOfPage":{"@id":"https:\/\/redfoxlotto.com\/sr\/lutrija\/euromillions-eu\/#primaryimage"},"image":{"@id":"https:\/\/redfoxlotto.com\/sr\/lutrija\/euromillions-eu\/#primaryimage"},"thumbnailUrl":"https:\/\/redfoxlotto.com\/wp-content\/uploads\/2023\/04\/powerball-draw-youtube1-300x300-1.jpg","datePublished":"2025-05-19T09:08:38+00:00","dateModified":"2025-05-28T07:08:08+00:00","description":"\u041a\u0430\u043a\u043e \u043a\u0443\u043f\u0438\u0442\u0438 \u043a\u0430\u0440\u0442\u0435 \u0437\u0430 Euromillions \u043e\u043d\u043b\u0430\u0458\u043d, \u0437\u0430 \u0432\u0435\u0440\u0437\u0438\u0458\u0443 Euromillions-\u0430 \u0443 \u0412\u0435\u043b\u0438\u043a\u043e\u0458 \u0411\u0440\u0438\u0442\u0430\u043d\u0438\u0458\u0438 \u0438 \u0415\u0423. \u041d\u0430\u0431\u0430\u0432\u0438\u0442\u0435 \u043a\u0430\u0440\u0442\u0435 \u0441\u0430 \u0431\u0438\u043b\u043e \u043a\u043e\u0433 \u043c\u0435\u0441\u0442\u0430, \u0447\u0430\u043a \u0438 \u0432\u0430\u043d \u0415\u0423.","breadcrumb":{"@id":"https:\/\/redfoxlotto.com\/sr\/lutrija\/euromillions-eu\/#breadcrumb"},"inLanguage":"sr-RS","potentialAction":[{"@type":"ReadAction","target":["https:\/\/redfoxlotto.com\/sr\/lutrija\/euromillions-eu\/"]}]},{"@type":"ImageObject","inLanguage":"sr-RS","@id":"https:\/\/redfoxlotto.com\/sr\/lutrija\/euromillions-eu\/#primaryimage","url":"https:\/\/redfoxlotto.com\/wp-content\/uploads\/2023\/04\/powerball-draw-youtube1-300x300-1.jpg","contentUrl":"https:\/\/redfoxlotto.com\/wp-content\/uploads\/2023\/04\/powerball-draw-youtube1-300x300-1.jpg"},{"@type":"BreadcrumbList","@id":"https:\/\/redfoxlotto.com\/sr\/lutrija\/euromillions-eu\/#breadcrumb","itemListElement":[{"@type":"ListItem","position":1,"name":"Home","item":"https:\/\/redfoxlotto.com\/sr\/"},{"@type":"ListItem","position":2,"name":"Kako kupiti loto tikete onlajn \u2013 process kupovine","item":"https:\/\/redfoxlotto.com\/sr\/lutrija\/"},{"@type":"ListItem","position":3,"name":"\u041e \u043b\u0443\u0442\u0440\u0438\u0458\u0438 Euromillions EU"}]},{"@type":"WebSite","@id":"https:\/\/redfoxlotto.com\/sr\/#website","url":"https:\/\/redfoxlotto.com\/sr\/","name":"Get Tickets for the World\u2019s largest jackpots","description":"Participate in worldwide lottery jackpots from any country","publisher":{"@id":"https:\/\/redfoxlotto.com\/sr\/#organization"},"potentialAction":[{"@type":"SearchAction","target":{"@type":"EntryPoint","urlTemplate":"https:\/\/redfoxlotto.com\/sr\/?s={search_term_string}"},"query-input":{"@type":"PropertyValueSpecification","valueRequired":true,"valueName":"search_term_string"}}],"inLanguage":"sr-RS"},{"@type":"Organization","@id":"https:\/\/redfoxlotto.com\/sr\/#organization","name":"Get Tickets for the World\u2019s largest jackpots","url":"https:\/\/redfoxlotto.com\/sr\/","logo":{"@type":"ImageObject","inLanguage":"sr-RS","@id":"https:\/\/redfoxlotto.com\/sr\/#\/schema\/logo\/image\/","url":"https:\/\/redfoxlotto.com\/wp-content\/uploads\/2023\/04\/logo.png","contentUrl":"https:\/\/redfoxlotto.com\/wp-content\/uploads\/2023\/04\/logo.png","width":269,"height":53,"caption":"Get Tickets for the World\u2019s largest jackpots"},"image":{"@id":"https:\/\/redfoxlotto.com\/sr\/#\/schema\/logo\/image\/"}}]}},"_links":{"self":[{"href":"https:\/\/redfoxlotto.com\/sr\/wp-json\/wp\/v2\/pages\/87691","targetHints":{"allow":["GET"]}}],"collection":[{"href":"https:\/\/redfoxlotto.com\/sr\/wp-json\/wp\/v2\/pages"}],"about":[{"href":"https:\/\/redfoxlotto.com\/sr\/wp-json\/wp\/v2\/types\/page"}],"author":[{"embeddable":true,"href":"https:\/\/redfoxlotto.com\/sr\/wp-json\/wp\/v2\/users\/8"}],"replies":[{"embeddable":true,"href":"https:\/\/redfoxlotto.com\/sr\/wp-json\/wp\/v2\/comments?post=87691"}],"version-history":[{"count":0,"href":"https:\/\/redfoxlotto.com\/sr\/wp-json\/wp\/v2\/pages\/87691\/revisions"}],"up":[{"embeddable":true,"href":"https:\/\/redfoxlotto.com\/sr\/wp-json\/wp\/v2\/pages\/7302"}],"wp:attachment":[{"href":"https:\/\/redfoxlotto.com\/sr\/wp-json\/wp\/v2\/media?parent=87691"}],"curies":[{"name":"wp","href":"https:\/\/api.w.org\/{rel}","templated":true}]}}