{"id":7514,"date":"2023-04-24T18:22:46","date_gmt":"2023-04-24T18:22:46","guid":{"rendered":"https:\/\/redfoxlotto.com\/?page_id=7514"},"modified":"2020-02-25T15:20:50","modified_gmt":"2020-02-25T15:20:50","slug":"oz-lotto","status":"publish","type":"page","link":"https:\/\/redfoxlotto.com\/sr\/igrati\/oz-lotto\/","title":{"rendered":"Igrajte Oz Lotto \u2013 Lutrija osnovana u Australiji"},"content":{"rendered":"<p><img loading=\"lazy\" decoding=\"async\" class=\" wp-image alignright\" src=\"https:\/\/content.redfoxlotto.com\/uploads\/sites\/9\/2_ticket_oz_lotto.jpg\" alt=\"Oz Lotto\" width=\"234\" height=\"362\" \/><\/p><p>Oz Lotto izvla\u010denje se odr\u017eava svakog utorka uve\u010de u 20h30 (po lokalnom vremenu: Isto\u010dno australijsko vreme). Na raspolaganju su nagrade i za igra\u010de koji imaju samo tri broja (plus bonus lopticu). Ovo mo\u017ee biti i samo povra\u0107aj od 15 AU, ali i \u0161ansa da dodate ne\u0161to novca na svoj nalog.<\/p><p>Oz Lotto je proizveo ve\u0107i d\u017eekpot od svog ro\u0111aka koji se odvija \u010detvrtkom uve\u010de:  Powerball Australije. D\u017eekpotovi se \u010desto popnu do 100 miliona dolara. Da biste osvojili d\u017eekpot, trebate da pogodite svih sedam izvu\u010denih brojeva.<\/p><h2 class=\"wp-block-heading\">Prakti\u010dnost igranja onlajn<\/h2><p><img loading=\"lazy\" decoding=\"async\" class=\" wp-image alignright\" src=\"https:\/\/content.redfoxlotto.com\/uploads\/sites\/9\/1_online_lottery_win.jpg\" alt=\" play online\" width=\"249\" height=\"166\" \/><\/p><p>Jednostavnije je igrati Oz Lotto onlajn nego dok ste u kupovini u Sidneju ili Melburnu. Igra\u010di treba samo da se registruju i doka\u017eu da imaju vi\u0161e od 18 godina za bi mogli da u\u010destvuju.<\/p><h2 class=\"wp-block-heading\">Kako da nabavite tikete za Oz Lotto<\/h2><p>Jednostavno odaberite sedam brojeva izme\u0111u 1 i 45. Izvla\u010denje se odvija u utorak uve\u010de. Svi dobitnici bi\u0107e obave\u0161teni putem e-maila, ali i <a href=\"https:\/\/redfoxlotto.com\/sr\/rezultati\/\">proveravanje rezultata<\/a> Oz Lottoa da vidite koliko ste bili blizu je isto tako lako.<\/p>","protected":false},"excerpt":{"rendered":"<p>Oz Lotto izvla\u010denje se odr\u017eava svakog utorka uve\u010de u 20h30 (po lokalnom vremenu: Isto\u010dno australijsko vreme). Na raspolaganju su nagrade i za igra\u010de koji imaju samo tri broja (plus bonus lopticu). Ovo mo\u017ee biti i samo povra\u0107aj od 15 AU, ali i \u0161ansa da dodate ne\u0161to novca na svoj nalog. Oz Lotto je proizveo ve\u0107i [&hellip;]<\/p>\n","protected":false},"author":1,"featured_media":0,"parent":7318,"menu_order":18,"comment_status":"closed","ping_status":"closed","template":"","meta":{"_et_pb_use_builder":"","_et_pb_old_content":"","_et_gb_content_width":"","exclude_from_search":false,"footnotes":""},"class_list":["post-7514","page","type-page","status-publish","hentry"],"yoast_head":"<!-- This site is optimized with the Yoast SEO plugin v23.8 - https:\/\/yoast.com\/wordpress\/plugins\/seo\/ -->\n<title>Igrajte Oz Lotto iz bilo kog dela sveta<\/title>\n<meta name=\"description\" content=\"Oz Lotto se igra vi\u0161e od 25 godina i omiljena je lutrija u Australiji.\" \/>\n<meta name=\"robots\" content=\"index, follow, max-snippet:-1, max-image-preview:large, max-video-preview:-1\" \/>\n<link rel=\"canonical\" href=\"https:\/\/redfoxlotto.com\/sr\/igrati\/oz-lotto\/\" \/>\n<meta property=\"og:locale\" content=\"sr_RS\" \/>\n<meta property=\"og:type\" content=\"article\" \/>\n<meta property=\"og:title\" content=\"Igrajte Oz Lotto iz bilo kog dela sveta\" \/>\n<meta property=\"og:description\" content=\"Oz Lotto se igra vi\u0161e od 25 godina i omiljena je lutrija u Australiji.\" \/>\n<meta property=\"og:url\" content=\"https:\/\/redfoxlotto.com\/sr\/igrati\/oz-lotto\/\" \/>\n<meta property=\"og:site_name\" content=\"Get Tickets for the World\u2019s largest jackpots\" \/>\n<meta property=\"article:modified_time\" content=\"2020-02-25T15:20:50+00:00\" \/>\n<meta property=\"og:image\" content=\"https:\/\/content.redfoxlotto.com\/uploads\/sites\/9\/2_ticket_oz_lotto.jpg\" \/>\n<meta name=\"twitter:card\" content=\"summary_large_image\" \/>\n<meta name=\"twitter:label1\" content=\"\u041f\u0440\u043e\u0446\u0435\u045a\u0435\u043d\u043e \u0432\u0440\u0435\u043c\u0435 \u0447\u0438\u0442\u0430\u045a\u0430\" \/>\n\t<meta name=\"twitter:data1\" content=\"2 \u043c\u0438\u043d\u0443\u0442\u0430\" \/>\n<script type=\"application\/ld+json\" class=\"yoast-schema-graph\">{\"@context\":\"https:\/\/schema.org\",\"@graph\":[{\"@type\":\"WebPage\",\"@id\":\"https:\/\/redfoxlotto.com\/sr\/igrati\/oz-lotto\/\",\"url\":\"https:\/\/redfoxlotto.com\/sr\/igrati\/oz-lotto\/\",\"name\":\"Igrajte Oz Lotto iz bilo kog dela sveta\",\"isPartOf\":{\"@id\":\"https:\/\/redfoxlotto.com\/sr\/#website\"},\"primaryImageOfPage\":{\"@id\":\"https:\/\/redfoxlotto.com\/sr\/igrati\/oz-lotto\/#primaryimage\"},\"image\":{\"@id\":\"https:\/\/redfoxlotto.com\/sr\/igrati\/oz-lotto\/#primaryimage\"},\"thumbnailUrl\":\"https:\/\/content.redfoxlotto.com\/uploads\/sites\/9\/2_ticket_oz_lotto.jpg\",\"datePublished\":\"2023-04-24T18:22:46+00:00\",\"dateModified\":\"2020-02-25T15:20:50+00:00\",\"description\":\"Oz Lotto se igra vi\u0161e od 25 godina i omiljena je lutrija u Australiji.\",\"breadcrumb\":{\"@id\":\"https:\/\/redfoxlotto.com\/sr\/igrati\/oz-lotto\/#breadcrumb\"},\"inLanguage\":\"sr-RS\",\"potentialAction\":[{\"@type\":\"ReadAction\",\"target\":[\"https:\/\/redfoxlotto.com\/sr\/igrati\/oz-lotto\/\"]}]},{\"@type\":\"ImageObject\",\"inLanguage\":\"sr-RS\",\"@id\":\"https:\/\/redfoxlotto.com\/sr\/igrati\/oz-lotto\/#primaryimage\",\"url\":\"https:\/\/content.redfoxlotto.com\/uploads\/sites\/9\/2_ticket_oz_lotto.jpg\",\"contentUrl\":\"https:\/\/content.redfoxlotto.com\/uploads\/sites\/9\/2_ticket_oz_lotto.jpg\"},{\"@type\":\"BreadcrumbList\",\"@id\":\"https:\/\/redfoxlotto.com\/sr\/igrati\/oz-lotto\/#breadcrumb\",\"itemListElement\":[{\"@type\":\"ListItem\",\"position\":1,\"name\":\"Home\",\"item\":\"https:\/\/redfoxlotto.com\/sr\/\"},{\"@type\":\"ListItem\",\"position\":2,\"name\":\"Kako u\u010destvovati u lutrijama drugih zemalja\",\"item\":\"https:\/\/redfoxlotto.com\/sr\/igrati\/\"},{\"@type\":\"ListItem\",\"position\":3,\"name\":\"Igrajte Oz Lotto \u2013 Lutrija osnovana u Australiji\"}]},{\"@type\":\"WebSite\",\"@id\":\"https:\/\/redfoxlotto.com\/sr\/#website\",\"url\":\"https:\/\/redfoxlotto.com\/sr\/\",\"name\":\"Get Tickets for the World\u2019s largest jackpots\",\"description\":\"Participate in worldwide lottery jackpots from any country\",\"publisher\":{\"@id\":\"https:\/\/redfoxlotto.com\/sr\/#organization\"},\"potentialAction\":[{\"@type\":\"SearchAction\",\"target\":{\"@type\":\"EntryPoint\",\"urlTemplate\":\"https:\/\/redfoxlotto.com\/sr\/?s={search_term_string}\"},\"query-input\":{\"@type\":\"PropertyValueSpecification\",\"valueRequired\":true,\"valueName\":\"search_term_string\"}}],\"inLanguage\":\"sr-RS\"},{\"@type\":\"Organization\",\"@id\":\"https:\/\/redfoxlotto.com\/sr\/#organization\",\"name\":\"Get Tickets for the World\u2019s largest jackpots\",\"url\":\"https:\/\/redfoxlotto.com\/sr\/\",\"logo\":{\"@type\":\"ImageObject\",\"inLanguage\":\"sr-RS\",\"@id\":\"https:\/\/redfoxlotto.com\/sr\/#\/schema\/logo\/image\/\",\"url\":\"https:\/\/redfoxlotto.com\/wp-content\/uploads\/2023\/04\/logo.png\",\"contentUrl\":\"https:\/\/redfoxlotto.com\/wp-content\/uploads\/2023\/04\/logo.png\",\"width\":269,\"height\":53,\"caption\":\"Get Tickets for the World\u2019s largest jackpots\"},\"image\":{\"@id\":\"https:\/\/redfoxlotto.com\/sr\/#\/schema\/logo\/image\/\"}}]}<\/script>\n<!-- \/ Yoast SEO plugin. -->","yoast_head_json":{"title":"Igrajte Oz Lotto iz bilo kog dela sveta","description":"Oz Lotto se igra vi\u0161e od 25 godina i omiljena je lutrija u Australiji.","robots":{"index":"index","follow":"follow","max-snippet":"max-snippet:-1","max-image-preview":"max-image-preview:large","max-video-preview":"max-video-preview:-1"},"canonical":"https:\/\/redfoxlotto.com\/sr\/igrati\/oz-lotto\/","og_locale":"sr_RS","og_type":"article","og_title":"Igrajte Oz Lotto iz bilo kog dela sveta","og_description":"Oz Lotto se igra vi\u0161e od 25 godina i omiljena je lutrija u Australiji.","og_url":"https:\/\/redfoxlotto.com\/sr\/igrati\/oz-lotto\/","og_site_name":"Get Tickets for the World\u2019s largest jackpots","article_modified_time":"2020-02-25T15:20:50+00:00","og_image":[{"url":"https:\/\/content.redfoxlotto.com\/uploads\/sites\/9\/2_ticket_oz_lotto.jpg"}],"twitter_card":"summary_large_image","twitter_misc":{"\u041f\u0440\u043e\u0446\u0435\u045a\u0435\u043d\u043e \u0432\u0440\u0435\u043c\u0435 \u0447\u0438\u0442\u0430\u045a\u0430":"2 \u043c\u0438\u043d\u0443\u0442\u0430"},"schema":{"@context":"https:\/\/schema.org","@graph":[{"@type":"WebPage","@id":"https:\/\/redfoxlotto.com\/sr\/igrati\/oz-lotto\/","url":"https:\/\/redfoxlotto.com\/sr\/igrati\/oz-lotto\/","name":"Igrajte Oz Lotto iz bilo kog dela sveta","isPartOf":{"@id":"https:\/\/redfoxlotto.com\/sr\/#website"},"primaryImageOfPage":{"@id":"https:\/\/redfoxlotto.com\/sr\/igrati\/oz-lotto\/#primaryimage"},"image":{"@id":"https:\/\/redfoxlotto.com\/sr\/igrati\/oz-lotto\/#primaryimage"},"thumbnailUrl":"https:\/\/content.redfoxlotto.com\/uploads\/sites\/9\/2_ticket_oz_lotto.jpg","datePublished":"2023-04-24T18:22:46+00:00","dateModified":"2020-02-25T15:20:50+00:00","description":"Oz Lotto se igra vi\u0161e od 25 godina i omiljena je lutrija u Australiji.","breadcrumb":{"@id":"https:\/\/redfoxlotto.com\/sr\/igrati\/oz-lotto\/#breadcrumb"},"inLanguage":"sr-RS","potentialAction":[{"@type":"ReadAction","target":["https:\/\/redfoxlotto.com\/sr\/igrati\/oz-lotto\/"]}]},{"@type":"ImageObject","inLanguage":"sr-RS","@id":"https:\/\/redfoxlotto.com\/sr\/igrati\/oz-lotto\/#primaryimage","url":"https:\/\/content.redfoxlotto.com\/uploads\/sites\/9\/2_ticket_oz_lotto.jpg","contentUrl":"https:\/\/content.redfoxlotto.com\/uploads\/sites\/9\/2_ticket_oz_lotto.jpg"},{"@type":"BreadcrumbList","@id":"https:\/\/redfoxlotto.com\/sr\/igrati\/oz-lotto\/#breadcrumb","itemListElement":[{"@type":"ListItem","position":1,"name":"Home","item":"https:\/\/redfoxlotto.com\/sr\/"},{"@type":"ListItem","position":2,"name":"Kako u\u010destvovati u lutrijama drugih zemalja","item":"https:\/\/redfoxlotto.com\/sr\/igrati\/"},{"@type":"ListItem","position":3,"name":"Igrajte Oz Lotto \u2013 Lutrija osnovana u Australiji"}]},{"@type":"WebSite","@id":"https:\/\/redfoxlotto.com\/sr\/#website","url":"https:\/\/redfoxlotto.com\/sr\/","name":"Get Tickets for the World\u2019s largest jackpots","description":"Participate in worldwide lottery jackpots from any country","publisher":{"@id":"https:\/\/redfoxlotto.com\/sr\/#organization"},"potentialAction":[{"@type":"SearchAction","target":{"@type":"EntryPoint","urlTemplate":"https:\/\/redfoxlotto.com\/sr\/?s={search_term_string}"},"query-input":{"@type":"PropertyValueSpecification","valueRequired":true,"valueName":"search_term_string"}}],"inLanguage":"sr-RS"},{"@type":"Organization","@id":"https:\/\/redfoxlotto.com\/sr\/#organization","name":"Get Tickets for the World\u2019s largest jackpots","url":"https:\/\/redfoxlotto.com\/sr\/","logo":{"@type":"ImageObject","inLanguage":"sr-RS","@id":"https:\/\/redfoxlotto.com\/sr\/#\/schema\/logo\/image\/","url":"https:\/\/redfoxlotto.com\/wp-content\/uploads\/2023\/04\/logo.png","contentUrl":"https:\/\/redfoxlotto.com\/wp-content\/uploads\/2023\/04\/logo.png","width":269,"height":53,"caption":"Get Tickets for the World\u2019s largest jackpots"},"image":{"@id":"https:\/\/redfoxlotto.com\/sr\/#\/schema\/logo\/image\/"}}]}},"_links":{"self":[{"href":"https:\/\/redfoxlotto.com\/sr\/wp-json\/wp\/v2\/pages\/7514","targetHints":{"allow":["GET"]}}],"collection":[{"href":"https:\/\/redfoxlotto.com\/sr\/wp-json\/wp\/v2\/pages"}],"about":[{"href":"https:\/\/redfoxlotto.com\/sr\/wp-json\/wp\/v2\/types\/page"}],"author":[{"embeddable":true,"href":"https:\/\/redfoxlotto.com\/sr\/wp-json\/wp\/v2\/users\/1"}],"replies":[{"embeddable":true,"href":"https:\/\/redfoxlotto.com\/sr\/wp-json\/wp\/v2\/comments?post=7514"}],"version-history":[{"count":0,"href":"https:\/\/redfoxlotto.com\/sr\/wp-json\/wp\/v2\/pages\/7514\/revisions"}],"up":[{"embeddable":true,"href":"https:\/\/redfoxlotto.com\/sr\/wp-json\/wp\/v2\/pages\/7318"}],"wp:attachment":[{"href":"https:\/\/redfoxlotto.com\/sr\/wp-json\/wp\/v2\/media?parent=7514"}],"curies":[{"name":"wp","href":"https:\/\/api.w.org\/{rel}","templated":true}]}}