{"id":7488,"date":"2020-04-16T13:14:59","date_gmt":"2020-04-16T13:14:59","guid":{"rendered":"https:\/\/redfoxlotto.com\/?page_id=7488"},"modified":"2020-02-21T20:25:52","modified_gmt":"2020-02-21T20:25:52","slug":"lotto-fr","status":"publish","type":"page","link":"https:\/\/redfoxlotto.com\/sr\/rezultati\/lotto-fr\/","title":{"rendered":"Francuska lutrija-rezultati"},"content":{"rendered":"<p>Da li \u017eelite da prona\u0111ete na\u010din da dobijete dobitne brojeve \u0161to je lak\u0161e mogu\u0107e? Pogleda\u0107emo rezultate francuske lutrije i \u0161ta bi oni mogli zna\u010diti za vas. <\/p><h2 class=\"wp-block-heading\">Pronala\u017eenje rezultata francuske lutrije<\/h2><p>Najlak\u0161i na\u010din je da ih proverite ovde na na\u0161oj veb lokaciji. Ako ste kupili tiket kod nas, odgovaraju\u0107i dobitni brojevi \u0107e biti istaknuti na va\u0161em tiketu. Tako\u0111e, dobijate e-po\u0161tu kada osvojite ne\u0161to.<\/p><h2 class=\"wp-block-heading\">Razumevanje nagradnih kola<\/h2><p>Kada prona\u0111ete <a href=\"https:\/\/redfoxlotto.com\/sr\/rezultati\/\">pobedni\u010dke rezultate<\/a>, treba detaljnije da pogledate stvari poput liste nagradnih nivoa, kao i koje ste brojeve pogodili. <\/p><p>Ako pogodite samo nekoliko brojeva, osvoji\u0107ete nagradu. Ali ako izvu\u010dete \u010detiri broja, dobi\u0107ete prili\u010dno veliki iznos, a ako mo\u017eete dobiti barem \u010detiri uz bonus lopticu, zaista \u0107ete dobro pro\u0107i. U stvari, ako pogodite samo \u010detiri kuglice uz bonus, dobi\u0107ete vi\u0161e novca nego da ste pogodili pet bez bonusa.<\/p>","protected":false},"excerpt":{"rendered":"<p>Da li \u017eelite da prona\u0111ete na\u010din da dobijete dobitne brojeve \u0161to je lak\u0161e mogu\u0107e? Pogleda\u0107emo rezultate francuske lutrije i \u0161ta bi oni mogli zna\u010diti za vas. Pronala\u017eenje rezultata francuske lutrije Najlak\u0161i na\u010din je da ih proverite ovde na na\u0161oj veb lokaciji. Ako ste kupili tiket kod nas, odgovaraju\u0107i dobitni brojevi \u0107e biti istaknuti na va\u0161em [&hellip;]<\/p>\n","protected":false},"author":1,"featured_media":0,"parent":7310,"menu_order":32,"comment_status":"closed","ping_status":"closed","template":"lotto-fr-results.php","meta":{"_et_pb_use_builder":"","_et_pb_old_content":"","_et_gb_content_width":"","exclude_from_search":false,"footnotes":""},"class_list":["post-7488","page","type-page","status-publish","hentry"],"yoast_head":"<!-- This site is optimized with the Yoast SEO plugin v23.8 - https:\/\/yoast.com\/wordpress\/plugins\/seo\/ -->\n<title>Prona\u0111ite rezultate francuske lutrije<\/title>\n<meta name=\"description\" content=\"Pronala\u017eenje rezultata francuske lutrije je jednostavno i lako, jer sve \u0161to je potrebno je da ih ovde pregledate\" \/>\n<meta name=\"robots\" content=\"index, follow, max-snippet:-1, max-image-preview:large, max-video-preview:-1\" \/>\n<link rel=\"canonical\" href=\"https:\/\/redfoxlotto.com\/sr\/rezultati\/lotto-fr\/\" \/>\n<meta property=\"og:locale\" content=\"sr_RS\" \/>\n<meta property=\"og:type\" content=\"article\" \/>\n<meta property=\"og:title\" content=\"Prona\u0111ite rezultate francuske lutrije\" \/>\n<meta property=\"og:description\" content=\"Pronala\u017eenje rezultata francuske lutrije je jednostavno i lako, jer sve \u0161to je potrebno je da ih ovde pregledate\" \/>\n<meta property=\"og:url\" content=\"https:\/\/redfoxlotto.com\/sr\/rezultati\/lotto-fr\/\" \/>\n<meta property=\"og:site_name\" content=\"Get Tickets for the World\u2019s largest jackpots\" \/>\n<meta property=\"article:modified_time\" content=\"2020-02-21T20:25:52+00:00\" \/>\n<meta name=\"twitter:card\" content=\"summary_large_image\" \/>\n<meta name=\"twitter:label1\" content=\"\u041f\u0440\u043e\u0446\u0435\u045a\u0435\u043d\u043e \u0432\u0440\u0435\u043c\u0435 \u0447\u0438\u0442\u0430\u045a\u0430\" \/>\n\t<meta name=\"twitter:data1\" content=\"1 \u043c\u0438\u043d\u0443\u0442\" \/>\n<script type=\"application\/ld+json\" class=\"yoast-schema-graph\">{\"@context\":\"https:\/\/schema.org\",\"@graph\":[{\"@type\":\"WebPage\",\"@id\":\"https:\/\/redfoxlotto.com\/sr\/rezultati\/lotto-fr\/\",\"url\":\"https:\/\/redfoxlotto.com\/sr\/rezultati\/lotto-fr\/\",\"name\":\"Prona\u0111ite rezultate francuske lutrije\",\"isPartOf\":{\"@id\":\"https:\/\/redfoxlotto.com\/sr\/#website\"},\"datePublished\":\"2020-04-16T13:14:59+00:00\",\"dateModified\":\"2020-02-21T20:25:52+00:00\",\"description\":\"Pronala\u017eenje rezultata francuske lutrije je jednostavno i lako, jer sve \u0161to je potrebno je da ih ovde pregledate\",\"breadcrumb\":{\"@id\":\"https:\/\/redfoxlotto.com\/sr\/rezultati\/lotto-fr\/#breadcrumb\"},\"inLanguage\":\"sr-RS\",\"potentialAction\":[{\"@type\":\"ReadAction\",\"target\":[\"https:\/\/redfoxlotto.com\/sr\/rezultati\/lotto-fr\/\"]}]},{\"@type\":\"BreadcrumbList\",\"@id\":\"https:\/\/redfoxlotto.com\/sr\/rezultati\/lotto-fr\/#breadcrumb\",\"itemListElement\":[{\"@type\":\"ListItem\",\"position\":1,\"name\":\"Home\",\"item\":\"https:\/\/redfoxlotto.com\/sr\/\"},{\"@type\":\"ListItem\",\"position\":2,\"name\":\"Rezultati me\u0111unarodne lutrije\",\"item\":\"https:\/\/redfoxlotto.com\/sr\/rezultati\/\"},{\"@type\":\"ListItem\",\"position\":3,\"name\":\"Francuska lutrija-rezultati\"}]},{\"@type\":\"WebSite\",\"@id\":\"https:\/\/redfoxlotto.com\/sr\/#website\",\"url\":\"https:\/\/redfoxlotto.com\/sr\/\",\"name\":\"Get Tickets for the World\u2019s largest jackpots\",\"description\":\"Participate in worldwide lottery jackpots from any country\",\"publisher\":{\"@id\":\"https:\/\/redfoxlotto.com\/sr\/#organization\"},\"potentialAction\":[{\"@type\":\"SearchAction\",\"target\":{\"@type\":\"EntryPoint\",\"urlTemplate\":\"https:\/\/redfoxlotto.com\/sr\/?s={search_term_string}\"},\"query-input\":{\"@type\":\"PropertyValueSpecification\",\"valueRequired\":true,\"valueName\":\"search_term_string\"}}],\"inLanguage\":\"sr-RS\"},{\"@type\":\"Organization\",\"@id\":\"https:\/\/redfoxlotto.com\/sr\/#organization\",\"name\":\"Get Tickets for the World\u2019s largest jackpots\",\"url\":\"https:\/\/redfoxlotto.com\/sr\/\",\"logo\":{\"@type\":\"ImageObject\",\"inLanguage\":\"sr-RS\",\"@id\":\"https:\/\/redfoxlotto.com\/sr\/#\/schema\/logo\/image\/\",\"url\":\"https:\/\/redfoxlotto.com\/wp-content\/uploads\/2023\/04\/logo.png\",\"contentUrl\":\"https:\/\/redfoxlotto.com\/wp-content\/uploads\/2023\/04\/logo.png\",\"width\":269,\"height\":53,\"caption\":\"Get Tickets for the World\u2019s largest jackpots\"},\"image\":{\"@id\":\"https:\/\/redfoxlotto.com\/sr\/#\/schema\/logo\/image\/\"}}]}<\/script>\n<!-- \/ Yoast SEO plugin. -->","yoast_head_json":{"title":"Prona\u0111ite rezultate francuske lutrije","description":"Pronala\u017eenje rezultata francuske lutrije je jednostavno i lako, jer sve \u0161to je potrebno je da ih ovde pregledate","robots":{"index":"index","follow":"follow","max-snippet":"max-snippet:-1","max-image-preview":"max-image-preview:large","max-video-preview":"max-video-preview:-1"},"canonical":"https:\/\/redfoxlotto.com\/sr\/rezultati\/lotto-fr\/","og_locale":"sr_RS","og_type":"article","og_title":"Prona\u0111ite rezultate francuske lutrije","og_description":"Pronala\u017eenje rezultata francuske lutrije je jednostavno i lako, jer sve \u0161to je potrebno je da ih ovde pregledate","og_url":"https:\/\/redfoxlotto.com\/sr\/rezultati\/lotto-fr\/","og_site_name":"Get Tickets for the World\u2019s largest jackpots","article_modified_time":"2020-02-21T20:25:52+00:00","twitter_card":"summary_large_image","twitter_misc":{"\u041f\u0440\u043e\u0446\u0435\u045a\u0435\u043d\u043e \u0432\u0440\u0435\u043c\u0435 \u0447\u0438\u0442\u0430\u045a\u0430":"1 \u043c\u0438\u043d\u0443\u0442"},"schema":{"@context":"https:\/\/schema.org","@graph":[{"@type":"WebPage","@id":"https:\/\/redfoxlotto.com\/sr\/rezultati\/lotto-fr\/","url":"https:\/\/redfoxlotto.com\/sr\/rezultati\/lotto-fr\/","name":"Prona\u0111ite rezultate francuske lutrije","isPartOf":{"@id":"https:\/\/redfoxlotto.com\/sr\/#website"},"datePublished":"2020-04-16T13:14:59+00:00","dateModified":"2020-02-21T20:25:52+00:00","description":"Pronala\u017eenje rezultata francuske lutrije je jednostavno i lako, jer sve \u0161to je potrebno je da ih ovde pregledate","breadcrumb":{"@id":"https:\/\/redfoxlotto.com\/sr\/rezultati\/lotto-fr\/#breadcrumb"},"inLanguage":"sr-RS","potentialAction":[{"@type":"ReadAction","target":["https:\/\/redfoxlotto.com\/sr\/rezultati\/lotto-fr\/"]}]},{"@type":"BreadcrumbList","@id":"https:\/\/redfoxlotto.com\/sr\/rezultati\/lotto-fr\/#breadcrumb","itemListElement":[{"@type":"ListItem","position":1,"name":"Home","item":"https:\/\/redfoxlotto.com\/sr\/"},{"@type":"ListItem","position":2,"name":"Rezultati me\u0111unarodne lutrije","item":"https:\/\/redfoxlotto.com\/sr\/rezultati\/"},{"@type":"ListItem","position":3,"name":"Francuska lutrija-rezultati"}]},{"@type":"WebSite","@id":"https:\/\/redfoxlotto.com\/sr\/#website","url":"https:\/\/redfoxlotto.com\/sr\/","name":"Get Tickets for the World\u2019s largest jackpots","description":"Participate in worldwide lottery jackpots from any country","publisher":{"@id":"https:\/\/redfoxlotto.com\/sr\/#organization"},"potentialAction":[{"@type":"SearchAction","target":{"@type":"EntryPoint","urlTemplate":"https:\/\/redfoxlotto.com\/sr\/?s={search_term_string}"},"query-input":{"@type":"PropertyValueSpecification","valueRequired":true,"valueName":"search_term_string"}}],"inLanguage":"sr-RS"},{"@type":"Organization","@id":"https:\/\/redfoxlotto.com\/sr\/#organization","name":"Get Tickets for the World\u2019s largest jackpots","url":"https:\/\/redfoxlotto.com\/sr\/","logo":{"@type":"ImageObject","inLanguage":"sr-RS","@id":"https:\/\/redfoxlotto.com\/sr\/#\/schema\/logo\/image\/","url":"https:\/\/redfoxlotto.com\/wp-content\/uploads\/2023\/04\/logo.png","contentUrl":"https:\/\/redfoxlotto.com\/wp-content\/uploads\/2023\/04\/logo.png","width":269,"height":53,"caption":"Get Tickets for the World\u2019s largest jackpots"},"image":{"@id":"https:\/\/redfoxlotto.com\/sr\/#\/schema\/logo\/image\/"}}]}},"_links":{"self":[{"href":"https:\/\/redfoxlotto.com\/sr\/wp-json\/wp\/v2\/pages\/7488","targetHints":{"allow":["GET"]}}],"collection":[{"href":"https:\/\/redfoxlotto.com\/sr\/wp-json\/wp\/v2\/pages"}],"about":[{"href":"https:\/\/redfoxlotto.com\/sr\/wp-json\/wp\/v2\/types\/page"}],"author":[{"embeddable":true,"href":"https:\/\/redfoxlotto.com\/sr\/wp-json\/wp\/v2\/users\/1"}],"replies":[{"embeddable":true,"href":"https:\/\/redfoxlotto.com\/sr\/wp-json\/wp\/v2\/comments?post=7488"}],"version-history":[{"count":0,"href":"https:\/\/redfoxlotto.com\/sr\/wp-json\/wp\/v2\/pages\/7488\/revisions"}],"up":[{"embeddable":true,"href":"https:\/\/redfoxlotto.com\/sr\/wp-json\/wp\/v2\/pages\/7310"}],"wp:attachment":[{"href":"https:\/\/redfoxlotto.com\/sr\/wp-json\/wp\/v2\/media?parent=7488"}],"curies":[{"name":"wp","href":"https:\/\/api.w.org\/{rel}","templated":true}]}}