{"id":7485,"date":"2019-08-09T14:33:52","date_gmt":"2019-08-09T14:33:52","guid":{"rendered":"https:\/\/redfoxlotto.com\/?page_id=7485"},"modified":"2020-02-21T20:24:32","modified_gmt":"2020-02-21T20:24:32","slug":"lotto-fr","status":"publish","type":"page","link":"https:\/\/redfoxlotto.com\/sr\/lutrija\/lotto-fr\/","title":{"rendered":"O francuskoj lutriji"},"content":{"rendered":"<p>Verovatno \u0107e vas iznenaditi \u010dinjenica da lutrija u Francuskoj se\u017ee sve do 1505. Kralj Franjo 1. zapo\u010deo je to sa svojim gra\u0111anima, ali se igra tokom vremena prili\u010dno promenila. Ipak, proces igranja je prili\u010dno sli\u010dan onome \u0161to ste verovatno videli u bilo kojoj <a href=\"https:\/\/redfoxlotto.com\/sr\/lutrija\/\">drugoj lutrijskoj<\/a> igri u kojoj ste u\u010destvovali. <\/p><!--more--><h2 class=\"wp-block-heading\">Kako funkcioni\u0161e<\/h2><p>U francuskoj lutriji se izvla\u010denja odvijaju tri dana u nedelji &#8211; svakog ponedeljka, srede i subote ima novo izvla\u010denje. Pored \u010destih izvla\u010denja, igra je super jednostavna. A ako kupite tikete za francuski loto na internetu, onda je jo\u0161 lak\u0161e. Osvoji\u0107ete dobitak ako imate svih pet ta\u010dnih brojeva, a pogodite i bonus loptu. Veliki d\u017eekpot \u0107e biti bar \u20ac2,000,000. <\/p><h2 class=\"wp-block-heading\">Biranje brojeva<\/h2><p>Postoji nekoliko razli\u010ditih na\u010dina na koje mo\u017eete birati koje brojeve \u017eelite da igrate. Mo\u017eete popuniti \u201elisti\u0107\u201c brojevima koje \u017eelite ili mo\u017eete odabrati &#8222;lako biranje&#8220;.<\/p><h2 class=\"wp-block-heading\">Kako osvojiti dobitak<\/h2><p>Ako dobijete bonus broj, sigurno \u0107ete ne\u0161to osvojiti. Ako pogodite dva od regularnih brojeva, ali ne i bonus, tako\u0111e \u0107ete ne\u0161to osvojiti. A za svaki dodatni broj koji imate preko toga osvoji\u0107ete dodatni novac. Najve\u0107i dobitak je sa \u010detiri broja plus bonus ili sa svih pet brojeva plus bonus. <\/p><h2 class=\"wp-block-heading\">Kako da kupite tikete za francusku lutriju onlajn<\/h2><p>Kupuju\u0107i <a href=\"https:\/\/redfoxlotto.com\/sr\/\">tikete lutriji onlajn<\/a>, dobi\u0107ete sve iste pogodnosti koje biste imali da \u017eivite u Francuskoj i tiket mo\u017eete kupiti lokalno.<\/p>","protected":false},"excerpt":{"rendered":"<p>Verovatno \u0107e vas iznenaditi \u010dinjenica da lutrija u Francuskoj se\u017ee sve do 1505. Kralj Franjo 1. zapo\u010deo je to sa svojim gra\u0111anima, ali se igra tokom vremena prili\u010dno promenila. Ipak, proces igranja je prili\u010dno sli\u010dan onome \u0161to ste verovatno videli u bilo kojoj drugoj lutrijskoj igri u kojoj ste u\u010destvovali.<\/p>\n","protected":false},"author":1,"featured_media":0,"parent":7302,"menu_order":31,"comment_status":"closed","ping_status":"closed","template":"lotto-fr-info.php","meta":{"_et_pb_use_builder":"","_et_pb_old_content":"","_et_gb_content_width":"","exclude_from_search":false,"footnotes":""},"class_list":["post-7485","page","type-page","status-publish","hentry"],"yoast_head":"<!-- This site is optimized with the Yoast SEO plugin v27.3 - https:\/\/yoast.com\/product\/yoast-seo-wordpress\/ -->\n<title>Kako da kupite tiket za francusku lutriju onlajn<\/title>\n<meta name=\"description\" content=\"Spremni ste da kupite tikete za francusku lutriju onlajn? Posetite ovde!\" \/>\n<meta name=\"robots\" content=\"index, follow, max-snippet:-1, max-image-preview:large, max-video-preview:-1\" \/>\n<link rel=\"canonical\" href=\"https:\/\/redfoxlotto.com\/sr\/lutrija\/lotto-fr\/\" \/>\n<meta property=\"og:locale\" content=\"sr_RS\" \/>\n<meta property=\"og:type\" content=\"article\" \/>\n<meta property=\"og:title\" content=\"Kako da kupite tiket za francusku lutriju onlajn\" \/>\n<meta property=\"og:description\" content=\"Spremni ste da kupite tikete za francusku lutriju onlajn? Posetite ovde!\" \/>\n<meta property=\"og:url\" content=\"https:\/\/redfoxlotto.com\/sr\/lutrija\/lotto-fr\/\" \/>\n<meta property=\"og:site_name\" content=\"Get Tickets for the World\u2019s largest jackpots\" \/>\n<meta property=\"article:modified_time\" content=\"2020-02-21T20:24:32+00:00\" \/>\n<meta name=\"twitter:card\" content=\"summary_large_image\" \/>\n<meta name=\"twitter:label1\" content=\"\u041f\u0440\u043e\u0446\u0435\u045a\u0435\u043d\u043e \u0432\u0440\u0435\u043c\u0435 \u0447\u0438\u0442\u0430\u045a\u0430\" \/>\n\t<meta name=\"twitter:data1\" content=\"1 \u043c\u0438\u043d\u0443\u0442\" \/>\n<script type=\"application\/ld+json\" class=\"yoast-schema-graph\">{\"@context\":\"https:\\\/\\\/schema.org\",\"@graph\":[{\"@type\":\"WebPage\",\"@id\":\"https:\\\/\\\/redfoxlotto.com\\\/sr\\\/lutrija\\\/lotto-fr\\\/\",\"url\":\"https:\\\/\\\/redfoxlotto.com\\\/sr\\\/lutrija\\\/lotto-fr\\\/\",\"name\":\"Kako da kupite tiket za francusku lutriju onlajn\",\"isPartOf\":{\"@id\":\"https:\\\/\\\/redfoxlotto.com\\\/sr\\\/#website\"},\"datePublished\":\"2019-08-09T14:33:52+00:00\",\"dateModified\":\"2020-02-21T20:24:32+00:00\",\"description\":\"Spremni ste da kupite tikete za francusku lutriju onlajn? Posetite ovde!\",\"breadcrumb\":{\"@id\":\"https:\\\/\\\/redfoxlotto.com\\\/sr\\\/lutrija\\\/lotto-fr\\\/#breadcrumb\"},\"inLanguage\":\"sr-RS\",\"potentialAction\":[{\"@type\":\"ReadAction\",\"target\":[\"https:\\\/\\\/redfoxlotto.com\\\/sr\\\/lutrija\\\/lotto-fr\\\/\"]}]},{\"@type\":\"BreadcrumbList\",\"@id\":\"https:\\\/\\\/redfoxlotto.com\\\/sr\\\/lutrija\\\/lotto-fr\\\/#breadcrumb\",\"itemListElement\":[{\"@type\":\"ListItem\",\"position\":1,\"name\":\"Home\",\"item\":\"https:\\\/\\\/redfoxlotto.com\\\/sr\\\/\"},{\"@type\":\"ListItem\",\"position\":2,\"name\":\"Kako kupiti loto tikete onlajn \u2013 process kupovine\",\"item\":\"https:\\\/\\\/redfoxlotto.com\\\/sr\\\/lutrija\\\/\"},{\"@type\":\"ListItem\",\"position\":3,\"name\":\"O francuskoj lutriji\"}]},{\"@type\":\"WebSite\",\"@id\":\"https:\\\/\\\/redfoxlotto.com\\\/sr\\\/#website\",\"url\":\"https:\\\/\\\/redfoxlotto.com\\\/sr\\\/\",\"name\":\"Get Tickets for the World\u2019s largest jackpots\",\"description\":\"Participate in worldwide lottery jackpots from any country\",\"publisher\":{\"@id\":\"https:\\\/\\\/redfoxlotto.com\\\/sr\\\/#organization\"},\"potentialAction\":[{\"@type\":\"SearchAction\",\"target\":{\"@type\":\"EntryPoint\",\"urlTemplate\":\"https:\\\/\\\/redfoxlotto.com\\\/sr\\\/?s={search_term_string}\"},\"query-input\":{\"@type\":\"PropertyValueSpecification\",\"valueRequired\":true,\"valueName\":\"search_term_string\"}}],\"inLanguage\":\"sr-RS\"},{\"@type\":\"Organization\",\"@id\":\"https:\\\/\\\/redfoxlotto.com\\\/sr\\\/#organization\",\"name\":\"Get Tickets for the World\u2019s largest jackpots\",\"url\":\"https:\\\/\\\/redfoxlotto.com\\\/sr\\\/\",\"logo\":{\"@type\":\"ImageObject\",\"inLanguage\":\"sr-RS\",\"@id\":\"https:\\\/\\\/redfoxlotto.com\\\/sr\\\/#\\\/schema\\\/logo\\\/image\\\/\",\"url\":\"https:\\\/\\\/redfoxlotto.com\\\/wp-content\\\/uploads\\\/2023\\\/04\\\/logo.png\",\"contentUrl\":\"https:\\\/\\\/redfoxlotto.com\\\/wp-content\\\/uploads\\\/2023\\\/04\\\/logo.png\",\"width\":269,\"height\":53,\"caption\":\"Get Tickets for the World\u2019s largest jackpots\"},\"image\":{\"@id\":\"https:\\\/\\\/redfoxlotto.com\\\/sr\\\/#\\\/schema\\\/logo\\\/image\\\/\"}}]}<\/script>\n<!-- \/ Yoast SEO plugin. -->","yoast_head_json":{"title":"Kako da kupite tiket za francusku lutriju onlajn","description":"Spremni ste da kupite tikete za francusku lutriju onlajn? Posetite ovde!","robots":{"index":"index","follow":"follow","max-snippet":"max-snippet:-1","max-image-preview":"max-image-preview:large","max-video-preview":"max-video-preview:-1"},"canonical":"https:\/\/redfoxlotto.com\/sr\/lutrija\/lotto-fr\/","og_locale":"sr_RS","og_type":"article","og_title":"Kako da kupite tiket za francusku lutriju onlajn","og_description":"Spremni ste da kupite tikete za francusku lutriju onlajn? Posetite ovde!","og_url":"https:\/\/redfoxlotto.com\/sr\/lutrija\/lotto-fr\/","og_site_name":"Get Tickets for the World\u2019s largest jackpots","article_modified_time":"2020-02-21T20:24:32+00:00","twitter_card":"summary_large_image","twitter_misc":{"\u041f\u0440\u043e\u0446\u0435\u045a\u0435\u043d\u043e \u0432\u0440\u0435\u043c\u0435 \u0447\u0438\u0442\u0430\u045a\u0430":"1 \u043c\u0438\u043d\u0443\u0442"},"schema":{"@context":"https:\/\/schema.org","@graph":[{"@type":"WebPage","@id":"https:\/\/redfoxlotto.com\/sr\/lutrija\/lotto-fr\/","url":"https:\/\/redfoxlotto.com\/sr\/lutrija\/lotto-fr\/","name":"Kako da kupite tiket za francusku lutriju onlajn","isPartOf":{"@id":"https:\/\/redfoxlotto.com\/sr\/#website"},"datePublished":"2019-08-09T14:33:52+00:00","dateModified":"2020-02-21T20:24:32+00:00","description":"Spremni ste da kupite tikete za francusku lutriju onlajn? Posetite ovde!","breadcrumb":{"@id":"https:\/\/redfoxlotto.com\/sr\/lutrija\/lotto-fr\/#breadcrumb"},"inLanguage":"sr-RS","potentialAction":[{"@type":"ReadAction","target":["https:\/\/redfoxlotto.com\/sr\/lutrija\/lotto-fr\/"]}]},{"@type":"BreadcrumbList","@id":"https:\/\/redfoxlotto.com\/sr\/lutrija\/lotto-fr\/#breadcrumb","itemListElement":[{"@type":"ListItem","position":1,"name":"Home","item":"https:\/\/redfoxlotto.com\/sr\/"},{"@type":"ListItem","position":2,"name":"Kako kupiti loto tikete onlajn \u2013 process kupovine","item":"https:\/\/redfoxlotto.com\/sr\/lutrija\/"},{"@type":"ListItem","position":3,"name":"O francuskoj lutriji"}]},{"@type":"WebSite","@id":"https:\/\/redfoxlotto.com\/sr\/#website","url":"https:\/\/redfoxlotto.com\/sr\/","name":"Get Tickets for the World\u2019s largest jackpots","description":"Participate in worldwide lottery jackpots from any country","publisher":{"@id":"https:\/\/redfoxlotto.com\/sr\/#organization"},"potentialAction":[{"@type":"SearchAction","target":{"@type":"EntryPoint","urlTemplate":"https:\/\/redfoxlotto.com\/sr\/?s={search_term_string}"},"query-input":{"@type":"PropertyValueSpecification","valueRequired":true,"valueName":"search_term_string"}}],"inLanguage":"sr-RS"},{"@type":"Organization","@id":"https:\/\/redfoxlotto.com\/sr\/#organization","name":"Get Tickets for the World\u2019s largest jackpots","url":"https:\/\/redfoxlotto.com\/sr\/","logo":{"@type":"ImageObject","inLanguage":"sr-RS","@id":"https:\/\/redfoxlotto.com\/sr\/#\/schema\/logo\/image\/","url":"https:\/\/redfoxlotto.com\/wp-content\/uploads\/2023\/04\/logo.png","contentUrl":"https:\/\/redfoxlotto.com\/wp-content\/uploads\/2023\/04\/logo.png","width":269,"height":53,"caption":"Get Tickets for the World\u2019s largest jackpots"},"image":{"@id":"https:\/\/redfoxlotto.com\/sr\/#\/schema\/logo\/image\/"}}]}},"_links":{"self":[{"href":"https:\/\/redfoxlotto.com\/sr\/wp-json\/wp\/v2\/pages\/7485","targetHints":{"allow":["GET"]}}],"collection":[{"href":"https:\/\/redfoxlotto.com\/sr\/wp-json\/wp\/v2\/pages"}],"about":[{"href":"https:\/\/redfoxlotto.com\/sr\/wp-json\/wp\/v2\/types\/page"}],"author":[{"embeddable":true,"href":"https:\/\/redfoxlotto.com\/sr\/wp-json\/wp\/v2\/users\/1"}],"replies":[{"embeddable":true,"href":"https:\/\/redfoxlotto.com\/sr\/wp-json\/wp\/v2\/comments?post=7485"}],"version-history":[{"count":0,"href":"https:\/\/redfoxlotto.com\/sr\/wp-json\/wp\/v2\/pages\/7485\/revisions"}],"up":[{"embeddable":true,"href":"https:\/\/redfoxlotto.com\/sr\/wp-json\/wp\/v2\/pages\/7302"}],"wp:attachment":[{"href":"https:\/\/redfoxlotto.com\/sr\/wp-json\/wp\/v2\/media?parent=7485"}],"curies":[{"name":"wp","href":"https:\/\/api.w.org\/{rel}","templated":true}]}}