{"id":7484,"date":"2019-08-09T14:24:22","date_gmt":"2019-08-09T14:24:22","guid":{"rendered":"https:\/\/redfoxlotto.com\/?page_id=7484"},"modified":"2025-12-10T23:47:36","modified_gmt":"2025-12-10T23:47:36","slug":"lotto-fr","status":"publish","type":"page","link":"https:\/\/redfoxlotto.com\/sr\/igrati\/lotto-fr\/","title":{"rendered":"Igrajte francuski loto"},"content":{"rendered":"<script type=\"application\/ld+json\">\r\n{\r\n\"@context\": \"https:\/\/schema.org\",\r\n\"@type\": \"Service\",\r\n\"name\": \"French Lotto online\",\r\n\"url\": \"https:\/\/redfoxlotto.com\/sr\/igrati\/lotto-fr\/\",\r\n\"description\": \"Kupite zvani\u010dne francuske loto tikete online putem RedFoxLotto. Izaberite svoje brojeve i u\u010destvujte u slede\u0107em izvla\u010denju.\",\r\n\"serviceType\": \"Online lottery ticket purchase\",\r\n\r\n\"provider\": {\r\n\"@type\": \"Organization\",\r\n\"name\": \"RedFoxLotto\",\r\n\"url\": \"https:\/\/redfoxlotto.com\",\r\n\"logo\": \"https:\/\/redfoxlotto.com\/wp-content\/uploads\/logo.png\"\r\n},\r\n\r\n\"areaServed\": \"Worldwide\",\r\n\"termsOfService\": \"https:\/\/redfoxlotto.com\/terms-and-conditions\",\r\n\r\n\"hasOfferCatalog\": {\r\n\"@type\": \"OfferCatalog\",\r\n\"name\": \"French Lotto Offers\",\r\n\"itemListElement\": [\r\n{\r\n\"@type\": \"Offer\",\r\n\"name\": \"Lotto French Lotto Ticket\",\r\n\"url\": \"https:\/\/redfoxlotto.com\/sr\/igrati\/lotto-fr\/\",\r\n\"description\": \"Jedno u\u010de\u0161\u0107e u slede\u0107em izvla\u010denju francuske lutrije.\",\r\n\"price\": \"6.00\",\r\n\"priceCurrency\": \"EUR\",\r\n\"availability\": \"https:\/\/schema.org\/InStock\",\r\n\r\n\"itemOffered\": {\r\n\"@type\": \"Service\",\r\n\"name\": \"French Lotto Lottery Entry\",\r\n\"description\": \"U\u010de\u0161\u0107e u slede\u0107em izvla\u010denju francuske lutrije putem RedFoxLotto.\"\r\n}\r\n}\r\n]\r\n},\r\n\r\n\"mainEntityOfPage\": {\r\n\"@type\": \"WebPage\",\r\n\"@id\": \"https:\/\/redfoxlotto.com\/sr\/igrati\/lotto-fr\/\"\r\n}\r\n}\r\n<\/script><p>Da li ste spremni da igrate potpuno novu igru? Ako jeste, onda bi apsolutno trebalo da pogledate francusku lutriju. Ako je niste igrali pre, iznenadili biste se koliko je sli\u010dna igrama koje ste ve\u0107 igrali. <\/p><h2 class=\"wp-block-heading\">Kako da igrate francusku lutriju onlajn<\/h2><p>Da li ste ikada igrali drugu vrstu lutrije na internetu? Ili ste mo\u017eda pre i\u0161li do lokalne prodavnice da biste preuzeli tikete. Ovo su igre koje \u0107e biti jo\u0161 zabavnije i pru\u017ei\u0107e vam jo\u0161 vi\u0161e \u0161anse da osvojite ogromnu nagradu.<\/p><p>Sa francuskom lutrijom, jednostavno morate kupiti tiket onlajn kako biste mogli po\u010deti sa igrom, a kupovina tiketa je vrlo jednostavna. U ovoj konkretnoj igri \u0107ete imati opciju sa pet brojeva plus bonus broj. <\/p><h2 class=\"wp-block-heading\">Kako da osvojite dobitak na francuskoj lutriji onlajn <\/h2><p>Izvla\u010denja se odvijaju na svakih par dana, i to u ponedeljak, sredu i subotu, tako da ne\u0107ete morati dugo da \u010dekate. Nakon \u0161to se brojevi izvuku, vreme je da ih proverite. Mo\u017eete se vratiti ovde gde ste kupili tiket kako biste videli dobitne brojeve i da li ste osvojili <a href=\"https:\/\/redfoxlotto.com\/sr\/igrati\/\">d\u017eekpot <\/a>ili barem neku od manjih nagrada.<\/p>","protected":false},"excerpt":{"rendered":"<p>Da li ste spremni da igrate potpuno novu igru? Ako jeste, onda bi apsolutno trebalo da pogledate francusku lutriju. Ako je niste igrali pre, iznenadili biste se koliko je sli\u010dna igrama koje ste ve\u0107 igrali. Kako da igrate francusku lutriju onlajn Da li ste ikada igrali drugu vrstu lutrije na internetu? Ili ste mo\u017eda pre [&hellip;]<\/p>\n","protected":false},"author":1,"featured_media":0,"parent":7318,"menu_order":33,"comment_status":"closed","ping_status":"closed","template":"lotto-fr.php","meta":{"_et_pb_use_builder":"","_et_pb_old_content":"","_et_gb_content_width":"","exclude_from_search":false,"footnotes":""},"class_list":["post-7484","page","type-page","status-publish","hentry"],"yoast_head":"<!-- This site is optimized with the Yoast SEO plugin v23.8 - https:\/\/yoast.com\/wordpress\/plugins\/seo\/ -->\n<title>Kako da igrate francusku lutriju onlajn?<\/title>\n<meta name=\"description\" content=\"Kada budete spremni da igrate francusku lutriju, ovo je pravo mesto za po\u010detak.\" \/>\n<meta name=\"robots\" content=\"index, follow, max-snippet:-1, max-image-preview:large, max-video-preview:-1\" \/>\n<link rel=\"canonical\" href=\"https:\/\/redfoxlotto.com\/sr\/igrati\/lotto-fr\/\" \/>\n<meta property=\"og:locale\" content=\"sr_RS\" \/>\n<meta property=\"og:type\" content=\"article\" \/>\n<meta property=\"og:title\" content=\"Kako da igrate francusku lutriju onlajn?\" \/>\n<meta property=\"og:description\" content=\"Kada budete spremni da igrate francusku lutriju, ovo je pravo mesto za po\u010detak.\" \/>\n<meta property=\"og:url\" content=\"https:\/\/redfoxlotto.com\/sr\/igrati\/lotto-fr\/\" \/>\n<meta property=\"og:site_name\" content=\"Get Tickets for the World\u2019s largest jackpots\" \/>\n<meta property=\"article:modified_time\" content=\"2025-12-10T23:47:36+00:00\" \/>\n<meta name=\"twitter:card\" content=\"summary_large_image\" \/>\n<meta name=\"twitter:label1\" content=\"\u041f\u0440\u043e\u0446\u0435\u045a\u0435\u043d\u043e \u0432\u0440\u0435\u043c\u0435 \u0447\u0438\u0442\u0430\u045a\u0430\" \/>\n\t<meta name=\"twitter:data1\" content=\"1 \u043c\u0438\u043d\u0443\u0442\" \/>\n<script type=\"application\/ld+json\" class=\"yoast-schema-graph\">{\"@context\":\"https:\/\/schema.org\",\"@graph\":[{\"@type\":\"WebPage\",\"@id\":\"https:\/\/redfoxlotto.com\/sr\/igrati\/lotto-fr\/\",\"url\":\"https:\/\/redfoxlotto.com\/sr\/igrati\/lotto-fr\/\",\"name\":\"Kako da igrate francusku lutriju onlajn?\",\"isPartOf\":{\"@id\":\"https:\/\/redfoxlotto.com\/sr\/#website\"},\"datePublished\":\"2019-08-09T14:24:22+00:00\",\"dateModified\":\"2025-12-10T23:47:36+00:00\",\"description\":\"Kada budete spremni da igrate francusku lutriju, ovo je pravo mesto za po\u010detak.\",\"breadcrumb\":{\"@id\":\"https:\/\/redfoxlotto.com\/sr\/igrati\/lotto-fr\/#breadcrumb\"},\"inLanguage\":\"sr-RS\",\"potentialAction\":[{\"@type\":\"ReadAction\",\"target\":[\"https:\/\/redfoxlotto.com\/sr\/igrati\/lotto-fr\/\"]}]},{\"@type\":\"BreadcrumbList\",\"@id\":\"https:\/\/redfoxlotto.com\/sr\/igrati\/lotto-fr\/#breadcrumb\",\"itemListElement\":[{\"@type\":\"ListItem\",\"position\":1,\"name\":\"Home\",\"item\":\"https:\/\/redfoxlotto.com\/sr\/\"},{\"@type\":\"ListItem\",\"position\":2,\"name\":\"Kako u\u010destvovati u lutrijama drugih zemalja\",\"item\":\"https:\/\/redfoxlotto.com\/sr\/igrati\/\"},{\"@type\":\"ListItem\",\"position\":3,\"name\":\"Igrajte francuski loto\"}]},{\"@type\":\"WebSite\",\"@id\":\"https:\/\/redfoxlotto.com\/sr\/#website\",\"url\":\"https:\/\/redfoxlotto.com\/sr\/\",\"name\":\"Get Tickets for the World\u2019s largest jackpots\",\"description\":\"Participate in worldwide lottery jackpots from any country\",\"publisher\":{\"@id\":\"https:\/\/redfoxlotto.com\/sr\/#organization\"},\"potentialAction\":[{\"@type\":\"SearchAction\",\"target\":{\"@type\":\"EntryPoint\",\"urlTemplate\":\"https:\/\/redfoxlotto.com\/sr\/?s={search_term_string}\"},\"query-input\":{\"@type\":\"PropertyValueSpecification\",\"valueRequired\":true,\"valueName\":\"search_term_string\"}}],\"inLanguage\":\"sr-RS\"},{\"@type\":\"Organization\",\"@id\":\"https:\/\/redfoxlotto.com\/sr\/#organization\",\"name\":\"Get Tickets for the World\u2019s largest jackpots\",\"url\":\"https:\/\/redfoxlotto.com\/sr\/\",\"logo\":{\"@type\":\"ImageObject\",\"inLanguage\":\"sr-RS\",\"@id\":\"https:\/\/redfoxlotto.com\/sr\/#\/schema\/logo\/image\/\",\"url\":\"https:\/\/redfoxlotto.com\/wp-content\/uploads\/2023\/04\/logo.png\",\"contentUrl\":\"https:\/\/redfoxlotto.com\/wp-content\/uploads\/2023\/04\/logo.png\",\"width\":269,\"height\":53,\"caption\":\"Get Tickets for the World\u2019s largest jackpots\"},\"image\":{\"@id\":\"https:\/\/redfoxlotto.com\/sr\/#\/schema\/logo\/image\/\"}}]}<\/script>\n<!-- \/ Yoast SEO plugin. -->","yoast_head_json":{"title":"Kako da igrate francusku lutriju onlajn?","description":"Kada budete spremni da igrate francusku lutriju, ovo je pravo mesto za po\u010detak.","robots":{"index":"index","follow":"follow","max-snippet":"max-snippet:-1","max-image-preview":"max-image-preview:large","max-video-preview":"max-video-preview:-1"},"canonical":"https:\/\/redfoxlotto.com\/sr\/igrati\/lotto-fr\/","og_locale":"sr_RS","og_type":"article","og_title":"Kako da igrate francusku lutriju onlajn?","og_description":"Kada budete spremni da igrate francusku lutriju, ovo je pravo mesto za po\u010detak.","og_url":"https:\/\/redfoxlotto.com\/sr\/igrati\/lotto-fr\/","og_site_name":"Get Tickets for the World\u2019s largest jackpots","article_modified_time":"2025-12-10T23:47:36+00:00","twitter_card":"summary_large_image","twitter_misc":{"\u041f\u0440\u043e\u0446\u0435\u045a\u0435\u043d\u043e \u0432\u0440\u0435\u043c\u0435 \u0447\u0438\u0442\u0430\u045a\u0430":"1 \u043c\u0438\u043d\u0443\u0442"},"schema":{"@context":"https:\/\/schema.org","@graph":[{"@type":"WebPage","@id":"https:\/\/redfoxlotto.com\/sr\/igrati\/lotto-fr\/","url":"https:\/\/redfoxlotto.com\/sr\/igrati\/lotto-fr\/","name":"Kako da igrate francusku lutriju onlajn?","isPartOf":{"@id":"https:\/\/redfoxlotto.com\/sr\/#website"},"datePublished":"2019-08-09T14:24:22+00:00","dateModified":"2025-12-10T23:47:36+00:00","description":"Kada budete spremni da igrate francusku lutriju, ovo je pravo mesto za po\u010detak.","breadcrumb":{"@id":"https:\/\/redfoxlotto.com\/sr\/igrati\/lotto-fr\/#breadcrumb"},"inLanguage":"sr-RS","potentialAction":[{"@type":"ReadAction","target":["https:\/\/redfoxlotto.com\/sr\/igrati\/lotto-fr\/"]}]},{"@type":"BreadcrumbList","@id":"https:\/\/redfoxlotto.com\/sr\/igrati\/lotto-fr\/#breadcrumb","itemListElement":[{"@type":"ListItem","position":1,"name":"Home","item":"https:\/\/redfoxlotto.com\/sr\/"},{"@type":"ListItem","position":2,"name":"Kako u\u010destvovati u lutrijama drugih zemalja","item":"https:\/\/redfoxlotto.com\/sr\/igrati\/"},{"@type":"ListItem","position":3,"name":"Igrajte francuski loto"}]},{"@type":"WebSite","@id":"https:\/\/redfoxlotto.com\/sr\/#website","url":"https:\/\/redfoxlotto.com\/sr\/","name":"Get Tickets for the World\u2019s largest jackpots","description":"Participate in worldwide lottery jackpots from any country","publisher":{"@id":"https:\/\/redfoxlotto.com\/sr\/#organization"},"potentialAction":[{"@type":"SearchAction","target":{"@type":"EntryPoint","urlTemplate":"https:\/\/redfoxlotto.com\/sr\/?s={search_term_string}"},"query-input":{"@type":"PropertyValueSpecification","valueRequired":true,"valueName":"search_term_string"}}],"inLanguage":"sr-RS"},{"@type":"Organization","@id":"https:\/\/redfoxlotto.com\/sr\/#organization","name":"Get Tickets for the World\u2019s largest jackpots","url":"https:\/\/redfoxlotto.com\/sr\/","logo":{"@type":"ImageObject","inLanguage":"sr-RS","@id":"https:\/\/redfoxlotto.com\/sr\/#\/schema\/logo\/image\/","url":"https:\/\/redfoxlotto.com\/wp-content\/uploads\/2023\/04\/logo.png","contentUrl":"https:\/\/redfoxlotto.com\/wp-content\/uploads\/2023\/04\/logo.png","width":269,"height":53,"caption":"Get Tickets for the World\u2019s largest jackpots"},"image":{"@id":"https:\/\/redfoxlotto.com\/sr\/#\/schema\/logo\/image\/"}}]}},"_links":{"self":[{"href":"https:\/\/redfoxlotto.com\/sr\/wp-json\/wp\/v2\/pages\/7484","targetHints":{"allow":["GET"]}}],"collection":[{"href":"https:\/\/redfoxlotto.com\/sr\/wp-json\/wp\/v2\/pages"}],"about":[{"href":"https:\/\/redfoxlotto.com\/sr\/wp-json\/wp\/v2\/types\/page"}],"author":[{"embeddable":true,"href":"https:\/\/redfoxlotto.com\/sr\/wp-json\/wp\/v2\/users\/1"}],"replies":[{"embeddable":true,"href":"https:\/\/redfoxlotto.com\/sr\/wp-json\/wp\/v2\/comments?post=7484"}],"version-history":[{"count":0,"href":"https:\/\/redfoxlotto.com\/sr\/wp-json\/wp\/v2\/pages\/7484\/revisions"}],"up":[{"embeddable":true,"href":"https:\/\/redfoxlotto.com\/sr\/wp-json\/wp\/v2\/pages\/7318"}],"wp:attachment":[{"href":"https:\/\/redfoxlotto.com\/sr\/wp-json\/wp\/v2\/media?parent=7484"}],"curies":[{"name":"wp","href":"https:\/\/api.w.org\/{rel}","templated":true}]}}