{"id":7464,"date":"2018-11-18T08:54:25","date_gmt":"2018-11-18T08:54:25","guid":{"rendered":"https:\/\/redfoxlotto.com\/?page_id=7464"},"modified":"2020-02-21T13:43:23","modified_gmt":"2020-02-21T13:43:23","slug":"el-gordo-primitiva","status":"publish","type":"page","link":"https:\/\/redfoxlotto.com\/sr\/lutrija\/el-gordo-primitiva\/","title":{"rendered":"Informacije o lutriji El Gordo"},"content":{"rendered":"<p>\u0160panska bo\u017ei\u0107na lutrija, ili Loteria de Navidad kao \u0161to je od milja zovu je jedna od najstarijih lutrija na svetu po\u0161to postoji jo\u0161 od 1812. I organizuje se otad svake godine. Loteria de Navidad je druga najdu\u017ea lutrija na svetu koja se odigravala \u010dak i za vreme gra\u0111anskog rata u \u0160paniji. U dr\u017eavama u kojima se ne govori \u0161panski \u010desto pretpostavljaju da je El Gordo ime lutrije, a u stvari El Gordo se samo odnosi na nagradu d\u017eekpota i bukvalno zna\u010di &#8222;velika&#8220;.<\/p><p><img loading=\"lazy\" decoding=\"async\" class=\" wp-image alignright\" src=\"https:\/\/content.redfoxlotto.com\/uploads\/sites\/9\/1_buy_ticket_lotto_online.jpg\" alt=\"buy online El Gordo \" width=\"248\" height=\"164\" \/><\/p><!--more--><h2 class=\"wp-block-heading\">El Gordo nedeljno izvla\u010denje<\/h2><p>Postoji i nedeljno izvla\u010denje El Gorda, a <strong><a href=\"https:\/\/redfoxlotto.com\/sr\/\">tikete mo\u017eete da kupite ovde na RedFoxLotto. <\/a><\/strong><\/p><h2 class=\"wp-block-heading\">Bo\u017ei\u0107no izdanje lutrije El Gordo<\/h2><p>\u0160panska bo\u017ei\u0107na lutrija nudi jednu od najve\u0107ih nagrada na lutriji, jer igra\u010di imaju \u0161ansu da osvoje do 2,5 milijardi evra u nagradama, dok nagrada za d\u017eekpot ili El Gordo iznosi \u010detiri miliona evra. Izvla\u010denje se odr\u017eava jednom godi\u0161nje blizu Bo\u017ei\u0107a, to jest odr\u017eava se svakog 22. decembra.<\/p><p><img decoding=\"async\" class=\"size-full wp-image alignright\" src=\"https:\/\/content.redfoxlotto.com\/uploads\/sites\/9\/2_ticket_el_gordo.jpg\" alt=\"El Gordo tickets  \"><\/p><p>Da biste u\u010destvovali u \u0161panskoj bo\u017ei\u0107noj lutriji, morate imati 18 i vi\u0161e godina, a na tiketima je ve\u0107 otisnut niz od 5 brojeva, tako da kada se izvla\u010denje zavr\u0161i, <a href=\"https:\/\/redfoxlotto.com\/sr\/lutrija\/\">tiketi <\/a>sa dobitnim brojevima kvalifikuju se za nagradu u lutriji. \u201cEl mayor premio es compartilo\u201d je slogan povezan sa \u0161panskom bo\u017ei\u0107nom lutrijom, a prevod na engleski jezik je &#8222;najve\u0107a nagrada je deljenje&#8220; i to je ono \u0161to lutriju \u010dini posebnom. Serije tiketa \u010desto sadr\u017ee iste brojeve, tako da ako ta grupa brojeva pobedi, nagradni novac se deli na sve one koji ih imaju. Tokom izvla\u010denja, lopta koja sadr\u017ei petocifreni broj izvla\u010di se iz bazena sa lopticama, pri \u010demu svaki dobitni broj ima svoju posebnu nagradu.<\/p><p>\u0160panska bo\u017ei\u0107na lutrija sada je vi\u0161e tradicija za \u0161panski narod kao i svaki Bo\u017ei\u0107, lutrija te\u017ei da donese sre\u0107u \u0161panskom narodu, jer svi o\u010dekuju da \u0107e biti pobednici u \u010duvenoj lutriji Loteria de Navidad. \u0160anse da se osvoji El Gordo su zapravo velike u pore\u0111enju s drugim lutrijama, jer su \u0161anse 1 na 100.000.<\/p>","protected":false},"excerpt":{"rendered":"<p>\u0160panska bo\u017ei\u0107na lutrija, ili Loteria de Navidad kao \u0161to je od milja zovu je jedna od najstarijih lutrija na svetu po\u0161to postoji jo\u0161 od 1812. I organizuje se otad svake godine. Loteria de Navidad je druga najdu\u017ea lutrija na svetu koja se odigravala \u010dak i za vreme gra\u0111anskog rata u \u0160paniji. U dr\u017eavama u kojima [&hellip;]<\/p>\n","protected":false},"author":1,"featured_media":0,"parent":7302,"menu_order":6,"comment_status":"closed","ping_status":"closed","template":"el-gordo-info.php","meta":{"_et_pb_use_builder":"","_et_pb_old_content":"","_et_gb_content_width":"","exclude_from_search":false,"footnotes":""},"class_list":["post-7464","page","type-page","status-publish","hentry"],"yoast_head":"<!-- This site is optimized with the Yoast SEO plugin v23.8 - https:\/\/yoast.com\/wordpress\/plugins\/seo\/ -->\n<title>Kako da kupite tiket za \u0161pansku lutriju El Gordo onlajn<\/title>\n<meta name=\"description\" content=\"Pogledajte ove informacije o \u0161panskim bo\u017ei\u0107nim lutrijama El Gordo i the Loteria de Navidad\" \/>\n<meta name=\"robots\" content=\"index, follow, max-snippet:-1, max-image-preview:large, max-video-preview:-1\" \/>\n<link rel=\"canonical\" href=\"https:\/\/redfoxlotto.com\/sr\/lutrija\/el-gordo-primitiva\/\" \/>\n<meta property=\"og:locale\" content=\"sr_RS\" \/>\n<meta property=\"og:type\" content=\"article\" \/>\n<meta property=\"og:title\" content=\"Kako da kupite tiket za \u0161pansku lutriju El Gordo onlajn\" \/>\n<meta property=\"og:description\" content=\"Pogledajte ove informacije o \u0161panskim bo\u017ei\u0107nim lutrijama El Gordo i the Loteria de Navidad\" \/>\n<meta property=\"og:url\" content=\"https:\/\/redfoxlotto.com\/sr\/lutrija\/el-gordo-primitiva\/\" \/>\n<meta property=\"og:site_name\" content=\"Get Tickets for the World\u2019s largest jackpots\" \/>\n<meta property=\"article:modified_time\" content=\"2020-02-21T13:43:23+00:00\" \/>\n<meta property=\"og:image\" content=\"https:\/\/content.redfoxlotto.com\/uploads\/sites\/9\/1_buy_ticket_lotto_online.jpg\" \/>\n<meta name=\"twitter:card\" content=\"summary_large_image\" \/>\n<meta name=\"twitter:label1\" content=\"\u041f\u0440\u043e\u0446\u0435\u045a\u0435\u043d\u043e \u0432\u0440\u0435\u043c\u0435 \u0447\u0438\u0442\u0430\u045a\u0430\" \/>\n\t<meta name=\"twitter:data1\" content=\"2 \u043c\u0438\u043d\u0443\u0442\u0430\" \/>\n<script type=\"application\/ld+json\" class=\"yoast-schema-graph\">{\"@context\":\"https:\/\/schema.org\",\"@graph\":[{\"@type\":\"WebPage\",\"@id\":\"https:\/\/redfoxlotto.com\/sr\/lutrija\/el-gordo-primitiva\/\",\"url\":\"https:\/\/redfoxlotto.com\/sr\/lutrija\/el-gordo-primitiva\/\",\"name\":\"Kako da kupite tiket za \u0161pansku lutriju El Gordo onlajn\",\"isPartOf\":{\"@id\":\"https:\/\/redfoxlotto.com\/sr\/#website\"},\"primaryImageOfPage\":{\"@id\":\"https:\/\/redfoxlotto.com\/sr\/lutrija\/el-gordo-primitiva\/#primaryimage\"},\"image\":{\"@id\":\"https:\/\/redfoxlotto.com\/sr\/lutrija\/el-gordo-primitiva\/#primaryimage\"},\"thumbnailUrl\":\"https:\/\/content.redfoxlotto.com\/uploads\/sites\/9\/1_buy_ticket_lotto_online.jpg\",\"datePublished\":\"2018-11-18T08:54:25+00:00\",\"dateModified\":\"2020-02-21T13:43:23+00:00\",\"description\":\"Pogledajte ove informacije o \u0161panskim bo\u017ei\u0107nim lutrijama El Gordo i the Loteria de Navidad\",\"breadcrumb\":{\"@id\":\"https:\/\/redfoxlotto.com\/sr\/lutrija\/el-gordo-primitiva\/#breadcrumb\"},\"inLanguage\":\"sr-RS\",\"potentialAction\":[{\"@type\":\"ReadAction\",\"target\":[\"https:\/\/redfoxlotto.com\/sr\/lutrija\/el-gordo-primitiva\/\"]}]},{\"@type\":\"ImageObject\",\"inLanguage\":\"sr-RS\",\"@id\":\"https:\/\/redfoxlotto.com\/sr\/lutrija\/el-gordo-primitiva\/#primaryimage\",\"url\":\"https:\/\/content.redfoxlotto.com\/uploads\/sites\/9\/1_buy_ticket_lotto_online.jpg\",\"contentUrl\":\"https:\/\/content.redfoxlotto.com\/uploads\/sites\/9\/1_buy_ticket_lotto_online.jpg\"},{\"@type\":\"BreadcrumbList\",\"@id\":\"https:\/\/redfoxlotto.com\/sr\/lutrija\/el-gordo-primitiva\/#breadcrumb\",\"itemListElement\":[{\"@type\":\"ListItem\",\"position\":1,\"name\":\"Home\",\"item\":\"https:\/\/redfoxlotto.com\/sr\/\"},{\"@type\":\"ListItem\",\"position\":2,\"name\":\"Kako kupiti loto tikete onlajn \u2013 process kupovine\",\"item\":\"https:\/\/redfoxlotto.com\/sr\/lutrija\/\"},{\"@type\":\"ListItem\",\"position\":3,\"name\":\"Informacije o lutriji El Gordo\"}]},{\"@type\":\"WebSite\",\"@id\":\"https:\/\/redfoxlotto.com\/sr\/#website\",\"url\":\"https:\/\/redfoxlotto.com\/sr\/\",\"name\":\"Get Tickets for the World\u2019s largest jackpots\",\"description\":\"Participate in worldwide lottery jackpots from any country\",\"publisher\":{\"@id\":\"https:\/\/redfoxlotto.com\/sr\/#organization\"},\"potentialAction\":[{\"@type\":\"SearchAction\",\"target\":{\"@type\":\"EntryPoint\",\"urlTemplate\":\"https:\/\/redfoxlotto.com\/sr\/?s={search_term_string}\"},\"query-input\":{\"@type\":\"PropertyValueSpecification\",\"valueRequired\":true,\"valueName\":\"search_term_string\"}}],\"inLanguage\":\"sr-RS\"},{\"@type\":\"Organization\",\"@id\":\"https:\/\/redfoxlotto.com\/sr\/#organization\",\"name\":\"Get Tickets for the World\u2019s largest jackpots\",\"url\":\"https:\/\/redfoxlotto.com\/sr\/\",\"logo\":{\"@type\":\"ImageObject\",\"inLanguage\":\"sr-RS\",\"@id\":\"https:\/\/redfoxlotto.com\/sr\/#\/schema\/logo\/image\/\",\"url\":\"https:\/\/redfoxlotto.com\/wp-content\/uploads\/2023\/04\/logo.png\",\"contentUrl\":\"https:\/\/redfoxlotto.com\/wp-content\/uploads\/2023\/04\/logo.png\",\"width\":269,\"height\":53,\"caption\":\"Get Tickets for the World\u2019s largest jackpots\"},\"image\":{\"@id\":\"https:\/\/redfoxlotto.com\/sr\/#\/schema\/logo\/image\/\"}}]}<\/script>\n<!-- \/ Yoast SEO plugin. -->","yoast_head_json":{"title":"Kako da kupite tiket za \u0161pansku lutriju El Gordo onlajn","description":"Pogledajte ove informacije o \u0161panskim bo\u017ei\u0107nim lutrijama El Gordo i the Loteria de Navidad","robots":{"index":"index","follow":"follow","max-snippet":"max-snippet:-1","max-image-preview":"max-image-preview:large","max-video-preview":"max-video-preview:-1"},"canonical":"https:\/\/redfoxlotto.com\/sr\/lutrija\/el-gordo-primitiva\/","og_locale":"sr_RS","og_type":"article","og_title":"Kako da kupite tiket za \u0161pansku lutriju El Gordo onlajn","og_description":"Pogledajte ove informacije o \u0161panskim bo\u017ei\u0107nim lutrijama El Gordo i the Loteria de Navidad","og_url":"https:\/\/redfoxlotto.com\/sr\/lutrija\/el-gordo-primitiva\/","og_site_name":"Get Tickets for the World\u2019s largest jackpots","article_modified_time":"2020-02-21T13:43:23+00:00","og_image":[{"url":"https:\/\/content.redfoxlotto.com\/uploads\/sites\/9\/1_buy_ticket_lotto_online.jpg"}],"twitter_card":"summary_large_image","twitter_misc":{"\u041f\u0440\u043e\u0446\u0435\u045a\u0435\u043d\u043e \u0432\u0440\u0435\u043c\u0435 \u0447\u0438\u0442\u0430\u045a\u0430":"2 \u043c\u0438\u043d\u0443\u0442\u0430"},"schema":{"@context":"https:\/\/schema.org","@graph":[{"@type":"WebPage","@id":"https:\/\/redfoxlotto.com\/sr\/lutrija\/el-gordo-primitiva\/","url":"https:\/\/redfoxlotto.com\/sr\/lutrija\/el-gordo-primitiva\/","name":"Kako da kupite tiket za \u0161pansku lutriju El Gordo onlajn","isPartOf":{"@id":"https:\/\/redfoxlotto.com\/sr\/#website"},"primaryImageOfPage":{"@id":"https:\/\/redfoxlotto.com\/sr\/lutrija\/el-gordo-primitiva\/#primaryimage"},"image":{"@id":"https:\/\/redfoxlotto.com\/sr\/lutrija\/el-gordo-primitiva\/#primaryimage"},"thumbnailUrl":"https:\/\/content.redfoxlotto.com\/uploads\/sites\/9\/1_buy_ticket_lotto_online.jpg","datePublished":"2018-11-18T08:54:25+00:00","dateModified":"2020-02-21T13:43:23+00:00","description":"Pogledajte ove informacije o \u0161panskim bo\u017ei\u0107nim lutrijama El Gordo i the Loteria de Navidad","breadcrumb":{"@id":"https:\/\/redfoxlotto.com\/sr\/lutrija\/el-gordo-primitiva\/#breadcrumb"},"inLanguage":"sr-RS","potentialAction":[{"@type":"ReadAction","target":["https:\/\/redfoxlotto.com\/sr\/lutrija\/el-gordo-primitiva\/"]}]},{"@type":"ImageObject","inLanguage":"sr-RS","@id":"https:\/\/redfoxlotto.com\/sr\/lutrija\/el-gordo-primitiva\/#primaryimage","url":"https:\/\/content.redfoxlotto.com\/uploads\/sites\/9\/1_buy_ticket_lotto_online.jpg","contentUrl":"https:\/\/content.redfoxlotto.com\/uploads\/sites\/9\/1_buy_ticket_lotto_online.jpg"},{"@type":"BreadcrumbList","@id":"https:\/\/redfoxlotto.com\/sr\/lutrija\/el-gordo-primitiva\/#breadcrumb","itemListElement":[{"@type":"ListItem","position":1,"name":"Home","item":"https:\/\/redfoxlotto.com\/sr\/"},{"@type":"ListItem","position":2,"name":"Kako kupiti loto tikete onlajn \u2013 process kupovine","item":"https:\/\/redfoxlotto.com\/sr\/lutrija\/"},{"@type":"ListItem","position":3,"name":"Informacije o lutriji El Gordo"}]},{"@type":"WebSite","@id":"https:\/\/redfoxlotto.com\/sr\/#website","url":"https:\/\/redfoxlotto.com\/sr\/","name":"Get Tickets for the World\u2019s largest jackpots","description":"Participate in worldwide lottery jackpots from any country","publisher":{"@id":"https:\/\/redfoxlotto.com\/sr\/#organization"},"potentialAction":[{"@type":"SearchAction","target":{"@type":"EntryPoint","urlTemplate":"https:\/\/redfoxlotto.com\/sr\/?s={search_term_string}"},"query-input":{"@type":"PropertyValueSpecification","valueRequired":true,"valueName":"search_term_string"}}],"inLanguage":"sr-RS"},{"@type":"Organization","@id":"https:\/\/redfoxlotto.com\/sr\/#organization","name":"Get Tickets for the World\u2019s largest jackpots","url":"https:\/\/redfoxlotto.com\/sr\/","logo":{"@type":"ImageObject","inLanguage":"sr-RS","@id":"https:\/\/redfoxlotto.com\/sr\/#\/schema\/logo\/image\/","url":"https:\/\/redfoxlotto.com\/wp-content\/uploads\/2023\/04\/logo.png","contentUrl":"https:\/\/redfoxlotto.com\/wp-content\/uploads\/2023\/04\/logo.png","width":269,"height":53,"caption":"Get Tickets for the World\u2019s largest jackpots"},"image":{"@id":"https:\/\/redfoxlotto.com\/sr\/#\/schema\/logo\/image\/"}}]}},"_links":{"self":[{"href":"https:\/\/redfoxlotto.com\/sr\/wp-json\/wp\/v2\/pages\/7464","targetHints":{"allow":["GET"]}}],"collection":[{"href":"https:\/\/redfoxlotto.com\/sr\/wp-json\/wp\/v2\/pages"}],"about":[{"href":"https:\/\/redfoxlotto.com\/sr\/wp-json\/wp\/v2\/types\/page"}],"author":[{"embeddable":true,"href":"https:\/\/redfoxlotto.com\/sr\/wp-json\/wp\/v2\/users\/1"}],"replies":[{"embeddable":true,"href":"https:\/\/redfoxlotto.com\/sr\/wp-json\/wp\/v2\/comments?post=7464"}],"version-history":[{"count":0,"href":"https:\/\/redfoxlotto.com\/sr\/wp-json\/wp\/v2\/pages\/7464\/revisions"}],"up":[{"embeddable":true,"href":"https:\/\/redfoxlotto.com\/sr\/wp-json\/wp\/v2\/pages\/7302"}],"wp:attachment":[{"href":"https:\/\/redfoxlotto.com\/sr\/wp-json\/wp\/v2\/media?parent=7464"}],"curies":[{"name":"wp","href":"https:\/\/api.w.org\/{rel}","templated":true}]}}