{"id":7462,"date":"2023-05-13T06:20:30","date_gmt":"2023-05-13T06:20:30","guid":{"rendered":"https:\/\/redfoxlotto.com\/?page_id=7462"},"modified":"2020-02-21T13:41:25","modified_gmt":"2020-02-21T13:41:25","slug":"el-gordo-primitiva","status":"publish","type":"page","link":"https:\/\/redfoxlotto.com\/sr\/igrati\/el-gordo-primitiva\/","title":{"rendered":"Igrajte El Gordo"},"content":{"rendered":"<p>El Gordo je jo\u0161 jedna vrlo popularna \u0161panska lutrija koju mo\u017eete igrati onlajn, iz Srbije ili bilo koje druge zemlje. Ova lutrija je uglavnom poznata po bo\u017ei\u0107nom izdanju, ali i igranje nedeljnog izvla\u010denja je prili\u010dno atraktivno.<\/p><h2 class=\"wp-block-heading\">El Gordo \u2013 bo\u017ei\u0107no izdanje<\/h2><p><img loading=\"lazy\" decoding=\"async\" class=\" wp-image alignright\" src=\"https:\/\/content.redfoxlotto.com\/uploads\/sites\/9\/2_ticket_el_gordo3.jpg\" alt=\"El Gordo Spain play online\" width=\"206\" height=\"284\" \/><\/p><p>Za ovu lutriju prodaje se 100 000 ozna\u010denih tiketa. Cena celog tiketa je 200 \u20ac. Ali mogu se kupiti i frakcije, takozvani \u201eDecimos\u201c. Izvla\u010denje je velika ceremonija, a deca pevaju izvu\u010dene brojeve.<\/p><p>Postoji veliki okrugli kavez sa 100 000 drvenih kuglica sa brojevima. A tu je i drugi kavez u kome se nalazi 1807 loptica koje odre\u0111uju koja nagrada se dobija. Jedna od ovih loptica je za \u201eEl Gordo\u201c &#8211; \u0161to zna\u010di d\u017eekpot. Dve kuglice se izvla\u010de istovremeno, a deca potom otpevaju te brojeve.<\/p><p>\u010cim tiketi za ovu lutriju budu dostupni, mo\u017eete ih kupiti ovde na na\u0161oj veb stranici. Ova na\u0161a internetska usluga dostupna je i za <a href=\"https:\/\/redfoxlotto.com\/sr\/igrati\/\">igra\u010de lotoa<\/a> iz Srbije.<\/p>","protected":false},"excerpt":{"rendered":"<p>El Gordo je jo\u0161 jedna vrlo popularna \u0161panska lutrija koju mo\u017eete igrati onlajn, iz Srbije ili bilo koje druge zemlje. Ova lutrija je uglavnom poznata po bo\u017ei\u0107nom izdanju, ali i igranje nedeljnog izvla\u010denja je prili\u010dno atraktivno. El Gordo \u2013 bo\u017ei\u0107no izdanje Za ovu lutriju prodaje se 100 000 ozna\u010denih tiketa. Cena celog tiketa je 200 [&hellip;]<\/p>\n","protected":false},"author":1,"featured_media":0,"parent":7318,"menu_order":6,"comment_status":"closed","ping_status":"closed","template":"el-gordo.php","meta":{"_et_pb_use_builder":"","_et_pb_old_content":"","_et_gb_content_width":"","exclude_from_search":false,"footnotes":""},"class_list":["post-7462","page","type-page","status-publish","hentry"],"yoast_head":"<!-- This site is optimized with the Yoast SEO plugin v23.8 - https:\/\/yoast.com\/wordpress\/plugins\/seo\/ -->\n<title>Igrajte El Gordo iz Srbije<\/title>\n<meta name=\"description\" content=\"El Gordo je najpopularnija lutrija u \u0160paniji, a igra\u010di iz Srbije mogu da uzmu tiket na na\u0161em sajtu\" \/>\n<meta name=\"robots\" content=\"index, follow, max-snippet:-1, max-image-preview:large, max-video-preview:-1\" \/>\n<link rel=\"canonical\" href=\"https:\/\/redfoxlotto.com\/sr\/igrati\/el-gordo-primitiva\/\" \/>\n<meta property=\"og:locale\" content=\"sr_RS\" \/>\n<meta property=\"og:type\" content=\"article\" \/>\n<meta property=\"og:title\" content=\"Igrajte El Gordo iz Srbije\" \/>\n<meta property=\"og:description\" content=\"El Gordo je najpopularnija lutrija u \u0160paniji, a igra\u010di iz Srbije mogu da uzmu tiket na na\u0161em sajtu\" \/>\n<meta property=\"og:url\" content=\"https:\/\/redfoxlotto.com\/sr\/igrati\/el-gordo-primitiva\/\" \/>\n<meta property=\"og:site_name\" content=\"Get Tickets for the World\u2019s largest jackpots\" \/>\n<meta property=\"article:modified_time\" content=\"2020-02-21T13:41:25+00:00\" \/>\n<meta property=\"og:image\" content=\"https:\/\/content.redfoxlotto.com\/uploads\/sites\/9\/2_ticket_el_gordo3.jpg\" \/>\n<meta name=\"twitter:card\" content=\"summary_large_image\" \/>\n<meta name=\"twitter:label1\" content=\"\u041f\u0440\u043e\u0446\u0435\u045a\u0435\u043d\u043e \u0432\u0440\u0435\u043c\u0435 \u0447\u0438\u0442\u0430\u045a\u0430\" \/>\n\t<meta name=\"twitter:data1\" content=\"1 \u043c\u0438\u043d\u0443\u0442\" \/>\n<script type=\"application\/ld+json\" class=\"yoast-schema-graph\">{\"@context\":\"https:\/\/schema.org\",\"@graph\":[{\"@type\":\"WebPage\",\"@id\":\"https:\/\/redfoxlotto.com\/sr\/igrati\/el-gordo-primitiva\/\",\"url\":\"https:\/\/redfoxlotto.com\/sr\/igrati\/el-gordo-primitiva\/\",\"name\":\"Igrajte El Gordo iz Srbije\",\"isPartOf\":{\"@id\":\"https:\/\/redfoxlotto.com\/sr\/#website\"},\"primaryImageOfPage\":{\"@id\":\"https:\/\/redfoxlotto.com\/sr\/igrati\/el-gordo-primitiva\/#primaryimage\"},\"image\":{\"@id\":\"https:\/\/redfoxlotto.com\/sr\/igrati\/el-gordo-primitiva\/#primaryimage\"},\"thumbnailUrl\":\"https:\/\/content.redfoxlotto.com\/uploads\/sites\/9\/2_ticket_el_gordo3.jpg\",\"datePublished\":\"2023-05-13T06:20:30+00:00\",\"dateModified\":\"2020-02-21T13:41:25+00:00\",\"description\":\"El Gordo je najpopularnija lutrija u \u0160paniji, a igra\u010di iz Srbije mogu da uzmu tiket na na\u0161em sajtu\",\"breadcrumb\":{\"@id\":\"https:\/\/redfoxlotto.com\/sr\/igrati\/el-gordo-primitiva\/#breadcrumb\"},\"inLanguage\":\"sr-RS\",\"potentialAction\":[{\"@type\":\"ReadAction\",\"target\":[\"https:\/\/redfoxlotto.com\/sr\/igrati\/el-gordo-primitiva\/\"]}]},{\"@type\":\"ImageObject\",\"inLanguage\":\"sr-RS\",\"@id\":\"https:\/\/redfoxlotto.com\/sr\/igrati\/el-gordo-primitiva\/#primaryimage\",\"url\":\"https:\/\/content.redfoxlotto.com\/uploads\/sites\/9\/2_ticket_el_gordo3.jpg\",\"contentUrl\":\"https:\/\/content.redfoxlotto.com\/uploads\/sites\/9\/2_ticket_el_gordo3.jpg\"},{\"@type\":\"BreadcrumbList\",\"@id\":\"https:\/\/redfoxlotto.com\/sr\/igrati\/el-gordo-primitiva\/#breadcrumb\",\"itemListElement\":[{\"@type\":\"ListItem\",\"position\":1,\"name\":\"Home\",\"item\":\"https:\/\/redfoxlotto.com\/sr\/\"},{\"@type\":\"ListItem\",\"position\":2,\"name\":\"Kako u\u010destvovati u lutrijama drugih zemalja\",\"item\":\"https:\/\/redfoxlotto.com\/sr\/igrati\/\"},{\"@type\":\"ListItem\",\"position\":3,\"name\":\"Igrajte El Gordo\"}]},{\"@type\":\"WebSite\",\"@id\":\"https:\/\/redfoxlotto.com\/sr\/#website\",\"url\":\"https:\/\/redfoxlotto.com\/sr\/\",\"name\":\"Get Tickets for the World\u2019s largest jackpots\",\"description\":\"Participate in worldwide lottery jackpots from any country\",\"publisher\":{\"@id\":\"https:\/\/redfoxlotto.com\/sr\/#organization\"},\"potentialAction\":[{\"@type\":\"SearchAction\",\"target\":{\"@type\":\"EntryPoint\",\"urlTemplate\":\"https:\/\/redfoxlotto.com\/sr\/?s={search_term_string}\"},\"query-input\":{\"@type\":\"PropertyValueSpecification\",\"valueRequired\":true,\"valueName\":\"search_term_string\"}}],\"inLanguage\":\"sr-RS\"},{\"@type\":\"Organization\",\"@id\":\"https:\/\/redfoxlotto.com\/sr\/#organization\",\"name\":\"Get Tickets for the World\u2019s largest jackpots\",\"url\":\"https:\/\/redfoxlotto.com\/sr\/\",\"logo\":{\"@type\":\"ImageObject\",\"inLanguage\":\"sr-RS\",\"@id\":\"https:\/\/redfoxlotto.com\/sr\/#\/schema\/logo\/image\/\",\"url\":\"https:\/\/redfoxlotto.com\/wp-content\/uploads\/2023\/04\/logo.png\",\"contentUrl\":\"https:\/\/redfoxlotto.com\/wp-content\/uploads\/2023\/04\/logo.png\",\"width\":269,\"height\":53,\"caption\":\"Get Tickets for the World\u2019s largest jackpots\"},\"image\":{\"@id\":\"https:\/\/redfoxlotto.com\/sr\/#\/schema\/logo\/image\/\"}}]}<\/script>\n<!-- \/ Yoast SEO plugin. -->","yoast_head_json":{"title":"Igrajte El Gordo iz Srbije","description":"El Gordo je najpopularnija lutrija u \u0160paniji, a igra\u010di iz Srbije mogu da uzmu tiket na na\u0161em sajtu","robots":{"index":"index","follow":"follow","max-snippet":"max-snippet:-1","max-image-preview":"max-image-preview:large","max-video-preview":"max-video-preview:-1"},"canonical":"https:\/\/redfoxlotto.com\/sr\/igrati\/el-gordo-primitiva\/","og_locale":"sr_RS","og_type":"article","og_title":"Igrajte El Gordo iz Srbije","og_description":"El Gordo je najpopularnija lutrija u \u0160paniji, a igra\u010di iz Srbije mogu da uzmu tiket na na\u0161em sajtu","og_url":"https:\/\/redfoxlotto.com\/sr\/igrati\/el-gordo-primitiva\/","og_site_name":"Get Tickets for the World\u2019s largest jackpots","article_modified_time":"2020-02-21T13:41:25+00:00","og_image":[{"url":"https:\/\/content.redfoxlotto.com\/uploads\/sites\/9\/2_ticket_el_gordo3.jpg"}],"twitter_card":"summary_large_image","twitter_misc":{"\u041f\u0440\u043e\u0446\u0435\u045a\u0435\u043d\u043e \u0432\u0440\u0435\u043c\u0435 \u0447\u0438\u0442\u0430\u045a\u0430":"1 \u043c\u0438\u043d\u0443\u0442"},"schema":{"@context":"https:\/\/schema.org","@graph":[{"@type":"WebPage","@id":"https:\/\/redfoxlotto.com\/sr\/igrati\/el-gordo-primitiva\/","url":"https:\/\/redfoxlotto.com\/sr\/igrati\/el-gordo-primitiva\/","name":"Igrajte El Gordo iz Srbije","isPartOf":{"@id":"https:\/\/redfoxlotto.com\/sr\/#website"},"primaryImageOfPage":{"@id":"https:\/\/redfoxlotto.com\/sr\/igrati\/el-gordo-primitiva\/#primaryimage"},"image":{"@id":"https:\/\/redfoxlotto.com\/sr\/igrati\/el-gordo-primitiva\/#primaryimage"},"thumbnailUrl":"https:\/\/content.redfoxlotto.com\/uploads\/sites\/9\/2_ticket_el_gordo3.jpg","datePublished":"2023-05-13T06:20:30+00:00","dateModified":"2020-02-21T13:41:25+00:00","description":"El Gordo je najpopularnija lutrija u \u0160paniji, a igra\u010di iz Srbije mogu da uzmu tiket na na\u0161em sajtu","breadcrumb":{"@id":"https:\/\/redfoxlotto.com\/sr\/igrati\/el-gordo-primitiva\/#breadcrumb"},"inLanguage":"sr-RS","potentialAction":[{"@type":"ReadAction","target":["https:\/\/redfoxlotto.com\/sr\/igrati\/el-gordo-primitiva\/"]}]},{"@type":"ImageObject","inLanguage":"sr-RS","@id":"https:\/\/redfoxlotto.com\/sr\/igrati\/el-gordo-primitiva\/#primaryimage","url":"https:\/\/content.redfoxlotto.com\/uploads\/sites\/9\/2_ticket_el_gordo3.jpg","contentUrl":"https:\/\/content.redfoxlotto.com\/uploads\/sites\/9\/2_ticket_el_gordo3.jpg"},{"@type":"BreadcrumbList","@id":"https:\/\/redfoxlotto.com\/sr\/igrati\/el-gordo-primitiva\/#breadcrumb","itemListElement":[{"@type":"ListItem","position":1,"name":"Home","item":"https:\/\/redfoxlotto.com\/sr\/"},{"@type":"ListItem","position":2,"name":"Kako u\u010destvovati u lutrijama drugih zemalja","item":"https:\/\/redfoxlotto.com\/sr\/igrati\/"},{"@type":"ListItem","position":3,"name":"Igrajte El Gordo"}]},{"@type":"WebSite","@id":"https:\/\/redfoxlotto.com\/sr\/#website","url":"https:\/\/redfoxlotto.com\/sr\/","name":"Get Tickets for the World\u2019s largest jackpots","description":"Participate in worldwide lottery jackpots from any country","publisher":{"@id":"https:\/\/redfoxlotto.com\/sr\/#organization"},"potentialAction":[{"@type":"SearchAction","target":{"@type":"EntryPoint","urlTemplate":"https:\/\/redfoxlotto.com\/sr\/?s={search_term_string}"},"query-input":{"@type":"PropertyValueSpecification","valueRequired":true,"valueName":"search_term_string"}}],"inLanguage":"sr-RS"},{"@type":"Organization","@id":"https:\/\/redfoxlotto.com\/sr\/#organization","name":"Get Tickets for the World\u2019s largest jackpots","url":"https:\/\/redfoxlotto.com\/sr\/","logo":{"@type":"ImageObject","inLanguage":"sr-RS","@id":"https:\/\/redfoxlotto.com\/sr\/#\/schema\/logo\/image\/","url":"https:\/\/redfoxlotto.com\/wp-content\/uploads\/2023\/04\/logo.png","contentUrl":"https:\/\/redfoxlotto.com\/wp-content\/uploads\/2023\/04\/logo.png","width":269,"height":53,"caption":"Get Tickets for the World\u2019s largest jackpots"},"image":{"@id":"https:\/\/redfoxlotto.com\/sr\/#\/schema\/logo\/image\/"}}]}},"_links":{"self":[{"href":"https:\/\/redfoxlotto.com\/sr\/wp-json\/wp\/v2\/pages\/7462","targetHints":{"allow":["GET"]}}],"collection":[{"href":"https:\/\/redfoxlotto.com\/sr\/wp-json\/wp\/v2\/pages"}],"about":[{"href":"https:\/\/redfoxlotto.com\/sr\/wp-json\/wp\/v2\/types\/page"}],"author":[{"embeddable":true,"href":"https:\/\/redfoxlotto.com\/sr\/wp-json\/wp\/v2\/users\/1"}],"replies":[{"embeddable":true,"href":"https:\/\/redfoxlotto.com\/sr\/wp-json\/wp\/v2\/comments?post=7462"}],"version-history":[{"count":0,"href":"https:\/\/redfoxlotto.com\/sr\/wp-json\/wp\/v2\/pages\/7462\/revisions"}],"up":[{"embeddable":true,"href":"https:\/\/redfoxlotto.com\/sr\/wp-json\/wp\/v2\/pages\/7318"}],"wp:attachment":[{"href":"https:\/\/redfoxlotto.com\/sr\/wp-json\/wp\/v2\/media?parent=7462"}],"curies":[{"name":"wp","href":"https:\/\/api.w.org\/{rel}","templated":true}]}}