{"id":7323,"date":"2023-04-24T17:35:03","date_gmt":"2023-04-24T17:35:03","guid":{"rendered":"https:\/\/redfoxlotto.com\/?page_id=3741"},"modified":"2025-12-15T21:45:30","modified_gmt":"2025-12-15T21:45:30","slug":"powerball","status":"publish","type":"page","link":"https:\/\/redfoxlotto.com\/sr\/igrati\/powerball\/","title":{"rendered":"Igrajte Powerball SAD"},"content":{"rendered":"<p><script type=\"application\/ld+json\">\n{\n  \"@context\": \"https:\/\/schema.org\",\n  \"@type\": \"Service\",\n  \"name\": \"Igrajte Powerball online\",\n  \"url\": \"https:\/\/redfoxlotto.com\/sr\/igrati\/powerball\/\",\n  \"description\": \"Igrajte Powerball lutriju online iz bilo koje zemlje. Posetite RedFoxLotto, izaberite svoje brojeve i nabavite svoje tikete.\",\n  \"serviceType\": \"Online usluga dostave lutrijskih tiketa\",\n  \"provider\": {\n    \"@type\": \"Organization\",\n    \"name\": \"RedFoxLotto\",\n    \"url\": \"https:\/\/redfoxlotto.com\/sr\/igrati\/powerball\/\",\n    \"image\": \"https:\/\/redfoxlotto.com\/wp-content\/uploads\/2025\/12\/ticket_scans.jpg\",\n    \"sameAs\": []\n  },\n  \"areaServed\": \"Worldwide\",\n  \"termsOfService\": \"https:\/\/redfoxlotto.com\/terms-and-conditions\",\n  \"additionalProperty\": {\n    \"@type\": \"PropertyValue\",\n    \"name\": \"FAQ\",\n    \"value\": \"https:\/\/redfoxlotto.com\/sr\/faq\/\"\n  },\n  \"hasOfferCatalog\": {\n    \"@type\": \"OfferCatalog\",\n    \"name\": \"Powerball lutrijski tiketi\",\n    \"itemListElement\": [\n      {\n        \"@type\": \"Offer\",\n        \"name\": \"Powerball tiketi\",\n        \"url\": \"https:\/\/redfoxlotto.com\/sr\/igrati\/powerball\/\",\n        \"description\": \"Kliknite ovde da izaberete svoje brojeve za slede\u0107e Powerball izvla\u010denje \u2013 naru\u010dite tikete online.\",\n        \"price\": \"5.90\",\n        \"priceCurrency\": \"EUR\",\n        \"availability\": \"https:\/\/schema.org\/InStock\",\n        \"itemOffered\": {\n          \"@type\": \"Service\",\n          \"name\": \"Powerball lutrijski tiketi\",\n          \"description\": \"Igrajte u slede\u0107em Powerball izvla\u010denju putem RedFoxLotto.\"\n        }\n      }\n    ]\n  },\n  \"mainEntityOfPage\": {\n    \"@type\": \"WebPage\",\n    \"@id\": \"https:\/\/redfoxlotto.com\/sr\/igrati\/powerball\/\"\n  }\n}\n<\/script><\/p>\n<p>Ovo je lutrija koja se redovno nalazi na naslovnim stranama zbog svojih ogromnih d\u017eekpotova. Sada mo\u017eete da igrate <a href=\"https:\/\/redfoxlotto.com\/sr\/lutrija\/powerball\/\">Powerball US<\/a> i iz Srbije ili iz bilo koje druge zemlje.<br \/>\n<!--more--><\/p>\n<h2>Igrati Poverball na mre\u017ei je jednostavno<\/h2>\n<p>Izaberite svoje brojeve, platite putem interneta i na\u0161i \u0107e agenti kupiti tiket za vas. Ovo je na\u0161a usluga. Ne morate brinuti o isplati ako dobijete. Mi \u0107emo se pobrinuti za va\u0161u isplatu i za vas.<\/p>\n<h2>Za\u0161to je Powerball d\u017eekpot \u010desto tako visok?<\/h2>\n<p><img loading=\"lazy\" decoding=\"async\" class=\"wp-image alignright\" src=\"https:\/\/content.redfoxlotto.com\/uploads\/sites\/9\/2_ticket_powerball2.jpg\" alt=\"igrajte ameri\u010dku lutriju\" width=\"160\" height=\"187\" \/><\/p>\n<p>Prvo, zato \u0161to ne mo\u017ee biti ni\u017ei od $40 miliona. Kad god je izvu\u010den d\u017eekpot, glavna nagrada je po\u010dinjala sa cifrom od $40 miliona. Kada se to ne dogodi, Powerball d\u017eekpot po\u010dinje da raste za 10 do 20 miliona dolara po izvla\u010denju. Postoje dva izvla\u010denja nedeljno. Dakle, treba samo dve nedelje da d\u017eekpot probije granicu od 100 miliona dolara (osim, naravno, ako neko ne osvoji glavnu nagradu). Jednom kada se to desi, obi\u010dno se pove\u0107ava za 10-15% nakon svakog izvla\u010denja.<\/p>\n<p>Redovno se de\u0161ava da d\u017eekpot ne bude izvu\u010den u periodu od osam do devet nedelja. Tada dostigne $500 miliona ili vi\u0161e dolara. U tom trenutku bukvalno svi u Americi po\u010dinju da kupuju tikete. Lopta se u tom trenutku zaista kotrlja. Potrebno je samo jedno izvla\u010denje da ode sa 500 miliona na milijardu ili vi\u0161e dolara.<\/p>\n<p>O\u010digledno je da ve\u0107i d\u017eekpotovi dobijaju veliku medijsku pa\u017enju u svetu. To uklju\u010duje i Srbiju, a loto fanovi iz celog sveta \u017eele da igraju onlajn. Ovo je usluga koju pru\u017eamo. Ne samo za klijente iz Srbije, ve\u0107 i za svaku osobu koja ima dovoljno godina koja \u017eeli da igra d\u017eekpot Powerball.<\/p>\n<h2>Kako funkcioni\u0161e Powerball?<\/h2>\n<p><img loading=\"lazy\" decoding=\"async\" class=\" wp-image-4635 alignright\" src=\"https:\/\/content.redfoxlotto.com\/uploads\/sites\/9\/1_play_powerball_usa.jpg\" alt=\"powerball onlajn\" width=\"174\" height=\"124\" \/><br \/>\nIgra\u010di treba da odaberu pet <a href=\"https:\/\/redfoxlotto.com\/sr\/rezultati\/powerball\/\">brojeva<\/a> od 1 do 69 (bele loptice), plus 1 broj od 1 do 26 (crvene loptice). Da biste osvojili d\u017eekpot, treba da imate svih 6 brojeva na tiketu.<\/p>\n<h2>Da li je legalno igrati Powerball iz Srbije?<\/h2>\n<p>Jeste! Zamislite da ste u SAD &#8211; tamo biste lako mogli kupiti tiket. Ako pobedite, imate zakonsko pravo na nagradu. Lutrija nije ograni\u010dena na one sa boravi\u0161tem u SAD. Dakle, ako ste stanovnik Srbije , a neko drugi kupi tiket na licu mesta za vas, va\u0161e potra\u017eivanje je obezbe\u0111eno. To je va\u0161 tiket i to je jedino \u0161to je va\u017eno.<\/p>\n<p>Poverball dr\u017ei svetski rekordni d\u017eekpot od 2 milijarde dolara, 40 miliona. Osvojio ga je 22. novembra 2022. samo jedan pobednik. U januaru 2016. tri srec\u0301na dobitnika iz dr\u017eava Tenesi, Florida i Kalifornija podelila su rekordnu nagradu za Poverball, od ne manje od 1,5 milijardi dolara.<\/p>\n<p><strong>Dakle, ne postoji razlog da ne probate i ne osvojite Powerball d\u017eekpot \u2013 uzmite svoj onlajn tiket sada!<\/strong><\/p>\n","protected":false},"excerpt":{"rendered":"<p>Ovo je lutrija koja se redovno nalazi na naslovnim stranama zbog svojih ogromnih d\u017eekpotova. Sada mo\u017eete da igrate Powerball US i iz Srbije ili iz bilo koje druge zemlje.<\/p>\n","protected":false},"author":1,"featured_media":0,"parent":7318,"menu_order":1,"comment_status":"closed","ping_status":"closed","template":"powerball-usa.php","meta":{"_et_pb_use_builder":"","_et_pb_old_content":"","_et_gb_content_width":"","exclude_from_search":false,"footnotes":""},"class_list":["post-7323","page","type-page","status-publish","hentry"],"yoast_head":"<!-- This site is optimized with the Yoast SEO plugin v23.8 - https:\/\/yoast.com\/wordpress\/plugins\/seo\/ -->\n<title>Igrajte Powerball onlajn | Powerball iz Srbije<\/title>\n<meta name=\"description\" content=\"Na\u0161 onlajn servis vam omogu\u0107ava da igrate Powerball iz bilo koje zemlje, uklju\u010duju\u0107i Srbiju \u2013 uzmite svoj tiket sada!\" \/>\n<meta name=\"robots\" content=\"index, follow, max-snippet:-1, max-image-preview:large, max-video-preview:-1\" \/>\n<link rel=\"canonical\" href=\"https:\/\/redfoxlotto.com\/sr\/igrati\/powerball\/\" \/>\n<meta property=\"og:locale\" content=\"sr_RS\" \/>\n<meta property=\"og:type\" content=\"article\" \/>\n<meta property=\"og:title\" content=\"Igrajte Powerball onlajn | Powerball iz Srbije\" \/>\n<meta property=\"og:description\" content=\"Na\u0161 onlajn servis vam omogu\u0107ava da igrate Powerball iz bilo koje zemlje, uklju\u010duju\u0107i Srbiju \u2013 uzmite svoj tiket sada!\" \/>\n<meta property=\"og:url\" content=\"https:\/\/redfoxlotto.com\/sr\/igrati\/powerball\/\" \/>\n<meta property=\"og:site_name\" content=\"Get Tickets for the World\u2019s largest jackpots\" \/>\n<meta property=\"article:modified_time\" content=\"2025-12-15T21:45:30+00:00\" \/>\n<meta property=\"og:image\" content=\"https:\/\/content.redfoxlotto.com\/uploads\/sites\/9\/2_ticket_powerball2.jpg\" \/>\n<meta name=\"twitter:card\" content=\"summary_large_image\" \/>\n<meta name=\"twitter:label1\" content=\"\u041f\u0440\u043e\u0446\u0435\u045a\u0435\u043d\u043e \u0432\u0440\u0435\u043c\u0435 \u0447\u0438\u0442\u0430\u045a\u0430\" \/>\n\t<meta name=\"twitter:data1\" content=\"3 \u043c\u0438\u043d\u0443\u0442\u0430\" \/>\n<script type=\"application\/ld+json\" class=\"yoast-schema-graph\">{\"@context\":\"https:\/\/schema.org\",\"@graph\":[{\"@type\":\"WebPage\",\"@id\":\"https:\/\/redfoxlotto.com\/sr\/igrati\/powerball\/\",\"url\":\"https:\/\/redfoxlotto.com\/sr\/igrati\/powerball\/\",\"name\":\"Igrajte Powerball onlajn | Powerball iz Srbije\",\"isPartOf\":{\"@id\":\"https:\/\/redfoxlotto.com\/sr\/#website\"},\"primaryImageOfPage\":{\"@id\":\"https:\/\/redfoxlotto.com\/sr\/igrati\/powerball\/#primaryimage\"},\"image\":{\"@id\":\"https:\/\/redfoxlotto.com\/sr\/igrati\/powerball\/#primaryimage\"},\"thumbnailUrl\":\"https:\/\/content.redfoxlotto.com\/uploads\/sites\/9\/2_ticket_powerball2.jpg\",\"datePublished\":\"2023-04-24T17:35:03+00:00\",\"dateModified\":\"2025-12-15T21:45:30+00:00\",\"description\":\"Na\u0161 onlajn servis vam omogu\u0107ava da igrate Powerball iz bilo koje zemlje, uklju\u010duju\u0107i Srbiju \u2013 uzmite svoj tiket sada!\",\"breadcrumb\":{\"@id\":\"https:\/\/redfoxlotto.com\/sr\/igrati\/powerball\/#breadcrumb\"},\"inLanguage\":\"sr-RS\",\"potentialAction\":[{\"@type\":\"ReadAction\",\"target\":[\"https:\/\/redfoxlotto.com\/sr\/igrati\/powerball\/\"]}]},{\"@type\":\"ImageObject\",\"inLanguage\":\"sr-RS\",\"@id\":\"https:\/\/redfoxlotto.com\/sr\/igrati\/powerball\/#primaryimage\",\"url\":\"https:\/\/content.redfoxlotto.com\/uploads\/sites\/9\/2_ticket_powerball2.jpg\",\"contentUrl\":\"https:\/\/content.redfoxlotto.com\/uploads\/sites\/9\/2_ticket_powerball2.jpg\"},{\"@type\":\"BreadcrumbList\",\"@id\":\"https:\/\/redfoxlotto.com\/sr\/igrati\/powerball\/#breadcrumb\",\"itemListElement\":[{\"@type\":\"ListItem\",\"position\":1,\"name\":\"Home\",\"item\":\"https:\/\/redfoxlotto.com\/sr\/\"},{\"@type\":\"ListItem\",\"position\":2,\"name\":\"Kako u\u010destvovati u lutrijama drugih zemalja\",\"item\":\"https:\/\/redfoxlotto.com\/sr\/igrati\/\"},{\"@type\":\"ListItem\",\"position\":3,\"name\":\"Igrajte Powerball SAD\"}]},{\"@type\":\"WebSite\",\"@id\":\"https:\/\/redfoxlotto.com\/sr\/#website\",\"url\":\"https:\/\/redfoxlotto.com\/sr\/\",\"name\":\"Get Tickets for the World\u2019s largest jackpots\",\"description\":\"Participate in worldwide lottery jackpots from any country\",\"publisher\":{\"@id\":\"https:\/\/redfoxlotto.com\/sr\/#organization\"},\"potentialAction\":[{\"@type\":\"SearchAction\",\"target\":{\"@type\":\"EntryPoint\",\"urlTemplate\":\"https:\/\/redfoxlotto.com\/sr\/?s={search_term_string}\"},\"query-input\":{\"@type\":\"PropertyValueSpecification\",\"valueRequired\":true,\"valueName\":\"search_term_string\"}}],\"inLanguage\":\"sr-RS\"},{\"@type\":\"Organization\",\"@id\":\"https:\/\/redfoxlotto.com\/sr\/#organization\",\"name\":\"Get Tickets for the World\u2019s largest jackpots\",\"url\":\"https:\/\/redfoxlotto.com\/sr\/\",\"logo\":{\"@type\":\"ImageObject\",\"inLanguage\":\"sr-RS\",\"@id\":\"https:\/\/redfoxlotto.com\/sr\/#\/schema\/logo\/image\/\",\"url\":\"https:\/\/redfoxlotto.com\/wp-content\/uploads\/2023\/04\/logo.png\",\"contentUrl\":\"https:\/\/redfoxlotto.com\/wp-content\/uploads\/2023\/04\/logo.png\",\"width\":269,\"height\":53,\"caption\":\"Get Tickets for the World\u2019s largest jackpots\"},\"image\":{\"@id\":\"https:\/\/redfoxlotto.com\/sr\/#\/schema\/logo\/image\/\"}}]}<\/script>\n<!-- \/ Yoast SEO plugin. -->","yoast_head_json":{"title":"Igrajte Powerball onlajn | Powerball iz Srbije","description":"Na\u0161 onlajn servis vam omogu\u0107ava da igrate Powerball iz bilo koje zemlje, uklju\u010duju\u0107i Srbiju \u2013 uzmite svoj tiket sada!","robots":{"index":"index","follow":"follow","max-snippet":"max-snippet:-1","max-image-preview":"max-image-preview:large","max-video-preview":"max-video-preview:-1"},"canonical":"https:\/\/redfoxlotto.com\/sr\/igrati\/powerball\/","og_locale":"sr_RS","og_type":"article","og_title":"Igrajte Powerball onlajn | Powerball iz Srbije","og_description":"Na\u0161 onlajn servis vam omogu\u0107ava da igrate Powerball iz bilo koje zemlje, uklju\u010duju\u0107i Srbiju \u2013 uzmite svoj tiket sada!","og_url":"https:\/\/redfoxlotto.com\/sr\/igrati\/powerball\/","og_site_name":"Get Tickets for the World\u2019s largest jackpots","article_modified_time":"2025-12-15T21:45:30+00:00","og_image":[{"url":"https:\/\/content.redfoxlotto.com\/uploads\/sites\/9\/2_ticket_powerball2.jpg"}],"twitter_card":"summary_large_image","twitter_misc":{"\u041f\u0440\u043e\u0446\u0435\u045a\u0435\u043d\u043e \u0432\u0440\u0435\u043c\u0435 \u0447\u0438\u0442\u0430\u045a\u0430":"3 \u043c\u0438\u043d\u0443\u0442\u0430"},"schema":{"@context":"https:\/\/schema.org","@graph":[{"@type":"WebPage","@id":"https:\/\/redfoxlotto.com\/sr\/igrati\/powerball\/","url":"https:\/\/redfoxlotto.com\/sr\/igrati\/powerball\/","name":"Igrajte Powerball onlajn | Powerball iz Srbije","isPartOf":{"@id":"https:\/\/redfoxlotto.com\/sr\/#website"},"primaryImageOfPage":{"@id":"https:\/\/redfoxlotto.com\/sr\/igrati\/powerball\/#primaryimage"},"image":{"@id":"https:\/\/redfoxlotto.com\/sr\/igrati\/powerball\/#primaryimage"},"thumbnailUrl":"https:\/\/content.redfoxlotto.com\/uploads\/sites\/9\/2_ticket_powerball2.jpg","datePublished":"2023-04-24T17:35:03+00:00","dateModified":"2025-12-15T21:45:30+00:00","description":"Na\u0161 onlajn servis vam omogu\u0107ava da igrate Powerball iz bilo koje zemlje, uklju\u010duju\u0107i Srbiju \u2013 uzmite svoj tiket sada!","breadcrumb":{"@id":"https:\/\/redfoxlotto.com\/sr\/igrati\/powerball\/#breadcrumb"},"inLanguage":"sr-RS","potentialAction":[{"@type":"ReadAction","target":["https:\/\/redfoxlotto.com\/sr\/igrati\/powerball\/"]}]},{"@type":"ImageObject","inLanguage":"sr-RS","@id":"https:\/\/redfoxlotto.com\/sr\/igrati\/powerball\/#primaryimage","url":"https:\/\/content.redfoxlotto.com\/uploads\/sites\/9\/2_ticket_powerball2.jpg","contentUrl":"https:\/\/content.redfoxlotto.com\/uploads\/sites\/9\/2_ticket_powerball2.jpg"},{"@type":"BreadcrumbList","@id":"https:\/\/redfoxlotto.com\/sr\/igrati\/powerball\/#breadcrumb","itemListElement":[{"@type":"ListItem","position":1,"name":"Home","item":"https:\/\/redfoxlotto.com\/sr\/"},{"@type":"ListItem","position":2,"name":"Kako u\u010destvovati u lutrijama drugih zemalja","item":"https:\/\/redfoxlotto.com\/sr\/igrati\/"},{"@type":"ListItem","position":3,"name":"Igrajte Powerball SAD"}]},{"@type":"WebSite","@id":"https:\/\/redfoxlotto.com\/sr\/#website","url":"https:\/\/redfoxlotto.com\/sr\/","name":"Get Tickets for the World\u2019s largest jackpots","description":"Participate in worldwide lottery jackpots from any country","publisher":{"@id":"https:\/\/redfoxlotto.com\/sr\/#organization"},"potentialAction":[{"@type":"SearchAction","target":{"@type":"EntryPoint","urlTemplate":"https:\/\/redfoxlotto.com\/sr\/?s={search_term_string}"},"query-input":{"@type":"PropertyValueSpecification","valueRequired":true,"valueName":"search_term_string"}}],"inLanguage":"sr-RS"},{"@type":"Organization","@id":"https:\/\/redfoxlotto.com\/sr\/#organization","name":"Get Tickets for the World\u2019s largest jackpots","url":"https:\/\/redfoxlotto.com\/sr\/","logo":{"@type":"ImageObject","inLanguage":"sr-RS","@id":"https:\/\/redfoxlotto.com\/sr\/#\/schema\/logo\/image\/","url":"https:\/\/redfoxlotto.com\/wp-content\/uploads\/2023\/04\/logo.png","contentUrl":"https:\/\/redfoxlotto.com\/wp-content\/uploads\/2023\/04\/logo.png","width":269,"height":53,"caption":"Get Tickets for the World\u2019s largest jackpots"},"image":{"@id":"https:\/\/redfoxlotto.com\/sr\/#\/schema\/logo\/image\/"}}]}},"_links":{"self":[{"href":"https:\/\/redfoxlotto.com\/sr\/wp-json\/wp\/v2\/pages\/7323","targetHints":{"allow":["GET"]}}],"collection":[{"href":"https:\/\/redfoxlotto.com\/sr\/wp-json\/wp\/v2\/pages"}],"about":[{"href":"https:\/\/redfoxlotto.com\/sr\/wp-json\/wp\/v2\/types\/page"}],"author":[{"embeddable":true,"href":"https:\/\/redfoxlotto.com\/sr\/wp-json\/wp\/v2\/users\/1"}],"replies":[{"embeddable":true,"href":"https:\/\/redfoxlotto.com\/sr\/wp-json\/wp\/v2\/comments?post=7323"}],"version-history":[{"count":0,"href":"https:\/\/redfoxlotto.com\/sr\/wp-json\/wp\/v2\/pages\/7323\/revisions"}],"up":[{"embeddable":true,"href":"https:\/\/redfoxlotto.com\/sr\/wp-json\/wp\/v2\/pages\/7318"}],"wp:attachment":[{"href":"https:\/\/redfoxlotto.com\/sr\/wp-json\/wp\/v2\/media?parent=7323"}],"curies":[{"name":"wp","href":"https:\/\/api.w.org\/{rel}","templated":true}]}}