{"id":7321,"date":"2023-04-24T17:37:44","date_gmt":"2023-04-24T17:37:44","guid":{"rendered":"https:\/\/redfoxlotto.com\/?page_id=3737"},"modified":"2025-12-17T09:23:46","modified_gmt":"2025-12-17T09:23:46","slug":"mega-millions","status":"publish","type":"page","link":"https:\/\/redfoxlotto.com\/sr\/igrati\/mega-millions\/","title":{"rendered":"Igrajte Mega Millions iz Srbije"},"content":{"rendered":"<p><script type=\"application\/ld+json\">\n{\n  \"@context\": \"https:\/\/schema.org\",\n  \"@type\": \"Service\",\n  \"name\": \"Igrajte Mega Millions online\",\n  \"url\": \"https:\/\/redfoxlotto.com\/sr\/igrati\/mega-millions\/\",\n  \"description\": \"Igrajte Mega Millions lutriju online iz bilo koje zemlje. Posetite RedFoxLotto, izaberite brojeve i dobijte listi\u0107e.\",\n  \"serviceType\": \"Online posredni\u010dka usluga lutrijskih listi\u0107a\",\n  \"provider\": {\n    \"@type\": \"Organization\",\n    \"name\": \"RedFoxLotto\",\n    \"url\": \"https:\/\/redfoxlotto.com\/sr\/igrati\/mega-millions\/\",\n    \"image\": \"https:\/\/redfoxlotto.com\/wp-content\/uploads\/2025\/12\/ticket_scans.jpg\",\n    \"sameAs\": []\n  },\n  \"areaServed\": \"Worldwide\",\n  \"termsOfService\": \"https:\/\/redfoxlotto.com\/terms-and-conditions\",\n  \"additionalProperty\": {\n    \"@type\": \"PropertyValue\",\n    \"name\": \"FAQ\",\n    \"value\": \"https:\/\/redfoxlotto.com\/sr\/faq\/\"\n  },\n  \"hasOfferCatalog\": {\n    \"@type\": \"OfferCatalog\",\n    \"name\": \"Mega Millions lutrijski listi\u0107i\",\n    \"itemListElement\": [\n      {\n        \"@type\": \"Offer\",\n        \"name\": \"Mega Millions listi\u0107i\",\n        \"url\": \"https:\/\/redfoxlotto.com\/sr\/igrati\/mega-millions\/\",\n        \"description\": \"Izaberite brojeve za slede\u0107e Mega Millions izvla\u010denje i naru\u010dite listi\u0107e online.\",\n        \"price\": \"13.00\",\n        \"priceCurrency\": \"EUR\",\n        \"availability\": \"https:\/\/schema.org\/InStock\",\n        \"itemOffered\": {\n          \"@type\": \"Service\",\n          \"name\": \"Mega Millions listi\u0107i\",\n          \"description\": \"U\u010destvujte u slede\u0107em Mega Millions izvla\u010denju putem RedFoxLotto.\"\n        }\n      }\n    ]\n  },\n  \"mainEntityOfPage\": {\n    \"@type\": \"WebPage\",\n    \"@id\": \"https:\/\/redfoxlotto.com\/sr\/igrati\/mega-millions\/\"\n  }\n}\n<\/script><\/p>\n<p><!--more--><\/p>\n<p>Ne morate putovati u SAD da biste u\u010destvovali u ameri\u010dkoj lutriji Mega Millions. Mo\u017eete da igrate Mega Millions i iz Srbije. Obezbedi\u0107emo vam tikete putem na\u0161e onlajn usluge. Mo\u017eete ih naru\u010diti na na\u0161oj veb stranici. Jedan od na\u0161ih agenata u Americi \u0107e kupiti tiket za vas (sa brojevima koje ste odabrali). Zatim \u0107ete od nas dobiti email u kome se potvr\u0111uje va\u0161a kupovina. Tako\u0111e, obra\u0111ujemo isplatu va\u0161ih dobitaka. Pogledajte odeljak FAQ za vi\u0161e detalja o na\u0161oj usluzi.<\/p>\n<h2>Pravila lutrije Mega Million<\/h2>\n<p><img loading=\"lazy\" decoding=\"async\" class=\"alignright  wp image\" src=\"https:\/\/content.redfoxlotto.com\/uploads\/sites\/9\/1_play_mega_millions_jackpot.jpg\" alt=\"mega millions onlajn\" width=\"216\" height=\"144\"><br \/>\nIgra\u010d bira pet brojeva izme\u0111u 1 i 70, kao i dodatni broj od 1 do 25. Da biste osvojili d\u017eekpot, svih \u0161est brojeva se mora poklapati sa izvu\u010denim brojevima. Za pet pogo\u0111enih glavnih brojeva, nagrada je milion dolara.<\/p>\n<h2>Mega Millions d\u017eekpot<\/h2>\n<p><a href=\"https:\/\/redfoxlotto.com\/sr\/lutrija\/mega-millions\/\">Mega Millions Lotto<\/a> je poznat po d\u017eekpotovima koji se pove\u0107avaju veoma brzo. S jedne strane, to je zato \u0161to se u Sjedinjenim Dr\u017eavama proda nedeljno stotine miliona tiketa. Ali ponekad nema d\u017eekpota nedeljama. D\u017eekpot uvek startuje sa najmanje 40 miliona dolara. Obi\u010dno po\u010dinje s manjim iznosima, poput 10-15 miliona dolara po izvla\u010denju (postoje dva izvla\u010denja nedeljno).<\/p>\n<p>Kada niko ne osvoji glavnu nagradu, iznos ubrzo dosti\u017ee \u010dak 100 miliona dolara. Kada se taj prag pre\u0111e, proda se vi\u0161e tiketa nego ina\u010de, jer svi \u017eele da u\u010destvuju u lutriji. D\u017eekpot po\u010dinje da &#8222;eksplodira&#8220;. Pove\u0107anja sa 200 miliona na 500 miliona dolara u toku jedne nedelje su sasvim uobi\u010dajena. Ako d\u017eekpot ne bude izvu\u010den tokom 10 nedelja, tada da on mo\u017ee da prema\u0161i iznos od milijardu dolara, \u0161to se poslednji put dogodilo 19.10.2018. D\u017eekpot je kona\u010dno osvojio jedan u\u010desnik u lutriji 23.10.2018, i u tom trenutku je on iznosio 1,6 milijardi dolara.<\/p>\n<p>Kad god je veli\u010dina d\u017eekpota znatna, bilo bi pametno razmi\u0161ljati o naru\u010divanju tiketa putem interneta, tako da bi on mogao da u\u010destvuje u vi\u0161e uzastopnih izvla\u010denja. Na taj na\u010din \u0107ete biti sigurni da ste u igri za slede\u0107e, jo\u0161 ve\u0107e d\u017eekpotove.<\/p>\n<p>Va\u017eno je napomenuti da pobednik d\u017eekpota mo\u017ee da bira izme\u0111u dve opcije: da odlu\u010di da primi puni iznos, ali u 30 godi\u0161njih isplata (sa godi\u0161njim pove\u0107anjem od 5% radi prilago\u0111avanja inflaciji) ili sve odjednom. Ova isplata bi bila manja od punog iznosa d\u017eekpota.<\/p>\n<h2>Da li je ova onlajn usluga legalna za igra\u010de iz Srbije?<\/h2>\n<p><img loading=\"lazy\" decoding=\"async\" class=\"alignright size-full wp-image\" src=\"https:\/\/content.redfoxlotto.com\/uploads\/sites\/9\/2_ticket_mega_millions.jpg\" alt=\"Igrajte iz Srbije\" width=\"212\" height=\"142\"><br \/>\nOvo usluga je 100% legalno za igra\u010de iz svih zemalja, uklju\u010duju\u0107i i Srbiju. U su\u0161tini, to je kao da kupujete tiket za Mega Millions tokom boravka u SAD. Budu\u0107i da se u ameri\u010dkoj lutriji tiketi mogu prodati svima starijim od 18 godina, stranci mogu legalno u\u010destvovati i odneti dobitak. Na kraju, jedino \u0161to je va\u017eno jeste da imate tiket. \u0160tavi\u0161e, mi \u0107emo se tako\u0111e pobrinuti da vam bude ispla\u0107eno ono \u0161to ste osvojili. Za ve\u0107e dobitke (vi\u0161e od 2500 \u20ac) obi\u010dno \u0107ete dobiti \u010dek ili \u0107e vam bankovnim transferom novac biti preba\u010den na ra\u010dun.<\/p>\n<p>Ipak, u slu\u010daju da osvojite d\u017eekpot, mo\u017eda \u0107ete morati da putujete u SAD gde \u0107e vam \u010dek biti li\u010dno uru\u010den. Sigurno biste bili zadovoljni i uzbu\u0111eni da odete na ovo uzbudljivo putovanje!<\/p>\n<p>Da li je <a href=\"https:\/\/redfoxlotto.com\/sr\/aktuelna-kolicina-powerball-i-mega-milijuna-dzekpota\/\">slede\u0107i Mega Millions d\u017eekpot<\/a> rezervisan za vas? <strong>Isprobajte svoju sre\u0107u sada \u2013 ne mo\u017eete da pobedite ako ne kupite tiket!<\/strong><\/p>\n","protected":false},"excerpt":{"rendered":"","protected":false},"author":1,"featured_media":0,"parent":7318,"menu_order":2,"comment_status":"closed","ping_status":"closed","template":"megamillion.php","meta":{"_et_pb_use_builder":"","_et_pb_old_content":"","_et_gb_content_width":"","exclude_from_search":false,"footnotes":""},"class_list":["post-7321","page","type-page","status-publish","hentry"],"yoast_head":"<!-- This site is optimized with the Yoast SEO plugin v27.4 - https:\/\/yoast.com\/product\/yoast-seo-wordpress\/ -->\n<title>Igrajte Mega Millions onlajn iz Srbije<\/title>\n<meta name=\"description\" content=\"Naru\u010dite svoj Mega Millions tiket ovde \u2013 iz Srbije ili neke druge zemlje!\" \/>\n<meta name=\"robots\" content=\"index, follow, max-snippet:-1, max-image-preview:large, max-video-preview:-1\" \/>\n<link rel=\"canonical\" href=\"https:\/\/redfoxlotto.com\/sr\/igrati\/mega-millions\/\" \/>\n<meta property=\"og:locale\" content=\"sr_RS\" \/>\n<meta property=\"og:type\" content=\"article\" \/>\n<meta property=\"og:title\" content=\"Igrajte Mega Millions onlajn iz Srbije\" \/>\n<meta property=\"og:description\" content=\"Naru\u010dite svoj Mega Millions tiket ovde \u2013 iz Srbije ili neke druge zemlje!\" \/>\n<meta property=\"og:url\" content=\"https:\/\/redfoxlotto.com\/sr\/igrati\/mega-millions\/\" \/>\n<meta property=\"og:site_name\" content=\"Get Tickets for the World\u2019s largest jackpots\" \/>\n<meta property=\"article:modified_time\" content=\"2025-12-17T09:23:46+00:00\" \/>\n<meta property=\"og:image\" content=\"https:\/\/content.redfoxlotto.com\/uploads\/sites\/9\/1_play_mega_millions_jackpot.jpg\" \/>\n<meta name=\"twitter:card\" content=\"summary_large_image\" \/>\n<meta name=\"twitter:label1\" content=\"\u041f\u0440\u043e\u0446\u0435\u045a\u0435\u043d\u043e \u0432\u0440\u0435\u043c\u0435 \u0447\u0438\u0442\u0430\u045a\u0430\" \/>\n\t<meta name=\"twitter:data1\" content=\"3 \u043c\u0438\u043d\u0443\u0442\u0430\" \/>\n<script type=\"application\/ld+json\" class=\"yoast-schema-graph\">{\"@context\":\"https:\\\/\\\/schema.org\",\"@graph\":[{\"@type\":\"WebPage\",\"@id\":\"https:\\\/\\\/redfoxlotto.com\\\/sr\\\/igrati\\\/mega-millions\\\/\",\"url\":\"https:\\\/\\\/redfoxlotto.com\\\/sr\\\/igrati\\\/mega-millions\\\/\",\"name\":\"Igrajte Mega Millions onlajn iz Srbije\",\"isPartOf\":{\"@id\":\"https:\\\/\\\/redfoxlotto.com\\\/sr\\\/#website\"},\"primaryImageOfPage\":{\"@id\":\"https:\\\/\\\/redfoxlotto.com\\\/sr\\\/igrati\\\/mega-millions\\\/#primaryimage\"},\"image\":{\"@id\":\"https:\\\/\\\/redfoxlotto.com\\\/sr\\\/igrati\\\/mega-millions\\\/#primaryimage\"},\"thumbnailUrl\":\"https:\\\/\\\/content.redfoxlotto.com\\\/uploads\\\/sites\\\/9\\\/1_play_mega_millions_jackpot.jpg\",\"datePublished\":\"2023-04-24T17:37:44+00:00\",\"dateModified\":\"2025-12-17T09:23:46+00:00\",\"description\":\"Naru\u010dite svoj Mega Millions tiket ovde \u2013 iz Srbije ili neke druge zemlje!\",\"breadcrumb\":{\"@id\":\"https:\\\/\\\/redfoxlotto.com\\\/sr\\\/igrati\\\/mega-millions\\\/#breadcrumb\"},\"inLanguage\":\"sr-RS\",\"potentialAction\":[{\"@type\":\"ReadAction\",\"target\":[\"https:\\\/\\\/redfoxlotto.com\\\/sr\\\/igrati\\\/mega-millions\\\/\"]}]},{\"@type\":\"ImageObject\",\"inLanguage\":\"sr-RS\",\"@id\":\"https:\\\/\\\/redfoxlotto.com\\\/sr\\\/igrati\\\/mega-millions\\\/#primaryimage\",\"url\":\"https:\\\/\\\/content.redfoxlotto.com\\\/uploads\\\/sites\\\/9\\\/1_play_mega_millions_jackpot.jpg\",\"contentUrl\":\"https:\\\/\\\/content.redfoxlotto.com\\\/uploads\\\/sites\\\/9\\\/1_play_mega_millions_jackpot.jpg\"},{\"@type\":\"BreadcrumbList\",\"@id\":\"https:\\\/\\\/redfoxlotto.com\\\/sr\\\/igrati\\\/mega-millions\\\/#breadcrumb\",\"itemListElement\":[{\"@type\":\"ListItem\",\"position\":1,\"name\":\"Home\",\"item\":\"https:\\\/\\\/redfoxlotto.com\\\/sr\\\/\"},{\"@type\":\"ListItem\",\"position\":2,\"name\":\"Kako u\u010destvovati u lutrijama drugih zemalja\",\"item\":\"https:\\\/\\\/redfoxlotto.com\\\/sr\\\/igrati\\\/\"},{\"@type\":\"ListItem\",\"position\":3,\"name\":\"Igrajte Mega Millions iz Srbije\"}]},{\"@type\":\"WebSite\",\"@id\":\"https:\\\/\\\/redfoxlotto.com\\\/sr\\\/#website\",\"url\":\"https:\\\/\\\/redfoxlotto.com\\\/sr\\\/\",\"name\":\"Get Tickets for the World\u2019s largest jackpots\",\"description\":\"Participate in worldwide lottery jackpots from any country\",\"publisher\":{\"@id\":\"https:\\\/\\\/redfoxlotto.com\\\/sr\\\/#organization\"},\"potentialAction\":[{\"@type\":\"SearchAction\",\"target\":{\"@type\":\"EntryPoint\",\"urlTemplate\":\"https:\\\/\\\/redfoxlotto.com\\\/sr\\\/?s={search_term_string}\"},\"query-input\":{\"@type\":\"PropertyValueSpecification\",\"valueRequired\":true,\"valueName\":\"search_term_string\"}}],\"inLanguage\":\"sr-RS\"},{\"@type\":\"Organization\",\"@id\":\"https:\\\/\\\/redfoxlotto.com\\\/sr\\\/#organization\",\"name\":\"Get Tickets for the World\u2019s largest jackpots\",\"url\":\"https:\\\/\\\/redfoxlotto.com\\\/sr\\\/\",\"logo\":{\"@type\":\"ImageObject\",\"inLanguage\":\"sr-RS\",\"@id\":\"https:\\\/\\\/redfoxlotto.com\\\/sr\\\/#\\\/schema\\\/logo\\\/image\\\/\",\"url\":\"https:\\\/\\\/redfoxlotto.com\\\/wp-content\\\/uploads\\\/2023\\\/04\\\/logo.png\",\"contentUrl\":\"https:\\\/\\\/redfoxlotto.com\\\/wp-content\\\/uploads\\\/2023\\\/04\\\/logo.png\",\"width\":269,\"height\":53,\"caption\":\"Get Tickets for the World\u2019s largest jackpots\"},\"image\":{\"@id\":\"https:\\\/\\\/redfoxlotto.com\\\/sr\\\/#\\\/schema\\\/logo\\\/image\\\/\"}}]}<\/script>\n<!-- \/ Yoast SEO plugin. -->","yoast_head_json":{"title":"Igrajte Mega Millions onlajn iz Srbije","description":"Naru\u010dite svoj Mega Millions tiket ovde \u2013 iz Srbije ili neke druge zemlje!","robots":{"index":"index","follow":"follow","max-snippet":"max-snippet:-1","max-image-preview":"max-image-preview:large","max-video-preview":"max-video-preview:-1"},"canonical":"https:\/\/redfoxlotto.com\/sr\/igrati\/mega-millions\/","og_locale":"sr_RS","og_type":"article","og_title":"Igrajte Mega Millions onlajn iz Srbije","og_description":"Naru\u010dite svoj Mega Millions tiket ovde \u2013 iz Srbije ili neke druge zemlje!","og_url":"https:\/\/redfoxlotto.com\/sr\/igrati\/mega-millions\/","og_site_name":"Get Tickets for the World\u2019s largest jackpots","article_modified_time":"2025-12-17T09:23:46+00:00","og_image":[{"url":"https:\/\/content.redfoxlotto.com\/uploads\/sites\/9\/1_play_mega_millions_jackpot.jpg","type":"","width":"","height":""}],"twitter_card":"summary_large_image","twitter_misc":{"\u041f\u0440\u043e\u0446\u0435\u045a\u0435\u043d\u043e \u0432\u0440\u0435\u043c\u0435 \u0447\u0438\u0442\u0430\u045a\u0430":"3 \u043c\u0438\u043d\u0443\u0442\u0430"},"schema":{"@context":"https:\/\/schema.org","@graph":[{"@type":"WebPage","@id":"https:\/\/redfoxlotto.com\/sr\/igrati\/mega-millions\/","url":"https:\/\/redfoxlotto.com\/sr\/igrati\/mega-millions\/","name":"Igrajte Mega Millions onlajn iz Srbije","isPartOf":{"@id":"https:\/\/redfoxlotto.com\/sr\/#website"},"primaryImageOfPage":{"@id":"https:\/\/redfoxlotto.com\/sr\/igrati\/mega-millions\/#primaryimage"},"image":{"@id":"https:\/\/redfoxlotto.com\/sr\/igrati\/mega-millions\/#primaryimage"},"thumbnailUrl":"https:\/\/content.redfoxlotto.com\/uploads\/sites\/9\/1_play_mega_millions_jackpot.jpg","datePublished":"2023-04-24T17:37:44+00:00","dateModified":"2025-12-17T09:23:46+00:00","description":"Naru\u010dite svoj Mega Millions tiket ovde \u2013 iz Srbije ili neke druge zemlje!","breadcrumb":{"@id":"https:\/\/redfoxlotto.com\/sr\/igrati\/mega-millions\/#breadcrumb"},"inLanguage":"sr-RS","potentialAction":[{"@type":"ReadAction","target":["https:\/\/redfoxlotto.com\/sr\/igrati\/mega-millions\/"]}]},{"@type":"ImageObject","inLanguage":"sr-RS","@id":"https:\/\/redfoxlotto.com\/sr\/igrati\/mega-millions\/#primaryimage","url":"https:\/\/content.redfoxlotto.com\/uploads\/sites\/9\/1_play_mega_millions_jackpot.jpg","contentUrl":"https:\/\/content.redfoxlotto.com\/uploads\/sites\/9\/1_play_mega_millions_jackpot.jpg"},{"@type":"BreadcrumbList","@id":"https:\/\/redfoxlotto.com\/sr\/igrati\/mega-millions\/#breadcrumb","itemListElement":[{"@type":"ListItem","position":1,"name":"Home","item":"https:\/\/redfoxlotto.com\/sr\/"},{"@type":"ListItem","position":2,"name":"Kako u\u010destvovati u lutrijama drugih zemalja","item":"https:\/\/redfoxlotto.com\/sr\/igrati\/"},{"@type":"ListItem","position":3,"name":"Igrajte Mega Millions iz Srbije"}]},{"@type":"WebSite","@id":"https:\/\/redfoxlotto.com\/sr\/#website","url":"https:\/\/redfoxlotto.com\/sr\/","name":"Get Tickets for the World\u2019s largest jackpots","description":"Participate in worldwide lottery jackpots from any country","publisher":{"@id":"https:\/\/redfoxlotto.com\/sr\/#organization"},"potentialAction":[{"@type":"SearchAction","target":{"@type":"EntryPoint","urlTemplate":"https:\/\/redfoxlotto.com\/sr\/?s={search_term_string}"},"query-input":{"@type":"PropertyValueSpecification","valueRequired":true,"valueName":"search_term_string"}}],"inLanguage":"sr-RS"},{"@type":"Organization","@id":"https:\/\/redfoxlotto.com\/sr\/#organization","name":"Get Tickets for the World\u2019s largest jackpots","url":"https:\/\/redfoxlotto.com\/sr\/","logo":{"@type":"ImageObject","inLanguage":"sr-RS","@id":"https:\/\/redfoxlotto.com\/sr\/#\/schema\/logo\/image\/","url":"https:\/\/redfoxlotto.com\/wp-content\/uploads\/2023\/04\/logo.png","contentUrl":"https:\/\/redfoxlotto.com\/wp-content\/uploads\/2023\/04\/logo.png","width":269,"height":53,"caption":"Get Tickets for the World\u2019s largest jackpots"},"image":{"@id":"https:\/\/redfoxlotto.com\/sr\/#\/schema\/logo\/image\/"}}]}},"_links":{"self":[{"href":"https:\/\/redfoxlotto.com\/sr\/wp-json\/wp\/v2\/pages\/7321","targetHints":{"allow":["GET"]}}],"collection":[{"href":"https:\/\/redfoxlotto.com\/sr\/wp-json\/wp\/v2\/pages"}],"about":[{"href":"https:\/\/redfoxlotto.com\/sr\/wp-json\/wp\/v2\/types\/page"}],"author":[{"embeddable":true,"href":"https:\/\/redfoxlotto.com\/sr\/wp-json\/wp\/v2\/users\/1"}],"replies":[{"embeddable":true,"href":"https:\/\/redfoxlotto.com\/sr\/wp-json\/wp\/v2\/comments?post=7321"}],"version-history":[{"count":0,"href":"https:\/\/redfoxlotto.com\/sr\/wp-json\/wp\/v2\/pages\/7321\/revisions"}],"up":[{"embeddable":true,"href":"https:\/\/redfoxlotto.com\/sr\/wp-json\/wp\/v2\/pages\/7318"}],"wp:attachment":[{"href":"https:\/\/redfoxlotto.com\/sr\/wp-json\/wp\/v2\/media?parent=7321"}],"curies":[{"name":"wp","href":"https:\/\/api.w.org\/{rel}","templated":true}]}}