{"id":7320,"date":"2022-10-26T09:30:02","date_gmt":"2022-10-26T09:30:02","guid":{"rendered":"https:\/\/redfoxlotto.com\/?page_id=3735"},"modified":"2025-12-17T08:12:43","modified_gmt":"2025-12-17T08:12:43","slug":"euromillions","status":"publish","type":"page","link":"https:\/\/redfoxlotto.com\/sr\/igrati\/euromillions\/","title":{"rendered":"Kako igrati EuroMillions iz Srbije"},"content":{"rendered":"<p><script type=\"application\/ld+json\">\n{\n  \"@context\": \"https:\/\/schema.org\",\n  \"@type\": \"Service\",\n  \"name\": \"Igrajte Euromillions Online\",\n  \"url\": \"https:\/\/redfoxlotto.com\/sr\/igrati\/euromillions\/\",\n  \"description\": \"Igrajte Euromillions lutriju online iz bilo koje zemlje. Posetite RedFoxLotto, izaberite svoje brojeve i dobijte svoje karte.\",\n  \"serviceType\": \"Online lottery ticket messenger service\",\n  \"provider\": {\n    \"@type\": \"Organization\",\n    \"name\": \"RedFoxLotto\",\n    \"url\": \"https:\/\/redfoxlotto.com\/sr\/\",\n    \"image\": \"https:\/\/redfoxlotto.com\/wp-content\/uploads\/2025\/12\/ticket_scans.jpg\",\n    \"sameAs\": []\n  },\n  \"areaServed\": \"Worldwide\",\n  \"termsOfService\": \"https:\/\/redfoxlotto.com\/terms-and-conditions\",\n  \"additionalProperty\": {\n    \"@type\": \"PropertyValue\",\n    \"name\": \"FAQ\",\n    \"value\": \"https:\/\/redfoxlotto.com\/sr\/faq\/\"\n  },\n  \"hasOfferCatalog\": {\n    \"@type\": \"OfferCatalog\",\n    \"name\": \"Euromillions Lutrijski Tiketi\",\n    \"itemListElement\": [\n      {\n        \"@type\": \"Offer\",\n        \"name\": \"Euromillions Tiketi\",\n        \"url\": \"https:\/\/redfoxlotto.com\/sr\/igrati\/euromillions\/\",\n        \"description\": \"Kliknite ovde da odaberete svoje brojeve za naredno Euromillions izvla\u010denje \u2013 naru\u010dite tikete online.\",\n        \"price\": \"7.00\",\n        \"priceCurrency\": \"EUR\",\n        \"availability\": \"https:\/\/schema.org\/InStock\",\n        \"itemOffered\": {\n          \"@type\": \"Service\",\n          \"name\": \"Euromillions Lutrijski Tiketi\",\n          \"description\": \"Igrajte u narednom Euromillions izvla\u010denju putem RedFoxLotto.\"\n        }\n      }\n    ]\n  },\n  \"mainEntityOfPage\": {\n    \"@type\": \"WebPage\",\n    \"@id\": \"https:\/\/redfoxlotto.com\/sr\/igrati\/euromillions\/\"\n  }\n}\n<\/script><\/p>\n<p>Jeste li ikada \u010duli za EuroMillions? Ako \u017eivite u evropskoj zemlji, sigurno jeste. Ali ako \u017eivite u Srbiji, mo\u017eda niste. Dakle, hajde malo detaljnije pogledajmo kako igrati EuroMillions putem interneta, da li vam odgovara?<\/p>\n<p>EuroMillions je me\u0111unarodna lutrija koja se mo\u017ee igrati u devet evropskih zemalja. To zna\u010di da mo\u017eda ve\u0107 \u017eivite u zemlji u kojoj mo\u017eete kupiti tiket. Me\u0111utim, tikete za EuroMillions lutriju ne mo\u017eete kupiti u prodavnicama u drugim zemljama, a to uklju\u010duje i Srbiju.<\/p>\n<p>Sigurno \u0107ete \u017eeleti ne\u0161to da uradite povodom toga, jer je EuroMillions, pored Eurojackpot-a, najve\u0107a lutrija u Evropi. Lutrija je osnovana 2004. godine, a do sada najve\u0107i dobitak iznosio je 190 miliona evra. Osvojio ga je jedan nepoznati igra\u010d u oktobru 2014. To je definitivno ne\u0161to \u0161to biste barem \u017eeleli imati \u0161ansu za, zar ne?<\/p>\n<p>\u017delite li mo\u0107i re\u0107i da ste skoro osvojili EuroMillions? Pa, zato \u0107ete morati znati vi\u0161e o njihovim tiketima.<img loading=\"lazy\" decoding=\"async\" class=\"wp-image-4203 alignright\" src=\"https:\/\/content.redfoxlotto.com\/uploads\/sites\/9\/2_ticket_euromillions.jpg\" alt=\"euromillions online\" width=\"156\" height=\"416\" \/><\/p>\n<p>Izvla\u010denja EuroMillions lutrije odr\u017eavaju se u Parizu utorkom i petkom. Da biste osvojili jackpot, tiket mora ta\u010dno prikazivati 5 brojeva od 1 do 50, kao i &#8222;sre\u0107nu zvezdu&#8220;, broj izme\u0111u 1 i 12. Naravno, postoje i druge dobitne kombinacije. Za najmanju dobitak, morate ta\u010dno pogoditi 2 od 5 glavnih brojeva.<\/p>\n<p>To zna\u010di da \u0107ete imati stvarno dobru \u0161ansu da osvojite ne\u0161to, jer vam je potrebno samo da se poklope 2 broja kako biste osvojili nagradu. A kada osvojite \u010dak i manju nagradu, ima\u0107ete novac koji vam je potreban da kupite novi tiket i poku\u0161ate ponovo na slede\u0107em izvla\u010denju.<\/p>\n<h2>Kako funkcioni\u0161e online kupovina tiketa iz Srbije?<\/h2>\n<p>Da biste kupili tikete i igrali EuroMillions putem interneta iz Srbije, sve \u0161to trebate uraditi je kliknuti na EuroMillions na na\u0161oj veb stranici. Od tuda, bi\u0107ete vo\u0111eni kroz korake koje trebate preduzeti kako biste dobili taj tiket. Birate svoje brojeve, bilo koje brojeve koje \u017eelite (sve dok se pridr\u017eavate pravila). Tako\u0111e je dostupna funkcija &#8222;Brzo biranje&#8220;.<\/p>\n<p>ednim klikom mi\u0161a mo\u017eete imati generator slu\u010dajnih brojeva koji \u0107e odabrati va\u0161e brojeve. Mo\u017eete ru\u010dno promeniti odabrane brojeve ako \u017eelite kombinaciju va\u0161ih vlastitih brojeva i brojeva koji su slu\u010dajno odabrani za vas. Zatim, dodajte u korpu koliko god tiketa \u017eelite kako biste bili spremni za kupovinu.<\/p>\n<p>Ako \u017eelite, mo\u017eete dodati vi\u0161e tiketa u va\u0161u narud\u017ebinu. Va\u0161a narud\u017ebina mo\u017ee uklju\u010divati i tikete za druge lutrije. Mnogi na\u0161i klijenti igraju vi\u0161e me\u0111unarodnih lutrija istovremeno. Ve\u0107ina ljudi bira lutrije na osnovu trenutne veli\u010dine jackpota, a tu \u0107ete najverovatnije prona\u0107i i EuroMillions. Jackpot je obi\u010dno veoma visok i to je ne\u0161to \u0161to \u0107ete sigurno \u017eeleti da vidite svojim o\u010dima (i u\u010destvujete).<\/p>\n<p>Zatim, pratite uputstva na na\u0161oj veb stranici da biste zavr\u0161ili kupovinu i platili putem interneta. Mo\u017eete dobiti svoj tiket za samo nekoliko minuta, \u010dak i ako ve\u0107 nemate nalog kod nas. Stvarno je tako jednostavno po\u010deti.<\/p>\n<h2>Prednosti igranja me\u0111unarodnih lutrija poput EuroMillions putem interneta<\/h2>\n<p>Pored prakti\u010dnosti, ovo je jedna od glavnih prednosti igranja me\u0111unarodnih lutrijskih jackpotova. Mo\u017eete profitabilnije koristiti svoj novac za lutriju tako \u0161to \u0107ete kupovati tikete samo za one lutrije \u010diji je jackpot trenutno dovoljno visok. Ne \u010dekate nedeljama da nacionalni lutrijski jackpot bude dovoljno visok u va\u0161oj zemlji. Mo\u017eete izabrati mnogo ve\u0107i jackpot na internetu prakti\u010dno u bilo koje vreme. Zapavo, ve\u0107ina zemalja sveta ima lutrije koje nikad ne dostignu ni deli\u0107 veli\u010dine najve\u0107ih svetskih lutrija.<\/p>\n<p>Za one koji zaista \u017eele \u0161ansu za neke od najve\u0107ih nagrada, to je definitivno najbolji deo. \u017delite imati \u0161ansu za milione umesto samo manjih iznosa koji su u ponudi u mnogim lutrijama u Srbiji. Naravno, lepo je osvojiti ne\u0161to. Ali bi\u0107e jo\u0161 lep\u0161e ako dobijete ne\u0161to \u0161to \u0107e vam zaista promeniti \u017eivot, umesto osvajanja ne\u010dega \u0161to \u0107e vam samo kupiti slede\u0107i tiket koji \u017eelite.<\/p>\n<p>Zbog toga \u0161to postoje dva nedeljna izvla\u010denja, EuroMillions jackpot se prili\u010dno brzo pove\u0107ava. Iz tog razloga, mo\u017eda \u0107ete \u017eeleti da razmotrite aktiviranje opcije da va\u0161i tiketi u\u010destvuju u<\/p>\n<p>nekoliko uzastopnih izvla\u010denja. To se mo\u017ee uraditi tokom procesa va\u0161e online kupovine.<\/p>\n<p>Ova opcija vam je dostupna pre nego \u0161to narud\u017ebina bude zavr\u0161ena. Tako uvek ostanete u igri za slede\u0107i najve\u0107i jackpot u narednom izvla\u010denju. Mo\u017eda ne\u0107e biti dobitnika glavne nagrade u narednom izvla\u010denju, ali mo\u017eda \u0107ete vi biti sre\u0107ni u izvla\u010denju nakon toga.<br \/>\n<img loading=\"lazy\" decoding=\"async\" class=\"alignright size-full wp-image-4215\" src=\"https:\/\/content.redfoxlotto.com\/uploads\/sites\/9\/1_play_onlinelottery4.jpg\" alt=\"igrajte putem interneta\" width=\"231\" height=\"130\" \/><br \/>\nAko kupujete dodatna izvla\u010denja za jedan tiket, to tako\u0111e zna\u010di da se ne morate brinuti o kupovini vi\u0161e tiketa neko vreme. Mo\u017eete samo sa\u010dekati i videti kako se va\u0161 trenutni tiket pona\u0161a i kako \u0107e vam doneti veliki dobitak. To je super jednostavno i u\u010dini\u0107e vas veoma sre\u0107nim kada vidite mogu\u0107e isplate.<\/p>\n<p>\u0418\u0433\u0440\u0430\u0447\u0438 \u043f\u043b\u0430\u045b\u0430\u0458\u0443 \u043c\u0430\u043b\u043e \u0432\u0438\u0448\u0435 \u0458\u0435\u0440 \u0441\u0435 \u043a\u0430\u0440\u0442\u0435 \u0437\u0430 \u0415\u0443\u0440\u043e\u041c\u0438\u043b\u043b\u0438\u043e\u043d\u0441 \u043a\u0443\u043f\u0443\u0458\u0443 \u0443 \u0412\u0435\u043b\u0438\u043a\u043e\u0458 \u0411\u0440\u0438\u0442\u0430\u043d\u0438\u0458\u0438. \u0422\u043e \u0458\u0435 \u0437\u0431\u043e\u0433 \u0447\u0438\u045a\u0435\u043d\u0438\u0446\u0435 \u0434\u0430 \u0443\u043b\u0430\u0437\u043d\u0438\u0446\u0435 \u0437\u0430 \u0423\u041a \u0434\u043e\u043b\u0430\u0437\u0435 \u0441\u0430 \u0430\u0443\u0442\u043e\u043c\u0430\u0442\u0441\u043a\u0438\u043c \u0443\u043b\u0430\u0441\u043a\u043e\u043c \u0443 \u0438\u0437\u0432\u043b\u0430\u0447\u0435\u045a\u0435 \u041c\u0438\u043b\u043b\u0438\u043e\u043d\u0430\u0438\u0440\u0435 \u041c\u0430\u043a\u0435\u0440, \u0448\u0442\u043e \u043f\u0440\u0443\u0436\u0430 \u0434\u043e\u0434\u0430\u0442\u043d\u0443 \u043f\u0440\u0438\u043b\u0438\u043a\u0443 \u0434\u0430 \u043e\u0441\u0432\u043e\u0458\u0438\u0442\u0435 \u043d\u0430\u0433\u0440\u0430\u0434\u0443 \u043e\u0434 \u043c\u0438\u043b\u0438\u043e\u043d \u0444\u0443\u043d\u0442\u0438.<\/p>\n<p>\u041c\u0438\u043b\u043b\u0438\u043e\u043d\u0430\u0438\u0440\u0435 \u041c\u0430\u043a\u0435\u0440 \u0440\u0430\u0434\u0438 \u0442\u0430\u043a\u043e \u0448\u0442\u043e \u0433\u0435\u043d\u0435\u0440\u0438\u0448\u0435 \u0458\u0435\u0434\u0438\u043d\u0441\u0442\u0432\u0435\u043d\u0438 \u043a\u043e\u0434 \u0437\u0430 \u0441\u0432\u0430\u043a\u0443 \u043a\u0443\u043f\u0459\u0435\u043d\u0443 \u043a\u0430\u0440\u0442\u0443. \u041e\u0432\u0430\u0458 \u043a\u043e\u0434 \u0441\u0435 \u0441\u0430\u0441\u0442\u043e\u0458\u0438 \u043e\u0434 \u0447\u0435\u0442\u0438\u0440\u0438 \u0441\u043b\u043e\u0432\u0430 \u043f\u0440\u0430\u045b\u0435\u043d\u0430 \u043f\u0435\u0442 \u0431\u0440\u043e\u0458\u0435\u0432\u0430 (\u043d\u043f\u0440. \u0410\u0411\u0426\u041412345). \u0423 \u0441\u0432\u0430\u043a\u043e\u043c \u0438\u0437\u0432\u043b\u0430\u0447\u0435\u045a\u0443, \u0458\u0435\u0434\u0430\u043d \u0438\u043b\u0438 \u0432\u0438\u0448\u0435 \u043e\u0432\u0438\u0445 \u043a\u043e\u0434\u043e\u0432\u0430 \u0441\u0435 \u043d\u0430\u0441\u0443\u043c\u0438\u0447\u043d\u043e \u0431\u0438\u0440\u0430, \u0430 \u0432\u043b\u0430\u0441\u043d\u0438\u043a \u0442\u0438\u043a\u0435\u0442\u0430 \u0441\u0430 \u043e\u0434\u0433\u043e\u0432\u0430\u0440\u0430\u0458\u0443\u045b\u0438\u043c \u043a\u043e\u0434\u043e\u043c \u043e\u0434\u043c\u0430\u0445 \u043e\u0441\u0432\u0430\u0458\u0430 \u043c\u0438\u043b\u0438\u043e\u043d \u0444\u0443\u043d\u0442\u0438, \u0431\u0435\u0437 \u043e\u0431\u0437\u0438\u0440\u0430 \u043d\u0430 \u0433\u043b\u0430\u0432\u043d\u0435 \u0438\u0437\u0432\u0443\u0447\u0435\u043d\u0435 \u0415\u0443\u0440\u043e\u041c\u0438\u043b\u043b\u0438\u043e\u043d\u0441 \u0431\u0440\u043e\u0458\u0435\u0432\u0435.<\/p>\n<p>\u041e\u0432\u0430 \u0444\u0443\u043d\u043a\u0446\u0438\u0458\u0430 \u0447\u0438\u043d\u0438 \u0438\u0433\u0440\u0430\u045a\u0435 \u0415\u0443\u0440\u043e\u041c\u0438\u043b\u043b\u0438\u043e\u043d\u0441-\u0430 \u0443 \u0412\u0435\u043b\u0438\u043a\u043e\u0458 \u0411\u0440\u0438\u0442\u0430\u043d\u0438\u0458\u0438 \u043f\u043e\u0441\u0435\u0431\u043d\u043e \u0430\u0442\u0440\u0430\u043a\u0442\u0438\u0432\u043d\u0438\u043c, \u0458\u0435\u0440 \u043f\u0440\u0443\u0436\u0430 \u0434\u043e\u0434\u0430\u0442\u043d\u0443 \u043f\u0440\u0438\u043b\u0438\u043a\u0443 \u0437\u0430 \u043e\u0441\u0432\u0430\u0458\u0430\u045a\u0435 \u0437\u043d\u0430\u0447\u0430\u0458\u043d\u0435 \u043d\u0430\u0433\u0440\u0430\u0434\u0435 \u043e\u0441\u0438\u043c \u0441\u0442\u0430\u043d\u0434\u0430\u0440\u0434\u043d\u043e\u0433 \u045f\u0435\u043a\u043f\u043e\u0442\u0430 \u0438 \u043d\u0430\u0433\u0440\u0430\u0434\u0430 \u043d\u0438\u0436\u0435\u0433 \u043d\u0438\u0432\u043e\u0430.<\/p>\n<p>Dakle, ako jackpot u va\u0161oj lokalnoj lutriji u Srbiji trenutno nije toliko primamljiv, za\u0161to ne probate sre\u0107u i igrate EuroMillions putem interneta? Nikada ne znate za \u0161ta se takmi\u010dite ili \u0161ta mo\u017eete osvojiti. A ceo proces je veoma jednostavan za po\u010detak. \u0160ta imate izgubiti ako istra\u017eite potpuno novu igru sa jackpotovima preko 100 miliona? Apolutno ni\u0161ta! A mo\u017eda osvojite ne\u0161to ogromno na slede\u0107em izvla\u010denju.<\/p>\n<section class=\"layout\" style=\"border: solid 1px; width: 100%;\">\n<div class=\"img-div\" style=\"margin-top: 5px;\"><img decoding=\"async\" class=\"wp-image-17212 alignleft\" style=\"height: 45px; margin: 8px 8px 0px;\" src=\"https:\/\/redfoxlotto.com\/wp-content\/uploads\/sites\/9\/read1.jpg\" alt=\"kupi lutriju putem interneta\" width=\"\" height=\"\" \/><\/div>\n<div style=\"padding-left: 5px;\">\n<div style=\"font-size: 1.1em;\">\n<p><strong>Najve\u0107i jackpotovi lutrija koji su obele\u017eili istoriju<\/strong><\/p>\n<p style=\"font-size: 0.8em; margin-top: -1.5em;\">Saznajte vi\u0161e o nekim od najve\u0107ih osvojenih jackpotova lutrije u istoriji koji su preko no\u0107i promenili \u017eivot dobitnicima. <a href=\"https:\/\/redfoxlotto.com\/sr\/najveci-dobici-na-lutriji\/\">Pro\u010ditajte vi\u0161e<\/a><\/p>\n<\/div>\n<\/div>\n<\/section>\n","protected":false},"excerpt":{"rendered":"<p>Jeste li ikada \u010duli za EuroMillions? Ako \u017eivite u evropskoj zemlji, sigurno jeste. Ali ako \u017eivite u Srbiji, mo\u017eda niste. Dakle, hajde malo detaljnije pogledajmo kako igrati EuroMillions putem interneta, da li vam odgovara? EuroMillions je me\u0111unarodna lutrija koja se mo\u017ee igrati u devet evropskih zemalja. To zna\u010di da mo\u017eda ve\u0107 \u017eivite u zemlji u [&hellip;]<\/p>\n","protected":false},"author":1,"featured_media":0,"parent":7318,"menu_order":3,"comment_status":"closed","ping_status":"closed","template":"euromillions.php","meta":{"_et_pb_use_builder":"","_et_pb_old_content":"","_et_gb_content_width":"","exclude_from_search":false,"footnotes":""},"class_list":["post-7320","page","type-page","status-publish","hentry"],"yoast_head":"<!-- This site is optimized with the Yoast SEO plugin v27.3 - https:\/\/yoast.com\/product\/yoast-seo-wordpress\/ -->\n<title>Igrajte EuroMillions putem interneta iz Srbije | Najve\u0107a evropska lutrija<\/title>\n<meta name=\"description\" content=\"Ljubitelji lutrije iz Srbije mogu sada igrati EuroMillions putem interneta - proverite na\u0161u uslugu za tikete EuroMillions\" \/>\n<meta name=\"robots\" content=\"index, follow, max-snippet:-1, max-image-preview:large, max-video-preview:-1\" \/>\n<link rel=\"canonical\" href=\"https:\/\/redfoxlotto.com\/sr\/igrati\/euromillions\/\" \/>\n<meta property=\"og:locale\" content=\"sr_RS\" \/>\n<meta property=\"og:type\" content=\"article\" \/>\n<meta property=\"og:title\" content=\"Igrajte EuroMillions putem interneta iz Srbije | Najve\u0107a evropska lutrija\" \/>\n<meta property=\"og:description\" content=\"Ljubitelji lutrije iz Srbije mogu sada igrati EuroMillions putem interneta - proverite na\u0161u uslugu za tikete EuroMillions\" \/>\n<meta property=\"og:url\" content=\"https:\/\/redfoxlotto.com\/sr\/igrati\/euromillions\/\" \/>\n<meta property=\"og:site_name\" content=\"Get Tickets for the World\u2019s largest jackpots\" \/>\n<meta property=\"article:modified_time\" content=\"2025-12-17T08:12:43+00:00\" \/>\n<meta property=\"og:image\" content=\"https:\/\/content.redfoxlotto.com\/uploads\/sites\/9\/2_ticket_euromillions.jpg\" \/>\n<meta name=\"twitter:card\" content=\"summary_large_image\" \/>\n<meta name=\"twitter:label1\" content=\"\u041f\u0440\u043e\u0446\u0435\u045a\u0435\u043d\u043e \u0432\u0440\u0435\u043c\u0435 \u0447\u0438\u0442\u0430\u045a\u0430\" \/>\n\t<meta name=\"twitter:data1\" content=\"5 \u043c\u0438\u043d\u0443\u0442\u0430\" \/>\n<script type=\"application\/ld+json\" class=\"yoast-schema-graph\">{\"@context\":\"https:\\\/\\\/schema.org\",\"@graph\":[{\"@type\":\"WebPage\",\"@id\":\"https:\\\/\\\/redfoxlotto.com\\\/sr\\\/igrati\\\/euromillions\\\/\",\"url\":\"https:\\\/\\\/redfoxlotto.com\\\/sr\\\/igrati\\\/euromillions\\\/\",\"name\":\"Igrajte EuroMillions putem interneta iz Srbije | Najve\u0107a evropska lutrija\",\"isPartOf\":{\"@id\":\"https:\\\/\\\/redfoxlotto.com\\\/sr\\\/#website\"},\"primaryImageOfPage\":{\"@id\":\"https:\\\/\\\/redfoxlotto.com\\\/sr\\\/igrati\\\/euromillions\\\/#primaryimage\"},\"image\":{\"@id\":\"https:\\\/\\\/redfoxlotto.com\\\/sr\\\/igrati\\\/euromillions\\\/#primaryimage\"},\"thumbnailUrl\":\"https:\\\/\\\/content.redfoxlotto.com\\\/uploads\\\/sites\\\/9\\\/2_ticket_euromillions.jpg\",\"datePublished\":\"2022-10-26T09:30:02+00:00\",\"dateModified\":\"2025-12-17T08:12:43+00:00\",\"description\":\"Ljubitelji lutrije iz Srbije mogu sada igrati EuroMillions putem interneta - proverite na\u0161u uslugu za tikete EuroMillions\",\"breadcrumb\":{\"@id\":\"https:\\\/\\\/redfoxlotto.com\\\/sr\\\/igrati\\\/euromillions\\\/#breadcrumb\"},\"inLanguage\":\"sr-RS\",\"potentialAction\":[{\"@type\":\"ReadAction\",\"target\":[\"https:\\\/\\\/redfoxlotto.com\\\/sr\\\/igrati\\\/euromillions\\\/\"]}]},{\"@type\":\"ImageObject\",\"inLanguage\":\"sr-RS\",\"@id\":\"https:\\\/\\\/redfoxlotto.com\\\/sr\\\/igrati\\\/euromillions\\\/#primaryimage\",\"url\":\"https:\\\/\\\/content.redfoxlotto.com\\\/uploads\\\/sites\\\/9\\\/2_ticket_euromillions.jpg\",\"contentUrl\":\"https:\\\/\\\/content.redfoxlotto.com\\\/uploads\\\/sites\\\/9\\\/2_ticket_euromillions.jpg\"},{\"@type\":\"BreadcrumbList\",\"@id\":\"https:\\\/\\\/redfoxlotto.com\\\/sr\\\/igrati\\\/euromillions\\\/#breadcrumb\",\"itemListElement\":[{\"@type\":\"ListItem\",\"position\":1,\"name\":\"Home\",\"item\":\"https:\\\/\\\/redfoxlotto.com\\\/sr\\\/\"},{\"@type\":\"ListItem\",\"position\":2,\"name\":\"Kako u\u010destvovati u lutrijama drugih zemalja\",\"item\":\"https:\\\/\\\/redfoxlotto.com\\\/sr\\\/igrati\\\/\"},{\"@type\":\"ListItem\",\"position\":3,\"name\":\"Kako igrati EuroMillions iz Srbije\"}]},{\"@type\":\"WebSite\",\"@id\":\"https:\\\/\\\/redfoxlotto.com\\\/sr\\\/#website\",\"url\":\"https:\\\/\\\/redfoxlotto.com\\\/sr\\\/\",\"name\":\"Get Tickets for the World\u2019s largest jackpots\",\"description\":\"Participate in worldwide lottery jackpots from any country\",\"publisher\":{\"@id\":\"https:\\\/\\\/redfoxlotto.com\\\/sr\\\/#organization\"},\"potentialAction\":[{\"@type\":\"SearchAction\",\"target\":{\"@type\":\"EntryPoint\",\"urlTemplate\":\"https:\\\/\\\/redfoxlotto.com\\\/sr\\\/?s={search_term_string}\"},\"query-input\":{\"@type\":\"PropertyValueSpecification\",\"valueRequired\":true,\"valueName\":\"search_term_string\"}}],\"inLanguage\":\"sr-RS\"},{\"@type\":\"Organization\",\"@id\":\"https:\\\/\\\/redfoxlotto.com\\\/sr\\\/#organization\",\"name\":\"Get Tickets for the World\u2019s largest jackpots\",\"url\":\"https:\\\/\\\/redfoxlotto.com\\\/sr\\\/\",\"logo\":{\"@type\":\"ImageObject\",\"inLanguage\":\"sr-RS\",\"@id\":\"https:\\\/\\\/redfoxlotto.com\\\/sr\\\/#\\\/schema\\\/logo\\\/image\\\/\",\"url\":\"https:\\\/\\\/redfoxlotto.com\\\/wp-content\\\/uploads\\\/2023\\\/04\\\/logo.png\",\"contentUrl\":\"https:\\\/\\\/redfoxlotto.com\\\/wp-content\\\/uploads\\\/2023\\\/04\\\/logo.png\",\"width\":269,\"height\":53,\"caption\":\"Get Tickets for the World\u2019s largest jackpots\"},\"image\":{\"@id\":\"https:\\\/\\\/redfoxlotto.com\\\/sr\\\/#\\\/schema\\\/logo\\\/image\\\/\"}}]}<\/script>\n<!-- \/ Yoast SEO plugin. -->","yoast_head_json":{"title":"Igrajte EuroMillions putem interneta iz Srbije | Najve\u0107a evropska lutrija","description":"Ljubitelji lutrije iz Srbije mogu sada igrati EuroMillions putem interneta - proverite na\u0161u uslugu za tikete EuroMillions","robots":{"index":"index","follow":"follow","max-snippet":"max-snippet:-1","max-image-preview":"max-image-preview:large","max-video-preview":"max-video-preview:-1"},"canonical":"https:\/\/redfoxlotto.com\/sr\/igrati\/euromillions\/","og_locale":"sr_RS","og_type":"article","og_title":"Igrajte EuroMillions putem interneta iz Srbije | Najve\u0107a evropska lutrija","og_description":"Ljubitelji lutrije iz Srbije mogu sada igrati EuroMillions putem interneta - proverite na\u0161u uslugu za tikete EuroMillions","og_url":"https:\/\/redfoxlotto.com\/sr\/igrati\/euromillions\/","og_site_name":"Get Tickets for the World\u2019s largest jackpots","article_modified_time":"2025-12-17T08:12:43+00:00","og_image":[{"url":"https:\/\/content.redfoxlotto.com\/uploads\/sites\/9\/2_ticket_euromillions.jpg","type":"","width":"","height":""}],"twitter_card":"summary_large_image","twitter_misc":{"\u041f\u0440\u043e\u0446\u0435\u045a\u0435\u043d\u043e \u0432\u0440\u0435\u043c\u0435 \u0447\u0438\u0442\u0430\u045a\u0430":"5 \u043c\u0438\u043d\u0443\u0442\u0430"},"schema":{"@context":"https:\/\/schema.org","@graph":[{"@type":"WebPage","@id":"https:\/\/redfoxlotto.com\/sr\/igrati\/euromillions\/","url":"https:\/\/redfoxlotto.com\/sr\/igrati\/euromillions\/","name":"Igrajte EuroMillions putem interneta iz Srbije | Najve\u0107a evropska lutrija","isPartOf":{"@id":"https:\/\/redfoxlotto.com\/sr\/#website"},"primaryImageOfPage":{"@id":"https:\/\/redfoxlotto.com\/sr\/igrati\/euromillions\/#primaryimage"},"image":{"@id":"https:\/\/redfoxlotto.com\/sr\/igrati\/euromillions\/#primaryimage"},"thumbnailUrl":"https:\/\/content.redfoxlotto.com\/uploads\/sites\/9\/2_ticket_euromillions.jpg","datePublished":"2022-10-26T09:30:02+00:00","dateModified":"2025-12-17T08:12:43+00:00","description":"Ljubitelji lutrije iz Srbije mogu sada igrati EuroMillions putem interneta - proverite na\u0161u uslugu za tikete EuroMillions","breadcrumb":{"@id":"https:\/\/redfoxlotto.com\/sr\/igrati\/euromillions\/#breadcrumb"},"inLanguage":"sr-RS","potentialAction":[{"@type":"ReadAction","target":["https:\/\/redfoxlotto.com\/sr\/igrati\/euromillions\/"]}]},{"@type":"ImageObject","inLanguage":"sr-RS","@id":"https:\/\/redfoxlotto.com\/sr\/igrati\/euromillions\/#primaryimage","url":"https:\/\/content.redfoxlotto.com\/uploads\/sites\/9\/2_ticket_euromillions.jpg","contentUrl":"https:\/\/content.redfoxlotto.com\/uploads\/sites\/9\/2_ticket_euromillions.jpg"},{"@type":"BreadcrumbList","@id":"https:\/\/redfoxlotto.com\/sr\/igrati\/euromillions\/#breadcrumb","itemListElement":[{"@type":"ListItem","position":1,"name":"Home","item":"https:\/\/redfoxlotto.com\/sr\/"},{"@type":"ListItem","position":2,"name":"Kako u\u010destvovati u lutrijama drugih zemalja","item":"https:\/\/redfoxlotto.com\/sr\/igrati\/"},{"@type":"ListItem","position":3,"name":"Kako igrati EuroMillions iz Srbije"}]},{"@type":"WebSite","@id":"https:\/\/redfoxlotto.com\/sr\/#website","url":"https:\/\/redfoxlotto.com\/sr\/","name":"Get Tickets for the World\u2019s largest jackpots","description":"Participate in worldwide lottery jackpots from any country","publisher":{"@id":"https:\/\/redfoxlotto.com\/sr\/#organization"},"potentialAction":[{"@type":"SearchAction","target":{"@type":"EntryPoint","urlTemplate":"https:\/\/redfoxlotto.com\/sr\/?s={search_term_string}"},"query-input":{"@type":"PropertyValueSpecification","valueRequired":true,"valueName":"search_term_string"}}],"inLanguage":"sr-RS"},{"@type":"Organization","@id":"https:\/\/redfoxlotto.com\/sr\/#organization","name":"Get Tickets for the World\u2019s largest jackpots","url":"https:\/\/redfoxlotto.com\/sr\/","logo":{"@type":"ImageObject","inLanguage":"sr-RS","@id":"https:\/\/redfoxlotto.com\/sr\/#\/schema\/logo\/image\/","url":"https:\/\/redfoxlotto.com\/wp-content\/uploads\/2023\/04\/logo.png","contentUrl":"https:\/\/redfoxlotto.com\/wp-content\/uploads\/2023\/04\/logo.png","width":269,"height":53,"caption":"Get Tickets for the World\u2019s largest jackpots"},"image":{"@id":"https:\/\/redfoxlotto.com\/sr\/#\/schema\/logo\/image\/"}}]}},"_links":{"self":[{"href":"https:\/\/redfoxlotto.com\/sr\/wp-json\/wp\/v2\/pages\/7320","targetHints":{"allow":["GET"]}}],"collection":[{"href":"https:\/\/redfoxlotto.com\/sr\/wp-json\/wp\/v2\/pages"}],"about":[{"href":"https:\/\/redfoxlotto.com\/sr\/wp-json\/wp\/v2\/types\/page"}],"author":[{"embeddable":true,"href":"https:\/\/redfoxlotto.com\/sr\/wp-json\/wp\/v2\/users\/1"}],"replies":[{"embeddable":true,"href":"https:\/\/redfoxlotto.com\/sr\/wp-json\/wp\/v2\/comments?post=7320"}],"version-history":[{"count":0,"href":"https:\/\/redfoxlotto.com\/sr\/wp-json\/wp\/v2\/pages\/7320\/revisions"}],"up":[{"embeddable":true,"href":"https:\/\/redfoxlotto.com\/sr\/wp-json\/wp\/v2\/pages\/7318"}],"wp:attachment":[{"href":"https:\/\/redfoxlotto.com\/sr\/wp-json\/wp\/v2\/media?parent=7320"}],"curies":[{"name":"wp","href":"https:\/\/api.w.org\/{rel}","templated":true}]}}