{"id":7319,"date":"2023-04-24T17:44:36","date_gmt":"2023-04-24T17:44:36","guid":{"rendered":"https:\/\/redfoxlotto.com\/?page_id=3733"},"modified":"2025-12-16T14:39:58","modified_gmt":"2025-12-16T14:39:58","slug":"eurojackpot","status":"publish","type":"page","link":"https:\/\/redfoxlotto.com\/sr\/igrati\/eurojackpot\/","title":{"rendered":"Naslov Igraj Eurojackpot"},"content":{"rendered":"<p><script type=\"application\/ld+json\">\n{\n  \"@context\": \"https:\/\/schema.org\",\n  \"@type\": \"Service\",\n  \"name\": \"Igrajte Eurojackpot online\",\n  \"url\": \"https:\/\/redfoxlotto.com\/sr\/igrati\/eurojackpot\/\",\n  \"description\": \"Igrajte Eurojackpot lutriju online iz bilo koje zemlje. Posetite RedFoxLotto, izaberite brojeve i preuzmite listi\u0107e.\",\n  \"serviceType\": \"Online usluga posredovanja lutrijskih listi\u0107a\",\n  \"provider\": {\n    \"@type\": \"Organization\",\n    \"name\": \"RedFoxLotto\",\n    \"url\": \"https:\/\/redfoxlotto.com\/sr\/\",\n    \"image\": \"https:\/\/redfoxlotto.com\/wp-content\/uploads\/2025\/12\/ticket_scans.jpg\",\n    \"sameAs\": []\n  },\n  \"areaServed\": \"Worldwide\",\n  \"termsOfService\": \"https:\/\/redfoxlotto.com\/terms-and-conditions\",\n  \"additionalProperty\": {\n    \"@type\": \"PropertyValue\",\n    \"name\": \"FAQ\",\n    \"value\": \"https:\/\/redfoxlotto.com\/sr\/faq\/\"\n  },\n  \"hasOfferCatalog\": {\n    \"@type\": \"OfferCatalog\",\n    \"name\": \"Eurojackpot listi\u0107i\",\n    \"itemListElement\": [\n      {\n        \"@type\": \"Offer\",\n        \"name\": \"Eurojackpot listi\u0107i\",\n        \"url\": \"https:\/\/redfoxlotto.com\/sr\/igrati\/eurojackpot\/\",\n        \"description\": \"Kliknite ovde da izaberete brojeve za slede\u0107e Eurojackpot izvla\u010denje i poru\u010dite listi\u0107e online.\",\n        \"price\": 6.00,\n        \"priceCurrency\": \"EUR\",\n        \"availability\": \"https:\/\/schema.org\/InStock\",\n        \"itemOffered\": {\n          \"@type\": \"Service\",\n          \"name\": \"Eurojackpot listi\u0107i\",\n          \"description\": \"U\u010destvujte u slede\u0107em Eurojackpot izvla\u010denju putem RedFoxLotto.\"\n        }\n      }\n    ]\n  },\n  \"mainEntityOfPage\": {\n    \"@type\": \"WebPage\",\n    \"@id\": \"https:\/\/redfoxlotto.com\/sr\/igrati\/eurojackpot\/\"\n  }\n}\n<\/script><\/p>\n<h2>Telo Kako u\u010destvovati u Eurojackpotu iz Srbije<\/h2>\n<p>Mo\u017eda ste \u010duli za Eurojackpot Loto, bez obzira da li trenutno \u017eivite u jednoj od evropskih zemalja u kojima se igra ili ne. To je lutrija koja je zapo\u010dela 2012. godine sa 19 evropskih zemalja u\u010desnica. Ali, ako \u017eivite u Srbiji ili u bilo kojoj drugoj zemlji koja nije na listi u\u010desnika, onda nemate na\u010din da kupite tiket za Eurojackpot na tradicionalan na\u010din.<\/p>\n<p>To zna\u010di da, do pre nekog vremena, zapravo ne biste mogli da igrate, i to sigurno ne bi bilo za vas prilika da osvojite ovaj novi d\u017eekpot, zar ne? Pa, sada mo\u017eete igrati Eurojackpot online.<\/p>\n<h2>Internet spa\u0161ava<\/h2>\n<p>Re\u0161enje za ljubitelje lutrije iz Srbije i drugih mesta vam pru\u017ea na\u0161a internet stranica. Pored Eurojackpota, omogu\u0107avamo vam pristup nekoliko internacionalnih lutrija. Ono \u0161to mi nudimo je kurirski servis za lutrijske tikete za lutrije sa najve\u0107im d\u017eekpotovima iz celog sveta. Ve\u0107ina, ako ne i sve te lutrije, ina\u010de ne bi bile dostupne za vas, ali mi smo tu da se pobrinemo za vas!<img loading=\"lazy\" decoding=\"async\" class=\" wp-image alignright\" src=\"https:\/\/redfoxlotto.org\/wp-content\/uploads\/2023\/04\/lotto-online-495x329-1-282x300-1.jpg\" alt=\"igrajte\" width=\"174\" height=\"372\" \/><\/p>\n<h2>Za\u0161to igrati Eurojackpot?<\/h2>\n<p>Na kraju krajeva, znamo da ljudi \u0161irom sveta zaista \u017eele priliku da igraju i osvoje ove velike d\u017eekpotove umesto da budu ograni\u010deni samo na d\u017eekpotove svojih nacionalnih lutrijskih igara.<\/p>\n<p>Sve \u0161to je potrebno je da izaberete neku od lutrija sa na\u0161e liste. Imamo neke od najpopularnijih iz celog sveta. Na taj na\u010din mo\u017eete da pogledate, vidite \u0161ta svaka od njih nudi i odlu\u010dite koja vas najvi\u0161e interesuje.<\/p>\n<p>Zatim odaberite brojeve ru\u010dno ili neka na\u0161 generator slu\u010dajnih brojeva to u\u010dini za vas (&#8222;Quick Pick&#8220; funkcija). \u010cak mo\u017eete kombinovati ova dva na\u010dina, odabrati nekoliko brojeva, a zatim nasumi\u010dno dodati bilo koje druge brojeve koje \u017eelite da upotpunite svoje tikete. Na taj na\u010din mo\u017eete dobiti neke od brojeva koje \u017eelite, a mo\u017eete i popuniti tiket ako ne znate sve brojeve koje \u017eelite.<\/p>\n<p>Dodajte jo\u0161 tiketa ako \u017eelite i kombinujte razli\u010dite lutrije. To \u0107e vam pomo\u0107i da pove\u0107ate svoje \u0161anse jer igrate nekoliko razli\u010ditih igara istovremeno. \u010cak mo\u017eete uraditi ono \u0161to je vrlo popularno me\u0111u na\u0161im klijentima, a to je igranje istih brojeva u vi\u0161e lutrija.<\/p>\n<p>Za neke ljude to je sjajan na\u010din da pove\u0107aju svoje \u0161anse jer ti brojevi moraju iza\u0107i u nekom trenutku, zar ne? Moraju postojati na\u010dini da se ti brojevi dovedu do pobede.<\/p>\n<p>Kada imate sve tikete koje \u017eelite, mo\u017eete koristiti bilo jednu od na\u0161ih sigurnih opcija pla\u0107anja da biste kupili svoje tikete. Imate mnogo razli\u010ditih opcija koje mo\u017eete odabrati, tako da mo\u017eete prona\u0107i ne\u0161to u \u0161ta se ose\u0107ate udobno da ulo\u017eite novac i povu\u010dete novac preko toga. Koristimo gotovo sve najpopularnije platforme.<\/p>\n<p>Ne zaboravite da odredite u koliko izvla\u010denja \u017eelite da u\u010destvujete. To je posebno va\u017eno jer trenutni d\u017eekpot mo\u017eda ne\u0107e biti osvojen u slede\u0107em izvla\u010denju. Ne biste \u017eeleli da propustite priliku da osvojite jo\u0161 ve\u0107i d\u017eekpot u narednom izvla\u010denju, zar ne?<img decoding=\"async\" class=\" wp-image alignright\" src=\"https:\/\/redfoxlotto.org\/wp-content\/uploads\/2023\/04\/misc_euro_bills.jpg\" alt=\"win Eurojackpot\" width=\"250&quot;\" height=\"125\" \/><\/p>\n<h2>\u0160ta se de\u0161ava nakon toga?<\/h2>\n<p>Pa, zapravo je vrlo jednostavno kada igrate Eurojackpot online. Imamo mre\u017eu agenata koji \u0107e kupiti Eurojackpot lutrijske tikete sa odabranim specifikacijama. U va\u0161em korisni\u010dkom nalogu na RedFoxLotto.com, vide\u0107ete potvrdu o va\u0161oj kupovini. Naravno, dobi\u0107ete i potvrdu putem e-po\u0161te. To zna\u010di da mo\u017eete biti sigurni da sve ide onako kako ste planirali i da su va\u0161i tiketi spremni i \u010dekaju izvla\u010denje igre.<\/p>\n<p>Ne\u0107ete morati brinuti ni o \u010demu od tada, jer \u0107emo vas tako\u0111e obave\u0161tavati o izvla\u010denjima, u slu\u010daju da zaboravite koji su dani.<\/p>\n<p>I dobi\u0107ete jo\u0161 jedno obave\u0161tenje putem e-po\u0161te ako je neki od va\u0161ih tiketa dobitan. Sve dobitke do iznosa od 2500 \u20ac \u0107emo odmah preneti na va\u0161 korisni\u010dki nalog. Mo\u017eete ih isplatiti putem bilo kojeg odabranog ra\u010duna ili mo\u017eete koristiti sredstva za kupovinu novih tiketa. To \u0107e vam olak\u0161ati dono\u0161enje sopstvenog izbora, zar ne? Za ve\u0107e dobitke, na\u0161a podr\u0161ka \u0107e vas kontaktirati i organizovati isplatu direktno vama.<\/p>\n<h2>Posebnosti igranja Eurojackpota<\/h2>\n<p>Sada, ako \u0107ete igrati Eurojackpot, trebate znati kako \u0107ete to u\u010diniti. Zaista je vrlo jednostavno. Na va\u0161em tiketu, trebate odabrati pet brojeva izme\u0111u 1 i 50, plus 2 broja izme\u0111u 1 i 12. D\u017eekpotovi po\u010dinju od minimuma od 10 miliona \u20ac. Postoji jedan aspekt u kojem se ova lutrija razlikuje od ve\u0107ine drugih. Kada d\u017eekpot dostigne 120 miliona \u20ac, on se ograni\u010dava.<\/p>\n<section class=\"layout\" style=\"border: solid 1px; width: 100%;\">\n<div class=\"img-div\" style=\"margin-top: 5px;\"><img decoding=\"async\" class=\"wp-image-17212 alignleft\" style=\"height: 45px; margin: 8px 8px 0px;\" src=\"https:\/\/redfoxlotto.com\/wp-content\/uploads\/sites\/9\/read1.jpg\" alt=\"kupite lutriju online\" width=\"\" height=\"\" \/><\/div>\n<div style=\"padding-left: 5px;\">\n<div style=\"font-size: 1.1em;\">\n<p><strong>Budite oprezni sa prevarama online lutrija<\/strong><\/p>\n<p style=\"font-size: 0.8em; margin-top: .5em;\">Kako prepoznati prevare online lutrija i koji im je cilj <a href=\"https:\/\/redfoxlotto.com\/sr\/mega-millions-tv-izvlacenje-kada-i-gdje\/\">Pro\u010ditajte vi\u0161e<\/a><\/p>\n<\/div>\n<\/div>\n<\/section>\n<p>To zna\u010di da svi novac koji bi obi\u010dno bio dodat d\u017eekpotu se dodaje drugom nivou nagrada. Da biste osvojili tu nagradu, trebate imati samo 5 plus 1 broj na svom tiketu. Va\u0161e \u0161anse da osvojite tu nagradu su o\u010digledno bolje za faktor od 12, u pore\u0111enju sa \u0161ansama da osvojite d\u017eekpot sa 5 plus 2 broja!<\/p>\n<p>To zna\u010di da, ako d\u017eekpot dostigne maksimalan iznos, zapravo imate drugu \u0161ansu da osvojite veliki d\u017eekpot. Drugi nivo je lak\u0161i za osvajanje i brojevi \u0107e po\u010deti rasti na toj nagradi. To \u0107e definitivno pove\u0107ati va\u0161e \u0161anse za taj ogroman dobitak, zar ne?<\/p>\n<p>A to zna\u010di da, iako \u0107e d\u017eekpot biti malo manji \u010dak i kada dostigne svoju granicu, i dalje \u0107ete \u017eeleti da kupite jedan od ovih tiketa jer \u0107ete imati odli\u010dnu \u0161ansu da stvarno postignete ne\u0161to dugoro\u010dno kada kupujete Eurojackpot online.<\/p>\n<p><strong>Zapo\u010dnite sada sa igranjem internacionalnih lutrija &#8211; kupite Eurojackpot tikete danas!<\/strong><\/p>\n","protected":false},"excerpt":{"rendered":"<p>Telo Kako u\u010destvovati u Eurojackpotu iz Srbije Mo\u017eda ste \u010duli za Eurojackpot Loto, bez obzira da li trenutno \u017eivite u jednoj od evropskih zemalja u kojima se igra ili ne. To je lutrija koja je zapo\u010dela 2012. godine sa 19 evropskih zemalja u\u010desnica. Ali, ako \u017eivite u Srbiji ili u bilo kojoj drugoj zemlji koja [&hellip;]<\/p>\n","protected":false},"author":1,"featured_media":0,"parent":7318,"menu_order":4,"comment_status":"closed","ping_status":"closed","template":"eurojackpot.php","meta":{"_et_pb_use_builder":"","_et_pb_old_content":"","_et_gb_content_width":"","exclude_from_search":false,"footnotes":""},"class_list":["post-7319","page","type-page","status-publish","hentry"],"yoast_head":"<!-- This site is optimized with the Yoast SEO plugin v23.8 - https:\/\/yoast.com\/wordpress\/plugins\/seo\/ -->\n<title>Igrajte Eurojackpot online | Kako stanovnici Srbije mogu dobiti Eurojackpot tikete<\/title>\n<meta name=\"description\" content=\"Dobijte pristup Eurojackpotu odmah - bez obzira iz koje zemlje dolazite, igrajte Eurojackpot i druge me\u0111unarodne lutrije online\" \/>\n<meta name=\"robots\" content=\"index, follow, max-snippet:-1, max-image-preview:large, max-video-preview:-1\" \/>\n<link rel=\"canonical\" href=\"https:\/\/redfoxlotto.com\/sr\/igrati\/eurojackpot\/\" \/>\n<meta property=\"og:locale\" content=\"sr_RS\" \/>\n<meta property=\"og:type\" content=\"article\" \/>\n<meta property=\"og:title\" content=\"Igrajte Eurojackpot online | Kako stanovnici Srbije mogu dobiti Eurojackpot tikete\" \/>\n<meta property=\"og:description\" content=\"Dobijte pristup Eurojackpotu odmah - bez obzira iz koje zemlje dolazite, igrajte Eurojackpot i druge me\u0111unarodne lutrije online\" \/>\n<meta property=\"og:url\" content=\"https:\/\/redfoxlotto.com\/sr\/igrati\/eurojackpot\/\" \/>\n<meta property=\"og:site_name\" content=\"Get Tickets for the World\u2019s largest jackpots\" \/>\n<meta property=\"article:modified_time\" content=\"2025-12-16T14:39:58+00:00\" \/>\n<meta property=\"og:image\" content=\"https:\/\/redfoxlotto.org\/wp-content\/uploads\/2023\/04\/lotto-online-495x329-1-282x300-1.jpg\" \/>\n<meta name=\"twitter:card\" content=\"summary_large_image\" \/>\n<meta name=\"twitter:label1\" content=\"\u041f\u0440\u043e\u0446\u0435\u045a\u0435\u043d\u043e \u0432\u0440\u0435\u043c\u0435 \u0447\u0438\u0442\u0430\u045a\u0430\" \/>\n\t<meta name=\"twitter:data1\" content=\"5 \u043c\u0438\u043d\u0443\u0442\u0430\" \/>\n<script type=\"application\/ld+json\" class=\"yoast-schema-graph\">{\"@context\":\"https:\/\/schema.org\",\"@graph\":[{\"@type\":\"WebPage\",\"@id\":\"https:\/\/redfoxlotto.com\/sr\/igrati\/eurojackpot\/\",\"url\":\"https:\/\/redfoxlotto.com\/sr\/igrati\/eurojackpot\/\",\"name\":\"Igrajte Eurojackpot online | Kako stanovnici Srbije mogu dobiti Eurojackpot tikete\",\"isPartOf\":{\"@id\":\"https:\/\/redfoxlotto.com\/sr\/#website\"},\"primaryImageOfPage\":{\"@id\":\"https:\/\/redfoxlotto.com\/sr\/igrati\/eurojackpot\/#primaryimage\"},\"image\":{\"@id\":\"https:\/\/redfoxlotto.com\/sr\/igrati\/eurojackpot\/#primaryimage\"},\"thumbnailUrl\":\"https:\/\/redfoxlotto.org\/wp-content\/uploads\/2023\/04\/lotto-online-495x329-1-282x300-1.jpg\",\"datePublished\":\"2023-04-24T17:44:36+00:00\",\"dateModified\":\"2025-12-16T14:39:58+00:00\",\"description\":\"Dobijte pristup Eurojackpotu odmah - bez obzira iz koje zemlje dolazite, igrajte Eurojackpot i druge me\u0111unarodne lutrije online\",\"breadcrumb\":{\"@id\":\"https:\/\/redfoxlotto.com\/sr\/igrati\/eurojackpot\/#breadcrumb\"},\"inLanguage\":\"sr-RS\",\"potentialAction\":[{\"@type\":\"ReadAction\",\"target\":[\"https:\/\/redfoxlotto.com\/sr\/igrati\/eurojackpot\/\"]}]},{\"@type\":\"ImageObject\",\"inLanguage\":\"sr-RS\",\"@id\":\"https:\/\/redfoxlotto.com\/sr\/igrati\/eurojackpot\/#primaryimage\",\"url\":\"https:\/\/redfoxlotto.org\/wp-content\/uploads\/2023\/04\/lotto-online-495x329-1-282x300-1.jpg\",\"contentUrl\":\"https:\/\/redfoxlotto.org\/wp-content\/uploads\/2023\/04\/lotto-online-495x329-1-282x300-1.jpg\"},{\"@type\":\"BreadcrumbList\",\"@id\":\"https:\/\/redfoxlotto.com\/sr\/igrati\/eurojackpot\/#breadcrumb\",\"itemListElement\":[{\"@type\":\"ListItem\",\"position\":1,\"name\":\"Home\",\"item\":\"https:\/\/redfoxlotto.com\/sr\/\"},{\"@type\":\"ListItem\",\"position\":2,\"name\":\"Kako u\u010destvovati u lutrijama drugih zemalja\",\"item\":\"https:\/\/redfoxlotto.com\/sr\/igrati\/\"},{\"@type\":\"ListItem\",\"position\":3,\"name\":\"Naslov Igraj Eurojackpot\"}]},{\"@type\":\"WebSite\",\"@id\":\"https:\/\/redfoxlotto.com\/sr\/#website\",\"url\":\"https:\/\/redfoxlotto.com\/sr\/\",\"name\":\"Get Tickets for the World\u2019s largest jackpots\",\"description\":\"Participate in worldwide lottery jackpots from any country\",\"publisher\":{\"@id\":\"https:\/\/redfoxlotto.com\/sr\/#organization\"},\"potentialAction\":[{\"@type\":\"SearchAction\",\"target\":{\"@type\":\"EntryPoint\",\"urlTemplate\":\"https:\/\/redfoxlotto.com\/sr\/?s={search_term_string}\"},\"query-input\":{\"@type\":\"PropertyValueSpecification\",\"valueRequired\":true,\"valueName\":\"search_term_string\"}}],\"inLanguage\":\"sr-RS\"},{\"@type\":\"Organization\",\"@id\":\"https:\/\/redfoxlotto.com\/sr\/#organization\",\"name\":\"Get Tickets for the World\u2019s largest jackpots\",\"url\":\"https:\/\/redfoxlotto.com\/sr\/\",\"logo\":{\"@type\":\"ImageObject\",\"inLanguage\":\"sr-RS\",\"@id\":\"https:\/\/redfoxlotto.com\/sr\/#\/schema\/logo\/image\/\",\"url\":\"https:\/\/redfoxlotto.com\/wp-content\/uploads\/2023\/04\/logo.png\",\"contentUrl\":\"https:\/\/redfoxlotto.com\/wp-content\/uploads\/2023\/04\/logo.png\",\"width\":269,\"height\":53,\"caption\":\"Get Tickets for the World\u2019s largest jackpots\"},\"image\":{\"@id\":\"https:\/\/redfoxlotto.com\/sr\/#\/schema\/logo\/image\/\"}}]}<\/script>\n<!-- \/ Yoast SEO plugin. -->","yoast_head_json":{"title":"Igrajte Eurojackpot online | Kako stanovnici Srbije mogu dobiti Eurojackpot tikete","description":"Dobijte pristup Eurojackpotu odmah - bez obzira iz koje zemlje dolazite, igrajte Eurojackpot i druge me\u0111unarodne lutrije online","robots":{"index":"index","follow":"follow","max-snippet":"max-snippet:-1","max-image-preview":"max-image-preview:large","max-video-preview":"max-video-preview:-1"},"canonical":"https:\/\/redfoxlotto.com\/sr\/igrati\/eurojackpot\/","og_locale":"sr_RS","og_type":"article","og_title":"Igrajte Eurojackpot online | Kako stanovnici Srbije mogu dobiti Eurojackpot tikete","og_description":"Dobijte pristup Eurojackpotu odmah - bez obzira iz koje zemlje dolazite, igrajte Eurojackpot i druge me\u0111unarodne lutrije online","og_url":"https:\/\/redfoxlotto.com\/sr\/igrati\/eurojackpot\/","og_site_name":"Get Tickets for the World\u2019s largest jackpots","article_modified_time":"2025-12-16T14:39:58+00:00","og_image":[{"url":"https:\/\/redfoxlotto.org\/wp-content\/uploads\/2023\/04\/lotto-online-495x329-1-282x300-1.jpg"}],"twitter_card":"summary_large_image","twitter_misc":{"\u041f\u0440\u043e\u0446\u0435\u045a\u0435\u043d\u043e \u0432\u0440\u0435\u043c\u0435 \u0447\u0438\u0442\u0430\u045a\u0430":"5 \u043c\u0438\u043d\u0443\u0442\u0430"},"schema":{"@context":"https:\/\/schema.org","@graph":[{"@type":"WebPage","@id":"https:\/\/redfoxlotto.com\/sr\/igrati\/eurojackpot\/","url":"https:\/\/redfoxlotto.com\/sr\/igrati\/eurojackpot\/","name":"Igrajte Eurojackpot online | Kako stanovnici Srbije mogu dobiti Eurojackpot tikete","isPartOf":{"@id":"https:\/\/redfoxlotto.com\/sr\/#website"},"primaryImageOfPage":{"@id":"https:\/\/redfoxlotto.com\/sr\/igrati\/eurojackpot\/#primaryimage"},"image":{"@id":"https:\/\/redfoxlotto.com\/sr\/igrati\/eurojackpot\/#primaryimage"},"thumbnailUrl":"https:\/\/redfoxlotto.org\/wp-content\/uploads\/2023\/04\/lotto-online-495x329-1-282x300-1.jpg","datePublished":"2023-04-24T17:44:36+00:00","dateModified":"2025-12-16T14:39:58+00:00","description":"Dobijte pristup Eurojackpotu odmah - bez obzira iz koje zemlje dolazite, igrajte Eurojackpot i druge me\u0111unarodne lutrije online","breadcrumb":{"@id":"https:\/\/redfoxlotto.com\/sr\/igrati\/eurojackpot\/#breadcrumb"},"inLanguage":"sr-RS","potentialAction":[{"@type":"ReadAction","target":["https:\/\/redfoxlotto.com\/sr\/igrati\/eurojackpot\/"]}]},{"@type":"ImageObject","inLanguage":"sr-RS","@id":"https:\/\/redfoxlotto.com\/sr\/igrati\/eurojackpot\/#primaryimage","url":"https:\/\/redfoxlotto.org\/wp-content\/uploads\/2023\/04\/lotto-online-495x329-1-282x300-1.jpg","contentUrl":"https:\/\/redfoxlotto.org\/wp-content\/uploads\/2023\/04\/lotto-online-495x329-1-282x300-1.jpg"},{"@type":"BreadcrumbList","@id":"https:\/\/redfoxlotto.com\/sr\/igrati\/eurojackpot\/#breadcrumb","itemListElement":[{"@type":"ListItem","position":1,"name":"Home","item":"https:\/\/redfoxlotto.com\/sr\/"},{"@type":"ListItem","position":2,"name":"Kako u\u010destvovati u lutrijama drugih zemalja","item":"https:\/\/redfoxlotto.com\/sr\/igrati\/"},{"@type":"ListItem","position":3,"name":"Naslov Igraj Eurojackpot"}]},{"@type":"WebSite","@id":"https:\/\/redfoxlotto.com\/sr\/#website","url":"https:\/\/redfoxlotto.com\/sr\/","name":"Get Tickets for the World\u2019s largest jackpots","description":"Participate in worldwide lottery jackpots from any country","publisher":{"@id":"https:\/\/redfoxlotto.com\/sr\/#organization"},"potentialAction":[{"@type":"SearchAction","target":{"@type":"EntryPoint","urlTemplate":"https:\/\/redfoxlotto.com\/sr\/?s={search_term_string}"},"query-input":{"@type":"PropertyValueSpecification","valueRequired":true,"valueName":"search_term_string"}}],"inLanguage":"sr-RS"},{"@type":"Organization","@id":"https:\/\/redfoxlotto.com\/sr\/#organization","name":"Get Tickets for the World\u2019s largest jackpots","url":"https:\/\/redfoxlotto.com\/sr\/","logo":{"@type":"ImageObject","inLanguage":"sr-RS","@id":"https:\/\/redfoxlotto.com\/sr\/#\/schema\/logo\/image\/","url":"https:\/\/redfoxlotto.com\/wp-content\/uploads\/2023\/04\/logo.png","contentUrl":"https:\/\/redfoxlotto.com\/wp-content\/uploads\/2023\/04\/logo.png","width":269,"height":53,"caption":"Get Tickets for the World\u2019s largest jackpots"},"image":{"@id":"https:\/\/redfoxlotto.com\/sr\/#\/schema\/logo\/image\/"}}]}},"_links":{"self":[{"href":"https:\/\/redfoxlotto.com\/sr\/wp-json\/wp\/v2\/pages\/7319","targetHints":{"allow":["GET"]}}],"collection":[{"href":"https:\/\/redfoxlotto.com\/sr\/wp-json\/wp\/v2\/pages"}],"about":[{"href":"https:\/\/redfoxlotto.com\/sr\/wp-json\/wp\/v2\/types\/page"}],"author":[{"embeddable":true,"href":"https:\/\/redfoxlotto.com\/sr\/wp-json\/wp\/v2\/users\/1"}],"replies":[{"embeddable":true,"href":"https:\/\/redfoxlotto.com\/sr\/wp-json\/wp\/v2\/comments?post=7319"}],"version-history":[{"count":0,"href":"https:\/\/redfoxlotto.com\/sr\/wp-json\/wp\/v2\/pages\/7319\/revisions"}],"up":[{"embeddable":true,"href":"https:\/\/redfoxlotto.com\/sr\/wp-json\/wp\/v2\/pages\/7318"}],"wp:attachment":[{"href":"https:\/\/redfoxlotto.com\/sr\/wp-json\/wp\/v2\/media?parent=7319"}],"curies":[{"name":"wp","href":"https:\/\/api.w.org\/{rel}","templated":true}]}}