{"id":7318,"date":"2023-04-24T14:10:57","date_gmt":"2023-04-24T14:10:57","guid":{"rendered":"https:\/\/redfoxlotto.com\/?page_id=3731"},"modified":"2025-12-15T19:48:04","modified_gmt":"2025-12-15T19:48:04","slug":"igrati","status":"publish","type":"page","link":"https:\/\/redfoxlotto.com\/sr\/igrati\/","title":{"rendered":"Kako u\u010destvovati u lutrijama drugih zemalja"},"content":{"rendered":"<p><script type=\"application\/ld+json\">\n{\n  \"@context\": \"https:\/\/schema.org\",\n  \"@type\": \"Service\",\n  \"name\": \"Igrajte me\u0111unarodne lutrije online\",\n  \"url\": \"https:\/\/redfoxlotto.com\/sr\/igrati\/\",\n  \"description\": \"Igrajte lutriju online i osvojite me\u0111unarodne loto d\u017eekpotove.\",\n  \"serviceType\": \"Online usluga posredovanja loto listi\u0107a\",\n  \"provider\": {\n    \"@type\": \"Organization\",\n    \"name\": \"RedFoxLotto\",\n    \"url\": \"https:\/\/redfoxlotto.com\/sr\/igrati\/\",\n    \"image\": \"https:\/\/redfoxlotto.com\/wp-content\/uploads\/2025\/12\/ticket_scans.jpg\"\n  },\n  \"areaServed\": \"\u0160irom sveta\",\n  \"termsOfService\": \"https:\/\/redfoxlotto.com\/terms-and-conditions\",\n  \"additionalProperty\": {\n    \"@type\": \"PropertyValue\",\n    \"name\": \"\u010cesta pitanja\",\n    \"value\": \"https:\/\/redfoxlotto.com\/sr\/faq\/\"\n  },\n  \"hasOfferCatalog\": {\n    \"@type\": \"OfferCatalog\",\n    \"name\": \"Me\u0111unarodni loto listi\u0107i\",\n    \"itemListElement\": [\n      {\n        \"@type\": \"Offer\",\n        \"name\": \"Me\u0111unarodni loto listi\u0107i\",\n        \"url\": \"https:\/\/redfoxlotto.com\/sr\/igrati\/\",\n        \"description\": \"Igrajte me\u0111unarodne lutrije online. D\u017eekpotovi poput Powerballa, Mega Millionsa i Euromillionsa \u2014 igrajte odakle god \u017eelite.\",\n        \"availability\": \"https:\/\/schema.org\/InStock\",\n        \"itemOffered\": {\n          \"@type\": \"Service\",\n          \"name\": \"Me\u0111unarodni loto listi\u0107i\",\n          \"description\": \"Igranje me\u0111unarodnih lutrija online pru\u017ea vi\u0161e izbora i bolje \u0161anse za dobitak.\"\n        }\n      }\n    ]\n  },\n  \"mainEntityOfPage\": {\n    \"@type\": \"WebPage\",\n    \"@id\": \"https:\/\/redfoxlotto.com\/sr\/igrati\/\"\n  }\n}\n<\/script><\/p>\n<h2>Vi\u0161e lutrija i d\u017eekpotova za svakoga!<\/h2>\n<p>Odli\u010dne vesti za sve fanove lota \u0161irom sveta! Vi\u0161e niste ograni\u010deni na svoju nacionalnu lutriju! Se\u0107ate li se kada je lutrija prvi put po\u010dela da dobija na popularnosti? Stvarno nije bilo davno kada su svi po\u010deli da igraju svoje lokalne i nacionalne lutrije. Ali to je bilo jedino \u0161to je bilo mogu\u0107e. Sve \u0161to ste mogli da igrate bila je va\u0161a nacionalna lutrija.<\/p>\n<p>Ranije vam je bio uskra\u0107en pristup me\u0111unarodnim lutrijama. Niste mogli da kupite tikete za ove loto d\u017eekpote u svojoj zemlji. Ali Internet je re\u0161io taj problem. Na <a href=\"https:\/\/redfoxlotto.com\/sr\/\">RedFoxLotto.com<\/a> sada mo\u017eete igrati vi\u0161e me\u0111unarodnih lutrija onlajn. Ali kako se igra loto onlajn?<\/p>\n<h2>Kupovina loto tiketa<\/h2>\n<p>RedFoxLotto.com je va\u0161a kurirska slu\u017eba za loto tikete bez obzira odakle \u017eelite da ih nabavite. Imamo agente u mnogim zemljama u kojima se odr\u017eavaju lutrije sa velikim premijama i oni vode ra\u010duna o kupovini svakog tiketa za vas.<\/p>\n<p>Odatle, vi, kupac, mo\u017eete da naru\u010dite svoje tikete kod nas onlajn. Dovoljno je da odete na na\u0161 veb-sajt i tamo \u0107ete na\u0107i sve \u0161to vam je potrebno da biste u\u010destvovali u tim me\u0111unarodnim lutrijama.<\/p>\n<p>Naravno, sami mo\u017eete izabrati brojeve. Tako\u0111e, vi odre\u0111ujete koliko kombinacija brojeva \u017eelite da igrate i koliko \u0107e izvla\u010denja va\u0161 tiket da va\u017ei. Pla\u0107anje se vr\u0161i putem interneta, na primer, kreditnom karticom. Dakle, ako \u017eelite da sve brojeve odaberete sami, samo kliknite na polja kako biste ih odabrali. Ako \u017eelite da mi izaberemo brojeve, idite na opciju opciju \u201eBrzo biranje\u201c, a mi \u0107emo vam dati nasumi\u010dne brojeve.<\/p>\n<h2>Koje igre izabrati?<\/h2>\n<p>Naravno da istovremeno mo\u017eete u\u010destvovati u vi\u0161e <strong>me\u0111unarodnih lutrija ako igrate lutriju onlajn.<\/strong> Dakle, ako pregledate opcije koje imamo na raspolaganju i prona\u0111ete nekoliko koje vas zanimaju, to je sjajno. Preporu\u010dujemo da odaberete najve\u0107i d\u017eekpot u datom trenutku ili dva najve\u0107a, ili \u010dak i vi\u0161e.<\/p>\n<p>Na primer, \u010desto se desi da i <a href=\"https:\/\/redfoxlotto.com\/sr\/lutrija\/powerball\/\">Powerball<\/a> US i <a href=\"https:\/\/redfoxlotto.com\/sr\/lutrija\/mega-millions\/\">Mega Millions<\/a> US imaju ogromne d\u017eekpotove u isto vreme. Oni redovno dosti\u017eu $500 miliona u SAD. Bilo je \u010dak i d\u017eekpotova od 1.5 milijardi u pro\u0161losti.<\/p>\n<p><strong>U stvari, ove dve lutrije su me\u0111u najve\u0107ima na svetu<\/strong>. Pa, za\u0161to ih ne biste isprobali da vidite koliko ste sre\u0107ni i da li mo\u017eete da osvojite veliki d\u017eekpot? Jo\u0161 ne\u0161to \u0161to treba uzeti u obzir: vrlo popularna opcija je igranje istih brojeva na vi\u0161e lutrija iste nedelje.<\/p>\n<p>Ako ne dobijete na jednoj lutriji, mo\u017eda \u0107e va\u0161i brojevi imati sre\u0107e na drugoj? Ovo je pametan na\u010din da pove\u0107ate kvote za pobedu svojih <a href=\"https:\/\/redfoxlotto.com\/sr\/rezultati\/\">omiljenih brojeva<\/a>. Ova metoda \u010dini igranje lota jo\u0161 uzbudljivijim!<\/p>\n<h2>Za\u0161to igrati loto drugih zemalja?<\/h2>\n<p><img loading=\"lazy\" decoding=\"async\" class=\"size-full wp-image alignright\" src=\"https:\/\/content.redfoxlotto.com\/uploads\/sites\/9\/1_playing_lottery_online.jpg\" alt=\"igrajte i osvojite onlajn\" width=\"212\" height=\"142\"><br \/>\nSvako ko igra me\u0111unarodni loto koristi svoj novac na pametniji na\u010din. Neki igra\u010di lutrije kupuju tikete za nacionalnu lutriju nedelju za nedeljom, bez obzira koliko je mali d\u017eekpot. Matematika i logika govore vam da je bolje kupiti tiket za lutriju sa d\u017eekpotom od 200 miliona nego za onu sa nagradom od dva miliona. Ovo stoji \u010dak i kad je cena onlajn tiketa ve\u0107a od cene tiketa za lokalnu lutriju.<\/p>\n<p>Ima\u0107ete sli\u010dne \u0161anse za dobitak, ali ako zaista osvojite ne\u0161to, bi\u0107e to mnogo vi\u0161e. Imajte na umu i kurs koji \u0107ete imati kada igrate me\u0111unarodnu lutriju. \u017delite ne\u0161to \u0161to \u0107e se zapravo pretvoriti u veliki iznos u va\u0161oj valuti jer kad povu\u010dete dobitak, povu\u0107i \u0107ete ga u svojoj valuti.<\/p>\n<p>Sada moramo da razjasnimo kakvi \u0107e biti na\u0161i standardi i kako \u0107emo izra\u010dunati cenu va\u0161ih tiketa. Naravno, za na\u0161u uslugu moramo da naplatimo vi\u0161u cenu jer imamo tro\u0161kove. I mi \u017eelimo da zaradimo ne\u0161to novca. Pretpostavimo da je <a href=\"https:\/\/redfoxlotto.com\/sr\/lutrija\/\">tiket za lutriju onlajn<\/a> od 4,50 do 5,00 \u20ac dok je d\u017eekpot 200 miliona. Za nacionalni loto pla\u0107ate 2,00 eura, a iznos d\u017eekpota je 10 miliona. \u0160ta je bolje i \u0161ta ima vi\u0161e smisla? Odgovor na ovo pitanje je verovatno o\u010digledan. Igranje lota na me\u0111unarodnom nivou i u\u010destvovanje u trci za ve\u0107e d\u017eekpotove jedino ima smisla!<\/p>\n<h2>Kako se vr\u0161i isplata<\/h2>\n<p>RedFoxLotto.com se isto tako brine o<a href=\"https:\/\/redfoxlotto.com\/sr\/rezultati\/\"> tome da naplatite dobitak<\/a>. Usput, proviziju ne\u0107emo napla\u0107ivati, osim male naknade napla\u0107ene u slu\u010daju bankovnog transfera. To zna\u010di da ne morate brinuti da \u0107emo uzeti deo novca koji ste osvojili.<\/p>\n<p>Jednom kada platite tiket, sve \u0161to osvojite je va\u0161e. Jedini slu\u010daj kada \u0107emo uzeti jedan mali deo je ako odlu\u010dite da novac prebacite u svoju banku. Tada vam napla\u0107ujemo malu pau\u0161alnu naknadu za tro\u0161kove bankovnog transfera. Ostatak novca ide direktno vama.<img loading=\"lazy\" decoding=\"async\" class=\"size-full wp-image alignright\" src=\"https:\/\/content.redfoxlotto.com\/uploads\/sites\/9\/1_mega_lotto_jackpot.jpg\" alt=\"isplata onlajn lutrije\" width=\"162\" height=\"186\"><\/p>\n<p>Mnogi na\u0161i klijenti su ve\u0107 osvojili nagrade preko nas. Nekima od njih se \u017eivot umnogome promenio nabolje zbog novca koji su dobili! Znamo da \u0107ete imati dobre \u0161anse da osvojite veliku nagradu ili barem dobitak koji ne biste mogli da osvojite ako biste samo igrali nacionalnu lutriju.<\/p>\n<p><strong>Ovo su razlozi za\u0161to je sve popularnije igrati lutriju onlajn.<\/strong> A sada je red da razbijete jedan od mega-d\u017eekpota &#8211; \u0161ta \u010dekate? <strong>Mogli biste postati veliki pobednik za \u010das, a to je tek po\u010detak.<\/strong><\/p>\n","protected":false},"excerpt":{"rendered":"<p>Vi\u0161e lutrija i d\u017eekpotova za svakoga! Odli\u010dne vesti za sve fanove lota \u0161irom sveta! Vi\u0161e niste ograni\u010deni na svoju nacionalnu lutriju! Se\u0107ate li se kada je lutrija prvi put po\u010dela da dobija na popularnosti? Stvarno nije bilo davno kada su svi po\u010deli da igraju svoje lokalne i nacionalne lutrije. Ali to je bilo jedino \u0161to [&hellip;]<\/p>\n","protected":false},"author":1,"featured_media":0,"parent":0,"menu_order":2,"comment_status":"closed","ping_status":"closed","template":"Play-all.php","meta":{"_et_pb_use_builder":"","_et_pb_old_content":"","_et_gb_content_width":"","exclude_from_search":false,"footnotes":""},"class_list":["post-7318","page","type-page","status-publish","hentry"],"yoast_head":"<!-- This site is optimized with the Yoast SEO plugin v23.8 - https:\/\/yoast.com\/wordpress\/plugins\/seo\/ -->\n<title>Igrajte loto onlajn<\/title>\n<meta name=\"description\" content=\"U\u010destvovanje u me\u0111unarodnim lutrijama onlajn pru\u017ea vam vi\u0161e opcija i ve\u0107e \u0161anse \u2013 proverite za\u0161to!\" \/>\n<meta name=\"robots\" content=\"index, follow, max-snippet:-1, max-image-preview:large, max-video-preview:-1\" \/>\n<link rel=\"canonical\" href=\"https:\/\/redfoxlotto.com\/sr\/igrati\/\" \/>\n<meta property=\"og:locale\" content=\"sr_RS\" \/>\n<meta property=\"og:type\" content=\"article\" \/>\n<meta property=\"og:title\" content=\"Igrajte loto onlajn\" \/>\n<meta property=\"og:description\" content=\"U\u010destvovanje u me\u0111unarodnim lutrijama onlajn pru\u017ea vam vi\u0161e opcija i ve\u0107e \u0161anse \u2013 proverite za\u0161to!\" \/>\n<meta property=\"og:url\" content=\"https:\/\/redfoxlotto.com\/sr\/igrati\/\" \/>\n<meta property=\"og:site_name\" content=\"Get Tickets for the World\u2019s largest jackpots\" \/>\n<meta property=\"article:modified_time\" content=\"2025-12-15T19:48:04+00:00\" \/>\n<meta property=\"og:image\" content=\"https:\/\/content.redfoxlotto.com\/uploads\/sites\/9\/1_playing_lottery_online.jpg\" \/>\n<meta name=\"twitter:card\" content=\"summary_large_image\" \/>\n<meta name=\"twitter:label1\" content=\"\u041f\u0440\u043e\u0446\u0435\u045a\u0435\u043d\u043e \u0432\u0440\u0435\u043c\u0435 \u0447\u0438\u0442\u0430\u045a\u0430\" \/>\n\t<meta name=\"twitter:data1\" content=\"4 \u043c\u0438\u043d\u0443\u0442\u0430\" \/>\n<script type=\"application\/ld+json\" class=\"yoast-schema-graph\">{\"@context\":\"https:\/\/schema.org\",\"@graph\":[{\"@type\":\"WebPage\",\"@id\":\"https:\/\/redfoxlotto.com\/sr\/igrati\/\",\"url\":\"https:\/\/redfoxlotto.com\/sr\/igrati\/\",\"name\":\"Igrajte loto onlajn\",\"isPartOf\":{\"@id\":\"https:\/\/redfoxlotto.com\/sr\/#website\"},\"primaryImageOfPage\":{\"@id\":\"https:\/\/redfoxlotto.com\/sr\/igrati\/#primaryimage\"},\"image\":{\"@id\":\"https:\/\/redfoxlotto.com\/sr\/igrati\/#primaryimage\"},\"thumbnailUrl\":\"https:\/\/content.redfoxlotto.com\/uploads\/sites\/9\/1_playing_lottery_online.jpg\",\"datePublished\":\"2023-04-24T14:10:57+00:00\",\"dateModified\":\"2025-12-15T19:48:04+00:00\",\"description\":\"U\u010destvovanje u me\u0111unarodnim lutrijama onlajn pru\u017ea vam vi\u0161e opcija i ve\u0107e \u0161anse \u2013 proverite za\u0161to!\",\"breadcrumb\":{\"@id\":\"https:\/\/redfoxlotto.com\/sr\/igrati\/#breadcrumb\"},\"inLanguage\":\"sr-RS\",\"potentialAction\":[{\"@type\":\"ReadAction\",\"target\":[\"https:\/\/redfoxlotto.com\/sr\/igrati\/\"]}]},{\"@type\":\"ImageObject\",\"inLanguage\":\"sr-RS\",\"@id\":\"https:\/\/redfoxlotto.com\/sr\/igrati\/#primaryimage\",\"url\":\"https:\/\/content.redfoxlotto.com\/uploads\/sites\/9\/1_playing_lottery_online.jpg\",\"contentUrl\":\"https:\/\/content.redfoxlotto.com\/uploads\/sites\/9\/1_playing_lottery_online.jpg\"},{\"@type\":\"BreadcrumbList\",\"@id\":\"https:\/\/redfoxlotto.com\/sr\/igrati\/#breadcrumb\",\"itemListElement\":[{\"@type\":\"ListItem\",\"position\":1,\"name\":\"Home\",\"item\":\"https:\/\/redfoxlotto.com\/sr\/\"},{\"@type\":\"ListItem\",\"position\":2,\"name\":\"Kako u\u010destvovati u lutrijama drugih zemalja\"}]},{\"@type\":\"WebSite\",\"@id\":\"https:\/\/redfoxlotto.com\/sr\/#website\",\"url\":\"https:\/\/redfoxlotto.com\/sr\/\",\"name\":\"Get Tickets for the World\u2019s largest jackpots\",\"description\":\"Participate in worldwide lottery jackpots from any country\",\"publisher\":{\"@id\":\"https:\/\/redfoxlotto.com\/sr\/#organization\"},\"potentialAction\":[{\"@type\":\"SearchAction\",\"target\":{\"@type\":\"EntryPoint\",\"urlTemplate\":\"https:\/\/redfoxlotto.com\/sr\/?s={search_term_string}\"},\"query-input\":{\"@type\":\"PropertyValueSpecification\",\"valueRequired\":true,\"valueName\":\"search_term_string\"}}],\"inLanguage\":\"sr-RS\"},{\"@type\":\"Organization\",\"@id\":\"https:\/\/redfoxlotto.com\/sr\/#organization\",\"name\":\"Get Tickets for the World\u2019s largest jackpots\",\"url\":\"https:\/\/redfoxlotto.com\/sr\/\",\"logo\":{\"@type\":\"ImageObject\",\"inLanguage\":\"sr-RS\",\"@id\":\"https:\/\/redfoxlotto.com\/sr\/#\/schema\/logo\/image\/\",\"url\":\"https:\/\/redfoxlotto.com\/wp-content\/uploads\/2023\/04\/logo.png\",\"contentUrl\":\"https:\/\/redfoxlotto.com\/wp-content\/uploads\/2023\/04\/logo.png\",\"width\":269,\"height\":53,\"caption\":\"Get Tickets for the World\u2019s largest jackpots\"},\"image\":{\"@id\":\"https:\/\/redfoxlotto.com\/sr\/#\/schema\/logo\/image\/\"}}]}<\/script>\n<!-- \/ Yoast SEO plugin. -->","yoast_head_json":{"title":"Igrajte loto onlajn","description":"U\u010destvovanje u me\u0111unarodnim lutrijama onlajn pru\u017ea vam vi\u0161e opcija i ve\u0107e \u0161anse \u2013 proverite za\u0161to!","robots":{"index":"index","follow":"follow","max-snippet":"max-snippet:-1","max-image-preview":"max-image-preview:large","max-video-preview":"max-video-preview:-1"},"canonical":"https:\/\/redfoxlotto.com\/sr\/igrati\/","og_locale":"sr_RS","og_type":"article","og_title":"Igrajte loto onlajn","og_description":"U\u010destvovanje u me\u0111unarodnim lutrijama onlajn pru\u017ea vam vi\u0161e opcija i ve\u0107e \u0161anse \u2013 proverite za\u0161to!","og_url":"https:\/\/redfoxlotto.com\/sr\/igrati\/","og_site_name":"Get Tickets for the World\u2019s largest jackpots","article_modified_time":"2025-12-15T19:48:04+00:00","og_image":[{"url":"https:\/\/content.redfoxlotto.com\/uploads\/sites\/9\/1_playing_lottery_online.jpg"}],"twitter_card":"summary_large_image","twitter_misc":{"\u041f\u0440\u043e\u0446\u0435\u045a\u0435\u043d\u043e \u0432\u0440\u0435\u043c\u0435 \u0447\u0438\u0442\u0430\u045a\u0430":"4 \u043c\u0438\u043d\u0443\u0442\u0430"},"schema":{"@context":"https:\/\/schema.org","@graph":[{"@type":"WebPage","@id":"https:\/\/redfoxlotto.com\/sr\/igrati\/","url":"https:\/\/redfoxlotto.com\/sr\/igrati\/","name":"Igrajte loto onlajn","isPartOf":{"@id":"https:\/\/redfoxlotto.com\/sr\/#website"},"primaryImageOfPage":{"@id":"https:\/\/redfoxlotto.com\/sr\/igrati\/#primaryimage"},"image":{"@id":"https:\/\/redfoxlotto.com\/sr\/igrati\/#primaryimage"},"thumbnailUrl":"https:\/\/content.redfoxlotto.com\/uploads\/sites\/9\/1_playing_lottery_online.jpg","datePublished":"2023-04-24T14:10:57+00:00","dateModified":"2025-12-15T19:48:04+00:00","description":"U\u010destvovanje u me\u0111unarodnim lutrijama onlajn pru\u017ea vam vi\u0161e opcija i ve\u0107e \u0161anse \u2013 proverite za\u0161to!","breadcrumb":{"@id":"https:\/\/redfoxlotto.com\/sr\/igrati\/#breadcrumb"},"inLanguage":"sr-RS","potentialAction":[{"@type":"ReadAction","target":["https:\/\/redfoxlotto.com\/sr\/igrati\/"]}]},{"@type":"ImageObject","inLanguage":"sr-RS","@id":"https:\/\/redfoxlotto.com\/sr\/igrati\/#primaryimage","url":"https:\/\/content.redfoxlotto.com\/uploads\/sites\/9\/1_playing_lottery_online.jpg","contentUrl":"https:\/\/content.redfoxlotto.com\/uploads\/sites\/9\/1_playing_lottery_online.jpg"},{"@type":"BreadcrumbList","@id":"https:\/\/redfoxlotto.com\/sr\/igrati\/#breadcrumb","itemListElement":[{"@type":"ListItem","position":1,"name":"Home","item":"https:\/\/redfoxlotto.com\/sr\/"},{"@type":"ListItem","position":2,"name":"Kako u\u010destvovati u lutrijama drugih zemalja"}]},{"@type":"WebSite","@id":"https:\/\/redfoxlotto.com\/sr\/#website","url":"https:\/\/redfoxlotto.com\/sr\/","name":"Get Tickets for the World\u2019s largest jackpots","description":"Participate in worldwide lottery jackpots from any country","publisher":{"@id":"https:\/\/redfoxlotto.com\/sr\/#organization"},"potentialAction":[{"@type":"SearchAction","target":{"@type":"EntryPoint","urlTemplate":"https:\/\/redfoxlotto.com\/sr\/?s={search_term_string}"},"query-input":{"@type":"PropertyValueSpecification","valueRequired":true,"valueName":"search_term_string"}}],"inLanguage":"sr-RS"},{"@type":"Organization","@id":"https:\/\/redfoxlotto.com\/sr\/#organization","name":"Get Tickets for the World\u2019s largest jackpots","url":"https:\/\/redfoxlotto.com\/sr\/","logo":{"@type":"ImageObject","inLanguage":"sr-RS","@id":"https:\/\/redfoxlotto.com\/sr\/#\/schema\/logo\/image\/","url":"https:\/\/redfoxlotto.com\/wp-content\/uploads\/2023\/04\/logo.png","contentUrl":"https:\/\/redfoxlotto.com\/wp-content\/uploads\/2023\/04\/logo.png","width":269,"height":53,"caption":"Get Tickets for the World\u2019s largest jackpots"},"image":{"@id":"https:\/\/redfoxlotto.com\/sr\/#\/schema\/logo\/image\/"}}]}},"_links":{"self":[{"href":"https:\/\/redfoxlotto.com\/sr\/wp-json\/wp\/v2\/pages\/7318","targetHints":{"allow":["GET"]}}],"collection":[{"href":"https:\/\/redfoxlotto.com\/sr\/wp-json\/wp\/v2\/pages"}],"about":[{"href":"https:\/\/redfoxlotto.com\/sr\/wp-json\/wp\/v2\/types\/page"}],"author":[{"embeddable":true,"href":"https:\/\/redfoxlotto.com\/sr\/wp-json\/wp\/v2\/users\/1"}],"replies":[{"embeddable":true,"href":"https:\/\/redfoxlotto.com\/sr\/wp-json\/wp\/v2\/comments?post=7318"}],"version-history":[{"count":0,"href":"https:\/\/redfoxlotto.com\/sr\/wp-json\/wp\/v2\/pages\/7318\/revisions"}],"wp:attachment":[{"href":"https:\/\/redfoxlotto.com\/sr\/wp-json\/wp\/v2\/media?parent=7318"}],"curies":[{"name":"wp","href":"https:\/\/api.w.org\/{rel}","templated":true}]}}