{"id":7317,"date":"2018-11-18T08:54:25","date_gmt":"2018-11-18T08:54:25","guid":{"rendered":"https:\/\/redfoxlotto.com\/?page_id=3729"},"modified":"2020-01-30T10:19:20","modified_gmt":"2020-01-30T10:19:20","slug":"lotto-uk","status":"publish","type":"page","link":"https:\/\/redfoxlotto.com\/sr\/rezultati\/lotto-uk\/","title":{"rendered":"UK lutrija rezultati"},"content":{"rendered":"<p>Ovo su trenutni <a href=\"https:\/\/redfoxlotto.com\/sr\/rezultati\/\">rezultati lutrije<\/a> UK Lotto. U arhivi izvu\u010denih rezultata UK lutrije mo\u017eete videti protekle nedelje i njihove rezultate.<\/p><p><img loading=\"lazy\" decoding=\"async\" class=\" wp-image alignright\" src=\"https:\/\/content.redfoxlotto.com\/uploads\/sites\/9\/1_results_tickets_lotto.jpg\" alt=\"UK Lotto  \" width=\"240\" height=\"170\" \/><\/p><h2 class=\"wp-block-heading\">Nacionalna lutrija UK d\u017eekpot &#8211; UK Lotto izvla\u010denja<\/h2><p>Minimalni d\u017eekpot najve\u0107e britanske lutrije po\u010dinje sa 2,500,000 \u00a3 i 5,000,000 \u00a3 u subotu. Lutrija se temelji na jednostavnom formatu: 6 od 59 brojeva.<\/p><p>Istorijski najve\u0107i iznos u lutriji UK Lotto iznosio je 42 miliona funti.<\/p><p>Nacionalna lutrija UK je poznata u drugim evropskim dr\u017eavama po relativno visokim cenama s obzirom na visinu nagrada.<\/p><h2 class=\"wp-block-heading\">UK Lotto nagrade i dobitnici<\/h2><p><img loading=\"lazy\" decoding=\"async\" class=\" wp-image alignright\" src=\"https:\/\/content.redfoxlotto.com\/uploads\/sites\/9\/1_lucky_lottery_winner.jpg\" alt=\"winning numbers  \" width=\"196\" height=\"268\" \/><\/p><p>UK Lotto ima \u0161est nagradnih nivoa, \u0161to mo\u017eete videti u gornjoj tabeli. Pored toga, mo\u017eete videti broj igra\u010da koji su dobro izabrali brojeve, kao i koliki je bio iznos nagrada.<\/p><h2 class=\"wp-block-heading\">Najvi\u0161e puta izvu\u010deni brojevi u UK lutriji<\/h2><p>Najvi\u0161e puta izvu\u010deni brojevi u nacionalnoj <a href=\"https:\/\/redfoxlotto.com\/sr\/\">lutriji <\/a>UK su 9, 12, 15, 17 i 19, dok su najmanje puta izvu\u010deni brojevi 1, 2, 6, 32 i 47.<\/p>","protected":false},"excerpt":{"rendered":"<p>Ovo su trenutni rezultati lutrije UK Lotto. U arhivi izvu\u010denih rezultata UK lutrije mo\u017eete videti protekle nedelje i njihove rezultate. Nacionalna lutrija UK d\u017eekpot &#8211; UK Lotto izvla\u010denja Minimalni d\u017eekpot najve\u0107e britanske lutrije po\u010dinje sa 2,500,000 \u00a3 i 5,000,000 \u00a3 u subotu. Lutrija se temelji na jednostavnom formatu: 6 od 59 brojeva. Istorijski najve\u0107i iznos [&hellip;]<\/p>\n","protected":false},"author":1,"featured_media":0,"parent":7310,"menu_order":9,"comment_status":"closed","ping_status":"closed","template":"lotto-uk-results.php","meta":{"_et_pb_use_builder":"","_et_pb_old_content":"","_et_gb_content_width":"","exclude_from_search":false,"footnotes":""},"class_list":["post-7317","page","type-page","status-publish","hentry"],"yoast_head":"<!-- This site is optimized with the Yoast SEO plugin v23.8 - https:\/\/yoast.com\/wordpress\/plugins\/seo\/ -->\n<title>Dobitni brojevi i rezultati za UK lutriju<\/title>\n<meta name=\"description\" content=\"Donosimo vam rezultate UK lutrije, i arhivu prethodnih dobitnih brojeva\" \/>\n<meta name=\"robots\" content=\"index, follow, max-snippet:-1, max-image-preview:large, max-video-preview:-1\" \/>\n<link rel=\"canonical\" href=\"https:\/\/redfoxlotto.com\/sr\/rezultati\/lotto-uk\/\" \/>\n<meta property=\"og:locale\" content=\"sr_RS\" \/>\n<meta property=\"og:type\" content=\"article\" \/>\n<meta property=\"og:title\" content=\"Dobitni brojevi i rezultati za UK lutriju\" \/>\n<meta property=\"og:description\" content=\"Donosimo vam rezultate UK lutrije, i arhivu prethodnih dobitnih brojeva\" \/>\n<meta property=\"og:url\" content=\"https:\/\/redfoxlotto.com\/sr\/rezultati\/lotto-uk\/\" \/>\n<meta property=\"og:site_name\" content=\"Get Tickets for the World\u2019s largest jackpots\" \/>\n<meta property=\"article:modified_time\" content=\"2020-01-30T10:19:20+00:00\" \/>\n<meta property=\"og:image\" content=\"https:\/\/content.redfoxlotto.com\/uploads\/sites\/9\/1_results_tickets_lotto.jpg\" \/>\n<meta name=\"twitter:card\" content=\"summary_large_image\" \/>\n<meta name=\"twitter:label1\" content=\"\u041f\u0440\u043e\u0446\u0435\u045a\u0435\u043d\u043e \u0432\u0440\u0435\u043c\u0435 \u0447\u0438\u0442\u0430\u045a\u0430\" \/>\n\t<meta name=\"twitter:data1\" content=\"2 \u043c\u0438\u043d\u0443\u0442\u0430\" \/>\n<script type=\"application\/ld+json\" class=\"yoast-schema-graph\">{\"@context\":\"https:\/\/schema.org\",\"@graph\":[{\"@type\":\"WebPage\",\"@id\":\"https:\/\/redfoxlotto.com\/sr\/rezultati\/lotto-uk\/\",\"url\":\"https:\/\/redfoxlotto.com\/sr\/rezultati\/lotto-uk\/\",\"name\":\"Dobitni brojevi i rezultati za UK lutriju\",\"isPartOf\":{\"@id\":\"https:\/\/redfoxlotto.com\/sr\/#website\"},\"primaryImageOfPage\":{\"@id\":\"https:\/\/redfoxlotto.com\/sr\/rezultati\/lotto-uk\/#primaryimage\"},\"image\":{\"@id\":\"https:\/\/redfoxlotto.com\/sr\/rezultati\/lotto-uk\/#primaryimage\"},\"thumbnailUrl\":\"https:\/\/content.redfoxlotto.com\/uploads\/sites\/9\/1_results_tickets_lotto.jpg\",\"datePublished\":\"2018-11-18T08:54:25+00:00\",\"dateModified\":\"2020-01-30T10:19:20+00:00\",\"description\":\"Donosimo vam rezultate UK lutrije, i arhivu prethodnih dobitnih brojeva\",\"breadcrumb\":{\"@id\":\"https:\/\/redfoxlotto.com\/sr\/rezultati\/lotto-uk\/#breadcrumb\"},\"inLanguage\":\"sr-RS\",\"potentialAction\":[{\"@type\":\"ReadAction\",\"target\":[\"https:\/\/redfoxlotto.com\/sr\/rezultati\/lotto-uk\/\"]}]},{\"@type\":\"ImageObject\",\"inLanguage\":\"sr-RS\",\"@id\":\"https:\/\/redfoxlotto.com\/sr\/rezultati\/lotto-uk\/#primaryimage\",\"url\":\"https:\/\/content.redfoxlotto.com\/uploads\/sites\/9\/1_results_tickets_lotto.jpg\",\"contentUrl\":\"https:\/\/content.redfoxlotto.com\/uploads\/sites\/9\/1_results_tickets_lotto.jpg\"},{\"@type\":\"BreadcrumbList\",\"@id\":\"https:\/\/redfoxlotto.com\/sr\/rezultati\/lotto-uk\/#breadcrumb\",\"itemListElement\":[{\"@type\":\"ListItem\",\"position\":1,\"name\":\"Home\",\"item\":\"https:\/\/redfoxlotto.com\/sr\/\"},{\"@type\":\"ListItem\",\"position\":2,\"name\":\"Rezultati me\u0111unarodne lutrije\",\"item\":\"https:\/\/redfoxlotto.com\/sr\/rezultati\/\"},{\"@type\":\"ListItem\",\"position\":3,\"name\":\"UK lutrija rezultati\"}]},{\"@type\":\"WebSite\",\"@id\":\"https:\/\/redfoxlotto.com\/sr\/#website\",\"url\":\"https:\/\/redfoxlotto.com\/sr\/\",\"name\":\"Get Tickets for the World\u2019s largest jackpots\",\"description\":\"Participate in worldwide lottery jackpots from any country\",\"publisher\":{\"@id\":\"https:\/\/redfoxlotto.com\/sr\/#organization\"},\"potentialAction\":[{\"@type\":\"SearchAction\",\"target\":{\"@type\":\"EntryPoint\",\"urlTemplate\":\"https:\/\/redfoxlotto.com\/sr\/?s={search_term_string}\"},\"query-input\":{\"@type\":\"PropertyValueSpecification\",\"valueRequired\":true,\"valueName\":\"search_term_string\"}}],\"inLanguage\":\"sr-RS\"},{\"@type\":\"Organization\",\"@id\":\"https:\/\/redfoxlotto.com\/sr\/#organization\",\"name\":\"Get Tickets for the World\u2019s largest jackpots\",\"url\":\"https:\/\/redfoxlotto.com\/sr\/\",\"logo\":{\"@type\":\"ImageObject\",\"inLanguage\":\"sr-RS\",\"@id\":\"https:\/\/redfoxlotto.com\/sr\/#\/schema\/logo\/image\/\",\"url\":\"https:\/\/redfoxlotto.com\/wp-content\/uploads\/2023\/04\/logo.png\",\"contentUrl\":\"https:\/\/redfoxlotto.com\/wp-content\/uploads\/2023\/04\/logo.png\",\"width\":269,\"height\":53,\"caption\":\"Get Tickets for the World\u2019s largest jackpots\"},\"image\":{\"@id\":\"https:\/\/redfoxlotto.com\/sr\/#\/schema\/logo\/image\/\"}}]}<\/script>\n<!-- \/ Yoast SEO plugin. -->","yoast_head_json":{"title":"Dobitni brojevi i rezultati za UK lutriju","description":"Donosimo vam rezultate UK lutrije, i arhivu prethodnih dobitnih brojeva","robots":{"index":"index","follow":"follow","max-snippet":"max-snippet:-1","max-image-preview":"max-image-preview:large","max-video-preview":"max-video-preview:-1"},"canonical":"https:\/\/redfoxlotto.com\/sr\/rezultati\/lotto-uk\/","og_locale":"sr_RS","og_type":"article","og_title":"Dobitni brojevi i rezultati za UK lutriju","og_description":"Donosimo vam rezultate UK lutrije, i arhivu prethodnih dobitnih brojeva","og_url":"https:\/\/redfoxlotto.com\/sr\/rezultati\/lotto-uk\/","og_site_name":"Get Tickets for the World\u2019s largest jackpots","article_modified_time":"2020-01-30T10:19:20+00:00","og_image":[{"url":"https:\/\/content.redfoxlotto.com\/uploads\/sites\/9\/1_results_tickets_lotto.jpg"}],"twitter_card":"summary_large_image","twitter_misc":{"\u041f\u0440\u043e\u0446\u0435\u045a\u0435\u043d\u043e \u0432\u0440\u0435\u043c\u0435 \u0447\u0438\u0442\u0430\u045a\u0430":"2 \u043c\u0438\u043d\u0443\u0442\u0430"},"schema":{"@context":"https:\/\/schema.org","@graph":[{"@type":"WebPage","@id":"https:\/\/redfoxlotto.com\/sr\/rezultati\/lotto-uk\/","url":"https:\/\/redfoxlotto.com\/sr\/rezultati\/lotto-uk\/","name":"Dobitni brojevi i rezultati za UK lutriju","isPartOf":{"@id":"https:\/\/redfoxlotto.com\/sr\/#website"},"primaryImageOfPage":{"@id":"https:\/\/redfoxlotto.com\/sr\/rezultati\/lotto-uk\/#primaryimage"},"image":{"@id":"https:\/\/redfoxlotto.com\/sr\/rezultati\/lotto-uk\/#primaryimage"},"thumbnailUrl":"https:\/\/content.redfoxlotto.com\/uploads\/sites\/9\/1_results_tickets_lotto.jpg","datePublished":"2018-11-18T08:54:25+00:00","dateModified":"2020-01-30T10:19:20+00:00","description":"Donosimo vam rezultate UK lutrije, i arhivu prethodnih dobitnih brojeva","breadcrumb":{"@id":"https:\/\/redfoxlotto.com\/sr\/rezultati\/lotto-uk\/#breadcrumb"},"inLanguage":"sr-RS","potentialAction":[{"@type":"ReadAction","target":["https:\/\/redfoxlotto.com\/sr\/rezultati\/lotto-uk\/"]}]},{"@type":"ImageObject","inLanguage":"sr-RS","@id":"https:\/\/redfoxlotto.com\/sr\/rezultati\/lotto-uk\/#primaryimage","url":"https:\/\/content.redfoxlotto.com\/uploads\/sites\/9\/1_results_tickets_lotto.jpg","contentUrl":"https:\/\/content.redfoxlotto.com\/uploads\/sites\/9\/1_results_tickets_lotto.jpg"},{"@type":"BreadcrumbList","@id":"https:\/\/redfoxlotto.com\/sr\/rezultati\/lotto-uk\/#breadcrumb","itemListElement":[{"@type":"ListItem","position":1,"name":"Home","item":"https:\/\/redfoxlotto.com\/sr\/"},{"@type":"ListItem","position":2,"name":"Rezultati me\u0111unarodne lutrije","item":"https:\/\/redfoxlotto.com\/sr\/rezultati\/"},{"@type":"ListItem","position":3,"name":"UK lutrija rezultati"}]},{"@type":"WebSite","@id":"https:\/\/redfoxlotto.com\/sr\/#website","url":"https:\/\/redfoxlotto.com\/sr\/","name":"Get Tickets for the World\u2019s largest jackpots","description":"Participate in worldwide lottery jackpots from any country","publisher":{"@id":"https:\/\/redfoxlotto.com\/sr\/#organization"},"potentialAction":[{"@type":"SearchAction","target":{"@type":"EntryPoint","urlTemplate":"https:\/\/redfoxlotto.com\/sr\/?s={search_term_string}"},"query-input":{"@type":"PropertyValueSpecification","valueRequired":true,"valueName":"search_term_string"}}],"inLanguage":"sr-RS"},{"@type":"Organization","@id":"https:\/\/redfoxlotto.com\/sr\/#organization","name":"Get Tickets for the World\u2019s largest jackpots","url":"https:\/\/redfoxlotto.com\/sr\/","logo":{"@type":"ImageObject","inLanguage":"sr-RS","@id":"https:\/\/redfoxlotto.com\/sr\/#\/schema\/logo\/image\/","url":"https:\/\/redfoxlotto.com\/wp-content\/uploads\/2023\/04\/logo.png","contentUrl":"https:\/\/redfoxlotto.com\/wp-content\/uploads\/2023\/04\/logo.png","width":269,"height":53,"caption":"Get Tickets for the World\u2019s largest jackpots"},"image":{"@id":"https:\/\/redfoxlotto.com\/sr\/#\/schema\/logo\/image\/"}}]}},"_links":{"self":[{"href":"https:\/\/redfoxlotto.com\/sr\/wp-json\/wp\/v2\/pages\/7317","targetHints":{"allow":["GET"]}}],"collection":[{"href":"https:\/\/redfoxlotto.com\/sr\/wp-json\/wp\/v2\/pages"}],"about":[{"href":"https:\/\/redfoxlotto.com\/sr\/wp-json\/wp\/v2\/types\/page"}],"author":[{"embeddable":true,"href":"https:\/\/redfoxlotto.com\/sr\/wp-json\/wp\/v2\/users\/1"}],"replies":[{"embeddable":true,"href":"https:\/\/redfoxlotto.com\/sr\/wp-json\/wp\/v2\/comments?post=7317"}],"version-history":[{"count":0,"href":"https:\/\/redfoxlotto.com\/sr\/wp-json\/wp\/v2\/pages\/7317\/revisions"}],"up":[{"embeddable":true,"href":"https:\/\/redfoxlotto.com\/sr\/wp-json\/wp\/v2\/pages\/7310"}],"wp:attachment":[{"href":"https:\/\/redfoxlotto.com\/sr\/wp-json\/wp\/v2\/media?parent=7317"}],"curies":[{"name":"wp","href":"https:\/\/api.w.org\/{rel}","templated":true}]}}