{"id":7315,"date":"2018-11-18T08:54:25","date_gmt":"2018-11-18T08:54:25","guid":{"rendered":"https:\/\/redfoxlotto.com\/?page_id=3725"},"modified":"2025-12-17T12:33:24","modified_gmt":"2025-12-17T12:33:24","slug":"powerball","status":"publish","type":"page","link":"https:\/\/redfoxlotto.com\/sr\/rezultati\/powerball\/","title":{"rendered":"Powerball rezultati"},"content":{"rendered":"<p><script type=\"application\/ld+json\">\n{\n  \"@context\": \"https:\/\/schema.org\",\n  \"@type\": \"Service\",\n  \"name\": \"Proverite Powerball rezultate online\",\n  \"url\": \"https:\/\/redfoxlotto.com\/sr\/rezultati\/powerball\/\",\n  \"description\": \"Posetite RedFoxLotto da biste proverili najnovije Powerball rezultate i na\u0161 arhiv rezultata lutrije.\",\n  \"serviceType\": \"Svetski arhiv rezultata lutrije\",\n  \"provider\": {\n    \"@type\": \"Organization\",\n    \"name\": \"RedFoxLotto\",\n    \"url\": \"https:\/\/redfoxlotto.com\/sr\/rezultati\/powerball\/\",\n    \"image\": \"https:\/\/redfoxlotto.com\/wp-content\/uploads\/2025\/12\/ticket_scans.jpg\",\n    \"sameAs\": []\n  },\n  \"areaServed\": \"Worldwide\",\n  \"termsOfService\": \"https:\/\/redfoxlotto.com\/terms-and-conditions\",\n  \"additionalProperty\": {\n    \"@type\": \"PropertyValue\",\n    \"name\": \"FAQ\",\n    \"value\": \"https:\/\/redfoxlotto.com\/sr\/faq\/\"\n  },\n  \"hasOfferCatalog\": {\n    \"@type\": \"OfferCatalog\",\n    \"name\": \"Powerball rezultati\",\n    \"itemListElement\": [\n      {\n        \"@type\": \"Offer\",\n        \"name\": \"Powerball rezultati\",\n        \"url\": \"https:\/\/redfoxlotto.com\/sr\/rezultati\/powerball\/\",\n        \"description\": \"Prona\u0111ite najnovije i istorijske Powerball rezultate i druge velike lutrije ovde\",\n        \"itemOffered\": {\n          \"@type\": \"Service\",\n          \"name\": \"Powerball rezultati\",\n          \"description\": \"Powerball izvu\u010deni brojevi online, najnoviji i stariji rezultati.\"\n        }\n      }\n    ]\n  },\n  \"mainEntityOfPage\": {\n    \"@type\": \"WebPage\",\n    \"@id\": \"https:\/\/redfoxlotto.com\/sr\/rezultati\/powerball\/\"\n  }\n}\n<\/script><\/p>\n<h2>Gde prona\u0107i dobitne brojeve lutrije Powerball<\/h2>\n<p>Da li ste ikada \u017eeleli da proverite dobitne brojeve nekih od najve\u0107ih svetskih lutrija? Mo\u017eda ste tra\u017eili dobitne brojeve iz pro\u0161lih kola, ali ih jednostavno niste mogli prona\u0107i. Mo\u017eda ih tra\u017eite kako biste nabavili tikete s nekim od tih popularnih brojeva ili ste samo radoznali. Na na\u0161oj veb stranici na\u0107i \u0107ete sve <strong>rezultate Powerballa i pobedni\u010dke brojeve<\/strong> za ovu nedelju i pro\u0161la izvla\u010denja.<\/p>\n<p><!--more--><\/p>\n<p><img decoding=\"async\" class=\"size-full wp-image alignright\" src=\"https:\/\/content.redfoxlotto.com\/uploads\/sites\/9\/1_results_powerball.jpg\" alt=\"lottery results\"><\/p>\n<p>Naravno, Powerball nije jedina lutrija o kojoj \u0107emo vam pru\u017eiti informacije. Ovde mo\u017eete proveriti rezultate najpopularnijih lutrijskih igara na svetu. Kada je u pitanju <a href=\"https:\/\/redfoxlotto.com\/sr\/igrati\/powerball\/\">Powerball<\/a>, definitivno nam je jasno za\u0161to ste zainteresovani. Svako ko ima sve dobitne brojeve na svom tiketu je multimilioner. Tako\u0111e mo\u017eete pogledati pobedni\u010dke brojeve proteklih izvla\u010denja u na\u0161oj arhivi.<\/p>\n<h2>Powerball d\u017eekpot<\/h2>\n<p>Powerball jackpot zapo\u010dinje minimumom od $ 40,000,000. Dosada\u0161nji rekord je neverovatnih $1,500,000,000, iliti $1.5 milijardi! Te\u0161ko da mo\u017eete i da zamislite toliko novca, ali neko je zaista osvojio sav taj novac! \u010cak i taj mali d\u017eekpot od $40,000,000 je ogromna suma novca, zar ne? Ljudi retko osvajaju taj minimum.<\/p>\n<p>U stvari, retko se de\u0161ava da neko osvoji minimalni d\u017eekpot za Powerball. U ve\u0107ini slu\u010dajeva d\u017eekpot poraste, u mnogim slu\u010dajevima poraste puno vi\u0161e. Iako ne dosti\u017ee \u010desto milijardu dolara, nije neuobi\u010dajeno da se pribli\u017ei toj sumi.<\/p>\n<h2>Powerball nagrade i Powerball pobednici<\/h2>\n<p><img decoding=\"async\" class=\"size-full wp-image alignright\" src=\"https:\/\/content.redfoxlotto.com\/uploads\/sites\/9\/1_winning_numbers_powerball.jpg\" alt=\"Powerball lottery winner\"><br \/>\n<strong>U Powerball lutriji postoji devet pobedni\u010dkih nivoa<\/strong>. Stotine hiljada igra\u010da pobe\u0111uje u svakom kolu. Tabela iznad prikazuje i osvojene iznose. U stvari, mo\u017eete da pobedite u Powerball lutriji samo sa jednim jedinim brojem, sve dok je taj broj ono \u0161to se naziva \u2018Powerball.\u2019<\/p>\n<p>Ako imate jo\u0161 dva broja od ostalih brojeva, tako\u0111e \u0107ete osvojiti nagradu. Tako da \u0107ete imati puno \u0161ansi da ostvarite veliki dobitak ili bar neki manji. Powerball je definitivno igra koju \u0107ete \u017eeleti da igrate, zar ne?<\/p>\n<h2>Najvi\u0161e puta izvu\u010deni brojevi u lutriji Powerball<\/h2>\n<p>Kakva je va\u0161a strategija pri odabiru brojeva? Neki igra\u010di uvek koriste iste brojeve koji su njima va\u017eni, drugi koriste najmanje ili naj\u010de\u0161\u0107e izvu\u010dene brojeve za svoj tiket. Mo\u017eda imate potpuno druga\u010diji sistem, ali ipak \u017eelite da saznate ne\u0161to vi\u0161e o brojevima pre nego \u0161to donesete odluku o tome koje da izaberete.<\/p>\n<p>Postupak je vrlo jednostavan i imamo brojeve koje tra\u017eite. Pored izvu\u010denih brojeva i pro\u0161lih rezultata koje mo\u017eete prona\u0107i na na\u0161oj veb stranici, imamo i informacije o tome koji se brojevi izvla\u010de, a koji se ne izvla\u010de.<\/p>\n<p>Vru\u0107i brojevi u Powerball lutriji su: 8, 26, 22, 23 i 36. Brojevi koji su najmanje puta izvu\u010deni su 15, 51, 37, 47, 12, 4 i 24.<\/p>\n<h2>Kako kupiti tiket<\/h2>\n<p>Ako tra\u017eite <strong>rezultate Powerball lutrije i dobitne brojeve<\/strong>, verovatno tra\u017eite i na\u010dine na koje biste zapravo mogli da u\u010destvujete u ovoj lutriji, zar ne? \u017delite da znate \u0161ta vam je potrebno da biste stupili u akciju. Na va\u0161u sre\u0107u, ne\u0107e vam trebati puno. Mo\u017eemo vam veoma brzo nabaviti tikete koje tra\u017eite. Samo nam morate dati do znanja \u0161ta \u017eelite i mi \u0107emo se pobrinuti za ostalo.<\/p>\n<p>Postupak nabavke tiketa za vas podrazumeva samo nekoliko jednostavnih koraka. Prvo morate da odlu\u010dite koju igru \u017eelite da igrate. Ako ste se odlu\u010dili za Powerball, to bi bio prvi korak. Ako niste sigurni, saznajte vi\u0161e o ovoj igri na na\u0161oj veb stranici, pogledajte trenutni d\u017eekpot i proverite sve ostale igre koje imamo na raspolaganju. Na taj na\u010din \u0107ete biti sigurni da igrate apsolutno najbolje opcije.<\/p>\n<p>Slede\u0107i korak je da izaberete brojeve za svoj tiket. Ne morate da birate brojeve ako ne \u017eelite. Kao \u0161to smo ranije spomenuli, mo\u017eete izabrati opciju &#8222;brzo biranje&#8220; ili neku kombinaciju brzog biranja i odre\u0111enih brojeva. Tako\u0111e, mo\u017eete odabrati odre\u0111eni broj tiketa i odabrati brojeve za sve dodatne.<\/p>\n<p>Na\u0161 sistem \u0107e vas \u010dak obavestiti da li treba da odaberete vi\u0161e ili manje brojeva na svom tiketu kako biste bili sigurni da imate va\u017ee\u0107i tiket.<\/p>\n<p>Slede\u0107i korak je kreiranje naloga ako ga jo\u0161 nemate i pode\u0161avanje ra\u010duna za pla\u0107anje. Isto tako, birate i koliko izvla\u010denja \u017eelite da va\u0161 tiket va\u017ei. Na kraju kliknite na dugme da biste kupili tiket, a mi \u0107emo se pobrinuti za ostatak procesa.<\/p>\n<h2>Isplata dobitka<\/h2>\n<p>\u0160ta se de\u0161ava nakon \u0161to ste proverite rezultate i otkrijete da ste vi zapravo sre\u0107ni dobitnik? U slu\u010daju da osvojite mali iznos, novac \u0107e biti odmah deponovan na va\u0161 nalog igra\u010da. Ako osvojite veliki iznos, na\u0161 tim za podr\u0161ku \u0107e vas kontaktirati kako bismo saznali kako \u017eelite da primite uplatu. A ako osvojite d\u017eekpot &#8230; pa, mora\u0107ete otputovati u SAD kako biste preuzeli svoju nagradu, jer oni vole da prave veliku \u0161ou u vezi toga.<\/p>\n<p>Ako ipak osvojite milione ili preko milijardu dolara, verovatno \u0107ete biti vi\u0161e nego sre\u0107ni da otputujete u zemlju koja \u0107e vam ih dati, zar ne? Ovo je razlog za\u0161to je dobro znati rezultate Powerball lutrije i dobitne brojeve i pratiti \u0161ta se de\u0161ava. Mo\u017eete se pobrinuti da odmah dobijete brojeve. Ali ne brinite, ako va\u0161i brojevi pobede, mi \u0107emo vas prvi obavestiti o tome i re\u0107i vam \u0161ta slede\u0107e treba da u\u010dinite.<\/p>\n","protected":false},"excerpt":{"rendered":"<p>Gde prona\u0107i dobitne brojeve lutrije Powerball Da li ste ikada \u017eeleli da proverite dobitne brojeve nekih od najve\u0107ih svetskih lutrija? Mo\u017eda ste tra\u017eili dobitne brojeve iz pro\u0161lih kola, ali ih jednostavno niste mogli prona\u0107i. Mo\u017eda ih tra\u017eite kako biste nabavili tikete s nekim od tih popularnih brojeva ili ste samo radoznali. Na na\u0161oj veb stranici [&hellip;]<\/p>\n","protected":false},"author":1,"featured_media":0,"parent":7310,"menu_order":1,"comment_status":"closed","ping_status":"closed","template":"powerball-usa-results.php","meta":{"_et_pb_use_builder":"","_et_pb_old_content":"","_et_gb_content_width":"","exclude_from_search":false,"footnotes":""},"class_list":["post-7315","page","type-page","status-publish","hentry"],"yoast_head":"<!-- This site is optimized with the Yoast SEO plugin v23.8 - https:\/\/yoast.com\/wordpress\/plugins\/seo\/ -->\n<title>Rezultati Powerball lutrije i dobitni\u010dki brojevi<\/title>\n<meta name=\"description\" content=\"Pogledajte najnovije Powerball Lotto rezultate ovde, uklju\u010duju\u0107i i spisak prethodnih izvla\u010denja\" \/>\n<meta name=\"robots\" content=\"index, follow, max-snippet:-1, max-image-preview:large, max-video-preview:-1\" \/>\n<link rel=\"canonical\" href=\"https:\/\/redfoxlotto.com\/sr\/rezultati\/powerball\/\" \/>\n<meta property=\"og:locale\" content=\"sr_RS\" \/>\n<meta property=\"og:type\" content=\"article\" \/>\n<meta property=\"og:title\" content=\"Rezultati Powerball lutrije i dobitni\u010dki brojevi\" \/>\n<meta property=\"og:description\" content=\"Pogledajte najnovije Powerball Lotto rezultate ovde, uklju\u010duju\u0107i i spisak prethodnih izvla\u010denja\" \/>\n<meta property=\"og:url\" content=\"https:\/\/redfoxlotto.com\/sr\/rezultati\/powerball\/\" \/>\n<meta property=\"og:site_name\" content=\"Get Tickets for the World\u2019s largest jackpots\" \/>\n<meta property=\"article:modified_time\" content=\"2025-12-17T12:33:24+00:00\" \/>\n<meta property=\"og:image\" content=\"https:\/\/content.redfoxlotto.com\/uploads\/sites\/9\/1_results_powerball.jpg\" \/>\n<meta name=\"twitter:card\" content=\"summary_large_image\" \/>\n<meta name=\"twitter:label1\" content=\"\u041f\u0440\u043e\u0446\u0435\u045a\u0435\u043d\u043e \u0432\u0440\u0435\u043c\u0435 \u0447\u0438\u0442\u0430\u045a\u0430\" \/>\n\t<meta name=\"twitter:data1\" content=\"4 \u043c\u0438\u043d\u0443\u0442\u0430\" \/>\n<script type=\"application\/ld+json\" class=\"yoast-schema-graph\">{\"@context\":\"https:\/\/schema.org\",\"@graph\":[{\"@type\":\"WebPage\",\"@id\":\"https:\/\/redfoxlotto.com\/sr\/rezultati\/powerball\/\",\"url\":\"https:\/\/redfoxlotto.com\/sr\/rezultati\/powerball\/\",\"name\":\"Rezultati Powerball lutrije i dobitni\u010dki brojevi\",\"isPartOf\":{\"@id\":\"https:\/\/redfoxlotto.com\/sr\/#website\"},\"primaryImageOfPage\":{\"@id\":\"https:\/\/redfoxlotto.com\/sr\/rezultati\/powerball\/#primaryimage\"},\"image\":{\"@id\":\"https:\/\/redfoxlotto.com\/sr\/rezultati\/powerball\/#primaryimage\"},\"thumbnailUrl\":\"https:\/\/content.redfoxlotto.com\/uploads\/sites\/9\/1_results_powerball.jpg\",\"datePublished\":\"2018-11-18T08:54:25+00:00\",\"dateModified\":\"2025-12-17T12:33:24+00:00\",\"description\":\"Pogledajte najnovije Powerball Lotto rezultate ovde, uklju\u010duju\u0107i i spisak prethodnih izvla\u010denja\",\"breadcrumb\":{\"@id\":\"https:\/\/redfoxlotto.com\/sr\/rezultati\/powerball\/#breadcrumb\"},\"inLanguage\":\"sr-RS\",\"potentialAction\":[{\"@type\":\"ReadAction\",\"target\":[\"https:\/\/redfoxlotto.com\/sr\/rezultati\/powerball\/\"]}]},{\"@type\":\"ImageObject\",\"inLanguage\":\"sr-RS\",\"@id\":\"https:\/\/redfoxlotto.com\/sr\/rezultati\/powerball\/#primaryimage\",\"url\":\"https:\/\/content.redfoxlotto.com\/uploads\/sites\/9\/1_results_powerball.jpg\",\"contentUrl\":\"https:\/\/content.redfoxlotto.com\/uploads\/sites\/9\/1_results_powerball.jpg\"},{\"@type\":\"BreadcrumbList\",\"@id\":\"https:\/\/redfoxlotto.com\/sr\/rezultati\/powerball\/#breadcrumb\",\"itemListElement\":[{\"@type\":\"ListItem\",\"position\":1,\"name\":\"Home\",\"item\":\"https:\/\/redfoxlotto.com\/sr\/\"},{\"@type\":\"ListItem\",\"position\":2,\"name\":\"Rezultati me\u0111unarodne lutrije\",\"item\":\"https:\/\/redfoxlotto.com\/sr\/rezultati\/\"},{\"@type\":\"ListItem\",\"position\":3,\"name\":\"Powerball rezultati\"}]},{\"@type\":\"WebSite\",\"@id\":\"https:\/\/redfoxlotto.com\/sr\/#website\",\"url\":\"https:\/\/redfoxlotto.com\/sr\/\",\"name\":\"Get Tickets for the World\u2019s largest jackpots\",\"description\":\"Participate in worldwide lottery jackpots from any country\",\"publisher\":{\"@id\":\"https:\/\/redfoxlotto.com\/sr\/#organization\"},\"potentialAction\":[{\"@type\":\"SearchAction\",\"target\":{\"@type\":\"EntryPoint\",\"urlTemplate\":\"https:\/\/redfoxlotto.com\/sr\/?s={search_term_string}\"},\"query-input\":{\"@type\":\"PropertyValueSpecification\",\"valueRequired\":true,\"valueName\":\"search_term_string\"}}],\"inLanguage\":\"sr-RS\"},{\"@type\":\"Organization\",\"@id\":\"https:\/\/redfoxlotto.com\/sr\/#organization\",\"name\":\"Get Tickets for the World\u2019s largest jackpots\",\"url\":\"https:\/\/redfoxlotto.com\/sr\/\",\"logo\":{\"@type\":\"ImageObject\",\"inLanguage\":\"sr-RS\",\"@id\":\"https:\/\/redfoxlotto.com\/sr\/#\/schema\/logo\/image\/\",\"url\":\"https:\/\/redfoxlotto.com\/wp-content\/uploads\/2023\/04\/logo.png\",\"contentUrl\":\"https:\/\/redfoxlotto.com\/wp-content\/uploads\/2023\/04\/logo.png\",\"width\":269,\"height\":53,\"caption\":\"Get Tickets for the World\u2019s largest jackpots\"},\"image\":{\"@id\":\"https:\/\/redfoxlotto.com\/sr\/#\/schema\/logo\/image\/\"}}]}<\/script>\n<!-- \/ Yoast SEO plugin. -->","yoast_head_json":{"title":"Rezultati Powerball lutrije i dobitni\u010dki brojevi","description":"Pogledajte najnovije Powerball Lotto rezultate ovde, uklju\u010duju\u0107i i spisak prethodnih izvla\u010denja","robots":{"index":"index","follow":"follow","max-snippet":"max-snippet:-1","max-image-preview":"max-image-preview:large","max-video-preview":"max-video-preview:-1"},"canonical":"https:\/\/redfoxlotto.com\/sr\/rezultati\/powerball\/","og_locale":"sr_RS","og_type":"article","og_title":"Rezultati Powerball lutrije i dobitni\u010dki brojevi","og_description":"Pogledajte najnovije Powerball Lotto rezultate ovde, uklju\u010duju\u0107i i spisak prethodnih izvla\u010denja","og_url":"https:\/\/redfoxlotto.com\/sr\/rezultati\/powerball\/","og_site_name":"Get Tickets for the World\u2019s largest jackpots","article_modified_time":"2025-12-17T12:33:24+00:00","og_image":[{"url":"https:\/\/content.redfoxlotto.com\/uploads\/sites\/9\/1_results_powerball.jpg"}],"twitter_card":"summary_large_image","twitter_misc":{"\u041f\u0440\u043e\u0446\u0435\u045a\u0435\u043d\u043e \u0432\u0440\u0435\u043c\u0435 \u0447\u0438\u0442\u0430\u045a\u0430":"4 \u043c\u0438\u043d\u0443\u0442\u0430"},"schema":{"@context":"https:\/\/schema.org","@graph":[{"@type":"WebPage","@id":"https:\/\/redfoxlotto.com\/sr\/rezultati\/powerball\/","url":"https:\/\/redfoxlotto.com\/sr\/rezultati\/powerball\/","name":"Rezultati Powerball lutrije i dobitni\u010dki brojevi","isPartOf":{"@id":"https:\/\/redfoxlotto.com\/sr\/#website"},"primaryImageOfPage":{"@id":"https:\/\/redfoxlotto.com\/sr\/rezultati\/powerball\/#primaryimage"},"image":{"@id":"https:\/\/redfoxlotto.com\/sr\/rezultati\/powerball\/#primaryimage"},"thumbnailUrl":"https:\/\/content.redfoxlotto.com\/uploads\/sites\/9\/1_results_powerball.jpg","datePublished":"2018-11-18T08:54:25+00:00","dateModified":"2025-12-17T12:33:24+00:00","description":"Pogledajte najnovije Powerball Lotto rezultate ovde, uklju\u010duju\u0107i i spisak prethodnih izvla\u010denja","breadcrumb":{"@id":"https:\/\/redfoxlotto.com\/sr\/rezultati\/powerball\/#breadcrumb"},"inLanguage":"sr-RS","potentialAction":[{"@type":"ReadAction","target":["https:\/\/redfoxlotto.com\/sr\/rezultati\/powerball\/"]}]},{"@type":"ImageObject","inLanguage":"sr-RS","@id":"https:\/\/redfoxlotto.com\/sr\/rezultati\/powerball\/#primaryimage","url":"https:\/\/content.redfoxlotto.com\/uploads\/sites\/9\/1_results_powerball.jpg","contentUrl":"https:\/\/content.redfoxlotto.com\/uploads\/sites\/9\/1_results_powerball.jpg"},{"@type":"BreadcrumbList","@id":"https:\/\/redfoxlotto.com\/sr\/rezultati\/powerball\/#breadcrumb","itemListElement":[{"@type":"ListItem","position":1,"name":"Home","item":"https:\/\/redfoxlotto.com\/sr\/"},{"@type":"ListItem","position":2,"name":"Rezultati me\u0111unarodne lutrije","item":"https:\/\/redfoxlotto.com\/sr\/rezultati\/"},{"@type":"ListItem","position":3,"name":"Powerball rezultati"}]},{"@type":"WebSite","@id":"https:\/\/redfoxlotto.com\/sr\/#website","url":"https:\/\/redfoxlotto.com\/sr\/","name":"Get Tickets for the World\u2019s largest jackpots","description":"Participate in worldwide lottery jackpots from any country","publisher":{"@id":"https:\/\/redfoxlotto.com\/sr\/#organization"},"potentialAction":[{"@type":"SearchAction","target":{"@type":"EntryPoint","urlTemplate":"https:\/\/redfoxlotto.com\/sr\/?s={search_term_string}"},"query-input":{"@type":"PropertyValueSpecification","valueRequired":true,"valueName":"search_term_string"}}],"inLanguage":"sr-RS"},{"@type":"Organization","@id":"https:\/\/redfoxlotto.com\/sr\/#organization","name":"Get Tickets for the World\u2019s largest jackpots","url":"https:\/\/redfoxlotto.com\/sr\/","logo":{"@type":"ImageObject","inLanguage":"sr-RS","@id":"https:\/\/redfoxlotto.com\/sr\/#\/schema\/logo\/image\/","url":"https:\/\/redfoxlotto.com\/wp-content\/uploads\/2023\/04\/logo.png","contentUrl":"https:\/\/redfoxlotto.com\/wp-content\/uploads\/2023\/04\/logo.png","width":269,"height":53,"caption":"Get Tickets for the World\u2019s largest jackpots"},"image":{"@id":"https:\/\/redfoxlotto.com\/sr\/#\/schema\/logo\/image\/"}}]}},"_links":{"self":[{"href":"https:\/\/redfoxlotto.com\/sr\/wp-json\/wp\/v2\/pages\/7315","targetHints":{"allow":["GET"]}}],"collection":[{"href":"https:\/\/redfoxlotto.com\/sr\/wp-json\/wp\/v2\/pages"}],"about":[{"href":"https:\/\/redfoxlotto.com\/sr\/wp-json\/wp\/v2\/types\/page"}],"author":[{"embeddable":true,"href":"https:\/\/redfoxlotto.com\/sr\/wp-json\/wp\/v2\/users\/1"}],"replies":[{"embeddable":true,"href":"https:\/\/redfoxlotto.com\/sr\/wp-json\/wp\/v2\/comments?post=7315"}],"version-history":[{"count":0,"href":"https:\/\/redfoxlotto.com\/sr\/wp-json\/wp\/v2\/pages\/7315\/revisions"}],"up":[{"embeddable":true,"href":"https:\/\/redfoxlotto.com\/sr\/wp-json\/wp\/v2\/pages\/7310"}],"wp:attachment":[{"href":"https:\/\/redfoxlotto.com\/sr\/wp-json\/wp\/v2\/media?parent=7315"}],"curies":[{"name":"wp","href":"https:\/\/api.w.org\/{rel}","templated":true}]}}