{"id":7313,"date":"2018-11-18T08:54:25","date_gmt":"2018-11-18T08:54:25","guid":{"rendered":"https:\/\/redfoxlotto.com\/?page_id=3721"},"modified":"2025-12-18T07:01:32","modified_gmt":"2025-12-18T07:01:32","slug":"mega-millions","status":"publish","type":"page","link":"https:\/\/redfoxlotto.com\/sr\/rezultati\/mega-millions\/","title":{"rendered":"Mega Millions rezultati"},"content":{"rendered":"<p><script type=\"application\/ld+json\">\n{\n  \"@context\": \"https:\/\/schema.org\",\n  \"@type\": \"Service\",\n  \"name\": \"Proverite rezultate Mega Millions izvla\u010denja online\",\n  \"url\": \"https:\/\/redfoxlotto.com\/sr\/rezultati\/mega-millions\/\",\n  \"description\": \"Posetite RedFoxLotto da proverite najnovije rezultate Mega Millions i na\u0161 arhiv rezultata lutrije.\",\n  \"serviceType\": \"Svetski arhiv rezultata lutrije\",<\/p>\n<p>  \"provider\": {\n    \"@type\": \"Organization\",\n    \"name\": \"RedFoxLotto\",\n    \"url\": \"https:\/\/redfoxlotto.com\/sr\/\",\n    \"image\": \"https:\/\/redfoxlotto.com\/wp-content\/uploads\/2025\/12\/ticket_scans.jpg\",\n    \"sameAs\": []\n  },<\/p>\n<p>  \"areaServed\": \"Worldwide\",\n  \"termsOfService\": \"https:\/\/redfoxlotto.com\/sr\/terms-and-conditions\/\",\n  \"additionalProperty\": {\n    \"@type\": \"PropertyValue\",\n    \"name\": \"FAQ\",\n    \"value\": \"https:\/\/redfoxlotto.com\/sr\/faq\/\"\n  },<\/p>\n<p>  \"hasOfferCatalog\": {\n    \"@type\": \"OfferCatalog\",\n    \"name\": \"Rezultati Mega Millions\",\n    \"itemListElement\": [\n      {\n        \"@type\": \"Offer\",\n        \"name\": \"Rezultati Mega Millions\",\n        \"url\": \"https:\/\/redfoxlotto.com\/sr\/rezultati\/mega-millions\/\",\n        \"description\": \"Prona\u0111ite najnovije i istorijske rezultate Mega Millions ovde.\",\n        \"price\": \"13.00\",\n        \"priceCurrency\": \"EUR\",\n        \"availability\": \"https:\/\/schema.org\/InStock\",\n        \"itemOffered\": {\n          \"@type\": \"Service\",\n          \"name\": \"Rezultati Mega Millions\",\n          \"description\": \"Brojevi izvu\u010deni u Mega Millions online, najnoviji i stariji rezultati.\"\n        }\n      }\n    ]\n  },<\/p>\n<p>  \"mainEntityOfPage\": {\n    \"@type\": \"WebPage\",\n    \"@id\": \"https:\/\/redfoxlotto.com\/sr\/rezultati\/mega-millions\/\"\n  }\n}\n<\/script><br \/>\nDa li tragate za rezultatima poslednjeg izvla\u010denja <a href=\"https:\/\/redfoxlotto.com\/sr\/igrati\/mega-millions\/\">Mega Millions USA<\/a>? Ovde ih mo\u017eete prona\u0107i, a mo\u017eete prona\u0107i i arhivu sa brojevima prethodnih izvla\u010denja.<\/p>\n<p><!--more--><br \/>\n<img decoding=\"async\" class=\"size-full wp-image alignright\" src=\"https:\/\/content.redfoxlotto.com\/uploads\/sites\/9\/1_results_mega_millions.jpg\" alt=\"rezultati lutrije\"><\/p>\n<p>Osvojiti Mega Millions d\u017eekpot san je svakog igra\u010da lutrije, a nagrada \u010desto mo\u017ee biti stotine miliona dolara! Ovo je definitivno razlog za pra\u0107enje rezultata lutrije Mega Millions i dobitne brojeve. \u017delite da znate koji brojevi zapravo bivaju izvu\u010deni, tako da mo\u017eete odabrati brojeve koji \u0107e vas obezbediti za ceo \u017eivot, zar ne?<\/p>\n<h2>Mega Millions d\u017eekpot<\/h2>\n<p>Minimalni d\u017eekpot u lutriji Mega Millions je 40 miliona dolara. To zna\u010di da ako danas neko osvoji d\u017eekpot, onda \u0107e na slede\u0107em izvla\u010denju taj d\u017eekpot po\u010deti sa 40 miliona dolara. Dakle, najmanji iznos (naravno, pre poreza) koji mo\u017eete osvojiti je 40 miliona dolara. A to se ne de\u0161ava \u010desto, jer ve\u0107ina ljudi nikad ne osvoji ovaj d\u017eekpot kad je najmanji. Umesto toga, osvajaju d\u017eekpot kada poprili\u010dno poraste.<\/p>\n<p>Istina je da d\u017eekpot brzo raste u ameri\u010dkoj Mega Millions lutriji; a d\u017eekpot nije ograni\u010dena. Ovde se u kratkom vremenu mogu skupiti ogromne sume novca. Najve\u0107i d\u017eekpot ikad u lutriji Mega Million dostigao je nivo od preko 1,5 milijardi dolara! To je definitivno cifra koju svi u SAD \u017eele tako da je prodato milion tiketa, ali ti tiketi nisu jedini koji mogu da u\u010destvuju u izvla\u010denju; i vi ste pozvani da ovo proverite.<\/p>\n<h2>Mega Millions nagradni nivoi<\/h2>\n<p><img decoding=\"async\" class=\"size-full wp-image alignright\" src=\"https:\/\/content.redfoxlotto.com\/uploads\/sites\/9\/1_lottery_winner_is2.jpg\" alt=\"Mega milion d\u017eekpot\"><br \/>\nIz na\u0161e tabele mo\u017eete videti dostupne nivoe nagrada i iznos dobitaka. Postoji puno razli\u010ditih na\u010dina na koje mo\u017eete pobediti kada <a href=\"https:\/\/redfoxlotto.com\/sr\/igrati\/\">igrate lutriju<\/a> Mega Millions. Naravno, morate pogoditi svaki od brojeva ako \u017eelite da osvojite d\u017eekpot. To \u0107e definitivno biti podvig i mora\u0107e da imate prili\u010dno sre\u0107e sa tim brojevima, ali definitivno postoje na\u010dini na koje mo\u017eete osvojiti jo\u0161 vi\u0161e.<\/p>\n<p>Opisali smo svaki od na\u010dina na koji mo\u017eete osvojiti nagradu, bilo koju nagradu, putem lutrije Mega Millions. Kada gledate rezultate lutrije Mega Millions i dobitne brojeve, vide\u0107ete brojeve koje su ljudi koristili da bi osvojili d\u017eekpot, a vi apsolutno mo\u017eete koristiti neke od tih brojeva ili sopstvene ili bilo koje druge da biste poku\u0161ali i osvojili neku od manjih nagrada.<\/p>\n<p>Uostalom, sa lutrijom Mega Millions zapravo mo\u017eete ne\u0161to osvojiti \u010dak iako pogodite samo Mega Ball ili neka 2 broja od regularnih brojeva. To zna\u010di da imate dobre \u0161anse da ne\u0161to dobijete za svoj novac.<\/p>\n<h2>Najvi\u0161e i najmanje puta izvu\u010deni brojevi<\/h2>\n<p>Na\u0161a arhiva vam tako\u0111e mo\u017ee biti korisna ako \u017eelite da prona\u0111ete brojeve sa boljim \u0161ansama. Evo &#8222;vru\u0107ih&#8220; brojeva za Mega Millions Lotto:<\/p>\n<p>Brojevi 29, 4, 48 i 36 su brojevi koji su najvi\u0161e puta izvu\u010deni u lutriji Mega Millions. Broj 48 je izvu\u010den vi\u0161e od 80 puta od 2005. Najpopularniji MegaBall brojevi su 35, 9, 36 i 7.<\/p>\n<p>Dakle, ako \u017eelite da poku\u0161ate sa najpopularnijim brojevima, onda bi trebalo da razmislite o ovim navedenim. \u017delite biti sigurni da ste zaista uronili u ovo i osmi\u0161ljavate kako neke od njih mo\u017eete koristiti za sebe.<\/p>\n<h2>U\u010destvovanje u lutriji Mega Millions<\/h2>\n<p>Ako ste spremni da po\u010dnete da igrate lutriju Mega Millions, ali niste iz SAD, potreban vam je na\u010din da kupite tiket, zar ne? Morate znati kako da u\u0111ete u ovaj ceo proces i zapravo je puno lak\u0161e nego \u0161to mo\u017eda mislite, jer \u0107emo mi da se pobrinemo za vas. Pomo\u0107i \u0107emo vam da dobijete i \u017eeljeni tiket, a ne neki stari tiket.<\/p>\n<p>Kada odaberete svoje brojeve, mo\u0107i \u0107ete da vidite koliko vam brojeva treba, a mi \u0107emo vas obavestiti da li ste odabrali premalo ili previ\u0161e. Tako\u0111e imate mogu\u0107nost da nabavite tiket gde vam mi nasumi\u010dno dodelimo brojeve ili mo\u017eete da koristite kombinaciju ova dva i dobijete neke nasumi\u010dno dodeljene brojeve pored onih koje odaberete. Tada popunjavate kombinacije za potreban broj tiketa. Zatim \u0107ete morati da podesite nalog kod nas i odlu\u010dite kako \u0107ete platiti tikete. <a href=\"https:\/\/redfoxlotto.com\/sr\/lutrija\/\">Kupite tikete<\/a> i va\u0161 deo je zavr\u0161en. Odatle, mi nabavljamo tikete za vas.<\/p>\n<p>Tiket \u0107e biti prikazan na va\u0161em nalogu i mo\u0107i \u0107ete da vidite da li ste i\u0161ta osvojili, jer vam olak\u0161avamo da prona\u0111ete rezultate Mega Millions i dobitne brojeve u na\u0161em sistemu. Kada proverite svoje tikete nakon izvla\u010denja, bi\u0107e istaknuti svi izvu\u010deni brojevi na va\u0161em tiketu. Na taj na\u010din lako mo\u017eete da vidite koliko pogodaka imate!<\/p>\n","protected":false},"excerpt":{"rendered":"<p>Da li tragate za rezultatima poslednjeg izvla\u010denja Mega Millions USA? Ovde ih mo\u017eete prona\u0107i, a mo\u017eete prona\u0107i i arhivu sa brojevima prethodnih izvla\u010denja.<\/p>\n","protected":false},"author":1,"featured_media":0,"parent":7310,"menu_order":2,"comment_status":"closed","ping_status":"closed","template":"megamillion-results.php","meta":{"_et_pb_use_builder":"","_et_pb_old_content":"","_et_gb_content_width":"","exclude_from_search":false,"footnotes":""},"class_list":["post-7313","page","type-page","status-publish","hentry"],"yoast_head":"<!-- This site is optimized with the Yoast SEO plugin v23.8 - https:\/\/yoast.com\/wordpress\/plugins\/seo\/ -->\n<title>Mega Millions \u2013 dobitni brojevi i rezultati<\/title>\n<meta name=\"description\" content=\"Proverite dobitne brojeve na na\u0161oj Mega Millions stranici za rezultate, sa arhivom pro\u0161lih izvla\u010denja\" \/>\n<meta name=\"robots\" content=\"index, follow, max-snippet:-1, max-image-preview:large, max-video-preview:-1\" \/>\n<link rel=\"canonical\" href=\"https:\/\/redfoxlotto.com\/sr\/rezultati\/mega-millions\/\" \/>\n<meta property=\"og:locale\" content=\"sr_RS\" \/>\n<meta property=\"og:type\" content=\"article\" \/>\n<meta property=\"og:title\" content=\"Mega Millions \u2013 dobitni brojevi i rezultati\" \/>\n<meta property=\"og:description\" content=\"Proverite dobitne brojeve na na\u0161oj Mega Millions stranici za rezultate, sa arhivom pro\u0161lih izvla\u010denja\" \/>\n<meta property=\"og:url\" content=\"https:\/\/redfoxlotto.com\/sr\/rezultati\/mega-millions\/\" \/>\n<meta property=\"og:site_name\" content=\"Get Tickets for the World\u2019s largest jackpots\" \/>\n<meta property=\"article:modified_time\" content=\"2025-12-18T07:01:32+00:00\" \/>\n<meta property=\"og:image\" content=\"https:\/\/content.redfoxlotto.com\/uploads\/sites\/9\/1_results_mega_millions.jpg\" \/>\n<meta name=\"twitter:card\" content=\"summary_large_image\" \/>\n<meta name=\"twitter:label1\" content=\"\u041f\u0440\u043e\u0446\u0435\u045a\u0435\u043d\u043e \u0432\u0440\u0435\u043c\u0435 \u0447\u0438\u0442\u0430\u045a\u0430\" \/>\n\t<meta name=\"twitter:data1\" content=\"4 \u043c\u0438\u043d\u0443\u0442\u0430\" \/>\n<script type=\"application\/ld+json\" class=\"yoast-schema-graph\">{\"@context\":\"https:\/\/schema.org\",\"@graph\":[{\"@type\":\"WebPage\",\"@id\":\"https:\/\/redfoxlotto.com\/sr\/rezultati\/mega-millions\/\",\"url\":\"https:\/\/redfoxlotto.com\/sr\/rezultati\/mega-millions\/\",\"name\":\"Mega Millions \u2013 dobitni brojevi i rezultati\",\"isPartOf\":{\"@id\":\"https:\/\/redfoxlotto.com\/sr\/#website\"},\"primaryImageOfPage\":{\"@id\":\"https:\/\/redfoxlotto.com\/sr\/rezultati\/mega-millions\/#primaryimage\"},\"image\":{\"@id\":\"https:\/\/redfoxlotto.com\/sr\/rezultati\/mega-millions\/#primaryimage\"},\"thumbnailUrl\":\"https:\/\/content.redfoxlotto.com\/uploads\/sites\/9\/1_results_mega_millions.jpg\",\"datePublished\":\"2018-11-18T08:54:25+00:00\",\"dateModified\":\"2025-12-18T07:01:32+00:00\",\"description\":\"Proverite dobitne brojeve na na\u0161oj Mega Millions stranici za rezultate, sa arhivom pro\u0161lih izvla\u010denja\",\"breadcrumb\":{\"@id\":\"https:\/\/redfoxlotto.com\/sr\/rezultati\/mega-millions\/#breadcrumb\"},\"inLanguage\":\"sr-RS\",\"potentialAction\":[{\"@type\":\"ReadAction\",\"target\":[\"https:\/\/redfoxlotto.com\/sr\/rezultati\/mega-millions\/\"]}]},{\"@type\":\"ImageObject\",\"inLanguage\":\"sr-RS\",\"@id\":\"https:\/\/redfoxlotto.com\/sr\/rezultati\/mega-millions\/#primaryimage\",\"url\":\"https:\/\/content.redfoxlotto.com\/uploads\/sites\/9\/1_results_mega_millions.jpg\",\"contentUrl\":\"https:\/\/content.redfoxlotto.com\/uploads\/sites\/9\/1_results_mega_millions.jpg\"},{\"@type\":\"BreadcrumbList\",\"@id\":\"https:\/\/redfoxlotto.com\/sr\/rezultati\/mega-millions\/#breadcrumb\",\"itemListElement\":[{\"@type\":\"ListItem\",\"position\":1,\"name\":\"Home\",\"item\":\"https:\/\/redfoxlotto.com\/sr\/\"},{\"@type\":\"ListItem\",\"position\":2,\"name\":\"Rezultati me\u0111unarodne lutrije\",\"item\":\"https:\/\/redfoxlotto.com\/sr\/rezultati\/\"},{\"@type\":\"ListItem\",\"position\":3,\"name\":\"Mega Millions rezultati\"}]},{\"@type\":\"WebSite\",\"@id\":\"https:\/\/redfoxlotto.com\/sr\/#website\",\"url\":\"https:\/\/redfoxlotto.com\/sr\/\",\"name\":\"Get Tickets for the World\u2019s largest jackpots\",\"description\":\"Participate in worldwide lottery jackpots from any country\",\"publisher\":{\"@id\":\"https:\/\/redfoxlotto.com\/sr\/#organization\"},\"potentialAction\":[{\"@type\":\"SearchAction\",\"target\":{\"@type\":\"EntryPoint\",\"urlTemplate\":\"https:\/\/redfoxlotto.com\/sr\/?s={search_term_string}\"},\"query-input\":{\"@type\":\"PropertyValueSpecification\",\"valueRequired\":true,\"valueName\":\"search_term_string\"}}],\"inLanguage\":\"sr-RS\"},{\"@type\":\"Organization\",\"@id\":\"https:\/\/redfoxlotto.com\/sr\/#organization\",\"name\":\"Get Tickets for the World\u2019s largest jackpots\",\"url\":\"https:\/\/redfoxlotto.com\/sr\/\",\"logo\":{\"@type\":\"ImageObject\",\"inLanguage\":\"sr-RS\",\"@id\":\"https:\/\/redfoxlotto.com\/sr\/#\/schema\/logo\/image\/\",\"url\":\"https:\/\/redfoxlotto.com\/wp-content\/uploads\/2023\/04\/logo.png\",\"contentUrl\":\"https:\/\/redfoxlotto.com\/wp-content\/uploads\/2023\/04\/logo.png\",\"width\":269,\"height\":53,\"caption\":\"Get Tickets for the World\u2019s largest jackpots\"},\"image\":{\"@id\":\"https:\/\/redfoxlotto.com\/sr\/#\/schema\/logo\/image\/\"}}]}<\/script>\n<!-- \/ Yoast SEO plugin. -->","yoast_head_json":{"title":"Mega Millions \u2013 dobitni brojevi i rezultati","description":"Proverite dobitne brojeve na na\u0161oj Mega Millions stranici za rezultate, sa arhivom pro\u0161lih izvla\u010denja","robots":{"index":"index","follow":"follow","max-snippet":"max-snippet:-1","max-image-preview":"max-image-preview:large","max-video-preview":"max-video-preview:-1"},"canonical":"https:\/\/redfoxlotto.com\/sr\/rezultati\/mega-millions\/","og_locale":"sr_RS","og_type":"article","og_title":"Mega Millions \u2013 dobitni brojevi i rezultati","og_description":"Proverite dobitne brojeve na na\u0161oj Mega Millions stranici za rezultate, sa arhivom pro\u0161lih izvla\u010denja","og_url":"https:\/\/redfoxlotto.com\/sr\/rezultati\/mega-millions\/","og_site_name":"Get Tickets for the World\u2019s largest jackpots","article_modified_time":"2025-12-18T07:01:32+00:00","og_image":[{"url":"https:\/\/content.redfoxlotto.com\/uploads\/sites\/9\/1_results_mega_millions.jpg"}],"twitter_card":"summary_large_image","twitter_misc":{"\u041f\u0440\u043e\u0446\u0435\u045a\u0435\u043d\u043e \u0432\u0440\u0435\u043c\u0435 \u0447\u0438\u0442\u0430\u045a\u0430":"4 \u043c\u0438\u043d\u0443\u0442\u0430"},"schema":{"@context":"https:\/\/schema.org","@graph":[{"@type":"WebPage","@id":"https:\/\/redfoxlotto.com\/sr\/rezultati\/mega-millions\/","url":"https:\/\/redfoxlotto.com\/sr\/rezultati\/mega-millions\/","name":"Mega Millions \u2013 dobitni brojevi i rezultati","isPartOf":{"@id":"https:\/\/redfoxlotto.com\/sr\/#website"},"primaryImageOfPage":{"@id":"https:\/\/redfoxlotto.com\/sr\/rezultati\/mega-millions\/#primaryimage"},"image":{"@id":"https:\/\/redfoxlotto.com\/sr\/rezultati\/mega-millions\/#primaryimage"},"thumbnailUrl":"https:\/\/content.redfoxlotto.com\/uploads\/sites\/9\/1_results_mega_millions.jpg","datePublished":"2018-11-18T08:54:25+00:00","dateModified":"2025-12-18T07:01:32+00:00","description":"Proverite dobitne brojeve na na\u0161oj Mega Millions stranici za rezultate, sa arhivom pro\u0161lih izvla\u010denja","breadcrumb":{"@id":"https:\/\/redfoxlotto.com\/sr\/rezultati\/mega-millions\/#breadcrumb"},"inLanguage":"sr-RS","potentialAction":[{"@type":"ReadAction","target":["https:\/\/redfoxlotto.com\/sr\/rezultati\/mega-millions\/"]}]},{"@type":"ImageObject","inLanguage":"sr-RS","@id":"https:\/\/redfoxlotto.com\/sr\/rezultati\/mega-millions\/#primaryimage","url":"https:\/\/content.redfoxlotto.com\/uploads\/sites\/9\/1_results_mega_millions.jpg","contentUrl":"https:\/\/content.redfoxlotto.com\/uploads\/sites\/9\/1_results_mega_millions.jpg"},{"@type":"BreadcrumbList","@id":"https:\/\/redfoxlotto.com\/sr\/rezultati\/mega-millions\/#breadcrumb","itemListElement":[{"@type":"ListItem","position":1,"name":"Home","item":"https:\/\/redfoxlotto.com\/sr\/"},{"@type":"ListItem","position":2,"name":"Rezultati me\u0111unarodne lutrije","item":"https:\/\/redfoxlotto.com\/sr\/rezultati\/"},{"@type":"ListItem","position":3,"name":"Mega Millions rezultati"}]},{"@type":"WebSite","@id":"https:\/\/redfoxlotto.com\/sr\/#website","url":"https:\/\/redfoxlotto.com\/sr\/","name":"Get Tickets for the World\u2019s largest jackpots","description":"Participate in worldwide lottery jackpots from any country","publisher":{"@id":"https:\/\/redfoxlotto.com\/sr\/#organization"},"potentialAction":[{"@type":"SearchAction","target":{"@type":"EntryPoint","urlTemplate":"https:\/\/redfoxlotto.com\/sr\/?s={search_term_string}"},"query-input":{"@type":"PropertyValueSpecification","valueRequired":true,"valueName":"search_term_string"}}],"inLanguage":"sr-RS"},{"@type":"Organization","@id":"https:\/\/redfoxlotto.com\/sr\/#organization","name":"Get Tickets for the World\u2019s largest jackpots","url":"https:\/\/redfoxlotto.com\/sr\/","logo":{"@type":"ImageObject","inLanguage":"sr-RS","@id":"https:\/\/redfoxlotto.com\/sr\/#\/schema\/logo\/image\/","url":"https:\/\/redfoxlotto.com\/wp-content\/uploads\/2023\/04\/logo.png","contentUrl":"https:\/\/redfoxlotto.com\/wp-content\/uploads\/2023\/04\/logo.png","width":269,"height":53,"caption":"Get Tickets for the World\u2019s largest jackpots"},"image":{"@id":"https:\/\/redfoxlotto.com\/sr\/#\/schema\/logo\/image\/"}}]}},"_links":{"self":[{"href":"https:\/\/redfoxlotto.com\/sr\/wp-json\/wp\/v2\/pages\/7313","targetHints":{"allow":["GET"]}}],"collection":[{"href":"https:\/\/redfoxlotto.com\/sr\/wp-json\/wp\/v2\/pages"}],"about":[{"href":"https:\/\/redfoxlotto.com\/sr\/wp-json\/wp\/v2\/types\/page"}],"author":[{"embeddable":true,"href":"https:\/\/redfoxlotto.com\/sr\/wp-json\/wp\/v2\/users\/1"}],"replies":[{"embeddable":true,"href":"https:\/\/redfoxlotto.com\/sr\/wp-json\/wp\/v2\/comments?post=7313"}],"version-history":[{"count":0,"href":"https:\/\/redfoxlotto.com\/sr\/wp-json\/wp\/v2\/pages\/7313\/revisions"}],"up":[{"embeddable":true,"href":"https:\/\/redfoxlotto.com\/sr\/wp-json\/wp\/v2\/pages\/7310"}],"wp:attachment":[{"href":"https:\/\/redfoxlotto.com\/sr\/wp-json\/wp\/v2\/media?parent=7313"}],"curies":[{"name":"wp","href":"https:\/\/api.w.org\/{rel}","templated":true}]}}