{"id":7312,"date":"2018-11-18T08:54:25","date_gmt":"2018-11-18T08:54:25","guid":{"rendered":"https:\/\/redfoxlotto.com\/?page_id=3719"},"modified":"2025-12-17T15:18:31","modified_gmt":"2025-12-17T15:18:31","slug":"euromillions","status":"publish","type":"page","link":"https:\/\/redfoxlotto.com\/sr\/rezultati\/euromillions\/","title":{"rendered":"EuroMillions rezultati i najnoviji dobitni brojevi"},"content":{"rendered":"<p><script type=\"application\/ld+json\">\n{\n  \"@context\": \"https:\/\/schema.org\",\n  \"@type\": \"Service\",\n  \"name\": \"Proverite Euromillions rezultate online\",\n  \"url\": \"https:\/\/redfoxlotto.com\/sr\/rezultati\/euromillions\/\",\n  \"description\": \"Posetite RedFoxLotto za najnovije i arhivirane Euromillions rezultate.\",\n  \"serviceType\": \"Svetska arhiva rezultata lutrije\",\n  \"provider\": {\n    \"@type\": \"Organization\",\n    \"name\": \"RedFoxLotto\",\n    \"url\": \"https:\/\/redfoxlotto.com\",\n    \"image\": \"https:\/\/redfoxlotto.com\/wp-content\/uploads\/2025\/12\/ticket_scans.jpg\",\n    \"sameAs\": []\n  },\n  \"areaServed\": \"Worldwide\",\n  \"termsOfService\": \"https:\/\/redfoxlotto.com\/terms-and-conditions\",\n  \"additionalProperty\": {\n    \"@type\": \"PropertyValue\",\n    \"name\": \"FAQ\",\n    \"value\": \"https:\/\/redfoxlotto.com\/sr\/rezultati\/euromillions\/\"\n  },\n  \"hasOfferCatalog\": {\n    \"@type\": \"OfferCatalog\",\n    \"name\": \"Euromillions rezultati\",\n    \"itemListElement\": [{\n      \"@type\": \"Offer\",\n      \"name\": \"Euromillions rezultati\",\n      \"url\": \"https:\/\/redfoxlotto.com\/sr\/rezultati\/euromillions\/\",\n      \"description\": \"Najnoviji i prethodni Euromillions rezultati.\",\n      \"itemOffered\": {\n        \"@type\": \"Service\",\n        \"name\": \"Euromillions rezultati\",\n        \"description\": \"Izvu\u010deni Euromillions brojevi.\"\n      }\n    }]\n  },\n  \"mainEntityOfPage\": {\n    \"@type\": \"WebPage\",\n    \"@id\": \"https:\/\/redfoxlotto.com\/sr\/rezultati\/euromillions\/\"\n  }\n}\n<\/script><\/p>\n<h2>\u0415\u0443\u0440\u043e\u041c\u0438\u043b\u043b\u0438\u043e\u043d\u0441 \u0438 \u0423\u041a \u041c\u0438\u043b\u0438\u043e\u043d\u0430\u0438\u0440 \u041c\u0430\u043a\u0435\u0440<\/h2>\n<p>\u0418\u0433\u0440\u0430\u0447\u0438 \u043f\u043b\u0430\u045b\u0430\u0458\u0443 \u043c\u0430\u043b\u043e \u0432\u0438\u0448\u0435 \u0458\u0435\u0440 \u0441\u0435 \u0415\u0443\u0440\u043e\u041c\u0438\u043b\u043b\u0438\u043e\u043d\u0441 \u043a\u0430\u0440\u0442\u0435 \u043a\u0443\u043f\u0443\u0458\u0443 \u0443 \u0412\u0435\u043b\u0438\u043a\u043e\u0458 \u0411\u0440\u0438\u0442\u0430\u043d\u0438\u0458\u0438. \u041e\u0432\u043e \u0458\u0435 \u0437\u0431\u043e\u0433 \u0447\u0438\u045a\u0435\u043d\u0438\u0446\u0435 \u0434\u0430 \u0443\u043b\u0430\u0437\u043d\u0438\u0446\u0435 \u0437\u0430 \u0423\u041a \u0434\u043e\u043b\u0430\u0437\u0435 \u0441\u0430 \u0430\u0443\u0442\u043e\u043c\u0430\u0442\u0441\u043a\u0438\u043c \u0443\u043b\u0430\u0441\u043a\u043e\u043c \u0443 \u0438\u0437\u0432\u043b\u0430\u0447\u0435\u045a\u0435 \u041c\u0438\u043b\u043b\u0438\u043e\u043d\u0430\u0438\u0440\u0435 \u041c\u0430\u043a\u0435\u0440, \u0448\u0442\u043e \u043f\u0440\u0443\u0436\u0430 \u0434\u043e\u0434\u0430\u0442\u043d\u0443 \u043f\u0440\u0438\u043b\u0438\u043a\u0443 \u0434\u0430 \u043e\u0441\u0432\u043e\u0458\u0438\u0442\u0435 \u043d\u0430\u0433\u0440\u0430\u0434\u0443 \u043e\u0434 \u043c\u0438\u043b\u0438\u043e\u043d \u0444\u0443\u043d\u0442\u0438.<\/p>\n<p>\u041c\u0438\u043b\u043b\u0438\u043e\u043d\u0430\u0438\u0440\u0435 \u041c\u0430\u043a\u0435\u0440 \u0440\u0430\u0434\u0438 \u0442\u0430\u043a\u043e \u0448\u0442\u043e \u0433\u0435\u043d\u0435\u0440\u0438\u0448\u0435 \u0458\u0435\u0434\u0438\u043d\u0441\u0442\u0432\u0435\u043d\u0438 \u043a\u043e\u0434 \u0437\u0430 \u0441\u0432\u0430\u043a\u0443 \u043a\u0443\u043f\u0459\u0435\u043d\u0443 \u043a\u0430\u0440\u0442\u0443. \u041e\u0432\u0430\u0458 \u043a\u043e\u0434 \u0441\u0435 \u0441\u0430\u0441\u0442\u043e\u0458\u0438 \u043e\u0434 \u0447\u0435\u0442\u0438\u0440\u0438 \u0441\u043b\u043e\u0432\u0430 \u043f\u0440\u0430\u045b\u0435\u043d\u0430 \u043f\u0435\u0442 \u0431\u0440\u043e\u0458\u0435\u0432\u0430 (\u043d\u043f\u0440. \u0410\u0411\u0426\u041412345). \u0423 \u0441\u0432\u0430\u043a\u043e\u043c \u0438\u0437\u0432\u043b\u0430\u0447\u0435\u045a\u0443, \u0458\u0435\u0434\u0430\u043d \u0438\u043b\u0438 \u0432\u0438\u0448\u0435 \u043e\u0432\u0438\u0445 \u043a\u043e\u0434\u043e\u0432\u0430 \u0441\u0435 \u043d\u0430\u0441\u0443\u043c\u0438\u0447\u043d\u043e \u0431\u0438\u0440\u0430, \u0430 \u0432\u043b\u0430\u0441\u043d\u0438\u043a \u0442\u0438\u043a\u0435\u0442\u0430 \u0441\u0430 \u043e\u0434\u0433\u043e\u0432\u0430\u0440\u0430\u0458\u0443\u045b\u0438\u043c \u043a\u043e\u0434\u043e\u043c \u043e\u0434\u043c\u0430\u0445 \u043e\u0441\u0432\u0430\u0458\u0430 \u043c\u0438\u043b\u0438\u043e\u043d \u0444\u0443\u043d\u0442\u0438, \u0431\u0435\u0437 \u043e\u0431\u0437\u0438\u0440\u0430 \u043d\u0430 \u0433\u043b\u0430\u0432\u043d\u0435 \u0438\u0437\u0432\u0443\u0447\u0435\u043d\u0435 \u0415\u0443\u0440\u043e\u041c\u0438\u043b\u043b\u0438\u043e\u043d\u0441 \u0431\u0440\u043e\u0458\u0435\u0432\u0435.<\/p>\n<p>\u041e\u0432\u0430 \u0444\u0443\u043d\u043a\u0446\u0438\u0458\u0430 \u0447\u0438\u043d\u0438 \u0438\u0433\u0440\u0430\u045a\u0435 \u0415\u0443\u0440\u043e\u041c\u0438\u043b\u043b\u0438\u043e\u043d\u0441-\u0430 \u0443 \u0412\u0435\u043b\u0438\u043a\u043e\u0458 \u0411\u0440\u0438\u0442\u0430\u043d\u0438\u0458\u0438 \u043f\u043e\u0441\u0435\u0431\u043d\u043e \u0430\u0442\u0440\u0430\u043a\u0442\u0438\u0432\u043d\u0438\u043c, \u0458\u0435\u0440 \u043f\u0440\u0443\u0436\u0430 \u0434\u043e\u0434\u0430\u0442\u043d\u0443 \u043f\u0440\u0438\u043b\u0438\u043a\u0443 \u0437\u0430 \u043e\u0441\u0432\u0430\u0458\u0430\u045a\u0435 \u0437\u043d\u0430\u0447\u0430\u0458\u043d\u0435 \u043d\u0430\u0433\u0440\u0430\u0434\u0435 \u043e\u0441\u0438\u043c \u0441\u0442\u0430\u043d\u0434\u0430\u0440\u0434\u043d\u043e\u0433 \u045f\u0435\u043a\u043f\u043e\u0442\u0430 \u0438 \u043d\u0430\u0433\u0440\u0430\u0434\u0430 \u043d\u0438\u0436\u0435\u0433 \u043d\u0438\u0432\u043e\u0430.<\/p>\n<p>Na ovoj stranici se nalaze rezultati izvla\u010denja lutrije EuroMillions. Imate dobitni tiket? \u010cestitamo!<\/p>\n<p>Iskoristite na\u0161u arhivu <a href=\"https:\/\/redfoxlotto.com\/sr\/rezultati\/\">rezultata<\/a> gde mo\u017eete dobiti informacije o tome koji brojevi nisu izvu\u010deni ve\u0107 du\u017ee vreme.<\/p>\n<p><!--more--><br \/>\n<img loading=\"lazy\" decoding=\"async\" class=\" wp-image alignright\" src=\"https:\/\/content.redfoxlotto.com\/uploads\/sites\/9\/1_results_mega_millions.jpg\" alt=\"rezultati lutrije\" width=\"273\" height=\"273\" \/><\/p>\n<p><strong>Da li ste igrali EuroMillions?<\/strong> Mo\u017eda nikada pre niste kupili tiket pre ovog ili igrate sve vreme. Bez obzira koliko \u010desto igrate, definitivno \u017eelite da znate rezultate <a href=\"https:\/\/redfoxlotto.com\/sr\/lutrija\/euromillions\/\">lutrije EuroMillions<\/a>, zar ne? Definitivno \u0107ete \u017eeleti da znate da li ste ne\u0161to osvojili i koliko ste osvojili. Zapravo je super lako prona\u0107i rezultate i videti \u0161ta biste mogli sa svojim dobitkom, bilo da je on mali ili ne\u0161to ve\u0107i.<\/p>\n<h2>Da li ste dobitnik?<\/h2>\n<p>Ako se pitate da li ste pobedili, sigurno \u017eelite da znate gde biste mogli da proverite rezultate. Ovo je veoma jednostavno, jer su neki od naj\u010de\u0161\u0107ih na\u010dina da proverite da li je va\u0161 tiket dobitni &#8211; kupovina novina, gledanje izvla\u010denja u\u017eivo ili pretraga veb lokacije. Me\u0111utim, veb lokacije mogu biti \u010dak i bolje od nekih drugih opcija, posebno ako proveravate brojeve na istoj veb lokaciji na kojoj ste i kupili tiket. <strong>Razlog je \u0161to \u0107e na platformi \u010desto saop\u0161tavati koji su dobitni brojevi i koje brojeve ste pogodili.<\/strong> To je ono \u010dime se bavi RedFoxLotto.com.<\/p>\n<p>Kada mo\u017eete istovremeno da vidite svoje i dobitne brojeve, mo\u0107i \u0107ete lak\u0161e da ih uporedite i to \u0107e vam omogu\u0107iti brz uvid u ono \u0161to ste osvojili. Naravno, dalje \u017eelite da i potra\u017eivanje dobitka bude \u0161to jednostavnije. Odvojite malo vremena da pregledate onlajn usluge koje su tamo i vide\u0107ete da je potra\u017eivanje dobitka isto tako lako. Ne morate ni da brinete o \u010dinjenici da ste iz potpuno druge zemlje i da ne mo\u017eete jednostavno u\u0107i u prodavnicu ili lutrijski centar da zahtevate nagradu<\/p>\n<h2>Potra\u017eivanje dobitaka<\/h2>\n<p>Ako osvojite lutriju koju igrate onlajn, lako je potra\u017eivati dobitak kao i kad \u017eivite u istoj dr\u017eavi u kojoj se nalazi i lutrija. <strong>Jednostavno proverite svoj tiket prema rezultatu izvla\u010denja i zatra\u017eite isplatu svog dobitka<\/strong>. Na taj na\u010din mo\u017eete se vratiti u\u017eivanju i mo\u017eete raditi \u0161to god \u017eelite sa novcem koji ste osvojili. \u0160ta bi moglo biti bolje od toga?<\/p>\n<p>Mali dobici mogu biti dovoljni da kupite tiket za slede\u0107e izvla\u010denje. Ve\u0107i dobici mogu biti dovoljni da kupite neki posebni predmet koji stvarno \u017eelite. Bez obzira \u0161ta to \u0161to zaista volite, sigurno \u0107ete se dobro zabavljati igraju\u0107i igre, a mo\u0107i \u0107ete i da isprobate razli\u010dite vrste igara. U stvari, postoji \u010ditav niz razli\u010ditih igara dostupnih za igranje preko interneta. Dakle, bez obzira gde \u017eivite, ima\u0107ete priliku da u\u010destvujete u igrama koje dolaze iz potpuno razli\u010ditih zemalja.<\/p>\n<p><img decoding=\"async\" class=\"size-full wp-image alignright\" src=\"https:\/\/content.redfoxlotto.com\/uploads\/sites\/9\/1_lottery_winner_is2.jpg\" alt=\"Mega milion d\u017eekpot\" \/>Ako tra\u017eite najnovije rezultate lutrije EuroMillions, pogledajte zvani\u010dnu veb stranicu ili proverite lokalne novine. Isto tako, mo\u017eete pogledati veb lokaciju na kojoj ste kupili tiket (ako ste kupili na internetu) ili platformu <a href=\"https:\/\/redfoxlotto.com\/sr\/\">RedFoxLotto.com<\/a>. Mo\u0107i \u0107ete da prona\u0111ete rezultate i ako ste kupili kartu putem njihove usluge, mo\u0107i \u0107ete da uporedite brojeve na va\u0161oj listi sa pobedni\u010dkim brojevima i vide\u0107ete da li ste ne\u0161to osvojili.<\/p>\n<p>Kada budete spremni da igrate slede\u0107e kolo, sve \u0161to treba je da smislite koje brojeve \u017eelite da igrate i bez problema \u0107ete nabaviti taj tiket i usko\u010diti pravo u svoju omiljenu igru. EuroMillions nije jedina lutrija u inostranstvu, ali \u0107e vam definitivno pru\u017eiti priliku za veliki d\u017eekpot.<\/p>\n","protected":false},"excerpt":{"rendered":"<p>\u0415\u0443\u0440\u043e\u041c\u0438\u043b\u043b\u0438\u043e\u043d\u0441 \u0438 \u0423\u041a \u041c\u0438\u043b\u0438\u043e\u043d\u0430\u0438\u0440 \u041c\u0430\u043a\u0435\u0440 \u0418\u0433\u0440\u0430\u0447\u0438 \u043f\u043b\u0430\u045b\u0430\u0458\u0443 \u043c\u0430\u043b\u043e \u0432\u0438\u0448\u0435 \u0458\u0435\u0440 \u0441\u0435 \u0415\u0443\u0440\u043e\u041c\u0438\u043b\u043b\u0438\u043e\u043d\u0441 \u043a\u0430\u0440\u0442\u0435 \u043a\u0443\u043f\u0443\u0458\u0443 \u0443 \u0412\u0435\u043b\u0438\u043a\u043e\u0458 \u0411\u0440\u0438\u0442\u0430\u043d\u0438\u0458\u0438. \u041e\u0432\u043e \u0458\u0435 \u0437\u0431\u043e\u0433 \u0447\u0438\u045a\u0435\u043d\u0438\u0446\u0435 \u0434\u0430 \u0443\u043b\u0430\u0437\u043d\u0438\u0446\u0435 \u0437\u0430 \u0423\u041a \u0434\u043e\u043b\u0430\u0437\u0435 \u0441\u0430 \u0430\u0443\u0442\u043e\u043c\u0430\u0442\u0441\u043a\u0438\u043c \u0443\u043b\u0430\u0441\u043a\u043e\u043c \u0443 \u0438\u0437\u0432\u043b\u0430\u0447\u0435\u045a\u0435 \u041c\u0438\u043b\u043b\u0438\u043e\u043d\u0430\u0438\u0440\u0435 \u041c\u0430\u043a\u0435\u0440, \u0448\u0442\u043e \u043f\u0440\u0443\u0436\u0430 \u0434\u043e\u0434\u0430\u0442\u043d\u0443 \u043f\u0440\u0438\u043b\u0438\u043a\u0443 \u0434\u0430 \u043e\u0441\u0432\u043e\u0458\u0438\u0442\u0435 \u043d\u0430\u0433\u0440\u0430\u0434\u0443 \u043e\u0434 \u043c\u0438\u043b\u0438\u043e\u043d \u0444\u0443\u043d\u0442\u0438. \u041c\u0438\u043b\u043b\u0438\u043e\u043d\u0430\u0438\u0440\u0435 \u041c\u0430\u043a\u0435\u0440 \u0440\u0430\u0434\u0438 \u0442\u0430\u043a\u043e \u0448\u0442\u043e \u0433\u0435\u043d\u0435\u0440\u0438\u0448\u0435 \u0458\u0435\u0434\u0438\u043d\u0441\u0442\u0432\u0435\u043d\u0438 \u043a\u043e\u0434 \u0437\u0430 \u0441\u0432\u0430\u043a\u0443 \u043a\u0443\u043f\u0459\u0435\u043d\u0443 \u043a\u0430\u0440\u0442\u0443. [&hellip;]<\/p>\n","protected":false},"author":1,"featured_media":0,"parent":7310,"menu_order":3,"comment_status":"closed","ping_status":"closed","template":"euromillions-results.php","meta":{"_et_pb_use_builder":"","_et_pb_old_content":"","_et_gb_content_width":"","exclude_from_search":false,"footnotes":""},"class_list":["post-7312","page","type-page","status-publish","hentry"],"yoast_head":"<!-- This site is optimized with the Yoast SEO plugin v23.8 - https:\/\/yoast.com\/wordpress\/plugins\/seo\/ -->\n<title>EuroMillions rezultati lutrije<\/title>\n<meta name=\"description\" content=\"Rezultati poslednjeg i prethodnog izvla\u010denja lutrije Euromillions na jednoj strani\" \/>\n<meta name=\"robots\" content=\"index, follow, max-snippet:-1, max-image-preview:large, max-video-preview:-1\" \/>\n<link rel=\"canonical\" href=\"https:\/\/redfoxlotto.com\/sr\/rezultati\/euromillions\/\" \/>\n<meta property=\"og:locale\" content=\"sr_RS\" \/>\n<meta property=\"og:type\" content=\"article\" \/>\n<meta property=\"og:title\" content=\"EuroMillions rezultati lutrije\" \/>\n<meta property=\"og:description\" content=\"Rezultati poslednjeg i prethodnog izvla\u010denja lutrije Euromillions na jednoj strani\" \/>\n<meta property=\"og:url\" content=\"https:\/\/redfoxlotto.com\/sr\/rezultati\/euromillions\/\" \/>\n<meta property=\"og:site_name\" content=\"Get Tickets for the World\u2019s largest jackpots\" \/>\n<meta property=\"article:modified_time\" content=\"2025-12-17T15:18:31+00:00\" \/>\n<meta property=\"og:image\" content=\"https:\/\/content.redfoxlotto.com\/uploads\/sites\/9\/1_results_mega_millions.jpg\" \/>\n<meta name=\"twitter:card\" content=\"summary_large_image\" \/>\n<meta name=\"twitter:label1\" content=\"\u041f\u0440\u043e\u0446\u0435\u045a\u0435\u043d\u043e \u0432\u0440\u0435\u043c\u0435 \u0447\u0438\u0442\u0430\u045a\u0430\" \/>\n\t<meta name=\"twitter:data1\" content=\"4 \u043c\u0438\u043d\u0443\u0442\u0430\" \/>\n<script type=\"application\/ld+json\" class=\"yoast-schema-graph\">{\"@context\":\"https:\/\/schema.org\",\"@graph\":[{\"@type\":\"WebPage\",\"@id\":\"https:\/\/redfoxlotto.com\/sr\/rezultati\/euromillions\/\",\"url\":\"https:\/\/redfoxlotto.com\/sr\/rezultati\/euromillions\/\",\"name\":\"EuroMillions rezultati lutrije\",\"isPartOf\":{\"@id\":\"https:\/\/redfoxlotto.com\/sr\/#website\"},\"primaryImageOfPage\":{\"@id\":\"https:\/\/redfoxlotto.com\/sr\/rezultati\/euromillions\/#primaryimage\"},\"image\":{\"@id\":\"https:\/\/redfoxlotto.com\/sr\/rezultati\/euromillions\/#primaryimage\"},\"thumbnailUrl\":\"https:\/\/content.redfoxlotto.com\/uploads\/sites\/9\/1_results_mega_millions.jpg\",\"datePublished\":\"2018-11-18T08:54:25+00:00\",\"dateModified\":\"2025-12-17T15:18:31+00:00\",\"description\":\"Rezultati poslednjeg i prethodnog izvla\u010denja lutrije Euromillions na jednoj strani\",\"breadcrumb\":{\"@id\":\"https:\/\/redfoxlotto.com\/sr\/rezultati\/euromillions\/#breadcrumb\"},\"inLanguage\":\"sr-RS\",\"potentialAction\":[{\"@type\":\"ReadAction\",\"target\":[\"https:\/\/redfoxlotto.com\/sr\/rezultati\/euromillions\/\"]}]},{\"@type\":\"ImageObject\",\"inLanguage\":\"sr-RS\",\"@id\":\"https:\/\/redfoxlotto.com\/sr\/rezultati\/euromillions\/#primaryimage\",\"url\":\"https:\/\/content.redfoxlotto.com\/uploads\/sites\/9\/1_results_mega_millions.jpg\",\"contentUrl\":\"https:\/\/content.redfoxlotto.com\/uploads\/sites\/9\/1_results_mega_millions.jpg\"},{\"@type\":\"BreadcrumbList\",\"@id\":\"https:\/\/redfoxlotto.com\/sr\/rezultati\/euromillions\/#breadcrumb\",\"itemListElement\":[{\"@type\":\"ListItem\",\"position\":1,\"name\":\"Home\",\"item\":\"https:\/\/redfoxlotto.com\/sr\/\"},{\"@type\":\"ListItem\",\"position\":2,\"name\":\"Rezultati me\u0111unarodne lutrije\",\"item\":\"https:\/\/redfoxlotto.com\/sr\/rezultati\/\"},{\"@type\":\"ListItem\",\"position\":3,\"name\":\"EuroMillions rezultati i najnoviji dobitni brojevi\"}]},{\"@type\":\"WebSite\",\"@id\":\"https:\/\/redfoxlotto.com\/sr\/#website\",\"url\":\"https:\/\/redfoxlotto.com\/sr\/\",\"name\":\"Get Tickets for the World\u2019s largest jackpots\",\"description\":\"Participate in worldwide lottery jackpots from any country\",\"publisher\":{\"@id\":\"https:\/\/redfoxlotto.com\/sr\/#organization\"},\"potentialAction\":[{\"@type\":\"SearchAction\",\"target\":{\"@type\":\"EntryPoint\",\"urlTemplate\":\"https:\/\/redfoxlotto.com\/sr\/?s={search_term_string}\"},\"query-input\":{\"@type\":\"PropertyValueSpecification\",\"valueRequired\":true,\"valueName\":\"search_term_string\"}}],\"inLanguage\":\"sr-RS\"},{\"@type\":\"Organization\",\"@id\":\"https:\/\/redfoxlotto.com\/sr\/#organization\",\"name\":\"Get Tickets for the World\u2019s largest jackpots\",\"url\":\"https:\/\/redfoxlotto.com\/sr\/\",\"logo\":{\"@type\":\"ImageObject\",\"inLanguage\":\"sr-RS\",\"@id\":\"https:\/\/redfoxlotto.com\/sr\/#\/schema\/logo\/image\/\",\"url\":\"https:\/\/redfoxlotto.com\/wp-content\/uploads\/2023\/04\/logo.png\",\"contentUrl\":\"https:\/\/redfoxlotto.com\/wp-content\/uploads\/2023\/04\/logo.png\",\"width\":269,\"height\":53,\"caption\":\"Get Tickets for the World\u2019s largest jackpots\"},\"image\":{\"@id\":\"https:\/\/redfoxlotto.com\/sr\/#\/schema\/logo\/image\/\"}}]}<\/script>\n<!-- \/ Yoast SEO plugin. -->","yoast_head_json":{"title":"EuroMillions rezultati lutrije","description":"Rezultati poslednjeg i prethodnog izvla\u010denja lutrije Euromillions na jednoj strani","robots":{"index":"index","follow":"follow","max-snippet":"max-snippet:-1","max-image-preview":"max-image-preview:large","max-video-preview":"max-video-preview:-1"},"canonical":"https:\/\/redfoxlotto.com\/sr\/rezultati\/euromillions\/","og_locale":"sr_RS","og_type":"article","og_title":"EuroMillions rezultati lutrije","og_description":"Rezultati poslednjeg i prethodnog izvla\u010denja lutrije Euromillions na jednoj strani","og_url":"https:\/\/redfoxlotto.com\/sr\/rezultati\/euromillions\/","og_site_name":"Get Tickets for the World\u2019s largest jackpots","article_modified_time":"2025-12-17T15:18:31+00:00","og_image":[{"url":"https:\/\/content.redfoxlotto.com\/uploads\/sites\/9\/1_results_mega_millions.jpg"}],"twitter_card":"summary_large_image","twitter_misc":{"\u041f\u0440\u043e\u0446\u0435\u045a\u0435\u043d\u043e \u0432\u0440\u0435\u043c\u0435 \u0447\u0438\u0442\u0430\u045a\u0430":"4 \u043c\u0438\u043d\u0443\u0442\u0430"},"schema":{"@context":"https:\/\/schema.org","@graph":[{"@type":"WebPage","@id":"https:\/\/redfoxlotto.com\/sr\/rezultati\/euromillions\/","url":"https:\/\/redfoxlotto.com\/sr\/rezultati\/euromillions\/","name":"EuroMillions rezultati lutrije","isPartOf":{"@id":"https:\/\/redfoxlotto.com\/sr\/#website"},"primaryImageOfPage":{"@id":"https:\/\/redfoxlotto.com\/sr\/rezultati\/euromillions\/#primaryimage"},"image":{"@id":"https:\/\/redfoxlotto.com\/sr\/rezultati\/euromillions\/#primaryimage"},"thumbnailUrl":"https:\/\/content.redfoxlotto.com\/uploads\/sites\/9\/1_results_mega_millions.jpg","datePublished":"2018-11-18T08:54:25+00:00","dateModified":"2025-12-17T15:18:31+00:00","description":"Rezultati poslednjeg i prethodnog izvla\u010denja lutrije Euromillions na jednoj strani","breadcrumb":{"@id":"https:\/\/redfoxlotto.com\/sr\/rezultati\/euromillions\/#breadcrumb"},"inLanguage":"sr-RS","potentialAction":[{"@type":"ReadAction","target":["https:\/\/redfoxlotto.com\/sr\/rezultati\/euromillions\/"]}]},{"@type":"ImageObject","inLanguage":"sr-RS","@id":"https:\/\/redfoxlotto.com\/sr\/rezultati\/euromillions\/#primaryimage","url":"https:\/\/content.redfoxlotto.com\/uploads\/sites\/9\/1_results_mega_millions.jpg","contentUrl":"https:\/\/content.redfoxlotto.com\/uploads\/sites\/9\/1_results_mega_millions.jpg"},{"@type":"BreadcrumbList","@id":"https:\/\/redfoxlotto.com\/sr\/rezultati\/euromillions\/#breadcrumb","itemListElement":[{"@type":"ListItem","position":1,"name":"Home","item":"https:\/\/redfoxlotto.com\/sr\/"},{"@type":"ListItem","position":2,"name":"Rezultati me\u0111unarodne lutrije","item":"https:\/\/redfoxlotto.com\/sr\/rezultati\/"},{"@type":"ListItem","position":3,"name":"EuroMillions rezultati i najnoviji dobitni brojevi"}]},{"@type":"WebSite","@id":"https:\/\/redfoxlotto.com\/sr\/#website","url":"https:\/\/redfoxlotto.com\/sr\/","name":"Get Tickets for the World\u2019s largest jackpots","description":"Participate in worldwide lottery jackpots from any country","publisher":{"@id":"https:\/\/redfoxlotto.com\/sr\/#organization"},"potentialAction":[{"@type":"SearchAction","target":{"@type":"EntryPoint","urlTemplate":"https:\/\/redfoxlotto.com\/sr\/?s={search_term_string}"},"query-input":{"@type":"PropertyValueSpecification","valueRequired":true,"valueName":"search_term_string"}}],"inLanguage":"sr-RS"},{"@type":"Organization","@id":"https:\/\/redfoxlotto.com\/sr\/#organization","name":"Get Tickets for the World\u2019s largest jackpots","url":"https:\/\/redfoxlotto.com\/sr\/","logo":{"@type":"ImageObject","inLanguage":"sr-RS","@id":"https:\/\/redfoxlotto.com\/sr\/#\/schema\/logo\/image\/","url":"https:\/\/redfoxlotto.com\/wp-content\/uploads\/2023\/04\/logo.png","contentUrl":"https:\/\/redfoxlotto.com\/wp-content\/uploads\/2023\/04\/logo.png","width":269,"height":53,"caption":"Get Tickets for the World\u2019s largest jackpots"},"image":{"@id":"https:\/\/redfoxlotto.com\/sr\/#\/schema\/logo\/image\/"}}]}},"_links":{"self":[{"href":"https:\/\/redfoxlotto.com\/sr\/wp-json\/wp\/v2\/pages\/7312","targetHints":{"allow":["GET"]}}],"collection":[{"href":"https:\/\/redfoxlotto.com\/sr\/wp-json\/wp\/v2\/pages"}],"about":[{"href":"https:\/\/redfoxlotto.com\/sr\/wp-json\/wp\/v2\/types\/page"}],"author":[{"embeddable":true,"href":"https:\/\/redfoxlotto.com\/sr\/wp-json\/wp\/v2\/users\/1"}],"replies":[{"embeddable":true,"href":"https:\/\/redfoxlotto.com\/sr\/wp-json\/wp\/v2\/comments?post=7312"}],"version-history":[{"count":0,"href":"https:\/\/redfoxlotto.com\/sr\/wp-json\/wp\/v2\/pages\/7312\/revisions"}],"up":[{"embeddable":true,"href":"https:\/\/redfoxlotto.com\/sr\/wp-json\/wp\/v2\/pages\/7310"}],"wp:attachment":[{"href":"https:\/\/redfoxlotto.com\/sr\/wp-json\/wp\/v2\/media?parent=7312"}],"curies":[{"name":"wp","href":"https:\/\/api.w.org\/{rel}","templated":true}]}}