{"id":7311,"date":"2018-11-18T08:54:25","date_gmt":"2018-11-18T08:54:25","guid":{"rendered":"https:\/\/redfoxlotto.com\/?page_id=3717"},"modified":"2025-12-17T13:36:47","modified_gmt":"2025-12-17T13:36:47","slug":"eurojackpot","status":"publish","type":"page","link":"https:\/\/redfoxlotto.com\/sr\/rezultati\/eurojackpot\/","title":{"rendered":"Eurojackpot rezultati"},"content":{"rendered":"<p><script type=\"application\/ld+json\">\n{\n  \"@context\": \"https:\/\/schema.org\",\n  \"@type\": \"Service\",\n  \"name\": \"Proverite rezultate Eurojackpot-a online\",\n  \"url\": \"https:\/\/redfoxlotto.com\/sr\/rezultati\/eurojackpot\/\",\n  \"description\": \"Posetite RedFoxLotto da proverite najnovije rezultate Eurojackpot-a i na\u0161 arhiv rezultata lutrije.\",\n  \"serviceType\": \"Svetski arhiv rezultata lutrije\",\n  \"provider\": {\n    \"@type\": \"Organization\",\n    \"name\": \"RedFoxLotto\",\n    \"url\": \"https:\/\/redfoxlotto.com\/sr\/rezultati\/eurojackpot\/\",\n    \"image\": \"https:\/\/redfoxlotto.com\/wp-content\/uploads\/2025\/12\/ticket_scans.jpg\",\n    \"sameAs\": []\n  },\n  \"areaServed\": \"Worldwide\",\n  \"termsOfService\": \"https:\/\/redfoxlotto.com\/terms-and-conditions\",\n  \"additionalProperty\": {\n    \"@type\": \"PropertyValue\",\n    \"name\": \"FAQ\",\n    \"value\": \"https:\/\/redfoxlotto.com\/sr\/faq\/\"\n  },\n  \"hasOfferCatalog\": {\n    \"@type\": \"OfferCatalog\",\n    \"name\": \"Rezultati Eurojackpot-a\",\n    \"itemListElement\": [\n      {\n        \"@type\": \"Offer\",\n        \"name\": \"Rezultati Eurojackpot-a\",\n        \"url\": \"https:\/\/redfoxlotto.com\/sr\/rezultati\/eurojackpot\/\",\n        \"description\": \"Prona\u0111ite najnovije i istorijske rezultate Eurojackpot-a i drugih glavnih lutrija ovde.\",\n        \"itemOffered\": {\n          \"@type\": \"Service\",\n          \"name\": \"Rezultati Eurojackpot-a\",\n          \"description\": \"Izvu\u010deni brojevi Eurojackpot-a online, nedavni i stariji rezultati.\"\n        }\n      }\n    ]\n  },\n  \"mainEntityOfPage\": {\n    \"@type\": \"WebPage\",\n    \"@id\": \"https:\/\/redfoxlotto.com\/sr\/rezultati\/eurojackpot\/\"\n  }\n}\n<\/script><br \/>\nAko ste igrali EuroJackpot, onda \u0107ete sigurno <strong>\u017eeleti da vidite rezultate EuroJackpota?<\/strong> \u017delite da se osigurate da \u0107ete dobiti izvu\u010dene brojeve i to u najkra\u0107em mogu\u0107em roku. Sre\u0107om, vrlo je lako prona\u0107i rezultate, a mi \u0107emo vam upravo ovde re\u0107i sve o razli\u010ditim opcijama koje imate na raspolaganju.<\/p>\n<p><!--more--><\/p>\n<ul>\n<li style=\"list-style-type: none\">\n<ul>\n<li style=\"list-style-type: none\">\n<ul>\n<li><strong>Novine<\/strong> \u2013 Ako \u017eivite u podru\u010dju u kojem se <a href=\"https:\/\/redfoxlotto.com\/sr\/lutrija\/eurojackpot\/\">EuroJackpot<\/a> zapravo igra, trebalo bi da ste u mogu\u0107nosti da prona\u0111ete rezultate u novinama koje su \u0161tampaju odmah posle izvla\u010denja. Izvu\u010deni brojevi su uglavnom nalaze u popularnim novinama u delu predvi\u0111enom za lutriju, mogu se \u0161tampati i u nekim manjim novinama, a obi\u010dno su dostupni i putem internetskih verzija. Ovo je sjajan na\u010din da prona\u0111ete dobitne brojeve ako vam nije stalo da ih dobijete odmah nakon izvla\u010denja.<\/li>\n<\/ul>\n<\/li>\n<\/ul>\n<p><img decoding=\"async\" class=\"size-full wp-image alignright\" src=\"https:\/\/content.redfoxlotto.com\/uploads\/sites\/9\/results_eurojackpot.jpg\" alt=\"winning numbers\" \/><\/p>\n<ul>\n<li><strong>Gledajte u\u017eivo<\/strong> \u2013 Ako zaista \u017eelite da saznate rezultate za Eurojackpot odmah nakon izvla\u010denja, najbolji na\u010din da to u\u010dinite je da gledate izvla\u010denje u\u017eivo i vidite odmah koji su brojevi izvu\u010deni. Rezultati EuroJackpota se odmah prikazaju tako da mo\u017eete spremiti svoj tiket i videti na licu mesta da li se va\u0161i brojevi podudaraju sa izvu\u010denim brojevima. Ako vam se brojevi podudaraju, bi\u0107ete prvi koji \u0107e to saznati i mo\u017eete odmah oti\u0107i tamo i videti \u0161ta sve treba da uradite da naplatite svoj dobitak, bilo da je veliki ili mali.<\/li>\n<li><strong>Proverite preko interneta<\/strong> \u2013 Postoji mno\u0161tvo razli\u010ditih veb lokacija na kojima mo\u017eete prona\u0107i pobedni\u010dke brojeve. Neki od njih \u0107e brojeve objaviti odmah nakon izvla\u010denja. Neki mo\u017eda nekoliko sati ili \u010dak dan ili vi\u0161e nakon izvla\u010denja. Ako \u017eelite brzo da saznate izvu\u010dene brojeve, va\u017eno je da obratite pa\u017enju na to kada \u0107e odabrana veb lokacija da ih postavi, a zatim posetite one koji \u0107e imati rezultate koje \u017eelite. Ako tra\u017eite na\u010dine kako da \u0161to br\u017ee vidite rezultate, potra\u017eite veb lokacije koje zapravo i prodaju tikete.<\/li>\n<li><strong>Zvani\u010dni veb-sajtovi<\/strong> \u2013Jedno od mesta gde mo\u017eete pregledati brojeve onlajn je i zvani\u010dna veb lokacija igre koju igrate. Dakle, rezultati EuroJackpota bi\u0107e dostupni direktno putem veb lokacije. Sve \u0161to treba je da proveravate sajt. Dobitni brojevi se uglavnom objavljuju \u010dim se izvuku. To zna\u010di da ne\u0107ete morati da \u010dekate dugo da biste dobili rezultate i videli da li ste ne\u0161to osvojili ili ne. Isto tako, lak\u0161e \u0107ete potra\u017eivati dobitak kada proverite pobedni\u010dke brojeve na sajtu nego da ih \u010dekate u novinama ili gledate u\u017eivo.<\/li>\n<\/ul>\n<p><img loading=\"lazy\" decoding=\"async\" class=\" wp-image alignright\" src=\"https:\/\/content.redfoxlotto.com\/uploads\/sites\/9\/5_Eurojackpot_tiers_prizes_odds.jpg\" alt=\"Eurojackpot results\" width=\"333\" height=\"273\" \/>Da li ste spremni da igrate EuroJackpot onlajn i \u017eelite da budete sigurni da \u0107ete nabaviti tiket na pravi na\u010din? To uop\u0161te ne\u0107e biti te\u0161ko kad se prijavite na <a href=\"https:\/\/redfoxlotto.com\/sr\/\">RedFoxLotto.com<\/a>, gde \u0107ete mo\u0107i da kupite tikete koje \u017eelite i da vidite kako da izaberete \u017eeljene brojeve. Ceo proces je jednostavan i veoma brzo biste mogli da osvojite nagradu u potpuno drugoj zemlji. Zar to ne bi bio jako zabavan i sjajan na\u010din da u\u017eivate u vremenu <a href=\"https:\/\/redfoxlotto.com\/sr\/igrati\/\">igraju\u0107i loto<\/a>?<\/li>\n<\/ul>\n","protected":false},"excerpt":{"rendered":"<p>Ako ste igrali EuroJackpot, onda \u0107ete sigurno \u017eeleti da vidite rezultate EuroJackpota? \u017delite da se osigurate da \u0107ete dobiti izvu\u010dene brojeve i to u najkra\u0107em mogu\u0107em roku. Sre\u0107om, vrlo je lako prona\u0107i rezultate, a mi \u0107emo vam upravo ovde re\u0107i sve o razli\u010ditim opcijama koje imate na raspolaganju.<\/p>\n","protected":false},"author":1,"featured_media":0,"parent":7310,"menu_order":4,"comment_status":"closed","ping_status":"closed","template":"eurojackpot-results.php","meta":{"_et_pb_use_builder":"","_et_pb_old_content":"","_et_gb_content_width":"","exclude_from_search":false,"footnotes":""},"class_list":["post-7311","page","type-page","status-publish","hentry"],"yoast_head":"<!-- This site is optimized with the Yoast SEO plugin v27.4 - https:\/\/yoast.com\/product\/yoast-seo-wordpress\/ -->\n<title>Eurojackpot lutrija rezultati<\/title>\n<meta name=\"description\" content=\"Pogledajte najnovije rezultate za Eurojackpot lutriju ovde na na\u0161em sajtu.\" \/>\n<meta name=\"robots\" content=\"index, follow, max-snippet:-1, max-image-preview:large, max-video-preview:-1\" \/>\n<link rel=\"canonical\" href=\"https:\/\/redfoxlotto.com\/sr\/rezultati\/eurojackpot\/\" \/>\n<meta property=\"og:locale\" content=\"sr_RS\" \/>\n<meta property=\"og:type\" content=\"article\" \/>\n<meta property=\"og:title\" content=\"Eurojackpot lutrija rezultati\" \/>\n<meta property=\"og:description\" content=\"Pogledajte najnovije rezultate za Eurojackpot lutriju ovde na na\u0161em sajtu.\" \/>\n<meta property=\"og:url\" content=\"https:\/\/redfoxlotto.com\/sr\/rezultati\/eurojackpot\/\" \/>\n<meta property=\"og:site_name\" content=\"Get Tickets for the World\u2019s largest jackpots\" \/>\n<meta property=\"article:modified_time\" content=\"2025-12-17T13:36:47+00:00\" \/>\n<meta property=\"og:image\" content=\"https:\/\/content.redfoxlotto.com\/uploads\/sites\/9\/results_eurojackpot.jpg\" \/>\n<meta name=\"twitter:card\" content=\"summary_large_image\" \/>\n<meta name=\"twitter:label1\" content=\"\u041f\u0440\u043e\u0446\u0435\u045a\u0435\u043d\u043e \u0432\u0440\u0435\u043c\u0435 \u0447\u0438\u0442\u0430\u045a\u0430\" \/>\n\t<meta name=\"twitter:data1\" content=\"3 \u043c\u0438\u043d\u0443\u0442\u0430\" \/>\n<script type=\"application\/ld+json\" class=\"yoast-schema-graph\">{\"@context\":\"https:\\\/\\\/schema.org\",\"@graph\":[{\"@type\":\"WebPage\",\"@id\":\"https:\\\/\\\/redfoxlotto.com\\\/sr\\\/rezultati\\\/eurojackpot\\\/\",\"url\":\"https:\\\/\\\/redfoxlotto.com\\\/sr\\\/rezultati\\\/eurojackpot\\\/\",\"name\":\"Eurojackpot lutrija rezultati\",\"isPartOf\":{\"@id\":\"https:\\\/\\\/redfoxlotto.com\\\/sr\\\/#website\"},\"primaryImageOfPage\":{\"@id\":\"https:\\\/\\\/redfoxlotto.com\\\/sr\\\/rezultati\\\/eurojackpot\\\/#primaryimage\"},\"image\":{\"@id\":\"https:\\\/\\\/redfoxlotto.com\\\/sr\\\/rezultati\\\/eurojackpot\\\/#primaryimage\"},\"thumbnailUrl\":\"https:\\\/\\\/content.redfoxlotto.com\\\/uploads\\\/sites\\\/9\\\/results_eurojackpot.jpg\",\"datePublished\":\"2018-11-18T08:54:25+00:00\",\"dateModified\":\"2025-12-17T13:36:47+00:00\",\"description\":\"Pogledajte najnovije rezultate za Eurojackpot lutriju ovde na na\u0161em sajtu.\",\"breadcrumb\":{\"@id\":\"https:\\\/\\\/redfoxlotto.com\\\/sr\\\/rezultati\\\/eurojackpot\\\/#breadcrumb\"},\"inLanguage\":\"sr-RS\",\"potentialAction\":[{\"@type\":\"ReadAction\",\"target\":[\"https:\\\/\\\/redfoxlotto.com\\\/sr\\\/rezultati\\\/eurojackpot\\\/\"]}]},{\"@type\":\"ImageObject\",\"inLanguage\":\"sr-RS\",\"@id\":\"https:\\\/\\\/redfoxlotto.com\\\/sr\\\/rezultati\\\/eurojackpot\\\/#primaryimage\",\"url\":\"https:\\\/\\\/content.redfoxlotto.com\\\/uploads\\\/sites\\\/9\\\/results_eurojackpot.jpg\",\"contentUrl\":\"https:\\\/\\\/content.redfoxlotto.com\\\/uploads\\\/sites\\\/9\\\/results_eurojackpot.jpg\"},{\"@type\":\"BreadcrumbList\",\"@id\":\"https:\\\/\\\/redfoxlotto.com\\\/sr\\\/rezultati\\\/eurojackpot\\\/#breadcrumb\",\"itemListElement\":[{\"@type\":\"ListItem\",\"position\":1,\"name\":\"Home\",\"item\":\"https:\\\/\\\/redfoxlotto.com\\\/sr\\\/\"},{\"@type\":\"ListItem\",\"position\":2,\"name\":\"Rezultati me\u0111unarodne lutrije\",\"item\":\"https:\\\/\\\/redfoxlotto.com\\\/sr\\\/rezultati\\\/\"},{\"@type\":\"ListItem\",\"position\":3,\"name\":\"Eurojackpot rezultati\"}]},{\"@type\":\"WebSite\",\"@id\":\"https:\\\/\\\/redfoxlotto.com\\\/sr\\\/#website\",\"url\":\"https:\\\/\\\/redfoxlotto.com\\\/sr\\\/\",\"name\":\"Get Tickets for the World\u2019s largest jackpots\",\"description\":\"Participate in worldwide lottery jackpots from any country\",\"publisher\":{\"@id\":\"https:\\\/\\\/redfoxlotto.com\\\/sr\\\/#organization\"},\"potentialAction\":[{\"@type\":\"SearchAction\",\"target\":{\"@type\":\"EntryPoint\",\"urlTemplate\":\"https:\\\/\\\/redfoxlotto.com\\\/sr\\\/?s={search_term_string}\"},\"query-input\":{\"@type\":\"PropertyValueSpecification\",\"valueRequired\":true,\"valueName\":\"search_term_string\"}}],\"inLanguage\":\"sr-RS\"},{\"@type\":\"Organization\",\"@id\":\"https:\\\/\\\/redfoxlotto.com\\\/sr\\\/#organization\",\"name\":\"Get Tickets for the World\u2019s largest jackpots\",\"url\":\"https:\\\/\\\/redfoxlotto.com\\\/sr\\\/\",\"logo\":{\"@type\":\"ImageObject\",\"inLanguage\":\"sr-RS\",\"@id\":\"https:\\\/\\\/redfoxlotto.com\\\/sr\\\/#\\\/schema\\\/logo\\\/image\\\/\",\"url\":\"https:\\\/\\\/redfoxlotto.com\\\/wp-content\\\/uploads\\\/2023\\\/04\\\/logo.png\",\"contentUrl\":\"https:\\\/\\\/redfoxlotto.com\\\/wp-content\\\/uploads\\\/2023\\\/04\\\/logo.png\",\"width\":269,\"height\":53,\"caption\":\"Get Tickets for the World\u2019s largest jackpots\"},\"image\":{\"@id\":\"https:\\\/\\\/redfoxlotto.com\\\/sr\\\/#\\\/schema\\\/logo\\\/image\\\/\"}}]}<\/script>\n<!-- \/ Yoast SEO plugin. -->","yoast_head_json":{"title":"Eurojackpot lutrija rezultati","description":"Pogledajte najnovije rezultate za Eurojackpot lutriju ovde na na\u0161em sajtu.","robots":{"index":"index","follow":"follow","max-snippet":"max-snippet:-1","max-image-preview":"max-image-preview:large","max-video-preview":"max-video-preview:-1"},"canonical":"https:\/\/redfoxlotto.com\/sr\/rezultati\/eurojackpot\/","og_locale":"sr_RS","og_type":"article","og_title":"Eurojackpot lutrija rezultati","og_description":"Pogledajte najnovije rezultate za Eurojackpot lutriju ovde na na\u0161em sajtu.","og_url":"https:\/\/redfoxlotto.com\/sr\/rezultati\/eurojackpot\/","og_site_name":"Get Tickets for the World\u2019s largest jackpots","article_modified_time":"2025-12-17T13:36:47+00:00","og_image":[{"url":"https:\/\/content.redfoxlotto.com\/uploads\/sites\/9\/results_eurojackpot.jpg","type":"","width":"","height":""}],"twitter_card":"summary_large_image","twitter_misc":{"\u041f\u0440\u043e\u0446\u0435\u045a\u0435\u043d\u043e \u0432\u0440\u0435\u043c\u0435 \u0447\u0438\u0442\u0430\u045a\u0430":"3 \u043c\u0438\u043d\u0443\u0442\u0430"},"schema":{"@context":"https:\/\/schema.org","@graph":[{"@type":"WebPage","@id":"https:\/\/redfoxlotto.com\/sr\/rezultati\/eurojackpot\/","url":"https:\/\/redfoxlotto.com\/sr\/rezultati\/eurojackpot\/","name":"Eurojackpot lutrija rezultati","isPartOf":{"@id":"https:\/\/redfoxlotto.com\/sr\/#website"},"primaryImageOfPage":{"@id":"https:\/\/redfoxlotto.com\/sr\/rezultati\/eurojackpot\/#primaryimage"},"image":{"@id":"https:\/\/redfoxlotto.com\/sr\/rezultati\/eurojackpot\/#primaryimage"},"thumbnailUrl":"https:\/\/content.redfoxlotto.com\/uploads\/sites\/9\/results_eurojackpot.jpg","datePublished":"2018-11-18T08:54:25+00:00","dateModified":"2025-12-17T13:36:47+00:00","description":"Pogledajte najnovije rezultate za Eurojackpot lutriju ovde na na\u0161em sajtu.","breadcrumb":{"@id":"https:\/\/redfoxlotto.com\/sr\/rezultati\/eurojackpot\/#breadcrumb"},"inLanguage":"sr-RS","potentialAction":[{"@type":"ReadAction","target":["https:\/\/redfoxlotto.com\/sr\/rezultati\/eurojackpot\/"]}]},{"@type":"ImageObject","inLanguage":"sr-RS","@id":"https:\/\/redfoxlotto.com\/sr\/rezultati\/eurojackpot\/#primaryimage","url":"https:\/\/content.redfoxlotto.com\/uploads\/sites\/9\/results_eurojackpot.jpg","contentUrl":"https:\/\/content.redfoxlotto.com\/uploads\/sites\/9\/results_eurojackpot.jpg"},{"@type":"BreadcrumbList","@id":"https:\/\/redfoxlotto.com\/sr\/rezultati\/eurojackpot\/#breadcrumb","itemListElement":[{"@type":"ListItem","position":1,"name":"Home","item":"https:\/\/redfoxlotto.com\/sr\/"},{"@type":"ListItem","position":2,"name":"Rezultati me\u0111unarodne lutrije","item":"https:\/\/redfoxlotto.com\/sr\/rezultati\/"},{"@type":"ListItem","position":3,"name":"Eurojackpot rezultati"}]},{"@type":"WebSite","@id":"https:\/\/redfoxlotto.com\/sr\/#website","url":"https:\/\/redfoxlotto.com\/sr\/","name":"Get Tickets for the World\u2019s largest jackpots","description":"Participate in worldwide lottery jackpots from any country","publisher":{"@id":"https:\/\/redfoxlotto.com\/sr\/#organization"},"potentialAction":[{"@type":"SearchAction","target":{"@type":"EntryPoint","urlTemplate":"https:\/\/redfoxlotto.com\/sr\/?s={search_term_string}"},"query-input":{"@type":"PropertyValueSpecification","valueRequired":true,"valueName":"search_term_string"}}],"inLanguage":"sr-RS"},{"@type":"Organization","@id":"https:\/\/redfoxlotto.com\/sr\/#organization","name":"Get Tickets for the World\u2019s largest jackpots","url":"https:\/\/redfoxlotto.com\/sr\/","logo":{"@type":"ImageObject","inLanguage":"sr-RS","@id":"https:\/\/redfoxlotto.com\/sr\/#\/schema\/logo\/image\/","url":"https:\/\/redfoxlotto.com\/wp-content\/uploads\/2023\/04\/logo.png","contentUrl":"https:\/\/redfoxlotto.com\/wp-content\/uploads\/2023\/04\/logo.png","width":269,"height":53,"caption":"Get Tickets for the World\u2019s largest jackpots"},"image":{"@id":"https:\/\/redfoxlotto.com\/sr\/#\/schema\/logo\/image\/"}}]}},"_links":{"self":[{"href":"https:\/\/redfoxlotto.com\/sr\/wp-json\/wp\/v2\/pages\/7311","targetHints":{"allow":["GET"]}}],"collection":[{"href":"https:\/\/redfoxlotto.com\/sr\/wp-json\/wp\/v2\/pages"}],"about":[{"href":"https:\/\/redfoxlotto.com\/sr\/wp-json\/wp\/v2\/types\/page"}],"author":[{"embeddable":true,"href":"https:\/\/redfoxlotto.com\/sr\/wp-json\/wp\/v2\/users\/1"}],"replies":[{"embeddable":true,"href":"https:\/\/redfoxlotto.com\/sr\/wp-json\/wp\/v2\/comments?post=7311"}],"version-history":[{"count":0,"href":"https:\/\/redfoxlotto.com\/sr\/wp-json\/wp\/v2\/pages\/7311\/revisions"}],"up":[{"embeddable":true,"href":"https:\/\/redfoxlotto.com\/sr\/wp-json\/wp\/v2\/pages\/7310"}],"wp:attachment":[{"href":"https:\/\/redfoxlotto.com\/sr\/wp-json\/wp\/v2\/media?parent=7311"}],"curies":[{"name":"wp","href":"https:\/\/api.w.org\/{rel}","templated":true}]}}