{"id":7310,"date":"2023-04-24T14:13:24","date_gmt":"2023-04-24T14:13:24","guid":{"rendered":"https:\/\/redfoxlotto.com\/?page_id=3715"},"modified":"2025-12-18T08:54:59","modified_gmt":"2025-12-18T08:54:59","slug":"rezultati","status":"publish","type":"page","link":"https:\/\/redfoxlotto.com\/sr\/rezultati\/","title":{"rendered":"Rezultati me\u0111unarodne lutrije"},"content":{"rendered":"<p><script type=\"application\/ld+json\">\n{\n  \"@context\": \"https:\/\/schema.org\",\n  \"@type\": \"Service\",\n  \"name\": \"\u041f\u0440\u043e\u0432\u0435\u0440\u044c\u0442\u0435 \u0440\u0435\u0437\u0443\u043b\u044c\u0442\u0430\u0442\u044b \u043c\u0435\u0436\u0434\u0443\u043d\u0430\u0440\u043e\u0434\u043d\u044b\u0445 \u043b\u043e\u0442\u0435\u0440\u0435\u0439\u043d\u044b\u0445 \u0442\u0438\u0440\u0430\u0436\u0435\u0439 \u043e\u043d\u043b\u0430\u0439\u043d\",\n  \"url\": \"https:\/\/redfoxlotto.com\/ru\/rezultaty\/powerball\",\n  \"description\": \"\u041f\u043e\u0441\u0435\u0442\u0438\u0442\u0435 RedFoxLotto, \u0447\u0442\u043e\u0431\u044b \u0443\u0437\u043d\u0430\u0442\u044c \u043f\u043e\u0441\u043b\u0435\u0434\u043d\u0438\u0435 \u0440\u0435\u0437\u0443\u043b\u044c\u0442\u0430\u0442\u044b \u043a\u0440\u0443\u043f\u043d\u0435\u0439\u0448\u0438\u0445 \u043b\u043e\u0442\u0435\u0440\u0435\u0439 \u043c\u0438\u0440\u0430.\",\n  \"serviceType\": \"\u041c\u0438\u0440\u043e\u0432\u043e\u0439 \u0430\u0440\u0445\u0438\u0432 \u0440\u0435\u0437\u0443\u043b\u044c\u0442\u0430\u0442\u043e\u0432 \u043b\u043e\u0442\u0435\u0440\u0435\u0439\",<\/p>\n<p>  \"provider\": {\n    \"@type\": \"Organization\",\n    \"name\": \"RedFoxLotto\",\n    \"url\": \"https:\/\/redfoxlotto.com\/ru\/\",\n    \"image\": \"https:\/\/redfoxlotto.com\/wp-content\/uploads\/2025\/12\/ticket_scans.jpg\",\n    \"sameAs\": []\n  },<\/p>\n<p>  \"areaServed\": \"Worldwide\",\n  \"termsOfService\": \"https:\/\/redfoxlotto.com\/terms-and-conditions\",<\/p>\n<p>  \"additionalProperty\": {\n    \"@type\": \"PropertyValue\",\n    \"name\": \"\u0427\u0430\u0441\u0442\u043e \u0437\u0430\u0434\u0430\u0432\u0430\u0435\u043c\u044b\u0435 \u0432\u043e\u043f\u0440\u043e\u0441\u044b\",\n    \"value\": \"https:\/\/redfoxlotto.com\/ru\/faq\/\"\n  },<\/p>\n<p>  \"hasOfferCatalog\": {\n    \"@type\": \"OfferCatalog\",\n    \"name\": \"\u041c\u0438\u0440\u043e\u0432\u044b\u0435 \u0440\u0435\u0437\u0443\u043b\u044c\u0442\u0430\u0442\u044b \u043b\u043e\u0442\u0435\u0440\u0435\u0439\",\n    \"itemListElement\": [\n      {\n        \"@type\": \"Offer\",\n        \"name\": \"\u0411\u0438\u043b\u0435\u0442 Powerball\",\n        \"url\": \"https:\/\/redfoxlotto.com\/ru\/rezultaty\/\",\n        \"description\": \"\u0417\u0434\u0435\u0441\u044c \u0432\u044b \u043d\u0430\u0439\u0434\u0435\u0442\u0435 \u043f\u043e\u0441\u043b\u0435\u0434\u043d\u0438\u0435 \u0438 \u0430\u0440\u0445\u0438\u0432\u043d\u044b\u0435 \u0440\u0435\u0437\u0443\u043b\u044c\u0442\u0430\u0442\u044b \u043a\u0440\u0443\u043f\u043d\u0435\u0439\u0448\u0438\u0445 \u043b\u043e\u0442\u0435\u0440\u0435\u0439 \u043c\u0438\u0440\u0430\",\n        \"itemOffered\": {\n          \"@type\": \"Service\",\n          \"name\": \"\u041c\u0435\u0436\u0434\u0443\u043d\u0430\u0440\u043e\u0434\u043d\u044b\u0435 \u0440\u0435\u0437\u0443\u043b\u044c\u0442\u0430\u0442\u044b \u043b\u043e\u0442\u0435\u0440\u0435\u0439\",\n          \"description\": \"\u0412\u044b\u043f\u0430\u0432\u0448\u0438\u0435 \u0447\u0438\u0441\u043b\u0430 \u043e\u043d\u043b\u0430\u0439\u043d \u0434\u043b\u044f \u043a\u0440\u0443\u043f\u043d\u0435\u0439\u0448\u0438\u0445 \u043b\u043e\u0442\u0435\u0440\u0435\u0439, \u0441\u0432\u0435\u0436\u0438\u0435 \u0438 \u0441\u0442\u0430\u0440\u044b\u0435 \u0440\u0435\u0437\u0443\u043b\u044c\u0442\u0430\u0442\u044b.\"\n        }\n      }\n    ]\n  },<\/p>\n<p>  \"mainEntityOfPage\": {\n    \"@type\": \"WebPage\",\n    \"@id\": \"https:\/\/redfoxlotto.com\/ru\/rezultaty\/\"\n  }\n}\n<\/script><\/p>\n<p>Ovde \u0107emo svake sedmice objavljivati najnovije <strong>pobedni\u010dke brojeve i rezultate svih me\u0111unarodnih lutrija<\/strong> za koje mo\u017eete od nas <a href=\"https:\/\/redfoxlotto.com\/sr\/lutrija\/\">kupiti tikete<\/a>.<!--more--><br \/>\n<img loading=\"lazy\" decoding=\"async\" class=\" wp-image alignright\" src=\"https:\/\/content.redfoxlotto.com\/uploads\/sites\/9\/1_winning_lottery_numbers.jpg\" alt=\"winning numbers international lotteries\" width=\"255\" height=\"255\" \/>Rezultati dolaze od zvani\u010dnih lutrijskih operatera i bi\u0107e objavljeni ovde odmah nakon izvla\u010denja. Na taj na\u010din mo\u017eete brzo da uporedite svoje tikete sa pobedni\u010dkim brojevima i proverite da li ste dobitnik. Mo\u017eete videti i iznose dobitaka odgovaraju\u0107ih nagradnih rangova klikom na naziv lutrije. Na taj na\u010din \u0107ete saznati i <strong>da li je poslednji d\u017eekpot osvojen ili ne.<\/strong><\/p>\n<h2>Pro\u0161li rezultati i pobedni\u010dki brojevi<\/h2>\n<p>Prikaza\u0107emo vam i izvu\u010dene brojeve i rezultate za prethodne sedmice. Naravno, ako \u017eelite, mo\u017eete koristiti ove informacije o me\u0111unarodnim lutrijama da odaberete brojeve za slede\u0107e loto tikete.<\/p>\n<p>Isto tako, dobitne brojeve iz poslednje sedmice ili nedelja mo\u017eete iskoristiti da napravite nove kombinacije za svoj slede\u0107i tiket. Primer bi bio upotreba prvog broja poslednjeg izvla\u010denja lutrija <a href=\"https:\/\/redfoxlotto.com\/sr\/igrati\/mega-millions\/\">Mega Millions<\/a>, drugog broja rezultata lutrije <a href=\"https:\/\/redfoxlotto.com\/sr\/igrati\/euromillions\/\">Euromillions<\/a> i tre\u0107eg broja <a href=\"https:\/\/redfoxlotto.com\/sr\/igrati\/eurojackpot\/\">Eurojackpota<\/a> i tako dalje.<\/p>\n<h2>Vru\u0107i i hladni brojevi<\/h2>\n<p><img loading=\"lazy\" decoding=\"async\" class=\" wp-image alignright\" src=\"https:\/\/content.redfoxlotto.com\/uploads\/sites\/9\/1_lotto_draw_results.jpg\" alt=\"results lottery\" width=\"285\" height=\"191\" \/><br \/>\nKada proverite <strong>prethodne rezultate me\u0111unarodnih lutrija<\/strong>, mo\u017eete videti i koji brojevi su izvu\u010deni na raznim lutrijama. Istovremeno \u0107ete primetiti koji brojevi se ne prikazuju u rezultatima. Na taj na\u010din mo\u017eete odrediti tople i hladne brojeve iz prethodnih rezultata. Mnogi igra\u010di koriste ove informacije da bi izabrali pobedni\u010dke brojeve. Ovo je strategija koja obe\u0107ava uspeh.<\/p>\n<p>Isto tako, dobitne brojeve iz poslednje sedmice ili sedmica mo\u017eete da iskoristite da napravite nove kombinacije za svoj slede\u0107i tiket. Primer bi bio da za svoj prvi broj na Powerball tiketu iskoristite poslednji izvu\u010deni broj poslednjeg izvla\u010denja Megamillionsa. Ili mo\u017eete iskoristiti drugi broj iz rezultata Euromillionsa i tre\u0107i broj Eurojackpota i tako dalje.<\/p>\n","protected":false},"excerpt":{"rendered":"<p>Ovde \u0107emo svake sedmice objavljivati najnovije pobedni\u010dke brojeve i rezultate svih me\u0111unarodnih lutrija za koje mo\u017eete od nas kupiti tikete.<\/p>\n","protected":false},"author":1,"featured_media":0,"parent":0,"menu_order":4,"comment_status":"closed","ping_status":"closed","template":"Results.php","meta":{"_et_pb_use_builder":"","_et_pb_old_content":"","_et_gb_content_width":"","exclude_from_search":false,"footnotes":""},"class_list":["post-7310","page","type-page","status-publish","hentry"],"yoast_head":"<!-- This site is optimized with the Yoast SEO plugin v23.8 - https:\/\/yoast.com\/wordpress\/plugins\/seo\/ -->\n<title>Pobedni\u010dki brojevi i rezultati me\u0111unarodne lutrije<\/title>\n<meta name=\"description\" content=\"Da li je va\u0161 loto tiket pobedni\u010dki? Pogledajte ovde rezultate i pobedni\u010dke brojeve me\u0111unarodnih lutrija\" \/>\n<meta name=\"robots\" content=\"index, follow, max-snippet:-1, max-image-preview:large, max-video-preview:-1\" \/>\n<link rel=\"canonical\" href=\"https:\/\/redfoxlotto.com\/sr\/rezultati\/\" \/>\n<meta property=\"og:locale\" content=\"sr_RS\" \/>\n<meta property=\"og:type\" content=\"article\" \/>\n<meta property=\"og:title\" content=\"Pobedni\u010dki brojevi i rezultati me\u0111unarodne lutrije\" \/>\n<meta property=\"og:description\" content=\"Da li je va\u0161 loto tiket pobedni\u010dki? Pogledajte ovde rezultate i pobedni\u010dke brojeve me\u0111unarodnih lutrija\" \/>\n<meta property=\"og:url\" content=\"https:\/\/redfoxlotto.com\/sr\/rezultati\/\" \/>\n<meta property=\"og:site_name\" content=\"Get Tickets for the World\u2019s largest jackpots\" \/>\n<meta property=\"article:modified_time\" content=\"2025-12-18T08:54:59+00:00\" \/>\n<meta property=\"og:image\" content=\"https:\/\/content.redfoxlotto.com\/uploads\/sites\/9\/1_winning_lottery_numbers.jpg\" \/>\n<meta name=\"twitter:card\" content=\"summary_large_image\" \/>\n<meta name=\"twitter:label1\" content=\"\u041f\u0440\u043e\u0446\u0435\u045a\u0435\u043d\u043e \u0432\u0440\u0435\u043c\u0435 \u0447\u0438\u0442\u0430\u045a\u0430\" \/>\n\t<meta name=\"twitter:data1\" content=\"2 \u043c\u0438\u043d\u0443\u0442\u0430\" \/>\n<script type=\"application\/ld+json\" class=\"yoast-schema-graph\">{\"@context\":\"https:\/\/schema.org\",\"@graph\":[{\"@type\":\"WebPage\",\"@id\":\"https:\/\/redfoxlotto.com\/sr\/rezultati\/\",\"url\":\"https:\/\/redfoxlotto.com\/sr\/rezultati\/\",\"name\":\"Pobedni\u010dki brojevi i rezultati me\u0111unarodne lutrije\",\"isPartOf\":{\"@id\":\"https:\/\/redfoxlotto.com\/sr\/#website\"},\"primaryImageOfPage\":{\"@id\":\"https:\/\/redfoxlotto.com\/sr\/rezultati\/#primaryimage\"},\"image\":{\"@id\":\"https:\/\/redfoxlotto.com\/sr\/rezultati\/#primaryimage\"},\"thumbnailUrl\":\"https:\/\/content.redfoxlotto.com\/uploads\/sites\/9\/1_winning_lottery_numbers.jpg\",\"datePublished\":\"2023-04-24T14:13:24+00:00\",\"dateModified\":\"2025-12-18T08:54:59+00:00\",\"description\":\"Da li je va\u0161 loto tiket pobedni\u010dki? Pogledajte ovde rezultate i pobedni\u010dke brojeve me\u0111unarodnih lutrija\",\"breadcrumb\":{\"@id\":\"https:\/\/redfoxlotto.com\/sr\/rezultati\/#breadcrumb\"},\"inLanguage\":\"sr-RS\",\"potentialAction\":[{\"@type\":\"ReadAction\",\"target\":[\"https:\/\/redfoxlotto.com\/sr\/rezultati\/\"]}]},{\"@type\":\"ImageObject\",\"inLanguage\":\"sr-RS\",\"@id\":\"https:\/\/redfoxlotto.com\/sr\/rezultati\/#primaryimage\",\"url\":\"https:\/\/content.redfoxlotto.com\/uploads\/sites\/9\/1_winning_lottery_numbers.jpg\",\"contentUrl\":\"https:\/\/content.redfoxlotto.com\/uploads\/sites\/9\/1_winning_lottery_numbers.jpg\"},{\"@type\":\"BreadcrumbList\",\"@id\":\"https:\/\/redfoxlotto.com\/sr\/rezultati\/#breadcrumb\",\"itemListElement\":[{\"@type\":\"ListItem\",\"position\":1,\"name\":\"Home\",\"item\":\"https:\/\/redfoxlotto.com\/sr\/\"},{\"@type\":\"ListItem\",\"position\":2,\"name\":\"Rezultati me\u0111unarodne lutrije\"}]},{\"@type\":\"WebSite\",\"@id\":\"https:\/\/redfoxlotto.com\/sr\/#website\",\"url\":\"https:\/\/redfoxlotto.com\/sr\/\",\"name\":\"Get Tickets for the World\u2019s largest jackpots\",\"description\":\"Participate in worldwide lottery jackpots from any country\",\"publisher\":{\"@id\":\"https:\/\/redfoxlotto.com\/sr\/#organization\"},\"potentialAction\":[{\"@type\":\"SearchAction\",\"target\":{\"@type\":\"EntryPoint\",\"urlTemplate\":\"https:\/\/redfoxlotto.com\/sr\/?s={search_term_string}\"},\"query-input\":{\"@type\":\"PropertyValueSpecification\",\"valueRequired\":true,\"valueName\":\"search_term_string\"}}],\"inLanguage\":\"sr-RS\"},{\"@type\":\"Organization\",\"@id\":\"https:\/\/redfoxlotto.com\/sr\/#organization\",\"name\":\"Get Tickets for the World\u2019s largest jackpots\",\"url\":\"https:\/\/redfoxlotto.com\/sr\/\",\"logo\":{\"@type\":\"ImageObject\",\"inLanguage\":\"sr-RS\",\"@id\":\"https:\/\/redfoxlotto.com\/sr\/#\/schema\/logo\/image\/\",\"url\":\"https:\/\/redfoxlotto.com\/wp-content\/uploads\/2023\/04\/logo.png\",\"contentUrl\":\"https:\/\/redfoxlotto.com\/wp-content\/uploads\/2023\/04\/logo.png\",\"width\":269,\"height\":53,\"caption\":\"Get Tickets for the World\u2019s largest jackpots\"},\"image\":{\"@id\":\"https:\/\/redfoxlotto.com\/sr\/#\/schema\/logo\/image\/\"}}]}<\/script>\n<!-- \/ Yoast SEO plugin. -->","yoast_head_json":{"title":"Pobedni\u010dki brojevi i rezultati me\u0111unarodne lutrije","description":"Da li je va\u0161 loto tiket pobedni\u010dki? Pogledajte ovde rezultate i pobedni\u010dke brojeve me\u0111unarodnih lutrija","robots":{"index":"index","follow":"follow","max-snippet":"max-snippet:-1","max-image-preview":"max-image-preview:large","max-video-preview":"max-video-preview:-1"},"canonical":"https:\/\/redfoxlotto.com\/sr\/rezultati\/","og_locale":"sr_RS","og_type":"article","og_title":"Pobedni\u010dki brojevi i rezultati me\u0111unarodne lutrije","og_description":"Da li je va\u0161 loto tiket pobedni\u010dki? Pogledajte ovde rezultate i pobedni\u010dke brojeve me\u0111unarodnih lutrija","og_url":"https:\/\/redfoxlotto.com\/sr\/rezultati\/","og_site_name":"Get Tickets for the World\u2019s largest jackpots","article_modified_time":"2025-12-18T08:54:59+00:00","og_image":[{"url":"https:\/\/content.redfoxlotto.com\/uploads\/sites\/9\/1_winning_lottery_numbers.jpg"}],"twitter_card":"summary_large_image","twitter_misc":{"\u041f\u0440\u043e\u0446\u0435\u045a\u0435\u043d\u043e \u0432\u0440\u0435\u043c\u0435 \u0447\u0438\u0442\u0430\u045a\u0430":"2 \u043c\u0438\u043d\u0443\u0442\u0430"},"schema":{"@context":"https:\/\/schema.org","@graph":[{"@type":"WebPage","@id":"https:\/\/redfoxlotto.com\/sr\/rezultati\/","url":"https:\/\/redfoxlotto.com\/sr\/rezultati\/","name":"Pobedni\u010dki brojevi i rezultati me\u0111unarodne lutrije","isPartOf":{"@id":"https:\/\/redfoxlotto.com\/sr\/#website"},"primaryImageOfPage":{"@id":"https:\/\/redfoxlotto.com\/sr\/rezultati\/#primaryimage"},"image":{"@id":"https:\/\/redfoxlotto.com\/sr\/rezultati\/#primaryimage"},"thumbnailUrl":"https:\/\/content.redfoxlotto.com\/uploads\/sites\/9\/1_winning_lottery_numbers.jpg","datePublished":"2023-04-24T14:13:24+00:00","dateModified":"2025-12-18T08:54:59+00:00","description":"Da li je va\u0161 loto tiket pobedni\u010dki? Pogledajte ovde rezultate i pobedni\u010dke brojeve me\u0111unarodnih lutrija","breadcrumb":{"@id":"https:\/\/redfoxlotto.com\/sr\/rezultati\/#breadcrumb"},"inLanguage":"sr-RS","potentialAction":[{"@type":"ReadAction","target":["https:\/\/redfoxlotto.com\/sr\/rezultati\/"]}]},{"@type":"ImageObject","inLanguage":"sr-RS","@id":"https:\/\/redfoxlotto.com\/sr\/rezultati\/#primaryimage","url":"https:\/\/content.redfoxlotto.com\/uploads\/sites\/9\/1_winning_lottery_numbers.jpg","contentUrl":"https:\/\/content.redfoxlotto.com\/uploads\/sites\/9\/1_winning_lottery_numbers.jpg"},{"@type":"BreadcrumbList","@id":"https:\/\/redfoxlotto.com\/sr\/rezultati\/#breadcrumb","itemListElement":[{"@type":"ListItem","position":1,"name":"Home","item":"https:\/\/redfoxlotto.com\/sr\/"},{"@type":"ListItem","position":2,"name":"Rezultati me\u0111unarodne lutrije"}]},{"@type":"WebSite","@id":"https:\/\/redfoxlotto.com\/sr\/#website","url":"https:\/\/redfoxlotto.com\/sr\/","name":"Get Tickets for the World\u2019s largest jackpots","description":"Participate in worldwide lottery jackpots from any country","publisher":{"@id":"https:\/\/redfoxlotto.com\/sr\/#organization"},"potentialAction":[{"@type":"SearchAction","target":{"@type":"EntryPoint","urlTemplate":"https:\/\/redfoxlotto.com\/sr\/?s={search_term_string}"},"query-input":{"@type":"PropertyValueSpecification","valueRequired":true,"valueName":"search_term_string"}}],"inLanguage":"sr-RS"},{"@type":"Organization","@id":"https:\/\/redfoxlotto.com\/sr\/#organization","name":"Get Tickets for the World\u2019s largest jackpots","url":"https:\/\/redfoxlotto.com\/sr\/","logo":{"@type":"ImageObject","inLanguage":"sr-RS","@id":"https:\/\/redfoxlotto.com\/sr\/#\/schema\/logo\/image\/","url":"https:\/\/redfoxlotto.com\/wp-content\/uploads\/2023\/04\/logo.png","contentUrl":"https:\/\/redfoxlotto.com\/wp-content\/uploads\/2023\/04\/logo.png","width":269,"height":53,"caption":"Get Tickets for the World\u2019s largest jackpots"},"image":{"@id":"https:\/\/redfoxlotto.com\/sr\/#\/schema\/logo\/image\/"}}]}},"_links":{"self":[{"href":"https:\/\/redfoxlotto.com\/sr\/wp-json\/wp\/v2\/pages\/7310","targetHints":{"allow":["GET"]}}],"collection":[{"href":"https:\/\/redfoxlotto.com\/sr\/wp-json\/wp\/v2\/pages"}],"about":[{"href":"https:\/\/redfoxlotto.com\/sr\/wp-json\/wp\/v2\/types\/page"}],"author":[{"embeddable":true,"href":"https:\/\/redfoxlotto.com\/sr\/wp-json\/wp\/v2\/users\/1"}],"replies":[{"embeddable":true,"href":"https:\/\/redfoxlotto.com\/sr\/wp-json\/wp\/v2\/comments?post=7310"}],"version-history":[{"count":0,"href":"https:\/\/redfoxlotto.com\/sr\/wp-json\/wp\/v2\/pages\/7310\/revisions"}],"wp:attachment":[{"href":"https:\/\/redfoxlotto.com\/sr\/wp-json\/wp\/v2\/media?parent=7310"}],"curies":[{"name":"wp","href":"https:\/\/api.w.org\/{rel}","templated":true}]}}