{"id":7309,"date":"2018-11-18T08:54:25","date_gmt":"2018-11-18T08:54:25","guid":{"rendered":"https:\/\/redfoxlotto.com\/?page_id=3713"},"modified":"2020-01-30T10:19:20","modified_gmt":"2020-01-30T10:19:20","slug":"lotto-uk","status":"publish","type":"page","link":"https:\/\/redfoxlotto.com\/sr\/lutrija\/lotto-uk\/","title":{"rendered":"O lutriji UK"},"content":{"rendered":"<p>Lutrija u Ujedinjenom Kraljevstvu je najve\u0107a nacionalna lutrija u toj dr\u017eavi, ne ra\u010dunaju\u0107i panevropske lutrije kao \u0161to su Euromillions i Eurojackpot.<\/p><p><img loading=\"lazy\" decoding=\"async\" class=\" wp-image alignright\" src=\"https:\/\/content.redfoxlotto.com\/uploads\/sites\/9\/2_ticket_uk_lottery2.jpg\" alt=\"lottery tickets UK  \" width=\"192\" height=\"303\" \/><\/p><!--more--><p>Danas loto igra\u010di izvan UK mogu da se oprobaju u ovoj popularnoj lutriji. Izgledi su bolji nego u ve\u0107ini drugih evropskih lutrija.<\/p><p>Lutrija u UK, kao \u0161to i samo ime govori, zvani\u010dna je lutrija Ujedinjenog Kraljevstva. 1994. godine, kada je osnovana, bila je poznata kao Nacionalna lutrija, ali je 2002. godine preina\u010dena u loto. Fran\u0161izu za UK lutriju je preuzela vlada Ujedinjenog Kraljevstva, a licencu za upravljanje lutrijom dobila je grupa poznata kao Camelot grupa dok regulatorne operacije lutrije obavlja komisija za kockanje.<\/p><p><img decoding=\"async\" class=\"size-full wp-image alignright\" src=\"https:\/\/content.redfoxlotto.com\/uploads\/sites\/9\/1_win_lottery_online3.jpg\" alt=\"buy ticket UK Lottery  \"><\/p><h2 class=\"wp-block-heading\">Kako da u\u010destvujete van UK<\/h2><p>Da bi mogli da u\u010destvuju u lotou u Velikoj Britaniji, igra\u010di moraju da kupe lutrijski tiket koji im dozvoljava se da odaberu 6 brojeva od mogu\u0107ih 59, a imaju i mogu\u0107nost tzv. sre\u0107nog odabira kod kog su brojevi nasumi\u010dno izabrani. Izvla\u010denje se vr\u0161i dva puta nedeljno, pri \u010demu se nasumi\u010dno bira 6 brojeva, a bira se i bonus broj od preostalih 53. Ako su brojevi na va\u0161em tiketu podudarni sa 6 izvu\u010denih glavnih brojeva, tada ste osvojili d\u017eekpot. \u010cak i ako se na va\u0161em tiketu ne nalazi svih 6 izvu\u010denih brojeva, i dalje imate \u0161anse da osvojite ne\u0161to jer postoje nagrade za pogo\u0111enih 2, 3, 4 ili 5 brojeva, ne isklju\u010duju\u0107i bonus broj.<\/p><p>Najve\u0107i dobitni d\u017eekpot u lutiji u Velikoj Britaniji je dobit od 161,6 miliona funti od 12. jula 2011. godine, koji su naplatili Collins Weir i njegova supruga. Verovatno\u0107a da \u0107ete pogoditi d\u017eekpot u lutriji u Uk je 1:45 miliona.<\/p><p><strong>Uzmite svoj onlajn tiket sada za UK lutriju!<\/strong><\/p>","protected":false},"excerpt":{"rendered":"<p>Lutrija u Ujedinjenom Kraljevstvu je najve\u0107a nacionalna lutrija u toj dr\u017eavi, ne ra\u010dunaju\u0107i panevropske lutrije kao \u0161to su Euromillions i Eurojackpot.<\/p>\n","protected":false},"author":1,"featured_media":0,"parent":7302,"menu_order":9,"comment_status":"closed","ping_status":"closed","template":"lotto-uk-info.php","meta":{"_et_pb_use_builder":"","_et_pb_old_content":"","_et_gb_content_width":"","exclude_from_search":false,"footnotes":""},"class_list":["post-7309","page","type-page","status-publish","hentry"],"yoast_head":"<!-- This site is optimized with the Yoast SEO plugin v23.8 - https:\/\/yoast.com\/wordpress\/plugins\/seo\/ -->\n<title>Informacije koje su vam potrebne o UK lutriji<\/title>\n<meta name=\"description\" content=\"Ima\u0107ete ve\u0107e \u0161anse u UK lutriji samo znaju\u0107i njena pravila.\" \/>\n<meta name=\"robots\" content=\"index, follow, max-snippet:-1, max-image-preview:large, max-video-preview:-1\" \/>\n<link rel=\"canonical\" href=\"https:\/\/redfoxlotto.com\/sr\/lutrija\/lotto-uk\/\" \/>\n<meta property=\"og:locale\" content=\"sr_RS\" \/>\n<meta property=\"og:type\" content=\"article\" \/>\n<meta property=\"og:title\" content=\"Informacije koje su vam potrebne o UK lutriji\" \/>\n<meta property=\"og:description\" content=\"Ima\u0107ete ve\u0107e \u0161anse u UK lutriji samo znaju\u0107i njena pravila.\" \/>\n<meta property=\"og:url\" content=\"https:\/\/redfoxlotto.com\/sr\/lutrija\/lotto-uk\/\" \/>\n<meta property=\"og:site_name\" content=\"Get Tickets for the World\u2019s largest jackpots\" \/>\n<meta property=\"article:modified_time\" content=\"2020-01-30T10:19:20+00:00\" \/>\n<meta property=\"og:image\" content=\"https:\/\/content.redfoxlotto.com\/uploads\/sites\/9\/2_ticket_uk_lottery2.jpg\" \/>\n<meta name=\"twitter:card\" content=\"summary_large_image\" \/>\n<meta name=\"twitter:label1\" content=\"\u041f\u0440\u043e\u0446\u0435\u045a\u0435\u043d\u043e \u0432\u0440\u0435\u043c\u0435 \u0447\u0438\u0442\u0430\u045a\u0430\" \/>\n\t<meta name=\"twitter:data1\" content=\"2 \u043c\u0438\u043d\u0443\u0442\u0430\" \/>\n<script type=\"application\/ld+json\" class=\"yoast-schema-graph\">{\"@context\":\"https:\/\/schema.org\",\"@graph\":[{\"@type\":\"WebPage\",\"@id\":\"https:\/\/redfoxlotto.com\/sr\/lutrija\/lotto-uk\/\",\"url\":\"https:\/\/redfoxlotto.com\/sr\/lutrija\/lotto-uk\/\",\"name\":\"Informacije koje su vam potrebne o UK lutriji\",\"isPartOf\":{\"@id\":\"https:\/\/redfoxlotto.com\/sr\/#website\"},\"primaryImageOfPage\":{\"@id\":\"https:\/\/redfoxlotto.com\/sr\/lutrija\/lotto-uk\/#primaryimage\"},\"image\":{\"@id\":\"https:\/\/redfoxlotto.com\/sr\/lutrija\/lotto-uk\/#primaryimage\"},\"thumbnailUrl\":\"https:\/\/content.redfoxlotto.com\/uploads\/sites\/9\/2_ticket_uk_lottery2.jpg\",\"datePublished\":\"2018-11-18T08:54:25+00:00\",\"dateModified\":\"2020-01-30T10:19:20+00:00\",\"description\":\"Ima\u0107ete ve\u0107e \u0161anse u UK lutriji samo znaju\u0107i njena pravila.\",\"breadcrumb\":{\"@id\":\"https:\/\/redfoxlotto.com\/sr\/lutrija\/lotto-uk\/#breadcrumb\"},\"inLanguage\":\"sr-RS\",\"potentialAction\":[{\"@type\":\"ReadAction\",\"target\":[\"https:\/\/redfoxlotto.com\/sr\/lutrija\/lotto-uk\/\"]}]},{\"@type\":\"ImageObject\",\"inLanguage\":\"sr-RS\",\"@id\":\"https:\/\/redfoxlotto.com\/sr\/lutrija\/lotto-uk\/#primaryimage\",\"url\":\"https:\/\/content.redfoxlotto.com\/uploads\/sites\/9\/2_ticket_uk_lottery2.jpg\",\"contentUrl\":\"https:\/\/content.redfoxlotto.com\/uploads\/sites\/9\/2_ticket_uk_lottery2.jpg\"},{\"@type\":\"BreadcrumbList\",\"@id\":\"https:\/\/redfoxlotto.com\/sr\/lutrija\/lotto-uk\/#breadcrumb\",\"itemListElement\":[{\"@type\":\"ListItem\",\"position\":1,\"name\":\"Home\",\"item\":\"https:\/\/redfoxlotto.com\/sr\/\"},{\"@type\":\"ListItem\",\"position\":2,\"name\":\"Kako kupiti loto tikete onlajn \u2013 process kupovine\",\"item\":\"https:\/\/redfoxlotto.com\/sr\/lutrija\/\"},{\"@type\":\"ListItem\",\"position\":3,\"name\":\"O lutriji UK\"}]},{\"@type\":\"WebSite\",\"@id\":\"https:\/\/redfoxlotto.com\/sr\/#website\",\"url\":\"https:\/\/redfoxlotto.com\/sr\/\",\"name\":\"Get Tickets for the World\u2019s largest jackpots\",\"description\":\"Participate in worldwide lottery jackpots from any country\",\"publisher\":{\"@id\":\"https:\/\/redfoxlotto.com\/sr\/#organization\"},\"potentialAction\":[{\"@type\":\"SearchAction\",\"target\":{\"@type\":\"EntryPoint\",\"urlTemplate\":\"https:\/\/redfoxlotto.com\/sr\/?s={search_term_string}\"},\"query-input\":{\"@type\":\"PropertyValueSpecification\",\"valueRequired\":true,\"valueName\":\"search_term_string\"}}],\"inLanguage\":\"sr-RS\"},{\"@type\":\"Organization\",\"@id\":\"https:\/\/redfoxlotto.com\/sr\/#organization\",\"name\":\"Get Tickets for the World\u2019s largest jackpots\",\"url\":\"https:\/\/redfoxlotto.com\/sr\/\",\"logo\":{\"@type\":\"ImageObject\",\"inLanguage\":\"sr-RS\",\"@id\":\"https:\/\/redfoxlotto.com\/sr\/#\/schema\/logo\/image\/\",\"url\":\"https:\/\/redfoxlotto.com\/wp-content\/uploads\/2023\/04\/logo.png\",\"contentUrl\":\"https:\/\/redfoxlotto.com\/wp-content\/uploads\/2023\/04\/logo.png\",\"width\":269,\"height\":53,\"caption\":\"Get Tickets for the World\u2019s largest jackpots\"},\"image\":{\"@id\":\"https:\/\/redfoxlotto.com\/sr\/#\/schema\/logo\/image\/\"}}]}<\/script>\n<!-- \/ Yoast SEO plugin. -->","yoast_head_json":{"title":"Informacije koje su vam potrebne o UK lutriji","description":"Ima\u0107ete ve\u0107e \u0161anse u UK lutriji samo znaju\u0107i njena pravila.","robots":{"index":"index","follow":"follow","max-snippet":"max-snippet:-1","max-image-preview":"max-image-preview:large","max-video-preview":"max-video-preview:-1"},"canonical":"https:\/\/redfoxlotto.com\/sr\/lutrija\/lotto-uk\/","og_locale":"sr_RS","og_type":"article","og_title":"Informacije koje su vam potrebne o UK lutriji","og_description":"Ima\u0107ete ve\u0107e \u0161anse u UK lutriji samo znaju\u0107i njena pravila.","og_url":"https:\/\/redfoxlotto.com\/sr\/lutrija\/lotto-uk\/","og_site_name":"Get Tickets for the World\u2019s largest jackpots","article_modified_time":"2020-01-30T10:19:20+00:00","og_image":[{"url":"https:\/\/content.redfoxlotto.com\/uploads\/sites\/9\/2_ticket_uk_lottery2.jpg"}],"twitter_card":"summary_large_image","twitter_misc":{"\u041f\u0440\u043e\u0446\u0435\u045a\u0435\u043d\u043e \u0432\u0440\u0435\u043c\u0435 \u0447\u0438\u0442\u0430\u045a\u0430":"2 \u043c\u0438\u043d\u0443\u0442\u0430"},"schema":{"@context":"https:\/\/schema.org","@graph":[{"@type":"WebPage","@id":"https:\/\/redfoxlotto.com\/sr\/lutrija\/lotto-uk\/","url":"https:\/\/redfoxlotto.com\/sr\/lutrija\/lotto-uk\/","name":"Informacije koje su vam potrebne o UK lutriji","isPartOf":{"@id":"https:\/\/redfoxlotto.com\/sr\/#website"},"primaryImageOfPage":{"@id":"https:\/\/redfoxlotto.com\/sr\/lutrija\/lotto-uk\/#primaryimage"},"image":{"@id":"https:\/\/redfoxlotto.com\/sr\/lutrija\/lotto-uk\/#primaryimage"},"thumbnailUrl":"https:\/\/content.redfoxlotto.com\/uploads\/sites\/9\/2_ticket_uk_lottery2.jpg","datePublished":"2018-11-18T08:54:25+00:00","dateModified":"2020-01-30T10:19:20+00:00","description":"Ima\u0107ete ve\u0107e \u0161anse u UK lutriji samo znaju\u0107i njena pravila.","breadcrumb":{"@id":"https:\/\/redfoxlotto.com\/sr\/lutrija\/lotto-uk\/#breadcrumb"},"inLanguage":"sr-RS","potentialAction":[{"@type":"ReadAction","target":["https:\/\/redfoxlotto.com\/sr\/lutrija\/lotto-uk\/"]}]},{"@type":"ImageObject","inLanguage":"sr-RS","@id":"https:\/\/redfoxlotto.com\/sr\/lutrija\/lotto-uk\/#primaryimage","url":"https:\/\/content.redfoxlotto.com\/uploads\/sites\/9\/2_ticket_uk_lottery2.jpg","contentUrl":"https:\/\/content.redfoxlotto.com\/uploads\/sites\/9\/2_ticket_uk_lottery2.jpg"},{"@type":"BreadcrumbList","@id":"https:\/\/redfoxlotto.com\/sr\/lutrija\/lotto-uk\/#breadcrumb","itemListElement":[{"@type":"ListItem","position":1,"name":"Home","item":"https:\/\/redfoxlotto.com\/sr\/"},{"@type":"ListItem","position":2,"name":"Kako kupiti loto tikete onlajn \u2013 process kupovine","item":"https:\/\/redfoxlotto.com\/sr\/lutrija\/"},{"@type":"ListItem","position":3,"name":"O lutriji UK"}]},{"@type":"WebSite","@id":"https:\/\/redfoxlotto.com\/sr\/#website","url":"https:\/\/redfoxlotto.com\/sr\/","name":"Get Tickets for the World\u2019s largest jackpots","description":"Participate in worldwide lottery jackpots from any country","publisher":{"@id":"https:\/\/redfoxlotto.com\/sr\/#organization"},"potentialAction":[{"@type":"SearchAction","target":{"@type":"EntryPoint","urlTemplate":"https:\/\/redfoxlotto.com\/sr\/?s={search_term_string}"},"query-input":{"@type":"PropertyValueSpecification","valueRequired":true,"valueName":"search_term_string"}}],"inLanguage":"sr-RS"},{"@type":"Organization","@id":"https:\/\/redfoxlotto.com\/sr\/#organization","name":"Get Tickets for the World\u2019s largest jackpots","url":"https:\/\/redfoxlotto.com\/sr\/","logo":{"@type":"ImageObject","inLanguage":"sr-RS","@id":"https:\/\/redfoxlotto.com\/sr\/#\/schema\/logo\/image\/","url":"https:\/\/redfoxlotto.com\/wp-content\/uploads\/2023\/04\/logo.png","contentUrl":"https:\/\/redfoxlotto.com\/wp-content\/uploads\/2023\/04\/logo.png","width":269,"height":53,"caption":"Get Tickets for the World\u2019s largest jackpots"},"image":{"@id":"https:\/\/redfoxlotto.com\/sr\/#\/schema\/logo\/image\/"}}]}},"_links":{"self":[{"href":"https:\/\/redfoxlotto.com\/sr\/wp-json\/wp\/v2\/pages\/7309","targetHints":{"allow":["GET"]}}],"collection":[{"href":"https:\/\/redfoxlotto.com\/sr\/wp-json\/wp\/v2\/pages"}],"about":[{"href":"https:\/\/redfoxlotto.com\/sr\/wp-json\/wp\/v2\/types\/page"}],"author":[{"embeddable":true,"href":"https:\/\/redfoxlotto.com\/sr\/wp-json\/wp\/v2\/users\/1"}],"replies":[{"embeddable":true,"href":"https:\/\/redfoxlotto.com\/sr\/wp-json\/wp\/v2\/comments?post=7309"}],"version-history":[{"count":0,"href":"https:\/\/redfoxlotto.com\/sr\/wp-json\/wp\/v2\/pages\/7309\/revisions"}],"up":[{"embeddable":true,"href":"https:\/\/redfoxlotto.com\/sr\/wp-json\/wp\/v2\/pages\/7302"}],"wp:attachment":[{"href":"https:\/\/redfoxlotto.com\/sr\/wp-json\/wp\/v2\/media?parent=7309"}],"curies":[{"name":"wp","href":"https:\/\/api.w.org\/{rel}","templated":true}]}}