{"id":7308,"date":"2018-11-18T08:54:25","date_gmt":"2018-11-18T08:54:25","guid":{"rendered":"https:\/\/redfoxlotto.com\/?page_id=3711"},"modified":"2020-01-30T10:19:20","modified_gmt":"2020-01-30T10:19:20","slug":"superenalotto","status":"publish","type":"page","link":"https:\/\/redfoxlotto.com\/sr\/lutrija\/superenalotto\/","title":{"rendered":"O lutriji SuperEnalotto"},"content":{"rendered":"<p>Ovaj italijanski loto je osnovan 50-ih kao &#8222;EnaLotto&#8220;, a kasnije je preimenovan u SuperEnaLotto. Najve\u0107i zabele\u017eeni dobitak lutrije Superenalotto iznosio je \u20ac 177,729,043.16.<\/p><p><img loading=\"lazy\" decoding=\"async\" class=\" wp-image alignright\" src=\"https:\/\/content.redfoxlotto.com\/uploads\/sites\/9\/2_ticket_superenalotto4.jpg\" alt=\"Superenalotto play online\" width=\"233\" height=\"332\" \/><\/p><p>Ova lutrija ima tri izvla\u010denja nedeljno \u2013 svakog utorka, \u010detvrtka i subote.<\/p><!--more--><h2 class=\"wp-block-heading\">Kako kupiti svoju kartu Superenalotto na mre\u017ei<\/h2><p>Proces kupovine karte za Superenalotto na mre\u017ei je vrlo jednostavan. Na\u0161a veb stranica vodic\u0301e vas kroz kupovinu karte i plac\u0301anje.<\/p><p>Kada ste spremni da kupite kartu na mre\u017ei, to mo\u017eete u\u010diniti na dva razli\u010dita na\u010dina:<\/p><ol class=\"wp-block-list\"><li>Zapo\u010dnite registracijom ra\u010duna na RedFokLotto (ne zaboravite da kliknete na link u poruci za potvrdu koju c\u0301emo vam poslati!), A zatim prvo polo\u017eite ne\u0161to novca na svoj ra\u010dun. Sada kada imate novac na svom ra\u010dunu, mo\u017eete odabrati lutriju, odabrati svoje brojeve i platiti sa saldom ra\u010duna. Ova metoda je idealna ako \u017eelite da kupite neke karte danas putem interneta i vratite se kasnije da kupite vi\u0161e karata.<\/li><\/ol><p>Ili:<\/p><p>2. Prvo odaberite lutriju, a zatim odaberite svoje brojeve. Dodajte jo\u0161 lutrije i vi\u0161e karata ako \u017eelite. Zatim kliknite na dugme &#8222;plati odmah&#8220;. Zatim c\u0301ete videti ekran za prijavu. Po\u0161to jo\u0161 uvek nemate nalog, morac\u0301ete da ga otvorite klikom na dugme &#8222;Prijavi se&#8220;. Nakon \u0161to ste registrovali i verifikovali svoj novi nalog, potra\u017eite simbol ko\u0161arice i kliknite na njega. Tada plac\u0301ate putem interneta, koristec\u0301i bilo koji pogodan na\u010din.<\/p><p>Obavezno izvr\u0161ite sve potrebne korake za uplatu. Nakon \u0161to ste uspe\u0161no kupili karte, dobit c\u0301ete potvrdni email. Nakon toga, sve \u0161to trebate je da sa\u010dekate na \u017ereb i vidite da li ste pobedili!<\/p><h2 class=\"wp-block-heading\">SuperEnalotto \u0161irom sveta<\/h2><p><img loading=\"lazy\" decoding=\"async\" class=\" wp-image alignright\" src=\"https:\/\/content.redfoxlotto.com\/uploads\/sites\/9\/1_buy_ticket_jackpot.jpg\" alt=\"win Superenalotto\" width=\"280\" height=\"186\" \/><\/p><p>Do osnivanja <a href=\"https:\/\/redfoxlotto.com\/sr\/igrati\/eurojackpot\/\">Eurojackpota<\/a>, lutrija Superenalotto bila je kraljica evropskih lutrija. Danas se ne igra samo u Italiji, ve\u0107 i preko interneta od strane igra\u010da iz drugih zemalja. Bez obzira gde \u017eivite, <strong>tikete za Superenalotto mo\u017eete kupiti onlajn ovde na na\u0161oj veb lokaciji.<\/strong><\/p><h2 class=\"wp-block-heading\">Pravila lutrije SuperEnalotto<\/h2><p>SuperEnaLotto je igra: 6 od 90, bez dodatnih brojeva. Poga\u0111anjem 6 brojeva osvajate d\u017eekpot. Ako va\u0161 Superenalotto tiket ima najmanje 3 izvu\u010dena broja, kvalifikovani ste za jednu od ni\u017eih nagrada.<\/p>","protected":false},"excerpt":{"rendered":"<p>Ovaj italijanski loto je osnovan 50-ih kao &#8222;EnaLotto&#8220;, a kasnije je preimenovan u SuperEnaLotto. Najve\u0107i zabele\u017eeni dobitak lutrije Superenalotto iznosio je \u20ac 177,729,043.16. Ova lutrija ima tri izvla\u010denja nedeljno \u2013 svakog utorka, \u010detvrtka i subote.<\/p>\n","protected":false},"author":1,"featured_media":0,"parent":7302,"menu_order":5,"comment_status":"closed","ping_status":"closed","template":"superenalotto-info.php","meta":{"_et_pb_use_builder":"","_et_pb_old_content":"","_et_gb_content_width":"","exclude_from_search":false,"footnotes":""},"class_list":["post-7308","page","type-page","status-publish","hentry"],"yoast_head":"<!-- This site is optimized with the Yoast SEO plugin v23.8 - https:\/\/yoast.com\/wordpress\/plugins\/seo\/ -->\n<title>Kupite tikete za Superenalotto onlajn<\/title>\n<meta name=\"description\" content=\"\u010cak iako ne \u017eivite u Italiji, sada mo\u017eete kupiti tikete za Superenalotto onlajn!\" \/>\n<meta name=\"robots\" content=\"index, follow, max-snippet:-1, max-image-preview:large, max-video-preview:-1\" \/>\n<link rel=\"canonical\" href=\"https:\/\/redfoxlotto.com\/sr\/lutrija\/superenalotto\/\" \/>\n<meta property=\"og:locale\" content=\"sr_RS\" \/>\n<meta property=\"og:type\" content=\"article\" \/>\n<meta property=\"og:title\" content=\"Kupite tikete za Superenalotto onlajn\" \/>\n<meta property=\"og:description\" content=\"\u010cak iako ne \u017eivite u Italiji, sada mo\u017eete kupiti tikete za Superenalotto onlajn!\" \/>\n<meta property=\"og:url\" content=\"https:\/\/redfoxlotto.com\/sr\/lutrija\/superenalotto\/\" \/>\n<meta property=\"og:site_name\" content=\"Get Tickets for the World\u2019s largest jackpots\" \/>\n<meta property=\"article:modified_time\" content=\"2020-01-30T10:19:20+00:00\" \/>\n<meta property=\"og:image\" content=\"https:\/\/content.redfoxlotto.com\/uploads\/sites\/9\/2_ticket_superenalotto4.jpg\" \/>\n<meta name=\"twitter:card\" content=\"summary_large_image\" \/>\n<meta name=\"twitter:label1\" content=\"\u041f\u0440\u043e\u0446\u0435\u045a\u0435\u043d\u043e \u0432\u0440\u0435\u043c\u0435 \u0447\u0438\u0442\u0430\u045a\u0430\" \/>\n\t<meta name=\"twitter:data1\" content=\"2 \u043c\u0438\u043d\u0443\u0442\u0430\" \/>\n<script type=\"application\/ld+json\" class=\"yoast-schema-graph\">{\"@context\":\"https:\/\/schema.org\",\"@graph\":[{\"@type\":\"WebPage\",\"@id\":\"https:\/\/redfoxlotto.com\/sr\/lutrija\/superenalotto\/\",\"url\":\"https:\/\/redfoxlotto.com\/sr\/lutrija\/superenalotto\/\",\"name\":\"Kupite tikete za Superenalotto onlajn\",\"isPartOf\":{\"@id\":\"https:\/\/redfoxlotto.com\/sr\/#website\"},\"primaryImageOfPage\":{\"@id\":\"https:\/\/redfoxlotto.com\/sr\/lutrija\/superenalotto\/#primaryimage\"},\"image\":{\"@id\":\"https:\/\/redfoxlotto.com\/sr\/lutrija\/superenalotto\/#primaryimage\"},\"thumbnailUrl\":\"https:\/\/content.redfoxlotto.com\/uploads\/sites\/9\/2_ticket_superenalotto4.jpg\",\"datePublished\":\"2018-11-18T08:54:25+00:00\",\"dateModified\":\"2020-01-30T10:19:20+00:00\",\"description\":\"\u010cak iako ne \u017eivite u Italiji, sada mo\u017eete kupiti tikete za Superenalotto onlajn!\",\"breadcrumb\":{\"@id\":\"https:\/\/redfoxlotto.com\/sr\/lutrija\/superenalotto\/#breadcrumb\"},\"inLanguage\":\"sr-RS\",\"potentialAction\":[{\"@type\":\"ReadAction\",\"target\":[\"https:\/\/redfoxlotto.com\/sr\/lutrija\/superenalotto\/\"]}]},{\"@type\":\"ImageObject\",\"inLanguage\":\"sr-RS\",\"@id\":\"https:\/\/redfoxlotto.com\/sr\/lutrija\/superenalotto\/#primaryimage\",\"url\":\"https:\/\/content.redfoxlotto.com\/uploads\/sites\/9\/2_ticket_superenalotto4.jpg\",\"contentUrl\":\"https:\/\/content.redfoxlotto.com\/uploads\/sites\/9\/2_ticket_superenalotto4.jpg\"},{\"@type\":\"BreadcrumbList\",\"@id\":\"https:\/\/redfoxlotto.com\/sr\/lutrija\/superenalotto\/#breadcrumb\",\"itemListElement\":[{\"@type\":\"ListItem\",\"position\":1,\"name\":\"Home\",\"item\":\"https:\/\/redfoxlotto.com\/sr\/\"},{\"@type\":\"ListItem\",\"position\":2,\"name\":\"Kako kupiti loto tikete onlajn \u2013 process kupovine\",\"item\":\"https:\/\/redfoxlotto.com\/sr\/lutrija\/\"},{\"@type\":\"ListItem\",\"position\":3,\"name\":\"O lutriji SuperEnalotto\"}]},{\"@type\":\"WebSite\",\"@id\":\"https:\/\/redfoxlotto.com\/sr\/#website\",\"url\":\"https:\/\/redfoxlotto.com\/sr\/\",\"name\":\"Get Tickets for the World\u2019s largest jackpots\",\"description\":\"Participate in worldwide lottery jackpots from any country\",\"publisher\":{\"@id\":\"https:\/\/redfoxlotto.com\/sr\/#organization\"},\"potentialAction\":[{\"@type\":\"SearchAction\",\"target\":{\"@type\":\"EntryPoint\",\"urlTemplate\":\"https:\/\/redfoxlotto.com\/sr\/?s={search_term_string}\"},\"query-input\":{\"@type\":\"PropertyValueSpecification\",\"valueRequired\":true,\"valueName\":\"search_term_string\"}}],\"inLanguage\":\"sr-RS\"},{\"@type\":\"Organization\",\"@id\":\"https:\/\/redfoxlotto.com\/sr\/#organization\",\"name\":\"Get Tickets for the World\u2019s largest jackpots\",\"url\":\"https:\/\/redfoxlotto.com\/sr\/\",\"logo\":{\"@type\":\"ImageObject\",\"inLanguage\":\"sr-RS\",\"@id\":\"https:\/\/redfoxlotto.com\/sr\/#\/schema\/logo\/image\/\",\"url\":\"https:\/\/redfoxlotto.com\/wp-content\/uploads\/2023\/04\/logo.png\",\"contentUrl\":\"https:\/\/redfoxlotto.com\/wp-content\/uploads\/2023\/04\/logo.png\",\"width\":269,\"height\":53,\"caption\":\"Get Tickets for the World\u2019s largest jackpots\"},\"image\":{\"@id\":\"https:\/\/redfoxlotto.com\/sr\/#\/schema\/logo\/image\/\"}}]}<\/script>\n<!-- \/ Yoast SEO plugin. -->","yoast_head_json":{"title":"Kupite tikete za Superenalotto onlajn","description":"\u010cak iako ne \u017eivite u Italiji, sada mo\u017eete kupiti tikete za Superenalotto onlajn!","robots":{"index":"index","follow":"follow","max-snippet":"max-snippet:-1","max-image-preview":"max-image-preview:large","max-video-preview":"max-video-preview:-1"},"canonical":"https:\/\/redfoxlotto.com\/sr\/lutrija\/superenalotto\/","og_locale":"sr_RS","og_type":"article","og_title":"Kupite tikete za Superenalotto onlajn","og_description":"\u010cak iako ne \u017eivite u Italiji, sada mo\u017eete kupiti tikete za Superenalotto onlajn!","og_url":"https:\/\/redfoxlotto.com\/sr\/lutrija\/superenalotto\/","og_site_name":"Get Tickets for the World\u2019s largest jackpots","article_modified_time":"2020-01-30T10:19:20+00:00","og_image":[{"url":"https:\/\/content.redfoxlotto.com\/uploads\/sites\/9\/2_ticket_superenalotto4.jpg"}],"twitter_card":"summary_large_image","twitter_misc":{"\u041f\u0440\u043e\u0446\u0435\u045a\u0435\u043d\u043e \u0432\u0440\u0435\u043c\u0435 \u0447\u0438\u0442\u0430\u045a\u0430":"2 \u043c\u0438\u043d\u0443\u0442\u0430"},"schema":{"@context":"https:\/\/schema.org","@graph":[{"@type":"WebPage","@id":"https:\/\/redfoxlotto.com\/sr\/lutrija\/superenalotto\/","url":"https:\/\/redfoxlotto.com\/sr\/lutrija\/superenalotto\/","name":"Kupite tikete za Superenalotto onlajn","isPartOf":{"@id":"https:\/\/redfoxlotto.com\/sr\/#website"},"primaryImageOfPage":{"@id":"https:\/\/redfoxlotto.com\/sr\/lutrija\/superenalotto\/#primaryimage"},"image":{"@id":"https:\/\/redfoxlotto.com\/sr\/lutrija\/superenalotto\/#primaryimage"},"thumbnailUrl":"https:\/\/content.redfoxlotto.com\/uploads\/sites\/9\/2_ticket_superenalotto4.jpg","datePublished":"2018-11-18T08:54:25+00:00","dateModified":"2020-01-30T10:19:20+00:00","description":"\u010cak iako ne \u017eivite u Italiji, sada mo\u017eete kupiti tikete za Superenalotto onlajn!","breadcrumb":{"@id":"https:\/\/redfoxlotto.com\/sr\/lutrija\/superenalotto\/#breadcrumb"},"inLanguage":"sr-RS","potentialAction":[{"@type":"ReadAction","target":["https:\/\/redfoxlotto.com\/sr\/lutrija\/superenalotto\/"]}]},{"@type":"ImageObject","inLanguage":"sr-RS","@id":"https:\/\/redfoxlotto.com\/sr\/lutrija\/superenalotto\/#primaryimage","url":"https:\/\/content.redfoxlotto.com\/uploads\/sites\/9\/2_ticket_superenalotto4.jpg","contentUrl":"https:\/\/content.redfoxlotto.com\/uploads\/sites\/9\/2_ticket_superenalotto4.jpg"},{"@type":"BreadcrumbList","@id":"https:\/\/redfoxlotto.com\/sr\/lutrija\/superenalotto\/#breadcrumb","itemListElement":[{"@type":"ListItem","position":1,"name":"Home","item":"https:\/\/redfoxlotto.com\/sr\/"},{"@type":"ListItem","position":2,"name":"Kako kupiti loto tikete onlajn \u2013 process kupovine","item":"https:\/\/redfoxlotto.com\/sr\/lutrija\/"},{"@type":"ListItem","position":3,"name":"O lutriji SuperEnalotto"}]},{"@type":"WebSite","@id":"https:\/\/redfoxlotto.com\/sr\/#website","url":"https:\/\/redfoxlotto.com\/sr\/","name":"Get Tickets for the World\u2019s largest jackpots","description":"Participate in worldwide lottery jackpots from any country","publisher":{"@id":"https:\/\/redfoxlotto.com\/sr\/#organization"},"potentialAction":[{"@type":"SearchAction","target":{"@type":"EntryPoint","urlTemplate":"https:\/\/redfoxlotto.com\/sr\/?s={search_term_string}"},"query-input":{"@type":"PropertyValueSpecification","valueRequired":true,"valueName":"search_term_string"}}],"inLanguage":"sr-RS"},{"@type":"Organization","@id":"https:\/\/redfoxlotto.com\/sr\/#organization","name":"Get Tickets for the World\u2019s largest jackpots","url":"https:\/\/redfoxlotto.com\/sr\/","logo":{"@type":"ImageObject","inLanguage":"sr-RS","@id":"https:\/\/redfoxlotto.com\/sr\/#\/schema\/logo\/image\/","url":"https:\/\/redfoxlotto.com\/wp-content\/uploads\/2023\/04\/logo.png","contentUrl":"https:\/\/redfoxlotto.com\/wp-content\/uploads\/2023\/04\/logo.png","width":269,"height":53,"caption":"Get Tickets for the World\u2019s largest jackpots"},"image":{"@id":"https:\/\/redfoxlotto.com\/sr\/#\/schema\/logo\/image\/"}}]}},"_links":{"self":[{"href":"https:\/\/redfoxlotto.com\/sr\/wp-json\/wp\/v2\/pages\/7308","targetHints":{"allow":["GET"]}}],"collection":[{"href":"https:\/\/redfoxlotto.com\/sr\/wp-json\/wp\/v2\/pages"}],"about":[{"href":"https:\/\/redfoxlotto.com\/sr\/wp-json\/wp\/v2\/types\/page"}],"author":[{"embeddable":true,"href":"https:\/\/redfoxlotto.com\/sr\/wp-json\/wp\/v2\/users\/1"}],"replies":[{"embeddable":true,"href":"https:\/\/redfoxlotto.com\/sr\/wp-json\/wp\/v2\/comments?post=7308"}],"version-history":[{"count":0,"href":"https:\/\/redfoxlotto.com\/sr\/wp-json\/wp\/v2\/pages\/7308\/revisions"}],"up":[{"embeddable":true,"href":"https:\/\/redfoxlotto.com\/sr\/wp-json\/wp\/v2\/pages\/7302"}],"wp:attachment":[{"href":"https:\/\/redfoxlotto.com\/sr\/wp-json\/wp\/v2\/media?parent=7308"}],"curies":[{"name":"wp","href":"https:\/\/api.w.org\/{rel}","templated":true}]}}