{"id":7307,"date":"2018-11-18T08:54:25","date_gmt":"2018-11-18T08:54:25","guid":{"rendered":"https:\/\/redfoxlotto.com\/?page_id=3709"},"modified":"2025-12-18T11:27:06","modified_gmt":"2025-12-18T11:27:06","slug":"powerball","status":"publish","type":"page","link":"https:\/\/redfoxlotto.com\/sr\/lutrija\/powerball\/","title":{"rendered":"O lutriji Powerball"},"content":{"rendered":"<p><script type=\"application\/ld+json\">\n{\n  \"@context\": \"https:\/\/schema.org\",\n  \"@type\": \"Service\",\n  \"name\": \"Igrajte Powerball online\",\n  \"url\": \"https:\/\/redfoxlotto.com\/sr\/lotteries\/powerball\",\n  \"description\": \"Kupite zvani\u010dne Powerball tikete online iz bilo koje zemlje. Posetite RedFoxLotto, izaberite svoje brojeve i u\u010destvujte u slede\u0107em izvla\u010denju.\",\n  \"serviceType\": \"Online servis za lutrijske tikete\",<\/p>\n<p>  \"provider\": {\n    \"@type\": \"Organization\",\n    \"name\": \"RedFoxLotto\",\n    \"url\": \"https:\/\/redfoxlotto.com\/sr\/\",\n    \"image\": \"https:\/\/redfoxlotto.com\/wp-content\/uploads\/2025\/12\/ticket_scans.jpg\",\n    \"sameAs\": []\n  },<\/p>\n<p>  \"areaServed\": \"Worldwide\",\n  \"termsOfService\": \"https:\/\/redfoxlotto.com\/terms-and-conditions\",<\/p>\n<p>  \"additionalProperty\": {\n    \"@type\": \"PropertyValue\",\n    \"name\": \"FAQ\",\n    \"value\": \"https:\/\/redfoxlotto.com\/sr\/faq\/\"\n  },<\/p>\n<p>  \"hasOfferCatalog\": {\n    \"@type\": \"OfferCatalog\",\n    \"name\": \"Powerball Tiketi\",\n    \"itemListElement\": [\n      {\n        \"@type\": \"Offer\",\n        \"name\": \"Powerball Tiketi\",\n        \"url\": \"https:\/\/redfoxlotto.com\/sr\/lotteries\/powerball\",\n        \"description\": \"Kupite prave tikete online za slede\u0107e Powerball izvla\u010denje na RedFoxLotto.\",\n        \"price\": \"5.90\",\n        \"priceCurrency\": \"\u20ac\",\n        \"availability\": \"https:\/\/schema.org\/InStock\",<\/p>\n<p>        \"itemOffered\": {\n          \"@type\": \"Service\",\n          \"name\": \"Powerball Tiketi\",\n          \"description\": \"U\u010destvujte u slede\u0107em Powerball izvla\u010denju \u2013 kupite tikete online preko RedFoxLotto.\"\n        }\n      }\n    ]\n  },<\/p>\n<p>  \"mainEntityOfPage\": {\n    \"@type\": \"WebPage\",\n    \"@id\": \"https:\/\/redfoxlotto.com\/sr\/lotteries\/powerball\"\n  }\n}\n<\/script><\/p>\n<p>Powerball je verovatno najpoznatija lutrija na svetu i postoji nekoliko veoma dobrih razloga za to.<\/p>\n<p>Milioni igra\u010da iz celog sveta igraju ovu igru. Jo\u0161 vi\u0161e njih, ne samo u SAD-u, ve\u0107 i na internetu iz drugih zemalja kao \u0161to je Estonija, mogu da kupe Powerball ulaznice putem interneta.<\/p>\n<p>Izvla\u010denja se odr\u017eavaju svake subote i srede, \u0161to zna\u010di da \u0107ete imati duplo vi\u0161e prilika da se uklju\u010dite i kupite ulaznicu. Ono \u0161to je zaista uzbudljivo je da je najve\u0107i ikada dostignuti d\u017eekpot u Powerballu bio 1.586.400.000 dolara!<\/p>\n<h2>Powerball lutrija \u0161irom sveta<\/h2>\n<p>Uz pomo\u0107 na\u0161eg veb sajta, sada mo\u017eete postati milioner Powerballa. Pru\u017eamo vam mogu\u0107nost da kupite Powerball ulaznice putem interneta. Sve \u0161to treba da uradite je da pogledate \u0161ta na\u0161 sistem obuhvata. Vide\u0107ete da mo\u017eete da dobijete svoju prvu ulaznicu u nekoliko jednostavnih koraka, samo pregledaju\u0107i na\u0161 veb sajt. Pa, hajde da pa\u017eljivije pogledamo \u0161ta treba da uradite.<\/p>\n<h2>Kako kupiti Powerball ulaznicu putem interneta iz Srbije<\/h2>\n<p>Prvi korak je jednostavno da pogledate razli\u010dite lutrijske igre koje su nam dostupne. Sre\u0107om za vas, postoji nekoliko sjajnih ulaznica i igara koje su dostupne jer \u017eelimo da se uklju\u010dite u sve najve\u0107e d\u017eekpotove. Dakle, sve najve\u0107e igre \u0161irom sveta su dostupne iz Estonije, putem na\u0161eg veb sajta. Samo pogledajte dostupne igre i odlu\u010dite se koju \u017eelite da igrate.<img loading=\"lazy\" decoding=\"async\" class=\"alignright wp-image\" src=\"https:\/\/content.redfoxlotto.com\/uploads\/sites\/9\/2_ticket_mega_millions2.jpg\" alt=\"lutrija powerball\" width=\"200\" height=\"207\" \/><\/p>\n<p>Kada ste se odlu\u010dili za igru (u ovom slu\u010daju Powerball), jednostavno kliknite na link i otvorite stranicu. Vide\u0107ete vi\u0161e informacija o igri i informacije o tome kako da dobijete svoju ulaznicu. Sve \u0161to je potrebno je da odaberete brojeve koje \u017eelite. Naravno, mo\u017eete odabrati brzo biranje ako ne znate koje brojeve \u017eelite.<\/p>\n<p>Sa na\u0161im veb sajtom, kada po\u010dnete da birate brojeve, obavesti\u0107emo vas koliko ta\u010dno brojeva vam je potrebno i osigura\u0107emo da nemate previ\u0161e ili premalo brojeva da biste dobili validnu ulaznicu. Tako\u0111e \u0107ete imati mogu\u0107nost da odaberete kombinaciju nasumi\u010dno odabranih i li\u010dno odabranih brojeva onako kako \u017eelite. Tako\u0111e mo\u017eete izabrati vi\u0161e ulaznica za igru.<\/p>\n<h2>Nak<\/h2>\n<p>on toga, mo\u0107i \u0107ete da dodate ulaznice u korpu, a zatim mo\u017eete izabrati dodatne ulaznice iz Powerballa ili iz drugih igara koje \u017eelite da igrate. Zatim samo treba da napravite svoj nalog. Kada to uradite, tra\u017ei\u0107emo od vas neke li\u010dne informacije koje \u0107e vas u\u010diniti sigurnijim kada \u017eelite da kupite ulaznice i kada \u017eelite da podignete novac sa svog ra\u010duna. Tako\u0111e \u0107ete mo\u0107i da postavite sve naloge koje \u017eelite.<\/p>\n<h2>Pravila za Powerball ulaznice putem interneta<\/h2>\n<p>Kada je u pitanju postavljanje va\u0161e Powerball ulaznice, \u017eelite da znate sve o pravilima koja treba da pratite i kako \u0107ete odabrati ulaznicu. Dakle, \u0161ta treba da uradite?<\/p>\n<p>Morate odabrati 5 brojeva izme\u0111u 1 i 69, plus jedan Powerball broj od 1 do 26. Sva \u0161est brojeva moraju se poklapati na va\u0161oj ulaznici. Tada ste osvojili d\u017eekpot. Ako imate ta\u010dno prvih 5 brojeva, tada va\u0161a ulaznica osvaja drugu nagradu. To \u0107e vas u\u010diniti bogatijim za 1 milion dolara. Dobitak d\u017eekpota u Powerballu mo\u017ee se isplatiti kao jednokratni iznos ili u 30 godi\u0161njih rata.<\/p>\n<h2>Kupite Powerball ulaznicu putem interneta i pobedite!<\/h2>\n<p>Dakle, \u0161ta \u0107e se dogoditi ako zaista osvojite Powerball d\u017eekpot? Bi\u0107e to mnogo zabave i sigurno \u0107ete biti jako uzbu\u0111eni. Tako\u0111e \u0107ete morati da planirate putovanje u Sjedinjene Ameri\u010dke Dr\u017eave jer vole da naprave veliku stvar od ljudi koji pobede.<br \/>\n<img loading=\"lazy\" decoding=\"async\" class=\"alignright wp-image\" src=\"https:\/\/content.redfoxlotto.com\/uploads\/sites\/9\/1_buy_mega_millions_lottery_tickets.jpg\" alt=\"kupovina ulaznica putem interneta\" width=\"287\" height=\"202\" \/><br \/>\nTo zna\u010di da \u0107e praviti slike, uru\u010diti vam veliki \u010dek i jo\u0161 mnogo toga, a mi \u0107emo se pobrinuti da budete spremni za to sa ulaznicom i informacijama koje vam trebaju da biste preuzeli svoju nagradu.<\/p>\n<p>Ako osvojite ni\u017eu nagradu, novac mo\u017eemo direktno staviti na va\u0161 ra\u010dun kako biste ga mogli podi\u0107i sa ra\u010duna ili ga mo\u017eete koristiti za kupovinu dodatnih ulaznica. Za one koji osvoje ve\u0107e nagrade, ali ne i d\u017eekpot, mo\u0107i \u0107ete da dobijete direktni transfer na svoj ra\u010dun i stupi\u0107emo u kontakt s vama kako biste znali \u0161ta treba da uradite i kako mo\u017eete sve to postaviti. Ali kako \u0107ete saznati?<\/p>\n<p>Ako redovno proveravate svoj nalog, mo\u0107i \u0107ete videti a\u017euriranja o svojoj ulaznici i videti bilo koje brojeve koji se poklapaju. Tako\u0111e<\/p>\n<p>\u0107ete odmah dobiti novac za manje iznose preba\u010den direktno na va\u0161 ra\u010dun. Me\u0111utim, bilo koji iznos koji osvojite \u0107e se prikazati u va\u0161em e-mailu. To zna\u010di da \u0107ete samo proveriti svoj e-mail i videti da ste osvojili, tako da mo\u017eete odmah oti\u0107i na svoj nalog.<\/p>\n<h2>Igranje novih igara<\/h2>\n<p>Ako ste spremni da po\u010dnete igrati i \u017eelite da kupite Powerball ulaznice putem interneta, svakako \u0107ete \u017eeleti da pogledate i neke druge opcije koje imamo. Zapra<\/p>\n","protected":false},"excerpt":{"rendered":"<p>Powerball je verovatno najpoznatija lutrija na svetu i postoji nekoliko veoma dobrih razloga za to. Milioni igra\u010da iz celog sveta igraju ovu igru. Jo\u0161 vi\u0161e njih, ne samo u SAD-u, ve\u0107 i na internetu iz drugih zemalja kao \u0161to je Estonija, mogu da kupe Powerball ulaznice putem interneta. Izvla\u010denja se odr\u017eavaju svake subote i srede, [&hellip;]<\/p>\n","protected":false},"author":1,"featured_media":0,"parent":7302,"menu_order":1,"comment_status":"closed","ping_status":"closed","template":"powerball-usa-info.php","meta":{"_et_pb_use_builder":"","_et_pb_old_content":"","_et_gb_content_width":"","exclude_from_search":false,"footnotes":""},"class_list":["post-7307","page","type-page","status-publish","hentry"],"yoast_head":"<!-- This site is optimized with the Yoast SEO plugin v27.3 - https:\/\/yoast.com\/product\/yoast-seo-wordpress\/ -->\n<title>Kupite Powerball ulaznice putem interneta iz Srbije | Osvojite Powerball ovde<\/title>\n<meta name=\"description\" content=\"Kako kupiti ulaznicu putem interneta za Powerball Lotto SAD? Na\u0161a usluga vam omogu\u0107ava da u\u010destvujete u Powerballu SAD-a iz Srbije.\" \/>\n<meta name=\"robots\" content=\"index, follow, max-snippet:-1, max-image-preview:large, max-video-preview:-1\" \/>\n<link rel=\"canonical\" href=\"https:\/\/redfoxlotto.com\/sr\/lutrija\/powerball\/\" \/>\n<meta property=\"og:locale\" content=\"sr_RS\" \/>\n<meta property=\"og:type\" content=\"article\" \/>\n<meta property=\"og:title\" content=\"Kupite Powerball ulaznice putem interneta iz Srbije | Osvojite Powerball ovde\" \/>\n<meta property=\"og:description\" content=\"Kako kupiti ulaznicu putem interneta za Powerball Lotto SAD? Na\u0161a usluga vam omogu\u0107ava da u\u010destvujete u Powerballu SAD-a iz Srbije.\" \/>\n<meta property=\"og:url\" content=\"https:\/\/redfoxlotto.com\/sr\/lutrija\/powerball\/\" \/>\n<meta property=\"og:site_name\" content=\"Get Tickets for the World\u2019s largest jackpots\" \/>\n<meta property=\"article:modified_time\" content=\"2025-12-18T11:27:06+00:00\" \/>\n<meta property=\"og:image\" content=\"https:\/\/content.redfoxlotto.com\/uploads\/sites\/9\/2_ticket_mega_millions2.jpg\" \/>\n<meta name=\"twitter:card\" content=\"summary_large_image\" \/>\n<meta name=\"twitter:label1\" content=\"\u041f\u0440\u043e\u0446\u0435\u045a\u0435\u043d\u043e \u0432\u0440\u0435\u043c\u0435 \u0447\u0438\u0442\u0430\u045a\u0430\" \/>\n\t<meta name=\"twitter:data1\" content=\"4 \u043c\u0438\u043d\u0443\u0442\u0430\" \/>\n<script type=\"application\/ld+json\" class=\"yoast-schema-graph\">{\"@context\":\"https:\\\/\\\/schema.org\",\"@graph\":[{\"@type\":\"WebPage\",\"@id\":\"https:\\\/\\\/redfoxlotto.com\\\/sr\\\/lutrija\\\/powerball\\\/\",\"url\":\"https:\\\/\\\/redfoxlotto.com\\\/sr\\\/lutrija\\\/powerball\\\/\",\"name\":\"Kupite Powerball ulaznice putem interneta iz Srbije | Osvojite Powerball ovde\",\"isPartOf\":{\"@id\":\"https:\\\/\\\/redfoxlotto.com\\\/sr\\\/#website\"},\"primaryImageOfPage\":{\"@id\":\"https:\\\/\\\/redfoxlotto.com\\\/sr\\\/lutrija\\\/powerball\\\/#primaryimage\"},\"image\":{\"@id\":\"https:\\\/\\\/redfoxlotto.com\\\/sr\\\/lutrija\\\/powerball\\\/#primaryimage\"},\"thumbnailUrl\":\"https:\\\/\\\/content.redfoxlotto.com\\\/uploads\\\/sites\\\/9\\\/2_ticket_mega_millions2.jpg\",\"datePublished\":\"2018-11-18T08:54:25+00:00\",\"dateModified\":\"2025-12-18T11:27:06+00:00\",\"description\":\"Kako kupiti ulaznicu putem interneta za Powerball Lotto SAD? Na\u0161a usluga vam omogu\u0107ava da u\u010destvujete u Powerballu SAD-a iz Srbije.\",\"breadcrumb\":{\"@id\":\"https:\\\/\\\/redfoxlotto.com\\\/sr\\\/lutrija\\\/powerball\\\/#breadcrumb\"},\"inLanguage\":\"sr-RS\",\"potentialAction\":[{\"@type\":\"ReadAction\",\"target\":[\"https:\\\/\\\/redfoxlotto.com\\\/sr\\\/lutrija\\\/powerball\\\/\"]}]},{\"@type\":\"ImageObject\",\"inLanguage\":\"sr-RS\",\"@id\":\"https:\\\/\\\/redfoxlotto.com\\\/sr\\\/lutrija\\\/powerball\\\/#primaryimage\",\"url\":\"https:\\\/\\\/content.redfoxlotto.com\\\/uploads\\\/sites\\\/9\\\/2_ticket_mega_millions2.jpg\",\"contentUrl\":\"https:\\\/\\\/content.redfoxlotto.com\\\/uploads\\\/sites\\\/9\\\/2_ticket_mega_millions2.jpg\"},{\"@type\":\"BreadcrumbList\",\"@id\":\"https:\\\/\\\/redfoxlotto.com\\\/sr\\\/lutrija\\\/powerball\\\/#breadcrumb\",\"itemListElement\":[{\"@type\":\"ListItem\",\"position\":1,\"name\":\"Home\",\"item\":\"https:\\\/\\\/redfoxlotto.com\\\/sr\\\/\"},{\"@type\":\"ListItem\",\"position\":2,\"name\":\"Kako kupiti loto tikete onlajn \u2013 process kupovine\",\"item\":\"https:\\\/\\\/redfoxlotto.com\\\/sr\\\/lutrija\\\/\"},{\"@type\":\"ListItem\",\"position\":3,\"name\":\"O lutriji Powerball\"}]},{\"@type\":\"WebSite\",\"@id\":\"https:\\\/\\\/redfoxlotto.com\\\/sr\\\/#website\",\"url\":\"https:\\\/\\\/redfoxlotto.com\\\/sr\\\/\",\"name\":\"Get Tickets for the World\u2019s largest jackpots\",\"description\":\"Participate in worldwide lottery jackpots from any country\",\"publisher\":{\"@id\":\"https:\\\/\\\/redfoxlotto.com\\\/sr\\\/#organization\"},\"potentialAction\":[{\"@type\":\"SearchAction\",\"target\":{\"@type\":\"EntryPoint\",\"urlTemplate\":\"https:\\\/\\\/redfoxlotto.com\\\/sr\\\/?s={search_term_string}\"},\"query-input\":{\"@type\":\"PropertyValueSpecification\",\"valueRequired\":true,\"valueName\":\"search_term_string\"}}],\"inLanguage\":\"sr-RS\"},{\"@type\":\"Organization\",\"@id\":\"https:\\\/\\\/redfoxlotto.com\\\/sr\\\/#organization\",\"name\":\"Get Tickets for the World\u2019s largest jackpots\",\"url\":\"https:\\\/\\\/redfoxlotto.com\\\/sr\\\/\",\"logo\":{\"@type\":\"ImageObject\",\"inLanguage\":\"sr-RS\",\"@id\":\"https:\\\/\\\/redfoxlotto.com\\\/sr\\\/#\\\/schema\\\/logo\\\/image\\\/\",\"url\":\"https:\\\/\\\/redfoxlotto.com\\\/wp-content\\\/uploads\\\/2023\\\/04\\\/logo.png\",\"contentUrl\":\"https:\\\/\\\/redfoxlotto.com\\\/wp-content\\\/uploads\\\/2023\\\/04\\\/logo.png\",\"width\":269,\"height\":53,\"caption\":\"Get Tickets for the World\u2019s largest jackpots\"},\"image\":{\"@id\":\"https:\\\/\\\/redfoxlotto.com\\\/sr\\\/#\\\/schema\\\/logo\\\/image\\\/\"}}]}<\/script>\n<!-- \/ Yoast SEO plugin. -->","yoast_head_json":{"title":"Kupite Powerball ulaznice putem interneta iz Srbije | Osvojite Powerball ovde","description":"Kako kupiti ulaznicu putem interneta za Powerball Lotto SAD? Na\u0161a usluga vam omogu\u0107ava da u\u010destvujete u Powerballu SAD-a iz Srbije.","robots":{"index":"index","follow":"follow","max-snippet":"max-snippet:-1","max-image-preview":"max-image-preview:large","max-video-preview":"max-video-preview:-1"},"canonical":"https:\/\/redfoxlotto.com\/sr\/lutrija\/powerball\/","og_locale":"sr_RS","og_type":"article","og_title":"Kupite Powerball ulaznice putem interneta iz Srbije | Osvojite Powerball ovde","og_description":"Kako kupiti ulaznicu putem interneta za Powerball Lotto SAD? Na\u0161a usluga vam omogu\u0107ava da u\u010destvujete u Powerballu SAD-a iz Srbije.","og_url":"https:\/\/redfoxlotto.com\/sr\/lutrija\/powerball\/","og_site_name":"Get Tickets for the World\u2019s largest jackpots","article_modified_time":"2025-12-18T11:27:06+00:00","og_image":[{"url":"https:\/\/content.redfoxlotto.com\/uploads\/sites\/9\/2_ticket_mega_millions2.jpg","type":"","width":"","height":""}],"twitter_card":"summary_large_image","twitter_misc":{"\u041f\u0440\u043e\u0446\u0435\u045a\u0435\u043d\u043e \u0432\u0440\u0435\u043c\u0435 \u0447\u0438\u0442\u0430\u045a\u0430":"4 \u043c\u0438\u043d\u0443\u0442\u0430"},"schema":{"@context":"https:\/\/schema.org","@graph":[{"@type":"WebPage","@id":"https:\/\/redfoxlotto.com\/sr\/lutrija\/powerball\/","url":"https:\/\/redfoxlotto.com\/sr\/lutrija\/powerball\/","name":"Kupite Powerball ulaznice putem interneta iz Srbije | Osvojite Powerball ovde","isPartOf":{"@id":"https:\/\/redfoxlotto.com\/sr\/#website"},"primaryImageOfPage":{"@id":"https:\/\/redfoxlotto.com\/sr\/lutrija\/powerball\/#primaryimage"},"image":{"@id":"https:\/\/redfoxlotto.com\/sr\/lutrija\/powerball\/#primaryimage"},"thumbnailUrl":"https:\/\/content.redfoxlotto.com\/uploads\/sites\/9\/2_ticket_mega_millions2.jpg","datePublished":"2018-11-18T08:54:25+00:00","dateModified":"2025-12-18T11:27:06+00:00","description":"Kako kupiti ulaznicu putem interneta za Powerball Lotto SAD? Na\u0161a usluga vam omogu\u0107ava da u\u010destvujete u Powerballu SAD-a iz Srbije.","breadcrumb":{"@id":"https:\/\/redfoxlotto.com\/sr\/lutrija\/powerball\/#breadcrumb"},"inLanguage":"sr-RS","potentialAction":[{"@type":"ReadAction","target":["https:\/\/redfoxlotto.com\/sr\/lutrija\/powerball\/"]}]},{"@type":"ImageObject","inLanguage":"sr-RS","@id":"https:\/\/redfoxlotto.com\/sr\/lutrija\/powerball\/#primaryimage","url":"https:\/\/content.redfoxlotto.com\/uploads\/sites\/9\/2_ticket_mega_millions2.jpg","contentUrl":"https:\/\/content.redfoxlotto.com\/uploads\/sites\/9\/2_ticket_mega_millions2.jpg"},{"@type":"BreadcrumbList","@id":"https:\/\/redfoxlotto.com\/sr\/lutrija\/powerball\/#breadcrumb","itemListElement":[{"@type":"ListItem","position":1,"name":"Home","item":"https:\/\/redfoxlotto.com\/sr\/"},{"@type":"ListItem","position":2,"name":"Kako kupiti loto tikete onlajn \u2013 process kupovine","item":"https:\/\/redfoxlotto.com\/sr\/lutrija\/"},{"@type":"ListItem","position":3,"name":"O lutriji Powerball"}]},{"@type":"WebSite","@id":"https:\/\/redfoxlotto.com\/sr\/#website","url":"https:\/\/redfoxlotto.com\/sr\/","name":"Get Tickets for the World\u2019s largest jackpots","description":"Participate in worldwide lottery jackpots from any country","publisher":{"@id":"https:\/\/redfoxlotto.com\/sr\/#organization"},"potentialAction":[{"@type":"SearchAction","target":{"@type":"EntryPoint","urlTemplate":"https:\/\/redfoxlotto.com\/sr\/?s={search_term_string}"},"query-input":{"@type":"PropertyValueSpecification","valueRequired":true,"valueName":"search_term_string"}}],"inLanguage":"sr-RS"},{"@type":"Organization","@id":"https:\/\/redfoxlotto.com\/sr\/#organization","name":"Get Tickets for the World\u2019s largest jackpots","url":"https:\/\/redfoxlotto.com\/sr\/","logo":{"@type":"ImageObject","inLanguage":"sr-RS","@id":"https:\/\/redfoxlotto.com\/sr\/#\/schema\/logo\/image\/","url":"https:\/\/redfoxlotto.com\/wp-content\/uploads\/2023\/04\/logo.png","contentUrl":"https:\/\/redfoxlotto.com\/wp-content\/uploads\/2023\/04\/logo.png","width":269,"height":53,"caption":"Get Tickets for the World\u2019s largest jackpots"},"image":{"@id":"https:\/\/redfoxlotto.com\/sr\/#\/schema\/logo\/image\/"}}]}},"_links":{"self":[{"href":"https:\/\/redfoxlotto.com\/sr\/wp-json\/wp\/v2\/pages\/7307","targetHints":{"allow":["GET"]}}],"collection":[{"href":"https:\/\/redfoxlotto.com\/sr\/wp-json\/wp\/v2\/pages"}],"about":[{"href":"https:\/\/redfoxlotto.com\/sr\/wp-json\/wp\/v2\/types\/page"}],"author":[{"embeddable":true,"href":"https:\/\/redfoxlotto.com\/sr\/wp-json\/wp\/v2\/users\/1"}],"replies":[{"embeddable":true,"href":"https:\/\/redfoxlotto.com\/sr\/wp-json\/wp\/v2\/comments?post=7307"}],"version-history":[{"count":0,"href":"https:\/\/redfoxlotto.com\/sr\/wp-json\/wp\/v2\/pages\/7307\/revisions"}],"up":[{"embeddable":true,"href":"https:\/\/redfoxlotto.com\/sr\/wp-json\/wp\/v2\/pages\/7302"}],"wp:attachment":[{"href":"https:\/\/redfoxlotto.com\/sr\/wp-json\/wp\/v2\/media?parent=7307"}],"curies":[{"name":"wp","href":"https:\/\/api.w.org\/{rel}","templated":true}]}}