{"id":7305,"date":"2018-11-18T08:54:25","date_gmt":"2018-11-18T08:54:25","guid":{"rendered":"https:\/\/redfoxlotto.com\/?page_id=3705"},"modified":"2025-12-18T13:24:25","modified_gmt":"2025-12-18T13:24:25","slug":"mega-millions","status":"publish","type":"page","link":"https:\/\/redfoxlotto.com\/sr\/lutrija\/mega-millions\/","title":{"rendered":"O Mega Milionsu"},"content":{"rendered":"<p><script type=\"application\/ld+json\">\n{\n  \"@context\": \"https:\/\/schema.org\",\n  \"@type\": \"Service\",\n  \"name\": \"Igrajte Mega Millions online\",\n  \"url\": \"https:\/\/redfoxlotto.com\/sr\/lotteries\/mega-millions\",\n  \"description\": \"Kupite zvani\u010dne Mega Millions listi\u0107e online iz bilo koje zemlje. Posetite RedFoxLotto, izaberite svoje brojeve i u\u010destvujte u slede\u0107em izvla\u010denju.\",\n  \"serviceType\": \"Online posredni\u010dka usluga za lutrijske listi\u0107e\",<\/p>\n<p>  \"provider\": {\n    \"@type\": \"Organization\",\n    \"name\": \"RedFoxLotto\",\n    \"url\": \"https:\/\/redfoxlotto.com\/sr\",\n    \"image\": \"https:\/\/redfoxlotto.com\/sr\/wp-content\/uploads\/2025\/12\/ticket_scans.jpg\",\n    \"sameAs\": []\n  },<\/p>\n<p>  \"areaServed\": \"Worldwide\",\n  \"termsOfService\": \"https:\/\/redfoxlotto.com\/terms-and-conditions\",<\/p>\n<p>  \"additionalProperty\": {\n    \"@type\": \"PropertyValue\",\n    \"name\": \"FAQ\",\n    \"value\": \"https:\/\/redfoxlotto.com\/sr\/faq\/\"\n  },<\/p>\n<p>  \"hasOfferCatalog\": {\n    \"@type\": \"OfferCatalog\",\n    \"name\": \"Mega Millions listi\u0107i\",\n    \"itemListElement\": [\n      {\n        \"@type\": \"Offer\",\n        \"name\": \"Mega Millions listi\u0107i\",\n        \"url\": \"https:\/\/redfoxlotto.com\/sr\/lotteries\/powerball\",\n        \"description\": \"Kupite prave listi\u0107e online za slede\u0107e Mega Millions izvla\u010denje putem RedFoxLotto.\",\n        \"price\": \"13.00\",\n        \"priceCurrency\": \"\u20ac\",\n        \"availability\": \"https:\/\/schema.org\/InStock\",<\/p>\n<p>        \"itemOffered\": {\n          \"@type\": \"Service\",\n          \"name\": \"Mega Millions lutrijski listi\u0107i\",\n          \"description\": \"U\u010destvujte u slede\u0107em Mega Millions izvla\u010denju \u2013 kupite listi\u0107e online preko RedFoxLotto.\"\n        }\n      }\n    ]\n  },<\/p>\n<p>  \"mainEntityOfPage\": {\n    \"@type\": \"WebPage\",\n    \"@id\": \"https:\/\/redfoxlotto.com\/sr\/lotteries\/mega-millions\"\n  }\n}\n<\/script><\/p>\n<p>Poznata kao &#8222;Velika igra&#8220; do 2002. godine, ova lutrija koja obuhvata 44 ameri\u010dke dr\u017eave sada je poznata \u0161irom sveta kao Mega Milions. Dve izvla\u010denja nedeljno (svakog utorka i petka) se odr\u017eavaju u tu svrhu. Ako niste \u010duli za ovu igru ili ako do sada niste zaista obra\u0107ali pa\u017enju, definitivno \u0107ete \u017eeleti da se malo bolje informi\u0161ete i vidite \u0161ta mo\u017eete da postignete sa ovom igrom.<\/p>\n<p>Definitivno je to nagrada koju \u017eelite da osvojite, a igra je i veoma jednostavna za vas da je igrate. To \u010dini da je kupovina karata za Mega Milions putem interneta iz Srbije dobitna kombinacija za vas.<\/p>\n<h2>Mega Milions d\u017eekpot<\/h2>\n<p>Mega Milions je poznat po svojim velikim d\u017eekpotovima. 2018. godine, jedan sre\u0107nik je osvojio rekordni d\u017eekpot od preko 1,5 milijardi dolara. To je definitivno vrsta d\u017eekpota koju \u017eelite da osvojite, zar ne? A verovatno\u0107a nije lo\u0161a kao kod nekih drugih d\u017eekpotova.<\/p>\n<p>Jo\u0161 bolje kod Mega Milionsa je to \u0161to \u0107e d\u017eekpotovi uvek biti visoki. U stvari, d\u017eekpot po\u010dinje sa 40 miliona dolara. Dakle, \u010dak i ako osvojite osnovni d\u017eekpot pre nego \u0161to po\u010dne da raste (\u0161to se retko de\u0161ava), dobi\u0107ete odli\u010dnu isplatu.<img loading=\"lazy\" decoding=\"async\" class=\"alignright wp-image\" src=\"https:\/\/content.redfoxlotto.com\/uploads\/sites\/9\/2_ticket_mega_millions2.jpg\" alt=\"Mega Milions online\" width=\"200\" height=\"207\" \/><\/p>\n<p>Ako osvojite d\u017eekpot kasnije, kako po\u010dinje da raste, mo\u017eete osvojiti mnogo vi\u0161e. Jo\u0161 bolje, ovi d\u017eekpotovi se prili\u010dno brzo pove\u0107avaju. Tako da ono \u0161to danas po\u010dinje sa 40 miliona dolara vrlo lako mo\u017ee biti preko 100 miliona dolara za samo nedelju dana ili manje. Odande mo\u017ee dosti\u0107i stotine miliona i mo\u017eda \u0107ete imati priliku za jo\u0161 jedno izvla\u010denje vredno milijardu dolara. To bi definitivno vredelo ulaganje nekoliko dolara u karte, zar ne?<\/p>\n<p>Na na\u0161em veb sajtu imate priliku da kupite karte za Mega Milions putem interneta, \u010dak i ako \u017eivite u Srbiji. Samo izaberite svoje brojeve, kupite kartu i sa\u010dekajte rezultate izvla\u010denja! Pro\u0107i \u0107emo kroz neke op\u0161te korake i \u0161ta je potrebno da biste po\u010deli za minut, ali prvo se usredsredimo na sam Mega Milions, da li se sla\u017eete?<\/p>\n<h2>Pravila Mega Milionsa<\/h2>\n<p>Pravila Mega Milionsa su jednostavna. Morate odabrati 5<\/p>\n<p>brojeva izme\u0111u 1 i 70, plus dodatni broj MegaBall. Svi brojevi moraju se poklopiti kako biste osvojili d\u017eekpot. To ne zna\u010di da ne mo\u017eete ni\u0161ta osvojiti ako ne dobijete taj d\u017eekpot. U stvari, postoji nekoliko razli\u010ditih nagrada koje mo\u017eete osvojiti. U Mega Milionsu, mo\u017eete osvojiti u devet opsega nagrada.<\/p>\n<p>Ono \u0161to je zaista sjajno je to da zapravo mo\u017eete osvojiti nagradu samo na osnovu podudaranja jednog broja, pod uslovom da je taj broj MegaBall. Ako se taj broj poklopi, osvoji\u0107ete automatsku nagradu i to je samo po\u010detak. Mo\u017eete osvojiti veoma male nagrade koje \u0107e vam vratiti novac koji ste potro\u0161ili na kupovinu karte, ili mo\u017eete osvojiti velike nagrade koje su i dalje manje od samog d\u017eekpota.<br \/>\nTako\u0111e, svaka nagrada ispod d\u017eekpota se osvaja individualno. To zna\u010di da ne morate deliti novac ako neko drugi osvoji tu nagradu tako\u0111e.<\/p>\n<h2>Kupovina karte za Mega Milions putem interneta u Srbiji<\/h2>\n<p>Jeste li spremni da kupite svoju prvu kartu za Mega Milions putem interneta? Ako jeste, definitivno \u0107ete \u017eeleti da pogledate korake koji \u010dine taj proces. Mi \u010dinimo da to bude \u0161to jednostavnije jer znamo da zaista \u017eelite da kupite svoju kartu, budete uklju\u010deni u izvla\u010denje i nastavite sa ostalim stvarima koje se de\u0161avaju u va\u0161em \u017eivotu. Zato smo napravili samo nekoliko koraka.<\/p>\n<p>Prvi korak je da odlu\u010dite \u0161ta \u017eelite da kupite. Ako \u017eelite da kupite karte za Mega Milions putem interneta, to \u0107e biti lako. Samo prona\u0111ite igru i idite na stranicu koja je posebno posve\u0107ena tome.<\/p>\n<p>Ako \u017eelite da kupite karte za druge igre, mo\u0107i \u0107ete da vidite svaku od njih, kao i njihove trenutne dostupne d\u017eekpotove, direktno na istom ekranu i mo\u0107i \u0107ete u\u0107i u svaku od njih posebno. To vam olak\u0161ava da odlu\u010dite \u0161ta \u017eelite da radite i da izaberete karte koje \u017eelite.<\/p>\n<p>Kada se nalazite na stranici, mo\u017eete saznati vi\u0161e o Mega Milionsu, a zatim mo\u017eete izabrati brojeve koje \u017eelite da igrate. Ako imate odre\u0111ene brojeve koje \u017eelite, mo\u017eete ih izabrati direktno na tom ekranu. Ako imate samo nekoliko brojeva i \u017eelite da ostatak bude nasumi\u010dno dodeljen, to je tako\u0111e opcija. Ili mo\u017eete<br \/>\n<img loading=\"lazy\" decoding=\"async\" class=\"alignright wp-image\" src=\"https:\/\/content.redfoxlotto.com\/uploads\/sites\/9\/1_buy_mega_millions_lottery_tickets.jpg\" alt=\"kupite karte online\" width=\"287\" height=\"202\" \/><\/p>\n<p>izabrati potpuno nasumi\u010dnu kartu. Potpuno je na vama. U svakom slu\u010daju, sazna\u0107ete da li imate dovoljno brojeva, premalo ili previ\u0161e, jer \u0107emo se pobrinuti da va\u0161a karta bude validna pre nego \u0161to pre\u0111ete na slede\u0107u stranicu.<\/p>\n<h2>Proces pla\u0107anja<\/h2>\n<p>Nakon \u0161to izaberete karte za Mega Milions koje \u017eelite, mo\u017eete ih dodati u svoju korpu i odabrati dodatne karte ako \u017eelite, ili mo\u017eete nastaviti sa procesom pla\u0107anja. Kada obavite pla\u0107anje, bi\u0107e vam potreban nalog kod nas, ali i to \u0107emo vam olak\u0161ati.<\/p>\n<p>Samo popunite osnovne informacije o sebi kako biste mogli da preuzmete nagrade ako je potrebno.<\/p>\n<p>To je sve. Potvr\u0111ujete svoju kupovinu, mi nabavljamo karte za vas i one \u0107e se prikazati direktno na va\u0161em nalogu tako da mo\u017eete pratiti i videti da li ste osvojili. \u010cak \u0107emo vam poslati e-po\u0161tu ako va\u0161a karta osvoji nagradu i prikazati vam direktno na va\u0161em nalogu koji brojevi se podudaraju sa izvla\u010denjem. Ne\u0107ete imati problema sa fantasti\u010dnim iskustvom sa Mega Milionsom i samo \u0107ete \u017eeleti da nastavite igrati svaku igru.<\/p>\n","protected":false},"excerpt":{"rendered":"<p>Poznata kao &#8222;Velika igra&#8220; do 2002. godine, ova lutrija koja obuhvata 44 ameri\u010dke dr\u017eave sada je poznata \u0161irom sveta kao Mega Milions. Dve izvla\u010denja nedeljno (svakog utorka i petka) se odr\u017eavaju u tu svrhu. Ako niste \u010duli za ovu igru ili ako do sada niste zaista obra\u0107ali pa\u017enju, definitivno \u0107ete \u017eeleti da se malo bolje [&hellip;]<\/p>\n","protected":false},"author":1,"featured_media":0,"parent":7302,"menu_order":2,"comment_status":"closed","ping_status":"closed","template":"megamillion-info.php","meta":{"_et_pb_use_builder":"","_et_pb_old_content":"","_et_gb_content_width":"","exclude_from_search":false,"footnotes":""},"class_list":["post-7305","page","type-page","status-publish","hentry"],"yoast_head":"<!-- This site is optimized with the Yoast SEO plugin v23.8 - https:\/\/yoast.com\/wordpress\/plugins\/seo\/ -->\n<title>Kupite Mega Milions karte online | Mega Milions je sada dostupan iz Srbije<\/title>\n<meta name=\"description\" content=\"Saznajte o lutriji Mega Milions u SAD-u i kako mo\u017eete kupiti karte za Mega Milions putem interneta iz Srbije ili iz bilo koje zemlje u svetu\" \/>\n<meta name=\"robots\" content=\"index, follow, max-snippet:-1, max-image-preview:large, max-video-preview:-1\" \/>\n<link rel=\"canonical\" href=\"https:\/\/redfoxlotto.com\/sr\/lutrija\/mega-millions\/\" \/>\n<meta property=\"og:locale\" content=\"sr_RS\" \/>\n<meta property=\"og:type\" content=\"article\" \/>\n<meta property=\"og:title\" content=\"Kupite Mega Milions karte online | Mega Milions je sada dostupan iz Srbije\" \/>\n<meta property=\"og:description\" content=\"Saznajte o lutriji Mega Milions u SAD-u i kako mo\u017eete kupiti karte za Mega Milions putem interneta iz Srbije ili iz bilo koje zemlje u svetu\" \/>\n<meta property=\"og:url\" content=\"https:\/\/redfoxlotto.com\/sr\/lutrija\/mega-millions\/\" \/>\n<meta property=\"og:site_name\" content=\"Get Tickets for the World\u2019s largest jackpots\" \/>\n<meta property=\"article:modified_time\" content=\"2025-12-18T13:24:25+00:00\" \/>\n<meta property=\"og:image\" content=\"https:\/\/content.redfoxlotto.com\/uploads\/sites\/9\/2_ticket_mega_millions2.jpg\" \/>\n<meta name=\"twitter:card\" content=\"summary_large_image\" \/>\n<meta name=\"twitter:label1\" content=\"\u041f\u0440\u043e\u0446\u0435\u045a\u0435\u043d\u043e \u0432\u0440\u0435\u043c\u0435 \u0447\u0438\u0442\u0430\u045a\u0430\" \/>\n\t<meta name=\"twitter:data1\" content=\"5 \u043c\u0438\u043d\u0443\u0442\u0430\" \/>\n<script type=\"application\/ld+json\" class=\"yoast-schema-graph\">{\"@context\":\"https:\/\/schema.org\",\"@graph\":[{\"@type\":\"WebPage\",\"@id\":\"https:\/\/redfoxlotto.com\/sr\/lutrija\/mega-millions\/\",\"url\":\"https:\/\/redfoxlotto.com\/sr\/lutrija\/mega-millions\/\",\"name\":\"Kupite Mega Milions karte online | Mega Milions je sada dostupan iz Srbije\",\"isPartOf\":{\"@id\":\"https:\/\/redfoxlotto.com\/sr\/#website\"},\"primaryImageOfPage\":{\"@id\":\"https:\/\/redfoxlotto.com\/sr\/lutrija\/mega-millions\/#primaryimage\"},\"image\":{\"@id\":\"https:\/\/redfoxlotto.com\/sr\/lutrija\/mega-millions\/#primaryimage\"},\"thumbnailUrl\":\"https:\/\/content.redfoxlotto.com\/uploads\/sites\/9\/2_ticket_mega_millions2.jpg\",\"datePublished\":\"2018-11-18T08:54:25+00:00\",\"dateModified\":\"2025-12-18T13:24:25+00:00\",\"description\":\"Saznajte o lutriji Mega Milions u SAD-u i kako mo\u017eete kupiti karte za Mega Milions putem interneta iz Srbije ili iz bilo koje zemlje u svetu\",\"breadcrumb\":{\"@id\":\"https:\/\/redfoxlotto.com\/sr\/lutrija\/mega-millions\/#breadcrumb\"},\"inLanguage\":\"sr-RS\",\"potentialAction\":[{\"@type\":\"ReadAction\",\"target\":[\"https:\/\/redfoxlotto.com\/sr\/lutrija\/mega-millions\/\"]}]},{\"@type\":\"ImageObject\",\"inLanguage\":\"sr-RS\",\"@id\":\"https:\/\/redfoxlotto.com\/sr\/lutrija\/mega-millions\/#primaryimage\",\"url\":\"https:\/\/content.redfoxlotto.com\/uploads\/sites\/9\/2_ticket_mega_millions2.jpg\",\"contentUrl\":\"https:\/\/content.redfoxlotto.com\/uploads\/sites\/9\/2_ticket_mega_millions2.jpg\"},{\"@type\":\"BreadcrumbList\",\"@id\":\"https:\/\/redfoxlotto.com\/sr\/lutrija\/mega-millions\/#breadcrumb\",\"itemListElement\":[{\"@type\":\"ListItem\",\"position\":1,\"name\":\"Home\",\"item\":\"https:\/\/redfoxlotto.com\/sr\/\"},{\"@type\":\"ListItem\",\"position\":2,\"name\":\"Kako kupiti loto tikete onlajn \u2013 process kupovine\",\"item\":\"https:\/\/redfoxlotto.com\/sr\/lutrija\/\"},{\"@type\":\"ListItem\",\"position\":3,\"name\":\"O Mega Milionsu\"}]},{\"@type\":\"WebSite\",\"@id\":\"https:\/\/redfoxlotto.com\/sr\/#website\",\"url\":\"https:\/\/redfoxlotto.com\/sr\/\",\"name\":\"Get Tickets for the World\u2019s largest jackpots\",\"description\":\"Participate in worldwide lottery jackpots from any country\",\"publisher\":{\"@id\":\"https:\/\/redfoxlotto.com\/sr\/#organization\"},\"potentialAction\":[{\"@type\":\"SearchAction\",\"target\":{\"@type\":\"EntryPoint\",\"urlTemplate\":\"https:\/\/redfoxlotto.com\/sr\/?s={search_term_string}\"},\"query-input\":{\"@type\":\"PropertyValueSpecification\",\"valueRequired\":true,\"valueName\":\"search_term_string\"}}],\"inLanguage\":\"sr-RS\"},{\"@type\":\"Organization\",\"@id\":\"https:\/\/redfoxlotto.com\/sr\/#organization\",\"name\":\"Get Tickets for the World\u2019s largest jackpots\",\"url\":\"https:\/\/redfoxlotto.com\/sr\/\",\"logo\":{\"@type\":\"ImageObject\",\"inLanguage\":\"sr-RS\",\"@id\":\"https:\/\/redfoxlotto.com\/sr\/#\/schema\/logo\/image\/\",\"url\":\"https:\/\/redfoxlotto.com\/wp-content\/uploads\/2023\/04\/logo.png\",\"contentUrl\":\"https:\/\/redfoxlotto.com\/wp-content\/uploads\/2023\/04\/logo.png\",\"width\":269,\"height\":53,\"caption\":\"Get Tickets for the World\u2019s largest jackpots\"},\"image\":{\"@id\":\"https:\/\/redfoxlotto.com\/sr\/#\/schema\/logo\/image\/\"}}]}<\/script>\n<!-- \/ Yoast SEO plugin. -->","yoast_head_json":{"title":"Kupite Mega Milions karte online | Mega Milions je sada dostupan iz Srbije","description":"Saznajte o lutriji Mega Milions u SAD-u i kako mo\u017eete kupiti karte za Mega Milions putem interneta iz Srbije ili iz bilo koje zemlje u svetu","robots":{"index":"index","follow":"follow","max-snippet":"max-snippet:-1","max-image-preview":"max-image-preview:large","max-video-preview":"max-video-preview:-1"},"canonical":"https:\/\/redfoxlotto.com\/sr\/lutrija\/mega-millions\/","og_locale":"sr_RS","og_type":"article","og_title":"Kupite Mega Milions karte online | Mega Milions je sada dostupan iz Srbije","og_description":"Saznajte o lutriji Mega Milions u SAD-u i kako mo\u017eete kupiti karte za Mega Milions putem interneta iz Srbije ili iz bilo koje zemlje u svetu","og_url":"https:\/\/redfoxlotto.com\/sr\/lutrija\/mega-millions\/","og_site_name":"Get Tickets for the World\u2019s largest jackpots","article_modified_time":"2025-12-18T13:24:25+00:00","og_image":[{"url":"https:\/\/content.redfoxlotto.com\/uploads\/sites\/9\/2_ticket_mega_millions2.jpg"}],"twitter_card":"summary_large_image","twitter_misc":{"\u041f\u0440\u043e\u0446\u0435\u045a\u0435\u043d\u043e \u0432\u0440\u0435\u043c\u0435 \u0447\u0438\u0442\u0430\u045a\u0430":"5 \u043c\u0438\u043d\u0443\u0442\u0430"},"schema":{"@context":"https:\/\/schema.org","@graph":[{"@type":"WebPage","@id":"https:\/\/redfoxlotto.com\/sr\/lutrija\/mega-millions\/","url":"https:\/\/redfoxlotto.com\/sr\/lutrija\/mega-millions\/","name":"Kupite Mega Milions karte online | Mega Milions je sada dostupan iz Srbije","isPartOf":{"@id":"https:\/\/redfoxlotto.com\/sr\/#website"},"primaryImageOfPage":{"@id":"https:\/\/redfoxlotto.com\/sr\/lutrija\/mega-millions\/#primaryimage"},"image":{"@id":"https:\/\/redfoxlotto.com\/sr\/lutrija\/mega-millions\/#primaryimage"},"thumbnailUrl":"https:\/\/content.redfoxlotto.com\/uploads\/sites\/9\/2_ticket_mega_millions2.jpg","datePublished":"2018-11-18T08:54:25+00:00","dateModified":"2025-12-18T13:24:25+00:00","description":"Saznajte o lutriji Mega Milions u SAD-u i kako mo\u017eete kupiti karte za Mega Milions putem interneta iz Srbije ili iz bilo koje zemlje u svetu","breadcrumb":{"@id":"https:\/\/redfoxlotto.com\/sr\/lutrija\/mega-millions\/#breadcrumb"},"inLanguage":"sr-RS","potentialAction":[{"@type":"ReadAction","target":["https:\/\/redfoxlotto.com\/sr\/lutrija\/mega-millions\/"]}]},{"@type":"ImageObject","inLanguage":"sr-RS","@id":"https:\/\/redfoxlotto.com\/sr\/lutrija\/mega-millions\/#primaryimage","url":"https:\/\/content.redfoxlotto.com\/uploads\/sites\/9\/2_ticket_mega_millions2.jpg","contentUrl":"https:\/\/content.redfoxlotto.com\/uploads\/sites\/9\/2_ticket_mega_millions2.jpg"},{"@type":"BreadcrumbList","@id":"https:\/\/redfoxlotto.com\/sr\/lutrija\/mega-millions\/#breadcrumb","itemListElement":[{"@type":"ListItem","position":1,"name":"Home","item":"https:\/\/redfoxlotto.com\/sr\/"},{"@type":"ListItem","position":2,"name":"Kako kupiti loto tikete onlajn \u2013 process kupovine","item":"https:\/\/redfoxlotto.com\/sr\/lutrija\/"},{"@type":"ListItem","position":3,"name":"O Mega Milionsu"}]},{"@type":"WebSite","@id":"https:\/\/redfoxlotto.com\/sr\/#website","url":"https:\/\/redfoxlotto.com\/sr\/","name":"Get Tickets for the World\u2019s largest jackpots","description":"Participate in worldwide lottery jackpots from any country","publisher":{"@id":"https:\/\/redfoxlotto.com\/sr\/#organization"},"potentialAction":[{"@type":"SearchAction","target":{"@type":"EntryPoint","urlTemplate":"https:\/\/redfoxlotto.com\/sr\/?s={search_term_string}"},"query-input":{"@type":"PropertyValueSpecification","valueRequired":true,"valueName":"search_term_string"}}],"inLanguage":"sr-RS"},{"@type":"Organization","@id":"https:\/\/redfoxlotto.com\/sr\/#organization","name":"Get Tickets for the World\u2019s largest jackpots","url":"https:\/\/redfoxlotto.com\/sr\/","logo":{"@type":"ImageObject","inLanguage":"sr-RS","@id":"https:\/\/redfoxlotto.com\/sr\/#\/schema\/logo\/image\/","url":"https:\/\/redfoxlotto.com\/wp-content\/uploads\/2023\/04\/logo.png","contentUrl":"https:\/\/redfoxlotto.com\/wp-content\/uploads\/2023\/04\/logo.png","width":269,"height":53,"caption":"Get Tickets for the World\u2019s largest jackpots"},"image":{"@id":"https:\/\/redfoxlotto.com\/sr\/#\/schema\/logo\/image\/"}}]}},"_links":{"self":[{"href":"https:\/\/redfoxlotto.com\/sr\/wp-json\/wp\/v2\/pages\/7305","targetHints":{"allow":["GET"]}}],"collection":[{"href":"https:\/\/redfoxlotto.com\/sr\/wp-json\/wp\/v2\/pages"}],"about":[{"href":"https:\/\/redfoxlotto.com\/sr\/wp-json\/wp\/v2\/types\/page"}],"author":[{"embeddable":true,"href":"https:\/\/redfoxlotto.com\/sr\/wp-json\/wp\/v2\/users\/1"}],"replies":[{"embeddable":true,"href":"https:\/\/redfoxlotto.com\/sr\/wp-json\/wp\/v2\/comments?post=7305"}],"version-history":[{"count":0,"href":"https:\/\/redfoxlotto.com\/sr\/wp-json\/wp\/v2\/pages\/7305\/revisions"}],"up":[{"embeddable":true,"href":"https:\/\/redfoxlotto.com\/sr\/wp-json\/wp\/v2\/pages\/7302"}],"wp:attachment":[{"href":"https:\/\/redfoxlotto.com\/sr\/wp-json\/wp\/v2\/media?parent=7305"}],"curies":[{"name":"wp","href":"https:\/\/api.w.org\/{rel}","templated":true}]}}