{"id":7304,"date":"2018-11-18T08:54:25","date_gmt":"2018-11-18T08:54:25","guid":{"rendered":"https:\/\/redfoxlotto.com\/?page_id=3703"},"modified":"2025-12-18T14:54:47","modified_gmt":"2025-12-18T14:54:47","slug":"euromillions","status":"publish","type":"page","link":"https:\/\/redfoxlotto.com\/sr\/lutrija\/euromillions\/","title":{"rendered":"O EuroMillionsu"},"content":{"rendered":"<p><script type=\"application\/ld+json\">\n{\n  \"@context\": \"https:\/\/schema.org\",\n  \"@type\": \"Service\",\n  \"name\": \"Igrajte Euromillions online\",\n  \"url\": \"https:\/\/redfoxlotto.com\/sr\/lotteries\/euromillions\/\",\n  \"description\": \"Kupite zvani\u010dne Euromillions lutrijske tikete online iz bilo koje zemlje. Posetite RedFoxLotto, izaberite svoje brojeve i u\u010destvujte u slede\u0107em izvla\u010denju.\",\n  \"serviceType\": \"Online servis za posredovanje lutrijskih tiketa\",\n  \"provider\": {\n    \"@type\": \"Organization\",\n    \"name\": \"RedFoxLotto\",\n    \"url\": \"https:\/\/redfoxlotto.com\/sr\",\n    \"image\": \"https:\/\/redfoxlotto.com\/sr\/wp-content\/uploads\/2025\/12\/ticket_scans.jpg\",\n    \"sameAs\": []\n  },\n  \"areaServed\": \"Worldwide\",\n  \"termsOfService\": \"https:\/\/redfoxlotto.com\/terms-and-conditions\",\n  \"additionalProperty\": {\n    \"@type\": \"PropertyValue\",\n    \"name\": \"FAQ\",\n    \"value\": \"https:\/\/redfoxlotto.com\/sr\/faq\/\"\n  },\n  \"hasOfferCatalog\": {\n    \"@type\": \"OfferCatalog\",\n    \"name\": \"Euromillions lutrijski tiketi\",\n    \"itemListElement\": [\n      {\n        \"@type\": \"Offer\",\n        \"name\": \"Euromillions tiketi\",\n        \"url\": \"https:\/\/redfoxlotto.com\/sr\/lotteries\/euromillions\",\n        \"description\": \"Kupite stvarne tikete online za slede\u0107e Euromillions izvla\u010denje preko RedFoxLotto.\",\n        \"price\": \"7.00\",\n        \"priceCurrency\": \"\u20ac\",\n        \"availability\": \"https:\/\/schema.org\/InStock\",\n        \"itemOffered\": {\n          \"@type\": \"Service\",\n          \"name\": \"Euromillions lutrijski tiketi\",\n          \"description\": \"U\u010destvujte u slede\u0107em Euromillions izvla\u010denju \u2013 kupite tikete online preko RedFoxLotto.\"\n        }\n      }\n    ]\n  },\n  \"mainEntityOfPage\": {\n    \"@type\": \"WebPage\",\n    \"@id\": \"https:\/\/redfoxlotto.com\/sr\/lotteries\/euromillions\"\n  }\n}\n<\/script><br \/>\nvvv<br \/>\nEuro Millions je najve\u0107a lutrija u Evropi. Pokrenuta 2004. godine, ulaznice se mogu kupiti u devet evropskih zemalja &#8211; ili, ako ste iz Srbije, mo\u017eete kupiti svoje ulaznice online ovde.<\/p>\n<h2>Nabavite svoju EuroMillions ulaznicu iz Srbije<\/h2>\n<p>Jeste li spremni da zapo\u010dnete i kupite EuroMillions ulaznice online? Ako jeste, onda \u0107ete \u017eeleti da saznate nekoliko stvari o igri pre nego \u0161to se upustite, zar ne? \u017delite da budete sigurni da ste pripremljeni i da znate sve \u0161to mo\u017eete o igri. Pa, prva stvar koju treba da znate je kada \u0107e se odr\u017eavati izvla\u010denja, jer \u017eelite biti sigurni da dobijete svoju lutrijsku ulaznicu pre slede\u0107eg izvla\u010denja. Izvla\u010denja za EuroMillions se odr\u017eavaju svakog utorka i petka u Parizu.<br \/>\n<img loading=\"lazy\" decoding=\"async\" class=\"alignright wp-image\" src=\"https:\/\/content.redfoxlotto.com\/uploads\/sites\/9\/1_buy_euromillions_online.jpg\" alt=\"d\u017eekpot EuroMillions\" width=\"284\" height=\"190\" \/><br \/>\nRazgovara\u0107emo vi\u0161e o brojevima koje mo\u017eete odabrati i kako \u0107ete dobiti \u017eeljenu ulaznicu za minut, ali za sada, pogledajmo bli\u017ee d\u017eekpot koji biste mogli osvojiti. Na kraju krajeva, to je jedan od razloga za\u0161to \u0107ete \u017eeleti da igrate EuroMillions.<\/p>\n<h2>D\u017eekpot EuroMillionsa<\/h2>\n<p>Kao najve\u0107a lutrija u Evropi, EuroMillions tako\u0111e ima ogromne d\u017eekpotove. Zapravo, d\u017eekpotovi \u010desto iznose milione dolara, a najve\u0107i su definitivno na vrhu lestvice. Najve\u0107i d\u017eekpot do sada u ovoj lutriji iznosio je 190.000.000 \u20ac. Osvojio ga je anonimni igra\u010d 24. oktobra 2014. godine.<\/p>\n<p>To je dovoljan razlog da se malo bli\u017ee upoznate sa ovom igrom i razmislite o tome da kupite ulaznicu za sebe, zar ne? Pa, svi\u0111a\u0107e vam se ideja da osvojite taj novac i zapravo mo\u017eete osvojiti i dobru sumu novca \u010dak i ako ne dostignete taj d\u017eekpot. To je zato \u0161to po\u010detni iznos tako\u0111e predstavlja sjajnu nagradu, a one koje su izme\u0111u najni\u017eih nivoa i najvi\u0161ih tako\u0111e su odli\u010dne.<\/p>\n<h2>Pravila EuroMillionsa<\/h2>\n<p>Jeste li spremni da kupite EuroMillions ulaznice online, ali niste sigurni gde i kako &#8211; mo\u017eda zato \u0161to \u017eivite u Srbiji? Pa, upravo \u0107emo vam detaljno objasniti \u0161ta treba da radite i kako \u0107ete odabrati brojeve kako biste imali najbolju mogu\u0107u \u0161ansu zaista osvojiti igru.<\/p>\n<h2>Dakle, \u0161ta treba da uradite?<\/h2>\n<p>Ovde birate 5 glavnih brojeva izme\u0111u 1 i 50 i jo\u0161 dva dodatna broja, nazvana Lucky Star, izme\u0111u 1 i 12. Da biste pobedili u najni\u017eem rasponu cene, samo dva glavna broja moraju se podudarati. To zna\u010di da \u0107ete imati mnogo prilika gde mo\u017eete biti pobednik, iako ne\u0107ete osvojiti puno novca ako se podudarate samo sa nekoliko brojeva.<\/p>\n<p>Ako se podudarate sa vi\u0161e brojeva, posebno ako se podudaraju i sre\u0107ne zvezde, ima\u0107ete bolju dostupnu nagradu. To je svakako dobra prednost, zar ne? Mo\u017eete pobolj\u0161ati svoje \u0161anse za ne\u0161to i sigurno u\u017eivati u igri.<\/p>\n<h2>Odabir ulaznice<\/h2>\n<p>Jeste li spremni da odaberete ulaznicu? Sigurno \u0107ete \u017eeleti da pogledate na\u0161 postupak jer \u0107emo vam olak\u0161ati. Znamo da nemate puno vremena i \u017eelite da iskoristite to vreme na najbolji na\u010din. Ali i dalje \u017eelite da se zabavljate igraju\u0107i EuroMillions i to zna\u010di da morate kupiti EuroMillions ulaznice online.<\/p>\n<p>Prvi korak u na\u0161em postupku je da odlu\u010dite koju ulaznicu \u017eelite. Ako ste ve\u0107 odlu\u010dili za EuroMillions, sve ste spremni. Ali ako niste ba\u0161 sigurni, definitivno \u0107ete \u017eeleti da pogledate glavnu stranicu, gde \u0107emo vam prikazati sve najbolje d\u017eekpotove i koje igre biste mogli istra\u017eiti. To su igre za koje nudimo ulaznice.<\/p>\n<p>Kada ste odlu\u010dili koju ulaznicu \u017eelite, ulazite na stranicu i po\u010dinjete birati brojeve za svoju ulaznicu. Ako \u017eelite, mo\u017eete odabrati apsolutno sve brojeve, tako da dobijete prilago\u0111enu ulaznicu koja odgovara onome \u0161to vam najvi\u0161e odgovara.<\/p>\n<p>Mo\u017eete tako\u0111e odabrati da kupite ulaznice koje su slu\u010dajno odabrane za vas. To vam olak\u0161ava dobijanje ulaznice bez potrebe da na njoj provodite puno vremena. Tako\u0111e mo\u017eete odlu\u010diti koliko ulaznica \u017eelite kupiti, tako da \u0107ete imati sve \u0161to vam je potrebno da potencijalno osvojite veliki d\u017eekpot.<\/p>\n<h2>Postupak kupovine za EuroMillions<\/h2>\n<p>Kada odaberete ulaznice, poslednja stvar koju treba da uradite je da popunite informacije o svom nalogu. Odmah \u0107emo vas voditi kroz proces kako biste kreirali taj nalog, tako da mo\u017eete biti sigurni da \u0107ete dobiti ulaznice koje \u017e<\/p>\n<h2>elite u pravo vreme. \u010cak mo\u017eete ovde postaviti i \u017eeljene na\u010dine pla\u0107anja.<\/h2>\n<p>Kada sve postavite, samo trebate staviti ulaznice koje \u017eelite u svoju korpu i onda \u0107ete mo\u0107i da kupite sve odjednom. \u010cak mo\u017eete dodati ulaznice iz razli\u010ditih igara u svoju korpu i mo\u0107i \u0107ete kupiti sve \u0161to vam je potrebno.<img loading=\"lazy\" decoding=\"async\" class=\"alignright wp-image\" src=\"https:\/\/content.redfoxlotto.com\/uploads\/sites\/9\/1_buy_lottery_ticket.jpg\" alt=\"kupite ulaznice online\" width=\"312\" height=\"107\" \/><\/p>\n<p>Kada ste odlu\u010dili koje ulaznice \u017eelite, bi\u0107ete spremni i mo\u0107i \u0107ete da \u010dekate i vidite \u0161ta \u0107e se desiti sa va\u0161im ulaznicama. One koje kupite \u0107e se odmah pojaviti na va\u0161em nalogu i mo\u017eete se vratiti i proveriti kasnije da vidite da li ste pobedili.<\/p>\n<p>Ako pobedite, posla\u0107emo vam e-po\u0161tu i mo\u0107i \u0107ete da pogledate u svom nalogu koji brojevi se podudaraju sa izvu\u010denim brojevima. To \u0107e vam olak\u0161ati da znate kada trebate iskoristiti ulaznicu.<\/p>\n<h2>\u0415\u0443\u0440\u043e\u041c\u0438\u043b\u043b\u0438\u043e\u043d\u0441 \u0438 \u0423\u041a \u041c\u0438\u043b\u0438\u043e\u043d\u0430\u0438\u0440 \u041c\u0430\u043a\u0435\u0440<\/h2>\n<p>\u0418\u0433\u0440\u0430\u0447\u0438 \u043f\u043b\u0430\u045b\u0430\u0458\u0443 \u043c\u0430\u043b\u043e \u0432\u0438\u0448\u0435 \u0458\u0435\u0440 \u0441\u0435 \u0415\u0443\u0440\u043e\u041c\u0438\u043b\u043b\u0438\u043e\u043d\u0441 \u043a\u0430\u0440\u0442\u0435 \u043a\u0443\u043f\u0443\u0458\u0443 \u0443 \u0412\u0435\u043b\u0438\u043a\u043e\u0458 \u0411\u0440\u0438\u0442\u0430\u043d\u0438\u0458\u0438. \u041e\u0432\u043e \u0458\u0435 \u0437\u0431\u043e\u0433 \u0447\u0438\u045a\u0435\u043d\u0438\u0446\u0435 \u0434\u0430 \u0443\u043b\u0430\u0437\u043d\u0438\u0446\u0435 \u0437\u0430 \u0423\u041a \u0434\u043e\u043b\u0430\u0437\u0435 \u0441\u0430 \u0430\u0443\u0442\u043e\u043c\u0430\u0442\u0441\u043a\u0438\u043c \u0443\u043b\u0430\u0441\u043a\u043e\u043c \u0443 \u0438\u0437\u0432\u043b\u0430\u0447\u0435\u045a\u0435 \u041c\u0438\u043b\u043b\u0438\u043e\u043d\u0430\u0438\u0440\u0435 \u041c\u0430\u043a\u0435\u0440, \u0448\u0442\u043e \u043f\u0440\u0443\u0436\u0430 \u0434\u043e\u0434\u0430\u0442\u043d\u0443 \u043f\u0440\u0438\u043b\u0438\u043a\u0443 \u0434\u0430 \u043e\u0441\u0432\u043e\u0458\u0438\u0442\u0435 \u043d\u0430\u0433\u0440\u0430\u0434\u0443 \u043e\u0434 \u043c\u0438\u043b\u0438\u043e\u043d \u0444\u0443\u043d\u0442\u0438.<\/p>\n<p>\u041c\u0438\u043b\u043b\u0438\u043e\u043d\u0430\u0438\u0440\u0435 \u041c\u0430\u043a\u0435\u0440 \u0440\u0430\u0434\u0438 \u0442\u0430\u043a\u043e \u0448\u0442\u043e \u0433\u0435\u043d\u0435\u0440\u0438\u0448\u0435 \u0458\u0435\u0434\u0438\u043d\u0441\u0442\u0432\u0435\u043d\u0438 \u043a\u043e\u0434 \u0437\u0430 \u0441\u0432\u0430\u043a\u0443 \u043a\u0443\u043f\u0459\u0435\u043d\u0443 \u043a\u0430\u0440\u0442\u0443. \u041e\u0432\u0430\u0458 \u043a\u043e\u0434 \u0441\u0435 \u0441\u0430\u0441\u0442\u043e\u0458\u0438 \u043e\u0434 \u0447\u0435\u0442\u0438\u0440\u0438 \u0441\u043b\u043e\u0432\u0430 \u043f\u0440\u0430\u045b\u0435\u043d\u0430 \u043f\u0435\u0442 \u0431\u0440\u043e\u0458\u0435\u0432\u0430 (\u043d\u043f\u0440. \u0410\u0411\u0426\u041412345). \u0423 \u0441\u0432\u0430\u043a\u043e\u043c \u0438\u0437\u0432\u043b\u0430\u0447\u0435\u045a\u0443, \u0458\u0435\u0434\u0430\u043d \u0438\u043b\u0438 \u0432\u0438\u0448\u0435 \u043e\u0432\u0438\u0445 \u043a\u043e\u0434\u043e\u0432\u0430 \u0441\u0435 \u043d\u0430\u0441\u0443\u043c\u0438\u0447\u043d\u043e \u0431\u0438\u0440\u0430, \u0430 \u0432\u043b\u0430\u0441\u043d\u0438\u043a \u0442\u0438\u043a\u0435\u0442\u0430 \u0441\u0430 \u043e\u0434\u0433\u043e\u0432\u0430\u0440\u0430\u0458\u0443\u045b\u0438\u043c \u043a\u043e\u0434\u043e\u043c \u043e\u0434\u043c\u0430\u0445 \u043e\u0441\u0432\u0430\u0458\u0430 \u043c\u0438\u043b\u0438\u043e\u043d \u0444\u0443\u043d\u0442\u0438, \u0431\u0435\u0437 \u043e\u0431\u0437\u0438\u0440\u0430 \u043d\u0430 \u0433\u043b\u0430\u0432\u043d\u0435 \u0438\u0437\u0432\u0443\u0447\u0435\u043d\u0435 \u0415\u0443\u0440\u043e\u041c\u0438\u043b\u043b\u0438\u043e\u043d\u0441 \u0431\u0440\u043e\u0458\u0435\u0432\u0435.<\/p>\n<p>\u041e\u0432\u0430 \u0444\u0443\u043d\u043a\u0446\u0438\u0458\u0430 \u0447\u0438\u043d\u0438 \u0438\u0433\u0440\u0430\u045a\u0435 \u0415\u0443\u0440\u043e\u041c\u0438\u043b\u043b\u0438\u043e\u043d\u0441-\u0430 \u0443 \u0412\u0435\u043b\u0438\u043a\u043e\u0458 \u0411\u0440\u0438\u0442\u0430\u043d\u0438\u0458\u0438 \u043f\u043e\u0441\u0435\u0431\u043d\u043e \u0430\u0442\u0440\u0430\u043a\u0442\u0438\u0432\u043d\u0438\u043c, \u0458\u0435\u0440 \u043f\u0440\u0443\u0436\u0430 \u0434\u043e\u0434\u0430\u0442\u043d\u0443 \u043f\u0440\u0438\u043b\u0438\u043a\u0443 \u0437\u0430 \u043e\u0441\u0432\u0430\u0458\u0430\u045a\u0435 \u0437\u043d\u0430\u0447\u0430\u0458\u043d\u0435 \u043d\u0430\u0433\u0440\u0430\u0434\u0435 \u043e\u0441\u0438\u043c \u0441\u0442\u0430\u043d\u0434\u0430\u0440\u0434\u043d\u043e\u0433 \u045f\u0435\u043a\u043f\u043e\u0442\u0430 \u0438 \u043d\u0430\u0433\u0440\u0430\u0434\u0430 \u043d\u0438\u0436\u0435\u0433 \u043d\u0438\u0432\u043e\u0430.<\/p>\n","protected":false},"excerpt":{"rendered":"<p>vvv Euro Millions je najve\u0107a lutrija u Evropi. Pokrenuta 2004. godine, ulaznice se mogu kupiti u devet evropskih zemalja &#8211; ili, ako ste iz Srbije, mo\u017eete kupiti svoje ulaznice online ovde. Nabavite svoju EuroMillions ulaznicu iz Srbije Jeste li spremni da zapo\u010dnete i kupite EuroMillions ulaznice online? Ako jeste, onda \u0107ete \u017eeleti da saznate nekoliko [&hellip;]<\/p>\n","protected":false},"author":1,"featured_media":0,"parent":7302,"menu_order":3,"comment_status":"closed","ping_status":"closed","template":"euromillions-info.php","meta":{"_et_pb_use_builder":"","_et_pb_old_content":"","_et_gb_content_width":"","exclude_from_search":false,"footnotes":""},"class_list":["post-7304","page","type-page","status-publish","hentry"],"yoast_head":"<!-- This site is optimized with the Yoast SEO plugin v23.8 - https:\/\/yoast.com\/wordpress\/plugins\/seo\/ -->\n<title>Kupite EuroMillions ulaznice online iz Srbije<\/title>\n<meta name=\"description\" content=\"Informacije o tome kako stanovnici Srbije mogu kupiti EuroMillions ulaznice online. EuroMillions lutrija ima najve\u0107i d\u017eekpot u Evropi.\" \/>\n<meta name=\"robots\" content=\"index, follow, max-snippet:-1, max-image-preview:large, max-video-preview:-1\" \/>\n<link rel=\"canonical\" href=\"https:\/\/redfoxlotto.com\/sr\/lutrija\/euromillions\/\" \/>\n<meta property=\"og:locale\" content=\"sr_RS\" \/>\n<meta property=\"og:type\" content=\"article\" \/>\n<meta property=\"og:title\" content=\"Kupite EuroMillions ulaznice online iz Srbije\" \/>\n<meta property=\"og:description\" content=\"Informacije o tome kako stanovnici Srbije mogu kupiti EuroMillions ulaznice online. EuroMillions lutrija ima najve\u0107i d\u017eekpot u Evropi.\" \/>\n<meta property=\"og:url\" content=\"https:\/\/redfoxlotto.com\/sr\/lutrija\/euromillions\/\" \/>\n<meta property=\"og:site_name\" content=\"Get Tickets for the World\u2019s largest jackpots\" \/>\n<meta property=\"article:modified_time\" content=\"2025-12-18T14:54:47+00:00\" \/>\n<meta property=\"og:image\" content=\"https:\/\/content.redfoxlotto.com\/uploads\/sites\/9\/1_buy_euromillions_online.jpg\" \/>\n<meta name=\"twitter:card\" content=\"summary_large_image\" \/>\n<meta name=\"twitter:label1\" content=\"\u041f\u0440\u043e\u0446\u0435\u045a\u0435\u043d\u043e \u0432\u0440\u0435\u043c\u0435 \u0447\u0438\u0442\u0430\u045a\u0430\" \/>\n\t<meta name=\"twitter:data1\" content=\"5 \u043c\u0438\u043d\u0443\u0442\u0430\" \/>\n<script type=\"application\/ld+json\" class=\"yoast-schema-graph\">{\"@context\":\"https:\/\/schema.org\",\"@graph\":[{\"@type\":\"WebPage\",\"@id\":\"https:\/\/redfoxlotto.com\/sr\/lutrija\/euromillions\/\",\"url\":\"https:\/\/redfoxlotto.com\/sr\/lutrija\/euromillions\/\",\"name\":\"Kupite EuroMillions ulaznice online iz Srbije\",\"isPartOf\":{\"@id\":\"https:\/\/redfoxlotto.com\/sr\/#website\"},\"primaryImageOfPage\":{\"@id\":\"https:\/\/redfoxlotto.com\/sr\/lutrija\/euromillions\/#primaryimage\"},\"image\":{\"@id\":\"https:\/\/redfoxlotto.com\/sr\/lutrija\/euromillions\/#primaryimage\"},\"thumbnailUrl\":\"https:\/\/content.redfoxlotto.com\/uploads\/sites\/9\/1_buy_euromillions_online.jpg\",\"datePublished\":\"2018-11-18T08:54:25+00:00\",\"dateModified\":\"2025-12-18T14:54:47+00:00\",\"description\":\"Informacije o tome kako stanovnici Srbije mogu kupiti EuroMillions ulaznice online. EuroMillions lutrija ima najve\u0107i d\u017eekpot u Evropi.\",\"breadcrumb\":{\"@id\":\"https:\/\/redfoxlotto.com\/sr\/lutrija\/euromillions\/#breadcrumb\"},\"inLanguage\":\"sr-RS\",\"potentialAction\":[{\"@type\":\"ReadAction\",\"target\":[\"https:\/\/redfoxlotto.com\/sr\/lutrija\/euromillions\/\"]}]},{\"@type\":\"ImageObject\",\"inLanguage\":\"sr-RS\",\"@id\":\"https:\/\/redfoxlotto.com\/sr\/lutrija\/euromillions\/#primaryimage\",\"url\":\"https:\/\/content.redfoxlotto.com\/uploads\/sites\/9\/1_buy_euromillions_online.jpg\",\"contentUrl\":\"https:\/\/content.redfoxlotto.com\/uploads\/sites\/9\/1_buy_euromillions_online.jpg\"},{\"@type\":\"BreadcrumbList\",\"@id\":\"https:\/\/redfoxlotto.com\/sr\/lutrija\/euromillions\/#breadcrumb\",\"itemListElement\":[{\"@type\":\"ListItem\",\"position\":1,\"name\":\"Home\",\"item\":\"https:\/\/redfoxlotto.com\/sr\/\"},{\"@type\":\"ListItem\",\"position\":2,\"name\":\"Kako kupiti loto tikete onlajn \u2013 process kupovine\",\"item\":\"https:\/\/redfoxlotto.com\/sr\/lutrija\/\"},{\"@type\":\"ListItem\",\"position\":3,\"name\":\"O EuroMillionsu\"}]},{\"@type\":\"WebSite\",\"@id\":\"https:\/\/redfoxlotto.com\/sr\/#website\",\"url\":\"https:\/\/redfoxlotto.com\/sr\/\",\"name\":\"Get Tickets for the World\u2019s largest jackpots\",\"description\":\"Participate in worldwide lottery jackpots from any country\",\"publisher\":{\"@id\":\"https:\/\/redfoxlotto.com\/sr\/#organization\"},\"potentialAction\":[{\"@type\":\"SearchAction\",\"target\":{\"@type\":\"EntryPoint\",\"urlTemplate\":\"https:\/\/redfoxlotto.com\/sr\/?s={search_term_string}\"},\"query-input\":{\"@type\":\"PropertyValueSpecification\",\"valueRequired\":true,\"valueName\":\"search_term_string\"}}],\"inLanguage\":\"sr-RS\"},{\"@type\":\"Organization\",\"@id\":\"https:\/\/redfoxlotto.com\/sr\/#organization\",\"name\":\"Get Tickets for the World\u2019s largest jackpots\",\"url\":\"https:\/\/redfoxlotto.com\/sr\/\",\"logo\":{\"@type\":\"ImageObject\",\"inLanguage\":\"sr-RS\",\"@id\":\"https:\/\/redfoxlotto.com\/sr\/#\/schema\/logo\/image\/\",\"url\":\"https:\/\/redfoxlotto.com\/wp-content\/uploads\/2023\/04\/logo.png\",\"contentUrl\":\"https:\/\/redfoxlotto.com\/wp-content\/uploads\/2023\/04\/logo.png\",\"width\":269,\"height\":53,\"caption\":\"Get Tickets for the World\u2019s largest jackpots\"},\"image\":{\"@id\":\"https:\/\/redfoxlotto.com\/sr\/#\/schema\/logo\/image\/\"}}]}<\/script>\n<!-- \/ Yoast SEO plugin. -->","yoast_head_json":{"title":"Kupite EuroMillions ulaznice online iz Srbije","description":"Informacije o tome kako stanovnici Srbije mogu kupiti EuroMillions ulaznice online. EuroMillions lutrija ima najve\u0107i d\u017eekpot u Evropi.","robots":{"index":"index","follow":"follow","max-snippet":"max-snippet:-1","max-image-preview":"max-image-preview:large","max-video-preview":"max-video-preview:-1"},"canonical":"https:\/\/redfoxlotto.com\/sr\/lutrija\/euromillions\/","og_locale":"sr_RS","og_type":"article","og_title":"Kupite EuroMillions ulaznice online iz Srbije","og_description":"Informacije o tome kako stanovnici Srbije mogu kupiti EuroMillions ulaznice online. EuroMillions lutrija ima najve\u0107i d\u017eekpot u Evropi.","og_url":"https:\/\/redfoxlotto.com\/sr\/lutrija\/euromillions\/","og_site_name":"Get Tickets for the World\u2019s largest jackpots","article_modified_time":"2025-12-18T14:54:47+00:00","og_image":[{"url":"https:\/\/content.redfoxlotto.com\/uploads\/sites\/9\/1_buy_euromillions_online.jpg"}],"twitter_card":"summary_large_image","twitter_misc":{"\u041f\u0440\u043e\u0446\u0435\u045a\u0435\u043d\u043e \u0432\u0440\u0435\u043c\u0435 \u0447\u0438\u0442\u0430\u045a\u0430":"5 \u043c\u0438\u043d\u0443\u0442\u0430"},"schema":{"@context":"https:\/\/schema.org","@graph":[{"@type":"WebPage","@id":"https:\/\/redfoxlotto.com\/sr\/lutrija\/euromillions\/","url":"https:\/\/redfoxlotto.com\/sr\/lutrija\/euromillions\/","name":"Kupite EuroMillions ulaznice online iz Srbije","isPartOf":{"@id":"https:\/\/redfoxlotto.com\/sr\/#website"},"primaryImageOfPage":{"@id":"https:\/\/redfoxlotto.com\/sr\/lutrija\/euromillions\/#primaryimage"},"image":{"@id":"https:\/\/redfoxlotto.com\/sr\/lutrija\/euromillions\/#primaryimage"},"thumbnailUrl":"https:\/\/content.redfoxlotto.com\/uploads\/sites\/9\/1_buy_euromillions_online.jpg","datePublished":"2018-11-18T08:54:25+00:00","dateModified":"2025-12-18T14:54:47+00:00","description":"Informacije o tome kako stanovnici Srbije mogu kupiti EuroMillions ulaznice online. EuroMillions lutrija ima najve\u0107i d\u017eekpot u Evropi.","breadcrumb":{"@id":"https:\/\/redfoxlotto.com\/sr\/lutrija\/euromillions\/#breadcrumb"},"inLanguage":"sr-RS","potentialAction":[{"@type":"ReadAction","target":["https:\/\/redfoxlotto.com\/sr\/lutrija\/euromillions\/"]}]},{"@type":"ImageObject","inLanguage":"sr-RS","@id":"https:\/\/redfoxlotto.com\/sr\/lutrija\/euromillions\/#primaryimage","url":"https:\/\/content.redfoxlotto.com\/uploads\/sites\/9\/1_buy_euromillions_online.jpg","contentUrl":"https:\/\/content.redfoxlotto.com\/uploads\/sites\/9\/1_buy_euromillions_online.jpg"},{"@type":"BreadcrumbList","@id":"https:\/\/redfoxlotto.com\/sr\/lutrija\/euromillions\/#breadcrumb","itemListElement":[{"@type":"ListItem","position":1,"name":"Home","item":"https:\/\/redfoxlotto.com\/sr\/"},{"@type":"ListItem","position":2,"name":"Kako kupiti loto tikete onlajn \u2013 process kupovine","item":"https:\/\/redfoxlotto.com\/sr\/lutrija\/"},{"@type":"ListItem","position":3,"name":"O EuroMillionsu"}]},{"@type":"WebSite","@id":"https:\/\/redfoxlotto.com\/sr\/#website","url":"https:\/\/redfoxlotto.com\/sr\/","name":"Get Tickets for the World\u2019s largest jackpots","description":"Participate in worldwide lottery jackpots from any country","publisher":{"@id":"https:\/\/redfoxlotto.com\/sr\/#organization"},"potentialAction":[{"@type":"SearchAction","target":{"@type":"EntryPoint","urlTemplate":"https:\/\/redfoxlotto.com\/sr\/?s={search_term_string}"},"query-input":{"@type":"PropertyValueSpecification","valueRequired":true,"valueName":"search_term_string"}}],"inLanguage":"sr-RS"},{"@type":"Organization","@id":"https:\/\/redfoxlotto.com\/sr\/#organization","name":"Get Tickets for the World\u2019s largest jackpots","url":"https:\/\/redfoxlotto.com\/sr\/","logo":{"@type":"ImageObject","inLanguage":"sr-RS","@id":"https:\/\/redfoxlotto.com\/sr\/#\/schema\/logo\/image\/","url":"https:\/\/redfoxlotto.com\/wp-content\/uploads\/2023\/04\/logo.png","contentUrl":"https:\/\/redfoxlotto.com\/wp-content\/uploads\/2023\/04\/logo.png","width":269,"height":53,"caption":"Get Tickets for the World\u2019s largest jackpots"},"image":{"@id":"https:\/\/redfoxlotto.com\/sr\/#\/schema\/logo\/image\/"}}]}},"_links":{"self":[{"href":"https:\/\/redfoxlotto.com\/sr\/wp-json\/wp\/v2\/pages\/7304","targetHints":{"allow":["GET"]}}],"collection":[{"href":"https:\/\/redfoxlotto.com\/sr\/wp-json\/wp\/v2\/pages"}],"about":[{"href":"https:\/\/redfoxlotto.com\/sr\/wp-json\/wp\/v2\/types\/page"}],"author":[{"embeddable":true,"href":"https:\/\/redfoxlotto.com\/sr\/wp-json\/wp\/v2\/users\/1"}],"replies":[{"embeddable":true,"href":"https:\/\/redfoxlotto.com\/sr\/wp-json\/wp\/v2\/comments?post=7304"}],"version-history":[{"count":0,"href":"https:\/\/redfoxlotto.com\/sr\/wp-json\/wp\/v2\/pages\/7304\/revisions"}],"up":[{"embeddable":true,"href":"https:\/\/redfoxlotto.com\/sr\/wp-json\/wp\/v2\/pages\/7302"}],"wp:attachment":[{"href":"https:\/\/redfoxlotto.com\/sr\/wp-json\/wp\/v2\/media?parent=7304"}],"curies":[{"name":"wp","href":"https:\/\/api.w.org\/{rel}","templated":true}]}}