{"id":7303,"date":"2018-11-18T08:54:25","date_gmt":"2018-11-18T08:54:25","guid":{"rendered":"https:\/\/redfoxlotto.com\/?page_id=3701"},"modified":"2025-12-18T14:07:24","modified_gmt":"2025-12-18T14:07:24","slug":"eurojackpot","status":"publish","type":"page","link":"https:\/\/redfoxlotto.com\/sr\/lutrija\/eurojackpot\/","title":{"rendered":"O Eurojackpotu"},"content":{"rendered":"<p><script type=\"application\/ld+json\">\n{\n  \"@context\": \"https:\/\/schema.org\",\n  \"@type\": \"Service\",\n  \"name\": \"Igrajte Eurojackpot online\",\n  \"url\": \"https:\/\/redfoxlotto.com\/sr\/lotteries\/eurojackpot\/\",\n  \"description\": \"Kupite zvani\u010dne Eurojackpot lutrijske tikete online iz bilo koje zemlje. Posetite RedFoxLotto, izaberite svoje brojeve i u\u010destvujte u slede\u0107em izvla\u010denju.\",\n  \"serviceType\": \"Online servis posrednika za lutrijske tikete\",<\/p>\n<p>  \"provider\": {\n    \"@type\": \"Organization\",\n    \"name\": \"RedFoxLotto\",\n    \"url\": \"https:\/\/redfoxlotto.com\/sr\",\n    \"image\": \"https:\/\/redfoxlotto.com\/sr\/wp-content\/uploads\/2025\/12\/ticket_scans.jpg\",\n    \"sameAs\": []\n  },<\/p>\n<p>  \"areaServed\": \"Worldwide\",\n  \"termsOfService\": \"https:\/\/redfoxlotto.com\/terms-and-conditions\",<\/p>\n<p>  \"additionalProperty\": {\n    \"@type\": \"PropertyValue\",\n    \"name\": \"FAQ\",\n    \"value\": \"https:\/\/redfoxlotto.com\/sr\/faq\/\"\n  },<\/p>\n<p>  \"hasOfferCatalog\": {\n    \"@type\": \"OfferCatalog\",\n    \"name\": \"Eurojackpot tiketi\",\n    \"itemListElement\": [\n      {\n        \"@type\": \"Offer\",\n        \"name\": \"Eurojackpot tiketi\",\n        \"url\": \"https:\/\/redfoxlotto.com\/sr\/lotteries\/eurojackpot\",\n        \"description\": \"Kupite stvarne tikete online za slede\u0107e Eurojackpot izvla\u010denje putem RedFoxLotto.\",\n        \"price\": \"6.00\",\n        \"priceCurrency\": \"\u20ac\",\n        \"availability\": \"https:\/\/schema.org\/InStock\",<\/p>\n<p>        \"itemOffered\": {\n          \"@type\": \"Service\",\n          \"name\": \"Eurojackpot lutrijski tiketi\",\n          \"description\": \"U\u010destvujte u slede\u0107em Eurojackpot izvla\u010denju \u2013 kupite tikete online putem RedFoxLotto.\"\n        }\n      }\n    ]\n  },<\/p>\n<p>  \"mainEntityOfPage\": {\n    \"@type\": \"WebPage\",\n    \"@id\": \"https:\/\/redfoxlotto.com\/sr\/lotteries\/eurojackpot\/\"\n  }\n}\n<\/script><\/p>\n<p>Eurojackpot postoji od 2012. godine i sve je popularniji iz godine u godinu. Jedan od razloga za to je \u0161to su dobitci u ovoj igri sve ve\u0107i i mo\u017eete zaista osvojiti pristojan iznos novca (o tome \u0107emo vi\u0161e pri\u010dati kasnije).<\/p>\n<p>Ulaznice se mogu kupiti u 17 evropskih zemalja, \u0161to je odli\u010dno za zemlje koje ve\u0107 pripadaju toj regiji.<\/p>\n<p>Ali \u0161ta je sa ljudima koji \u017eive u Srbiji &#8211; ne mogu samo oti\u0107i u prodavnicu i kupiti Eurojackpot ulaznice? Ako \u017eivite u Srbiji, najbolja opcija je kupovina putem interneta. Tako\u0111e, mo\u017eete kupiti ulaznice putem interneta od nas ako ne \u017eivite u jednoj od tih evropskih zemalja.<img decoding=\"async\" class=\" wp-image alignright\" src=\"https:\/\/content.redfoxlotto.com\/uploads\/sites\/9\/1_ticket_eurojackpot2.jpg\" alt=\"eurojackpot\" \/><\/p>\n<h2>Dobitak<\/h2>\n<p>Minimalni iznos jackpota u Eurojackpot lutriji je 10.000.000 evra. To \u0107e definitivno biti ogromna korist za vas i velika promena u va\u0161em \u017eivotu, zar ne? Pa, definitivno ne\u0107ete imati problema da potro\u0161ite taj novac na neke stvarno sjajne stvari, otplatu dugova ili ne\u0161to drugo. Ali to je samo minimalni iznos. Iznos mo\u017ee biti mnogo ve\u0107i. Zapravo, maksimalna isplata mo\u017ee dosti\u0107i 120.000.000 evra. To \u0107e zaista biti ogroman iznos i velika promena u va\u0161em \u017eivotu, ali \u0161ta ako niko ne pobedi? Svi iznosi iznad te sume bi\u0107e preneti u drugu kategoriju dobitaka.<\/p>\n<p>To zna\u010di da \u0107ete imati mogu\u0107nost da osvojite taj ogroman jackpot sve dok ne dostigne tu granicu. Nakon toga, druga najve\u0107a suma \u0107e po\u010deti rasti. To zna\u010di da biste mogli osvojiti veliki jackpot podudaraju\u0107i manje brojeva, jer druga kategorija dobitaka postaje stvarno veliki bonus i druga prilika za veliku pobedu.<\/p>\n<h2>Pravila Eurojackpot igre<\/h2>\n<p>Ako \u017eelite igrati Eurojackpot iz Srbije, trebate se pobrinuti da pravilno pratite proces. \u017delite biti sigurni da igrate igru ispravno i da je va\u0161a ulaznica odabrana na pravi na\u010din. Imate sre\u0107e jer su ove ulaznice vrlo jednostavne za odabir i ne\u0107ete imati problema da odaberete ta\u010dno ono \u0161to \u017eelite.<\/p>\n<p>Birate 5 glavnih brojeva izme\u0111u 1 i 50, a zatim jo\u0161 dva dodatna broja izme\u0111u 1 i 12. Dakle, \u010dak i ako ne uparite dodatne brojeve ili zvezdice, 5 glavnih brojeva vam donosi nagradu. Postoji 12 kategorija dobitaka.<\/p>\n<h2>To zna\u010di da<\/h2>\n<p>postoji nekoliko kombinacija uparenih brojeva koje biste mogli imati, a to \u0107e vam doneti neku vrstu nagrade. Mo\u017eete osvojiti samo dovoljno da pokrijete cenu ulaznice ili \u010dak osvojiti milione bez potrebe da se sve poklopi.<\/p>\n<p>Naravno, da biste osvojili glavnu nagradu, morate ta\u010dno upariti svih 5 glavnih brojeva i 2 dodatna broja. To \u0107e biti komplikovano i vrlo retko, ali definitivno je mogu\u0107e. Na kraju krajeva, neko \u0107e je osvojiti, zar ne? Za\u0161to ne biste upravo vi bili taj neko? Mi smatramo da apsolutno mo\u017eete, a sve \u0161to trebate da uradite je da pogledate postupak odabira ulaznice i pripremite se za kupovinu.<\/p>\n<h2>Kupovina va\u0161e Eurojackpot ulaznice<\/h2>\n<p>Ako ste spremni da igrate Eurojackpot putem interneta, mo\u017eete pogledati na\u0161 sistem i na\u0161u veb stranicu. Sve \u0161to trebate da uradite je da se pove\u017eete na internet i pogledate, ali ve\u0107 ste tu. \u0160ta \u0107ete slede\u0107e u\u010diniti? \u017delite pogledati razli\u010dite dostupne ulaznice.<\/p>\n<p>Nudimo najbolje ulaznice i najpopularnije igre, pru\u017eaju\u0107i vam najve\u0107e jackpote. Kada pogledate, mo\u017eete odlu\u010diti da \u017eelite kupiti Eurojackpot ulaznice i bi\u0107ete preusmereni na posebnu stranicu.<\/p>\n<p>Na toj stranici \u0107ete dobiti vi\u0161e informacija o Eurojackpotu i mo\u0107i \u0107ete odabrati ulaznice koje \u017eelite. Mo\u017eete odabrati bilo koji broj ulaznica i odabrati brojeve koje \u017eelite na svojoj ulaznici. Sve dok se va\u0161i brojevi poklapaju sa pravilima o kojima smo pri\u010dali, mo\u017eete odabrati bilo koju kombinaciju brojeva na svakoj ulaznici.<\/p>\n<p>Naravno, ako ne znate koje brojeve \u017eelite odabrati, uvek mo\u017eete izabrati ulaznicu sa brzim odabirom.<\/p>\n<p>Sa brzim odabirom, dobi\u0107ete nasumi\u010dno izabrane brojeve koji \u0107e zadovoljiti zahteve. To vam omogu\u0107ava da dobijete ulaznicu, ali se ne morate brinuti ni o \u010demu drugom. Ako \u017eelite odabrati nekoliko opcija, ali ne \u017eelite odabrati sve brojeve, mo\u017eete \u010dak napraviti kombinaciju ova dva na\u010dina odabira, \u0161to \u0107e vam definitivno olak\u0161ati kupovinu ulaznice.<img loading=\"lazy\" decoding=\"async\" class=\" wp-image alignright\" src=\"https:\/\/content.redfoxlotto.com\/uploads\/sites\/9\/1_eurojackpot_buy_ticket.jpg\" alt=\"kupite Eurojackpot ulaznicu\" width=\"229\" height=\"152\" \/><\/p>\n<h2>Napravite svoj nalog<\/h2>\n<p>Kada ste odabrali sve brojeve, samo pratite proces kreiranja naloga. Po\u010detak kreiranja naloga je zaista jednostavan, sve \u0161to trebate je da popunite neke li\u010d<\/p>\n<p>ne informacije. Te informacije \u0107e vam olak\u0161ati da uplatite novac na svoj nalog koji mo\u017eete koristiti za pla\u0107anje ulaznica, a tako\u0111e \u0107e vam olak\u0161ati i podizanje novca sa naloga kada pobedite. To je veoma jednostavno i lako.<\/p>\n<p>Kada budete spremni da odaberete ulaznice, samo se prijavite na svoj nalog i mo\u0107i \u0107ete da preuzmete bilo koju ulaznicu koju \u017eelite. Ako \u017eelite brzi odabir, jo\u0161 je jednostavnije, a \u010dak mo\u017eete postaviti i da vam ulaznice budu spremne za vi\u0161e izvla\u010denja. To zna\u010di da se ne\u0107ete morati brinuti o kupovini dodatnih ulaznica za slede\u0107e izvla\u010denje. Samo zadr\u017eite tu istu ulaznicu i spremni ste.<\/p>\n","protected":false},"excerpt":{"rendered":"<p>Eurojackpot postoji od 2012. godine i sve je popularniji iz godine u godinu. Jedan od razloga za to je \u0161to su dobitci u ovoj igri sve ve\u0107i i mo\u017eete zaista osvojiti pristojan iznos novca (o tome \u0107emo vi\u0161e pri\u010dati kasnije). Ulaznice se mogu kupiti u 17 evropskih zemalja, \u0161to je odli\u010dno za zemlje koje ve\u0107 [&hellip;]<\/p>\n","protected":false},"author":1,"featured_media":0,"parent":7302,"menu_order":4,"comment_status":"closed","ping_status":"closed","template":"eurojackpot-info.php","meta":{"_et_pb_use_builder":"","_et_pb_old_content":"","_et_gb_content_width":"","exclude_from_search":false,"footnotes":""},"class_list":["post-7303","page","type-page","status-publish","hentry"],"yoast_head":"<!-- This site is optimized with the Yoast SEO plugin v23.8 - https:\/\/yoast.com\/wordpress\/plugins\/seo\/ -->\n<title>Stanovnici Srbije mogu sada kupiti ulaznice za Eurojackpot putem interneta.<\/title>\n<meta name=\"description\" content=\"Kupite svoje Eurojackpot ulaznice putem interneta ako \u017eivite u Srbiji. Iskoristite na\u0161u uslugu i dobijte priliku da osvojite, sa zvani\u010dnom Eurojackpot ulaznicom.\" \/>\n<meta name=\"robots\" content=\"index, follow, max-snippet:-1, max-image-preview:large, max-video-preview:-1\" \/>\n<link rel=\"canonical\" href=\"https:\/\/redfoxlotto.com\/sr\/lutrija\/eurojackpot\/\" \/>\n<meta property=\"og:locale\" content=\"sr_RS\" \/>\n<meta property=\"og:type\" content=\"article\" \/>\n<meta property=\"og:title\" content=\"Stanovnici Srbije mogu sada kupiti ulaznice za Eurojackpot putem interneta.\" \/>\n<meta property=\"og:description\" content=\"Kupite svoje Eurojackpot ulaznice putem interneta ako \u017eivite u Srbiji. Iskoristite na\u0161u uslugu i dobijte priliku da osvojite, sa zvani\u010dnom Eurojackpot ulaznicom.\" \/>\n<meta property=\"og:url\" content=\"https:\/\/redfoxlotto.com\/sr\/lutrija\/eurojackpot\/\" \/>\n<meta property=\"og:site_name\" content=\"Get Tickets for the World\u2019s largest jackpots\" \/>\n<meta property=\"article:modified_time\" content=\"2025-12-18T14:07:24+00:00\" \/>\n<meta property=\"og:image\" content=\"https:\/\/content.redfoxlotto.com\/uploads\/sites\/9\/1_ticket_eurojackpot2.jpg\" \/>\n<meta name=\"twitter:card\" content=\"summary_large_image\" \/>\n<meta name=\"twitter:label1\" content=\"\u041f\u0440\u043e\u0446\u0435\u045a\u0435\u043d\u043e \u0432\u0440\u0435\u043c\u0435 \u0447\u0438\u0442\u0430\u045a\u0430\" \/>\n\t<meta name=\"twitter:data1\" content=\"4 \u043c\u0438\u043d\u0443\u0442\u0430\" \/>\n<script type=\"application\/ld+json\" class=\"yoast-schema-graph\">{\"@context\":\"https:\/\/schema.org\",\"@graph\":[{\"@type\":\"WebPage\",\"@id\":\"https:\/\/redfoxlotto.com\/sr\/lutrija\/eurojackpot\/\",\"url\":\"https:\/\/redfoxlotto.com\/sr\/lutrija\/eurojackpot\/\",\"name\":\"Stanovnici Srbije mogu sada kupiti ulaznice za Eurojackpot putem interneta.\",\"isPartOf\":{\"@id\":\"https:\/\/redfoxlotto.com\/sr\/#website\"},\"primaryImageOfPage\":{\"@id\":\"https:\/\/redfoxlotto.com\/sr\/lutrija\/eurojackpot\/#primaryimage\"},\"image\":{\"@id\":\"https:\/\/redfoxlotto.com\/sr\/lutrija\/eurojackpot\/#primaryimage\"},\"thumbnailUrl\":\"https:\/\/content.redfoxlotto.com\/uploads\/sites\/9\/1_ticket_eurojackpot2.jpg\",\"datePublished\":\"2018-11-18T08:54:25+00:00\",\"dateModified\":\"2025-12-18T14:07:24+00:00\",\"description\":\"Kupite svoje Eurojackpot ulaznice putem interneta ako \u017eivite u Srbiji. Iskoristite na\u0161u uslugu i dobijte priliku da osvojite, sa zvani\u010dnom Eurojackpot ulaznicom.\",\"breadcrumb\":{\"@id\":\"https:\/\/redfoxlotto.com\/sr\/lutrija\/eurojackpot\/#breadcrumb\"},\"inLanguage\":\"sr-RS\",\"potentialAction\":[{\"@type\":\"ReadAction\",\"target\":[\"https:\/\/redfoxlotto.com\/sr\/lutrija\/eurojackpot\/\"]}]},{\"@type\":\"ImageObject\",\"inLanguage\":\"sr-RS\",\"@id\":\"https:\/\/redfoxlotto.com\/sr\/lutrija\/eurojackpot\/#primaryimage\",\"url\":\"https:\/\/content.redfoxlotto.com\/uploads\/sites\/9\/1_ticket_eurojackpot2.jpg\",\"contentUrl\":\"https:\/\/content.redfoxlotto.com\/uploads\/sites\/9\/1_ticket_eurojackpot2.jpg\"},{\"@type\":\"BreadcrumbList\",\"@id\":\"https:\/\/redfoxlotto.com\/sr\/lutrija\/eurojackpot\/#breadcrumb\",\"itemListElement\":[{\"@type\":\"ListItem\",\"position\":1,\"name\":\"Home\",\"item\":\"https:\/\/redfoxlotto.com\/sr\/\"},{\"@type\":\"ListItem\",\"position\":2,\"name\":\"Kako kupiti loto tikete onlajn \u2013 process kupovine\",\"item\":\"https:\/\/redfoxlotto.com\/sr\/lutrija\/\"},{\"@type\":\"ListItem\",\"position\":3,\"name\":\"O Eurojackpotu\"}]},{\"@type\":\"WebSite\",\"@id\":\"https:\/\/redfoxlotto.com\/sr\/#website\",\"url\":\"https:\/\/redfoxlotto.com\/sr\/\",\"name\":\"Get Tickets for the World\u2019s largest jackpots\",\"description\":\"Participate in worldwide lottery jackpots from any country\",\"publisher\":{\"@id\":\"https:\/\/redfoxlotto.com\/sr\/#organization\"},\"potentialAction\":[{\"@type\":\"SearchAction\",\"target\":{\"@type\":\"EntryPoint\",\"urlTemplate\":\"https:\/\/redfoxlotto.com\/sr\/?s={search_term_string}\"},\"query-input\":{\"@type\":\"PropertyValueSpecification\",\"valueRequired\":true,\"valueName\":\"search_term_string\"}}],\"inLanguage\":\"sr-RS\"},{\"@type\":\"Organization\",\"@id\":\"https:\/\/redfoxlotto.com\/sr\/#organization\",\"name\":\"Get Tickets for the World\u2019s largest jackpots\",\"url\":\"https:\/\/redfoxlotto.com\/sr\/\",\"logo\":{\"@type\":\"ImageObject\",\"inLanguage\":\"sr-RS\",\"@id\":\"https:\/\/redfoxlotto.com\/sr\/#\/schema\/logo\/image\/\",\"url\":\"https:\/\/redfoxlotto.com\/wp-content\/uploads\/2023\/04\/logo.png\",\"contentUrl\":\"https:\/\/redfoxlotto.com\/wp-content\/uploads\/2023\/04\/logo.png\",\"width\":269,\"height\":53,\"caption\":\"Get Tickets for the World\u2019s largest jackpots\"},\"image\":{\"@id\":\"https:\/\/redfoxlotto.com\/sr\/#\/schema\/logo\/image\/\"}}]}<\/script>\n<!-- \/ Yoast SEO plugin. -->","yoast_head_json":{"title":"Stanovnici Srbije mogu sada kupiti ulaznice za Eurojackpot putem interneta.","description":"Kupite svoje Eurojackpot ulaznice putem interneta ako \u017eivite u Srbiji. Iskoristite na\u0161u uslugu i dobijte priliku da osvojite, sa zvani\u010dnom Eurojackpot ulaznicom.","robots":{"index":"index","follow":"follow","max-snippet":"max-snippet:-1","max-image-preview":"max-image-preview:large","max-video-preview":"max-video-preview:-1"},"canonical":"https:\/\/redfoxlotto.com\/sr\/lutrija\/eurojackpot\/","og_locale":"sr_RS","og_type":"article","og_title":"Stanovnici Srbije mogu sada kupiti ulaznice za Eurojackpot putem interneta.","og_description":"Kupite svoje Eurojackpot ulaznice putem interneta ako \u017eivite u Srbiji. Iskoristite na\u0161u uslugu i dobijte priliku da osvojite, sa zvani\u010dnom Eurojackpot ulaznicom.","og_url":"https:\/\/redfoxlotto.com\/sr\/lutrija\/eurojackpot\/","og_site_name":"Get Tickets for the World\u2019s largest jackpots","article_modified_time":"2025-12-18T14:07:24+00:00","og_image":[{"url":"https:\/\/content.redfoxlotto.com\/uploads\/sites\/9\/1_ticket_eurojackpot2.jpg"}],"twitter_card":"summary_large_image","twitter_misc":{"\u041f\u0440\u043e\u0446\u0435\u045a\u0435\u043d\u043e \u0432\u0440\u0435\u043c\u0435 \u0447\u0438\u0442\u0430\u045a\u0430":"4 \u043c\u0438\u043d\u0443\u0442\u0430"},"schema":{"@context":"https:\/\/schema.org","@graph":[{"@type":"WebPage","@id":"https:\/\/redfoxlotto.com\/sr\/lutrija\/eurojackpot\/","url":"https:\/\/redfoxlotto.com\/sr\/lutrija\/eurojackpot\/","name":"Stanovnici Srbije mogu sada kupiti ulaznice za Eurojackpot putem interneta.","isPartOf":{"@id":"https:\/\/redfoxlotto.com\/sr\/#website"},"primaryImageOfPage":{"@id":"https:\/\/redfoxlotto.com\/sr\/lutrija\/eurojackpot\/#primaryimage"},"image":{"@id":"https:\/\/redfoxlotto.com\/sr\/lutrija\/eurojackpot\/#primaryimage"},"thumbnailUrl":"https:\/\/content.redfoxlotto.com\/uploads\/sites\/9\/1_ticket_eurojackpot2.jpg","datePublished":"2018-11-18T08:54:25+00:00","dateModified":"2025-12-18T14:07:24+00:00","description":"Kupite svoje Eurojackpot ulaznice putem interneta ako \u017eivite u Srbiji. Iskoristite na\u0161u uslugu i dobijte priliku da osvojite, sa zvani\u010dnom Eurojackpot ulaznicom.","breadcrumb":{"@id":"https:\/\/redfoxlotto.com\/sr\/lutrija\/eurojackpot\/#breadcrumb"},"inLanguage":"sr-RS","potentialAction":[{"@type":"ReadAction","target":["https:\/\/redfoxlotto.com\/sr\/lutrija\/eurojackpot\/"]}]},{"@type":"ImageObject","inLanguage":"sr-RS","@id":"https:\/\/redfoxlotto.com\/sr\/lutrija\/eurojackpot\/#primaryimage","url":"https:\/\/content.redfoxlotto.com\/uploads\/sites\/9\/1_ticket_eurojackpot2.jpg","contentUrl":"https:\/\/content.redfoxlotto.com\/uploads\/sites\/9\/1_ticket_eurojackpot2.jpg"},{"@type":"BreadcrumbList","@id":"https:\/\/redfoxlotto.com\/sr\/lutrija\/eurojackpot\/#breadcrumb","itemListElement":[{"@type":"ListItem","position":1,"name":"Home","item":"https:\/\/redfoxlotto.com\/sr\/"},{"@type":"ListItem","position":2,"name":"Kako kupiti loto tikete onlajn \u2013 process kupovine","item":"https:\/\/redfoxlotto.com\/sr\/lutrija\/"},{"@type":"ListItem","position":3,"name":"O Eurojackpotu"}]},{"@type":"WebSite","@id":"https:\/\/redfoxlotto.com\/sr\/#website","url":"https:\/\/redfoxlotto.com\/sr\/","name":"Get Tickets for the World\u2019s largest jackpots","description":"Participate in worldwide lottery jackpots from any country","publisher":{"@id":"https:\/\/redfoxlotto.com\/sr\/#organization"},"potentialAction":[{"@type":"SearchAction","target":{"@type":"EntryPoint","urlTemplate":"https:\/\/redfoxlotto.com\/sr\/?s={search_term_string}"},"query-input":{"@type":"PropertyValueSpecification","valueRequired":true,"valueName":"search_term_string"}}],"inLanguage":"sr-RS"},{"@type":"Organization","@id":"https:\/\/redfoxlotto.com\/sr\/#organization","name":"Get Tickets for the World\u2019s largest jackpots","url":"https:\/\/redfoxlotto.com\/sr\/","logo":{"@type":"ImageObject","inLanguage":"sr-RS","@id":"https:\/\/redfoxlotto.com\/sr\/#\/schema\/logo\/image\/","url":"https:\/\/redfoxlotto.com\/wp-content\/uploads\/2023\/04\/logo.png","contentUrl":"https:\/\/redfoxlotto.com\/wp-content\/uploads\/2023\/04\/logo.png","width":269,"height":53,"caption":"Get Tickets for the World\u2019s largest jackpots"},"image":{"@id":"https:\/\/redfoxlotto.com\/sr\/#\/schema\/logo\/image\/"}}]}},"_links":{"self":[{"href":"https:\/\/redfoxlotto.com\/sr\/wp-json\/wp\/v2\/pages\/7303","targetHints":{"allow":["GET"]}}],"collection":[{"href":"https:\/\/redfoxlotto.com\/sr\/wp-json\/wp\/v2\/pages"}],"about":[{"href":"https:\/\/redfoxlotto.com\/sr\/wp-json\/wp\/v2\/types\/page"}],"author":[{"embeddable":true,"href":"https:\/\/redfoxlotto.com\/sr\/wp-json\/wp\/v2\/users\/1"}],"replies":[{"embeddable":true,"href":"https:\/\/redfoxlotto.com\/sr\/wp-json\/wp\/v2\/comments?post=7303"}],"version-history":[{"count":0,"href":"https:\/\/redfoxlotto.com\/sr\/wp-json\/wp\/v2\/pages\/7303\/revisions"}],"up":[{"embeddable":true,"href":"https:\/\/redfoxlotto.com\/sr\/wp-json\/wp\/v2\/pages\/7302"}],"wp:attachment":[{"href":"https:\/\/redfoxlotto.com\/sr\/wp-json\/wp\/v2\/media?parent=7303"}],"curies":[{"name":"wp","href":"https:\/\/api.w.org\/{rel}","templated":true}]}}