{"id":7302,"date":"2023-04-24T14:12:24","date_gmt":"2023-04-24T14:12:24","guid":{"rendered":"https:\/\/redfoxlotto.com\/?page_id=3699"},"modified":"2025-12-18T10:04:43","modified_gmt":"2025-12-18T10:04:43","slug":"lutrija","status":"publish","type":"page","link":"https:\/\/redfoxlotto.com\/sr\/lutrija\/","title":{"rendered":"Kako kupiti loto tikete onlajn \u2013 process kupovine"},"content":{"rendered":"<script type=\"application\/ld+json\">\r\n{\r\n  \"@context\": \"https:\/\/schema.org\",\r\n  \"@type\": \"Service\",\r\n  \"name\": \"Kupovina lutrijskih tiketa online\",\r\n  \"url\": \"https:\/\/redfoxlotto.com\/sr\/lotteries\/\",\r\n  \"description\": \"Kupujte lutrijske tikete online \u2013 najbolje lutrije na svetu dostupne ovde.\",\r\n  \"serviceType\": \"Online servis za isporuku lutrijskih tiketa\",\r\n\r\n  \"provider\": {\r\n    \"@type\": \"Organization\",\r\n    \"name\": \"RedFoxLotto\",\r\n    \"url\": \"https:\/\/redfoxlotto.com\/sr\/\",\r\n    \"image\": \"https:\/\/redfoxlotto.com\/wp-content\/uploads\/2025\/12\/ticket_scans.jpg\"\r\n  },\r\n\r\n  \"areaServed\": \"Worldwide\",\r\n  \"termsOfService\": \"https:\/\/redfoxlotto.com\/terms-and-conditions\",\r\n\r\n  \"additionalProperty\": {\r\n    \"@type\": \"PropertyValue\",\r\n    \"name\": \"FAQ\",\r\n    \"value\": \"https:\/\/redfoxlotto.com\/sr\/faq\/\"\r\n  },\r\n\r\n  \"hasOfferCatalog\": {\r\n    \"@type\": \"OfferCatalog\",\r\n    \"name\": \"Lutrijski tiketi \u0161irom sveta\",\r\n    \"itemListElement\": [\r\n      {\r\n        \"@type\": \"Offer\",\r\n        \"name\": \"Lutrijski tiketi\",\r\n        \"url\": \"https:\/\/redfoxlotto.com\/sr\/lotteries\/\",\r\n        \"description\": \"Kupovina lutrijskih tiketa online je sigurna i jednostavna \u2013 evo kako to funkcioni\u0161e.\",\r\n        \"availability\": \"https:\/\/schema.org\/InStock\",\r\n\r\n        \"itemOffered\": {\r\n          \"@type\": \"Service\",\r\n          \"name\": \"Online lutrijski tiketi\",\r\n          \"description\": \"U\u010destvujte u najve\u0107im svetskim d\u017eekpotovima \u2013 kupite svoje tikete online preko RedFoxLotto.\"\r\n        }\r\n      }\r\n    ]\r\n  },\r\n\r\n  \"mainEntityOfPage\": {\r\n    \"@type\": \"WebPage\",\r\n    \"@id\": \"https:\/\/redfoxlotto.com\/sr\/lotteries\/\"\r\n  }\r\n}\r\n<\/script><p><strong>Spremni ste da kupite loto tiket na bilo kom kraju sveta?<\/strong> Ili mo\u017eda jo\u0161 uvek niste sasvim sigurni da li ste spremni. Mo\u017eda niste ba\u0161 sigurni da li \u0107e vam to zaista biti zabavno. Ili mo\u017eda ne znate kako \u0107e izgledati ceo proces.<\/p><!--more--><p>Na na\u0161em veb-sajtu mo\u017eete kupiti loto tikete putem interneta <strong>za najve\u0107e lutrije na svetu.<\/strong> A kad ka\u017eemo svet, govorimo o stvarnom svetu, a ne samo o tiketima koje ste navikli da kupujete u svom rodnom gradu. Za nas, to su: <a href=\"https:\/\/redfoxlotto.com\/sr\/igrati\/mega-millions\/\">Mega Millions<\/a> i <a href=\"https:\/\/redfoxlotto.com\/sr\/igrati\/powerball\/\">Powerball <\/a>iz SAD, <a href=\"https:\/\/redfoxlotto.com\/sr\/igrati\/euromillions\/\">EuroMillions<\/a>, <a href=\"https:\/\/redfoxlotto.com\/sr\/igrati\/eurojackpot\/\">Eurojackpot<\/a>, El Gordo i La Primitiva iz \u0160panije, <a href=\"https:\/\/redfoxlotto.com\/sr\/igrati\/superenalotto\/\">SuperEna iz Italije<\/a> i jo\u0161 dosta njih.<\/p><p><img decoding=\"async\" class=\"size-full wp-image alignright\" src=\"https:\/\/content.redfoxlotto.com\/uploads\/sites\/9\/1_lottery_ticket.jpg\" alt=\"kako kupiti onlajn lutrijske karte\"><\/p><p>Ono \u0161to je jo\u0161 bolje kod kupovine tiketa iz na\u0161eg onlajn sistema je to \u0161to \u0107ete ih dobiti u samo \u010detiri vrlo jednostavna koraka. Ne morate brinuti da \u0107ete se namu\u010diti kako biste dobili tiket iz druge zemlje. Sve \u0161to je potrebno je da se pove\u017eete na internet.<\/p><h2 class=\"wp-block-heading\">Kupovina tiketa onlajn funkcioni\u0161e u \u010detiri jednostavna koraka:<\/h2><p><strong>Korak 1 \u2013 Izaberite lutriju<\/strong><\/p><p>Izaberite lutriju za koju \u017eelite da kupite tiket na sajtu <a href=\"https:\/\/redfoxlotto.com\/cs\/\">RedFoxLotto.com<\/a>. Na na\u0161oj po\u010detnoj stranici mo\u017eete videti lutrije sortirane prema visini trenutnog d\u017eekpota. Na taj na\u010din mo\u017eete odlu\u010diti za koju lutriju zaista vredi kupiti tiket, a mo\u017eete i pogledati razli\u010dite lutrije da biste saznali vi\u0161e informacija o njima.<\/p><p>Ako u\u0111ete u neku od stranica mo\u0107i \u0107ete da vidite datum I vreme izvla\u010denje, kolika je premija i kakav je postupak za biranje brojeva. Na taj na\u010din \u0107ete uvek biti dobro informisani.<\/p><p><strong>Korak 2 \u2013 Izaberite svoje brojeve<\/strong><\/p><p>Upotrebite mi\u0161 kako biste odabrali \u017eeljene brojeve. Polja \u0107e vam re\u0107i koliko brojeva vam je potrebno, kao i da li su neophodni neki posebni brojevi (kao kod lutrija Powerball ili Mega Number za lutrije na koje ste navikli). Ako ne \u017eelite da sami birate brojeve, mo\u017eete da koristite funkciju &#8222;Quick Pick&#8220; (\u201cBrzo biranje\u201d) kako biste izabrali nasumi\u010dne brojeve.<\/p><p>Jednom kada odaberete <a href=\"https:\/\/redfoxlotto.com\/sr\/rezultati\/\">slu\u010dajne brojeve<\/a>, jo\u0161 uvek imate poslednju re\u010d. Dakle, ako zavr\u0161ite sa 2 broja koja vam se ne svi\u0111aju, mo\u017eete ih zameniti. Tako\u0111e, mo\u017eete prvo da unesete neke svoje brojeve, a ostale da izaberete nasumi\u010dno.<\/p><p>Ne morate brinuti da niste odabrali dovoljno ili da ste odabrali previ\u0161e brojeva. U tom slu\u010daju \u0107e vas sistem upozoriti i zatra\u017eiti od vas da dodate ili uklonite brojeve pre kupovine tiketa. Ovo je zaista veoma jednostavno.<\/p><p>Nakon toga mo\u017eete kupiti vi\u0161e tiketa za druge lutrije i dodati ih u svoju narud\u017ebu. Kada zavr\u0161ite sa kupovinom tiketa, kliknite na &#8222;Pay Now&#8220; (\u201ePlati odmah\u201c). Na kraju ovog procesa mo\u017eete kupiti vi\u0161e tiketa jedne lutrije ili tikete u bilo kojoj kombinaciji u va\u0161oj korpi i sve ih platiti istovremeno kao jednu narud\u017ebu.<\/p><p><strong>Korak 3 \u2013 Registrujte se ili se prijavite<\/strong><\/p><p>Morate da registrujete korisni\u010dki nalog kod nas kako biste kupili loto tikete onlajn. Za to su nam potrebne neke va\u0161e informacije. Ovo je zbog va\u0161e bezbednosti, jer svakako \u017eelite da budete obave\u0161teni u slu\u010daju dobitka. Ako ste ve\u0107 registrovani kod nas, treba samo da se prijavite sa podacima za prijavu. Ako ste zaboravili lozinku, koristite funkciju \u201cForgot password\u201d (&#8222;Zaboravljena lozinka&#8220;).<\/p><p><strong>Korak 4 \u2013 Pla\u0107anje<\/strong><\/p><p><img decoding=\"async\" class=\"size-full wp-image alignright\" src=\"https:\/\/content.redfoxlotto.com\/uploads\/sites\/9\/1_buy_lottery_online.jpg\" alt=\"plati kartu online\"><\/p><p>Na svom nalogu klijenta odaberite na\u010din pla\u0107anja. Opcije koje vam stoje na raspolaganju mogu se razlikovati u zavisnosti od dr\u017eave u kojoj \u017eivite. Mastercard, Visa, instant bankovni transfer, Bitcoin, Neteller, Skrill i Paysafecard su samo neke od opcija za pla\u0107anje. Odaberite onaj koji \u017eelite i kliknite na dugme za kupovinu.<\/p><p>Nakon uplate \u0107ete, na email sa kog ste se registrovali, dobiti poruku kojom se potvr\u0111uje kupovina. Tako da \u0107ete biti sigurni da je va\u0161a narud\u017ebina predata i da ste spremni za izvla\u010denje.<\/p><p>Nakon \u0161to se registrujete, mo\u017eete uplatiti ne\u0161to novca na svoj nalog kako biste kasnije kupili \u017eeljene tikete. To je vrlo jednostavan proces, jer \u017eelimo da vam omogu\u0107imo da brzo dobijete tikete koje \u017eelite. Naravno, mo\u017eete dodati i nekoliko lutrijskih tiketa u svoju korpu za kupovinu, a zatim ih platiti kako biste dovr\u0161ili porud\u017ebinu.<\/p><p>\u010cetiri koraka i samo nekoliko minuta, bi\u0107ete spremni i \u010dekati izvla\u010denje. Ne morate brinuti da \u0107ete ne\u0161to propustiti jer \u0107emo vas odmah obavestiti ukoliko izvu\u010dete dobitak.<\/p><p>Naravno, ako \u017eelite da proverite za sebe, uvek mo\u017eete da odete na svoj nalog, kad god \u017eelite, i tamo da vidite tikete koje ste kupili i za koje igre.<\/p><h2 class=\"wp-block-heading\">Nakon \u0161to kupite karte putem Interneta<\/h2><p>Ako ste osvojili ne\u0161to ili pogodili neke brojeve nakon izvla\u010denja, pokaza\u0107emo vam odgovaraju\u0107e brojeve i obavestiti vas na stranici va\u0161eg naloga. Obavesti\u0107emo vas i \u0161ta treba da uradite da biste potvrdili dobitak tako da ne morate da brinete o tome da \u0107ete ne\u0161to propustiti.<\/p><p>Igranje lotoa s nama je tako jednostavno i bi\u0107e mnogo zabavnije od svega \u0161to ste ikad ranije igrali, jer \u0107ete imati puno vi\u0161e mogu\u0107nosti. Ovo \u0107e vas sigurno privu\u0107i da kupite loto tikete onlajn.<\/p>","protected":false},"excerpt":{"rendered":"<p>Spremni ste da kupite loto tiket na bilo kom kraju sveta? Ili mo\u017eda jo\u0161 uvek niste sasvim sigurni da li ste spremni. Mo\u017eda niste ba\u0161 sigurni da li \u0107e vam to zaista biti zabavno. Ili mo\u017eda ne znate kako \u0107e izgledati ceo proces.<\/p>\n","protected":false},"author":1,"featured_media":0,"parent":0,"menu_order":3,"comment_status":"closed","ping_status":"closed","template":"Information.php","meta":{"_et_pb_use_builder":"","_et_pb_old_content":"","_et_gb_content_width":"","exclude_from_search":false,"footnotes":""},"class_list":["post-7302","page","type-page","status-publish","hentry"],"yoast_head":"<!-- This site is optimized with the Yoast SEO plugin v27.3 - https:\/\/yoast.com\/product\/yoast-seo-wordpress\/ -->\n<title>Kupim loto tikete onlajn<\/title>\n<meta name=\"description\" content=\"Kupovina loto tiketa \u0161irom sveta je laka i bezbedna \u2013 evo kako funkcioni\u0161e!\" \/>\n<meta name=\"robots\" content=\"index, follow, max-snippet:-1, max-image-preview:large, max-video-preview:-1\" \/>\n<link rel=\"canonical\" href=\"https:\/\/redfoxlotto.com\/sr\/lutrija\/\" \/>\n<meta property=\"og:locale\" content=\"sr_RS\" \/>\n<meta property=\"og:type\" content=\"article\" \/>\n<meta property=\"og:title\" content=\"Kupim loto tikete onlajn\" \/>\n<meta property=\"og:description\" content=\"Kupovina loto tiketa \u0161irom sveta je laka i bezbedna \u2013 evo kako funkcioni\u0161e!\" \/>\n<meta property=\"og:url\" content=\"https:\/\/redfoxlotto.com\/sr\/lutrija\/\" \/>\n<meta property=\"og:site_name\" content=\"Get Tickets for the World\u2019s largest jackpots\" \/>\n<meta property=\"article:modified_time\" content=\"2025-12-18T10:04:43+00:00\" \/>\n<meta property=\"og:image\" content=\"https:\/\/content.redfoxlotto.com\/uploads\/sites\/9\/1_lottery_ticket.jpg\" \/>\n<meta name=\"twitter:card\" content=\"summary_large_image\" \/>\n<meta name=\"twitter:label1\" content=\"\u041f\u0440\u043e\u0446\u0435\u045a\u0435\u043d\u043e \u0432\u0440\u0435\u043c\u0435 \u0447\u0438\u0442\u0430\u045a\u0430\" \/>\n\t<meta name=\"twitter:data1\" content=\"4 \u043c\u0438\u043d\u0443\u0442\u0430\" \/>\n<script type=\"application\/ld+json\" class=\"yoast-schema-graph\">{\"@context\":\"https:\\\/\\\/schema.org\",\"@graph\":[{\"@type\":\"WebPage\",\"@id\":\"https:\\\/\\\/redfoxlotto.com\\\/sr\\\/lutrija\\\/\",\"url\":\"https:\\\/\\\/redfoxlotto.com\\\/sr\\\/lutrija\\\/\",\"name\":\"Kupim loto tikete onlajn\",\"isPartOf\":{\"@id\":\"https:\\\/\\\/redfoxlotto.com\\\/sr\\\/#website\"},\"primaryImageOfPage\":{\"@id\":\"https:\\\/\\\/redfoxlotto.com\\\/sr\\\/lutrija\\\/#primaryimage\"},\"image\":{\"@id\":\"https:\\\/\\\/redfoxlotto.com\\\/sr\\\/lutrija\\\/#primaryimage\"},\"thumbnailUrl\":\"https:\\\/\\\/content.redfoxlotto.com\\\/uploads\\\/sites\\\/9\\\/1_lottery_ticket.jpg\",\"datePublished\":\"2023-04-24T14:12:24+00:00\",\"dateModified\":\"2025-12-18T10:04:43+00:00\",\"description\":\"Kupovina loto tiketa \u0161irom sveta je laka i bezbedna \u2013 evo kako funkcioni\u0161e!\",\"breadcrumb\":{\"@id\":\"https:\\\/\\\/redfoxlotto.com\\\/sr\\\/lutrija\\\/#breadcrumb\"},\"inLanguage\":\"sr-RS\",\"potentialAction\":[{\"@type\":\"ReadAction\",\"target\":[\"https:\\\/\\\/redfoxlotto.com\\\/sr\\\/lutrija\\\/\"]}]},{\"@type\":\"ImageObject\",\"inLanguage\":\"sr-RS\",\"@id\":\"https:\\\/\\\/redfoxlotto.com\\\/sr\\\/lutrija\\\/#primaryimage\",\"url\":\"https:\\\/\\\/content.redfoxlotto.com\\\/uploads\\\/sites\\\/9\\\/1_lottery_ticket.jpg\",\"contentUrl\":\"https:\\\/\\\/content.redfoxlotto.com\\\/uploads\\\/sites\\\/9\\\/1_lottery_ticket.jpg\"},{\"@type\":\"BreadcrumbList\",\"@id\":\"https:\\\/\\\/redfoxlotto.com\\\/sr\\\/lutrija\\\/#breadcrumb\",\"itemListElement\":[{\"@type\":\"ListItem\",\"position\":1,\"name\":\"Home\",\"item\":\"https:\\\/\\\/redfoxlotto.com\\\/sr\\\/\"},{\"@type\":\"ListItem\",\"position\":2,\"name\":\"Kako kupiti loto tikete onlajn \u2013 process kupovine\"}]},{\"@type\":\"WebSite\",\"@id\":\"https:\\\/\\\/redfoxlotto.com\\\/sr\\\/#website\",\"url\":\"https:\\\/\\\/redfoxlotto.com\\\/sr\\\/\",\"name\":\"Get Tickets for the World\u2019s largest jackpots\",\"description\":\"Participate in worldwide lottery jackpots from any country\",\"publisher\":{\"@id\":\"https:\\\/\\\/redfoxlotto.com\\\/sr\\\/#organization\"},\"potentialAction\":[{\"@type\":\"SearchAction\",\"target\":{\"@type\":\"EntryPoint\",\"urlTemplate\":\"https:\\\/\\\/redfoxlotto.com\\\/sr\\\/?s={search_term_string}\"},\"query-input\":{\"@type\":\"PropertyValueSpecification\",\"valueRequired\":true,\"valueName\":\"search_term_string\"}}],\"inLanguage\":\"sr-RS\"},{\"@type\":\"Organization\",\"@id\":\"https:\\\/\\\/redfoxlotto.com\\\/sr\\\/#organization\",\"name\":\"Get Tickets for the World\u2019s largest jackpots\",\"url\":\"https:\\\/\\\/redfoxlotto.com\\\/sr\\\/\",\"logo\":{\"@type\":\"ImageObject\",\"inLanguage\":\"sr-RS\",\"@id\":\"https:\\\/\\\/redfoxlotto.com\\\/sr\\\/#\\\/schema\\\/logo\\\/image\\\/\",\"url\":\"https:\\\/\\\/redfoxlotto.com\\\/wp-content\\\/uploads\\\/2023\\\/04\\\/logo.png\",\"contentUrl\":\"https:\\\/\\\/redfoxlotto.com\\\/wp-content\\\/uploads\\\/2023\\\/04\\\/logo.png\",\"width\":269,\"height\":53,\"caption\":\"Get Tickets for the World\u2019s largest jackpots\"},\"image\":{\"@id\":\"https:\\\/\\\/redfoxlotto.com\\\/sr\\\/#\\\/schema\\\/logo\\\/image\\\/\"}}]}<\/script>\n<!-- \/ Yoast SEO plugin. -->","yoast_head_json":{"title":"Kupim loto tikete onlajn","description":"Kupovina loto tiketa \u0161irom sveta je laka i bezbedna \u2013 evo kako funkcioni\u0161e!","robots":{"index":"index","follow":"follow","max-snippet":"max-snippet:-1","max-image-preview":"max-image-preview:large","max-video-preview":"max-video-preview:-1"},"canonical":"https:\/\/redfoxlotto.com\/sr\/lutrija\/","og_locale":"sr_RS","og_type":"article","og_title":"Kupim loto tikete onlajn","og_description":"Kupovina loto tiketa \u0161irom sveta je laka i bezbedna \u2013 evo kako funkcioni\u0161e!","og_url":"https:\/\/redfoxlotto.com\/sr\/lutrija\/","og_site_name":"Get Tickets for the World\u2019s largest jackpots","article_modified_time":"2025-12-18T10:04:43+00:00","og_image":[{"url":"https:\/\/content.redfoxlotto.com\/uploads\/sites\/9\/1_lottery_ticket.jpg","type":"","width":"","height":""}],"twitter_card":"summary_large_image","twitter_misc":{"\u041f\u0440\u043e\u0446\u0435\u045a\u0435\u043d\u043e \u0432\u0440\u0435\u043c\u0435 \u0447\u0438\u0442\u0430\u045a\u0430":"4 \u043c\u0438\u043d\u0443\u0442\u0430"},"schema":{"@context":"https:\/\/schema.org","@graph":[{"@type":"WebPage","@id":"https:\/\/redfoxlotto.com\/sr\/lutrija\/","url":"https:\/\/redfoxlotto.com\/sr\/lutrija\/","name":"Kupim loto tikete onlajn","isPartOf":{"@id":"https:\/\/redfoxlotto.com\/sr\/#website"},"primaryImageOfPage":{"@id":"https:\/\/redfoxlotto.com\/sr\/lutrija\/#primaryimage"},"image":{"@id":"https:\/\/redfoxlotto.com\/sr\/lutrija\/#primaryimage"},"thumbnailUrl":"https:\/\/content.redfoxlotto.com\/uploads\/sites\/9\/1_lottery_ticket.jpg","datePublished":"2023-04-24T14:12:24+00:00","dateModified":"2025-12-18T10:04:43+00:00","description":"Kupovina loto tiketa \u0161irom sveta je laka i bezbedna \u2013 evo kako funkcioni\u0161e!","breadcrumb":{"@id":"https:\/\/redfoxlotto.com\/sr\/lutrija\/#breadcrumb"},"inLanguage":"sr-RS","potentialAction":[{"@type":"ReadAction","target":["https:\/\/redfoxlotto.com\/sr\/lutrija\/"]}]},{"@type":"ImageObject","inLanguage":"sr-RS","@id":"https:\/\/redfoxlotto.com\/sr\/lutrija\/#primaryimage","url":"https:\/\/content.redfoxlotto.com\/uploads\/sites\/9\/1_lottery_ticket.jpg","contentUrl":"https:\/\/content.redfoxlotto.com\/uploads\/sites\/9\/1_lottery_ticket.jpg"},{"@type":"BreadcrumbList","@id":"https:\/\/redfoxlotto.com\/sr\/lutrija\/#breadcrumb","itemListElement":[{"@type":"ListItem","position":1,"name":"Home","item":"https:\/\/redfoxlotto.com\/sr\/"},{"@type":"ListItem","position":2,"name":"Kako kupiti loto tikete onlajn \u2013 process kupovine"}]},{"@type":"WebSite","@id":"https:\/\/redfoxlotto.com\/sr\/#website","url":"https:\/\/redfoxlotto.com\/sr\/","name":"Get Tickets for the World\u2019s largest jackpots","description":"Participate in worldwide lottery jackpots from any country","publisher":{"@id":"https:\/\/redfoxlotto.com\/sr\/#organization"},"potentialAction":[{"@type":"SearchAction","target":{"@type":"EntryPoint","urlTemplate":"https:\/\/redfoxlotto.com\/sr\/?s={search_term_string}"},"query-input":{"@type":"PropertyValueSpecification","valueRequired":true,"valueName":"search_term_string"}}],"inLanguage":"sr-RS"},{"@type":"Organization","@id":"https:\/\/redfoxlotto.com\/sr\/#organization","name":"Get Tickets for the World\u2019s largest jackpots","url":"https:\/\/redfoxlotto.com\/sr\/","logo":{"@type":"ImageObject","inLanguage":"sr-RS","@id":"https:\/\/redfoxlotto.com\/sr\/#\/schema\/logo\/image\/","url":"https:\/\/redfoxlotto.com\/wp-content\/uploads\/2023\/04\/logo.png","contentUrl":"https:\/\/redfoxlotto.com\/wp-content\/uploads\/2023\/04\/logo.png","width":269,"height":53,"caption":"Get Tickets for the World\u2019s largest jackpots"},"image":{"@id":"https:\/\/redfoxlotto.com\/sr\/#\/schema\/logo\/image\/"}}]}},"_links":{"self":[{"href":"https:\/\/redfoxlotto.com\/sr\/wp-json\/wp\/v2\/pages\/7302","targetHints":{"allow":["GET"]}}],"collection":[{"href":"https:\/\/redfoxlotto.com\/sr\/wp-json\/wp\/v2\/pages"}],"about":[{"href":"https:\/\/redfoxlotto.com\/sr\/wp-json\/wp\/v2\/types\/page"}],"author":[{"embeddable":true,"href":"https:\/\/redfoxlotto.com\/sr\/wp-json\/wp\/v2\/users\/1"}],"replies":[{"embeddable":true,"href":"https:\/\/redfoxlotto.com\/sr\/wp-json\/wp\/v2\/comments?post=7302"}],"version-history":[{"count":0,"href":"https:\/\/redfoxlotto.com\/sr\/wp-json\/wp\/v2\/pages\/7302\/revisions"}],"wp:attachment":[{"href":"https:\/\/redfoxlotto.com\/sr\/wp-json\/wp\/v2\/media?parent=7302"}],"curies":[{"name":"wp","href":"https:\/\/api.w.org\/{rel}","templated":true}]}}