{"id":49929,"date":"2023-04-13T18:01:41","date_gmt":"2023-04-13T18:01:41","guid":{"rendered":"https:\/\/redfoxlotto.eu\/?page_id=49929"},"modified":"2026-01-06T09:38:25","modified_gmt":"2026-01-06T09:38:25","slug":"ucestvujte-u-najvecim-lutrijama-na-svetu-bez-obzira-u-kojoj-drzavi-zivite","status":"publish","type":"page","link":"https:\/\/redfoxlotto.com\/sr\/","title":{"rendered":"U\u010destvujte u najve\u0107im lutrijama na svetu, bez obzira u kojoj dr\u017eavi \u017eivite"},"content":{"rendered":"<p><script type=\"application\/ld+json\">\n{\n  \"@context\": \"https:\/\/schema.org\",\n  \"@type\": \"Service\",\n  \"name\": \"Igrajte Powerball online\",\n  \"url\": \"https:\/\/redfoxlotto.com\/sr\/\",\n  \"description\": \"Najve\u0107i loto d\u017eekpotovi na svetu dostupni su odakle god \u2013 kupite loto tikete online odmah!\",\n  \"serviceType\": \"Online usluga posredovanja za loto tikete\",\n  \"provider\": {\n    \"@type\": \"Organization\",\n    \"name\": \"RedFoxLotto\",\n    \"url\": \"https:\/\/redfoxlotto.com\/sr\/\",\n    \"image\": \"https:\/\/redfoxlotto.com\/wp-content\/uploads\/2025\/12\/ticket_scans.jpg\"\n  },\n  \"areaServed\": \"\u0160irom sveta\",\n  \"termsOfService\": \"https:\/\/redfoxlotto.com\/terms-and-conditions\",\n  \"additionalProperty\": {\n    \"@type\": \"PropertyValue\",\n    \"name\": \"\u010cesto postavljana pitanja\",\n    \"value\": \"https:\/\/redfoxlotto.com\/sr\/faq\/\"\n  },\n  \"hasOfferCatalog\": {\n    \"@type\": \"OfferCatalog\",\n    \"name\": \"Loto tiketi za me\u0111unarodne lutrije\",\n    \"itemListElement\": [\n      {\n        \"@type\": \"Offer\",\n        \"name\": \"Tiketi za Powerball, Mega Millions, Euromillions i druge\",\n        \"url\": \"https:\/\/redfoxlotto.com\/sr\/\",\n        \"description\": \"Kupite tikete za najve\u0107e loto d\u017eekpotove na svetu.\",\n        \"availability\": \"https:\/\/schema.org\/InStock\",\n        \"itemOffered\": {\n          \"@type\": \"Service\",\n          \"name\": \"Me\u0111unarodni loto tiketi\",\n          \"description\": \"U\u010destvujte u me\u0111unarodnim lutrijama putem RedFoxLotto.\"\n        }\n      }\n    ]\n  },\n  \"mainEntityOfPage\": {\n    \"@type\": \"WebPage\",\n    \"@id\": \"https:\/\/redfoxlotto.com\/sr\/\"\n  }\n}\n<\/script><\/p>\n<h2>Va\u0161a zemlja prebivali\u0161ta nije bitna \u2013 igrajte najve\u0107e lutrije na svetu<\/h2>\n<p><img loading=\"lazy\" decoding=\"async\" class=\"size-full wp-image-4467 alignright\" src=\"https:\/\/redfoxlotto.com\/wp-content\/uploads\/2024\/03\/Balls_2.png\" alt=\"online lutrijska karta\" width=\"212\" height=\"250\" \/>Koliko puta ste \u010duli za dobitnike lutrije \u0161irom sveta koji su osvojili ogromne svote novca? Na\u017ealost, ove ogromne dobitke su uglavnom ostvarili u drugim zemljama. Naravno, \u010dak i u va\u0161oj zemlji, veliki d\u017eekpotovi se povremeno pojavljuju, ali \u010desto treba dosta vremena da d\u017eekpot postane dovoljno velik. Dakle, ako \u010dekate veliki d\u017eekpot, mo\u017eda \u0107ete morati sa\u010dekati neko vreme.<\/p>\n<p>Sada mo\u017eete kupovati lutrijske karte online za najve\u0107e d\u017eekpotove na svetu. To zna\u010di da mo\u017eete u\u010destvovati u lutrijama izvan va\u0161e zemlje. Ovo je potpuno legalno i vrlo prakti\u010dno. Mo\u017eete naru\u010diti svoju kartu online sa nekoliko klikova i platiti, na primer, kreditnom karticom putem potpuno sigurnog procesa. Alternativno, mo\u017eete koristiti jedan od na\u0161ih drugih na\u010dina pla\u0107anja. Uskoro \u0107ete dobiti potvrdu putem e-maila. Nijedna karta ne mo\u017ee biti izgubljena, a mi \u0107emo vas automatski obavestiti o svakoj dobitku. Na taj na\u010din ne\u0107ete propustiti dobitak jer ste zaboravili da proverite svoju kartu prema rezultatima lutrije.<\/p>\n<h2>Najve\u0107a prednost kupovine lutrijske karte online<\/h2>\n<p>Najve\u0107a prednost je \u0161to uvek mo\u017eete kupiti karte za lutrije koje trenutno imaju najve\u0107e d\u017eekpotove. Nije va\u017eno koliko novca potro\u0161ite na karte. Definitivno je ekonomi\u010dnije investirati novac u d\u017eekpot od 150 miliona nego u isplatu od dva miliona. Sa vi\u0161e dostupnih online lutrija, mo\u0107i \u0107ete da prona\u0111ete bar jedan ogroman d\u017eekpot svake nedelje, \u0161to vam daje bolji odnos tro\u0161ak-potpuni dobitak nego va\u0161a lokalna lutrija. Ponekad ti d\u017eekpotovi mogu dosti\u0107i zapanjuju\u0107e iznose.<\/p>\n<p>Svetski rekord d\u017eekpota iznosi 2.040.000.000 $ (jul 2023). Osvojen je 22. novembra 2022. godine u ameri\u010dkoj Powerball lutriji. 13. januara 2016. godine bio je jo\u0161 jedan d\u017eekpot od 1,586 milijardi dolara, tako\u0111e osvojen u ameri\u010dkoj Powerball. Tre\u0107i po veli\u010dini d\u017eekpot u istoriji osvojila je lutrija Mega Millions 23. oktobra 2018. godine, kada je jedan sre\u0107ni dobitnik osvojio 1,537 milijardi dolara.<\/p>\n<p>Mnogi prethodni ve\u0107i dobici u ovim lutrijama ostvareni su kupovinom karata online.<\/p>\n<h2>\u0160ta se de\u0161ava nakon \u0161to naru\u010dim kartu online?<\/h2>\n<p><img loading=\"lazy\" decoding=\"async\" class=\"size-medium wp-image-39298 alignright\" src=\"https:\/\/redfoxlotto.com\/wp-content\/uploads\/2023\/04\/1_play_online_lotto.jpg\" alt=\"igrajte lutriju online\" width=\"300\" height=\"300\" \/>Usluga koju pru\u017ea RedFoxLotto.com je da imamo zaposlene u zemljama razli\u010ditih lutrija koji kupuju karte koje ste naru\u010dili. To su pravi, zvani\u010dni lutrijski listi\u0107i sa brojevima koje ste izabrali. Nakon kupovine dobi\u0107ete potvrdu putem e-maila. U svom korisni\u010dkom nalogu mo\u017eete pregledati svoju narud\u017ebinu i proveriti brojeve. Ubrzo nakon narud\u017ebine, skenirani listi\u0107 koji smo kupili za vas bi\u0107e postavljen u va\u0161 korisni\u010dki nalog.<\/p>\n<h2>A \u0161ta ako pobedim?<\/h2>\n<p>Svi dobitci do 2.500 \u20ac bi\u0107e odmah preba\u010deni na va\u0161 RedFoxLotto korisni\u010dki ra\u010dun. Za dobitke preko 2.500 \u20ac, na\u0161 tim za korisni\u010dku podr\u0161ku \u0107e vas kontaktirati da organizuje isplatu i kontaktira relevantnu lutrijsku komisiju u va\u0161e ime. Takva isplata se obi\u010dno vr\u0161i direktno na va\u0161 bankovni ra\u010dun ili \u0107ete primiti \u010dek.<\/p>\n<p>Va\u0161e dobitke obra\u0111ujemo besplatno, osim male naknade za bankovne transfere u odre\u0111ene banke.<\/p>\n<p>Za vi\u0161e informacija, pogledajte na\u0161 FAQ ili kontaktirajte na\u0161 tim za podr\u0161ku. Vi\u0161e nema razloga da se zadovoljite manjim d\u017eekpotovima \u2013 izaberite ve\u0107i d\u017eekpot i postanite slede\u0107i lutrijski multimilioner!<\/p>\n","protected":false},"excerpt":{"rendered":"<p>Va\u0161a zemlja prebivali\u0161ta nije bitna \u2013 igrajte najve\u0107e lutrije na svetu Koliko puta ste \u010duli za dobitnike lutrije \u0161irom sveta koji su osvojili ogromne svote novca? Na\u017ealost, ove ogromne dobitke su uglavnom ostvarili u drugim zemljama. Naravno, \u010dak i u va\u0161oj zemlji, veliki d\u017eekpotovi se povremeno pojavljuju, ali \u010desto treba dosta vremena da d\u017eekpot postane [&hellip;]<\/p>\n","protected":false},"author":1,"featured_media":0,"parent":0,"menu_order":1,"comment_status":"closed","ping_status":"closed","template":"lotto.php","meta":{"_et_pb_use_builder":"","_et_pb_old_content":"","_et_gb_content_width":"","exclude_from_search":false,"footnotes":""},"class_list":["post-49929","page","type-page","status-publish","hentry"],"yoast_head":"<!-- This site is optimized with the Yoast SEO plugin v23.8 - https:\/\/yoast.com\/wordpress\/plugins\/seo\/ -->\n<title>Lutrija onlajn | Kupite tikete za najve\u0107e loto d\u017eekpotove na svetu<\/title>\n<meta name=\"description\" content=\"Najve\u0107i loto d\u017eekpotovi na svetu dostupni sa bilo kog mesta \u2013 kupite svoj loto tiket onlajn sada!\" \/>\n<meta name=\"robots\" content=\"index, follow, max-snippet:-1, max-image-preview:large, max-video-preview:-1\" \/>\n<link rel=\"canonical\" href=\"https:\/\/redfoxlotto.com\/sr\/\" \/>\n<meta property=\"og:locale\" content=\"sr_RS\" \/>\n<meta property=\"og:type\" content=\"article\" \/>\n<meta property=\"og:title\" content=\"Lutrija onlajn | Kupite tikete za najve\u0107e loto d\u017eekpotove na svetu\" \/>\n<meta property=\"og:description\" content=\"Najve\u0107i loto d\u017eekpotovi na svetu dostupni sa bilo kog mesta \u2013 kupite svoj loto tiket onlajn sada!\" \/>\n<meta property=\"og:url\" content=\"https:\/\/redfoxlotto.com\/sr\/\" \/>\n<meta property=\"og:site_name\" content=\"Get Tickets for the World\u2019s largest jackpots\" \/>\n<meta property=\"article:modified_time\" content=\"2026-01-06T09:38:25+00:00\" \/>\n<meta property=\"og:image\" content=\"https:\/\/redfoxlotto.com\/wp-content\/uploads\/2024\/03\/Balls_2.png\" \/>\n<meta name=\"twitter:card\" content=\"summary_large_image\" \/>\n<meta name=\"twitter:label1\" content=\"\u041f\u0440\u043e\u0446\u0435\u045a\u0435\u043d\u043e \u0432\u0440\u0435\u043c\u0435 \u0447\u0438\u0442\u0430\u045a\u0430\" \/>\n\t<meta name=\"twitter:data1\" content=\"4 \u043c\u0438\u043d\u0443\u0442\u0430\" \/>\n<script type=\"application\/ld+json\" class=\"yoast-schema-graph\">{\"@context\":\"https:\/\/schema.org\",\"@graph\":[{\"@type\":\"WebPage\",\"@id\":\"https:\/\/redfoxlotto.com\/sr\/\",\"url\":\"https:\/\/redfoxlotto.com\/sr\/\",\"name\":\"Lutrija onlajn | Kupite tikete za najve\u0107e loto d\u017eekpotove na svetu\",\"isPartOf\":{\"@id\":\"https:\/\/redfoxlotto.com\/sr\/#website\"},\"primaryImageOfPage\":{\"@id\":\"https:\/\/redfoxlotto.com\/sr\/#primaryimage\"},\"image\":{\"@id\":\"https:\/\/redfoxlotto.com\/sr\/#primaryimage\"},\"thumbnailUrl\":\"https:\/\/redfoxlotto.com\/wp-content\/uploads\/2024\/03\/Balls_2.png\",\"datePublished\":\"2023-04-13T18:01:41+00:00\",\"dateModified\":\"2026-01-06T09:38:25+00:00\",\"description\":\"Najve\u0107i loto d\u017eekpotovi na svetu dostupni sa bilo kog mesta \u2013 kupite svoj loto tiket onlajn sada!\",\"breadcrumb\":{\"@id\":\"https:\/\/redfoxlotto.com\/sr\/#breadcrumb\"},\"inLanguage\":\"sr-RS\",\"potentialAction\":[{\"@type\":\"ReadAction\",\"target\":[\"https:\/\/redfoxlotto.com\/sr\/\"]}]},{\"@type\":\"ImageObject\",\"inLanguage\":\"sr-RS\",\"@id\":\"https:\/\/redfoxlotto.com\/sr\/#primaryimage\",\"url\":\"https:\/\/redfoxlotto.com\/wp-content\/uploads\/2024\/03\/Balls_2.png\",\"contentUrl\":\"https:\/\/redfoxlotto.com\/wp-content\/uploads\/2024\/03\/Balls_2.png\"},{\"@type\":\"BreadcrumbList\",\"@id\":\"https:\/\/redfoxlotto.com\/sr\/#breadcrumb\",\"itemListElement\":[{\"@type\":\"ListItem\",\"position\":1,\"name\":\"Home\",\"item\":\"https:\/\/redfoxlotto.com\/sr\/\"},{\"@type\":\"ListItem\",\"position\":2,\"name\":\"U\u010destvujte u najve\u0107im lutrijama na svetu, bez obzira u kojoj dr\u017eavi \u017eivite\"}]},{\"@type\":\"WebSite\",\"@id\":\"https:\/\/redfoxlotto.com\/sr\/#website\",\"url\":\"https:\/\/redfoxlotto.com\/sr\/\",\"name\":\"Get Tickets for the World\u2019s largest jackpots\",\"description\":\"Participate in worldwide lottery jackpots from any country\",\"publisher\":{\"@id\":\"https:\/\/redfoxlotto.com\/sr\/#organization\"},\"potentialAction\":[{\"@type\":\"SearchAction\",\"target\":{\"@type\":\"EntryPoint\",\"urlTemplate\":\"https:\/\/redfoxlotto.com\/sr\/?s={search_term_string}\"},\"query-input\":{\"@type\":\"PropertyValueSpecification\",\"valueRequired\":true,\"valueName\":\"search_term_string\"}}],\"inLanguage\":\"sr-RS\"},{\"@type\":\"Organization\",\"@id\":\"https:\/\/redfoxlotto.com\/sr\/#organization\",\"name\":\"Get Tickets for the World\u2019s largest jackpots\",\"url\":\"https:\/\/redfoxlotto.com\/sr\/\",\"logo\":{\"@type\":\"ImageObject\",\"inLanguage\":\"sr-RS\",\"@id\":\"https:\/\/redfoxlotto.com\/sr\/#\/schema\/logo\/image\/\",\"url\":\"https:\/\/redfoxlotto.com\/wp-content\/uploads\/2023\/04\/logo.png\",\"contentUrl\":\"https:\/\/redfoxlotto.com\/wp-content\/uploads\/2023\/04\/logo.png\",\"width\":269,\"height\":53,\"caption\":\"Get Tickets for the World\u2019s largest jackpots\"},\"image\":{\"@id\":\"https:\/\/redfoxlotto.com\/sr\/#\/schema\/logo\/image\/\"}}]}<\/script>\n<!-- \/ Yoast SEO plugin. -->","yoast_head_json":{"title":"Lutrija onlajn | Kupite tikete za najve\u0107e loto d\u017eekpotove na svetu","description":"Najve\u0107i loto d\u017eekpotovi na svetu dostupni sa bilo kog mesta \u2013 kupite svoj loto tiket onlajn sada!","robots":{"index":"index","follow":"follow","max-snippet":"max-snippet:-1","max-image-preview":"max-image-preview:large","max-video-preview":"max-video-preview:-1"},"canonical":"https:\/\/redfoxlotto.com\/sr\/","og_locale":"sr_RS","og_type":"article","og_title":"Lutrija onlajn | Kupite tikete za najve\u0107e loto d\u017eekpotove na svetu","og_description":"Najve\u0107i loto d\u017eekpotovi na svetu dostupni sa bilo kog mesta \u2013 kupite svoj loto tiket onlajn sada!","og_url":"https:\/\/redfoxlotto.com\/sr\/","og_site_name":"Get Tickets for the World\u2019s largest jackpots","article_modified_time":"2026-01-06T09:38:25+00:00","og_image":[{"url":"https:\/\/redfoxlotto.com\/wp-content\/uploads\/2024\/03\/Balls_2.png"}],"twitter_card":"summary_large_image","twitter_misc":{"\u041f\u0440\u043e\u0446\u0435\u045a\u0435\u043d\u043e \u0432\u0440\u0435\u043c\u0435 \u0447\u0438\u0442\u0430\u045a\u0430":"4 \u043c\u0438\u043d\u0443\u0442\u0430"},"schema":{"@context":"https:\/\/schema.org","@graph":[{"@type":"WebPage","@id":"https:\/\/redfoxlotto.com\/sr\/","url":"https:\/\/redfoxlotto.com\/sr\/","name":"Lutrija onlajn | Kupite tikete za najve\u0107e loto d\u017eekpotove na svetu","isPartOf":{"@id":"https:\/\/redfoxlotto.com\/sr\/#website"},"primaryImageOfPage":{"@id":"https:\/\/redfoxlotto.com\/sr\/#primaryimage"},"image":{"@id":"https:\/\/redfoxlotto.com\/sr\/#primaryimage"},"thumbnailUrl":"https:\/\/redfoxlotto.com\/wp-content\/uploads\/2024\/03\/Balls_2.png","datePublished":"2023-04-13T18:01:41+00:00","dateModified":"2026-01-06T09:38:25+00:00","description":"Najve\u0107i loto d\u017eekpotovi na svetu dostupni sa bilo kog mesta \u2013 kupite svoj loto tiket onlajn sada!","breadcrumb":{"@id":"https:\/\/redfoxlotto.com\/sr\/#breadcrumb"},"inLanguage":"sr-RS","potentialAction":[{"@type":"ReadAction","target":["https:\/\/redfoxlotto.com\/sr\/"]}]},{"@type":"ImageObject","inLanguage":"sr-RS","@id":"https:\/\/redfoxlotto.com\/sr\/#primaryimage","url":"https:\/\/redfoxlotto.com\/wp-content\/uploads\/2024\/03\/Balls_2.png","contentUrl":"https:\/\/redfoxlotto.com\/wp-content\/uploads\/2024\/03\/Balls_2.png"},{"@type":"BreadcrumbList","@id":"https:\/\/redfoxlotto.com\/sr\/#breadcrumb","itemListElement":[{"@type":"ListItem","position":1,"name":"Home","item":"https:\/\/redfoxlotto.com\/sr\/"},{"@type":"ListItem","position":2,"name":"U\u010destvujte u najve\u0107im lutrijama na svetu, bez obzira u kojoj dr\u017eavi \u017eivite"}]},{"@type":"WebSite","@id":"https:\/\/redfoxlotto.com\/sr\/#website","url":"https:\/\/redfoxlotto.com\/sr\/","name":"Get Tickets for the World\u2019s largest jackpots","description":"Participate in worldwide lottery jackpots from any country","publisher":{"@id":"https:\/\/redfoxlotto.com\/sr\/#organization"},"potentialAction":[{"@type":"SearchAction","target":{"@type":"EntryPoint","urlTemplate":"https:\/\/redfoxlotto.com\/sr\/?s={search_term_string}"},"query-input":{"@type":"PropertyValueSpecification","valueRequired":true,"valueName":"search_term_string"}}],"inLanguage":"sr-RS"},{"@type":"Organization","@id":"https:\/\/redfoxlotto.com\/sr\/#organization","name":"Get Tickets for the World\u2019s largest jackpots","url":"https:\/\/redfoxlotto.com\/sr\/","logo":{"@type":"ImageObject","inLanguage":"sr-RS","@id":"https:\/\/redfoxlotto.com\/sr\/#\/schema\/logo\/image\/","url":"https:\/\/redfoxlotto.com\/wp-content\/uploads\/2023\/04\/logo.png","contentUrl":"https:\/\/redfoxlotto.com\/wp-content\/uploads\/2023\/04\/logo.png","width":269,"height":53,"caption":"Get Tickets for the World\u2019s largest jackpots"},"image":{"@id":"https:\/\/redfoxlotto.com\/sr\/#\/schema\/logo\/image\/"}}]}},"_links":{"self":[{"href":"https:\/\/redfoxlotto.com\/sr\/wp-json\/wp\/v2\/pages\/49929","targetHints":{"allow":["GET"]}}],"collection":[{"href":"https:\/\/redfoxlotto.com\/sr\/wp-json\/wp\/v2\/pages"}],"about":[{"href":"https:\/\/redfoxlotto.com\/sr\/wp-json\/wp\/v2\/types\/page"}],"author":[{"embeddable":true,"href":"https:\/\/redfoxlotto.com\/sr\/wp-json\/wp\/v2\/users\/1"}],"replies":[{"embeddable":true,"href":"https:\/\/redfoxlotto.com\/sr\/wp-json\/wp\/v2\/comments?post=49929"}],"version-history":[{"count":0,"href":"https:\/\/redfoxlotto.com\/sr\/wp-json\/wp\/v2\/pages\/49929\/revisions"}],"wp:attachment":[{"href":"https:\/\/redfoxlotto.com\/sr\/wp-json\/wp\/v2\/media?parent=49929"}],"curies":[{"name":"wp","href":"https:\/\/api.w.org\/{rel}","templated":true}]}}