{"id":14512,"date":"2020-08-18T10:30:08","date_gmt":"2020-08-18T10:30:08","guid":{"rendered":"https:\/\/redfoxlotto.com\/?page_id=14512"},"modified":"2023-05-24T17:48:34","modified_gmt":"2023-05-24T17:48:34","slug":"set-for-life-uk","status":"publish","type":"page","link":"https:\/\/redfoxlotto.com\/sr\/lutrija\/set-for-life-uk\/","title":{"rendered":"O skupu za \u017eivotnu lutriju u Velikoj Britaniji"},"content":{"rendered":"<h2 class=\"wp-block-heading\">I vi mo\u017eete da kupite karte za lutriju \u201eSet for life\u201c<\/h2><p><img loading=\"lazy\" decoding=\"async\" class=\" wp-image alignright\" src=\"https:\/\/content.redfoxlotto.com\/uploads\/sites\/9\/1_online_tickets_for_lottery.jpg\" alt=\" set for life buy online \" width=\"195\" height=\"137\" \/><\/p><p>\u201eSet for life\u201c je lutrija iz Velike Britanije, ali ne morate biti stanovnik Velike Britanije da biste kupili karte za \u201eSet for life\u201c &#8211; mo\u017eete ih kupiti na mre\u017ei ovde, na na\u0161oj veb stranici.<\/p><h2 class=\"wp-block-heading\">Kako funkcioni\u0161e \u201eSet for life\u201c<\/h2><p>Ova lutrija radi kao i svaka druga lutrija \u0161to se ti\u010de brojeva. Ono \u0161to je druga\u010dije je da su glavne nagrade mese\u010dne isplate od 10.000 \u00a3, tokom 30 godina (1. nagrada) ili godinu dana (2. nagrada).<\/p><p>Pored toga, postoji 5 ni\u017eih nivoa na kojima mo\u017eete osvojiti izme\u0111u 10 i 250 funti.<\/p>","protected":false},"excerpt":{"rendered":"<p>I vi mo\u017eete da kupite karte za lutriju \u201eSet for life\u201c \u201eSet for life\u201c je lutrija iz Velike Britanije, ali ne morate biti stanovnik Velike Britanije da biste kupili karte za \u201eSet for life\u201c &#8211; mo\u017eete ih kupiti na mre\u017ei ovde, na na\u0161oj veb stranici. Kako funkcioni\u0161e \u201eSet for life\u201c Ova lutrija radi kao i [&hellip;]<\/p>\n","protected":false},"author":1,"featured_media":0,"parent":7302,"menu_order":10,"comment_status":"closed","ping_status":"closed","template":"set-for-life-info.php","meta":{"_et_pb_use_builder":"","_et_pb_old_content":"","_et_gb_content_width":"","exclude_from_search":false,"footnotes":""},"class_list":["post-14512","page","type-page","status-publish","hentry"],"yoast_head":"<!-- This site is optimized with the Yoast SEO plugin v23.8 - https:\/\/yoast.com\/wordpress\/plugins\/seo\/ -->\n<title>Nabavite kartu na mre\u017ei za Loto set za \u017eivot<\/title>\n<meta name=\"description\" content=\"Postavite za \u017eivotnu loto - osvojite kartu pomoc\u0301u koje mo\u017eete kupiti na mre\u017ei\" \/>\n<meta name=\"robots\" content=\"index, follow, max-snippet:-1, max-image-preview:large, max-video-preview:-1\" \/>\n<link rel=\"canonical\" href=\"https:\/\/redfoxlotto.com\/sr\/lutrija\/set-for-life-uk\/\" \/>\n<meta property=\"og:locale\" content=\"sr_RS\" \/>\n<meta property=\"og:type\" content=\"article\" \/>\n<meta property=\"og:title\" content=\"Nabavite kartu na mre\u017ei za Loto set za \u017eivot\" \/>\n<meta property=\"og:description\" content=\"Postavite za \u017eivotnu loto - osvojite kartu pomoc\u0301u koje mo\u017eete kupiti na mre\u017ei\" \/>\n<meta property=\"og:url\" content=\"https:\/\/redfoxlotto.com\/sr\/lutrija\/set-for-life-uk\/\" \/>\n<meta property=\"og:site_name\" content=\"Get Tickets for the World\u2019s largest jackpots\" \/>\n<meta property=\"article:modified_time\" content=\"2023-05-24T17:48:34+00:00\" \/>\n<meta property=\"og:image\" content=\"https:\/\/content.redfoxlotto.com\/uploads\/sites\/9\/1_online_tickets_for_lottery.jpg\" \/>\n<meta name=\"twitter:card\" content=\"summary_large_image\" \/>\n<meta name=\"twitter:label1\" content=\"\u041f\u0440\u043e\u0446\u0435\u045a\u0435\u043d\u043e \u0432\u0440\u0435\u043c\u0435 \u0447\u0438\u0442\u0430\u045a\u0430\" \/>\n\t<meta name=\"twitter:data1\" content=\"1 \u043c\u0438\u043d\u0443\u0442\" \/>\n<script type=\"application\/ld+json\" class=\"yoast-schema-graph\">{\"@context\":\"https:\/\/schema.org\",\"@graph\":[{\"@type\":\"WebPage\",\"@id\":\"https:\/\/redfoxlotto.com\/sr\/lutrija\/set-for-life-uk\/\",\"url\":\"https:\/\/redfoxlotto.com\/sr\/lutrija\/set-for-life-uk\/\",\"name\":\"Nabavite kartu na mre\u017ei za Loto set za \u017eivot\",\"isPartOf\":{\"@id\":\"https:\/\/redfoxlotto.com\/sr\/#website\"},\"primaryImageOfPage\":{\"@id\":\"https:\/\/redfoxlotto.com\/sr\/lutrija\/set-for-life-uk\/#primaryimage\"},\"image\":{\"@id\":\"https:\/\/redfoxlotto.com\/sr\/lutrija\/set-for-life-uk\/#primaryimage\"},\"thumbnailUrl\":\"https:\/\/content.redfoxlotto.com\/uploads\/sites\/9\/1_online_tickets_for_lottery.jpg\",\"datePublished\":\"2020-08-18T10:30:08+00:00\",\"dateModified\":\"2023-05-24T17:48:34+00:00\",\"description\":\"Postavite za \u017eivotnu loto - osvojite kartu pomoc\u0301u koje mo\u017eete kupiti na mre\u017ei\",\"breadcrumb\":{\"@id\":\"https:\/\/redfoxlotto.com\/sr\/lutrija\/set-for-life-uk\/#breadcrumb\"},\"inLanguage\":\"sr-RS\",\"potentialAction\":[{\"@type\":\"ReadAction\",\"target\":[\"https:\/\/redfoxlotto.com\/sr\/lutrija\/set-for-life-uk\/\"]}]},{\"@type\":\"ImageObject\",\"inLanguage\":\"sr-RS\",\"@id\":\"https:\/\/redfoxlotto.com\/sr\/lutrija\/set-for-life-uk\/#primaryimage\",\"url\":\"https:\/\/content.redfoxlotto.com\/uploads\/sites\/9\/1_online_tickets_for_lottery.jpg\",\"contentUrl\":\"https:\/\/content.redfoxlotto.com\/uploads\/sites\/9\/1_online_tickets_for_lottery.jpg\"},{\"@type\":\"BreadcrumbList\",\"@id\":\"https:\/\/redfoxlotto.com\/sr\/lutrija\/set-for-life-uk\/#breadcrumb\",\"itemListElement\":[{\"@type\":\"ListItem\",\"position\":1,\"name\":\"Home\",\"item\":\"https:\/\/redfoxlotto.com\/sr\/\"},{\"@type\":\"ListItem\",\"position\":2,\"name\":\"Kako kupiti loto tikete onlajn \u2013 process kupovine\",\"item\":\"https:\/\/redfoxlotto.com\/sr\/lutrija\/\"},{\"@type\":\"ListItem\",\"position\":3,\"name\":\"O skupu za \u017eivotnu lutriju u Velikoj Britaniji\"}]},{\"@type\":\"WebSite\",\"@id\":\"https:\/\/redfoxlotto.com\/sr\/#website\",\"url\":\"https:\/\/redfoxlotto.com\/sr\/\",\"name\":\"Get Tickets for the World\u2019s largest jackpots\",\"description\":\"Participate in worldwide lottery jackpots from any country\",\"publisher\":{\"@id\":\"https:\/\/redfoxlotto.com\/sr\/#organization\"},\"potentialAction\":[{\"@type\":\"SearchAction\",\"target\":{\"@type\":\"EntryPoint\",\"urlTemplate\":\"https:\/\/redfoxlotto.com\/sr\/?s={search_term_string}\"},\"query-input\":{\"@type\":\"PropertyValueSpecification\",\"valueRequired\":true,\"valueName\":\"search_term_string\"}}],\"inLanguage\":\"sr-RS\"},{\"@type\":\"Organization\",\"@id\":\"https:\/\/redfoxlotto.com\/sr\/#organization\",\"name\":\"Get Tickets for the World\u2019s largest jackpots\",\"url\":\"https:\/\/redfoxlotto.com\/sr\/\",\"logo\":{\"@type\":\"ImageObject\",\"inLanguage\":\"sr-RS\",\"@id\":\"https:\/\/redfoxlotto.com\/sr\/#\/schema\/logo\/image\/\",\"url\":\"https:\/\/redfoxlotto.com\/wp-content\/uploads\/2023\/04\/logo.png\",\"contentUrl\":\"https:\/\/redfoxlotto.com\/wp-content\/uploads\/2023\/04\/logo.png\",\"width\":269,\"height\":53,\"caption\":\"Get Tickets for the World\u2019s largest jackpots\"},\"image\":{\"@id\":\"https:\/\/redfoxlotto.com\/sr\/#\/schema\/logo\/image\/\"}}]}<\/script>\n<!-- \/ Yoast SEO plugin. -->","yoast_head_json":{"title":"Nabavite kartu na mre\u017ei za Loto set za \u017eivot","description":"Postavite za \u017eivotnu loto - osvojite kartu pomoc\u0301u koje mo\u017eete kupiti na mre\u017ei","robots":{"index":"index","follow":"follow","max-snippet":"max-snippet:-1","max-image-preview":"max-image-preview:large","max-video-preview":"max-video-preview:-1"},"canonical":"https:\/\/redfoxlotto.com\/sr\/lutrija\/set-for-life-uk\/","og_locale":"sr_RS","og_type":"article","og_title":"Nabavite kartu na mre\u017ei za Loto set za \u017eivot","og_description":"Postavite za \u017eivotnu loto - osvojite kartu pomoc\u0301u koje mo\u017eete kupiti na mre\u017ei","og_url":"https:\/\/redfoxlotto.com\/sr\/lutrija\/set-for-life-uk\/","og_site_name":"Get Tickets for the World\u2019s largest jackpots","article_modified_time":"2023-05-24T17:48:34+00:00","og_image":[{"url":"https:\/\/content.redfoxlotto.com\/uploads\/sites\/9\/1_online_tickets_for_lottery.jpg"}],"twitter_card":"summary_large_image","twitter_misc":{"\u041f\u0440\u043e\u0446\u0435\u045a\u0435\u043d\u043e \u0432\u0440\u0435\u043c\u0435 \u0447\u0438\u0442\u0430\u045a\u0430":"1 \u043c\u0438\u043d\u0443\u0442"},"schema":{"@context":"https:\/\/schema.org","@graph":[{"@type":"WebPage","@id":"https:\/\/redfoxlotto.com\/sr\/lutrija\/set-for-life-uk\/","url":"https:\/\/redfoxlotto.com\/sr\/lutrija\/set-for-life-uk\/","name":"Nabavite kartu na mre\u017ei za Loto set za \u017eivot","isPartOf":{"@id":"https:\/\/redfoxlotto.com\/sr\/#website"},"primaryImageOfPage":{"@id":"https:\/\/redfoxlotto.com\/sr\/lutrija\/set-for-life-uk\/#primaryimage"},"image":{"@id":"https:\/\/redfoxlotto.com\/sr\/lutrija\/set-for-life-uk\/#primaryimage"},"thumbnailUrl":"https:\/\/content.redfoxlotto.com\/uploads\/sites\/9\/1_online_tickets_for_lottery.jpg","datePublished":"2020-08-18T10:30:08+00:00","dateModified":"2023-05-24T17:48:34+00:00","description":"Postavite za \u017eivotnu loto - osvojite kartu pomoc\u0301u koje mo\u017eete kupiti na mre\u017ei","breadcrumb":{"@id":"https:\/\/redfoxlotto.com\/sr\/lutrija\/set-for-life-uk\/#breadcrumb"},"inLanguage":"sr-RS","potentialAction":[{"@type":"ReadAction","target":["https:\/\/redfoxlotto.com\/sr\/lutrija\/set-for-life-uk\/"]}]},{"@type":"ImageObject","inLanguage":"sr-RS","@id":"https:\/\/redfoxlotto.com\/sr\/lutrija\/set-for-life-uk\/#primaryimage","url":"https:\/\/content.redfoxlotto.com\/uploads\/sites\/9\/1_online_tickets_for_lottery.jpg","contentUrl":"https:\/\/content.redfoxlotto.com\/uploads\/sites\/9\/1_online_tickets_for_lottery.jpg"},{"@type":"BreadcrumbList","@id":"https:\/\/redfoxlotto.com\/sr\/lutrija\/set-for-life-uk\/#breadcrumb","itemListElement":[{"@type":"ListItem","position":1,"name":"Home","item":"https:\/\/redfoxlotto.com\/sr\/"},{"@type":"ListItem","position":2,"name":"Kako kupiti loto tikete onlajn \u2013 process kupovine","item":"https:\/\/redfoxlotto.com\/sr\/lutrija\/"},{"@type":"ListItem","position":3,"name":"O skupu za \u017eivotnu lutriju u Velikoj Britaniji"}]},{"@type":"WebSite","@id":"https:\/\/redfoxlotto.com\/sr\/#website","url":"https:\/\/redfoxlotto.com\/sr\/","name":"Get Tickets for the World\u2019s largest jackpots","description":"Participate in worldwide lottery jackpots from any country","publisher":{"@id":"https:\/\/redfoxlotto.com\/sr\/#organization"},"potentialAction":[{"@type":"SearchAction","target":{"@type":"EntryPoint","urlTemplate":"https:\/\/redfoxlotto.com\/sr\/?s={search_term_string}"},"query-input":{"@type":"PropertyValueSpecification","valueRequired":true,"valueName":"search_term_string"}}],"inLanguage":"sr-RS"},{"@type":"Organization","@id":"https:\/\/redfoxlotto.com\/sr\/#organization","name":"Get Tickets for the World\u2019s largest jackpots","url":"https:\/\/redfoxlotto.com\/sr\/","logo":{"@type":"ImageObject","inLanguage":"sr-RS","@id":"https:\/\/redfoxlotto.com\/sr\/#\/schema\/logo\/image\/","url":"https:\/\/redfoxlotto.com\/wp-content\/uploads\/2023\/04\/logo.png","contentUrl":"https:\/\/redfoxlotto.com\/wp-content\/uploads\/2023\/04\/logo.png","width":269,"height":53,"caption":"Get Tickets for the World\u2019s largest jackpots"},"image":{"@id":"https:\/\/redfoxlotto.com\/sr\/#\/schema\/logo\/image\/"}}]}},"_links":{"self":[{"href":"https:\/\/redfoxlotto.com\/sr\/wp-json\/wp\/v2\/pages\/14512","targetHints":{"allow":["GET"]}}],"collection":[{"href":"https:\/\/redfoxlotto.com\/sr\/wp-json\/wp\/v2\/pages"}],"about":[{"href":"https:\/\/redfoxlotto.com\/sr\/wp-json\/wp\/v2\/types\/page"}],"author":[{"embeddable":true,"href":"https:\/\/redfoxlotto.com\/sr\/wp-json\/wp\/v2\/users\/1"}],"replies":[{"embeddable":true,"href":"https:\/\/redfoxlotto.com\/sr\/wp-json\/wp\/v2\/comments?post=14512"}],"version-history":[{"count":0,"href":"https:\/\/redfoxlotto.com\/sr\/wp-json\/wp\/v2\/pages\/14512\/revisions"}],"up":[{"embeddable":true,"href":"https:\/\/redfoxlotto.com\/sr\/wp-json\/wp\/v2\/pages\/7302"}],"wp:attachment":[{"href":"https:\/\/redfoxlotto.com\/sr\/wp-json\/wp\/v2\/media?parent=14512"}],"curies":[{"name":"wp","href":"https:\/\/api.w.org\/{rel}","templated":true}]}}