{"id":14480,"date":"2020-08-18T09:19:26","date_gmt":"2020-08-18T09:19:26","guid":{"rendered":"https:\/\/redfoxlotto.com\/?page_id=14480"},"modified":"2023-05-10T17:34:13","modified_gmt":"2023-05-10T17:34:13","slug":"lotto-6aus49","status":"publish","type":"page","link":"https:\/\/redfoxlotto.com\/sr\/lutrija\/lotto-6aus49\/","title":{"rendered":"O nema\u010dkom Lotto 6 aus 49"},"content":{"rendered":"<h2 class=\"wp-block-heading\">Kupite karte za njema\u010dki Lotto 6aus49 Online<\/h2><p><img decoding=\"async\" class=\"size-full wp-image alignright\" src=\"https:\/\/content.redfoxlotto.com\/uploads\/sites\/9\/1_buy_lottery_online.jpg\" alt=\"german lotto tickets  \"><\/p><p>Nakon \u0161to odlu\u010dite da \u017eelite igrati njema\u010dki Lotto, vrijeme je da zapravo kupite karte. Ali kako samo kupiti karte za nema\u010dki lotto 6aus49 na mre\u017ei? Zapravo je lak\u0161e nego \u0161to mo\u017eda mislite. Sve \u0161to trebate u\u010diniti je da posjetite RedFokLotto.com da biste zapo\u010deli.<\/p><!--more--><h2 class=\"wp-block-heading\">Biranje brojeva<\/h2><p>Jednom kada budete spremni za igru, odaberite 6 brojeva izme\u0111u 1 i 49 i 1 izme\u0111u 0 i 9. To je sve \u0161to je potrebno. Zatim, ako uskladite barem 3 broja, ne\u0161to c\u0301ete osvojiti kroz igru. Uklju\u010dite jo\u0161 vi\u0161e i pobijedit c\u0301ete jo\u0161 vi\u0161e.<\/p><h2 class=\"wp-block-heading\">Kupovina va\u0161ih ulaznica<\/h2><p><img loading=\"lazy\" decoding=\"async\" class=\" wp-image alignright\" src=\"https:\/\/content.redfoxlotto.com\/uploads\/sites\/9\/1_lottery_draw_balls.jpg\" alt=\" win lottery online \" width=\"234\" height=\"234\" \/><\/p><p>Sada vec\u0301 znate kako da izaberete svoje brojeve, ali kako c\u0301ete kupiti karte? To je jednostavno. Prijavite se na RedFokLotto.com i izaberite brojeve koje \u017eelite za igru koju \u017eelite. To bi mogla biti ova ili bilo koja druga igra. Zatim odaberite za koliko crte\u017ea \u017eelite da vam karte budu dobre i unesite \u017eeljeni na\u010din plac\u0301anja.<\/p><p>Nakon \u0161to unesete svoje podatke o plac\u0301anju i finalizirate kupovinu, sve \u0161to trebate je sa\u010dekati da saznate da li ste ne\u0161to osvojili.<\/p><h2 class=\"wp-block-heading\">Da li ste pobedili<\/h2><p>Ako kupujete karte za nema\u010dki Lotto 6aus49 na mre\u017ei, tako\u0111e \u017eelite da saznate da li ste pobedili na mre\u017ei, i to je lak\u0161e nego \u0161to mo\u017eda mislite. Sve \u0161to treba da uradite je da se prijavite na svoj nalog i proverite deo karata da biste videli pobedni\u010dke brojeve i kako se va\u0161i brojevi upore\u0111uju.<\/p>","protected":false},"excerpt":{"rendered":"<p>Kupite karte za njema\u010dki Lotto 6aus49 Online Nakon \u0161to odlu\u010dite da \u017eelite igrati njema\u010dki Lotto, vrijeme je da zapravo kupite karte. Ali kako samo kupiti karte za nema\u010dki lotto 6aus49 na mre\u017ei? Zapravo je lak\u0161e nego \u0161to mo\u017eda mislite. Sve \u0161to trebate u\u010diniti je da posjetite RedFokLotto.com da biste zapo\u010deli.<\/p>\n","protected":false},"author":1,"featured_media":0,"parent":7302,"menu_order":15,"comment_status":"closed","ping_status":"closed","template":"lotto-german-info.php","meta":{"_et_pb_use_builder":"","_et_pb_old_content":"","_et_gb_content_width":"","exclude_from_search":false,"footnotes":""},"class_list":["post-14480","page","type-page","status-publish","hentry"],"yoast_head":"<!-- This site is optimized with the Yoast SEO plugin v23.8 - https:\/\/yoast.com\/wordpress\/plugins\/seo\/ -->\n<title>Nabavite karte za nema\u010dki Lotto na mre\u017ei<\/title>\n<meta name=\"description\" content=\"Fanovi Lotto-a izvan Njema\u010dke sada mogu nabaviti ulaznice za \u201e6 aus 49\u201c na mre\u017ei\" \/>\n<meta name=\"robots\" content=\"index, follow, max-snippet:-1, max-image-preview:large, max-video-preview:-1\" \/>\n<link rel=\"canonical\" href=\"https:\/\/redfoxlotto.com\/sr\/lutrija\/lotto-6aus49\/\" \/>\n<meta property=\"og:locale\" content=\"sr_RS\" \/>\n<meta property=\"og:type\" content=\"article\" \/>\n<meta property=\"og:title\" content=\"Nabavite karte za nema\u010dki Lotto na mre\u017ei\" \/>\n<meta property=\"og:description\" content=\"Fanovi Lotto-a izvan Njema\u010dke sada mogu nabaviti ulaznice za \u201e6 aus 49\u201c na mre\u017ei\" \/>\n<meta property=\"og:url\" content=\"https:\/\/redfoxlotto.com\/sr\/lutrija\/lotto-6aus49\/\" \/>\n<meta property=\"og:site_name\" content=\"Get Tickets for the World\u2019s largest jackpots\" \/>\n<meta property=\"article:modified_time\" content=\"2023-05-10T17:34:13+00:00\" \/>\n<meta property=\"og:image\" content=\"https:\/\/content.redfoxlotto.com\/uploads\/sites\/9\/1_buy_lottery_online.jpg\" \/>\n<meta name=\"twitter:card\" content=\"summary_large_image\" \/>\n<meta name=\"twitter:label1\" content=\"\u041f\u0440\u043e\u0446\u0435\u045a\u0435\u043d\u043e \u0432\u0440\u0435\u043c\u0435 \u0447\u0438\u0442\u0430\u045a\u0430\" \/>\n\t<meta name=\"twitter:data1\" content=\"2 \u043c\u0438\u043d\u0443\u0442\u0430\" \/>\n<script type=\"application\/ld+json\" class=\"yoast-schema-graph\">{\"@context\":\"https:\/\/schema.org\",\"@graph\":[{\"@type\":\"WebPage\",\"@id\":\"https:\/\/redfoxlotto.com\/sr\/lutrija\/lotto-6aus49\/\",\"url\":\"https:\/\/redfoxlotto.com\/sr\/lutrija\/lotto-6aus49\/\",\"name\":\"Nabavite karte za nema\u010dki Lotto na mre\u017ei\",\"isPartOf\":{\"@id\":\"https:\/\/redfoxlotto.com\/sr\/#website\"},\"primaryImageOfPage\":{\"@id\":\"https:\/\/redfoxlotto.com\/sr\/lutrija\/lotto-6aus49\/#primaryimage\"},\"image\":{\"@id\":\"https:\/\/redfoxlotto.com\/sr\/lutrija\/lotto-6aus49\/#primaryimage\"},\"thumbnailUrl\":\"https:\/\/content.redfoxlotto.com\/uploads\/sites\/9\/1_buy_lottery_online.jpg\",\"datePublished\":\"2020-08-18T09:19:26+00:00\",\"dateModified\":\"2023-05-10T17:34:13+00:00\",\"description\":\"Fanovi Lotto-a izvan Njema\u010dke sada mogu nabaviti ulaznice za \u201e6 aus 49\u201c na mre\u017ei\",\"breadcrumb\":{\"@id\":\"https:\/\/redfoxlotto.com\/sr\/lutrija\/lotto-6aus49\/#breadcrumb\"},\"inLanguage\":\"sr-RS\",\"potentialAction\":[{\"@type\":\"ReadAction\",\"target\":[\"https:\/\/redfoxlotto.com\/sr\/lutrija\/lotto-6aus49\/\"]}]},{\"@type\":\"ImageObject\",\"inLanguage\":\"sr-RS\",\"@id\":\"https:\/\/redfoxlotto.com\/sr\/lutrija\/lotto-6aus49\/#primaryimage\",\"url\":\"https:\/\/content.redfoxlotto.com\/uploads\/sites\/9\/1_buy_lottery_online.jpg\",\"contentUrl\":\"https:\/\/content.redfoxlotto.com\/uploads\/sites\/9\/1_buy_lottery_online.jpg\"},{\"@type\":\"BreadcrumbList\",\"@id\":\"https:\/\/redfoxlotto.com\/sr\/lutrija\/lotto-6aus49\/#breadcrumb\",\"itemListElement\":[{\"@type\":\"ListItem\",\"position\":1,\"name\":\"Home\",\"item\":\"https:\/\/redfoxlotto.com\/sr\/\"},{\"@type\":\"ListItem\",\"position\":2,\"name\":\"Kako kupiti loto tikete onlajn \u2013 process kupovine\",\"item\":\"https:\/\/redfoxlotto.com\/sr\/lutrija\/\"},{\"@type\":\"ListItem\",\"position\":3,\"name\":\"O nema\u010dkom Lotto 6 aus 49\"}]},{\"@type\":\"WebSite\",\"@id\":\"https:\/\/redfoxlotto.com\/sr\/#website\",\"url\":\"https:\/\/redfoxlotto.com\/sr\/\",\"name\":\"Get Tickets for the World\u2019s largest jackpots\",\"description\":\"Participate in worldwide lottery jackpots from any country\",\"publisher\":{\"@id\":\"https:\/\/redfoxlotto.com\/sr\/#organization\"},\"potentialAction\":[{\"@type\":\"SearchAction\",\"target\":{\"@type\":\"EntryPoint\",\"urlTemplate\":\"https:\/\/redfoxlotto.com\/sr\/?s={search_term_string}\"},\"query-input\":{\"@type\":\"PropertyValueSpecification\",\"valueRequired\":true,\"valueName\":\"search_term_string\"}}],\"inLanguage\":\"sr-RS\"},{\"@type\":\"Organization\",\"@id\":\"https:\/\/redfoxlotto.com\/sr\/#organization\",\"name\":\"Get Tickets for the World\u2019s largest jackpots\",\"url\":\"https:\/\/redfoxlotto.com\/sr\/\",\"logo\":{\"@type\":\"ImageObject\",\"inLanguage\":\"sr-RS\",\"@id\":\"https:\/\/redfoxlotto.com\/sr\/#\/schema\/logo\/image\/\",\"url\":\"https:\/\/redfoxlotto.com\/wp-content\/uploads\/2023\/04\/logo.png\",\"contentUrl\":\"https:\/\/redfoxlotto.com\/wp-content\/uploads\/2023\/04\/logo.png\",\"width\":269,\"height\":53,\"caption\":\"Get Tickets for the World\u2019s largest jackpots\"},\"image\":{\"@id\":\"https:\/\/redfoxlotto.com\/sr\/#\/schema\/logo\/image\/\"}}]}<\/script>\n<!-- \/ Yoast SEO plugin. -->","yoast_head_json":{"title":"Nabavite karte za nema\u010dki Lotto na mre\u017ei","description":"Fanovi Lotto-a izvan Njema\u010dke sada mogu nabaviti ulaznice za \u201e6 aus 49\u201c na mre\u017ei","robots":{"index":"index","follow":"follow","max-snippet":"max-snippet:-1","max-image-preview":"max-image-preview:large","max-video-preview":"max-video-preview:-1"},"canonical":"https:\/\/redfoxlotto.com\/sr\/lutrija\/lotto-6aus49\/","og_locale":"sr_RS","og_type":"article","og_title":"Nabavite karte za nema\u010dki Lotto na mre\u017ei","og_description":"Fanovi Lotto-a izvan Njema\u010dke sada mogu nabaviti ulaznice za \u201e6 aus 49\u201c na mre\u017ei","og_url":"https:\/\/redfoxlotto.com\/sr\/lutrija\/lotto-6aus49\/","og_site_name":"Get Tickets for the World\u2019s largest jackpots","article_modified_time":"2023-05-10T17:34:13+00:00","og_image":[{"url":"https:\/\/content.redfoxlotto.com\/uploads\/sites\/9\/1_buy_lottery_online.jpg"}],"twitter_card":"summary_large_image","twitter_misc":{"\u041f\u0440\u043e\u0446\u0435\u045a\u0435\u043d\u043e \u0432\u0440\u0435\u043c\u0435 \u0447\u0438\u0442\u0430\u045a\u0430":"2 \u043c\u0438\u043d\u0443\u0442\u0430"},"schema":{"@context":"https:\/\/schema.org","@graph":[{"@type":"WebPage","@id":"https:\/\/redfoxlotto.com\/sr\/lutrija\/lotto-6aus49\/","url":"https:\/\/redfoxlotto.com\/sr\/lutrija\/lotto-6aus49\/","name":"Nabavite karte za nema\u010dki Lotto na mre\u017ei","isPartOf":{"@id":"https:\/\/redfoxlotto.com\/sr\/#website"},"primaryImageOfPage":{"@id":"https:\/\/redfoxlotto.com\/sr\/lutrija\/lotto-6aus49\/#primaryimage"},"image":{"@id":"https:\/\/redfoxlotto.com\/sr\/lutrija\/lotto-6aus49\/#primaryimage"},"thumbnailUrl":"https:\/\/content.redfoxlotto.com\/uploads\/sites\/9\/1_buy_lottery_online.jpg","datePublished":"2020-08-18T09:19:26+00:00","dateModified":"2023-05-10T17:34:13+00:00","description":"Fanovi Lotto-a izvan Njema\u010dke sada mogu nabaviti ulaznice za \u201e6 aus 49\u201c na mre\u017ei","breadcrumb":{"@id":"https:\/\/redfoxlotto.com\/sr\/lutrija\/lotto-6aus49\/#breadcrumb"},"inLanguage":"sr-RS","potentialAction":[{"@type":"ReadAction","target":["https:\/\/redfoxlotto.com\/sr\/lutrija\/lotto-6aus49\/"]}]},{"@type":"ImageObject","inLanguage":"sr-RS","@id":"https:\/\/redfoxlotto.com\/sr\/lutrija\/lotto-6aus49\/#primaryimage","url":"https:\/\/content.redfoxlotto.com\/uploads\/sites\/9\/1_buy_lottery_online.jpg","contentUrl":"https:\/\/content.redfoxlotto.com\/uploads\/sites\/9\/1_buy_lottery_online.jpg"},{"@type":"BreadcrumbList","@id":"https:\/\/redfoxlotto.com\/sr\/lutrija\/lotto-6aus49\/#breadcrumb","itemListElement":[{"@type":"ListItem","position":1,"name":"Home","item":"https:\/\/redfoxlotto.com\/sr\/"},{"@type":"ListItem","position":2,"name":"Kako kupiti loto tikete onlajn \u2013 process kupovine","item":"https:\/\/redfoxlotto.com\/sr\/lutrija\/"},{"@type":"ListItem","position":3,"name":"O nema\u010dkom Lotto 6 aus 49"}]},{"@type":"WebSite","@id":"https:\/\/redfoxlotto.com\/sr\/#website","url":"https:\/\/redfoxlotto.com\/sr\/","name":"Get Tickets for the World\u2019s largest jackpots","description":"Participate in worldwide lottery jackpots from any country","publisher":{"@id":"https:\/\/redfoxlotto.com\/sr\/#organization"},"potentialAction":[{"@type":"SearchAction","target":{"@type":"EntryPoint","urlTemplate":"https:\/\/redfoxlotto.com\/sr\/?s={search_term_string}"},"query-input":{"@type":"PropertyValueSpecification","valueRequired":true,"valueName":"search_term_string"}}],"inLanguage":"sr-RS"},{"@type":"Organization","@id":"https:\/\/redfoxlotto.com\/sr\/#organization","name":"Get Tickets for the World\u2019s largest jackpots","url":"https:\/\/redfoxlotto.com\/sr\/","logo":{"@type":"ImageObject","inLanguage":"sr-RS","@id":"https:\/\/redfoxlotto.com\/sr\/#\/schema\/logo\/image\/","url":"https:\/\/redfoxlotto.com\/wp-content\/uploads\/2023\/04\/logo.png","contentUrl":"https:\/\/redfoxlotto.com\/wp-content\/uploads\/2023\/04\/logo.png","width":269,"height":53,"caption":"Get Tickets for the World\u2019s largest jackpots"},"image":{"@id":"https:\/\/redfoxlotto.com\/sr\/#\/schema\/logo\/image\/"}}]}},"_links":{"self":[{"href":"https:\/\/redfoxlotto.com\/sr\/wp-json\/wp\/v2\/pages\/14480","targetHints":{"allow":["GET"]}}],"collection":[{"href":"https:\/\/redfoxlotto.com\/sr\/wp-json\/wp\/v2\/pages"}],"about":[{"href":"https:\/\/redfoxlotto.com\/sr\/wp-json\/wp\/v2\/types\/page"}],"author":[{"embeddable":true,"href":"https:\/\/redfoxlotto.com\/sr\/wp-json\/wp\/v2\/users\/1"}],"replies":[{"embeddable":true,"href":"https:\/\/redfoxlotto.com\/sr\/wp-json\/wp\/v2\/comments?post=14480"}],"version-history":[{"count":0,"href":"https:\/\/redfoxlotto.com\/sr\/wp-json\/wp\/v2\/pages\/14480\/revisions"}],"up":[{"embeddable":true,"href":"https:\/\/redfoxlotto.com\/sr\/wp-json\/wp\/v2\/pages\/7302"}],"wp:attachment":[{"href":"https:\/\/redfoxlotto.com\/sr\/wp-json\/wp\/v2\/media?parent=14480"}],"curies":[{"name":"wp","href":"https:\/\/api.w.org\/{rel}","templated":true}]}}