{"id":14399,"date":"2020-08-18T09:10:34","date_gmt":"2020-08-18T09:10:34","guid":{"rendered":"https:\/\/redfoxlotto.com\/?page_id=14399"},"modified":"2020-08-22T07:39:39","modified_gmt":"2020-08-22T06:39:39","slug":"lotto-america","status":"publish","type":"page","link":"https:\/\/redfoxlotto.com\/sr\/lutrija\/lotto-america\/","title":{"rendered":"O Lotto America"},"content":{"rendered":"<h2 class=\"wp-block-heading\">Kupite karte za Lotto America na mre\u017ei<\/h2><p><img loading=\"lazy\" decoding=\"async\" class=\" wp-image alignright\" src=\"https:\/\/content.redfoxlotto.com\/uploads\/sites\/9\/1_ticket_online_buying.jpg\" alt=\" lotto america ticket online\" width=\"228\" height=\"154\" \/><\/p><p>Kada je u pitanju kupovina lutrijskih karata na mre\u017ei, \u017eelite da budete sigurni da c\u0301ete uc\u0301i u najbolje igre. Ali da li ste \u010duli za sve razli\u010dite igre koje su vani? Verovatno ne. Pogotovo jer postoje igre u drugim zemljama kao \u0161to je Lotto America u koje biste mogli igrati online.<\/p><!--more--><h2 class=\"wp-block-heading\">\u0160ta je Loto Amerika?<\/h2><p>Lotto America je igra sa vi\u0161e dr\u017eava koja se igra u Sjedinjenim Dr\u017eavama. Ta\u010dnije, igra se u 13 dr\u017eava \u0161irom zemlje. Ali ne morate \u017eiveti u jednoj od tih dr\u017eava da biste igrali. Zapravo mo\u017eete igrati sa bilo kojeg mjesta na svijetu.<\/p><p><img loading=\"lazy\" decoding=\"async\" class=\" wp-image alignright\" src=\"https:\/\/content.redfoxlotto.com\/uploads\/sites\/9\/1_usa_lottery_win.jpg\" alt=\"lotto america  \" width=\"254\" height=\"168\" \/><\/p><h2 class=\"wp-block-heading\">Kupovanje karata<\/h2><p>Ako ste zainteresovani da igrate Lotto America, samo trebate znati gde nabaviti karte. Mo\u017eemo vam pomoc\u0301i da nabavite karte za ovu igru ili bilo koju drugu lutrijsku igru koju mo\u017eda \u017eelite da igrate \u0161irom sveta. Sve \u0161to je potrebno je nekoliko koraka da biste zapo\u010deli. Prvo je da treba da otvorite nalog sa RedFokLotto. To je lako u\u010diniti i treba vam samo nekoliko sekundi da se potpuno postavite i budete spremni za rad. Odatle c\u0301ete moc\u0301i da pregledate sve razli\u010dite lutrijske igre koje su dostupne. Mo\u017eda \u017eelite Lotto America ili ne\u0161to drugo (ili nekoliko razli\u010ditih igara). Nakon \u0161to se odlu\u010dite za igru, vrijeme je da po\u010dnete birati svoje brojeve. Ovde c\u0301ete imati puno razli\u010ditih opcija i tu c\u0301e se zaista zapo\u010deti zabavni deo.<\/p><h2 class=\"wp-block-heading\">Odabir va\u0161ih brojeva<\/h2><p>Postoji pet standardnih brojeva i jedan bonus broj kod Lotto America. Morate izabrati koje \u017eelite da biste dobili kombinaciju za koju mislite da ima srec\u0301e ili vam ne\u0161to zna\u010di. Ali \u0161ta ako ne znate brojeve koje \u017eelite? Ili \u0161ta ako imate samo nekoliko posebnih brojeva koje \u017eelite da igrate? Ni to nije problem jer mo\u017eete odabrati koje brojeve \u017eelite i popuniti nasumi\u010dnim brojevima. Ili mo\u017eete koristiti generator brojeva da biste odabrali sve svoje brojeve.<\/p><h2 class=\"wp-block-heading\">Sa\u010dekajte rezultate<\/h2><p>Jednom kada odaberete svoje brojeve, mo\u017eete odabrati koliko ulaznica \u017eelite i za koje igre. Zatim mo\u017eete platiti ulaznice i samo sa\u010dekati sledec\u0301e \u017erebanje. Jednom kada stignu rezultati za igru, moc\u0301i c\u0301ete odmah da vidite pobedni\u010dke brojeve i koliko va\u0161ih sopstvenih brojeva odgovaraju rezultatu izvla\u010denja.<\/p>","protected":false},"excerpt":{"rendered":"<p>Kupite karte za Lotto America na mre\u017ei Kada je u pitanju kupovina lutrijskih karata na mre\u017ei, \u017eelite da budete sigurni da c\u0301ete uc\u0301i u najbolje igre. Ali da li ste \u010duli za sve razli\u010dite igre koje su vani? Verovatno ne. Pogotovo jer postoje igre u drugim zemljama kao \u0161to je Lotto America u koje biste [&hellip;]<\/p>\n","protected":false},"author":1,"featured_media":0,"parent":7302,"menu_order":12,"comment_status":"closed","ping_status":"closed","template":"lotto-america-info.php","meta":{"_et_pb_use_builder":"","_et_pb_old_content":"","_et_gb_content_width":"","exclude_from_search":false,"footnotes":""},"class_list":["post-14399","page","type-page","status-publish","hentry"],"yoast_head":"<!-- This site is optimized with the Yoast SEO plugin v27.4 - https:\/\/yoast.com\/product\/yoast-seo-wordpress\/ -->\n<title>Kupite karte Lotto America na mre\u017ei<\/title>\n<meta name=\"description\" content=\"Ako \u017eelite da pobedite na Lotto Americi, kupite kartu odmah na mre\u017ei!\" \/>\n<meta name=\"robots\" content=\"index, follow, max-snippet:-1, max-image-preview:large, max-video-preview:-1\" \/>\n<link rel=\"canonical\" href=\"https:\/\/redfoxlotto.com\/sr\/lutrija\/lotto-america\/\" \/>\n<meta property=\"og:locale\" content=\"sr_RS\" \/>\n<meta property=\"og:type\" content=\"article\" \/>\n<meta property=\"og:title\" content=\"Kupite karte Lotto America na mre\u017ei\" \/>\n<meta property=\"og:description\" content=\"Ako \u017eelite da pobedite na Lotto Americi, kupite kartu odmah na mre\u017ei!\" \/>\n<meta property=\"og:url\" content=\"https:\/\/redfoxlotto.com\/sr\/lutrija\/lotto-america\/\" \/>\n<meta property=\"og:site_name\" content=\"Get Tickets for the World\u2019s largest jackpots\" \/>\n<meta property=\"article:modified_time\" content=\"2020-08-22T06:39:39+00:00\" \/>\n<meta property=\"og:image\" content=\"https:\/\/content.redfoxlotto.com\/uploads\/sites\/9\/1_ticket_online_buying.jpg\" \/>\n<meta name=\"twitter:card\" content=\"summary_large_image\" \/>\n<meta name=\"twitter:label1\" content=\"\u041f\u0440\u043e\u0446\u0435\u045a\u0435\u043d\u043e \u0432\u0440\u0435\u043c\u0435 \u0447\u0438\u0442\u0430\u045a\u0430\" \/>\n\t<meta name=\"twitter:data1\" content=\"2 \u043c\u0438\u043d\u0443\u0442\u0430\" \/>\n<script type=\"application\/ld+json\" class=\"yoast-schema-graph\">{\"@context\":\"https:\\\/\\\/schema.org\",\"@graph\":[{\"@type\":\"WebPage\",\"@id\":\"https:\\\/\\\/redfoxlotto.com\\\/sr\\\/lutrija\\\/lotto-america\\\/\",\"url\":\"https:\\\/\\\/redfoxlotto.com\\\/sr\\\/lutrija\\\/lotto-america\\\/\",\"name\":\"Kupite karte Lotto America na mre\u017ei\",\"isPartOf\":{\"@id\":\"https:\\\/\\\/redfoxlotto.com\\\/sr\\\/#website\"},\"primaryImageOfPage\":{\"@id\":\"https:\\\/\\\/redfoxlotto.com\\\/sr\\\/lutrija\\\/lotto-america\\\/#primaryimage\"},\"image\":{\"@id\":\"https:\\\/\\\/redfoxlotto.com\\\/sr\\\/lutrija\\\/lotto-america\\\/#primaryimage\"},\"thumbnailUrl\":\"https:\\\/\\\/content.redfoxlotto.com\\\/uploads\\\/sites\\\/9\\\/1_ticket_online_buying.jpg\",\"datePublished\":\"2020-08-18T09:10:34+00:00\",\"dateModified\":\"2020-08-22T06:39:39+00:00\",\"description\":\"Ako \u017eelite da pobedite na Lotto Americi, kupite kartu odmah na mre\u017ei!\",\"breadcrumb\":{\"@id\":\"https:\\\/\\\/redfoxlotto.com\\\/sr\\\/lutrija\\\/lotto-america\\\/#breadcrumb\"},\"inLanguage\":\"sr-RS\",\"potentialAction\":[{\"@type\":\"ReadAction\",\"target\":[\"https:\\\/\\\/redfoxlotto.com\\\/sr\\\/lutrija\\\/lotto-america\\\/\"]}]},{\"@type\":\"ImageObject\",\"inLanguage\":\"sr-RS\",\"@id\":\"https:\\\/\\\/redfoxlotto.com\\\/sr\\\/lutrija\\\/lotto-america\\\/#primaryimage\",\"url\":\"https:\\\/\\\/content.redfoxlotto.com\\\/uploads\\\/sites\\\/9\\\/1_ticket_online_buying.jpg\",\"contentUrl\":\"https:\\\/\\\/content.redfoxlotto.com\\\/uploads\\\/sites\\\/9\\\/1_ticket_online_buying.jpg\"},{\"@type\":\"BreadcrumbList\",\"@id\":\"https:\\\/\\\/redfoxlotto.com\\\/sr\\\/lutrija\\\/lotto-america\\\/#breadcrumb\",\"itemListElement\":[{\"@type\":\"ListItem\",\"position\":1,\"name\":\"Home\",\"item\":\"https:\\\/\\\/redfoxlotto.com\\\/sr\\\/\"},{\"@type\":\"ListItem\",\"position\":2,\"name\":\"Kako kupiti loto tikete onlajn \u2013 process kupovine\",\"item\":\"https:\\\/\\\/redfoxlotto.com\\\/sr\\\/lutrija\\\/\"},{\"@type\":\"ListItem\",\"position\":3,\"name\":\"O Lotto America\"}]},{\"@type\":\"WebSite\",\"@id\":\"https:\\\/\\\/redfoxlotto.com\\\/sr\\\/#website\",\"url\":\"https:\\\/\\\/redfoxlotto.com\\\/sr\\\/\",\"name\":\"Get Tickets for the World\u2019s largest jackpots\",\"description\":\"Participate in worldwide lottery jackpots from any country\",\"publisher\":{\"@id\":\"https:\\\/\\\/redfoxlotto.com\\\/sr\\\/#organization\"},\"potentialAction\":[{\"@type\":\"SearchAction\",\"target\":{\"@type\":\"EntryPoint\",\"urlTemplate\":\"https:\\\/\\\/redfoxlotto.com\\\/sr\\\/?s={search_term_string}\"},\"query-input\":{\"@type\":\"PropertyValueSpecification\",\"valueRequired\":true,\"valueName\":\"search_term_string\"}}],\"inLanguage\":\"sr-RS\"},{\"@type\":\"Organization\",\"@id\":\"https:\\\/\\\/redfoxlotto.com\\\/sr\\\/#organization\",\"name\":\"Get Tickets for the World\u2019s largest jackpots\",\"url\":\"https:\\\/\\\/redfoxlotto.com\\\/sr\\\/\",\"logo\":{\"@type\":\"ImageObject\",\"inLanguage\":\"sr-RS\",\"@id\":\"https:\\\/\\\/redfoxlotto.com\\\/sr\\\/#\\\/schema\\\/logo\\\/image\\\/\",\"url\":\"https:\\\/\\\/redfoxlotto.com\\\/wp-content\\\/uploads\\\/2023\\\/04\\\/logo.png\",\"contentUrl\":\"https:\\\/\\\/redfoxlotto.com\\\/wp-content\\\/uploads\\\/2023\\\/04\\\/logo.png\",\"width\":269,\"height\":53,\"caption\":\"Get Tickets for the World\u2019s largest jackpots\"},\"image\":{\"@id\":\"https:\\\/\\\/redfoxlotto.com\\\/sr\\\/#\\\/schema\\\/logo\\\/image\\\/\"}}]}<\/script>\n<!-- \/ Yoast SEO plugin. -->","yoast_head_json":{"title":"Kupite karte Lotto America na mre\u017ei","description":"Ako \u017eelite da pobedite na Lotto Americi, kupite kartu odmah na mre\u017ei!","robots":{"index":"index","follow":"follow","max-snippet":"max-snippet:-1","max-image-preview":"max-image-preview:large","max-video-preview":"max-video-preview:-1"},"canonical":"https:\/\/redfoxlotto.com\/sr\/lutrija\/lotto-america\/","og_locale":"sr_RS","og_type":"article","og_title":"Kupite karte Lotto America na mre\u017ei","og_description":"Ako \u017eelite da pobedite na Lotto Americi, kupite kartu odmah na mre\u017ei!","og_url":"https:\/\/redfoxlotto.com\/sr\/lutrija\/lotto-america\/","og_site_name":"Get Tickets for the World\u2019s largest jackpots","article_modified_time":"2020-08-22T06:39:39+00:00","og_image":[{"url":"https:\/\/content.redfoxlotto.com\/uploads\/sites\/9\/1_ticket_online_buying.jpg","type":"","width":"","height":""}],"twitter_card":"summary_large_image","twitter_misc":{"\u041f\u0440\u043e\u0446\u0435\u045a\u0435\u043d\u043e \u0432\u0440\u0435\u043c\u0435 \u0447\u0438\u0442\u0430\u045a\u0430":"2 \u043c\u0438\u043d\u0443\u0442\u0430"},"schema":{"@context":"https:\/\/schema.org","@graph":[{"@type":"WebPage","@id":"https:\/\/redfoxlotto.com\/sr\/lutrija\/lotto-america\/","url":"https:\/\/redfoxlotto.com\/sr\/lutrija\/lotto-america\/","name":"Kupite karte Lotto America na mre\u017ei","isPartOf":{"@id":"https:\/\/redfoxlotto.com\/sr\/#website"},"primaryImageOfPage":{"@id":"https:\/\/redfoxlotto.com\/sr\/lutrija\/lotto-america\/#primaryimage"},"image":{"@id":"https:\/\/redfoxlotto.com\/sr\/lutrija\/lotto-america\/#primaryimage"},"thumbnailUrl":"https:\/\/content.redfoxlotto.com\/uploads\/sites\/9\/1_ticket_online_buying.jpg","datePublished":"2020-08-18T09:10:34+00:00","dateModified":"2020-08-22T06:39:39+00:00","description":"Ako \u017eelite da pobedite na Lotto Americi, kupite kartu odmah na mre\u017ei!","breadcrumb":{"@id":"https:\/\/redfoxlotto.com\/sr\/lutrija\/lotto-america\/#breadcrumb"},"inLanguage":"sr-RS","potentialAction":[{"@type":"ReadAction","target":["https:\/\/redfoxlotto.com\/sr\/lutrija\/lotto-america\/"]}]},{"@type":"ImageObject","inLanguage":"sr-RS","@id":"https:\/\/redfoxlotto.com\/sr\/lutrija\/lotto-america\/#primaryimage","url":"https:\/\/content.redfoxlotto.com\/uploads\/sites\/9\/1_ticket_online_buying.jpg","contentUrl":"https:\/\/content.redfoxlotto.com\/uploads\/sites\/9\/1_ticket_online_buying.jpg"},{"@type":"BreadcrumbList","@id":"https:\/\/redfoxlotto.com\/sr\/lutrija\/lotto-america\/#breadcrumb","itemListElement":[{"@type":"ListItem","position":1,"name":"Home","item":"https:\/\/redfoxlotto.com\/sr\/"},{"@type":"ListItem","position":2,"name":"Kako kupiti loto tikete onlajn \u2013 process kupovine","item":"https:\/\/redfoxlotto.com\/sr\/lutrija\/"},{"@type":"ListItem","position":3,"name":"O Lotto America"}]},{"@type":"WebSite","@id":"https:\/\/redfoxlotto.com\/sr\/#website","url":"https:\/\/redfoxlotto.com\/sr\/","name":"Get Tickets for the World\u2019s largest jackpots","description":"Participate in worldwide lottery jackpots from any country","publisher":{"@id":"https:\/\/redfoxlotto.com\/sr\/#organization"},"potentialAction":[{"@type":"SearchAction","target":{"@type":"EntryPoint","urlTemplate":"https:\/\/redfoxlotto.com\/sr\/?s={search_term_string}"},"query-input":{"@type":"PropertyValueSpecification","valueRequired":true,"valueName":"search_term_string"}}],"inLanguage":"sr-RS"},{"@type":"Organization","@id":"https:\/\/redfoxlotto.com\/sr\/#organization","name":"Get Tickets for the World\u2019s largest jackpots","url":"https:\/\/redfoxlotto.com\/sr\/","logo":{"@type":"ImageObject","inLanguage":"sr-RS","@id":"https:\/\/redfoxlotto.com\/sr\/#\/schema\/logo\/image\/","url":"https:\/\/redfoxlotto.com\/wp-content\/uploads\/2023\/04\/logo.png","contentUrl":"https:\/\/redfoxlotto.com\/wp-content\/uploads\/2023\/04\/logo.png","width":269,"height":53,"caption":"Get Tickets for the World\u2019s largest jackpots"},"image":{"@id":"https:\/\/redfoxlotto.com\/sr\/#\/schema\/logo\/image\/"}}]}},"_links":{"self":[{"href":"https:\/\/redfoxlotto.com\/sr\/wp-json\/wp\/v2\/pages\/14399","targetHints":{"allow":["GET"]}}],"collection":[{"href":"https:\/\/redfoxlotto.com\/sr\/wp-json\/wp\/v2\/pages"}],"about":[{"href":"https:\/\/redfoxlotto.com\/sr\/wp-json\/wp\/v2\/types\/page"}],"author":[{"embeddable":true,"href":"https:\/\/redfoxlotto.com\/sr\/wp-json\/wp\/v2\/users\/1"}],"replies":[{"embeddable":true,"href":"https:\/\/redfoxlotto.com\/sr\/wp-json\/wp\/v2\/comments?post=14399"}],"version-history":[{"count":0,"href":"https:\/\/redfoxlotto.com\/sr\/wp-json\/wp\/v2\/pages\/14399\/revisions"}],"up":[{"embeddable":true,"href":"https:\/\/redfoxlotto.com\/sr\/wp-json\/wp\/v2\/pages\/7302"}],"wp:attachment":[{"href":"https:\/\/redfoxlotto.com\/sr\/wp-json\/wp\/v2\/media?parent=14399"}],"curies":[{"name":"wp","href":"https:\/\/api.w.org\/{rel}","templated":true}]}}