{"id":14124,"date":"2020-07-20T08:54:27","date_gmt":"2020-07-20T08:54:27","guid":{"rendered":"https:\/\/redfoxlotto.com\/?page_id=14124"},"modified":"2020-08-21T14:39:06","modified_gmt":"2020-08-21T13:39:06","slug":"mega-sena","status":"publish","type":"page","link":"https:\/\/redfoxlotto.com\/sr\/lutrija\/mega-sena\/","title":{"rendered":"O Mega Seni"},"content":{"rendered":"<h2 class=\"wp-block-heading\">Kupite karte za Mega Sena Brazil na mre\u017ei<\/h2><p><img loading=\"lazy\" decoding=\"async\" class=\" wp-image alignright\" src=\"https:\/\/content.redfoxlotto.com\/uploads\/sites\/9\/1_winning_numbers_lottery.jpg\" alt=\"Mega Sena  \" width=\"184\" height=\"157\" \/><\/p><p>Da li ste spremni da kupite karte za Mega Sena Brazil putem Interneta? Pa, onda ste na pravom mestu. Zapravo je to vrlo jednostavno, jer samo morate da otvorite nalog na RedFokLotto.com.<\/p><!--more--><h2 class=\"wp-block-heading\">Biranje brojeva<\/h2><p>Svi va\u0161i brojevi moraju pasti u rasponu od 1 do 60. Da biste osvojili jackpot, morate podudarati svih 6 izvu\u010denih brojeva, ali mo\u017eete osvojiti manje nagrade za podudaranje 4 ili 5 brojeva.<\/p><p><img decoding=\"async\" class=\"size-full wp-image alignright\" src=\"https:\/\/content.redfoxlotto.com\/uploads\/sites\/9\/1_buy_lottery_ticket_online1.jpg\" alt=\"buy online tickets  \"><\/p><h2 class=\"wp-block-heading\">Kupovina karata<\/h2><p>Kada budete spremni da kupite karte za Mega Sena Brazil na mre\u017ei, samo treba da izaberete brojeve koje \u017eelite, kao i broj crte\u017ea za koje ih \u017eelite. Tada plac\u0301ate kartu.<\/p><p>Plac\u0301anje karte je jednostavno jer jednostavno odaberete \u017eeljeni metod i unesete podatke. Ako vec\u0301 imate nalog, mo\u017eete da koristite sa\u010duvani metod, a zatim sedite i \u010dekajte rezultate.<\/p><h2 class=\"wp-block-heading\">Provera rezultata<\/h2><p>Jednom kada je crte\u017e zavr\u0161en sve \u0161to je ostalo je da proverite va\u0161e brojeve da biste videli da li ste pobedili. To mo\u017eete u\u010diniti tako \u0161to c\u0301ete posetiti RedFokLotto.com i proveriti svoj ra\u010dun. Dobitni brojevi za sve igre koje igrate bic\u0301e prisutni i oni c\u0301e biti upore\u0111eni sa va\u0161im brojevima.<\/p>","protected":false},"excerpt":{"rendered":"<p>Kupite karte za Mega Sena Brazil na mre\u017ei Da li ste spremni da kupite karte za Mega Sena Brazil putem Interneta? Pa, onda ste na pravom mestu. Zapravo je to vrlo jednostavno, jer samo morate da otvorite nalog na RedFokLotto.com.<\/p>\n","protected":false},"author":1,"featured_media":0,"parent":7302,"menu_order":13,"comment_status":"closed","ping_status":"closed","template":"megasena-info.php","meta":{"_et_pb_use_builder":"","_et_pb_old_content":"","_et_gb_content_width":"","exclude_from_search":false,"footnotes":""},"class_list":["post-14124","page","type-page","status-publish","hentry"],"yoast_head":"<!-- This site is optimized with the Yoast SEO plugin v27.3 - https:\/\/yoast.com\/product\/yoast-seo-wordpress\/ -->\n<title>Nabavite svoju kartu za Mega Sena Lotto online<\/title>\n<meta name=\"description\" content=\"Rezervirajte karte putem interneta za Mega Sena Brazil\" \/>\n<meta name=\"robots\" content=\"index, follow, max-snippet:-1, max-image-preview:large, max-video-preview:-1\" \/>\n<link rel=\"canonical\" href=\"https:\/\/redfoxlotto.com\/sr\/lutrija\/mega-sena\/\" \/>\n<meta property=\"og:locale\" content=\"sr_RS\" \/>\n<meta property=\"og:type\" content=\"article\" \/>\n<meta property=\"og:title\" content=\"Nabavite svoju kartu za Mega Sena Lotto online\" \/>\n<meta property=\"og:description\" content=\"Rezervirajte karte putem interneta za Mega Sena Brazil\" \/>\n<meta property=\"og:url\" content=\"https:\/\/redfoxlotto.com\/sr\/lutrija\/mega-sena\/\" \/>\n<meta property=\"og:site_name\" content=\"Get Tickets for the World\u2019s largest jackpots\" \/>\n<meta property=\"article:modified_time\" content=\"2020-08-21T13:39:06+00:00\" \/>\n<meta property=\"og:image\" content=\"https:\/\/content.redfoxlotto.com\/uploads\/sites\/9\/1_winning_numbers_lottery.jpg\" \/>\n<meta name=\"twitter:card\" content=\"summary_large_image\" \/>\n<meta name=\"twitter:label1\" content=\"\u041f\u0440\u043e\u0446\u0435\u045a\u0435\u043d\u043e \u0432\u0440\u0435\u043c\u0435 \u0447\u0438\u0442\u0430\u045a\u0430\" \/>\n\t<meta name=\"twitter:data1\" content=\"2 \u043c\u0438\u043d\u0443\u0442\u0430\" \/>\n<script type=\"application\/ld+json\" class=\"yoast-schema-graph\">{\"@context\":\"https:\\\/\\\/schema.org\",\"@graph\":[{\"@type\":\"WebPage\",\"@id\":\"https:\\\/\\\/redfoxlotto.com\\\/sr\\\/lutrija\\\/mega-sena\\\/\",\"url\":\"https:\\\/\\\/redfoxlotto.com\\\/sr\\\/lutrija\\\/mega-sena\\\/\",\"name\":\"Nabavite svoju kartu za Mega Sena Lotto online\",\"isPartOf\":{\"@id\":\"https:\\\/\\\/redfoxlotto.com\\\/sr\\\/#website\"},\"primaryImageOfPage\":{\"@id\":\"https:\\\/\\\/redfoxlotto.com\\\/sr\\\/lutrija\\\/mega-sena\\\/#primaryimage\"},\"image\":{\"@id\":\"https:\\\/\\\/redfoxlotto.com\\\/sr\\\/lutrija\\\/mega-sena\\\/#primaryimage\"},\"thumbnailUrl\":\"https:\\\/\\\/content.redfoxlotto.com\\\/uploads\\\/sites\\\/9\\\/1_winning_numbers_lottery.jpg\",\"datePublished\":\"2020-07-20T08:54:27+00:00\",\"dateModified\":\"2020-08-21T13:39:06+00:00\",\"description\":\"Rezervirajte karte putem interneta za Mega Sena Brazil\",\"breadcrumb\":{\"@id\":\"https:\\\/\\\/redfoxlotto.com\\\/sr\\\/lutrija\\\/mega-sena\\\/#breadcrumb\"},\"inLanguage\":\"sr-RS\",\"potentialAction\":[{\"@type\":\"ReadAction\",\"target\":[\"https:\\\/\\\/redfoxlotto.com\\\/sr\\\/lutrija\\\/mega-sena\\\/\"]}]},{\"@type\":\"ImageObject\",\"inLanguage\":\"sr-RS\",\"@id\":\"https:\\\/\\\/redfoxlotto.com\\\/sr\\\/lutrija\\\/mega-sena\\\/#primaryimage\",\"url\":\"https:\\\/\\\/content.redfoxlotto.com\\\/uploads\\\/sites\\\/9\\\/1_winning_numbers_lottery.jpg\",\"contentUrl\":\"https:\\\/\\\/content.redfoxlotto.com\\\/uploads\\\/sites\\\/9\\\/1_winning_numbers_lottery.jpg\"},{\"@type\":\"BreadcrumbList\",\"@id\":\"https:\\\/\\\/redfoxlotto.com\\\/sr\\\/lutrija\\\/mega-sena\\\/#breadcrumb\",\"itemListElement\":[{\"@type\":\"ListItem\",\"position\":1,\"name\":\"Home\",\"item\":\"https:\\\/\\\/redfoxlotto.com\\\/sr\\\/\"},{\"@type\":\"ListItem\",\"position\":2,\"name\":\"Kako kupiti loto tikete onlajn \u2013 process kupovine\",\"item\":\"https:\\\/\\\/redfoxlotto.com\\\/sr\\\/lutrija\\\/\"},{\"@type\":\"ListItem\",\"position\":3,\"name\":\"O Mega Seni\"}]},{\"@type\":\"WebSite\",\"@id\":\"https:\\\/\\\/redfoxlotto.com\\\/sr\\\/#website\",\"url\":\"https:\\\/\\\/redfoxlotto.com\\\/sr\\\/\",\"name\":\"Get Tickets for the World\u2019s largest jackpots\",\"description\":\"Participate in worldwide lottery jackpots from any country\",\"publisher\":{\"@id\":\"https:\\\/\\\/redfoxlotto.com\\\/sr\\\/#organization\"},\"potentialAction\":[{\"@type\":\"SearchAction\",\"target\":{\"@type\":\"EntryPoint\",\"urlTemplate\":\"https:\\\/\\\/redfoxlotto.com\\\/sr\\\/?s={search_term_string}\"},\"query-input\":{\"@type\":\"PropertyValueSpecification\",\"valueRequired\":true,\"valueName\":\"search_term_string\"}}],\"inLanguage\":\"sr-RS\"},{\"@type\":\"Organization\",\"@id\":\"https:\\\/\\\/redfoxlotto.com\\\/sr\\\/#organization\",\"name\":\"Get Tickets for the World\u2019s largest jackpots\",\"url\":\"https:\\\/\\\/redfoxlotto.com\\\/sr\\\/\",\"logo\":{\"@type\":\"ImageObject\",\"inLanguage\":\"sr-RS\",\"@id\":\"https:\\\/\\\/redfoxlotto.com\\\/sr\\\/#\\\/schema\\\/logo\\\/image\\\/\",\"url\":\"https:\\\/\\\/redfoxlotto.com\\\/wp-content\\\/uploads\\\/2023\\\/04\\\/logo.png\",\"contentUrl\":\"https:\\\/\\\/redfoxlotto.com\\\/wp-content\\\/uploads\\\/2023\\\/04\\\/logo.png\",\"width\":269,\"height\":53,\"caption\":\"Get Tickets for the World\u2019s largest jackpots\"},\"image\":{\"@id\":\"https:\\\/\\\/redfoxlotto.com\\\/sr\\\/#\\\/schema\\\/logo\\\/image\\\/\"}}]}<\/script>\n<!-- \/ Yoast SEO plugin. -->","yoast_head_json":{"title":"Nabavite svoju kartu za Mega Sena Lotto online","description":"Rezervirajte karte putem interneta za Mega Sena Brazil","robots":{"index":"index","follow":"follow","max-snippet":"max-snippet:-1","max-image-preview":"max-image-preview:large","max-video-preview":"max-video-preview:-1"},"canonical":"https:\/\/redfoxlotto.com\/sr\/lutrija\/mega-sena\/","og_locale":"sr_RS","og_type":"article","og_title":"Nabavite svoju kartu za Mega Sena Lotto online","og_description":"Rezervirajte karte putem interneta za Mega Sena Brazil","og_url":"https:\/\/redfoxlotto.com\/sr\/lutrija\/mega-sena\/","og_site_name":"Get Tickets for the World\u2019s largest jackpots","article_modified_time":"2020-08-21T13:39:06+00:00","og_image":[{"url":"https:\/\/content.redfoxlotto.com\/uploads\/sites\/9\/1_winning_numbers_lottery.jpg","type":"","width":"","height":""}],"twitter_card":"summary_large_image","twitter_misc":{"\u041f\u0440\u043e\u0446\u0435\u045a\u0435\u043d\u043e \u0432\u0440\u0435\u043c\u0435 \u0447\u0438\u0442\u0430\u045a\u0430":"2 \u043c\u0438\u043d\u0443\u0442\u0430"},"schema":{"@context":"https:\/\/schema.org","@graph":[{"@type":"WebPage","@id":"https:\/\/redfoxlotto.com\/sr\/lutrija\/mega-sena\/","url":"https:\/\/redfoxlotto.com\/sr\/lutrija\/mega-sena\/","name":"Nabavite svoju kartu za Mega Sena Lotto online","isPartOf":{"@id":"https:\/\/redfoxlotto.com\/sr\/#website"},"primaryImageOfPage":{"@id":"https:\/\/redfoxlotto.com\/sr\/lutrija\/mega-sena\/#primaryimage"},"image":{"@id":"https:\/\/redfoxlotto.com\/sr\/lutrija\/mega-sena\/#primaryimage"},"thumbnailUrl":"https:\/\/content.redfoxlotto.com\/uploads\/sites\/9\/1_winning_numbers_lottery.jpg","datePublished":"2020-07-20T08:54:27+00:00","dateModified":"2020-08-21T13:39:06+00:00","description":"Rezervirajte karte putem interneta za Mega Sena Brazil","breadcrumb":{"@id":"https:\/\/redfoxlotto.com\/sr\/lutrija\/mega-sena\/#breadcrumb"},"inLanguage":"sr-RS","potentialAction":[{"@type":"ReadAction","target":["https:\/\/redfoxlotto.com\/sr\/lutrija\/mega-sena\/"]}]},{"@type":"ImageObject","inLanguage":"sr-RS","@id":"https:\/\/redfoxlotto.com\/sr\/lutrija\/mega-sena\/#primaryimage","url":"https:\/\/content.redfoxlotto.com\/uploads\/sites\/9\/1_winning_numbers_lottery.jpg","contentUrl":"https:\/\/content.redfoxlotto.com\/uploads\/sites\/9\/1_winning_numbers_lottery.jpg"},{"@type":"BreadcrumbList","@id":"https:\/\/redfoxlotto.com\/sr\/lutrija\/mega-sena\/#breadcrumb","itemListElement":[{"@type":"ListItem","position":1,"name":"Home","item":"https:\/\/redfoxlotto.com\/sr\/"},{"@type":"ListItem","position":2,"name":"Kako kupiti loto tikete onlajn \u2013 process kupovine","item":"https:\/\/redfoxlotto.com\/sr\/lutrija\/"},{"@type":"ListItem","position":3,"name":"O Mega Seni"}]},{"@type":"WebSite","@id":"https:\/\/redfoxlotto.com\/sr\/#website","url":"https:\/\/redfoxlotto.com\/sr\/","name":"Get Tickets for the World\u2019s largest jackpots","description":"Participate in worldwide lottery jackpots from any country","publisher":{"@id":"https:\/\/redfoxlotto.com\/sr\/#organization"},"potentialAction":[{"@type":"SearchAction","target":{"@type":"EntryPoint","urlTemplate":"https:\/\/redfoxlotto.com\/sr\/?s={search_term_string}"},"query-input":{"@type":"PropertyValueSpecification","valueRequired":true,"valueName":"search_term_string"}}],"inLanguage":"sr-RS"},{"@type":"Organization","@id":"https:\/\/redfoxlotto.com\/sr\/#organization","name":"Get Tickets for the World\u2019s largest jackpots","url":"https:\/\/redfoxlotto.com\/sr\/","logo":{"@type":"ImageObject","inLanguage":"sr-RS","@id":"https:\/\/redfoxlotto.com\/sr\/#\/schema\/logo\/image\/","url":"https:\/\/redfoxlotto.com\/wp-content\/uploads\/2023\/04\/logo.png","contentUrl":"https:\/\/redfoxlotto.com\/wp-content\/uploads\/2023\/04\/logo.png","width":269,"height":53,"caption":"Get Tickets for the World\u2019s largest jackpots"},"image":{"@id":"https:\/\/redfoxlotto.com\/sr\/#\/schema\/logo\/image\/"}}]}},"_links":{"self":[{"href":"https:\/\/redfoxlotto.com\/sr\/wp-json\/wp\/v2\/pages\/14124","targetHints":{"allow":["GET"]}}],"collection":[{"href":"https:\/\/redfoxlotto.com\/sr\/wp-json\/wp\/v2\/pages"}],"about":[{"href":"https:\/\/redfoxlotto.com\/sr\/wp-json\/wp\/v2\/types\/page"}],"author":[{"embeddable":true,"href":"https:\/\/redfoxlotto.com\/sr\/wp-json\/wp\/v2\/users\/1"}],"replies":[{"embeddable":true,"href":"https:\/\/redfoxlotto.com\/sr\/wp-json\/wp\/v2\/comments?post=14124"}],"version-history":[{"count":0,"href":"https:\/\/redfoxlotto.com\/sr\/wp-json\/wp\/v2\/pages\/14124\/revisions"}],"up":[{"embeddable":true,"href":"https:\/\/redfoxlotto.com\/sr\/wp-json\/wp\/v2\/pages\/7302"}],"wp:attachment":[{"href":"https:\/\/redfoxlotto.com\/sr\/wp-json\/wp\/v2\/media?parent=14124"}],"curies":[{"name":"wp","href":"https:\/\/api.w.org\/{rel}","templated":true}]}}