{"id":13562,"date":"2020-08-18T10:31:21","date_gmt":"2020-08-18T10:31:21","guid":{"rendered":"https:\/\/redfoxlotto.com\/?page_id=13562"},"modified":"2020-08-18T17:29:44","modified_gmt":"2020-08-18T16:29:44","slug":"set-for-life-uk","status":"publish","type":"page","link":"https:\/\/redfoxlotto.com\/sr\/rezultati\/set-for-life-uk\/","title":{"rendered":"Podesite za \u017eivotne loto rezultate"},"content":{"rendered":"<h2 class=\"wp-block-heading\">Loto dobitni brojevi \u201eSet for life\u201c<\/h2><p><img loading=\"lazy\" decoding=\"async\" class=\" wp-image alignright\" src=\"https:\/\/content.redfoxlotto.com\/uploads\/sites\/9\/1_results_winning_numbers2.jpg\" alt=\"set for life results  \" width=\"260\" height=\"195\" \/><\/p><p>Dobitni brojevi za lutriju \u201eSet for life\u201c bic\u0301e objavljeni na na\u0161oj veb stranici nakon svakog izvla\u010denja. Nakon \u0161to rezervirate kartu za ovu lutriju na na\u0161oj veb stranici, poslac\u0301emo vam e-po\u0161tu ako je va\u0161a karta ne\u0161to osvojila.<\/p><p>Ali tako\u0111e se mo\u017eete prijaviti na svoj ra\u010dun i otvoriti odeljak u kome se \u010duva va\u0161a karta. Svi brojevi koje ste odabrali koji odgovaraju rezultatu izvla\u010denja bic\u0301e ozna\u010deni tako da vam je prili\u010dno lako da vidite \u0161ta ste osvojili.<\/p><h2 class=\"wp-block-heading\">\u201ePostavi za \u017eivot\u201c pro\u0161le pobedni\u010dke brojeve<\/h2><p>Ako \u017eelite da vidite brojeve iz pro\u0161lih izvla\u010denja, mo\u017eete i to. Mnogi na\u0161i klijenti koriste tu funkciju kako bi izbegli biranje brojeva koji su upravo izvu\u010deni proteklih dana ili nedelja.<\/p>","protected":false},"excerpt":{"rendered":"<p>Loto dobitni brojevi \u201eSet for life\u201c Dobitni brojevi za lutriju \u201eSet for life\u201c bic\u0301e objavljeni na na\u0161oj veb stranici nakon svakog izvla\u010denja. Nakon \u0161to rezervirate kartu za ovu lutriju na na\u0161oj veb stranici, poslac\u0301emo vam e-po\u0161tu ako je va\u0161a karta ne\u0161to osvojila. Ali tako\u0111e se mo\u017eete prijaviti na svoj ra\u010dun i otvoriti odeljak u kome [&hellip;]<\/p>\n","protected":false},"author":1,"featured_media":0,"parent":7310,"menu_order":10,"comment_status":"closed","ping_status":"closed","template":"set-for-life-results.php","meta":{"_et_pb_use_builder":"","_et_pb_old_content":"","_et_gb_content_width":"","exclude_from_search":false,"footnotes":""},"class_list":["post-13562","page","type-page","status-publish","hentry"],"yoast_head":"<!-- This site is optimized with the Yoast SEO plugin v23.8 - https:\/\/yoast.com\/wordpress\/plugins\/seo\/ -->\n<title>Dobijte rezultate \u017ereba i pobedni\u010dke brojeve za Loto set za \u017eivot<\/title>\n<meta name=\"description\" content=\"Ovde pogledajte rezultate \u017ereba set za \u017eivotnu lutriju\" \/>\n<meta name=\"robots\" content=\"index, follow, max-snippet:-1, max-image-preview:large, max-video-preview:-1\" \/>\n<link rel=\"canonical\" href=\"https:\/\/redfoxlotto.com\/sr\/rezultati\/set-for-life-uk\/\" \/>\n<meta property=\"og:locale\" content=\"sr_RS\" \/>\n<meta property=\"og:type\" content=\"article\" \/>\n<meta property=\"og:title\" content=\"Dobijte rezultate \u017ereba i pobedni\u010dke brojeve za Loto set za \u017eivot\" \/>\n<meta property=\"og:description\" content=\"Ovde pogledajte rezultate \u017ereba set za \u017eivotnu lutriju\" \/>\n<meta property=\"og:url\" content=\"https:\/\/redfoxlotto.com\/sr\/rezultati\/set-for-life-uk\/\" \/>\n<meta property=\"og:site_name\" content=\"Get Tickets for the World\u2019s largest jackpots\" \/>\n<meta property=\"article:modified_time\" content=\"2020-08-18T16:29:44+00:00\" \/>\n<meta property=\"og:image\" content=\"https:\/\/content.redfoxlotto.com\/uploads\/sites\/9\/1_results_winning_numbers2.jpg\" \/>\n<meta name=\"twitter:card\" content=\"summary_large_image\" \/>\n<meta name=\"twitter:label1\" content=\"\u041f\u0440\u043e\u0446\u0435\u045a\u0435\u043d\u043e \u0432\u0440\u0435\u043c\u0435 \u0447\u0438\u0442\u0430\u045a\u0430\" \/>\n\t<meta name=\"twitter:data1\" content=\"1 \u043c\u0438\u043d\u0443\u0442\" \/>\n<script type=\"application\/ld+json\" class=\"yoast-schema-graph\">{\"@context\":\"https:\/\/schema.org\",\"@graph\":[{\"@type\":\"WebPage\",\"@id\":\"https:\/\/redfoxlotto.com\/sr\/rezultati\/set-for-life-uk\/\",\"url\":\"https:\/\/redfoxlotto.com\/sr\/rezultati\/set-for-life-uk\/\",\"name\":\"Dobijte rezultate \u017ereba i pobedni\u010dke brojeve za Loto set za \u017eivot\",\"isPartOf\":{\"@id\":\"https:\/\/redfoxlotto.com\/sr\/#website\"},\"primaryImageOfPage\":{\"@id\":\"https:\/\/redfoxlotto.com\/sr\/rezultati\/set-for-life-uk\/#primaryimage\"},\"image\":{\"@id\":\"https:\/\/redfoxlotto.com\/sr\/rezultati\/set-for-life-uk\/#primaryimage\"},\"thumbnailUrl\":\"https:\/\/content.redfoxlotto.com\/uploads\/sites\/9\/1_results_winning_numbers2.jpg\",\"datePublished\":\"2020-08-18T10:31:21+00:00\",\"dateModified\":\"2020-08-18T16:29:44+00:00\",\"description\":\"Ovde pogledajte rezultate \u017ereba set za \u017eivotnu lutriju\",\"breadcrumb\":{\"@id\":\"https:\/\/redfoxlotto.com\/sr\/rezultati\/set-for-life-uk\/#breadcrumb\"},\"inLanguage\":\"sr-RS\",\"potentialAction\":[{\"@type\":\"ReadAction\",\"target\":[\"https:\/\/redfoxlotto.com\/sr\/rezultati\/set-for-life-uk\/\"]}]},{\"@type\":\"ImageObject\",\"inLanguage\":\"sr-RS\",\"@id\":\"https:\/\/redfoxlotto.com\/sr\/rezultati\/set-for-life-uk\/#primaryimage\",\"url\":\"https:\/\/content.redfoxlotto.com\/uploads\/sites\/9\/1_results_winning_numbers2.jpg\",\"contentUrl\":\"https:\/\/content.redfoxlotto.com\/uploads\/sites\/9\/1_results_winning_numbers2.jpg\"},{\"@type\":\"BreadcrumbList\",\"@id\":\"https:\/\/redfoxlotto.com\/sr\/rezultati\/set-for-life-uk\/#breadcrumb\",\"itemListElement\":[{\"@type\":\"ListItem\",\"position\":1,\"name\":\"Home\",\"item\":\"https:\/\/redfoxlotto.com\/sr\/\"},{\"@type\":\"ListItem\",\"position\":2,\"name\":\"Rezultati me\u0111unarodne lutrije\",\"item\":\"https:\/\/redfoxlotto.com\/sr\/rezultati\/\"},{\"@type\":\"ListItem\",\"position\":3,\"name\":\"Podesite za \u017eivotne loto rezultate\"}]},{\"@type\":\"WebSite\",\"@id\":\"https:\/\/redfoxlotto.com\/sr\/#website\",\"url\":\"https:\/\/redfoxlotto.com\/sr\/\",\"name\":\"Get Tickets for the World\u2019s largest jackpots\",\"description\":\"Participate in worldwide lottery jackpots from any country\",\"publisher\":{\"@id\":\"https:\/\/redfoxlotto.com\/sr\/#organization\"},\"potentialAction\":[{\"@type\":\"SearchAction\",\"target\":{\"@type\":\"EntryPoint\",\"urlTemplate\":\"https:\/\/redfoxlotto.com\/sr\/?s={search_term_string}\"},\"query-input\":{\"@type\":\"PropertyValueSpecification\",\"valueRequired\":true,\"valueName\":\"search_term_string\"}}],\"inLanguage\":\"sr-RS\"},{\"@type\":\"Organization\",\"@id\":\"https:\/\/redfoxlotto.com\/sr\/#organization\",\"name\":\"Get Tickets for the World\u2019s largest jackpots\",\"url\":\"https:\/\/redfoxlotto.com\/sr\/\",\"logo\":{\"@type\":\"ImageObject\",\"inLanguage\":\"sr-RS\",\"@id\":\"https:\/\/redfoxlotto.com\/sr\/#\/schema\/logo\/image\/\",\"url\":\"https:\/\/redfoxlotto.com\/wp-content\/uploads\/2023\/04\/logo.png\",\"contentUrl\":\"https:\/\/redfoxlotto.com\/wp-content\/uploads\/2023\/04\/logo.png\",\"width\":269,\"height\":53,\"caption\":\"Get Tickets for the World\u2019s largest jackpots\"},\"image\":{\"@id\":\"https:\/\/redfoxlotto.com\/sr\/#\/schema\/logo\/image\/\"}}]}<\/script>\n<!-- \/ Yoast SEO plugin. -->","yoast_head_json":{"title":"Dobijte rezultate \u017ereba i pobedni\u010dke brojeve za Loto set za \u017eivot","description":"Ovde pogledajte rezultate \u017ereba set za \u017eivotnu lutriju","robots":{"index":"index","follow":"follow","max-snippet":"max-snippet:-1","max-image-preview":"max-image-preview:large","max-video-preview":"max-video-preview:-1"},"canonical":"https:\/\/redfoxlotto.com\/sr\/rezultati\/set-for-life-uk\/","og_locale":"sr_RS","og_type":"article","og_title":"Dobijte rezultate \u017ereba i pobedni\u010dke brojeve za Loto set za \u017eivot","og_description":"Ovde pogledajte rezultate \u017ereba set za \u017eivotnu lutriju","og_url":"https:\/\/redfoxlotto.com\/sr\/rezultati\/set-for-life-uk\/","og_site_name":"Get Tickets for the World\u2019s largest jackpots","article_modified_time":"2020-08-18T16:29:44+00:00","og_image":[{"url":"https:\/\/content.redfoxlotto.com\/uploads\/sites\/9\/1_results_winning_numbers2.jpg"}],"twitter_card":"summary_large_image","twitter_misc":{"\u041f\u0440\u043e\u0446\u0435\u045a\u0435\u043d\u043e \u0432\u0440\u0435\u043c\u0435 \u0447\u0438\u0442\u0430\u045a\u0430":"1 \u043c\u0438\u043d\u0443\u0442"},"schema":{"@context":"https:\/\/schema.org","@graph":[{"@type":"WebPage","@id":"https:\/\/redfoxlotto.com\/sr\/rezultati\/set-for-life-uk\/","url":"https:\/\/redfoxlotto.com\/sr\/rezultati\/set-for-life-uk\/","name":"Dobijte rezultate \u017ereba i pobedni\u010dke brojeve za Loto set za \u017eivot","isPartOf":{"@id":"https:\/\/redfoxlotto.com\/sr\/#website"},"primaryImageOfPage":{"@id":"https:\/\/redfoxlotto.com\/sr\/rezultati\/set-for-life-uk\/#primaryimage"},"image":{"@id":"https:\/\/redfoxlotto.com\/sr\/rezultati\/set-for-life-uk\/#primaryimage"},"thumbnailUrl":"https:\/\/content.redfoxlotto.com\/uploads\/sites\/9\/1_results_winning_numbers2.jpg","datePublished":"2020-08-18T10:31:21+00:00","dateModified":"2020-08-18T16:29:44+00:00","description":"Ovde pogledajte rezultate \u017ereba set za \u017eivotnu lutriju","breadcrumb":{"@id":"https:\/\/redfoxlotto.com\/sr\/rezultati\/set-for-life-uk\/#breadcrumb"},"inLanguage":"sr-RS","potentialAction":[{"@type":"ReadAction","target":["https:\/\/redfoxlotto.com\/sr\/rezultati\/set-for-life-uk\/"]}]},{"@type":"ImageObject","inLanguage":"sr-RS","@id":"https:\/\/redfoxlotto.com\/sr\/rezultati\/set-for-life-uk\/#primaryimage","url":"https:\/\/content.redfoxlotto.com\/uploads\/sites\/9\/1_results_winning_numbers2.jpg","contentUrl":"https:\/\/content.redfoxlotto.com\/uploads\/sites\/9\/1_results_winning_numbers2.jpg"},{"@type":"BreadcrumbList","@id":"https:\/\/redfoxlotto.com\/sr\/rezultati\/set-for-life-uk\/#breadcrumb","itemListElement":[{"@type":"ListItem","position":1,"name":"Home","item":"https:\/\/redfoxlotto.com\/sr\/"},{"@type":"ListItem","position":2,"name":"Rezultati me\u0111unarodne lutrije","item":"https:\/\/redfoxlotto.com\/sr\/rezultati\/"},{"@type":"ListItem","position":3,"name":"Podesite za \u017eivotne loto rezultate"}]},{"@type":"WebSite","@id":"https:\/\/redfoxlotto.com\/sr\/#website","url":"https:\/\/redfoxlotto.com\/sr\/","name":"Get Tickets for the World\u2019s largest jackpots","description":"Participate in worldwide lottery jackpots from any country","publisher":{"@id":"https:\/\/redfoxlotto.com\/sr\/#organization"},"potentialAction":[{"@type":"SearchAction","target":{"@type":"EntryPoint","urlTemplate":"https:\/\/redfoxlotto.com\/sr\/?s={search_term_string}"},"query-input":{"@type":"PropertyValueSpecification","valueRequired":true,"valueName":"search_term_string"}}],"inLanguage":"sr-RS"},{"@type":"Organization","@id":"https:\/\/redfoxlotto.com\/sr\/#organization","name":"Get Tickets for the World\u2019s largest jackpots","url":"https:\/\/redfoxlotto.com\/sr\/","logo":{"@type":"ImageObject","inLanguage":"sr-RS","@id":"https:\/\/redfoxlotto.com\/sr\/#\/schema\/logo\/image\/","url":"https:\/\/redfoxlotto.com\/wp-content\/uploads\/2023\/04\/logo.png","contentUrl":"https:\/\/redfoxlotto.com\/wp-content\/uploads\/2023\/04\/logo.png","width":269,"height":53,"caption":"Get Tickets for the World\u2019s largest jackpots"},"image":{"@id":"https:\/\/redfoxlotto.com\/sr\/#\/schema\/logo\/image\/"}}]}},"_links":{"self":[{"href":"https:\/\/redfoxlotto.com\/sr\/wp-json\/wp\/v2\/pages\/13562","targetHints":{"allow":["GET"]}}],"collection":[{"href":"https:\/\/redfoxlotto.com\/sr\/wp-json\/wp\/v2\/pages"}],"about":[{"href":"https:\/\/redfoxlotto.com\/sr\/wp-json\/wp\/v2\/types\/page"}],"author":[{"embeddable":true,"href":"https:\/\/redfoxlotto.com\/sr\/wp-json\/wp\/v2\/users\/1"}],"replies":[{"embeddable":true,"href":"https:\/\/redfoxlotto.com\/sr\/wp-json\/wp\/v2\/comments?post=13562"}],"version-history":[{"count":0,"href":"https:\/\/redfoxlotto.com\/sr\/wp-json\/wp\/v2\/pages\/13562\/revisions"}],"up":[{"embeddable":true,"href":"https:\/\/redfoxlotto.com\/sr\/wp-json\/wp\/v2\/pages\/7310"}],"wp:attachment":[{"href":"https:\/\/redfoxlotto.com\/sr\/wp-json\/wp\/v2\/media?parent=13562"}],"curies":[{"name":"wp","href":"https:\/\/api.w.org\/{rel}","templated":true}]}}