{"id":13513,"date":"2020-07-20T08:57:09","date_gmt":"2020-07-20T08:57:09","guid":{"rendered":"https:\/\/redfoxlotto.com\/?page_id=13513"},"modified":"2020-08-18T17:25:52","modified_gmt":"2020-08-18T16:25:52","slug":"mega-sena","status":"publish","type":"page","link":"https:\/\/redfoxlotto.com\/sr\/rezultati\/mega-sena\/","title":{"rendered":"Rezultati Mega Sene"},"content":{"rendered":"<h2 class=\"wp-block-heading\">Mega Sena Brazil Dobitni brojevi<\/h2><p><img loading=\"lazy\" decoding=\"async\" class=\" wp-image alignright\" src=\"https:\/\/content.redfoxlotto.com\/uploads\/sites\/9\/1_you_win_jackpot.jpg\" alt=\" win lottery jackpot \" width=\"247\" height=\"247\" \/><\/p><p>Ako ste vec\u0301 igrali Mega senu, onda treba da znate da li ste pobedili, zar ne? Pa, kako proveriti pobedni\u010dke brojeve Mega Sena Brazil? Jednostavno posetite svoj nalog na RedFokLotto.com. Bic\u0301ete u moguc\u0301nosti da prona\u0111ete najnovije rezultate za igru i ako ste igrali, moc\u0301i c\u0301ete da ih prona\u0111ete jo\u0161 lak\u0161e.<\/p><h2 class=\"wp-block-heading\">Provera brojeva<\/h2><p>Ako \u017eelite da znate da li ste pobedili na Mega Seni Brazil, samo u\u0111ite na stranicu sa svojim ulaznicama na svom ra\u010dunu. Odatle mo\u017eete videti svoje brojeve u odnosu na pobedni\u010dke brojeve. Zbog toga vam je jo\u0161 lak\u0161e kada znate \u0161ta ste pobedili i koji brojevi su bili dobri ili ne.<\/p><p>Ali ne morate se brinuti ni za \u0161ta, jer sve \u0161to osvojite automatski c\u0301e se polo\u017eiti za vas i potom deponovati na va\u0161 ra\u010dun. Na taj na\u010din mo\u017eete jednostavno sedeti i opustiti se kada kupite kartu. Barem, dok ne do\u0111e vreme za kupovinu sledec\u0301eg.<\/p><h2 class=\"wp-block-heading\">Provera starih pobedni\u010dkih brojeva<\/h2><p>Ako imate stariju kartu koju \u017eelite da proverite, mo\u017eete to u\u010diniti tako da pogledate u arhivi. Ispitivanje starih pobjedni\u010dkih brojeva Mega Sena Brazil tako\u0111e je dobro ako planirate da se kladite na neke od tih brojeva. Sve \u0161to trebate u\u010diniti je pogledati i moc\u0301i c\u0301ete vidjeti koji su brojevi \u010desto (ili rje\u0111e) do\u0161li.<\/p>","protected":false},"excerpt":{"rendered":"<p>Mega Sena Brazil Dobitni brojevi Ako ste vec\u0301 igrali Mega senu, onda treba da znate da li ste pobedili, zar ne? Pa, kako proveriti pobedni\u010dke brojeve Mega Sena Brazil? Jednostavno posetite svoj nalog na RedFokLotto.com. Bic\u0301ete u moguc\u0301nosti da prona\u0111ete najnovije rezultate za igru i ako ste igrali, moc\u0301i c\u0301ete da ih prona\u0111ete jo\u0161 lak\u0161e. [&hellip;]<\/p>\n","protected":false},"author":1,"featured_media":0,"parent":7310,"menu_order":13,"comment_status":"closed","ping_status":"closed","template":"megasena-results.php","meta":{"_et_pb_use_builder":"","_et_pb_old_content":"","_et_gb_content_width":"","exclude_from_search":false,"footnotes":""},"class_list":["post-13513","page","type-page","status-publish","hentry"],"yoast_head":"<!-- This site is optimized with the Yoast SEO plugin v23.8 - https:\/\/yoast.com\/wordpress\/plugins\/seo\/ -->\n<title>Dobitni brojevi Mega Sena | Nere\u0161eno rezultata za brazilsku Mega Senu<\/title>\n<meta name=\"description\" content=\"Proverite najnovije i pro\u0161le pobedni\u010dke brojeve za Mega Sena\" \/>\n<meta name=\"robots\" content=\"index, follow, max-snippet:-1, max-image-preview:large, max-video-preview:-1\" \/>\n<link rel=\"canonical\" href=\"https:\/\/redfoxlotto.com\/sr\/rezultati\/mega-sena\/\" \/>\n<meta property=\"og:locale\" content=\"sr_RS\" \/>\n<meta property=\"og:type\" content=\"article\" \/>\n<meta property=\"og:title\" content=\"Dobitni brojevi Mega Sena | Nere\u0161eno rezultata za brazilsku Mega Senu\" \/>\n<meta property=\"og:description\" content=\"Proverite najnovije i pro\u0161le pobedni\u010dke brojeve za Mega Sena\" \/>\n<meta property=\"og:url\" content=\"https:\/\/redfoxlotto.com\/sr\/rezultati\/mega-sena\/\" \/>\n<meta property=\"og:site_name\" content=\"Get Tickets for the World\u2019s largest jackpots\" \/>\n<meta property=\"article:modified_time\" content=\"2020-08-18T16:25:52+00:00\" \/>\n<meta property=\"og:image\" content=\"https:\/\/content.redfoxlotto.com\/uploads\/sites\/9\/1_you_win_jackpot.jpg\" \/>\n<meta name=\"twitter:card\" content=\"summary_large_image\" \/>\n<meta name=\"twitter:label1\" content=\"\u041f\u0440\u043e\u0446\u0435\u045a\u0435\u043d\u043e \u0432\u0440\u0435\u043c\u0435 \u0447\u0438\u0442\u0430\u045a\u0430\" \/>\n\t<meta name=\"twitter:data1\" content=\"2 \u043c\u0438\u043d\u0443\u0442\u0430\" \/>\n<script type=\"application\/ld+json\" class=\"yoast-schema-graph\">{\"@context\":\"https:\/\/schema.org\",\"@graph\":[{\"@type\":\"WebPage\",\"@id\":\"https:\/\/redfoxlotto.com\/sr\/rezultati\/mega-sena\/\",\"url\":\"https:\/\/redfoxlotto.com\/sr\/rezultati\/mega-sena\/\",\"name\":\"Dobitni brojevi Mega Sena | Nere\u0161eno rezultata za brazilsku Mega Senu\",\"isPartOf\":{\"@id\":\"https:\/\/redfoxlotto.com\/sr\/#website\"},\"primaryImageOfPage\":{\"@id\":\"https:\/\/redfoxlotto.com\/sr\/rezultati\/mega-sena\/#primaryimage\"},\"image\":{\"@id\":\"https:\/\/redfoxlotto.com\/sr\/rezultati\/mega-sena\/#primaryimage\"},\"thumbnailUrl\":\"https:\/\/content.redfoxlotto.com\/uploads\/sites\/9\/1_you_win_jackpot.jpg\",\"datePublished\":\"2020-07-20T08:57:09+00:00\",\"dateModified\":\"2020-08-18T16:25:52+00:00\",\"description\":\"Proverite najnovije i pro\u0161le pobedni\u010dke brojeve za Mega Sena\",\"breadcrumb\":{\"@id\":\"https:\/\/redfoxlotto.com\/sr\/rezultati\/mega-sena\/#breadcrumb\"},\"inLanguage\":\"sr-RS\",\"potentialAction\":[{\"@type\":\"ReadAction\",\"target\":[\"https:\/\/redfoxlotto.com\/sr\/rezultati\/mega-sena\/\"]}]},{\"@type\":\"ImageObject\",\"inLanguage\":\"sr-RS\",\"@id\":\"https:\/\/redfoxlotto.com\/sr\/rezultati\/mega-sena\/#primaryimage\",\"url\":\"https:\/\/content.redfoxlotto.com\/uploads\/sites\/9\/1_you_win_jackpot.jpg\",\"contentUrl\":\"https:\/\/content.redfoxlotto.com\/uploads\/sites\/9\/1_you_win_jackpot.jpg\"},{\"@type\":\"BreadcrumbList\",\"@id\":\"https:\/\/redfoxlotto.com\/sr\/rezultati\/mega-sena\/#breadcrumb\",\"itemListElement\":[{\"@type\":\"ListItem\",\"position\":1,\"name\":\"Home\",\"item\":\"https:\/\/redfoxlotto.com\/sr\/\"},{\"@type\":\"ListItem\",\"position\":2,\"name\":\"Rezultati me\u0111unarodne lutrije\",\"item\":\"https:\/\/redfoxlotto.com\/sr\/rezultati\/\"},{\"@type\":\"ListItem\",\"position\":3,\"name\":\"Rezultati Mega Sene\"}]},{\"@type\":\"WebSite\",\"@id\":\"https:\/\/redfoxlotto.com\/sr\/#website\",\"url\":\"https:\/\/redfoxlotto.com\/sr\/\",\"name\":\"Get Tickets for the World\u2019s largest jackpots\",\"description\":\"Participate in worldwide lottery jackpots from any country\",\"publisher\":{\"@id\":\"https:\/\/redfoxlotto.com\/sr\/#organization\"},\"potentialAction\":[{\"@type\":\"SearchAction\",\"target\":{\"@type\":\"EntryPoint\",\"urlTemplate\":\"https:\/\/redfoxlotto.com\/sr\/?s={search_term_string}\"},\"query-input\":{\"@type\":\"PropertyValueSpecification\",\"valueRequired\":true,\"valueName\":\"search_term_string\"}}],\"inLanguage\":\"sr-RS\"},{\"@type\":\"Organization\",\"@id\":\"https:\/\/redfoxlotto.com\/sr\/#organization\",\"name\":\"Get Tickets for the World\u2019s largest jackpots\",\"url\":\"https:\/\/redfoxlotto.com\/sr\/\",\"logo\":{\"@type\":\"ImageObject\",\"inLanguage\":\"sr-RS\",\"@id\":\"https:\/\/redfoxlotto.com\/sr\/#\/schema\/logo\/image\/\",\"url\":\"https:\/\/redfoxlotto.com\/wp-content\/uploads\/2023\/04\/logo.png\",\"contentUrl\":\"https:\/\/redfoxlotto.com\/wp-content\/uploads\/2023\/04\/logo.png\",\"width\":269,\"height\":53,\"caption\":\"Get Tickets for the World\u2019s largest jackpots\"},\"image\":{\"@id\":\"https:\/\/redfoxlotto.com\/sr\/#\/schema\/logo\/image\/\"}}]}<\/script>\n<!-- \/ Yoast SEO plugin. -->","yoast_head_json":{"title":"Dobitni brojevi Mega Sena | Nere\u0161eno rezultata za brazilsku Mega Senu","description":"Proverite najnovije i pro\u0161le pobedni\u010dke brojeve za Mega Sena","robots":{"index":"index","follow":"follow","max-snippet":"max-snippet:-1","max-image-preview":"max-image-preview:large","max-video-preview":"max-video-preview:-1"},"canonical":"https:\/\/redfoxlotto.com\/sr\/rezultati\/mega-sena\/","og_locale":"sr_RS","og_type":"article","og_title":"Dobitni brojevi Mega Sena | Nere\u0161eno rezultata za brazilsku Mega Senu","og_description":"Proverite najnovije i pro\u0161le pobedni\u010dke brojeve za Mega Sena","og_url":"https:\/\/redfoxlotto.com\/sr\/rezultati\/mega-sena\/","og_site_name":"Get Tickets for the World\u2019s largest jackpots","article_modified_time":"2020-08-18T16:25:52+00:00","og_image":[{"url":"https:\/\/content.redfoxlotto.com\/uploads\/sites\/9\/1_you_win_jackpot.jpg"}],"twitter_card":"summary_large_image","twitter_misc":{"\u041f\u0440\u043e\u0446\u0435\u045a\u0435\u043d\u043e \u0432\u0440\u0435\u043c\u0435 \u0447\u0438\u0442\u0430\u045a\u0430":"2 \u043c\u0438\u043d\u0443\u0442\u0430"},"schema":{"@context":"https:\/\/schema.org","@graph":[{"@type":"WebPage","@id":"https:\/\/redfoxlotto.com\/sr\/rezultati\/mega-sena\/","url":"https:\/\/redfoxlotto.com\/sr\/rezultati\/mega-sena\/","name":"Dobitni brojevi Mega Sena | Nere\u0161eno rezultata za brazilsku Mega Senu","isPartOf":{"@id":"https:\/\/redfoxlotto.com\/sr\/#website"},"primaryImageOfPage":{"@id":"https:\/\/redfoxlotto.com\/sr\/rezultati\/mega-sena\/#primaryimage"},"image":{"@id":"https:\/\/redfoxlotto.com\/sr\/rezultati\/mega-sena\/#primaryimage"},"thumbnailUrl":"https:\/\/content.redfoxlotto.com\/uploads\/sites\/9\/1_you_win_jackpot.jpg","datePublished":"2020-07-20T08:57:09+00:00","dateModified":"2020-08-18T16:25:52+00:00","description":"Proverite najnovije i pro\u0161le pobedni\u010dke brojeve za Mega Sena","breadcrumb":{"@id":"https:\/\/redfoxlotto.com\/sr\/rezultati\/mega-sena\/#breadcrumb"},"inLanguage":"sr-RS","potentialAction":[{"@type":"ReadAction","target":["https:\/\/redfoxlotto.com\/sr\/rezultati\/mega-sena\/"]}]},{"@type":"ImageObject","inLanguage":"sr-RS","@id":"https:\/\/redfoxlotto.com\/sr\/rezultati\/mega-sena\/#primaryimage","url":"https:\/\/content.redfoxlotto.com\/uploads\/sites\/9\/1_you_win_jackpot.jpg","contentUrl":"https:\/\/content.redfoxlotto.com\/uploads\/sites\/9\/1_you_win_jackpot.jpg"},{"@type":"BreadcrumbList","@id":"https:\/\/redfoxlotto.com\/sr\/rezultati\/mega-sena\/#breadcrumb","itemListElement":[{"@type":"ListItem","position":1,"name":"Home","item":"https:\/\/redfoxlotto.com\/sr\/"},{"@type":"ListItem","position":2,"name":"Rezultati me\u0111unarodne lutrije","item":"https:\/\/redfoxlotto.com\/sr\/rezultati\/"},{"@type":"ListItem","position":3,"name":"Rezultati Mega Sene"}]},{"@type":"WebSite","@id":"https:\/\/redfoxlotto.com\/sr\/#website","url":"https:\/\/redfoxlotto.com\/sr\/","name":"Get Tickets for the World\u2019s largest jackpots","description":"Participate in worldwide lottery jackpots from any country","publisher":{"@id":"https:\/\/redfoxlotto.com\/sr\/#organization"},"potentialAction":[{"@type":"SearchAction","target":{"@type":"EntryPoint","urlTemplate":"https:\/\/redfoxlotto.com\/sr\/?s={search_term_string}"},"query-input":{"@type":"PropertyValueSpecification","valueRequired":true,"valueName":"search_term_string"}}],"inLanguage":"sr-RS"},{"@type":"Organization","@id":"https:\/\/redfoxlotto.com\/sr\/#organization","name":"Get Tickets for the World\u2019s largest jackpots","url":"https:\/\/redfoxlotto.com\/sr\/","logo":{"@type":"ImageObject","inLanguage":"sr-RS","@id":"https:\/\/redfoxlotto.com\/sr\/#\/schema\/logo\/image\/","url":"https:\/\/redfoxlotto.com\/wp-content\/uploads\/2023\/04\/logo.png","contentUrl":"https:\/\/redfoxlotto.com\/wp-content\/uploads\/2023\/04\/logo.png","width":269,"height":53,"caption":"Get Tickets for the World\u2019s largest jackpots"},"image":{"@id":"https:\/\/redfoxlotto.com\/sr\/#\/schema\/logo\/image\/"}}]}},"_links":{"self":[{"href":"https:\/\/redfoxlotto.com\/sr\/wp-json\/wp\/v2\/pages\/13513","targetHints":{"allow":["GET"]}}],"collection":[{"href":"https:\/\/redfoxlotto.com\/sr\/wp-json\/wp\/v2\/pages"}],"about":[{"href":"https:\/\/redfoxlotto.com\/sr\/wp-json\/wp\/v2\/types\/page"}],"author":[{"embeddable":true,"href":"https:\/\/redfoxlotto.com\/sr\/wp-json\/wp\/v2\/users\/1"}],"replies":[{"embeddable":true,"href":"https:\/\/redfoxlotto.com\/sr\/wp-json\/wp\/v2\/comments?post=13513"}],"version-history":[{"count":0,"href":"https:\/\/redfoxlotto.com\/sr\/wp-json\/wp\/v2\/pages\/13513\/revisions"}],"up":[{"embeddable":true,"href":"https:\/\/redfoxlotto.com\/sr\/wp-json\/wp\/v2\/pages\/7310"}],"wp:attachment":[{"href":"https:\/\/redfoxlotto.com\/sr\/wp-json\/wp\/v2\/media?parent=13513"}],"curies":[{"name":"wp","href":"https:\/\/api.w.org\/{rel}","templated":true}]}}