{"id":13476,"date":"2020-08-18T09:14:14","date_gmt":"2020-08-18T09:14:14","guid":{"rendered":"https:\/\/redfoxlotto.com\/?page_id=13476"},"modified":"2020-08-18T17:23:57","modified_gmt":"2020-08-18T16:23:57","slug":"lotto-at","status":"publish","type":"page","link":"https:\/\/redfoxlotto.com\/sr\/rezultati\/lotto-at\/","title":{"rendered":"Rezultati Lotto Austria"},"content":{"rendered":"<h2 class=\"wp-block-heading\">Austrijski loto dobitni brojevi<\/h2><p>Gde c\u0301ete pronac\u0301i dobitne brojeve austrijskog Lota nakon zavr\u0161etka izvla\u010denja? Sve \u0161to trebate u\u010diniti je prijaviti se na na\u0161u veb stranicu na kojoj ste kupili karte i brojevi c\u0301e biti tu za vas.<\/p><h2 class=\"wp-block-heading\">Provera najnovijih rezultata<\/h2><p>Pomoc\u0301u RedFokLotto.com mo\u017eete pronac\u0301i najnovije rezultate za sve svoje omiljene igre dostupne direktno na na\u0161oj veb stranici. Ne morate da brinete o ne\u010demu, jer c\u0301e sve biti tamo. Ali ako ste kupili svoje karte, zapravo c\u0301e biti jo\u0161 lak\u0161e pronac\u0301i prave rezultate<\/p><h2 class=\"wp-block-heading\">Provera rezultata<\/h2><p>Ako va\u0161e karte imaju dobitne brojeve austrijskog Loto-a, to c\u0301ete znati odmah. To je zato \u0161to se samo prijavite na li\u010dni nalog, proverite \u201emoje karte\u201c i vidite koji se brojevi podudaraju sa pobedni\u010dkim brojevima iz najnovijih crte\u017ea.<\/p><p>Sve ulaznice koje kupite za bilo koju igru bic\u0301e dostupne ovde i moc\u0301i c\u0301ete da vidite koji su vam brojevi zajedni\u010dki sa dobitnom kartom, kao i \u0161ta ste mo\u017eda osvojili. Ako se radi o iznosu od \u20ac 2500,00, odmah c\u0301e vam biti deponovan na va\u0161 ra\u010dun.<\/p><h2 class=\"wp-block-heading\">Austrijska arhiva rezultata lotoa<\/h2><p>Jednom kada znate trenutne dobitne brojeve austrijskog Loto-a, mo\u017eda \u017eelite da znate neke stare. Sve \u0161to treba da uradite je da pogledate arhivu rezultata i mo\u017eete da vidite koji su brojevi pobedili u pro\u0161losti, a koji naj\u010de\u0161c\u0301e osvajaju.<\/p>","protected":false},"excerpt":{"rendered":"<p>Austrijski loto dobitni brojevi Gde c\u0301ete pronac\u0301i dobitne brojeve austrijskog Lota nakon zavr\u0161etka izvla\u010denja? Sve \u0161to trebate u\u010diniti je prijaviti se na na\u0161u veb stranicu na kojoj ste kupili karte i brojevi c\u0301e biti tu za vas. Provera najnovijih rezultata Pomoc\u0301u RedFokLotto.com mo\u017eete pronac\u0301i najnovije rezultate za sve svoje omiljene igre dostupne direktno na na\u0161oj [&hellip;]<\/p>\n","protected":false},"author":1,"featured_media":0,"parent":7310,"menu_order":16,"comment_status":"closed","ping_status":"closed","template":"","meta":{"_et_pb_use_builder":"","_et_pb_old_content":"","_et_gb_content_width":"","exclude_from_search":false,"footnotes":""},"class_list":["post-13476","page","type-page","status-publish","hentry"],"yoast_head":"<!-- This site is optimized with the Yoast SEO plugin v23.8 - https:\/\/yoast.com\/wordpress\/plugins\/seo\/ -->\n<title>Dobitni brojevi i rezultati za austrijsku lutriju<\/title>\n<meta name=\"description\" content=\"Novi i pro\u0161li nedeljni rezultati izvla\u010denja za austrijsku lutriju\" \/>\n<meta name=\"robots\" content=\"index, follow, max-snippet:-1, max-image-preview:large, max-video-preview:-1\" \/>\n<link rel=\"canonical\" href=\"https:\/\/redfoxlotto.com\/sr\/rezultati\/lotto-at\/\" \/>\n<meta property=\"og:locale\" content=\"sr_RS\" \/>\n<meta property=\"og:type\" content=\"article\" \/>\n<meta property=\"og:title\" content=\"Dobitni brojevi i rezultati za austrijsku lutriju\" \/>\n<meta property=\"og:description\" content=\"Novi i pro\u0161li nedeljni rezultati izvla\u010denja za austrijsku lutriju\" \/>\n<meta property=\"og:url\" content=\"https:\/\/redfoxlotto.com\/sr\/rezultati\/lotto-at\/\" \/>\n<meta property=\"og:site_name\" content=\"Get Tickets for the World\u2019s largest jackpots\" \/>\n<meta property=\"article:modified_time\" content=\"2020-08-18T16:23:57+00:00\" \/>\n<meta name=\"twitter:card\" content=\"summary_large_image\" \/>\n<meta name=\"twitter:label1\" content=\"\u041f\u0440\u043e\u0446\u0435\u045a\u0435\u043d\u043e \u0432\u0440\u0435\u043c\u0435 \u0447\u0438\u0442\u0430\u045a\u0430\" \/>\n\t<meta name=\"twitter:data1\" content=\"1 \u043c\u0438\u043d\u0443\u0442\" \/>\n<script type=\"application\/ld+json\" class=\"yoast-schema-graph\">{\"@context\":\"https:\/\/schema.org\",\"@graph\":[{\"@type\":\"WebPage\",\"@id\":\"https:\/\/redfoxlotto.com\/sr\/rezultati\/lotto-at\/\",\"url\":\"https:\/\/redfoxlotto.com\/sr\/rezultati\/lotto-at\/\",\"name\":\"Dobitni brojevi i rezultati za austrijsku lutriju\",\"isPartOf\":{\"@id\":\"https:\/\/redfoxlotto.com\/sr\/#website\"},\"datePublished\":\"2020-08-18T09:14:14+00:00\",\"dateModified\":\"2020-08-18T16:23:57+00:00\",\"description\":\"Novi i pro\u0161li nedeljni rezultati izvla\u010denja za austrijsku lutriju\",\"breadcrumb\":{\"@id\":\"https:\/\/redfoxlotto.com\/sr\/rezultati\/lotto-at\/#breadcrumb\"},\"inLanguage\":\"sr-RS\",\"potentialAction\":[{\"@type\":\"ReadAction\",\"target\":[\"https:\/\/redfoxlotto.com\/sr\/rezultati\/lotto-at\/\"]}]},{\"@type\":\"BreadcrumbList\",\"@id\":\"https:\/\/redfoxlotto.com\/sr\/rezultati\/lotto-at\/#breadcrumb\",\"itemListElement\":[{\"@type\":\"ListItem\",\"position\":1,\"name\":\"Home\",\"item\":\"https:\/\/redfoxlotto.com\/sr\/\"},{\"@type\":\"ListItem\",\"position\":2,\"name\":\"Rezultati me\u0111unarodne lutrije\",\"item\":\"https:\/\/redfoxlotto.com\/sr\/rezultati\/\"},{\"@type\":\"ListItem\",\"position\":3,\"name\":\"Rezultati Lotto Austria\"}]},{\"@type\":\"WebSite\",\"@id\":\"https:\/\/redfoxlotto.com\/sr\/#website\",\"url\":\"https:\/\/redfoxlotto.com\/sr\/\",\"name\":\"Get Tickets for the World\u2019s largest jackpots\",\"description\":\"Participate in worldwide lottery jackpots from any country\",\"publisher\":{\"@id\":\"https:\/\/redfoxlotto.com\/sr\/#organization\"},\"potentialAction\":[{\"@type\":\"SearchAction\",\"target\":{\"@type\":\"EntryPoint\",\"urlTemplate\":\"https:\/\/redfoxlotto.com\/sr\/?s={search_term_string}\"},\"query-input\":{\"@type\":\"PropertyValueSpecification\",\"valueRequired\":true,\"valueName\":\"search_term_string\"}}],\"inLanguage\":\"sr-RS\"},{\"@type\":\"Organization\",\"@id\":\"https:\/\/redfoxlotto.com\/sr\/#organization\",\"name\":\"Get Tickets for the World\u2019s largest jackpots\",\"url\":\"https:\/\/redfoxlotto.com\/sr\/\",\"logo\":{\"@type\":\"ImageObject\",\"inLanguage\":\"sr-RS\",\"@id\":\"https:\/\/redfoxlotto.com\/sr\/#\/schema\/logo\/image\/\",\"url\":\"https:\/\/redfoxlotto.com\/wp-content\/uploads\/2023\/04\/logo.png\",\"contentUrl\":\"https:\/\/redfoxlotto.com\/wp-content\/uploads\/2023\/04\/logo.png\",\"width\":269,\"height\":53,\"caption\":\"Get Tickets for the World\u2019s largest jackpots\"},\"image\":{\"@id\":\"https:\/\/redfoxlotto.com\/sr\/#\/schema\/logo\/image\/\"}}]}<\/script>\n<!-- \/ Yoast SEO plugin. -->","yoast_head_json":{"title":"Dobitni brojevi i rezultati za austrijsku lutriju","description":"Novi i pro\u0161li nedeljni rezultati izvla\u010denja za austrijsku lutriju","robots":{"index":"index","follow":"follow","max-snippet":"max-snippet:-1","max-image-preview":"max-image-preview:large","max-video-preview":"max-video-preview:-1"},"canonical":"https:\/\/redfoxlotto.com\/sr\/rezultati\/lotto-at\/","og_locale":"sr_RS","og_type":"article","og_title":"Dobitni brojevi i rezultati za austrijsku lutriju","og_description":"Novi i pro\u0161li nedeljni rezultati izvla\u010denja za austrijsku lutriju","og_url":"https:\/\/redfoxlotto.com\/sr\/rezultati\/lotto-at\/","og_site_name":"Get Tickets for the World\u2019s largest jackpots","article_modified_time":"2020-08-18T16:23:57+00:00","twitter_card":"summary_large_image","twitter_misc":{"\u041f\u0440\u043e\u0446\u0435\u045a\u0435\u043d\u043e \u0432\u0440\u0435\u043c\u0435 \u0447\u0438\u0442\u0430\u045a\u0430":"1 \u043c\u0438\u043d\u0443\u0442"},"schema":{"@context":"https:\/\/schema.org","@graph":[{"@type":"WebPage","@id":"https:\/\/redfoxlotto.com\/sr\/rezultati\/lotto-at\/","url":"https:\/\/redfoxlotto.com\/sr\/rezultati\/lotto-at\/","name":"Dobitni brojevi i rezultati za austrijsku lutriju","isPartOf":{"@id":"https:\/\/redfoxlotto.com\/sr\/#website"},"datePublished":"2020-08-18T09:14:14+00:00","dateModified":"2020-08-18T16:23:57+00:00","description":"Novi i pro\u0161li nedeljni rezultati izvla\u010denja za austrijsku lutriju","breadcrumb":{"@id":"https:\/\/redfoxlotto.com\/sr\/rezultati\/lotto-at\/#breadcrumb"},"inLanguage":"sr-RS","potentialAction":[{"@type":"ReadAction","target":["https:\/\/redfoxlotto.com\/sr\/rezultati\/lotto-at\/"]}]},{"@type":"BreadcrumbList","@id":"https:\/\/redfoxlotto.com\/sr\/rezultati\/lotto-at\/#breadcrumb","itemListElement":[{"@type":"ListItem","position":1,"name":"Home","item":"https:\/\/redfoxlotto.com\/sr\/"},{"@type":"ListItem","position":2,"name":"Rezultati me\u0111unarodne lutrije","item":"https:\/\/redfoxlotto.com\/sr\/rezultati\/"},{"@type":"ListItem","position":3,"name":"Rezultati Lotto Austria"}]},{"@type":"WebSite","@id":"https:\/\/redfoxlotto.com\/sr\/#website","url":"https:\/\/redfoxlotto.com\/sr\/","name":"Get Tickets for the World\u2019s largest jackpots","description":"Participate in worldwide lottery jackpots from any country","publisher":{"@id":"https:\/\/redfoxlotto.com\/sr\/#organization"},"potentialAction":[{"@type":"SearchAction","target":{"@type":"EntryPoint","urlTemplate":"https:\/\/redfoxlotto.com\/sr\/?s={search_term_string}"},"query-input":{"@type":"PropertyValueSpecification","valueRequired":true,"valueName":"search_term_string"}}],"inLanguage":"sr-RS"},{"@type":"Organization","@id":"https:\/\/redfoxlotto.com\/sr\/#organization","name":"Get Tickets for the World\u2019s largest jackpots","url":"https:\/\/redfoxlotto.com\/sr\/","logo":{"@type":"ImageObject","inLanguage":"sr-RS","@id":"https:\/\/redfoxlotto.com\/sr\/#\/schema\/logo\/image\/","url":"https:\/\/redfoxlotto.com\/wp-content\/uploads\/2023\/04\/logo.png","contentUrl":"https:\/\/redfoxlotto.com\/wp-content\/uploads\/2023\/04\/logo.png","width":269,"height":53,"caption":"Get Tickets for the World\u2019s largest jackpots"},"image":{"@id":"https:\/\/redfoxlotto.com\/sr\/#\/schema\/logo\/image\/"}}]}},"_links":{"self":[{"href":"https:\/\/redfoxlotto.com\/sr\/wp-json\/wp\/v2\/pages\/13476","targetHints":{"allow":["GET"]}}],"collection":[{"href":"https:\/\/redfoxlotto.com\/sr\/wp-json\/wp\/v2\/pages"}],"about":[{"href":"https:\/\/redfoxlotto.com\/sr\/wp-json\/wp\/v2\/types\/page"}],"author":[{"embeddable":true,"href":"https:\/\/redfoxlotto.com\/sr\/wp-json\/wp\/v2\/users\/1"}],"replies":[{"embeddable":true,"href":"https:\/\/redfoxlotto.com\/sr\/wp-json\/wp\/v2\/comments?post=13476"}],"version-history":[{"count":0,"href":"https:\/\/redfoxlotto.com\/sr\/wp-json\/wp\/v2\/pages\/13476\/revisions"}],"up":[{"embeddable":true,"href":"https:\/\/redfoxlotto.com\/sr\/wp-json\/wp\/v2\/pages\/7310"}],"wp:attachment":[{"href":"https:\/\/redfoxlotto.com\/sr\/wp-json\/wp\/v2\/media?parent=13476"}],"curies":[{"name":"wp","href":"https:\/\/api.w.org\/{rel}","templated":true}]}}