{"id":13444,"date":"2020-08-18T09:11:18","date_gmt":"2020-08-18T09:11:18","guid":{"rendered":"https:\/\/redfoxlotto.com\/?page_id=13444"},"modified":"2020-08-18T17:22:10","modified_gmt":"2020-08-18T16:22:10","slug":"lotto-america","status":"publish","type":"page","link":"https:\/\/redfoxlotto.com\/sr\/rezultati\/lotto-america\/","title":{"rendered":"Rezultati Loto Amerike"},"content":{"rendered":"<h2 class=\"wp-block-heading\">Preverite rezultate i vidite da li ste pobedili u Lotto Americi?<\/h2><p><img loading=\"lazy\" decoding=\"async\" class=\" wp-image alignright\" src=\"https:\/\/content.redfoxlotto.com\/uploads\/sites\/9\/1_draw_results_lotto.jpg\" alt=\" draw results lotto america\" width=\"278\" height=\"196\" \/><\/p><p>Kad izaberete brojeve i kupite kartu, kako c\u0301ete znati da li ste zaista pobedili? To je prili\u010dno jednostavno. Sve \u0161to trebate u\u010diniti je provjeriti RedFokLotto. Ako niste kupili karte, i dalje c\u0301ete moc\u0301i da vidite dobitne brojeve za sve najnovije igre, \u0161to zna\u010di da mo\u017eete shvatiti gde su vam kvote najbolje. Ako ste igrali, mo\u017eete se prijaviti direktno na svoj ra\u010dun da biste videli pobedni\u010dke brojeve i kako se upore\u0111uju va\u0161e karte. Moc\u0301i c\u0301ete da vidite bilo koji odgovarajuc\u0301i broj koji bi mogao da imate, tako da mo\u017eete videti na koji dobitak imate pravo. Nije da treba da brinete zbog toga, jer RedFokLotto vodi ra\u010duna o tom delu i za vas.<\/p><h2 class=\"wp-block-heading\">Pobeda u Americi Loto<\/h2><p><img decoding=\"async\" class=\"size-full wp-image alignright\" src=\"https:\/\/content.redfoxlotto.com\/uploads\/sites\/9\/1_winner_lottery1.jpg\" alt=\" winner lottery america\"><\/p><p>Ako pobedite u Lotto Americi ili bilo kojoj drugoj igri na mre\u017ei, on c\u0301e se pobrinuti za vas. Male nagrade c\u0301e biti isplac\u0301ene odmah po objavljivanju rezultata. Ne morate ni\u0161ta da preduzmete da biste preuzeli te nagrade. I bic\u0301e dodate direktno na va\u0161 ra\u010dun kako biste mogli da povu\u010dete novac ili da kupite drugu kartu.<\/p><p>Ako osvojite vec\u0301e nagrade, uslovi c\u0301e biti zavisno od lutrije koju igrate. Ako je to slu\u010daj, sve vam je pojednostavljeno koliko je moguc\u0301e, kako biste bili sigurni da mo\u017eete dobiti svoj dobitak sa manje gnjava\u017ee. Mi vodimo ra\u010duna o celom procesu. Na taj na\u010din mo\u017eete dobiti svoj novac \u0161to je br\u017ee moguc\u0301e.<\/p><p>Za nagrade za d\u017eekpot trebate popuniti neke papire ili poslati neki oblik verifikacije. Ako je to slu\u010daj, RedFokLotto vam olak\u0161ava \u0161to vi\u0161e mo\u017eete znati \u0161ta da radite. A to funkcionira za svaku lutrijsku igru koju mo\u017eete osvojiti od Lotto America do bilo kojeg drugog dostupnog na veb lokaciji.<\/p><h2 class=\"wp-block-heading\">Ponovo reprodukovanje<\/h2><p>Jednom kada budete spremni, mo\u017eete uzeti dobitak (ili polo\u017eiti vi\u0161e novca) i zapo\u010deti kupovinu karata za sledec\u0301u rundu igara koje \u017eelite da igrate. \u010cak se mo\u017eete iznenaditi koliko razli\u010ditih igara postoji i koliko biste potencijalno mogli da pobedite. Ali nec\u0301ete se iznenaditi koliko je zabavno igrati sve te razli\u010dite igre za sebe.<\/p>","protected":false},"excerpt":{"rendered":"<p>Preverite rezultate i vidite da li ste pobedili u Lotto Americi? Kad izaberete brojeve i kupite kartu, kako c\u0301ete znati da li ste zaista pobedili? To je prili\u010dno jednostavno. Sve \u0161to trebate u\u010diniti je provjeriti RedFokLotto. Ako niste kupili karte, i dalje c\u0301ete moc\u0301i da vidite dobitne brojeve za sve najnovije igre, \u0161to zna\u010di da [&hellip;]<\/p>\n","protected":false},"author":1,"featured_media":0,"parent":7310,"menu_order":12,"comment_status":"closed","ping_status":"closed","template":"lotto-america-results.php","meta":{"_et_pb_use_builder":"","_et_pb_old_content":"","_et_gb_content_width":"","exclude_from_search":false,"footnotes":""},"class_list":["post-13444","page","type-page","status-publish","hentry"],"yoast_head":"<!-- This site is optimized with the Yoast SEO plugin v23.8 - https:\/\/yoast.com\/wordpress\/plugins\/seo\/ -->\n<title>Lotto America izvla\u010di rezultate, osvajajuc\u0301i brojeve<\/title>\n<meta name=\"description\" content=\"Ovonedeljni pobedni\u010dki brojevi Lotto America, kao i arhiva rezultata\" \/>\n<meta name=\"robots\" content=\"index, follow, max-snippet:-1, max-image-preview:large, max-video-preview:-1\" \/>\n<link rel=\"canonical\" href=\"https:\/\/redfoxlotto.com\/sr\/rezultati\/lotto-america\/\" \/>\n<meta property=\"og:locale\" content=\"sr_RS\" \/>\n<meta property=\"og:type\" content=\"article\" \/>\n<meta property=\"og:title\" content=\"Lotto America izvla\u010di rezultate, osvajajuc\u0301i brojeve\" \/>\n<meta property=\"og:description\" content=\"Ovonedeljni pobedni\u010dki brojevi Lotto America, kao i arhiva rezultata\" \/>\n<meta property=\"og:url\" content=\"https:\/\/redfoxlotto.com\/sr\/rezultati\/lotto-america\/\" \/>\n<meta property=\"og:site_name\" content=\"Get Tickets for the World\u2019s largest jackpots\" \/>\n<meta property=\"article:modified_time\" content=\"2020-08-18T16:22:10+00:00\" \/>\n<meta property=\"og:image\" content=\"https:\/\/content.redfoxlotto.com\/uploads\/sites\/9\/1_draw_results_lotto.jpg\" \/>\n<meta name=\"twitter:card\" content=\"summary_large_image\" \/>\n<meta name=\"twitter:label1\" content=\"\u041f\u0440\u043e\u0446\u0435\u045a\u0435\u043d\u043e \u0432\u0440\u0435\u043c\u0435 \u0447\u0438\u0442\u0430\u045a\u0430\" \/>\n\t<meta name=\"twitter:data1\" content=\"2 \u043c\u0438\u043d\u0443\u0442\u0430\" \/>\n<script type=\"application\/ld+json\" class=\"yoast-schema-graph\">{\"@context\":\"https:\/\/schema.org\",\"@graph\":[{\"@type\":\"WebPage\",\"@id\":\"https:\/\/redfoxlotto.com\/sr\/rezultati\/lotto-america\/\",\"url\":\"https:\/\/redfoxlotto.com\/sr\/rezultati\/lotto-america\/\",\"name\":\"Lotto America izvla\u010di rezultate, osvajajuc\u0301i brojeve\",\"isPartOf\":{\"@id\":\"https:\/\/redfoxlotto.com\/sr\/#website\"},\"primaryImageOfPage\":{\"@id\":\"https:\/\/redfoxlotto.com\/sr\/rezultati\/lotto-america\/#primaryimage\"},\"image\":{\"@id\":\"https:\/\/redfoxlotto.com\/sr\/rezultati\/lotto-america\/#primaryimage\"},\"thumbnailUrl\":\"https:\/\/content.redfoxlotto.com\/uploads\/sites\/9\/1_draw_results_lotto.jpg\",\"datePublished\":\"2020-08-18T09:11:18+00:00\",\"dateModified\":\"2020-08-18T16:22:10+00:00\",\"description\":\"Ovonedeljni pobedni\u010dki brojevi Lotto America, kao i arhiva rezultata\",\"breadcrumb\":{\"@id\":\"https:\/\/redfoxlotto.com\/sr\/rezultati\/lotto-america\/#breadcrumb\"},\"inLanguage\":\"sr-RS\",\"potentialAction\":[{\"@type\":\"ReadAction\",\"target\":[\"https:\/\/redfoxlotto.com\/sr\/rezultati\/lotto-america\/\"]}]},{\"@type\":\"ImageObject\",\"inLanguage\":\"sr-RS\",\"@id\":\"https:\/\/redfoxlotto.com\/sr\/rezultati\/lotto-america\/#primaryimage\",\"url\":\"https:\/\/content.redfoxlotto.com\/uploads\/sites\/9\/1_draw_results_lotto.jpg\",\"contentUrl\":\"https:\/\/content.redfoxlotto.com\/uploads\/sites\/9\/1_draw_results_lotto.jpg\"},{\"@type\":\"BreadcrumbList\",\"@id\":\"https:\/\/redfoxlotto.com\/sr\/rezultati\/lotto-america\/#breadcrumb\",\"itemListElement\":[{\"@type\":\"ListItem\",\"position\":1,\"name\":\"Home\",\"item\":\"https:\/\/redfoxlotto.com\/sr\/\"},{\"@type\":\"ListItem\",\"position\":2,\"name\":\"Rezultati me\u0111unarodne lutrije\",\"item\":\"https:\/\/redfoxlotto.com\/sr\/rezultati\/\"},{\"@type\":\"ListItem\",\"position\":3,\"name\":\"Rezultati Loto Amerike\"}]},{\"@type\":\"WebSite\",\"@id\":\"https:\/\/redfoxlotto.com\/sr\/#website\",\"url\":\"https:\/\/redfoxlotto.com\/sr\/\",\"name\":\"Get Tickets for the World\u2019s largest jackpots\",\"description\":\"Participate in worldwide lottery jackpots from any country\",\"publisher\":{\"@id\":\"https:\/\/redfoxlotto.com\/sr\/#organization\"},\"potentialAction\":[{\"@type\":\"SearchAction\",\"target\":{\"@type\":\"EntryPoint\",\"urlTemplate\":\"https:\/\/redfoxlotto.com\/sr\/?s={search_term_string}\"},\"query-input\":{\"@type\":\"PropertyValueSpecification\",\"valueRequired\":true,\"valueName\":\"search_term_string\"}}],\"inLanguage\":\"sr-RS\"},{\"@type\":\"Organization\",\"@id\":\"https:\/\/redfoxlotto.com\/sr\/#organization\",\"name\":\"Get Tickets for the World\u2019s largest jackpots\",\"url\":\"https:\/\/redfoxlotto.com\/sr\/\",\"logo\":{\"@type\":\"ImageObject\",\"inLanguage\":\"sr-RS\",\"@id\":\"https:\/\/redfoxlotto.com\/sr\/#\/schema\/logo\/image\/\",\"url\":\"https:\/\/redfoxlotto.com\/wp-content\/uploads\/2023\/04\/logo.png\",\"contentUrl\":\"https:\/\/redfoxlotto.com\/wp-content\/uploads\/2023\/04\/logo.png\",\"width\":269,\"height\":53,\"caption\":\"Get Tickets for the World\u2019s largest jackpots\"},\"image\":{\"@id\":\"https:\/\/redfoxlotto.com\/sr\/#\/schema\/logo\/image\/\"}}]}<\/script>\n<!-- \/ Yoast SEO plugin. -->","yoast_head_json":{"title":"Lotto America izvla\u010di rezultate, osvajajuc\u0301i brojeve","description":"Ovonedeljni pobedni\u010dki brojevi Lotto America, kao i arhiva rezultata","robots":{"index":"index","follow":"follow","max-snippet":"max-snippet:-1","max-image-preview":"max-image-preview:large","max-video-preview":"max-video-preview:-1"},"canonical":"https:\/\/redfoxlotto.com\/sr\/rezultati\/lotto-america\/","og_locale":"sr_RS","og_type":"article","og_title":"Lotto America izvla\u010di rezultate, osvajajuc\u0301i brojeve","og_description":"Ovonedeljni pobedni\u010dki brojevi Lotto America, kao i arhiva rezultata","og_url":"https:\/\/redfoxlotto.com\/sr\/rezultati\/lotto-america\/","og_site_name":"Get Tickets for the World\u2019s largest jackpots","article_modified_time":"2020-08-18T16:22:10+00:00","og_image":[{"url":"https:\/\/content.redfoxlotto.com\/uploads\/sites\/9\/1_draw_results_lotto.jpg"}],"twitter_card":"summary_large_image","twitter_misc":{"\u041f\u0440\u043e\u0446\u0435\u045a\u0435\u043d\u043e \u0432\u0440\u0435\u043c\u0435 \u0447\u0438\u0442\u0430\u045a\u0430":"2 \u043c\u0438\u043d\u0443\u0442\u0430"},"schema":{"@context":"https:\/\/schema.org","@graph":[{"@type":"WebPage","@id":"https:\/\/redfoxlotto.com\/sr\/rezultati\/lotto-america\/","url":"https:\/\/redfoxlotto.com\/sr\/rezultati\/lotto-america\/","name":"Lotto America izvla\u010di rezultate, osvajajuc\u0301i brojeve","isPartOf":{"@id":"https:\/\/redfoxlotto.com\/sr\/#website"},"primaryImageOfPage":{"@id":"https:\/\/redfoxlotto.com\/sr\/rezultati\/lotto-america\/#primaryimage"},"image":{"@id":"https:\/\/redfoxlotto.com\/sr\/rezultati\/lotto-america\/#primaryimage"},"thumbnailUrl":"https:\/\/content.redfoxlotto.com\/uploads\/sites\/9\/1_draw_results_lotto.jpg","datePublished":"2020-08-18T09:11:18+00:00","dateModified":"2020-08-18T16:22:10+00:00","description":"Ovonedeljni pobedni\u010dki brojevi Lotto America, kao i arhiva rezultata","breadcrumb":{"@id":"https:\/\/redfoxlotto.com\/sr\/rezultati\/lotto-america\/#breadcrumb"},"inLanguage":"sr-RS","potentialAction":[{"@type":"ReadAction","target":["https:\/\/redfoxlotto.com\/sr\/rezultati\/lotto-america\/"]}]},{"@type":"ImageObject","inLanguage":"sr-RS","@id":"https:\/\/redfoxlotto.com\/sr\/rezultati\/lotto-america\/#primaryimage","url":"https:\/\/content.redfoxlotto.com\/uploads\/sites\/9\/1_draw_results_lotto.jpg","contentUrl":"https:\/\/content.redfoxlotto.com\/uploads\/sites\/9\/1_draw_results_lotto.jpg"},{"@type":"BreadcrumbList","@id":"https:\/\/redfoxlotto.com\/sr\/rezultati\/lotto-america\/#breadcrumb","itemListElement":[{"@type":"ListItem","position":1,"name":"Home","item":"https:\/\/redfoxlotto.com\/sr\/"},{"@type":"ListItem","position":2,"name":"Rezultati me\u0111unarodne lutrije","item":"https:\/\/redfoxlotto.com\/sr\/rezultati\/"},{"@type":"ListItem","position":3,"name":"Rezultati Loto Amerike"}]},{"@type":"WebSite","@id":"https:\/\/redfoxlotto.com\/sr\/#website","url":"https:\/\/redfoxlotto.com\/sr\/","name":"Get Tickets for the World\u2019s largest jackpots","description":"Participate in worldwide lottery jackpots from any country","publisher":{"@id":"https:\/\/redfoxlotto.com\/sr\/#organization"},"potentialAction":[{"@type":"SearchAction","target":{"@type":"EntryPoint","urlTemplate":"https:\/\/redfoxlotto.com\/sr\/?s={search_term_string}"},"query-input":{"@type":"PropertyValueSpecification","valueRequired":true,"valueName":"search_term_string"}}],"inLanguage":"sr-RS"},{"@type":"Organization","@id":"https:\/\/redfoxlotto.com\/sr\/#organization","name":"Get Tickets for the World\u2019s largest jackpots","url":"https:\/\/redfoxlotto.com\/sr\/","logo":{"@type":"ImageObject","inLanguage":"sr-RS","@id":"https:\/\/redfoxlotto.com\/sr\/#\/schema\/logo\/image\/","url":"https:\/\/redfoxlotto.com\/wp-content\/uploads\/2023\/04\/logo.png","contentUrl":"https:\/\/redfoxlotto.com\/wp-content\/uploads\/2023\/04\/logo.png","width":269,"height":53,"caption":"Get Tickets for the World\u2019s largest jackpots"},"image":{"@id":"https:\/\/redfoxlotto.com\/sr\/#\/schema\/logo\/image\/"}}]}},"_links":{"self":[{"href":"https:\/\/redfoxlotto.com\/sr\/wp-json\/wp\/v2\/pages\/13444","targetHints":{"allow":["GET"]}}],"collection":[{"href":"https:\/\/redfoxlotto.com\/sr\/wp-json\/wp\/v2\/pages"}],"about":[{"href":"https:\/\/redfoxlotto.com\/sr\/wp-json\/wp\/v2\/types\/page"}],"author":[{"embeddable":true,"href":"https:\/\/redfoxlotto.com\/sr\/wp-json\/wp\/v2\/users\/1"}],"replies":[{"embeddable":true,"href":"https:\/\/redfoxlotto.com\/sr\/wp-json\/wp\/v2\/comments?post=13444"}],"version-history":[{"count":0,"href":"https:\/\/redfoxlotto.com\/sr\/wp-json\/wp\/v2\/pages\/13444\/revisions"}],"up":[{"embeddable":true,"href":"https:\/\/redfoxlotto.com\/sr\/wp-json\/wp\/v2\/pages\/7310"}],"wp:attachment":[{"href":"https:\/\/redfoxlotto.com\/sr\/wp-json\/wp\/v2\/media?parent=13444"}],"curies":[{"name":"wp","href":"https:\/\/api.w.org\/{rel}","templated":true}]}}