{"id":13379,"date":"2020-08-18T09:23:56","date_gmt":"2020-08-18T09:23:56","guid":{"rendered":"https:\/\/redfoxlotto.com\/?page_id=13379"},"modified":"2020-08-18T17:17:48","modified_gmt":"2020-08-18T16:17:48","slug":"lotto-6aus49","status":"publish","type":"page","link":"https:\/\/redfoxlotto.com\/sr\/rezultati\/lotto-6aus49\/","title":{"rendered":"Rezultati Nema\u010dke Lotto"},"content":{"rendered":"<h2 class=\"wp-block-heading\">Nema\u010dki Lotto 6aus49 Dobitni brojevi<\/h2><p><img decoding=\"async\" class=\"size-full wp-image alignright\" src=\"https:\/\/content.redfoxlotto.com\/uploads\/sites\/9\/1_draw_results_lotto2.jpg\" alt=\"lotto results germany  \" \/><\/p>\n<p>\u00a0<\/p><p>Ako ste igrali nema\u010dki Lotto, \u017eelite da znate da li ste ne\u0161to osvojili, a to zna\u010di da treba da znate pobedni\u010dke brojeve. Ili ako \u017eelite igrati neke od brojeva koji su nedavno pobijedili ili naj\u010de\u0161c\u0301e morate znati koji su ti brojevi, ali kako provjeriti njema\u010dke Lotto 6aus49 dobitne brojeve?<\/p><h2 class=\"wp-block-heading\">Provera najnovijih rezultata<\/h2><p>Najnovije rezultate ove loto igre mo\u017eete proveriti direktno na mre\u017ei, a mo\u017eete to i sa RedFokLotto.com. Sve \u0161to treba da uradite je da posetite veb lokaciju i moc\u0301i c\u0301ete da vidite pobedni\u010dke brojeve za sve va\u0161e omiljene igre.<\/p><p>Ako ste stvarno igrali ovu igru (ili bilo koju drugu), mo\u017eete se prijaviti na svoj nalog da biste tamo proverili dobitne brojeve i na taj na\u010din c\u0301ete saznati da li ste ne\u0161to osvojili.<\/p><p><img loading=\"lazy\" decoding=\"async\" class=\" wp-image alignright\" src=\"https:\/\/content.redfoxlotto.com\/uploads\/sites\/9\/1_win_lottery_prizes.jpg\" alt=\" win lottery \" width=\"270\" height=\"180\" \/><\/p><h2 class=\"wp-block-heading\">Da li ste pobedili<\/h2><p>Ako ste igrali bilo koju od loto igara na na\u0161oj veb lokaciji i pobedili c\u0301ete odmah, jer se mo\u017eete prijaviti na svoj nalog i videti dobitne brojeve u pore\u0111enju sa va\u0161im. Svi va\u0161i podudarni brojevi bit c\u0301e istaknuti kako biste ih mogli vidjeti. I va\u0161a dobit c\u0301e se automatski staviti na va\u0161 ra\u010dun.<\/p><h2 class=\"wp-block-heading\">Provera starih brojeva<\/h2><p>Ako \u017eelite da znate neke od pobedni\u010dkih brojeva Nema\u010dke loto 6aus49 pre nego \u0161to mo\u017eete da pogledate arhivu rezultata. Pronac\u0301i c\u0301ete stare brojeve koje mo\u017eete koristiti za sve \u0161to \u017eelite.<\/p>","protected":false},"excerpt":{"rendered":"<p>Nema\u010dki Lotto 6aus49 Dobitni brojevi \u00a0 Ako ste igrali nema\u010dki Lotto, \u017eelite da znate da li ste ne\u0161to osvojili, a to zna\u010di da treba da znate pobedni\u010dke brojeve. Ili ako \u017eelite igrati neke od brojeva koji su nedavno pobijedili ili naj\u010de\u0161c\u0301e morate znati koji su ti brojevi, ali kako provjeriti njema\u010dke Lotto 6aus49 dobitne brojeve? [&hellip;]<\/p>\n","protected":false},"author":1,"featured_media":0,"parent":7310,"menu_order":15,"comment_status":"closed","ping_status":"closed","template":"lotto-german-results.php","meta":{"_et_pb_use_builder":"","_et_pb_old_content":"","_et_gb_content_width":"","exclude_from_search":false,"footnotes":""},"class_list":["post-13379","page","type-page","status-publish","hentry"],"yoast_head":"<!-- This site is optimized with the Yoast SEO plugin v23.8 - https:\/\/yoast.com\/wordpress\/plugins\/seo\/ -->\n<title>Nema\u010dki loto izvla\u010di rezultate i dobitne kombinacije brojeva, plus arhivu<\/title>\n<meta name=\"description\" content=\"Da li ste izabrali pobedni\u010dke brojeve za nema\u010dku Loto? Rezultate izvla\u010denja pogledajte na na\u0161oj veb lokaciji\" \/>\n<meta name=\"robots\" content=\"index, follow, max-snippet:-1, max-image-preview:large, max-video-preview:-1\" \/>\n<link rel=\"canonical\" href=\"https:\/\/redfoxlotto.com\/sr\/rezultati\/lotto-6aus49\/\" \/>\n<meta property=\"og:locale\" content=\"sr_RS\" \/>\n<meta property=\"og:type\" content=\"article\" \/>\n<meta property=\"og:title\" content=\"Nema\u010dki loto izvla\u010di rezultate i dobitne kombinacije brojeva, plus arhivu\" \/>\n<meta property=\"og:description\" content=\"Da li ste izabrali pobedni\u010dke brojeve za nema\u010dku Loto? Rezultate izvla\u010denja pogledajte na na\u0161oj veb lokaciji\" \/>\n<meta property=\"og:url\" content=\"https:\/\/redfoxlotto.com\/sr\/rezultati\/lotto-6aus49\/\" \/>\n<meta property=\"og:site_name\" content=\"Get Tickets for the World\u2019s largest jackpots\" \/>\n<meta property=\"article:modified_time\" content=\"2020-08-18T16:17:48+00:00\" \/>\n<meta property=\"og:image\" content=\"https:\/\/content.redfoxlotto.com\/uploads\/sites\/9\/1_draw_results_lotto2.jpg\" \/>\n<meta name=\"twitter:card\" content=\"summary_large_image\" \/>\n<meta name=\"twitter:label1\" content=\"\u041f\u0440\u043e\u0446\u0435\u045a\u0435\u043d\u043e \u0432\u0440\u0435\u043c\u0435 \u0447\u0438\u0442\u0430\u045a\u0430\" \/>\n\t<meta name=\"twitter:data1\" content=\"2 \u043c\u0438\u043d\u0443\u0442\u0430\" \/>\n<script type=\"application\/ld+json\" class=\"yoast-schema-graph\">{\"@context\":\"https:\/\/schema.org\",\"@graph\":[{\"@type\":\"WebPage\",\"@id\":\"https:\/\/redfoxlotto.com\/sr\/rezultati\/lotto-6aus49\/\",\"url\":\"https:\/\/redfoxlotto.com\/sr\/rezultati\/lotto-6aus49\/\",\"name\":\"Nema\u010dki loto izvla\u010di rezultate i dobitne kombinacije brojeva, plus arhivu\",\"isPartOf\":{\"@id\":\"https:\/\/redfoxlotto.com\/sr\/#website\"},\"primaryImageOfPage\":{\"@id\":\"https:\/\/redfoxlotto.com\/sr\/rezultati\/lotto-6aus49\/#primaryimage\"},\"image\":{\"@id\":\"https:\/\/redfoxlotto.com\/sr\/rezultati\/lotto-6aus49\/#primaryimage\"},\"thumbnailUrl\":\"https:\/\/content.redfoxlotto.com\/uploads\/sites\/9\/1_draw_results_lotto2.jpg\",\"datePublished\":\"2020-08-18T09:23:56+00:00\",\"dateModified\":\"2020-08-18T16:17:48+00:00\",\"description\":\"Da li ste izabrali pobedni\u010dke brojeve za nema\u010dku Loto? Rezultate izvla\u010denja pogledajte na na\u0161oj veb lokaciji\",\"breadcrumb\":{\"@id\":\"https:\/\/redfoxlotto.com\/sr\/rezultati\/lotto-6aus49\/#breadcrumb\"},\"inLanguage\":\"sr-RS\",\"potentialAction\":[{\"@type\":\"ReadAction\",\"target\":[\"https:\/\/redfoxlotto.com\/sr\/rezultati\/lotto-6aus49\/\"]}]},{\"@type\":\"ImageObject\",\"inLanguage\":\"sr-RS\",\"@id\":\"https:\/\/redfoxlotto.com\/sr\/rezultati\/lotto-6aus49\/#primaryimage\",\"url\":\"https:\/\/content.redfoxlotto.com\/uploads\/sites\/9\/1_draw_results_lotto2.jpg\",\"contentUrl\":\"https:\/\/content.redfoxlotto.com\/uploads\/sites\/9\/1_draw_results_lotto2.jpg\"},{\"@type\":\"BreadcrumbList\",\"@id\":\"https:\/\/redfoxlotto.com\/sr\/rezultati\/lotto-6aus49\/#breadcrumb\",\"itemListElement\":[{\"@type\":\"ListItem\",\"position\":1,\"name\":\"Home\",\"item\":\"https:\/\/redfoxlotto.com\/sr\/\"},{\"@type\":\"ListItem\",\"position\":2,\"name\":\"Rezultati me\u0111unarodne lutrije\",\"item\":\"https:\/\/redfoxlotto.com\/sr\/rezultati\/\"},{\"@type\":\"ListItem\",\"position\":3,\"name\":\"Rezultati Nema\u010dke Lotto\"}]},{\"@type\":\"WebSite\",\"@id\":\"https:\/\/redfoxlotto.com\/sr\/#website\",\"url\":\"https:\/\/redfoxlotto.com\/sr\/\",\"name\":\"Get Tickets for the World\u2019s largest jackpots\",\"description\":\"Participate in worldwide lottery jackpots from any country\",\"publisher\":{\"@id\":\"https:\/\/redfoxlotto.com\/sr\/#organization\"},\"potentialAction\":[{\"@type\":\"SearchAction\",\"target\":{\"@type\":\"EntryPoint\",\"urlTemplate\":\"https:\/\/redfoxlotto.com\/sr\/?s={search_term_string}\"},\"query-input\":{\"@type\":\"PropertyValueSpecification\",\"valueRequired\":true,\"valueName\":\"search_term_string\"}}],\"inLanguage\":\"sr-RS\"},{\"@type\":\"Organization\",\"@id\":\"https:\/\/redfoxlotto.com\/sr\/#organization\",\"name\":\"Get Tickets for the World\u2019s largest jackpots\",\"url\":\"https:\/\/redfoxlotto.com\/sr\/\",\"logo\":{\"@type\":\"ImageObject\",\"inLanguage\":\"sr-RS\",\"@id\":\"https:\/\/redfoxlotto.com\/sr\/#\/schema\/logo\/image\/\",\"url\":\"https:\/\/redfoxlotto.com\/wp-content\/uploads\/2023\/04\/logo.png\",\"contentUrl\":\"https:\/\/redfoxlotto.com\/wp-content\/uploads\/2023\/04\/logo.png\",\"width\":269,\"height\":53,\"caption\":\"Get Tickets for the World\u2019s largest jackpots\"},\"image\":{\"@id\":\"https:\/\/redfoxlotto.com\/sr\/#\/schema\/logo\/image\/\"}}]}<\/script>\n<!-- \/ Yoast SEO plugin. -->","yoast_head_json":{"title":"Nema\u010dki loto izvla\u010di rezultate i dobitne kombinacije brojeva, plus arhivu","description":"Da li ste izabrali pobedni\u010dke brojeve za nema\u010dku Loto? Rezultate izvla\u010denja pogledajte na na\u0161oj veb lokaciji","robots":{"index":"index","follow":"follow","max-snippet":"max-snippet:-1","max-image-preview":"max-image-preview:large","max-video-preview":"max-video-preview:-1"},"canonical":"https:\/\/redfoxlotto.com\/sr\/rezultati\/lotto-6aus49\/","og_locale":"sr_RS","og_type":"article","og_title":"Nema\u010dki loto izvla\u010di rezultate i dobitne kombinacije brojeva, plus arhivu","og_description":"Da li ste izabrali pobedni\u010dke brojeve za nema\u010dku Loto? Rezultate izvla\u010denja pogledajte na na\u0161oj veb lokaciji","og_url":"https:\/\/redfoxlotto.com\/sr\/rezultati\/lotto-6aus49\/","og_site_name":"Get Tickets for the World\u2019s largest jackpots","article_modified_time":"2020-08-18T16:17:48+00:00","og_image":[{"url":"https:\/\/content.redfoxlotto.com\/uploads\/sites\/9\/1_draw_results_lotto2.jpg"}],"twitter_card":"summary_large_image","twitter_misc":{"\u041f\u0440\u043e\u0446\u0435\u045a\u0435\u043d\u043e \u0432\u0440\u0435\u043c\u0435 \u0447\u0438\u0442\u0430\u045a\u0430":"2 \u043c\u0438\u043d\u0443\u0442\u0430"},"schema":{"@context":"https:\/\/schema.org","@graph":[{"@type":"WebPage","@id":"https:\/\/redfoxlotto.com\/sr\/rezultati\/lotto-6aus49\/","url":"https:\/\/redfoxlotto.com\/sr\/rezultati\/lotto-6aus49\/","name":"Nema\u010dki loto izvla\u010di rezultate i dobitne kombinacije brojeva, plus arhivu","isPartOf":{"@id":"https:\/\/redfoxlotto.com\/sr\/#website"},"primaryImageOfPage":{"@id":"https:\/\/redfoxlotto.com\/sr\/rezultati\/lotto-6aus49\/#primaryimage"},"image":{"@id":"https:\/\/redfoxlotto.com\/sr\/rezultati\/lotto-6aus49\/#primaryimage"},"thumbnailUrl":"https:\/\/content.redfoxlotto.com\/uploads\/sites\/9\/1_draw_results_lotto2.jpg","datePublished":"2020-08-18T09:23:56+00:00","dateModified":"2020-08-18T16:17:48+00:00","description":"Da li ste izabrali pobedni\u010dke brojeve za nema\u010dku Loto? Rezultate izvla\u010denja pogledajte na na\u0161oj veb lokaciji","breadcrumb":{"@id":"https:\/\/redfoxlotto.com\/sr\/rezultati\/lotto-6aus49\/#breadcrumb"},"inLanguage":"sr-RS","potentialAction":[{"@type":"ReadAction","target":["https:\/\/redfoxlotto.com\/sr\/rezultati\/lotto-6aus49\/"]}]},{"@type":"ImageObject","inLanguage":"sr-RS","@id":"https:\/\/redfoxlotto.com\/sr\/rezultati\/lotto-6aus49\/#primaryimage","url":"https:\/\/content.redfoxlotto.com\/uploads\/sites\/9\/1_draw_results_lotto2.jpg","contentUrl":"https:\/\/content.redfoxlotto.com\/uploads\/sites\/9\/1_draw_results_lotto2.jpg"},{"@type":"BreadcrumbList","@id":"https:\/\/redfoxlotto.com\/sr\/rezultati\/lotto-6aus49\/#breadcrumb","itemListElement":[{"@type":"ListItem","position":1,"name":"Home","item":"https:\/\/redfoxlotto.com\/sr\/"},{"@type":"ListItem","position":2,"name":"Rezultati me\u0111unarodne lutrije","item":"https:\/\/redfoxlotto.com\/sr\/rezultati\/"},{"@type":"ListItem","position":3,"name":"Rezultati Nema\u010dke Lotto"}]},{"@type":"WebSite","@id":"https:\/\/redfoxlotto.com\/sr\/#website","url":"https:\/\/redfoxlotto.com\/sr\/","name":"Get Tickets for the World\u2019s largest jackpots","description":"Participate in worldwide lottery jackpots from any country","publisher":{"@id":"https:\/\/redfoxlotto.com\/sr\/#organization"},"potentialAction":[{"@type":"SearchAction","target":{"@type":"EntryPoint","urlTemplate":"https:\/\/redfoxlotto.com\/sr\/?s={search_term_string}"},"query-input":{"@type":"PropertyValueSpecification","valueRequired":true,"valueName":"search_term_string"}}],"inLanguage":"sr-RS"},{"@type":"Organization","@id":"https:\/\/redfoxlotto.com\/sr\/#organization","name":"Get Tickets for the World\u2019s largest jackpots","url":"https:\/\/redfoxlotto.com\/sr\/","logo":{"@type":"ImageObject","inLanguage":"sr-RS","@id":"https:\/\/redfoxlotto.com\/sr\/#\/schema\/logo\/image\/","url":"https:\/\/redfoxlotto.com\/wp-content\/uploads\/2023\/04\/logo.png","contentUrl":"https:\/\/redfoxlotto.com\/wp-content\/uploads\/2023\/04\/logo.png","width":269,"height":53,"caption":"Get Tickets for the World\u2019s largest jackpots"},"image":{"@id":"https:\/\/redfoxlotto.com\/sr\/#\/schema\/logo\/image\/"}}]}},"_links":{"self":[{"href":"https:\/\/redfoxlotto.com\/sr\/wp-json\/wp\/v2\/pages\/13379","targetHints":{"allow":["GET"]}}],"collection":[{"href":"https:\/\/redfoxlotto.com\/sr\/wp-json\/wp\/v2\/pages"}],"about":[{"href":"https:\/\/redfoxlotto.com\/sr\/wp-json\/wp\/v2\/types\/page"}],"author":[{"embeddable":true,"href":"https:\/\/redfoxlotto.com\/sr\/wp-json\/wp\/v2\/users\/1"}],"replies":[{"embeddable":true,"href":"https:\/\/redfoxlotto.com\/sr\/wp-json\/wp\/v2\/comments?post=13379"}],"version-history":[{"count":0,"href":"https:\/\/redfoxlotto.com\/sr\/wp-json\/wp\/v2\/pages\/13379\/revisions"}],"up":[{"embeddable":true,"href":"https:\/\/redfoxlotto.com\/sr\/wp-json\/wp\/v2\/pages\/7310"}],"wp:attachment":[{"href":"https:\/\/redfoxlotto.com\/sr\/wp-json\/wp\/v2\/media?parent=13379"}],"curies":[{"name":"wp","href":"https:\/\/api.w.org\/{rel}","templated":true}]}}