{"id":12946,"date":"2020-07-20T09:03:43","date_gmt":"2020-07-20T09:03:43","guid":{"rendered":"https:\/\/redfoxlotto.com\/?page_id=12946"},"modified":"2020-08-18T16:37:26","modified_gmt":"2020-08-18T15:37:26","slug":"quina","status":"publish","type":"page","link":"https:\/\/redfoxlotto.com\/sr\/igrati\/quina\/","title":{"rendered":"Mo\u017eete igrati Kuina Lotto na mre\u017ei"},"content":{"rendered":"<p>Na osnovu Brazila, Kuina lutrija izvla\u010di pet brojeva za svaki od svojih crte\u017ea. Vi birate brojeve izme\u0111u 1 i 80, a na vama je samo da odaberete brojeve. Ili mo\u017eete odabrati jednostavnu opciju odabira koja vam daje slu\u010dajne brojeve.<\/p><h2 class=\"wp-block-heading\">Gledanje crte\u017ea<\/h2><p><img decoding=\"async\" class=\"size-full wp-image alignright\" src=\"https:\/\/content.redfoxlotto.com\/uploads\/sites\/9\/1_play_lotto_online_and_win.jpg\" alt=\"Quina Lotto\"><\/p><p>Izvla\u010denje se odr\u017eava svakog utorka, srede, \u010detvrtka, petka i subote, tako da c\u0301ete imati puno moguc\u0301nosti da isprobate i puno \u0161ansi za pobedu. U stvari, \u0161anse zapravo nisu lo\u0161e u pore\u0111enju sa sli\u010dnim igrama. I dobic\u0301ete drugo polje sa najvec\u0301im brojevima za bilo koju igru loto sveta u kojoj je izabrano samo pet brojeva.<\/p><h2 class=\"wp-block-heading\">Kupovina ulaznice<\/h2><p>Kada ste spremni da odaberete kartu, birate brojeve i koliko crte\u017ea \u017eelite da igrate. To je sve. Ako \u017eelite, mo\u017eete kupiti vi\u0161e karata za isti crte\u017e ili mo\u017eete kupiti jednu kartu koja je dobra za vi\u0161e crte\u017ea. Postoji mnogo opcija koje mo\u017eete izabrati.<\/p><h2 class=\"wp-block-heading\">Dobijanje rezultata<\/h2><p>Jednom kada se crte\u017e odr\u017ei, mo\u017eete se prijaviti da li ste lako osvojili ne\u0161to. To je zato \u0161to na RedFokLotto.com upore\u0111ujemo va\u0161e brojeve sa pobedni\u010dkim brojevima kako bismo vas obavestili da li ste pobedili. A onda c\u0301emo dobiti dobitak za vas.<br>Sve \u0161to trebate je da se prijavite i vidite \u0161ta ste osvojili i iskoristite za kupovinu novih karata. Ili novac mo\u017eete podic\u0301i kad god \u017eelite.<\/p>","protected":false},"excerpt":{"rendered":"<p>Na osnovu Brazila, Kuina lutrija izvla\u010di pet brojeva za svaki od svojih crte\u017ea. Vi birate brojeve izme\u0111u 1 i 80, a na vama je samo da odaberete brojeve. Ili mo\u017eete odabrati jednostavnu opciju odabira koja vam daje slu\u010dajne brojeve. Gledanje crte\u017ea Izvla\u010denje se odr\u017eava svakog utorka, srede, \u010detvrtka, petka i subote, tako da c\u0301ete imati [&hellip;]<\/p>\n","protected":false},"author":1,"featured_media":0,"parent":7318,"menu_order":14,"comment_status":"closed","ping_status":"closed","template":"","meta":{"_et_pb_use_builder":"","_et_pb_old_content":"","_et_gb_content_width":"","exclude_from_search":false,"footnotes":""},"class_list":["post-12946","page","type-page","status-publish","hentry"],"yoast_head":"<!-- This site is optimized with the Yoast SEO plugin v23.8 - https:\/\/yoast.com\/wordpress\/plugins\/seo\/ -->\n<title>U\u010destvujte u Kuina Lotto na mre\u017ei<\/title>\n<meta name=\"description\" content=\"Kuina lutrija na mre\u017ei - igrajte iz bilo koje zemlje!\" \/>\n<meta name=\"robots\" content=\"index, follow, max-snippet:-1, max-image-preview:large, max-video-preview:-1\" \/>\n<link rel=\"canonical\" href=\"https:\/\/redfoxlotto.com\/sr\/igrati\/quina\/\" \/>\n<meta property=\"og:locale\" content=\"sr_RS\" \/>\n<meta property=\"og:type\" content=\"article\" \/>\n<meta property=\"og:title\" content=\"U\u010destvujte u Kuina Lotto na mre\u017ei\" \/>\n<meta property=\"og:description\" content=\"Kuina lutrija na mre\u017ei - igrajte iz bilo koje zemlje!\" \/>\n<meta property=\"og:url\" content=\"https:\/\/redfoxlotto.com\/sr\/igrati\/quina\/\" \/>\n<meta property=\"og:site_name\" content=\"Get Tickets for the World\u2019s largest jackpots\" \/>\n<meta property=\"article:modified_time\" content=\"2020-08-18T15:37:26+00:00\" \/>\n<meta property=\"og:image\" content=\"https:\/\/content.redfoxlotto.com\/uploads\/sites\/9\/1_play_lotto_online_and_win.jpg\" \/>\n<meta name=\"twitter:card\" content=\"summary_large_image\" \/>\n<meta name=\"twitter:label1\" content=\"\u041f\u0440\u043e\u0446\u0435\u045a\u0435\u043d\u043e \u0432\u0440\u0435\u043c\u0435 \u0447\u0438\u0442\u0430\u045a\u0430\" \/>\n\t<meta name=\"twitter:data1\" content=\"2 \u043c\u0438\u043d\u0443\u0442\u0430\" \/>\n<script type=\"application\/ld+json\" class=\"yoast-schema-graph\">{\"@context\":\"https:\/\/schema.org\",\"@graph\":[{\"@type\":\"WebPage\",\"@id\":\"https:\/\/redfoxlotto.com\/sr\/igrati\/quina\/\",\"url\":\"https:\/\/redfoxlotto.com\/sr\/igrati\/quina\/\",\"name\":\"U\u010destvujte u Kuina Lotto na mre\u017ei\",\"isPartOf\":{\"@id\":\"https:\/\/redfoxlotto.com\/sr\/#website\"},\"primaryImageOfPage\":{\"@id\":\"https:\/\/redfoxlotto.com\/sr\/igrati\/quina\/#primaryimage\"},\"image\":{\"@id\":\"https:\/\/redfoxlotto.com\/sr\/igrati\/quina\/#primaryimage\"},\"thumbnailUrl\":\"https:\/\/content.redfoxlotto.com\/uploads\/sites\/9\/1_play_lotto_online_and_win.jpg\",\"datePublished\":\"2020-07-20T09:03:43+00:00\",\"dateModified\":\"2020-08-18T15:37:26+00:00\",\"description\":\"Kuina lutrija na mre\u017ei - igrajte iz bilo koje zemlje!\",\"breadcrumb\":{\"@id\":\"https:\/\/redfoxlotto.com\/sr\/igrati\/quina\/#breadcrumb\"},\"inLanguage\":\"sr-RS\",\"potentialAction\":[{\"@type\":\"ReadAction\",\"target\":[\"https:\/\/redfoxlotto.com\/sr\/igrati\/quina\/\"]}]},{\"@type\":\"ImageObject\",\"inLanguage\":\"sr-RS\",\"@id\":\"https:\/\/redfoxlotto.com\/sr\/igrati\/quina\/#primaryimage\",\"url\":\"https:\/\/content.redfoxlotto.com\/uploads\/sites\/9\/1_play_lotto_online_and_win.jpg\",\"contentUrl\":\"https:\/\/content.redfoxlotto.com\/uploads\/sites\/9\/1_play_lotto_online_and_win.jpg\"},{\"@type\":\"BreadcrumbList\",\"@id\":\"https:\/\/redfoxlotto.com\/sr\/igrati\/quina\/#breadcrumb\",\"itemListElement\":[{\"@type\":\"ListItem\",\"position\":1,\"name\":\"Home\",\"item\":\"https:\/\/redfoxlotto.com\/sr\/\"},{\"@type\":\"ListItem\",\"position\":2,\"name\":\"Kako u\u010destvovati u lutrijama drugih zemalja\",\"item\":\"https:\/\/redfoxlotto.com\/sr\/igrati\/\"},{\"@type\":\"ListItem\",\"position\":3,\"name\":\"Mo\u017eete igrati Kuina Lotto na mre\u017ei\"}]},{\"@type\":\"WebSite\",\"@id\":\"https:\/\/redfoxlotto.com\/sr\/#website\",\"url\":\"https:\/\/redfoxlotto.com\/sr\/\",\"name\":\"Get Tickets for the World\u2019s largest jackpots\",\"description\":\"Participate in worldwide lottery jackpots from any country\",\"publisher\":{\"@id\":\"https:\/\/redfoxlotto.com\/sr\/#organization\"},\"potentialAction\":[{\"@type\":\"SearchAction\",\"target\":{\"@type\":\"EntryPoint\",\"urlTemplate\":\"https:\/\/redfoxlotto.com\/sr\/?s={search_term_string}\"},\"query-input\":{\"@type\":\"PropertyValueSpecification\",\"valueRequired\":true,\"valueName\":\"search_term_string\"}}],\"inLanguage\":\"sr-RS\"},{\"@type\":\"Organization\",\"@id\":\"https:\/\/redfoxlotto.com\/sr\/#organization\",\"name\":\"Get Tickets for the World\u2019s largest jackpots\",\"url\":\"https:\/\/redfoxlotto.com\/sr\/\",\"logo\":{\"@type\":\"ImageObject\",\"inLanguage\":\"sr-RS\",\"@id\":\"https:\/\/redfoxlotto.com\/sr\/#\/schema\/logo\/image\/\",\"url\":\"https:\/\/redfoxlotto.com\/wp-content\/uploads\/2023\/04\/logo.png\",\"contentUrl\":\"https:\/\/redfoxlotto.com\/wp-content\/uploads\/2023\/04\/logo.png\",\"width\":269,\"height\":53,\"caption\":\"Get Tickets for the World\u2019s largest jackpots\"},\"image\":{\"@id\":\"https:\/\/redfoxlotto.com\/sr\/#\/schema\/logo\/image\/\"}}]}<\/script>\n<!-- \/ Yoast SEO plugin. -->","yoast_head_json":{"title":"U\u010destvujte u Kuina Lotto na mre\u017ei","description":"Kuina lutrija na mre\u017ei - igrajte iz bilo koje zemlje!","robots":{"index":"index","follow":"follow","max-snippet":"max-snippet:-1","max-image-preview":"max-image-preview:large","max-video-preview":"max-video-preview:-1"},"canonical":"https:\/\/redfoxlotto.com\/sr\/igrati\/quina\/","og_locale":"sr_RS","og_type":"article","og_title":"U\u010destvujte u Kuina Lotto na mre\u017ei","og_description":"Kuina lutrija na mre\u017ei - igrajte iz bilo koje zemlje!","og_url":"https:\/\/redfoxlotto.com\/sr\/igrati\/quina\/","og_site_name":"Get Tickets for the World\u2019s largest jackpots","article_modified_time":"2020-08-18T15:37:26+00:00","og_image":[{"url":"https:\/\/content.redfoxlotto.com\/uploads\/sites\/9\/1_play_lotto_online_and_win.jpg"}],"twitter_card":"summary_large_image","twitter_misc":{"\u041f\u0440\u043e\u0446\u0435\u045a\u0435\u043d\u043e \u0432\u0440\u0435\u043c\u0435 \u0447\u0438\u0442\u0430\u045a\u0430":"2 \u043c\u0438\u043d\u0443\u0442\u0430"},"schema":{"@context":"https:\/\/schema.org","@graph":[{"@type":"WebPage","@id":"https:\/\/redfoxlotto.com\/sr\/igrati\/quina\/","url":"https:\/\/redfoxlotto.com\/sr\/igrati\/quina\/","name":"U\u010destvujte u Kuina Lotto na mre\u017ei","isPartOf":{"@id":"https:\/\/redfoxlotto.com\/sr\/#website"},"primaryImageOfPage":{"@id":"https:\/\/redfoxlotto.com\/sr\/igrati\/quina\/#primaryimage"},"image":{"@id":"https:\/\/redfoxlotto.com\/sr\/igrati\/quina\/#primaryimage"},"thumbnailUrl":"https:\/\/content.redfoxlotto.com\/uploads\/sites\/9\/1_play_lotto_online_and_win.jpg","datePublished":"2020-07-20T09:03:43+00:00","dateModified":"2020-08-18T15:37:26+00:00","description":"Kuina lutrija na mre\u017ei - igrajte iz bilo koje zemlje!","breadcrumb":{"@id":"https:\/\/redfoxlotto.com\/sr\/igrati\/quina\/#breadcrumb"},"inLanguage":"sr-RS","potentialAction":[{"@type":"ReadAction","target":["https:\/\/redfoxlotto.com\/sr\/igrati\/quina\/"]}]},{"@type":"ImageObject","inLanguage":"sr-RS","@id":"https:\/\/redfoxlotto.com\/sr\/igrati\/quina\/#primaryimage","url":"https:\/\/content.redfoxlotto.com\/uploads\/sites\/9\/1_play_lotto_online_and_win.jpg","contentUrl":"https:\/\/content.redfoxlotto.com\/uploads\/sites\/9\/1_play_lotto_online_and_win.jpg"},{"@type":"BreadcrumbList","@id":"https:\/\/redfoxlotto.com\/sr\/igrati\/quina\/#breadcrumb","itemListElement":[{"@type":"ListItem","position":1,"name":"Home","item":"https:\/\/redfoxlotto.com\/sr\/"},{"@type":"ListItem","position":2,"name":"Kako u\u010destvovati u lutrijama drugih zemalja","item":"https:\/\/redfoxlotto.com\/sr\/igrati\/"},{"@type":"ListItem","position":3,"name":"Mo\u017eete igrati Kuina Lotto na mre\u017ei"}]},{"@type":"WebSite","@id":"https:\/\/redfoxlotto.com\/sr\/#website","url":"https:\/\/redfoxlotto.com\/sr\/","name":"Get Tickets for the World\u2019s largest jackpots","description":"Participate in worldwide lottery jackpots from any country","publisher":{"@id":"https:\/\/redfoxlotto.com\/sr\/#organization"},"potentialAction":[{"@type":"SearchAction","target":{"@type":"EntryPoint","urlTemplate":"https:\/\/redfoxlotto.com\/sr\/?s={search_term_string}"},"query-input":{"@type":"PropertyValueSpecification","valueRequired":true,"valueName":"search_term_string"}}],"inLanguage":"sr-RS"},{"@type":"Organization","@id":"https:\/\/redfoxlotto.com\/sr\/#organization","name":"Get Tickets for the World\u2019s largest jackpots","url":"https:\/\/redfoxlotto.com\/sr\/","logo":{"@type":"ImageObject","inLanguage":"sr-RS","@id":"https:\/\/redfoxlotto.com\/sr\/#\/schema\/logo\/image\/","url":"https:\/\/redfoxlotto.com\/wp-content\/uploads\/2023\/04\/logo.png","contentUrl":"https:\/\/redfoxlotto.com\/wp-content\/uploads\/2023\/04\/logo.png","width":269,"height":53,"caption":"Get Tickets for the World\u2019s largest jackpots"},"image":{"@id":"https:\/\/redfoxlotto.com\/sr\/#\/schema\/logo\/image\/"}}]}},"_links":{"self":[{"href":"https:\/\/redfoxlotto.com\/sr\/wp-json\/wp\/v2\/pages\/12946","targetHints":{"allow":["GET"]}}],"collection":[{"href":"https:\/\/redfoxlotto.com\/sr\/wp-json\/wp\/v2\/pages"}],"about":[{"href":"https:\/\/redfoxlotto.com\/sr\/wp-json\/wp\/v2\/types\/page"}],"author":[{"embeddable":true,"href":"https:\/\/redfoxlotto.com\/sr\/wp-json\/wp\/v2\/users\/1"}],"replies":[{"embeddable":true,"href":"https:\/\/redfoxlotto.com\/sr\/wp-json\/wp\/v2\/comments?post=12946"}],"version-history":[{"count":0,"href":"https:\/\/redfoxlotto.com\/sr\/wp-json\/wp\/v2\/pages\/12946\/revisions"}],"up":[{"embeddable":true,"href":"https:\/\/redfoxlotto.com\/sr\/wp-json\/wp\/v2\/pages\/7318"}],"wp:attachment":[{"href":"https:\/\/redfoxlotto.com\/sr\/wp-json\/wp\/v2\/media?parent=12946"}],"curies":[{"name":"wp","href":"https:\/\/api.w.org\/{rel}","templated":true}]}}