{"id":87677,"date":"2025-05-19T09:08:38","date_gmt":"2025-05-19T09:08:38","guid":{"rendered":"https:\/\/redfoxlotto.com\/?page_id=87677"},"modified":"2025-05-28T07:14:02","modified_gmt":"2025-05-28T07:14:02","slug":"euromillions-eu","status":"publish","type":"page","link":"https:\/\/redfoxlotto.com\/sl\/loterije\/euromillions-eu\/","title":{"rendered":"O Euromillions EU"},"content":{"rendered":"<p data-start=\"64\" data-end=\"634\">EuroMillions EU je ena najve\u010djih in najbolj priljubljenih loterij v Evropi, ki vsak teden pritegne milijone udele\u017eencev zaradi mo\u017enosti osvajanja \u017eivljenjsko prelomnih jackpotov. Loterija, uradno znana kot evropska razli\u010dica igre EuroMillions, je zelo priljubljena v ve\u010d evropskih dr\u017eavah, vklju\u010dno s Francijo, \u0160panijo, Avstrijo, Belgijo, Irsko, Luksemburgom, Portugalsko in \u0160vico. Za\u010dela je delovati 13. februarja 2004 in je sprva obsegala samo Francijo, \u0160panijo in Zdru\u017eeno kraljestvo, nato pa se je \u017ee oktobra istega leta hitro raz\u0161irila na druge evropske dr\u017eave.<\/p>\n<p><img loading=\"lazy\" decoding=\"async\" class=\"size-full wp-image-48546 alignright\" src=\"https:\/\/redfoxlotto.com\/wp-content\/uploads\/2023\/04\/powerball-draw-youtube1-300x300-1.jpg\" alt=\"euromillions\" width=\"300\" height=\"300\" srcset=\"https:\/\/redfoxlotto.com\/wp-content\/uploads\/2023\/04\/powerball-draw-youtube1-300x300-1.jpg 300w, https:\/\/redfoxlotto.com\/wp-content\/uploads\/2023\/04\/powerball-draw-youtube1-300x300-1-100x100.jpg 100w, https:\/\/redfoxlotto.com\/wp-content\/uploads\/2023\/04\/powerball-draw-youtube1-300x300-1-150x150.jpg 150w\" sizes=\"auto, (max-width: 300px) 100vw, 300px\" \/><\/p>\n<p data-start=\"636\" data-end=\"932\">Vsaka sodelujo\u010da dr\u017eava ima svoj nacionalni organ za loterijo, ki je odgovoren za prodajo sre\u010dk, izpla\u010dila nagrad in podporo igralcem. Kljub tej decentralizaciji vse sodelujo\u010de dr\u017eave sledijo enotnim pravilom, dolo\u010denim nagradnim razredom in urnikom \u017erebanj, kar zagotavlja enotnost in po\u0161tenost.<\/p>\n<p data-start=\"934\" data-end=\"1364\">\u017drebanja za loterijo EuroMillions EU potekajo dvakrat tedensko \u2013 ob torkih in petkih zve\u010der. Igra uporablja sistem dvojne matrike: igralec izbere pet \u0161tevilk med 1 in 50 ter dve dodatni \u0161tevilki, imenovani \u00bbSre\u010dni zvezdi\u00ab, med 1 in 12. Za osvojitev jackpota je treba pravilno izbrati vseh sedem \u0161tevilk. Na voljo pa je tudi ve\u010d sekundarnih nagradnih razredov, ki ponujajo dodatne mo\u017enosti za osvajanje manj\u0161ih, a pomembnih nagrad.<\/p>\n<p data-start=\"1366\" data-end=\"1766\">Klju\u010dna razlika med EU in britansko razli\u010dico igre EuroMillions je ekskluzivna dodatna igra v Zdru\u017eenem kraljestvu, imenovana <strong data-start=\"1492\" data-end=\"1513\">Millionaire Maker<\/strong>. Ta igra zagotavlja, da vsakokratno \u017erebanje prinese vsaj enega novega milijonarja iz Velike Britanije. Zaradi te funkcije so sre\u010dke v Zdru\u017eenem kraljestvu znatno dra\u017eje kot drugod v Evropi. Za ve\u010d informacij o britanski razli\u010dici obi\u0161\u010dite RedFoxLotto.<\/p>\n<p data-start=\"1768\" data-end=\"2221\">Za igralce zunaj sodelujo\u010dih dr\u017eav ali zunaj Evropske unije se morda zdi, da sodelovanje v loteriji EuroMillions EU ni mogo\u010de. Vendar pa so mednarodne storitve za posredovanje pri nakupu loterijskih sre\u010dk omogo\u010dile enostaven dostop. V praksi se sre\u010dke za tuje igralce najpogosteje kupujejo v Avstriji. Dobro organizirana avstrijska loterijska infrastruktura omogo\u010da ljudem z vsega sveta zakonito sodelovanje v \u017erebanjih in mo\u017enost za osvojitev jackpota.<\/p>\n<p data-start=\"2223\" data-end=\"2557\">Kar zadeva nagrade, EuroMillions EU ponuja visoke minimalne in maksimalne jackpot zneske, s \u010dimer ohranja zanimanje in navdu\u0161enje igralcev. <strong data-start=\"2363\" data-end=\"2409\">Minimalni jackpot zna\u0161a 17 milijonov evrov<\/strong>, kar \u017ee samo po sebi lahko spremeni \u017eivljenje posameznika. Najvi\u0161ji znesek jackpota se je skozi leta pove\u010dal in zdaj zna\u0161a <strong data-start=\"2533\" data-end=\"2556\">250 milijonov evrov<\/strong>.<\/p>\n<p data-start=\"2559\" data-end=\"2794\">Ko jackpot dose\u017ee <strong data-start=\"2577\" data-end=\"2600\">200 milijonov evrov<\/strong>, se spro\u017eijo posebna pravila. Jackpot lahko ostane na tej ravni ali vi\u0161ji najve\u010d \u0161tiri zaporedna \u017erebanja. \u010ce ga nih\u010de ne osvoji, se celoten znesek porazdeli na naslednjo najvi\u0161jo raven nagrad.<\/p>\n<p data-start=\"2796\" data-end=\"3062\">Ko jackpot dose\u017ee <strong data-start=\"2814\" data-end=\"2837\">250 milijonov evrov<\/strong>, se ista pravila uporabijo znova. \u010ce tudi po \u0161tirih zaporednih \u017erebanjih ni zmagovalca glavne nagrade, se pri petem \u017erebanju celotni znesek porazdeli med zmagovalce drugega razreda, kar pogosto pomeni ve\u010d novih milijonarjev.<\/p>\n<p data-start=\"3064\" data-end=\"3352\">Tak\u0161ni mehanizmi &#8220;preliva jackpota&#8221; ustvarjajo dodatno strategijo in dramati\u010dnost igre. Ko se jackpot pribli\u017ea zgornji meji, prodaja sre\u010dk skokovito naraste, igralci pa poka\u017eejo \u0161e ve\u010dje navdu\u0161enje. Visoke vsote pritegnejo tudi pozornost medijev, kar dodatno pove\u010duje priljubljenost igre.<\/p>\n<p data-start=\"3354\" data-end=\"3587\">Loterija EuroMillions je skozi zgodovino ustvarila \u0161tevilne znane zmagovalce po vsej Evropi, ki jim je \u017eivljenje obrnila na glavo. Avstrija se \u0161e posebej izpostavlja kot dr\u017eava z aktivno bazo igralcev in velikim \u0161tevilom zmagovalcev.<\/p>\n<p data-start=\"3589\" data-end=\"3894\">Zaradi enostavne globalne dostopnosti, pregledne strukture in potencialno visokih nagrad je EuroMillions EU zelo privla\u010dna izbira za igralce z vsega sveta. Njena prisotnost v klju\u010dnih evropskih dr\u017eavah zagotavlja kulturno raznolikost igralcev, visoki jackpoti pa vedno znova pritegnejo pozornost javnosti.<\/p>\n<p data-start=\"3896\" data-end=\"4105\">Igralci izven Evrope lahko varno sodelujejo prek zanesljivih posredni\u0161kih storitev, ki fizi\u010dno kupujejo sre\u010dke v Avstriji, jih skenirajo, nalo\u017eijo v uporabni\u0161ki ra\u010dun in neposredno izpla\u010dajo morebitne dobitke.<\/p>\n<p data-start=\"4107\" data-end=\"4486\"><strong data-start=\"4107\" data-end=\"4121\">Zaklju\u010dek:<\/strong> EuroMillions EU je s svojo trdno strukturo, jasno dolo\u010denimi pravili in izjemnim potencialom nagrad izjemna mo\u017enost za ljubitelje loterij po vsem svetu. Zagotovljen sklad <strong data-start=\"4293\" data-end=\"4315\">17 milijonov evrov<\/strong>, zgornja meja <strong data-start=\"4330\" data-end=\"4353\">250 milijonov evrov<\/strong> ter dinami\u010dna pravila prerazporeditve pomenijo napetost, razburljivost in prilo\u017enosti za velike dobitke po vsej Evropi in izven nje.<\/p>\n","protected":false},"excerpt":{"rendered":"<p>EuroMillions EU je ena najve\u010djih in najbolj priljubljenih loterij v Evropi, ki vsak teden pritegne milijone udele\u017eencev zaradi mo\u017enosti osvajanja \u017eivljenjsko prelomnih jackpotov. Loterija, uradno znana kot evropska razli\u010dica igre EuroMillions, je zelo priljubljena v ve\u010d evropskih dr\u017eavah, vklju\u010dno s Francijo, \u0160panijo, Avstrijo, Belgijo, Irsko, Luksemburgom, Portugalsko in \u0160vico. Za\u010dela je delovati 13. februarja 2004 [&hellip;]<\/p>\n","protected":false},"author":8,"featured_media":0,"parent":17289,"menu_order":4,"comment_status":"closed","ping_status":"closed","template":"euromillions-at-info.php","meta":{"_et_pb_use_builder":"","_et_pb_old_content":"","_et_gb_content_width":"","exclude_from_search":false,"footnotes":""},"class_list":["post-87677","page","type-page","status-publish","hentry"],"yoast_head":"<!-- This site is optimized with the Yoast SEO plugin v27.4 - https:\/\/yoast.com\/product\/yoast-seo-wordpress\/ -->\n<title>Nakup vstopnic Euromillions prek spleta zunaj EU<\/title>\n<meta name=\"description\" content=\"Kako kupiti spletne vstopnice Euromillions za razli\u010dico Euromillions v Zdru\u017eenem kraljestvu in EU. Kupite vstopnice od koder koli, tudi zunaj EU.\" \/>\n<meta name=\"robots\" content=\"index, follow, max-snippet:-1, max-image-preview:large, max-video-preview:-1\" \/>\n<link rel=\"canonical\" href=\"https:\/\/redfoxlotto.com\/sl\/loterije\/euromillions-eu\/\" \/>\n<meta property=\"og:locale\" content=\"sl_SI\" \/>\n<meta property=\"og:type\" content=\"article\" \/>\n<meta property=\"og:title\" content=\"Nakup vstopnic Euromillions prek spleta zunaj EU\" \/>\n<meta property=\"og:description\" content=\"Kako kupiti spletne vstopnice Euromillions za razli\u010dico Euromillions v Zdru\u017eenem kraljestvu in EU. Kupite vstopnice od koder koli, tudi zunaj EU.\" \/>\n<meta property=\"og:url\" content=\"https:\/\/redfoxlotto.com\/sl\/loterije\/euromillions-eu\/\" \/>\n<meta property=\"og:site_name\" content=\"Get Tickets for the World\u2019s largest jackpots\" \/>\n<meta property=\"article:modified_time\" content=\"2025-05-28T07:14:02+00:00\" \/>\n<meta property=\"og:image\" content=\"https:\/\/redfoxlotto.com\/wp-content\/uploads\/2023\/04\/powerball-draw-youtube1-300x300-1.jpg\" \/>\n<meta name=\"twitter:card\" content=\"summary_large_image\" \/>\n<meta name=\"twitter:label1\" content=\"Est. reading time\" \/>\n\t<meta name=\"twitter:data1\" content=\"3 minute\" \/>\n<script type=\"application\/ld+json\" class=\"yoast-schema-graph\">{\"@context\":\"https:\\\/\\\/schema.org\",\"@graph\":[{\"@type\":\"WebPage\",\"@id\":\"https:\\\/\\\/redfoxlotto.com\\\/sl\\\/loterije\\\/euromillions-eu\\\/\",\"url\":\"https:\\\/\\\/redfoxlotto.com\\\/sl\\\/loterije\\\/euromillions-eu\\\/\",\"name\":\"Nakup vstopnic Euromillions prek spleta zunaj EU\",\"isPartOf\":{\"@id\":\"https:\\\/\\\/redfoxlotto.com\\\/sl\\\/#website\"},\"primaryImageOfPage\":{\"@id\":\"https:\\\/\\\/redfoxlotto.com\\\/sl\\\/loterije\\\/euromillions-eu\\\/#primaryimage\"},\"image\":{\"@id\":\"https:\\\/\\\/redfoxlotto.com\\\/sl\\\/loterije\\\/euromillions-eu\\\/#primaryimage\"},\"thumbnailUrl\":\"https:\\\/\\\/redfoxlotto.com\\\/wp-content\\\/uploads\\\/2023\\\/04\\\/powerball-draw-youtube1-300x300-1.jpg\",\"datePublished\":\"2025-05-19T09:08:38+00:00\",\"dateModified\":\"2025-05-28T07:14:02+00:00\",\"description\":\"Kako kupiti spletne vstopnice Euromillions za razli\u010dico Euromillions v Zdru\u017eenem kraljestvu in EU. Kupite vstopnice od koder koli, tudi zunaj EU.\",\"breadcrumb\":{\"@id\":\"https:\\\/\\\/redfoxlotto.com\\\/sl\\\/loterije\\\/euromillions-eu\\\/#breadcrumb\"},\"inLanguage\":\"sl-SI\",\"potentialAction\":[{\"@type\":\"ReadAction\",\"target\":[\"https:\\\/\\\/redfoxlotto.com\\\/sl\\\/loterije\\\/euromillions-eu\\\/\"]}]},{\"@type\":\"ImageObject\",\"inLanguage\":\"sl-SI\",\"@id\":\"https:\\\/\\\/redfoxlotto.com\\\/sl\\\/loterije\\\/euromillions-eu\\\/#primaryimage\",\"url\":\"https:\\\/\\\/redfoxlotto.com\\\/wp-content\\\/uploads\\\/2023\\\/04\\\/powerball-draw-youtube1-300x300-1.jpg\",\"contentUrl\":\"https:\\\/\\\/redfoxlotto.com\\\/wp-content\\\/uploads\\\/2023\\\/04\\\/powerball-draw-youtube1-300x300-1.jpg\"},{\"@type\":\"BreadcrumbList\",\"@id\":\"https:\\\/\\\/redfoxlotto.com\\\/sl\\\/loterije\\\/euromillions-eu\\\/#breadcrumb\",\"itemListElement\":[{\"@type\":\"ListItem\",\"position\":1,\"name\":\"Home\",\"item\":\"https:\\\/\\\/redfoxlotto.com\\\/sl\\\/\"},{\"@type\":\"ListItem\",\"position\":2,\"name\":\"Kako vpla\u010dati loterijske listke prek spleta &#8211; postopek nakupa\",\"item\":\"https:\\\/\\\/redfoxlotto.com\\\/sl\\\/loterije\\\/\"},{\"@type\":\"ListItem\",\"position\":3,\"name\":\"O Euromillions EU\"}]},{\"@type\":\"WebSite\",\"@id\":\"https:\\\/\\\/redfoxlotto.com\\\/sl\\\/#website\",\"url\":\"https:\\\/\\\/redfoxlotto.com\\\/sl\\\/\",\"name\":\"Get Tickets for the World\u2019s largest jackpots\",\"description\":\"Participate in worldwide lottery jackpots from any country\",\"publisher\":{\"@id\":\"https:\\\/\\\/redfoxlotto.com\\\/sl\\\/#organization\"},\"potentialAction\":[{\"@type\":\"SearchAction\",\"target\":{\"@type\":\"EntryPoint\",\"urlTemplate\":\"https:\\\/\\\/redfoxlotto.com\\\/sl\\\/?s={search_term_string}\"},\"query-input\":{\"@type\":\"PropertyValueSpecification\",\"valueRequired\":true,\"valueName\":\"search_term_string\"}}],\"inLanguage\":\"sl-SI\"},{\"@type\":\"Organization\",\"@id\":\"https:\\\/\\\/redfoxlotto.com\\\/sl\\\/#organization\",\"name\":\"Get Tickets for the World\u2019s largest jackpots\",\"url\":\"https:\\\/\\\/redfoxlotto.com\\\/sl\\\/\",\"logo\":{\"@type\":\"ImageObject\",\"inLanguage\":\"sl-SI\",\"@id\":\"https:\\\/\\\/redfoxlotto.com\\\/sl\\\/#\\\/schema\\\/logo\\\/image\\\/\",\"url\":\"https:\\\/\\\/redfoxlotto.com\\\/wp-content\\\/uploads\\\/2023\\\/04\\\/logo.png\",\"contentUrl\":\"https:\\\/\\\/redfoxlotto.com\\\/wp-content\\\/uploads\\\/2023\\\/04\\\/logo.png\",\"width\":269,\"height\":53,\"caption\":\"Get Tickets for the World\u2019s largest jackpots\"},\"image\":{\"@id\":\"https:\\\/\\\/redfoxlotto.com\\\/sl\\\/#\\\/schema\\\/logo\\\/image\\\/\"}}]}<\/script>\n<!-- \/ Yoast SEO plugin. -->","yoast_head_json":{"title":"Nakup vstopnic Euromillions prek spleta zunaj EU","description":"Kako kupiti spletne vstopnice Euromillions za razli\u010dico Euromillions v Zdru\u017eenem kraljestvu in EU. Kupite vstopnice od koder koli, tudi zunaj EU.","robots":{"index":"index","follow":"follow","max-snippet":"max-snippet:-1","max-image-preview":"max-image-preview:large","max-video-preview":"max-video-preview:-1"},"canonical":"https:\/\/redfoxlotto.com\/sl\/loterije\/euromillions-eu\/","og_locale":"sl_SI","og_type":"article","og_title":"Nakup vstopnic Euromillions prek spleta zunaj EU","og_description":"Kako kupiti spletne vstopnice Euromillions za razli\u010dico Euromillions v Zdru\u017eenem kraljestvu in EU. Kupite vstopnice od koder koli, tudi zunaj EU.","og_url":"https:\/\/redfoxlotto.com\/sl\/loterije\/euromillions-eu\/","og_site_name":"Get Tickets for the World\u2019s largest jackpots","article_modified_time":"2025-05-28T07:14:02+00:00","og_image":[{"url":"https:\/\/redfoxlotto.com\/wp-content\/uploads\/2023\/04\/powerball-draw-youtube1-300x300-1.jpg","type":"","width":"","height":""}],"twitter_card":"summary_large_image","twitter_misc":{"Est. reading time":"3 minute"},"schema":{"@context":"https:\/\/schema.org","@graph":[{"@type":"WebPage","@id":"https:\/\/redfoxlotto.com\/sl\/loterije\/euromillions-eu\/","url":"https:\/\/redfoxlotto.com\/sl\/loterije\/euromillions-eu\/","name":"Nakup vstopnic Euromillions prek spleta zunaj EU","isPartOf":{"@id":"https:\/\/redfoxlotto.com\/sl\/#website"},"primaryImageOfPage":{"@id":"https:\/\/redfoxlotto.com\/sl\/loterije\/euromillions-eu\/#primaryimage"},"image":{"@id":"https:\/\/redfoxlotto.com\/sl\/loterije\/euromillions-eu\/#primaryimage"},"thumbnailUrl":"https:\/\/redfoxlotto.com\/wp-content\/uploads\/2023\/04\/powerball-draw-youtube1-300x300-1.jpg","datePublished":"2025-05-19T09:08:38+00:00","dateModified":"2025-05-28T07:14:02+00:00","description":"Kako kupiti spletne vstopnice Euromillions za razli\u010dico Euromillions v Zdru\u017eenem kraljestvu in EU. Kupite vstopnice od koder koli, tudi zunaj EU.","breadcrumb":{"@id":"https:\/\/redfoxlotto.com\/sl\/loterije\/euromillions-eu\/#breadcrumb"},"inLanguage":"sl-SI","potentialAction":[{"@type":"ReadAction","target":["https:\/\/redfoxlotto.com\/sl\/loterije\/euromillions-eu\/"]}]},{"@type":"ImageObject","inLanguage":"sl-SI","@id":"https:\/\/redfoxlotto.com\/sl\/loterije\/euromillions-eu\/#primaryimage","url":"https:\/\/redfoxlotto.com\/wp-content\/uploads\/2023\/04\/powerball-draw-youtube1-300x300-1.jpg","contentUrl":"https:\/\/redfoxlotto.com\/wp-content\/uploads\/2023\/04\/powerball-draw-youtube1-300x300-1.jpg"},{"@type":"BreadcrumbList","@id":"https:\/\/redfoxlotto.com\/sl\/loterije\/euromillions-eu\/#breadcrumb","itemListElement":[{"@type":"ListItem","position":1,"name":"Home","item":"https:\/\/redfoxlotto.com\/sl\/"},{"@type":"ListItem","position":2,"name":"Kako vpla\u010dati loterijske listke prek spleta &#8211; postopek nakupa","item":"https:\/\/redfoxlotto.com\/sl\/loterije\/"},{"@type":"ListItem","position":3,"name":"O Euromillions EU"}]},{"@type":"WebSite","@id":"https:\/\/redfoxlotto.com\/sl\/#website","url":"https:\/\/redfoxlotto.com\/sl\/","name":"Get Tickets for the World\u2019s largest jackpots","description":"Participate in worldwide lottery jackpots from any country","publisher":{"@id":"https:\/\/redfoxlotto.com\/sl\/#organization"},"potentialAction":[{"@type":"SearchAction","target":{"@type":"EntryPoint","urlTemplate":"https:\/\/redfoxlotto.com\/sl\/?s={search_term_string}"},"query-input":{"@type":"PropertyValueSpecification","valueRequired":true,"valueName":"search_term_string"}}],"inLanguage":"sl-SI"},{"@type":"Organization","@id":"https:\/\/redfoxlotto.com\/sl\/#organization","name":"Get Tickets for the World\u2019s largest jackpots","url":"https:\/\/redfoxlotto.com\/sl\/","logo":{"@type":"ImageObject","inLanguage":"sl-SI","@id":"https:\/\/redfoxlotto.com\/sl\/#\/schema\/logo\/image\/","url":"https:\/\/redfoxlotto.com\/wp-content\/uploads\/2023\/04\/logo.png","contentUrl":"https:\/\/redfoxlotto.com\/wp-content\/uploads\/2023\/04\/logo.png","width":269,"height":53,"caption":"Get Tickets for the World\u2019s largest jackpots"},"image":{"@id":"https:\/\/redfoxlotto.com\/sl\/#\/schema\/logo\/image\/"}}]}},"_links":{"self":[{"href":"https:\/\/redfoxlotto.com\/sl\/wp-json\/wp\/v2\/pages\/87677","targetHints":{"allow":["GET"]}}],"collection":[{"href":"https:\/\/redfoxlotto.com\/sl\/wp-json\/wp\/v2\/pages"}],"about":[{"href":"https:\/\/redfoxlotto.com\/sl\/wp-json\/wp\/v2\/types\/page"}],"author":[{"embeddable":true,"href":"https:\/\/redfoxlotto.com\/sl\/wp-json\/wp\/v2\/users\/8"}],"replies":[{"embeddable":true,"href":"https:\/\/redfoxlotto.com\/sl\/wp-json\/wp\/v2\/comments?post=87677"}],"version-history":[{"count":0,"href":"https:\/\/redfoxlotto.com\/sl\/wp-json\/wp\/v2\/pages\/87677\/revisions"}],"up":[{"embeddable":true,"href":"https:\/\/redfoxlotto.com\/sl\/wp-json\/wp\/v2\/pages\/17289"}],"wp:attachment":[{"href":"https:\/\/redfoxlotto.com\/sl\/wp-json\/wp\/v2\/media?parent=87677"}],"curies":[{"name":"wp","href":"https:\/\/api.w.org\/{rel}","templated":true}]}}