{"id":87614,"date":"2025-05-19T09:07:38","date_gmt":"2025-05-19T09:07:38","guid":{"rendered":"https:\/\/redfoxlotto.com\/?page_id=87614"},"modified":"2025-12-17T07:05:36","modified_gmt":"2025-12-17T07:05:36","slug":"euromillions-eu","status":"publish","type":"page","link":"https:\/\/redfoxlotto.com\/sl\/igraj\/euromillions-eu\/","title":{"rendered":"Igranje Euromillions EU"},"content":{"rendered":"<p><script type=\"application\/ld+json\">\n{\n  \"@context\": \"https:\/\/schema.org\",\n  \"@type\": \"Service\",\n  \"name\": \"Igrajte Euromillions Online\",\n  \"url\": \"https:\/\/redfoxlotto.com\/sl\/igraj\/euromillions\/\",\n  \"description\": \"Igrajte loterijo Euromillions prek spleta iz katere koli dr\u017eave. Obi\u0161\u010dite RedFoxLotto, izberite svoje \u0161tevilke in dobite svoje vstopnice.\",\n  \"serviceType\": \"Online lottery ticket messenger service\",\n  \"provider\": {\n    \"@type\": \"Organization\",\n    \"name\": \"RedFoxLotto\",\n    \"url\": \"https:\/\/redfoxlotto.com\/sl\/\",\n    \"image\": \"https:\/\/redfoxlotto.com\/wp-content\/uploads\/2025\/12\/ticket_scans.jpg\",\n    \"sameAs\": []\n  },\n  \"areaServed\": \"Worldwide\",\n  \"termsOfService\": \"https:\/\/redfoxlotto.com\/terms-and-conditions\",\n  \"additionalProperty\": {\n    \"@type\": \"PropertyValue\",\n    \"name\": \"FAQ\",\n    \"value\": \"https:\/\/redfoxlotto.com\/sl\/faq\/\"\n  },\n  \"hasOfferCatalog\": {\n    \"@type\": \"OfferCatalog\",\n    \"name\": \"Euromillions Loterijski Listki\",\n    \"itemListElement\": [\n      {\n        \"@type\": \"Offer\",\n        \"name\": \"Euromillions Listki\",\n        \"url\": \"https:\/\/redfoxlotto.com\/sl\/igraj\/euromillions\/\",\n        \"description\": \"Kliknite tukaj, da izberete svoje \u0161tevilke za naslednje \u017erebanje Euromillions \u2013 naro\u010dite vstopnice preko spleta.\",\n        \"price\": \"7.00\",\n        \"priceCurrency\": \"EUR\",\n        \"availability\": \"https:\/\/schema.org\/InStock\",\n        \"itemOffered\": {\n          \"@type\": \"Service\",\n          \"name\": \"Euromillions Loterijski Listki\",\n          \"description\": \"Igrajte v naslednjem \u017erebanju Euromillions preko RedFoxLotto.\"\n        }\n      }\n    ]\n  },\n  \"mainEntityOfPage\": {\n    \"@type\": \"WebPage\",\n    \"@id\": \"https:\/\/redfoxlotto.com\/sl\/igraj\/euromillions\/\"\n  }\n}\n<\/script><\/p>\n<p><img loading=\"lazy\" decoding=\"async\" class=\" wp-image-67116 alignleft\" src=\"https:\/\/redfoxlotto.com\/wp-content\/uploads\/2024\/03\/Balls-300x300.png\" alt=\"euromillions Avstrija\" width=\"244\" height=\"244\" \/><\/p>\n<h2 data-start=\"37\" data-end=\"81\">Uvod: Kaj je EuroMillions EU (Avstrija)?<\/h2>\n<p data-start=\"83\" data-end=\"346\">EuroMillions EU (Avstrija) je ena izmed najbolj priljubljenih in bogatih loterij v Evropi. Prvi\u010d je bila predstavljena leta 2004 in se uradno igra v devetih evropskih dr\u017eavah: Franciji, \u0160paniji, Avstriji, Belgiji, Irski, Luksemburgu, Portugalski, \u0160vici in Andori.<\/p>\n<p data-start=\"348\" data-end=\"643\">Kaj pa, \u010de ne \u017eivite v Evropi ali v dr\u017eavi, ki sodeluje v EuroMillions? Ali lahko \u0161e vedno sodelujete in imate mo\u017enost osvojiti \u017eivljenjsko spremenljiv jackpot? Odgovor je pritrdilen \u2013 vstopnice za EuroMillions EU (Avstrija) lahko kupite prek spleta na RedFoxLotto.com, kjerkoli na svetu \u017ee ste.<\/p>\n<h2 data-start=\"645\" data-end=\"694\">Kako igrati EuroMillions prek spleta izven EU<\/h2>\n<p data-start=\"696\" data-end=\"878\">\u010ce va\u0161a dr\u017eava ne sodeluje, vstopnic ne boste mogli kupiti lokalno. Na sre\u010do vam zanesljiva posredni\u0161ka storitev, kot je RedFoxLotto, omogo\u010da nakup avtenti\u010dnih vstopnic. Kako deluje:<\/p>\n<ol data-start=\"880\" data-end=\"1192\">\n<li data-start=\"880\" data-end=\"913\">\n<p data-start=\"883\" data-end=\"913\">Obi\u0161\u010dite <a class=\"\" href=\"http:\/\/www.RedFoxLotto.com\" target=\"_new\" rel=\"noopener\" data-start=\"892\" data-end=\"911\">www.RedFoxLotto.com<\/a><\/p>\n<\/li>\n<li data-start=\"914\" data-end=\"959\">\n<p data-start=\"917\" data-end=\"959\">Izberite \u017ereb EuroMillions EU (Avstrija)<\/p>\n<\/li>\n<li data-start=\"960\" data-end=\"1018\">\n<p data-start=\"963\" data-end=\"1018\">Izberite \u0161tevilke ali uporabite funkcijo &#8220;Quick Pick&#8221;<\/p>\n<\/li>\n<li data-start=\"1019\" data-end=\"1111\">\n<p data-start=\"1022\" data-end=\"1111\">Zaklju\u010dite naro\u010dilo \u2013 lokalni agent v Avstriji bo kupil fizi\u010dno vstopnico v va\u0161em imenu<\/p>\n<\/li>\n<li data-start=\"1112\" data-end=\"1192\">\n<p data-start=\"1115\" data-end=\"1192\">Skenirana kopija vstopnice bo nalo\u017eena v va\u0161 spletni ra\u010dun kot dokaz o nakupu<\/p>\n<\/li>\n<\/ol>\n<p data-start=\"1194\" data-end=\"1377\">To je 100 % zakonito in predstavlja zagotovljen na\u010din, da sodelujete v uradni EU razli\u010dici EuroMillions (Avstrija), ne glede na to, ali \u017eivite v Aziji, Afriki, Ameriki ali Avstraliji.<\/p>\n<h2 data-start=\"1379\" data-end=\"1444\">Razlike med EuroMillions EU (Avstrija) in britansko razli\u010dico<\/h2>\n<p data-start=\"1446\" data-end=\"1567\">Obstajata dve lo\u010deni igri: EuroMillions EU in EuroMillions UK. Obe spadata v isto dru\u017eino, vendar imata razli\u010dna pravila.<\/p>\n<p data-start=\"1569\" data-end=\"1731\">Britanske vstopnice so dra\u017eje, predvsem zaradi dodatne igre &#8220;Millionaire Maker&#8221;, ki zagotavlja, da en britanski igralec v vsakem \u017erebanju osvoji 1 milijon funtov.<\/p>\n<p data-start=\"1733\" data-end=\"1848\">Britanska razli\u010dica ima tudi druga\u010dno strukturo izpla\u010dil in nanjo vplivajo regulativni stro\u0161ki ter menjalni te\u010daji.<\/p>\n<p data-start=\"1850\" data-end=\"2043\">\u010ce igrate prek RedFoxLotto, sodelujete v razli\u010dici EU (Avstrija) in ne v britanskem \u017erebanju. Ta razli\u010dica ne vklju\u010duje &#8220;Millionaire Maker&#8221;, zato so vstopnice cenej\u0161e in pravila bolj enostavna.<\/p>\n<h2 data-start=\"2045\" data-end=\"2073\">Kje se kupijo vstopnice?<\/h2>\n<p data-start=\"2075\" data-end=\"2214\">Vse vstopnice EuroMillions EU, naro\u010dene prek RedFoxLotto, se fizi\u010dno kupijo v Avstriji \u2013 uradni sodelujo\u010di dr\u017eavi z osrednjo lego v Evropi.<\/p>\n<h2 data-start=\"2216\" data-end=\"2235\">Zakaj Avstrija?<\/h2>\n<p data-start=\"2237\" data-end=\"2378\">Avstrija je \u010dlanica EU, kar omogo\u010da dostop do izvirnega \u017erebanja EuroMillions EU. Vstopnice so pod strogim nadzorom in popolno preglednostjo.<\/p>\n<p data-start=\"2380\" data-end=\"2573\">Poleg tega dobitki trenutno v Avstriji niso obdav\u010deni \u2013 kar je velika prednost za tuje igralce. Takoj ko je va\u0161a vstopnica kupljena, se skenirana kopija doda v va\u0161 ra\u010dun kot dokaz o lastni\u0161tvu.<\/p>\n<h2 data-start=\"2575\" data-end=\"2632\">Informacije o jackpotu: najmanj\u0161e in najve\u010dje nagrade<\/h2>\n<p data-start=\"2634\" data-end=\"2744\">Eden glavnih razlogov, zakaj ljudje po vsem svetu \u017eelijo igrati EuroMillions prek spleta, so ogromni jackpoti.<\/p>\n<p data-start=\"2746\" data-end=\"2758\">Kako deluje:<\/p>\n<ul data-start=\"2760\" data-end=\"2858\">\n<li data-start=\"2760\" data-end=\"2801\">\n<p data-start=\"2762\" data-end=\"2801\">Najmanj\u0161i jackpot: 17 milijonov evrov<\/p>\n<\/li>\n<li data-start=\"2802\" data-end=\"2858\">\n<p data-start=\"2804\" data-end=\"2858\">Najve\u010dji jackpot (zgornja meja): 250 milijonov evrov<\/p>\n<\/li>\n<\/ul>\n<p data-start=\"2860\" data-end=\"2933\">\u010ce ni zmagovalca, se znesek prenese na naslednje \u017erebanje in hitro raste.<\/p>\n<h2 data-start=\"2935\" data-end=\"2991\">Kaj se zgodi, ko jackpot dose\u017ee 200 milijonov evrov?<\/h2>\n<p data-start=\"2993\" data-end=\"3029\">Ko sklad dose\u017ee 200 milijonov evrov:<\/p>\n<ul data-start=\"3031\" data-end=\"3128\">\n<li data-start=\"3031\" data-end=\"3082\">\n<p data-start=\"3033\" data-end=\"3082\">Jackpot nara\u0161\u010da v korakih po 10 milijonov evrov<\/p>\n<\/li>\n<li data-start=\"3083\" data-end=\"3128\">\n<p data-start=\"3085\" data-end=\"3128\">Dokler ne dose\u017ee meje 250 milijonov evrov<\/p>\n<\/li>\n<\/ul>\n<h2 data-start=\"3130\" data-end=\"3171\">Kaj se zgodi pri 250 milijonih evrov?<\/h2>\n<p data-start=\"3173\" data-end=\"3333\">Ko je dose\u017eena meja, lahko jackpot ostane na tej vrednosti do \u0161tirih \u017erebanj. \u010ce \u0161e vedno ni zmagovalca, se celoten sklad razdeli med dobitnike naslednje ravni.<\/p>\n<p data-start=\"3335\" data-end=\"3447\">Ta pravila naredijo EuroMillions EU (Avstrija) eno najbolj vznemirljivih in igralcem prijaznih loterij na svetu.<\/p>\n<h2 data-start=\"3449\" data-end=\"3504\">Zakaj igrati EuroMillions EU (Avstrija) prek spleta<\/h2>\n<p data-start=\"3506\" data-end=\"3559\">\u0160e posebej, \u010de ste zunaj EU, obstajajo mo\u010dni razlogi:<\/p>\n<ul data-start=\"3561\" data-end=\"3810\">\n<li data-start=\"3561\" data-end=\"3625\">\n<p data-start=\"3563\" data-end=\"3625\">Svetovna dostopnost: kdorkoli lahko sodeluje, kjerkoli \u017ee je<\/p>\n<\/li>\n<li data-start=\"3626\" data-end=\"3682\">\n<p data-start=\"3628\" data-end=\"3682\">Priro\u010dnost: kupite vstopnice kadar koli in kjer koli<\/p>\n<\/li>\n<li data-start=\"3683\" data-end=\"3709\">\n<p data-start=\"3685\" data-end=\"3709\">Digitalni dokaz nakupa<\/p>\n<\/li>\n<li data-start=\"3710\" data-end=\"3765\">\n<p data-start=\"3712\" data-end=\"3765\">Dav\u010dne ugodnosti: v Avstriji dobitki niso obdav\u010deni<\/p>\n<\/li>\n<li data-start=\"3766\" data-end=\"3810\">\n<p data-start=\"3768\" data-end=\"3810\">Ogromni jackpoti: do 250 milijonov evrov<\/p>\n<\/li>\n<\/ul>\n<h2 data-start=\"3812\" data-end=\"3825\">Zaklju\u010dek<\/h2>\n<p data-start=\"3827\" data-end=\"4026\">Ni vam treba \u017eiveti v Franciji, \u0160paniji ali Portugalski, da bi sodelovali v EuroMillions EU (Avstrija). Danes, v dobi interneta, lahko igrate od koder koli in imate mo\u017enost osvojiti rekordne nagrade.<\/p>\n<p data-start=\"4028\" data-end=\"4273\">Ne glede na to, ali \u017eelite postati naslednji evropski milijonar ali preprosto u\u017eivate v igri \u2013 sodelovanje prek RedFoxLotto.com je zelo enostavno. Izberite svoje sre\u010dne \u0161tevilke in igrajte danes \u2013 morda boste prav vi naslednji veliki zmagovalec!<\/p>\n","protected":false},"excerpt":{"rendered":"<p>Uvod: Kaj je EuroMillions EU (Avstrija)? EuroMillions EU (Avstrija) je ena izmed najbolj priljubljenih in bogatih loterij v Evropi. Prvi\u010d je bila predstavljena leta 2004 in se uradno igra v devetih evropskih dr\u017eavah: Franciji, \u0160paniji, Avstriji, Belgiji, Irski, Luksemburgu, Portugalski, \u0160vici in Andori. Kaj pa, \u010de ne \u017eivite v Evropi ali v dr\u017eavi, ki sodeluje [&hellip;]<\/p>\n","protected":false},"author":8,"featured_media":0,"parent":17307,"menu_order":4,"comment_status":"closed","ping_status":"closed","template":"euromillions-at.php","meta":{"_et_pb_use_builder":"","_et_pb_old_content":"","_et_gb_content_width":"","exclude_from_search":false,"footnotes":""},"class_list":["post-87614","page","type-page","status-publish","hentry"],"yoast_head":"<!-- This site is optimized with the Yoast SEO plugin v27.4 - https:\/\/yoast.com\/product\/yoast-seo-wordpress\/ -->\n<title>Igrajte Euromillions na spletu zunaj EU<\/title>\n<meta name=\"description\" content=\"Kako igrati Euromillions na spletu zunaj EU ali \u010de va\u0161a dr\u017eava ne sodeluje v igri Euromillions\" \/>\n<meta name=\"robots\" content=\"index, follow, max-snippet:-1, max-image-preview:large, max-video-preview:-1\" \/>\n<link rel=\"canonical\" href=\"https:\/\/redfoxlotto.com\/sl\/igraj\/euromillions-eu\/\" \/>\n<meta property=\"og:locale\" content=\"sl_SI\" \/>\n<meta property=\"og:type\" content=\"article\" \/>\n<meta property=\"og:title\" content=\"Igrajte Euromillions na spletu zunaj EU\" \/>\n<meta property=\"og:description\" content=\"Kako igrati Euromillions na spletu zunaj EU ali \u010de va\u0161a dr\u017eava ne sodeluje v igri Euromillions\" \/>\n<meta property=\"og:url\" content=\"https:\/\/redfoxlotto.com\/sl\/igraj\/euromillions-eu\/\" \/>\n<meta property=\"og:site_name\" content=\"Get Tickets for the World\u2019s largest jackpots\" \/>\n<meta property=\"article:modified_time\" content=\"2025-12-17T07:05:36+00:00\" \/>\n<meta property=\"og:image\" content=\"https:\/\/redfoxlotto.com\/wp-content\/uploads\/2024\/03\/Balls-300x300.png\" \/>\n<meta name=\"twitter:card\" content=\"summary_large_image\" \/>\n<meta name=\"twitter:label1\" content=\"Est. reading time\" \/>\n\t<meta name=\"twitter:data1\" content=\"3 minute\" \/>\n<script type=\"application\/ld+json\" class=\"yoast-schema-graph\">{\"@context\":\"https:\\\/\\\/schema.org\",\"@graph\":[{\"@type\":\"WebPage\",\"@id\":\"https:\\\/\\\/redfoxlotto.com\\\/sl\\\/igraj\\\/euromillions-eu\\\/\",\"url\":\"https:\\\/\\\/redfoxlotto.com\\\/sl\\\/igraj\\\/euromillions-eu\\\/\",\"name\":\"Igrajte Euromillions na spletu zunaj EU\",\"isPartOf\":{\"@id\":\"https:\\\/\\\/redfoxlotto.com\\\/sl\\\/#website\"},\"primaryImageOfPage\":{\"@id\":\"https:\\\/\\\/redfoxlotto.com\\\/sl\\\/igraj\\\/euromillions-eu\\\/#primaryimage\"},\"image\":{\"@id\":\"https:\\\/\\\/redfoxlotto.com\\\/sl\\\/igraj\\\/euromillions-eu\\\/#primaryimage\"},\"thumbnailUrl\":\"https:\\\/\\\/redfoxlotto.com\\\/wp-content\\\/uploads\\\/2024\\\/03\\\/Balls-300x300.png\",\"datePublished\":\"2025-05-19T09:07:38+00:00\",\"dateModified\":\"2025-12-17T07:05:36+00:00\",\"description\":\"Kako igrati Euromillions na spletu zunaj EU ali \u010de va\u0161a dr\u017eava ne sodeluje v igri Euromillions\",\"breadcrumb\":{\"@id\":\"https:\\\/\\\/redfoxlotto.com\\\/sl\\\/igraj\\\/euromillions-eu\\\/#breadcrumb\"},\"inLanguage\":\"sl-SI\",\"potentialAction\":[{\"@type\":\"ReadAction\",\"target\":[\"https:\\\/\\\/redfoxlotto.com\\\/sl\\\/igraj\\\/euromillions-eu\\\/\"]}]},{\"@type\":\"ImageObject\",\"inLanguage\":\"sl-SI\",\"@id\":\"https:\\\/\\\/redfoxlotto.com\\\/sl\\\/igraj\\\/euromillions-eu\\\/#primaryimage\",\"url\":\"https:\\\/\\\/redfoxlotto.com\\\/wp-content\\\/uploads\\\/2024\\\/03\\\/Balls-300x300.png\",\"contentUrl\":\"https:\\\/\\\/redfoxlotto.com\\\/wp-content\\\/uploads\\\/2024\\\/03\\\/Balls-300x300.png\"},{\"@type\":\"BreadcrumbList\",\"@id\":\"https:\\\/\\\/redfoxlotto.com\\\/sl\\\/igraj\\\/euromillions-eu\\\/#breadcrumb\",\"itemListElement\":[{\"@type\":\"ListItem\",\"position\":1,\"name\":\"Home\",\"item\":\"https:\\\/\\\/redfoxlotto.com\\\/sl\\\/\"},{\"@type\":\"ListItem\",\"position\":2,\"name\":\"Kako igrati loterijo v drugih dr\u017eavah\",\"item\":\"https:\\\/\\\/redfoxlotto.com\\\/sl\\\/igraj\\\/\"},{\"@type\":\"ListItem\",\"position\":3,\"name\":\"Igranje Euromillions EU\"}]},{\"@type\":\"WebSite\",\"@id\":\"https:\\\/\\\/redfoxlotto.com\\\/sl\\\/#website\",\"url\":\"https:\\\/\\\/redfoxlotto.com\\\/sl\\\/\",\"name\":\"Get Tickets for the World\u2019s largest jackpots\",\"description\":\"Participate in worldwide lottery jackpots from any country\",\"publisher\":{\"@id\":\"https:\\\/\\\/redfoxlotto.com\\\/sl\\\/#organization\"},\"potentialAction\":[{\"@type\":\"SearchAction\",\"target\":{\"@type\":\"EntryPoint\",\"urlTemplate\":\"https:\\\/\\\/redfoxlotto.com\\\/sl\\\/?s={search_term_string}\"},\"query-input\":{\"@type\":\"PropertyValueSpecification\",\"valueRequired\":true,\"valueName\":\"search_term_string\"}}],\"inLanguage\":\"sl-SI\"},{\"@type\":\"Organization\",\"@id\":\"https:\\\/\\\/redfoxlotto.com\\\/sl\\\/#organization\",\"name\":\"Get Tickets for the World\u2019s largest jackpots\",\"url\":\"https:\\\/\\\/redfoxlotto.com\\\/sl\\\/\",\"logo\":{\"@type\":\"ImageObject\",\"inLanguage\":\"sl-SI\",\"@id\":\"https:\\\/\\\/redfoxlotto.com\\\/sl\\\/#\\\/schema\\\/logo\\\/image\\\/\",\"url\":\"https:\\\/\\\/redfoxlotto.com\\\/wp-content\\\/uploads\\\/2023\\\/04\\\/logo.png\",\"contentUrl\":\"https:\\\/\\\/redfoxlotto.com\\\/wp-content\\\/uploads\\\/2023\\\/04\\\/logo.png\",\"width\":269,\"height\":53,\"caption\":\"Get Tickets for the World\u2019s largest jackpots\"},\"image\":{\"@id\":\"https:\\\/\\\/redfoxlotto.com\\\/sl\\\/#\\\/schema\\\/logo\\\/image\\\/\"}}]}<\/script>\n<!-- \/ Yoast SEO plugin. -->","yoast_head_json":{"title":"Igrajte Euromillions na spletu zunaj EU","description":"Kako igrati Euromillions na spletu zunaj EU ali \u010de va\u0161a dr\u017eava ne sodeluje v igri Euromillions","robots":{"index":"index","follow":"follow","max-snippet":"max-snippet:-1","max-image-preview":"max-image-preview:large","max-video-preview":"max-video-preview:-1"},"canonical":"https:\/\/redfoxlotto.com\/sl\/igraj\/euromillions-eu\/","og_locale":"sl_SI","og_type":"article","og_title":"Igrajte Euromillions na spletu zunaj EU","og_description":"Kako igrati Euromillions na spletu zunaj EU ali \u010de va\u0161a dr\u017eava ne sodeluje v igri Euromillions","og_url":"https:\/\/redfoxlotto.com\/sl\/igraj\/euromillions-eu\/","og_site_name":"Get Tickets for the World\u2019s largest jackpots","article_modified_time":"2025-12-17T07:05:36+00:00","og_image":[{"url":"https:\/\/redfoxlotto.com\/wp-content\/uploads\/2024\/03\/Balls-300x300.png","type":"","width":"","height":""}],"twitter_card":"summary_large_image","twitter_misc":{"Est. reading time":"3 minute"},"schema":{"@context":"https:\/\/schema.org","@graph":[{"@type":"WebPage","@id":"https:\/\/redfoxlotto.com\/sl\/igraj\/euromillions-eu\/","url":"https:\/\/redfoxlotto.com\/sl\/igraj\/euromillions-eu\/","name":"Igrajte Euromillions na spletu zunaj EU","isPartOf":{"@id":"https:\/\/redfoxlotto.com\/sl\/#website"},"primaryImageOfPage":{"@id":"https:\/\/redfoxlotto.com\/sl\/igraj\/euromillions-eu\/#primaryimage"},"image":{"@id":"https:\/\/redfoxlotto.com\/sl\/igraj\/euromillions-eu\/#primaryimage"},"thumbnailUrl":"https:\/\/redfoxlotto.com\/wp-content\/uploads\/2024\/03\/Balls-300x300.png","datePublished":"2025-05-19T09:07:38+00:00","dateModified":"2025-12-17T07:05:36+00:00","description":"Kako igrati Euromillions na spletu zunaj EU ali \u010de va\u0161a dr\u017eava ne sodeluje v igri Euromillions","breadcrumb":{"@id":"https:\/\/redfoxlotto.com\/sl\/igraj\/euromillions-eu\/#breadcrumb"},"inLanguage":"sl-SI","potentialAction":[{"@type":"ReadAction","target":["https:\/\/redfoxlotto.com\/sl\/igraj\/euromillions-eu\/"]}]},{"@type":"ImageObject","inLanguage":"sl-SI","@id":"https:\/\/redfoxlotto.com\/sl\/igraj\/euromillions-eu\/#primaryimage","url":"https:\/\/redfoxlotto.com\/wp-content\/uploads\/2024\/03\/Balls-300x300.png","contentUrl":"https:\/\/redfoxlotto.com\/wp-content\/uploads\/2024\/03\/Balls-300x300.png"},{"@type":"BreadcrumbList","@id":"https:\/\/redfoxlotto.com\/sl\/igraj\/euromillions-eu\/#breadcrumb","itemListElement":[{"@type":"ListItem","position":1,"name":"Home","item":"https:\/\/redfoxlotto.com\/sl\/"},{"@type":"ListItem","position":2,"name":"Kako igrati loterijo v drugih dr\u017eavah","item":"https:\/\/redfoxlotto.com\/sl\/igraj\/"},{"@type":"ListItem","position":3,"name":"Igranje Euromillions EU"}]},{"@type":"WebSite","@id":"https:\/\/redfoxlotto.com\/sl\/#website","url":"https:\/\/redfoxlotto.com\/sl\/","name":"Get Tickets for the World\u2019s largest jackpots","description":"Participate in worldwide lottery jackpots from any country","publisher":{"@id":"https:\/\/redfoxlotto.com\/sl\/#organization"},"potentialAction":[{"@type":"SearchAction","target":{"@type":"EntryPoint","urlTemplate":"https:\/\/redfoxlotto.com\/sl\/?s={search_term_string}"},"query-input":{"@type":"PropertyValueSpecification","valueRequired":true,"valueName":"search_term_string"}}],"inLanguage":"sl-SI"},{"@type":"Organization","@id":"https:\/\/redfoxlotto.com\/sl\/#organization","name":"Get Tickets for the World\u2019s largest jackpots","url":"https:\/\/redfoxlotto.com\/sl\/","logo":{"@type":"ImageObject","inLanguage":"sl-SI","@id":"https:\/\/redfoxlotto.com\/sl\/#\/schema\/logo\/image\/","url":"https:\/\/redfoxlotto.com\/wp-content\/uploads\/2023\/04\/logo.png","contentUrl":"https:\/\/redfoxlotto.com\/wp-content\/uploads\/2023\/04\/logo.png","width":269,"height":53,"caption":"Get Tickets for the World\u2019s largest jackpots"},"image":{"@id":"https:\/\/redfoxlotto.com\/sl\/#\/schema\/logo\/image\/"}}]}},"_links":{"self":[{"href":"https:\/\/redfoxlotto.com\/sl\/wp-json\/wp\/v2\/pages\/87614","targetHints":{"allow":["GET"]}}],"collection":[{"href":"https:\/\/redfoxlotto.com\/sl\/wp-json\/wp\/v2\/pages"}],"about":[{"href":"https:\/\/redfoxlotto.com\/sl\/wp-json\/wp\/v2\/types\/page"}],"author":[{"embeddable":true,"href":"https:\/\/redfoxlotto.com\/sl\/wp-json\/wp\/v2\/users\/8"}],"replies":[{"embeddable":true,"href":"https:\/\/redfoxlotto.com\/sl\/wp-json\/wp\/v2\/comments?post=87614"}],"version-history":[{"count":0,"href":"https:\/\/redfoxlotto.com\/sl\/wp-json\/wp\/v2\/pages\/87614\/revisions"}],"up":[{"embeddable":true,"href":"https:\/\/redfoxlotto.com\/sl\/wp-json\/wp\/v2\/pages\/17307"}],"wp:attachment":[{"href":"https:\/\/redfoxlotto.com\/sl\/wp-json\/wp\/v2\/media?parent=87614"}],"curies":[{"name":"wp","href":"https:\/\/api.w.org\/{rel}","templated":true}]}}