{"id":86882,"date":"2025-02-12T11:18:17","date_gmt":"2025-02-12T11:18:17","guid":{"rendered":"https:\/\/redfoxlotto.com\/?page_id=86882"},"modified":"2025-05-15T07:13:08","modified_gmt":"2025-05-15T07:13:08","slug":"diamond-keno-10m","status":"publish","type":"page","link":"https:\/\/redfoxlotto.com\/sl\/keno\/diamond-keno-10m\/","title":{"rendered":"Diamond Keno 10m"},"content":{"rendered":"<h2>Ve\u010djega in bolj\u0161ega spletnega kena ni &#8211; igrajte keno za izpla\u010dilo 10 milijonov evrov!<\/h2>\n<p>To je na\u0161a najve\u010dja in najbolj priljubljena loterija Keno. \u010ce i\u0161\u010dete najbolj\u0161o spletno igro Keno, ste pri\u0161li na pravo mesto. Ta igra Keno ima \u017erebanje vsakih 20 minut, zato vam ne bo treba dolgo \u010dakati, da bi izvedeli, ali je va\u0161a sre\u010dka dobitna.<\/p>\n","protected":false},"excerpt":{"rendered":"<p>Ve\u010djega in bolj\u0161ega spletnega kena ni &#8211; igrajte keno za izpla\u010dilo 10 milijonov evrov! To je na\u0161a najve\u010dja in najbolj priljubljena loterija Keno. \u010ce i\u0161\u010dete najbolj\u0161o spletno igro Keno, ste pri\u0161li na pravo mesto. Ta igra Keno ima \u017erebanje vsakih 20 minut, zato vam ne bo treba dolgo \u010dakati, da bi izvedeli, ali je va\u0161a [&hellip;]<\/p>\n","protected":false},"author":8,"featured_media":0,"parent":84440,"menu_order":1,"comment_status":"closed","ping_status":"closed","template":"","meta":{"_et_pb_use_builder":"","_et_pb_old_content":"","_et_gb_content_width":"","exclude_from_search":false,"footnotes":""},"class_list":["post-86882","page","type-page","status-publish","hentry"],"yoast_head":"<!-- This site is optimized with the Yoast SEO plugin v23.8 - https:\/\/yoast.com\/wordpress\/plugins\/seo\/ -->\n<title>Najbolj\u0161e spletne igre Keno - Keno za 10 milijonov evrov<\/title>\n<meta name=\"description\" content=\"Tu najdete najbolj\u0161e spletne igre Keno z glavnimi nagradami do 10 milijonov evrov. Nikoli vam ne bo treba predolgo \u010dakati na naslednje spletno \u017erebanje Keno!\" \/>\n<meta name=\"robots\" content=\"index, follow, max-snippet:-1, max-image-preview:large, max-video-preview:-1\" \/>\n<link rel=\"canonical\" href=\"https:\/\/redfoxlotto.com\/sl\/keno\/diamond-keno-10m\/\" \/>\n<meta property=\"og:locale\" content=\"sl_SI\" \/>\n<meta property=\"og:type\" content=\"article\" \/>\n<meta property=\"og:title\" content=\"Najbolj\u0161e spletne igre Keno - Keno za 10 milijonov evrov\" \/>\n<meta property=\"og:description\" content=\"Tu najdete najbolj\u0161e spletne igre Keno z glavnimi nagradami do 10 milijonov evrov. Nikoli vam ne bo treba predolgo \u010dakati na naslednje spletno \u017erebanje Keno!\" \/>\n<meta property=\"og:url\" content=\"https:\/\/redfoxlotto.com\/sl\/keno\/diamond-keno-10m\/\" \/>\n<meta property=\"og:site_name\" content=\"Get Tickets for the World\u2019s largest jackpots\" \/>\n<meta property=\"article:modified_time\" content=\"2025-05-15T07:13:08+00:00\" \/>\n<meta name=\"twitter:card\" content=\"summary_large_image\" \/>\n<meta name=\"twitter:label1\" content=\"Est. reading time\" \/>\n\t<meta name=\"twitter:data1\" content=\"1 minuta\" \/>\n<script type=\"application\/ld+json\" class=\"yoast-schema-graph\">{\"@context\":\"https:\/\/schema.org\",\"@graph\":[{\"@type\":\"WebPage\",\"@id\":\"https:\/\/redfoxlotto.com\/sl\/keno\/diamond-keno-10m\/\",\"url\":\"https:\/\/redfoxlotto.com\/sl\/keno\/diamond-keno-10m\/\",\"name\":\"Najbolj\u0161e spletne igre Keno - Keno za 10 milijonov evrov\",\"isPartOf\":{\"@id\":\"https:\/\/redfoxlotto.com\/sl\/#website\"},\"datePublished\":\"2025-02-12T11:18:17+00:00\",\"dateModified\":\"2025-05-15T07:13:08+00:00\",\"description\":\"Tu najdete najbolj\u0161e spletne igre Keno z glavnimi nagradami do 10 milijonov evrov. Nikoli vam ne bo treba predolgo \u010dakati na naslednje spletno \u017erebanje Keno!\",\"breadcrumb\":{\"@id\":\"https:\/\/redfoxlotto.com\/sl\/keno\/diamond-keno-10m\/#breadcrumb\"},\"inLanguage\":\"sl-SI\",\"potentialAction\":[{\"@type\":\"ReadAction\",\"target\":[\"https:\/\/redfoxlotto.com\/sl\/keno\/diamond-keno-10m\/\"]}]},{\"@type\":\"BreadcrumbList\",\"@id\":\"https:\/\/redfoxlotto.com\/sl\/keno\/diamond-keno-10m\/#breadcrumb\",\"itemListElement\":[{\"@type\":\"ListItem\",\"position\":1,\"name\":\"Home\",\"item\":\"https:\/\/redfoxlotto.com\/sl\/\"},{\"@type\":\"ListItem\",\"position\":2,\"name\":\"Keno\",\"item\":\"https:\/\/redfoxlotto.com\/sl\/keno\/\"},{\"@type\":\"ListItem\",\"position\":3,\"name\":\"Diamond Keno 10m\"}]},{\"@type\":\"WebSite\",\"@id\":\"https:\/\/redfoxlotto.com\/sl\/#website\",\"url\":\"https:\/\/redfoxlotto.com\/sl\/\",\"name\":\"Get Tickets for the World\u2019s largest jackpots\",\"description\":\"Participate in worldwide lottery jackpots from any country\",\"publisher\":{\"@id\":\"https:\/\/redfoxlotto.com\/sl\/#organization\"},\"potentialAction\":[{\"@type\":\"SearchAction\",\"target\":{\"@type\":\"EntryPoint\",\"urlTemplate\":\"https:\/\/redfoxlotto.com\/sl\/?s={search_term_string}\"},\"query-input\":{\"@type\":\"PropertyValueSpecification\",\"valueRequired\":true,\"valueName\":\"search_term_string\"}}],\"inLanguage\":\"sl-SI\"},{\"@type\":\"Organization\",\"@id\":\"https:\/\/redfoxlotto.com\/sl\/#organization\",\"name\":\"Get Tickets for the World\u2019s largest jackpots\",\"url\":\"https:\/\/redfoxlotto.com\/sl\/\",\"logo\":{\"@type\":\"ImageObject\",\"inLanguage\":\"sl-SI\",\"@id\":\"https:\/\/redfoxlotto.com\/sl\/#\/schema\/logo\/image\/\",\"url\":\"https:\/\/redfoxlotto.com\/wp-content\/uploads\/2023\/04\/logo.png\",\"contentUrl\":\"https:\/\/redfoxlotto.com\/wp-content\/uploads\/2023\/04\/logo.png\",\"width\":269,\"height\":53,\"caption\":\"Get Tickets for the World\u2019s largest jackpots\"},\"image\":{\"@id\":\"https:\/\/redfoxlotto.com\/sl\/#\/schema\/logo\/image\/\"}}]}<\/script>\n<!-- \/ Yoast SEO plugin. -->","yoast_head_json":{"title":"Najbolj\u0161e spletne igre Keno - Keno za 10 milijonov evrov","description":"Tu najdete najbolj\u0161e spletne igre Keno z glavnimi nagradami do 10 milijonov evrov. Nikoli vam ne bo treba predolgo \u010dakati na naslednje spletno \u017erebanje Keno!","robots":{"index":"index","follow":"follow","max-snippet":"max-snippet:-1","max-image-preview":"max-image-preview:large","max-video-preview":"max-video-preview:-1"},"canonical":"https:\/\/redfoxlotto.com\/sl\/keno\/diamond-keno-10m\/","og_locale":"sl_SI","og_type":"article","og_title":"Najbolj\u0161e spletne igre Keno - Keno za 10 milijonov evrov","og_description":"Tu najdete najbolj\u0161e spletne igre Keno z glavnimi nagradami do 10 milijonov evrov. Nikoli vam ne bo treba predolgo \u010dakati na naslednje spletno \u017erebanje Keno!","og_url":"https:\/\/redfoxlotto.com\/sl\/keno\/diamond-keno-10m\/","og_site_name":"Get Tickets for the World\u2019s largest jackpots","article_modified_time":"2025-05-15T07:13:08+00:00","twitter_card":"summary_large_image","twitter_misc":{"Est. reading time":"1 minuta"},"schema":{"@context":"https:\/\/schema.org","@graph":[{"@type":"WebPage","@id":"https:\/\/redfoxlotto.com\/sl\/keno\/diamond-keno-10m\/","url":"https:\/\/redfoxlotto.com\/sl\/keno\/diamond-keno-10m\/","name":"Najbolj\u0161e spletne igre Keno - Keno za 10 milijonov evrov","isPartOf":{"@id":"https:\/\/redfoxlotto.com\/sl\/#website"},"datePublished":"2025-02-12T11:18:17+00:00","dateModified":"2025-05-15T07:13:08+00:00","description":"Tu najdete najbolj\u0161e spletne igre Keno z glavnimi nagradami do 10 milijonov evrov. Nikoli vam ne bo treba predolgo \u010dakati na naslednje spletno \u017erebanje Keno!","breadcrumb":{"@id":"https:\/\/redfoxlotto.com\/sl\/keno\/diamond-keno-10m\/#breadcrumb"},"inLanguage":"sl-SI","potentialAction":[{"@type":"ReadAction","target":["https:\/\/redfoxlotto.com\/sl\/keno\/diamond-keno-10m\/"]}]},{"@type":"BreadcrumbList","@id":"https:\/\/redfoxlotto.com\/sl\/keno\/diamond-keno-10m\/#breadcrumb","itemListElement":[{"@type":"ListItem","position":1,"name":"Home","item":"https:\/\/redfoxlotto.com\/sl\/"},{"@type":"ListItem","position":2,"name":"Keno","item":"https:\/\/redfoxlotto.com\/sl\/keno\/"},{"@type":"ListItem","position":3,"name":"Diamond Keno 10m"}]},{"@type":"WebSite","@id":"https:\/\/redfoxlotto.com\/sl\/#website","url":"https:\/\/redfoxlotto.com\/sl\/","name":"Get Tickets for the World\u2019s largest jackpots","description":"Participate in worldwide lottery jackpots from any country","publisher":{"@id":"https:\/\/redfoxlotto.com\/sl\/#organization"},"potentialAction":[{"@type":"SearchAction","target":{"@type":"EntryPoint","urlTemplate":"https:\/\/redfoxlotto.com\/sl\/?s={search_term_string}"},"query-input":{"@type":"PropertyValueSpecification","valueRequired":true,"valueName":"search_term_string"}}],"inLanguage":"sl-SI"},{"@type":"Organization","@id":"https:\/\/redfoxlotto.com\/sl\/#organization","name":"Get Tickets for the World\u2019s largest jackpots","url":"https:\/\/redfoxlotto.com\/sl\/","logo":{"@type":"ImageObject","inLanguage":"sl-SI","@id":"https:\/\/redfoxlotto.com\/sl\/#\/schema\/logo\/image\/","url":"https:\/\/redfoxlotto.com\/wp-content\/uploads\/2023\/04\/logo.png","contentUrl":"https:\/\/redfoxlotto.com\/wp-content\/uploads\/2023\/04\/logo.png","width":269,"height":53,"caption":"Get Tickets for the World\u2019s largest jackpots"},"image":{"@id":"https:\/\/redfoxlotto.com\/sl\/#\/schema\/logo\/image\/"}}]}},"_links":{"self":[{"href":"https:\/\/redfoxlotto.com\/sl\/wp-json\/wp\/v2\/pages\/86882","targetHints":{"allow":["GET"]}}],"collection":[{"href":"https:\/\/redfoxlotto.com\/sl\/wp-json\/wp\/v2\/pages"}],"about":[{"href":"https:\/\/redfoxlotto.com\/sl\/wp-json\/wp\/v2\/types\/page"}],"author":[{"embeddable":true,"href":"https:\/\/redfoxlotto.com\/sl\/wp-json\/wp\/v2\/users\/8"}],"replies":[{"embeddable":true,"href":"https:\/\/redfoxlotto.com\/sl\/wp-json\/wp\/v2\/comments?post=86882"}],"version-history":[{"count":0,"href":"https:\/\/redfoxlotto.com\/sl\/wp-json\/wp\/v2\/pages\/86882\/revisions"}],"up":[{"embeddable":true,"href":"https:\/\/redfoxlotto.com\/sl\/wp-json\/wp\/v2\/pages\/84440"}],"wp:attachment":[{"href":"https:\/\/redfoxlotto.com\/sl\/wp-json\/wp\/v2\/media?parent=86882"}],"curies":[{"name":"wp","href":"https:\/\/api.w.org\/{rel}","templated":true}]}}