{"id":85509,"date":"2025-02-25T17:25:31","date_gmt":"2025-02-25T17:25:31","guid":{"rendered":"https:\/\/redfoxlotto.com\/?page_id=85509"},"modified":"2025-04-21T06:58:23","modified_gmt":"2025-04-21T06:58:23","slug":"o-loteriji-new-york","status":"publish","type":"page","link":"https:\/\/redfoxlotto.com\/sl\/loterije\/o-loteriji-new-york\/","title":{"rendered":"O loteriji New York"},"content":{"rendered":"<h2>Kako kupiti New York Loterija Vstopnice<\/h2>\n<p>Vodnik za nakup vstopnic za New York loterije na RedFoxLotto:<\/p>\n<p>Ali ste si ob igranju loterije New York kdaj zamislili, da bi osvojili glavni dobitek, ki bi lahko popolnoma spremenil va\u0161e \u017eivljenje? Sodelovanje v mednarodnih loterijah, kot je New York Lotto, \u0161e nikoli ni bilo tako preprosto kot z RedFoxLotto, tudi \u010de se nahajate zunaj Zdru\u017eenih dr\u017eav Amerike.<\/p>\n<p>V tem prispevku vas bomo v nekaj preprostih korakih vodili skozi postopek nakupa loterijskih sre\u010dk New York Lottery pri RedFoxLotto.<\/p>\n<h2>Loterija RedFoxLotto: kaj je to?<\/h2>\n<p>Sodelujete lahko v ve\u010djih mednarodnih loterijah z RedFoxLotto, ki je ugledna spletna loterijska storitev. Te loterije vklju\u010dujejo Powerball, Mega Millions, EuroMillions in seveda New York Lotto. Opravljajo funkcijo storitve po\u0161iljanja sre\u010dk, kar pomeni, da v va\u0161em imenu kupijo pravo sre\u010dko in jo nato skenirajo v va\u0161 dolo\u010den spletni ra\u010dun.<\/p>\n<h3>RedFoxLotto: Vodnik po korakih za nakup vstopnic za program loterije New York<\/h3>\n<p>1. Registrirajte se. Pojdite na RedFoxLotto.com in za\u010dnite s postopkom registracije. S klikom na gumb \u201eRegistracija\u201c vnesite svoje osnovne podatke, kot so ime, e-po\u0161tni naslov in dr\u017eava, v kateri trenutno prebivate.<\/p>\n<p>2. Potrdite, da je va\u0161 ra\u010dun zakonit.<\/p>\n<p>Ko zaklju\u010dite postopek prijave, v svojem e-po\u0161tnem predalu poi\u0161\u010dite povezavo za preverjanje. S klikom nanjo lahko preverite svoj ra\u010dun. Kljub temu, da gre za preprost korak, je bistvenega pomena tako za varnost kot za morebitne prihodnje dobitke.<\/p>\n<p>3. Preu\u010dite loterije<\/p>\n<p>Ko ste se uspe\u0161no v\u010dlanili, pojdite na doma\u010do stran in med seznamom dostopnih loterij poi\u0161\u010dite New York Lotto. S klikom nanjo boste izvedeli ve\u010d o naslednjem \u017erebanju, vi\u0161ini glavnega dobitka in ceni sre\u010dk.<\/p>\n<p>4. Izberite \u0161tevilke<\/p>\n<p>Va\u0161a naloga bo, da izberete \u0161est \u0161tevilk od ene do devetin\u0161estdeset. Izberete jih lahko ro\u010dno ali pa uporabite mo\u017enost hitre izbire, da vam RedFoxLotto generira naklju\u010dne \u0161tevilke iz ni\u010dle.<\/p>\n<h2>Dodajte v ko\u0161arico in nadaljujte s pla\u010dilom<\/h2>\n<p>Ko izberete \u0161tevilke, dodajte svojo vstopnico v ko\u0161arico. Nato vstopite v blagajno. RedFoxLotto podpira ve\u010d mo\u017enosti pla\u010dila, vklju\u010dno z naslednjimi:<\/p>\n<ul>\n<li>Kreditne in debetne kartice<\/li>\n<li>Ban\u010dno nakazilo<\/li>\n<li>Elektronske denarnice, kot je Skrill<\/li>\n<li>Na nekaterih podro\u010djih se pogosto uporablja kriptovaluta.<\/li>\n<\/ul>\n<h2>Potrditev in opti\u010dni bralnik vstopnic<\/h2>\n<p>Takoj po obdelavi va\u0161ega denarja bo RedFoxLotto poslal enega od svojih lokalnih agentov v Zdru\u017eenih dr\u017eavah Amerike, da kupi pravo New York Lotto sre\u010dko s \u0161tevilkami, ki ste jih izbrali. Kot dokazilo o nakupu bo na va\u0161 ra\u010dun poslan sken va\u0161e sre\u010dke.<\/p>\n<h2>Kaj se zgodi, \u010de ste uspe\u0161ni?<\/h2>\n<h3>\u010ce \u0161tevilke, ki ste jih vnesli, osvojijo nagrado:<\/h3>\n<p>Na va\u0161 ra\u010dun RedFoxLotto bodo takoj knji\u017eeni vsi dobitki, ki so manj\u0161i ali srednje veliki. Ko boste osvojili velik glavni dobitek, vas bo ekipa RedFoxLotto popeljala skozi korake, potrebne za prevzem nagrade. Morda bo potrebno va\u0161e potovanje v Zdru\u017eene dr\u017eave Amerike, odvisno od zneska in predpisov dr\u017eave.<\/p>\n<h2>Kak\u0161na je zakonodaja?<\/h2>\n<p>Dejansko. RedFoxLotto ni ponudnik loterije, temve\u010d upravlja distribucijo loterijskih sre\u010dk. Prek poobla\u0161\u010denega zastopnika kupite pravo fizi\u010dno sre\u010dko, kar zagotavlja, da je vse zakonito in pregledno, tudi \u010de igrate iz druge dr\u017eave.<\/p>\n<h2>Opombe za zaklju\u010dek<\/h2>\n<p>Mo\u017enost nakupa sre\u010dk za loterijo New York iz katere koli lokacije na svetu ni ve\u010d le sanje. To je enostavno, varno in dostopno z uporabo RedFoxLotto. Z nekaj kliki se lahko potegujete za milijone dolarjev, pri \u010demer vam sploh ne bi bilo treba izstopiti iz avtomobila, da bi se odpravili v New York.<\/p>\n<p>Zakaj bi torej \u010dakali? Takoj se registrirajte, izberite svoje sre\u010dne \u0161tevilke in se pripravite na lov za glavnim dobitkom!<\/p>\n","protected":false},"excerpt":{"rendered":"<p>Kako kupiti New York Loterija Vstopnice Vodnik za nakup vstopnic za New York loterije na RedFoxLotto: Ali ste si ob igranju loterije New York kdaj zamislili, da bi osvojili glavni dobitek, ki bi lahko popolnoma spremenil va\u0161e \u017eivljenje? Sodelovanje v mednarodnih loterijah, kot je New York Lotto, \u0161e nikoli ni bilo tako preprosto kot z [&hellip;]<\/p>\n","protected":false},"author":8,"featured_media":0,"parent":17289,"menu_order":18,"comment_status":"closed","ping_status":"closed","template":"newyork-info.php","meta":{"_et_pb_use_builder":"","_et_pb_old_content":"","_et_gb_content_width":"","exclude_from_search":false,"footnotes":""},"class_list":["post-85509","page","type-page","status-publish","hentry"],"yoast_head":"<!-- This site is optimized with the Yoast SEO plugin v27.3 - https:\/\/yoast.com\/product\/yoast-seo-wordpress\/ -->\n<title>Kako kupiti spletne sre\u010dke loterije New York iz Zdru\u017eenega kraljestva<\/title>\n<meta name=\"description\" content=\"Kupite sre\u010dke za Loterijo New York tukaj - tudi iz Zdru\u017eenega kraljestva lahko sodelujete v Loteriji New York prek spleta in v nekaj minutah dobite skenirano sre\u010dko.\" \/>\n<meta name=\"robots\" content=\"index, follow, max-snippet:-1, max-image-preview:large, max-video-preview:-1\" \/>\n<link rel=\"canonical\" href=\"https:\/\/redfoxlotto.com\/sl\/loterije\/o-loteriji-new-york\/\" \/>\n<meta property=\"og:locale\" content=\"sl_SI\" \/>\n<meta property=\"og:type\" content=\"article\" \/>\n<meta property=\"og:title\" content=\"Kako kupiti spletne sre\u010dke loterije New York iz Zdru\u017eenega kraljestva\" \/>\n<meta property=\"og:description\" content=\"Kupite sre\u010dke za Loterijo New York tukaj - tudi iz Zdru\u017eenega kraljestva lahko sodelujete v Loteriji New York prek spleta in v nekaj minutah dobite skenirano sre\u010dko.\" \/>\n<meta property=\"og:url\" content=\"https:\/\/redfoxlotto.com\/sl\/loterije\/o-loteriji-new-york\/\" \/>\n<meta property=\"og:site_name\" content=\"Get Tickets for the World\u2019s largest jackpots\" \/>\n<meta property=\"article:modified_time\" content=\"2025-04-21T06:58:23+00:00\" \/>\n<meta name=\"twitter:card\" content=\"summary_large_image\" \/>\n<meta name=\"twitter:label1\" content=\"Est. reading time\" \/>\n\t<meta name=\"twitter:data1\" content=\"3 minute\" \/>\n<script type=\"application\/ld+json\" class=\"yoast-schema-graph\">{\"@context\":\"https:\\\/\\\/schema.org\",\"@graph\":[{\"@type\":\"WebPage\",\"@id\":\"https:\\\/\\\/redfoxlotto.com\\\/sl\\\/loterije\\\/o-loteriji-new-york\\\/\",\"url\":\"https:\\\/\\\/redfoxlotto.com\\\/sl\\\/loterije\\\/o-loteriji-new-york\\\/\",\"name\":\"Kako kupiti spletne sre\u010dke loterije New York iz Zdru\u017eenega kraljestva\",\"isPartOf\":{\"@id\":\"https:\\\/\\\/redfoxlotto.com\\\/sl\\\/#website\"},\"datePublished\":\"2025-02-25T17:25:31+00:00\",\"dateModified\":\"2025-04-21T06:58:23+00:00\",\"description\":\"Kupite sre\u010dke za Loterijo New York tukaj - tudi iz Zdru\u017eenega kraljestva lahko sodelujete v Loteriji New York prek spleta in v nekaj minutah dobite skenirano sre\u010dko.\",\"breadcrumb\":{\"@id\":\"https:\\\/\\\/redfoxlotto.com\\\/sl\\\/loterije\\\/o-loteriji-new-york\\\/#breadcrumb\"},\"inLanguage\":\"sl-SI\",\"potentialAction\":[{\"@type\":\"ReadAction\",\"target\":[\"https:\\\/\\\/redfoxlotto.com\\\/sl\\\/loterije\\\/o-loteriji-new-york\\\/\"]}]},{\"@type\":\"BreadcrumbList\",\"@id\":\"https:\\\/\\\/redfoxlotto.com\\\/sl\\\/loterije\\\/o-loteriji-new-york\\\/#breadcrumb\",\"itemListElement\":[{\"@type\":\"ListItem\",\"position\":1,\"name\":\"Home\",\"item\":\"https:\\\/\\\/redfoxlotto.com\\\/sl\\\/\"},{\"@type\":\"ListItem\",\"position\":2,\"name\":\"Kako vpla\u010dati loterijske listke prek spleta &#8211; postopek nakupa\",\"item\":\"https:\\\/\\\/redfoxlotto.com\\\/sl\\\/loterije\\\/\"},{\"@type\":\"ListItem\",\"position\":3,\"name\":\"O loteriji New York\"}]},{\"@type\":\"WebSite\",\"@id\":\"https:\\\/\\\/redfoxlotto.com\\\/sl\\\/#website\",\"url\":\"https:\\\/\\\/redfoxlotto.com\\\/sl\\\/\",\"name\":\"Get Tickets for the World\u2019s largest jackpots\",\"description\":\"Participate in worldwide lottery jackpots from any country\",\"publisher\":{\"@id\":\"https:\\\/\\\/redfoxlotto.com\\\/sl\\\/#organization\"},\"potentialAction\":[{\"@type\":\"SearchAction\",\"target\":{\"@type\":\"EntryPoint\",\"urlTemplate\":\"https:\\\/\\\/redfoxlotto.com\\\/sl\\\/?s={search_term_string}\"},\"query-input\":{\"@type\":\"PropertyValueSpecification\",\"valueRequired\":true,\"valueName\":\"search_term_string\"}}],\"inLanguage\":\"sl-SI\"},{\"@type\":\"Organization\",\"@id\":\"https:\\\/\\\/redfoxlotto.com\\\/sl\\\/#organization\",\"name\":\"Get Tickets for the World\u2019s largest jackpots\",\"url\":\"https:\\\/\\\/redfoxlotto.com\\\/sl\\\/\",\"logo\":{\"@type\":\"ImageObject\",\"inLanguage\":\"sl-SI\",\"@id\":\"https:\\\/\\\/redfoxlotto.com\\\/sl\\\/#\\\/schema\\\/logo\\\/image\\\/\",\"url\":\"https:\\\/\\\/redfoxlotto.com\\\/wp-content\\\/uploads\\\/2023\\\/04\\\/logo.png\",\"contentUrl\":\"https:\\\/\\\/redfoxlotto.com\\\/wp-content\\\/uploads\\\/2023\\\/04\\\/logo.png\",\"width\":269,\"height\":53,\"caption\":\"Get Tickets for the World\u2019s largest jackpots\"},\"image\":{\"@id\":\"https:\\\/\\\/redfoxlotto.com\\\/sl\\\/#\\\/schema\\\/logo\\\/image\\\/\"}}]}<\/script>\n<!-- \/ Yoast SEO plugin. -->","yoast_head_json":{"title":"Kako kupiti spletne sre\u010dke loterije New York iz Zdru\u017eenega kraljestva","description":"Kupite sre\u010dke za Loterijo New York tukaj - tudi iz Zdru\u017eenega kraljestva lahko sodelujete v Loteriji New York prek spleta in v nekaj minutah dobite skenirano sre\u010dko.","robots":{"index":"index","follow":"follow","max-snippet":"max-snippet:-1","max-image-preview":"max-image-preview:large","max-video-preview":"max-video-preview:-1"},"canonical":"https:\/\/redfoxlotto.com\/sl\/loterije\/o-loteriji-new-york\/","og_locale":"sl_SI","og_type":"article","og_title":"Kako kupiti spletne sre\u010dke loterije New York iz Zdru\u017eenega kraljestva","og_description":"Kupite sre\u010dke za Loterijo New York tukaj - tudi iz Zdru\u017eenega kraljestva lahko sodelujete v Loteriji New York prek spleta in v nekaj minutah dobite skenirano sre\u010dko.","og_url":"https:\/\/redfoxlotto.com\/sl\/loterije\/o-loteriji-new-york\/","og_site_name":"Get Tickets for the World\u2019s largest jackpots","article_modified_time":"2025-04-21T06:58:23+00:00","twitter_card":"summary_large_image","twitter_misc":{"Est. reading time":"3 minute"},"schema":{"@context":"https:\/\/schema.org","@graph":[{"@type":"WebPage","@id":"https:\/\/redfoxlotto.com\/sl\/loterije\/o-loteriji-new-york\/","url":"https:\/\/redfoxlotto.com\/sl\/loterije\/o-loteriji-new-york\/","name":"Kako kupiti spletne sre\u010dke loterije New York iz Zdru\u017eenega kraljestva","isPartOf":{"@id":"https:\/\/redfoxlotto.com\/sl\/#website"},"datePublished":"2025-02-25T17:25:31+00:00","dateModified":"2025-04-21T06:58:23+00:00","description":"Kupite sre\u010dke za Loterijo New York tukaj - tudi iz Zdru\u017eenega kraljestva lahko sodelujete v Loteriji New York prek spleta in v nekaj minutah dobite skenirano sre\u010dko.","breadcrumb":{"@id":"https:\/\/redfoxlotto.com\/sl\/loterije\/o-loteriji-new-york\/#breadcrumb"},"inLanguage":"sl-SI","potentialAction":[{"@type":"ReadAction","target":["https:\/\/redfoxlotto.com\/sl\/loterije\/o-loteriji-new-york\/"]}]},{"@type":"BreadcrumbList","@id":"https:\/\/redfoxlotto.com\/sl\/loterije\/o-loteriji-new-york\/#breadcrumb","itemListElement":[{"@type":"ListItem","position":1,"name":"Home","item":"https:\/\/redfoxlotto.com\/sl\/"},{"@type":"ListItem","position":2,"name":"Kako vpla\u010dati loterijske listke prek spleta &#8211; postopek nakupa","item":"https:\/\/redfoxlotto.com\/sl\/loterije\/"},{"@type":"ListItem","position":3,"name":"O loteriji New York"}]},{"@type":"WebSite","@id":"https:\/\/redfoxlotto.com\/sl\/#website","url":"https:\/\/redfoxlotto.com\/sl\/","name":"Get Tickets for the World\u2019s largest jackpots","description":"Participate in worldwide lottery jackpots from any country","publisher":{"@id":"https:\/\/redfoxlotto.com\/sl\/#organization"},"potentialAction":[{"@type":"SearchAction","target":{"@type":"EntryPoint","urlTemplate":"https:\/\/redfoxlotto.com\/sl\/?s={search_term_string}"},"query-input":{"@type":"PropertyValueSpecification","valueRequired":true,"valueName":"search_term_string"}}],"inLanguage":"sl-SI"},{"@type":"Organization","@id":"https:\/\/redfoxlotto.com\/sl\/#organization","name":"Get Tickets for the World\u2019s largest jackpots","url":"https:\/\/redfoxlotto.com\/sl\/","logo":{"@type":"ImageObject","inLanguage":"sl-SI","@id":"https:\/\/redfoxlotto.com\/sl\/#\/schema\/logo\/image\/","url":"https:\/\/redfoxlotto.com\/wp-content\/uploads\/2023\/04\/logo.png","contentUrl":"https:\/\/redfoxlotto.com\/wp-content\/uploads\/2023\/04\/logo.png","width":269,"height":53,"caption":"Get Tickets for the World\u2019s largest jackpots"},"image":{"@id":"https:\/\/redfoxlotto.com\/sl\/#\/schema\/logo\/image\/"}}]}},"_links":{"self":[{"href":"https:\/\/redfoxlotto.com\/sl\/wp-json\/wp\/v2\/pages\/85509","targetHints":{"allow":["GET"]}}],"collection":[{"href":"https:\/\/redfoxlotto.com\/sl\/wp-json\/wp\/v2\/pages"}],"about":[{"href":"https:\/\/redfoxlotto.com\/sl\/wp-json\/wp\/v2\/types\/page"}],"author":[{"embeddable":true,"href":"https:\/\/redfoxlotto.com\/sl\/wp-json\/wp\/v2\/users\/8"}],"replies":[{"embeddable":true,"href":"https:\/\/redfoxlotto.com\/sl\/wp-json\/wp\/v2\/comments?post=85509"}],"version-history":[{"count":0,"href":"https:\/\/redfoxlotto.com\/sl\/wp-json\/wp\/v2\/pages\/85509\/revisions"}],"up":[{"embeddable":true,"href":"https:\/\/redfoxlotto.com\/sl\/wp-json\/wp\/v2\/pages\/17289"}],"wp:attachment":[{"href":"https:\/\/redfoxlotto.com\/sl\/wp-json\/wp\/v2\/media?parent=85509"}],"curies":[{"name":"wp","href":"https:\/\/api.w.org\/{rel}","templated":true}]}}