{"id":85312,"date":"2025-03-30T12:21:27","date_gmt":"2025-03-30T12:21:27","guid":{"rendered":"https:\/\/redfoxlotto.com\/?page_id=85312"},"modified":"2025-12-10T17:17:07","modified_gmt":"2025-12-10T17:17:07","slug":"kako-igrati-new-york-loterije-v-veliki-britaniji","status":"publish","type":"page","link":"https:\/\/redfoxlotto.com\/sl\/igraj\/kako-igrati-new-york-loterije-v-veliki-britaniji\/","title":{"rendered":"Kako igrati New York loterije v Veliki Britaniji."},"content":{"rendered":"<p><script type=\"application\/ld+json\">\n{\n\"@context\": \"https:\/\/schema.org\",\n\"@type\": \"Service\",\n\"name\": \"Play New York Lottery\",\n\"url\": \"https:\/\/redfoxlotto.com\/sl\/igraj\/kako-igrati-new-york-loterije-v-veliki-britaniji\/\",\n\"description\": \"Kupite uradne sre\u010dke za loterijo New Yorka na spletu prek RedFoxLotto. Izberite svoje \u0161tevilke in se pridru\u017eite naslednjemu \u017erebanju.\",\n\"serviceType\": \"Online lottery ticket purchase\",<\/p>\n<p>\"provider\": {\n\"@type\": \"Organization\",\n\"name\": \"RedFoxLotto\",\n\"url\": \"https:\/\/redfoxlotto.com\",\n\"logo\": \"https:\/\/redfoxlotto.com\/wp-content\/uploads\/logo.png\"\n},<\/p>\n<p>\"areaServed\": \"Worldwide\",\n\"termsOfService\": \"https:\/\/redfoxlotto.com\/terms-and-conditions\",<\/p>\n<p>\"hasOfferCatalog\": {\n\"@type\": \"OfferCatalog\",\n\"name\": \"New York Lottery Offers\",\n\"itemListElement\": [\n{\n\"@type\": \"Offer\",\n\"name\": \"New York Lottery Ticket\",\n\"url\": \"https:\/\/redfoxlotto.com\/sl\/igraj\/kako-igrati-new-york-loterije-v-veliki-britaniji\/\",\n\"description\": \"En vstop v naslednje \u017erebanje newyor\u0161ke loterije.\",\n\"price\": \"1.40\",\n\"priceCurrency\": \"EUR\",\n\"availability\": \"https:\/\/schema.org\/InStock\",<\/p>\n<p>\"itemOffered\": {\n\"@type\": \"Service\",\n\"name\": \"New York Lottery Entry\",\n\"description\": \"Prijavo za naslednje \u017erebanje newyor\u0161ke loterije lahko opravite prek RedFoxLotto.\"\n}\n}\n]\n},<\/p>\n<p>\"mainEntityOfPage\": {\n\"@type\": \"WebPage\",\n\"@id\": \"https:\/\/redfoxlotto.com\/sl\/igraj\/kako-igrati-new-york-loterije-v-veliki-britaniji\/\"\n}\n}\n<\/script><\/p>\n<h2>Kako sodelovati v New York loteriji z RedFoxLotto.com v Veliki Britaniji<\/h2>\n<p><img loading=\"lazy\" decoding=\"async\" class=\" wp-image-48802 alignright\" src=\"https:\/\/redfoxlotto.com\/wp-content\/uploads\/2023\/04\/raffle-tickets-online-495x330-1-300x200.jpg\" alt=\"New York Lottery\" width=\"321\" height=\"214\" srcset=\"https:\/\/redfoxlotto.com\/wp-content\/uploads\/2023\/04\/raffle-tickets-online-495x330-1-300x200.jpg 300w, https:\/\/redfoxlotto.com\/wp-content\/uploads\/2023\/04\/raffle-tickets-online-495x330-1.jpg 495w\" sizes=\"auto, (max-width: 321px) 100vw, 321px\" \/><br \/>\nVzemimo na primer scenarij, v katerem se zbudite v Zdru\u017eenem kraljestvu, si skuhate jutranji \u010daj, nato pa preverite svoj telefon in ugotovite, da ste pravkar zmagali na loteriji New York. Se vam to zdi pretirano? Spremenite mnenje! Igranje ene najbolj vznemirljivih loterij v Zdru\u017eenih dr\u017eavah Amerike iz udobja svojega doma v Zdru\u017eenem kraljestvu je mogo\u010de z RedFoxLotto.com.<\/p>\n<h2>Loterija New York: Zakaj bi morali igrati?<\/h2>\n<p>Loterija New York je znana po ogromnih jackpotih, razburljivih igrah in dobitkih, ki lahko popolnoma spremenijo \u017eivljenje posameznika. Dejstvo, da je vsak teden veliko \u017erebanj, pomeni, da imate ne\u0161teto prilo\u017enosti, da uresni\u010dite svoje sanje. \u010ce igrate na loteriji Mega Millions ali Powerball, lahko osvojite znesek, ki vam bo spremenil \u017eivljenje.<\/p>\n<h2>Navodila za igranje na RedFoxLotto.com v obliki korak za korakom<\/h2>\n<p>1. Pojdite na spletno stran RedFoxLotto.com. Za\u017eenite izbrani spletni brskalnik in pojdite na uradno spletno stran RedFoxLotto.<\/p>\n<p>2. Ustvarite ra\u010dun &#8211; za prijavo boste morali zagotoviti ra\u010dun. Poleg tega, da je hiter in varen, je potreben tudi za igranje.<\/p>\n<p>3. Izberite loterijo New York &#8211; Po pregledu razli\u010dnih loterij, ki so na voljo, izberite loterijo New York ali katero koli drugo ameri\u0161ko nagrado, ki vas je med iskanjem pritegnila.<\/p>\n<p>4. Izberite \u0161tevilke &#8211; Svoje sre\u010dne \u0161tevilke lahko izberete ro\u010dno ali pa uporabite mo\u017enost hitrega izbiranja, s katero jih bo sistem samodejno poiskal namesto vas.<\/p>\n<p>5. Kupite svojo vstopnico &#8211; Pojdite na stran z blagajno in pla\u010dajte svojo vstopnico na varen in zanesljiv na\u010din z eno od \u0161tevilnih razpolo\u017eljivih mo\u017enosti pla\u010dila.<\/p>\n<p>6. Medtem ko \u010dakate na \u017erebanje, se usedite in sprostite. V primeru, da ste zmagovalec, boste o tem obve\u0161\u010deni!<\/p>\n<h2>Prednosti sodelovanja v igrah na RedFoxLotto.com<\/h2>\n<p>Tako vam ni treba potovati v Zdru\u017eene dr\u017eave Amerike, da bi kupili sre\u010dko.<\/p>\n<p>&#8211; Varne in zanesljive transakcije &#8211; Igrajte povsem mirno, saj veste, da so va\u0161 denar in podatki o nakupu za\u0161\u010diteni.<\/p>\n<p>&#8211; Samodejno poslana obvestila &#8211; nikoli ne zamudite dobitka! \u010ce ste sre\u010dni dobitnik glavnega dobitka, boste o tem takoj obve\u0161\u010deni.<\/p>\n<p>Poleg loterije New York Lottery lahko dostopate tudi do svetovnih loterij, kar vam bo zagotovilo \u0161e ve\u010d prilo\u017enosti za osvojitev znatne vsote denarja.<\/p>\n<h2>Opombe za zaklju\u010dek<\/h2>\n<p>Z uporabo RedFoxLotto.com boste imeli dostop do celotnega sveta loterijske zabave. Ni pomembno, kje v Zdru\u017eenem kraljestvu se nahajate; imate prilo\u017enost uresni\u010diti ameri\u0161ke sanje in morda postati naslednji milijonar loterije New York Lottery. Zakaj bi torej \u010dakali? \u017de zdaj obi\u0161\u010dite spletno stran RedFoxLotto.com in si priskrbite sre\u010dko; nikoli ne veste, kdaj se vam bo nasmehnila sre\u010da.<\/p>\n","protected":false},"excerpt":{"rendered":"<p>Kako sodelovati v New York loteriji z RedFoxLotto.com v Veliki Britaniji Vzemimo na primer scenarij, v katerem se zbudite v Zdru\u017eenem kraljestvu, si skuhate jutranji \u010daj, nato pa preverite svoj telefon in ugotovite, da ste pravkar zmagali na loteriji New York. Se vam to zdi pretirano? Spremenite mnenje! Igranje ene najbolj vznemirljivih loterij v Zdru\u017eenih [&hellip;]<\/p>\n","protected":false},"author":8,"featured_media":0,"parent":17307,"menu_order":18,"comment_status":"closed","ping_status":"closed","template":"newyork.php","meta":{"_et_pb_use_builder":"","_et_pb_old_content":"","_et_gb_content_width":"","exclude_from_search":false,"footnotes":""},"class_list":["post-85312","page","type-page","status-publish","hentry"],"yoast_head":"<!-- This site is optimized with the Yoast SEO plugin v27.4 - https:\/\/yoast.com\/product\/yoast-seo-wordpress\/ -->\n<title>Kako sodelovati v loteriji New York v Zdru\u017eenem kraljestvu<\/title>\n<meta name=\"description\" content=\"Odkrijte, kako sodelovati na loteriji New York iz Zdru\u017eenega kraljestva na RedFoxLotto.com, in pridobite nasvete za pove\u010danje svojih mo\u017enosti za zmago.\" \/>\n<meta name=\"robots\" content=\"index, follow, max-snippet:-1, max-image-preview:large, max-video-preview:-1\" \/>\n<link rel=\"canonical\" href=\"https:\/\/redfoxlotto.com\/sl\/igraj\/kako-igrati-new-york-loterije-v-veliki-britaniji\/\" \/>\n<meta property=\"og:locale\" content=\"sl_SI\" \/>\n<meta property=\"og:type\" content=\"article\" \/>\n<meta property=\"og:title\" content=\"Kako sodelovati v loteriji New York v Zdru\u017eenem kraljestvu\" \/>\n<meta property=\"og:description\" content=\"Odkrijte, kako sodelovati na loteriji New York iz Zdru\u017eenega kraljestva na RedFoxLotto.com, in pridobite nasvete za pove\u010danje svojih mo\u017enosti za zmago.\" \/>\n<meta property=\"og:url\" content=\"https:\/\/redfoxlotto.com\/sl\/igraj\/kako-igrati-new-york-loterije-v-veliki-britaniji\/\" \/>\n<meta property=\"og:site_name\" content=\"Get Tickets for the World\u2019s largest jackpots\" \/>\n<meta property=\"article:modified_time\" content=\"2025-12-10T17:17:07+00:00\" \/>\n<meta property=\"og:image\" content=\"https:\/\/redfoxlotto.com\/wp-content\/uploads\/2023\/04\/raffle-tickets-online-495x330-1-300x200.jpg\" \/>\n<meta name=\"twitter:card\" content=\"summary_large_image\" \/>\n<meta name=\"twitter:label1\" content=\"Est. reading time\" \/>\n\t<meta name=\"twitter:data1\" content=\"2 minuti\" \/>\n<script type=\"application\/ld+json\" class=\"yoast-schema-graph\">{\"@context\":\"https:\\\/\\\/schema.org\",\"@graph\":[{\"@type\":\"WebPage\",\"@id\":\"https:\\\/\\\/redfoxlotto.com\\\/sl\\\/igraj\\\/kako-igrati-new-york-loterije-v-veliki-britaniji\\\/\",\"url\":\"https:\\\/\\\/redfoxlotto.com\\\/sl\\\/igraj\\\/kako-igrati-new-york-loterije-v-veliki-britaniji\\\/\",\"name\":\"Kako sodelovati v loteriji New York v Zdru\u017eenem kraljestvu\",\"isPartOf\":{\"@id\":\"https:\\\/\\\/redfoxlotto.com\\\/sl\\\/#website\"},\"primaryImageOfPage\":{\"@id\":\"https:\\\/\\\/redfoxlotto.com\\\/sl\\\/igraj\\\/kako-igrati-new-york-loterije-v-veliki-britaniji\\\/#primaryimage\"},\"image\":{\"@id\":\"https:\\\/\\\/redfoxlotto.com\\\/sl\\\/igraj\\\/kako-igrati-new-york-loterije-v-veliki-britaniji\\\/#primaryimage\"},\"thumbnailUrl\":\"https:\\\/\\\/redfoxlotto.com\\\/wp-content\\\/uploads\\\/2023\\\/04\\\/raffle-tickets-online-495x330-1-300x200.jpg\",\"datePublished\":\"2025-03-30T12:21:27+00:00\",\"dateModified\":\"2025-12-10T17:17:07+00:00\",\"description\":\"Odkrijte, kako sodelovati na loteriji New York iz Zdru\u017eenega kraljestva na RedFoxLotto.com, in pridobite nasvete za pove\u010danje svojih mo\u017enosti za zmago.\",\"breadcrumb\":{\"@id\":\"https:\\\/\\\/redfoxlotto.com\\\/sl\\\/igraj\\\/kako-igrati-new-york-loterije-v-veliki-britaniji\\\/#breadcrumb\"},\"inLanguage\":\"sl-SI\",\"potentialAction\":[{\"@type\":\"ReadAction\",\"target\":[\"https:\\\/\\\/redfoxlotto.com\\\/sl\\\/igraj\\\/kako-igrati-new-york-loterije-v-veliki-britaniji\\\/\"]}]},{\"@type\":\"ImageObject\",\"inLanguage\":\"sl-SI\",\"@id\":\"https:\\\/\\\/redfoxlotto.com\\\/sl\\\/igraj\\\/kako-igrati-new-york-loterije-v-veliki-britaniji\\\/#primaryimage\",\"url\":\"https:\\\/\\\/redfoxlotto.com\\\/wp-content\\\/uploads\\\/2023\\\/04\\\/raffle-tickets-online-495x330-1-300x200.jpg\",\"contentUrl\":\"https:\\\/\\\/redfoxlotto.com\\\/wp-content\\\/uploads\\\/2023\\\/04\\\/raffle-tickets-online-495x330-1-300x200.jpg\"},{\"@type\":\"BreadcrumbList\",\"@id\":\"https:\\\/\\\/redfoxlotto.com\\\/sl\\\/igraj\\\/kako-igrati-new-york-loterije-v-veliki-britaniji\\\/#breadcrumb\",\"itemListElement\":[{\"@type\":\"ListItem\",\"position\":1,\"name\":\"Home\",\"item\":\"https:\\\/\\\/redfoxlotto.com\\\/sl\\\/\"},{\"@type\":\"ListItem\",\"position\":2,\"name\":\"Kako igrati loterijo v drugih dr\u017eavah\",\"item\":\"https:\\\/\\\/redfoxlotto.com\\\/sl\\\/igraj\\\/\"},{\"@type\":\"ListItem\",\"position\":3,\"name\":\"Kako igrati New York loterije v Veliki Britaniji.\"}]},{\"@type\":\"WebSite\",\"@id\":\"https:\\\/\\\/redfoxlotto.com\\\/sl\\\/#website\",\"url\":\"https:\\\/\\\/redfoxlotto.com\\\/sl\\\/\",\"name\":\"Get Tickets for the World\u2019s largest jackpots\",\"description\":\"Participate in worldwide lottery jackpots from any country\",\"publisher\":{\"@id\":\"https:\\\/\\\/redfoxlotto.com\\\/sl\\\/#organization\"},\"potentialAction\":[{\"@type\":\"SearchAction\",\"target\":{\"@type\":\"EntryPoint\",\"urlTemplate\":\"https:\\\/\\\/redfoxlotto.com\\\/sl\\\/?s={search_term_string}\"},\"query-input\":{\"@type\":\"PropertyValueSpecification\",\"valueRequired\":true,\"valueName\":\"search_term_string\"}}],\"inLanguage\":\"sl-SI\"},{\"@type\":\"Organization\",\"@id\":\"https:\\\/\\\/redfoxlotto.com\\\/sl\\\/#organization\",\"name\":\"Get Tickets for the World\u2019s largest jackpots\",\"url\":\"https:\\\/\\\/redfoxlotto.com\\\/sl\\\/\",\"logo\":{\"@type\":\"ImageObject\",\"inLanguage\":\"sl-SI\",\"@id\":\"https:\\\/\\\/redfoxlotto.com\\\/sl\\\/#\\\/schema\\\/logo\\\/image\\\/\",\"url\":\"https:\\\/\\\/redfoxlotto.com\\\/wp-content\\\/uploads\\\/2023\\\/04\\\/logo.png\",\"contentUrl\":\"https:\\\/\\\/redfoxlotto.com\\\/wp-content\\\/uploads\\\/2023\\\/04\\\/logo.png\",\"width\":269,\"height\":53,\"caption\":\"Get Tickets for the World\u2019s largest jackpots\"},\"image\":{\"@id\":\"https:\\\/\\\/redfoxlotto.com\\\/sl\\\/#\\\/schema\\\/logo\\\/image\\\/\"}}]}<\/script>\n<!-- \/ Yoast SEO plugin. -->","yoast_head_json":{"title":"Kako sodelovati v loteriji New York v Zdru\u017eenem kraljestvu","description":"Odkrijte, kako sodelovati na loteriji New York iz Zdru\u017eenega kraljestva na RedFoxLotto.com, in pridobite nasvete za pove\u010danje svojih mo\u017enosti za zmago.","robots":{"index":"index","follow":"follow","max-snippet":"max-snippet:-1","max-image-preview":"max-image-preview:large","max-video-preview":"max-video-preview:-1"},"canonical":"https:\/\/redfoxlotto.com\/sl\/igraj\/kako-igrati-new-york-loterije-v-veliki-britaniji\/","og_locale":"sl_SI","og_type":"article","og_title":"Kako sodelovati v loteriji New York v Zdru\u017eenem kraljestvu","og_description":"Odkrijte, kako sodelovati na loteriji New York iz Zdru\u017eenega kraljestva na RedFoxLotto.com, in pridobite nasvete za pove\u010danje svojih mo\u017enosti za zmago.","og_url":"https:\/\/redfoxlotto.com\/sl\/igraj\/kako-igrati-new-york-loterije-v-veliki-britaniji\/","og_site_name":"Get Tickets for the World\u2019s largest jackpots","article_modified_time":"2025-12-10T17:17:07+00:00","og_image":[{"url":"https:\/\/redfoxlotto.com\/wp-content\/uploads\/2023\/04\/raffle-tickets-online-495x330-1-300x200.jpg","type":"","width":"","height":""}],"twitter_card":"summary_large_image","twitter_misc":{"Est. reading time":"2 minuti"},"schema":{"@context":"https:\/\/schema.org","@graph":[{"@type":"WebPage","@id":"https:\/\/redfoxlotto.com\/sl\/igraj\/kako-igrati-new-york-loterije-v-veliki-britaniji\/","url":"https:\/\/redfoxlotto.com\/sl\/igraj\/kako-igrati-new-york-loterije-v-veliki-britaniji\/","name":"Kako sodelovati v loteriji New York v Zdru\u017eenem kraljestvu","isPartOf":{"@id":"https:\/\/redfoxlotto.com\/sl\/#website"},"primaryImageOfPage":{"@id":"https:\/\/redfoxlotto.com\/sl\/igraj\/kako-igrati-new-york-loterije-v-veliki-britaniji\/#primaryimage"},"image":{"@id":"https:\/\/redfoxlotto.com\/sl\/igraj\/kako-igrati-new-york-loterije-v-veliki-britaniji\/#primaryimage"},"thumbnailUrl":"https:\/\/redfoxlotto.com\/wp-content\/uploads\/2023\/04\/raffle-tickets-online-495x330-1-300x200.jpg","datePublished":"2025-03-30T12:21:27+00:00","dateModified":"2025-12-10T17:17:07+00:00","description":"Odkrijte, kako sodelovati na loteriji New York iz Zdru\u017eenega kraljestva na RedFoxLotto.com, in pridobite nasvete za pove\u010danje svojih mo\u017enosti za zmago.","breadcrumb":{"@id":"https:\/\/redfoxlotto.com\/sl\/igraj\/kako-igrati-new-york-loterije-v-veliki-britaniji\/#breadcrumb"},"inLanguage":"sl-SI","potentialAction":[{"@type":"ReadAction","target":["https:\/\/redfoxlotto.com\/sl\/igraj\/kako-igrati-new-york-loterije-v-veliki-britaniji\/"]}]},{"@type":"ImageObject","inLanguage":"sl-SI","@id":"https:\/\/redfoxlotto.com\/sl\/igraj\/kako-igrati-new-york-loterije-v-veliki-britaniji\/#primaryimage","url":"https:\/\/redfoxlotto.com\/wp-content\/uploads\/2023\/04\/raffle-tickets-online-495x330-1-300x200.jpg","contentUrl":"https:\/\/redfoxlotto.com\/wp-content\/uploads\/2023\/04\/raffle-tickets-online-495x330-1-300x200.jpg"},{"@type":"BreadcrumbList","@id":"https:\/\/redfoxlotto.com\/sl\/igraj\/kako-igrati-new-york-loterije-v-veliki-britaniji\/#breadcrumb","itemListElement":[{"@type":"ListItem","position":1,"name":"Home","item":"https:\/\/redfoxlotto.com\/sl\/"},{"@type":"ListItem","position":2,"name":"Kako igrati loterijo v drugih dr\u017eavah","item":"https:\/\/redfoxlotto.com\/sl\/igraj\/"},{"@type":"ListItem","position":3,"name":"Kako igrati New York loterije v Veliki Britaniji."}]},{"@type":"WebSite","@id":"https:\/\/redfoxlotto.com\/sl\/#website","url":"https:\/\/redfoxlotto.com\/sl\/","name":"Get Tickets for the World\u2019s largest jackpots","description":"Participate in worldwide lottery jackpots from any country","publisher":{"@id":"https:\/\/redfoxlotto.com\/sl\/#organization"},"potentialAction":[{"@type":"SearchAction","target":{"@type":"EntryPoint","urlTemplate":"https:\/\/redfoxlotto.com\/sl\/?s={search_term_string}"},"query-input":{"@type":"PropertyValueSpecification","valueRequired":true,"valueName":"search_term_string"}}],"inLanguage":"sl-SI"},{"@type":"Organization","@id":"https:\/\/redfoxlotto.com\/sl\/#organization","name":"Get Tickets for the World\u2019s largest jackpots","url":"https:\/\/redfoxlotto.com\/sl\/","logo":{"@type":"ImageObject","inLanguage":"sl-SI","@id":"https:\/\/redfoxlotto.com\/sl\/#\/schema\/logo\/image\/","url":"https:\/\/redfoxlotto.com\/wp-content\/uploads\/2023\/04\/logo.png","contentUrl":"https:\/\/redfoxlotto.com\/wp-content\/uploads\/2023\/04\/logo.png","width":269,"height":53,"caption":"Get Tickets for the World\u2019s largest jackpots"},"image":{"@id":"https:\/\/redfoxlotto.com\/sl\/#\/schema\/logo\/image\/"}}]}},"_links":{"self":[{"href":"https:\/\/redfoxlotto.com\/sl\/wp-json\/wp\/v2\/pages\/85312","targetHints":{"allow":["GET"]}}],"collection":[{"href":"https:\/\/redfoxlotto.com\/sl\/wp-json\/wp\/v2\/pages"}],"about":[{"href":"https:\/\/redfoxlotto.com\/sl\/wp-json\/wp\/v2\/types\/page"}],"author":[{"embeddable":true,"href":"https:\/\/redfoxlotto.com\/sl\/wp-json\/wp\/v2\/users\/8"}],"replies":[{"embeddable":true,"href":"https:\/\/redfoxlotto.com\/sl\/wp-json\/wp\/v2\/comments?post=85312"}],"version-history":[{"count":0,"href":"https:\/\/redfoxlotto.com\/sl\/wp-json\/wp\/v2\/pages\/85312\/revisions"}],"up":[{"embeddable":true,"href":"https:\/\/redfoxlotto.com\/sl\/wp-json\/wp\/v2\/pages\/17307"}],"wp:attachment":[{"href":"https:\/\/redfoxlotto.com\/sl\/wp-json\/wp\/v2\/media?parent=85312"}],"curies":[{"name":"wp","href":"https:\/\/api.w.org\/{rel}","templated":true}]}}